{"id":15676,"date":"2025-07-22T11:41:29","date_gmt":"2025-07-22T09:41:29","guid":{"rendered":"https:\/\/bhagwan-incense.com\/news-reviews\/"},"modified":"2025-07-22T14:04:44","modified_gmt":"2025-07-22T12:04:44","slug":"actualites-et-avis","status":"publish","type":"page","link":"https:\/\/bhagwan-incense.com\/fr\/actualites-et-avis\/","title":{"rendered":"Actualit\u00e9s et Avis"},"content":{"rendered":"  <div id=\"page-header-1146482686\" class=\"page-header-wrapper\">\n  <div class=\"page-title dark featured-title\">\n\n        <div class=\"page-title-bg\">\n      <div class=\"title-bg fill bg-fill\"\n        data-parallax-container=\".page-title\"\n        data-parallax-background\n        data-parallax=\"-\">\n      <\/div>\n      <div class=\"title-overlay fill\"><\/div>\n    <\/div>\n    \n    <div class=\"page-title-inner container align-center text-center flex-row-col medium-flex-wrap\" >\n              <div class=\"title-wrapper is-small flex-col\">\n          <h1 class=\"entry-title mb-0\">\n            Actualit\u00e9s et Avis          <\/h1>\n        <\/div>\n                <div class=\"page-title-sub op-7 flex-col\">\n          <p class=\"lead\">Derni\u00e8res mises \u00e0 jour, avis d'experts et vid\u00e9os.<\/p>\n        <\/div>\n                    <div class=\"title-content flex-col\">\n        <div class=\"title-breadcrumbs pb-half pt-half\"><nav class=\"woocommerce-breadcrumb breadcrumbs \">Accueil<\/nav><\/div>      <\/div>\n    <\/div>\n\n     \n<style>\n#page-header-1146482686 .title-bg {\n  background-image: url(https:\/\/bhagwan-incense.com\/wp-content\/uploads\/2025\/07\/Site-23-scaled.webp?wsr);\n}\n<\/style>\n  <\/div>\n    <\/div>\n  \n\t<section class=\"section\" id=\"section_1565587297\">\n\t\t<div class=\"bg section-bg fill bg-fill  bg-loaded\" >\n\n\t\t\t\n\t\t\t<button class=\"scroll-for-more z-5 icon absolute bottom h-center\" aria-label=\"Scroll for more\"><i class=\"icon-angle-down\" style=\"font-size:42px;\" ><\/i><\/button>\n\t\t\t\n\n\t\t<\/div>\n\n\t\t\n\n\t\t<div class=\"section-content relative\">\n\t\t\t\n\t\t<\/div>\n\n\t\t\n<style>\n#section_1565587297 {\n  padding-top: 80px;\n  padding-bottom: 80px;\n}\n<\/style>\n\t<\/section>\n\t\n<p><span style=\"color: #99cc00;\"><strong>10 juillet 2025 &#8211; Allemagne <\/strong><\/span><\/p>\n<p>Irene de Rauchfahne a publi\u00e9 une critique du m\u00e9lange de patchouli phare de Bhagwan Incense, <b>Patchouli Queen<\/b> \u2014 tr\u00e8s appr\u00e9ci\u00e9 par ORS. Vous pouvez lire sa critique compl\u00e8te ici : \ud83d\udc49 <a class=\"ng-star-inserted\" href=\"https:\/\/blog.rauchfahne.de\/en\/2025\/07\/10\/bhagwan-patchouli-queen-en\/\" target=\"_blank\" rel=\"noopener\">https:\/\/blog.rauchfahne.de\/en\/2025\/07\/10\/bhagwan-patchouli-queen-en\/<\/a><\/p>\n<p><strong><span style=\"color: #99cc00;\">8 juillet 2025 &#8211; <\/span><span style=\"color: #99cc00;\">Allemagne <\/span><\/strong><\/p>\n<p>Irene de Rauchfahne a publi\u00e9 une critique du parfum phare de Bhagwan Incense, <b>Balsamic Amber<\/b> \u2014 d\u00e9sormais pr\u00e9sent\u00e9 au Panth\u00e9on d&#8217;ORS. Vous pouvez lire sa critique compl\u00e8te ici : \ud83d\udc49 <a class=\"ng-star-inserted\" href=\"https:\/\/blog.rauchfahne.de\/en\/2025\/07\/08\/bhagwan-balsamic-amber-en\/\" target=\"_blank\" rel=\"noopener\">https:\/\/blog.rauchfahne.de\/en\/2025\/07\/08\/bhagwan-balsamic-amber-en\/<\/a><\/p>\n<p><span style=\"color: #99cc00;\"><strong>26 juin 2025 &#8211; Californie, USA <\/strong><\/span><\/p>\n<p>Mike de l&#8217;Olfactory Rescue Service a publi\u00e9 une nouvelle critique des produits Bhagwan Incense : <b>Bergamot, Grapefruit, Guava, Mango et Vanilla Joy<\/b>. Vous pouvez lire sa critique compl\u00e8te ici : \ud83d\udc49 <a class=\"ng-star-inserted\" href=\"https:\/\/olfactoryrescueservice.wordpress.com\/2025\/06\/26\/bhagwan-incense-bergamot-grapefruit-guava-mango-vanilla-joy\/\" target=\"_blank\" rel=\"noopener\">https:\/\/olfactoryrescueservice.wordpress.com\/2025\/06\/26\/bhagwan-incense-bergamot-grapefruit-guava-mango-vanilla-joy\/<\/a><\/p>\n","protected":false},"excerpt":{"rendered":"<p>10 juillet 2025 &#8211; Allemagne Irene de Rauchfahne a publi\u00e9 une critique du m\u00e9lange de patchouli phare de Bhagwan Incense, Patchouli Queen \u2014 tr\u00e8s appr\u00e9ci\u00e9 par ORS. Vous pouvez lire sa critique compl\u00e8te ici : \ud83d\udc49 https:\/\/blog.rauchfahne.de\/en\/2025\/07\/10\/bhagwan-patchouli-queen-en\/ 8 juillet 2025 &#8211; Allemagne Irene de Rauchfahne a publi\u00e9 une critique du parfum phare de Bhagwan Incense,<\/p>\n","protected":false},"author":78,"featured_media":15671,"parent":0,"menu_order":0,"comment_status":"closed","ping_status":"closed","template":"page-blank.php","meta":{"footnotes":""},"class_list":["post-15676","page","type-page","status-publish","has-post-thumbnail","hentry"],"yoast_head":"<!-- This site is optimized with the Yoast SEO plugin v27.4 - https:\/\/yoast.com\/product\/yoast-seo-wordpress\/ -->\n<title>Actualit\u00e9s et Avis &#8212; Bhagwan Incense | EU and Worldwide Shop<\/title>\n<meta name=\"description\" content=\"&quot;Welcome to Bhagwan Incense online store, your one-stop shop for the finest connoisseur-quality incense from India. Treat yourself to the best incense in the world, brought to you by a team of experienced experts. Use our incense for yoga, meditation, space cleansing, massage and spa, concentration, and relaxation, to make your home smell great. Our carefully curated collection features a diverse range of handcrafted incense sticks, cones, and resins, sourced from the heart of India.&quot;\" \/>\n<meta name=\"robots\" content=\"index, follow, max-snippet:-1, max-image-preview:large, max-video-preview:-1\" \/>\n<link rel=\"canonical\" href=\"https:\/\/bhagwan-incense.com\/fr\/actualites-et-avis\/\" \/>\n<meta property=\"og:locale\" content=\"fr_FR\" \/>\n<meta property=\"og:type\" content=\"article\" \/>\n<meta property=\"og:title\" content=\"Actualit\u00e9s et Avis &#8212; Bhagwan Incense | EU and Worldwide Shop\" \/>\n<meta property=\"og:description\" content=\"&quot;Welcome to Bhagwan Incense online store, your one-stop shop for the finest connoisseur-quality incense from India. Treat yourself to the best incense in the world, brought to you by a team of experienced experts. Use our incense for yoga, meditation, space cleansing, massage and spa, concentration, and relaxation, to make your home smell great. Our carefully curated collection features a diverse range of handcrafted incense sticks, cones, and resins, sourced from the heart of India.&quot;\" \/>\n<meta property=\"og:url\" content=\"https:\/\/bhagwan-incense.com\/fr\/actualites-et-avis\/\" \/>\n<meta property=\"og:site_name\" content=\"Bhagwan Incense | EU and Worldwide Shop\" \/>\n<meta property=\"article:publisher\" content=\"https:\/\/www.facebook.com\/profile.php?id=100093081477613&amp;mibextid=ZbWKwLp\" \/>\n<meta property=\"article:modified_time\" content=\"2025-07-22T12:04:44+00:00\" \/>\n<meta property=\"og:image\" content=\"https:\/\/bhagwan-incense.com\/wp-content\/uploads\/2025\/07\/photo-1456324463128-7ff6903988d8-1000x667-1.jpeg\" \/>\n\t<meta property=\"og:image:width\" content=\"1000\" \/>\n\t<meta property=\"og:image:height\" content=\"667\" \/>\n\t<meta property=\"og:image:type\" content=\"image\/jpeg\" \/>\n<meta name=\"twitter:card\" content=\"summary_large_image\" \/>\n<meta name=\"twitter:label1\" content=\"Dur\u00e9e de lecture estim\u00e9e\" \/>\n\t<meta name=\"twitter:data1\" content=\"1 minute\" \/>\n<script type=\"application\/ld+json\" class=\"yoast-schema-graph\">{\"@context\":\"https:\\\/\\\/schema.org\",\"@graph\":[{\"@type\":\"WebPage\",\"@id\":\"https:\\\/\\\/bhagwan-incense.com\\\/fr\\\/actualites-et-avis\\\/\",\"url\":\"https:\\\/\\\/bhagwan-incense.com\\\/fr\\\/actualites-et-avis\\\/\",\"name\":\"Actualit\u00e9s et Avis &#8212; Bhagwan Incense | EU and Worldwide Shop\",\"isPartOf\":{\"@id\":\"https:\\\/\\\/bhagwan-incense.com\\\/fr\\\/#website\"},\"primaryImageOfPage\":{\"@id\":\"https:\\\/\\\/bhagwan-incense.com\\\/fr\\\/actualites-et-avis\\\/#primaryimage\"},\"image\":{\"@id\":\"https:\\\/\\\/bhagwan-incense.com\\\/fr\\\/actualites-et-avis\\\/#primaryimage\"},\"thumbnailUrl\":\"https:\\\/\\\/bhagwan-incense.com\\\/wp-content\\\/uploads\\\/2025\\\/07\\\/photo-1456324463128-7ff6903988d8-1000x667-1.jpeg?wsr\",\"datePublished\":\"2025-07-22T09:41:29+00:00\",\"dateModified\":\"2025-07-22T12:04:44+00:00\",\"description\":\"\\\"Welcome to Bhagwan Incense online store, your one-stop shop for the finest connoisseur-quality incense from India. Treat yourself to the best incense in the world, brought to you by a team of experienced experts. Use our incense for yoga, meditation, space cleansing, massage and spa, concentration, and relaxation, to make your home smell great. Our carefully curated collection features a diverse range of handcrafted incense sticks, cones, and resins, sourced from the heart of India.\\\"\",\"breadcrumb\":{\"@id\":\"https:\\\/\\\/bhagwan-incense.com\\\/fr\\\/actualites-et-avis\\\/#breadcrumb\"},\"inLanguage\":\"fr-FR\",\"potentialAction\":[{\"@type\":\"ReadAction\",\"target\":[\"https:\\\/\\\/bhagwan-incense.com\\\/fr\\\/actualites-et-avis\\\/\"]}]},{\"@type\":\"ImageObject\",\"inLanguage\":\"fr-FR\",\"@id\":\"https:\\\/\\\/bhagwan-incense.com\\\/fr\\\/actualites-et-avis\\\/#primaryimage\",\"url\":\"https:\\\/\\\/bhagwan-incense.com\\\/wp-content\\\/uploads\\\/2025\\\/07\\\/photo-1456324463128-7ff6903988d8-1000x667-1.jpeg?wsr\",\"contentUrl\":\"https:\\\/\\\/bhagwan-incense.com\\\/wp-content\\\/uploads\\\/2025\\\/07\\\/photo-1456324463128-7ff6903988d8-1000x667-1.jpeg?wsr\",\"width\":1000,\"height\":667},{\"@type\":\"BreadcrumbList\",\"@id\":\"https:\\\/\\\/bhagwan-incense.com\\\/fr\\\/actualites-et-avis\\\/#breadcrumb\",\"itemListElement\":[{\"@type\":\"ListItem\",\"position\":1,\"name\":\"Home\",\"item\":\"https:\\\/\\\/bhagwan-incense.com\\\/fr\\\/\"},{\"@type\":\"ListItem\",\"position\":2,\"name\":\"Actualit\u00e9s et Avis\"}]},{\"@type\":\"WebSite\",\"@id\":\"https:\\\/\\\/bhagwan-incense.com\\\/fr\\\/#website\",\"url\":\"https:\\\/\\\/bhagwan-incense.com\\\/fr\\\/\",\"name\":\"Bhagwan Incense | EU and Worldwide Incense Shop\",\"description\":\"Pure and Natural Incense from India\",\"publisher\":{\"@id\":\"https:\\\/\\\/bhagwan-incense.com\\\/fr\\\/#organization\"},\"potentialAction\":[{\"@type\":\"SearchAction\",\"target\":{\"@type\":\"EntryPoint\",\"urlTemplate\":\"https:\\\/\\\/bhagwan-incense.com\\\/fr\\\/?s={search_term_string}\"},\"query-input\":{\"@type\":\"PropertyValueSpecification\",\"valueRequired\":true,\"valueName\":\"search_term_string\"}}],\"inLanguage\":\"fr-FR\"},{\"@type\":\"Organization\",\"@id\":\"https:\\\/\\\/bhagwan-incense.com\\\/fr\\\/#organization\",\"name\":\"Bhagwan incense\",\"url\":\"https:\\\/\\\/bhagwan-incense.com\\\/fr\\\/\",\"logo\":{\"@type\":\"ImageObject\",\"inLanguage\":\"fr-FR\",\"@id\":\"https:\\\/\\\/bhagwan-incense.com\\\/fr\\\/#\\\/schema\\\/logo\\\/image\\\/\",\"url\":\"https:\\\/\\\/bhagwan-incense.com\\\/wp-content\\\/uploads\\\/2023\\\/06\\\/Logo-black.png\",\"contentUrl\":\"https:\\\/\\\/bhagwan-incense.com\\\/wp-content\\\/uploads\\\/2023\\\/06\\\/Logo-black.png\",\"width\":150,\"height\":150,\"caption\":\"Bhagwan incense\"},\"image\":{\"@id\":\"https:\\\/\\\/bhagwan-incense.com\\\/fr\\\/#\\\/schema\\\/logo\\\/image\\\/\"},\"sameAs\":[\"https:\\\/\\\/www.facebook.com\\\/profile.php?id=100093081477613&mibextid=ZbWKwLp\",\"https:\\\/\\\/www.instagram.com\\\/bhagwan_incense\\\/\"]}]}<\/script>\n<!-- \/ Yoast SEO plugin. -->","yoast_head_json":{"title":"Actualit\u00e9s et Avis &#8212; Bhagwan Incense | EU and Worldwide Shop","description":"\"Welcome to Bhagwan Incense online store, your one-stop shop for the finest connoisseur-quality incense from India. Treat yourself to the best incense in the world, brought to you by a team of experienced experts. Use our incense for yoga, meditation, space cleansing, massage and spa, concentration, and relaxation, to make your home smell great. Our carefully curated collection features a diverse range of handcrafted incense sticks, cones, and resins, sourced from the heart of India.\"","robots":{"index":"index","follow":"follow","max-snippet":"max-snippet:-1","max-image-preview":"max-image-preview:large","max-video-preview":"max-video-preview:-1"},"canonical":"https:\/\/bhagwan-incense.com\/fr\/actualites-et-avis\/","og_locale":"fr_FR","og_type":"article","og_title":"Actualit\u00e9s et Avis &#8212; Bhagwan Incense | EU and Worldwide Shop","og_description":"\"Welcome to Bhagwan Incense online store, your one-stop shop for the finest connoisseur-quality incense from India. Treat yourself to the best incense in the world, brought to you by a team of experienced experts. Use our incense for yoga, meditation, space cleansing, massage and spa, concentration, and relaxation, to make your home smell great. Our carefully curated collection features a diverse range of handcrafted incense sticks, cones, and resins, sourced from the heart of India.\"","og_url":"https:\/\/bhagwan-incense.com\/fr\/actualites-et-avis\/","og_site_name":"Bhagwan Incense | EU and Worldwide Shop","article_publisher":"https:\/\/www.facebook.com\/profile.php?id=100093081477613&mibextid=ZbWKwLp","article_modified_time":"2025-07-22T12:04:44+00:00","og_image":[{"width":1000,"height":667,"url":"https:\/\/bhagwan-incense.com\/wp-content\/uploads\/2025\/07\/photo-1456324463128-7ff6903988d8-1000x667-1.jpeg","type":"image\/jpeg"}],"twitter_card":"summary_large_image","twitter_misc":{"Dur\u00e9e de lecture estim\u00e9e":"1 minute"},"schema":{"@context":"https:\/\/schema.org","@graph":[{"@type":"WebPage","@id":"https:\/\/bhagwan-incense.com\/fr\/actualites-et-avis\/","url":"https:\/\/bhagwan-incense.com\/fr\/actualites-et-avis\/","name":"Actualit\u00e9s et Avis &#8212; Bhagwan Incense | EU and Worldwide Shop","isPartOf":{"@id":"https:\/\/bhagwan-incense.com\/fr\/#website"},"primaryImageOfPage":{"@id":"https:\/\/bhagwan-incense.com\/fr\/actualites-et-avis\/#primaryimage"},"image":{"@id":"https:\/\/bhagwan-incense.com\/fr\/actualites-et-avis\/#primaryimage"},"thumbnailUrl":"https:\/\/bhagwan-incense.com\/wp-content\/uploads\/2025\/07\/photo-1456324463128-7ff6903988d8-1000x667-1.jpeg?wsr","datePublished":"2025-07-22T09:41:29+00:00","dateModified":"2025-07-22T12:04:44+00:00","description":"\"Welcome to Bhagwan Incense online store, your one-stop shop for the finest connoisseur-quality incense from India. Treat yourself to the best incense in the world, brought to you by a team of experienced experts. Use our incense for yoga, meditation, space cleansing, massage and spa, concentration, and relaxation, to make your home smell great. Our carefully curated collection features a diverse range of handcrafted incense sticks, cones, and resins, sourced from the heart of India.\"","breadcrumb":{"@id":"https:\/\/bhagwan-incense.com\/fr\/actualites-et-avis\/#breadcrumb"},"inLanguage":"fr-FR","potentialAction":[{"@type":"ReadAction","target":["https:\/\/bhagwan-incense.com\/fr\/actualites-et-avis\/"]}]},{"@type":"ImageObject","inLanguage":"fr-FR","@id":"https:\/\/bhagwan-incense.com\/fr\/actualites-et-avis\/#primaryimage","url":"https:\/\/bhagwan-incense.com\/wp-content\/uploads\/2025\/07\/photo-1456324463128-7ff6903988d8-1000x667-1.jpeg?wsr","contentUrl":"https:\/\/bhagwan-incense.com\/wp-content\/uploads\/2025\/07\/photo-1456324463128-7ff6903988d8-1000x667-1.jpeg?wsr","width":1000,"height":667},{"@type":"BreadcrumbList","@id":"https:\/\/bhagwan-incense.com\/fr\/actualites-et-avis\/#breadcrumb","itemListElement":[{"@type":"ListItem","position":1,"name":"Home","item":"https:\/\/bhagwan-incense.com\/fr\/"},{"@type":"ListItem","position":2,"name":"Actualit\u00e9s et Avis"}]},{"@type":"WebSite","@id":"https:\/\/bhagwan-incense.com\/fr\/#website","url":"https:\/\/bhagwan-incense.com\/fr\/","name":"Bhagwan Incense | EU and Worldwide Incense Shop","description":"Pure and Natural Incense from India","publisher":{"@id":"https:\/\/bhagwan-incense.com\/fr\/#organization"},"potentialAction":[{"@type":"SearchAction","target":{"@type":"EntryPoint","urlTemplate":"https:\/\/bhagwan-incense.com\/fr\/?s={search_term_string}"},"query-input":{"@type":"PropertyValueSpecification","valueRequired":true,"valueName":"search_term_string"}}],"inLanguage":"fr-FR"},{"@type":"Organization","@id":"https:\/\/bhagwan-incense.com\/fr\/#organization","name":"Bhagwan incense","url":"https:\/\/bhagwan-incense.com\/fr\/","logo":{"@type":"ImageObject","inLanguage":"fr-FR","@id":"https:\/\/bhagwan-incense.com\/fr\/#\/schema\/logo\/image\/","url":"https:\/\/bhagwan-incense.com\/wp-content\/uploads\/2023\/06\/Logo-black.png","contentUrl":"https:\/\/bhagwan-incense.com\/wp-content\/uploads\/2023\/06\/Logo-black.png","width":150,"height":150,"caption":"Bhagwan incense"},"image":{"@id":"https:\/\/bhagwan-incense.com\/fr\/#\/schema\/logo\/image\/"},"sameAs":["https:\/\/www.facebook.com\/profile.php?id=100093081477613&mibextid=ZbWKwLp","https:\/\/www.instagram.com\/bhagwan_incense\/"]}]}},"_links":{"self":[{"href":"https:\/\/bhagwan-incense.com\/fr\/wp-json\/wp\/v2\/pages\/15676","targetHints":{"allow":["GET"]}}],"collection":[{"href":"https:\/\/bhagwan-incense.com\/fr\/wp-json\/wp\/v2\/pages"}],"about":[{"href":"https:\/\/bhagwan-incense.com\/fr\/wp-json\/wp\/v2\/types\/page"}],"author":[{"embeddable":true,"href":"https:\/\/bhagwan-incense.com\/fr\/wp-json\/wp\/v2\/users\/78"}],"replies":[{"embeddable":true,"href":"https:\/\/bhagwan-incense.com\/fr\/wp-json\/wp\/v2\/comments?post=15676"}],"version-history":[{"count":7,"href":"https:\/\/bhagwan-incense.com\/fr\/wp-json\/wp\/v2\/pages\/15676\/revisions"}],"predecessor-version":[{"id":15692,"href":"https:\/\/bhagwan-incense.com\/fr\/wp-json\/wp\/v2\/pages\/15676\/revisions\/15692"}],"wp:featuredmedia":[{"embeddable":true,"href":"https:\/\/bhagwan-incense.com\/fr\/wp-json\/wp\/v2\/media\/15671"}],"wp:attachment":[{"href":"https:\/\/bhagwan-incense.com\/fr\/wp-json\/wp\/v2\/media?parent=15676"}],"curies":[{"name":"wp","href":"https:\/\/api.w.org\/{rel}","templated":true}]}}