{"id":17403,"date":"2026-01-06T18:37:43","date_gmt":"2026-01-06T17:37:43","guid":{"rendered":"https:\/\/bhagwan-incense.com\/?page_id=17403"},"modified":"2026-01-16T23:32:48","modified_gmt":"2026-01-16T22:32:48","slug":"modes-de-paiement","status":"publish","type":"page","link":"https:\/\/bhagwan-incense.com\/fr\/modes-de-paiement\/","title":{"rendered":"Modes de paiement"},"content":{"rendered":"<h2>Moyens de paiement<\/h2>\n<h3>Options de paiement s\u00e9curis\u00e9es<\/h3>\n<p>Nous proposons une vari\u00e9t\u00e9 d&#8217;options de paiement s\u00e9curis\u00e9es pour votre confort. Vous pouvez r\u00e9gler votre commande en utilisant :<\/p>\n<ul>\n<li><strong>Cartes de cr\u00e9dit et de d\u00e9bit :<\/strong> Nous acceptons Visa, Mastercard, American Express et Discover.<\/li>\n<li><strong>Portefeuilles num\u00e9riques :<\/strong> <strong>Google Pay<\/strong> et <strong>Apple Pay<\/strong> sont disponibles pour un passage en caisse rapide et s\u00e9curis\u00e9.<\/li>\n<li><strong>PayPal :<\/strong> Vous pouvez payer via votre compte PayPal ou utiliser leur service de paiement sans compte (aucune inscription requise).<\/li>\n<\/ul>\n<hr \/>\n<h3>S\u00e9curit\u00e9 et confidentialit\u00e9<\/h3>\n<p><strong>Note :<\/strong> Vos informations de paiement sont trait\u00e9es de mani\u00e8re s\u00e9curis\u00e9e. Nous ne stockons pas les d\u00e9tails de votre carte de cr\u00e9dit et nous n&#8217;avons pas acc\u00e8s \u00e0 vos informations financi\u00e8res sensibles.<\/p>\n<div style=\"display: flex; align-items: center; gap: 15px;\"><img decoding=\"async\" style=\"height: 25px; width: auto;\" src=\"https:\/\/upload.wikimedia.org\/wikipedia\/commons\/2\/2a\/Mastercard-logo.svg\" alt=\"Mastercard\" \/><br \/>\n<img decoding=\"async\" style=\"height: 25px; width: auto;\" src=\"https:\/\/upload.wikimedia.org\/wikipedia\/commons\/b\/b5\/PayPal.svg\" alt=\"PayPal\" \/><br \/>\n<img decoding=\"async\" style=\"height: 25px; width: auto;\" src=\"https:\/\/upload.wikimedia.org\/wikipedia\/commons\/3\/30\/American_Express_logo.svg\" alt=\"Amex\" \/><br \/>\n<img decoding=\"async\" style=\"height: 25px; width: auto;\" src=\"https:\/\/upload.wikimedia.org\/wikipedia\/commons\/b\/b0\/Apple_Pay_logo.svg\" alt=\"Apple Pay\" \/><br \/>\n<img decoding=\"async\" style=\"height: 25px; width: auto;\" src=\"https:\/\/upload.wikimedia.org\/wikipedia\/commons\/c\/c7\/Google_Pay_Logo_%282020%29.svg\" alt=\"Google Pay\" \/><\/div>\n","protected":false},"excerpt":{"rendered":"<p>Moyens de paiement Options de paiement s\u00e9curis\u00e9es Nous proposons une vari\u00e9t\u00e9 d&#8217;options de paiement s\u00e9curis\u00e9es pour votre confort. Vous pouvez r\u00e9gler votre commande en utilisant : Cartes de cr\u00e9dit et de d\u00e9bit : Nous acceptons Visa, Mastercard, American Express et Discover. Portefeuilles num\u00e9riques : Google Pay et Apple Pay sont disponibles pour un passage en<\/p>\n","protected":false},"author":1,"featured_media":0,"parent":0,"menu_order":0,"comment_status":"closed","ping_status":"closed","template":"","meta":{"footnotes":""},"class_list":["post-17403","page","type-page","status-publish","hentry"],"yoast_head":"<!-- This site is optimized with the Yoast SEO plugin v27.4 - https:\/\/yoast.com\/product\/yoast-seo-wordpress\/ -->\n<title>Moyens de Paiement S\u00e9curis\u00e9s | Bhagwan Incense<\/title>\n<meta name=\"description\" content=\"Payez vos commandes en toute s\u00e9curit\u00e9 sur Bhagwan Incense. Nous acceptons Visa, Mastercard, Amex, Google Pay et PayPal. Vos donn\u00e9es bancaires sont 100% prot\u00e9g\u00e9es.\" \/>\n<meta name=\"robots\" content=\"index, follow, max-snippet:-1, max-image-preview:large, max-video-preview:-1\" \/>\n<link rel=\"canonical\" href=\"https:\/\/bhagwan-incense.com\/fr\/modes-de-paiement\/\" \/>\n<meta property=\"og:locale\" content=\"fr_FR\" \/>\n<meta property=\"og:type\" content=\"article\" \/>\n<meta property=\"og:title\" content=\"Moyens de Paiement S\u00e9curis\u00e9s | Bhagwan Incense\" \/>\n<meta property=\"og:description\" content=\"Payez vos commandes en toute s\u00e9curit\u00e9 sur Bhagwan Incense. Nous acceptons Visa, Mastercard, Amex, Google Pay et PayPal. Vos donn\u00e9es bancaires sont 100% prot\u00e9g\u00e9es.\" \/>\n<meta property=\"og:url\" content=\"https:\/\/bhagwan-incense.com\/fr\/modes-de-paiement\/\" \/>\n<meta property=\"og:site_name\" content=\"Bhagwan Incense | EU and Worldwide Shop\" \/>\n<meta property=\"article:publisher\" content=\"https:\/\/www.facebook.com\/profile.php?id=100093081477613&amp;mibextid=ZbWKwLp\" \/>\n<meta property=\"article:modified_time\" content=\"2026-01-16T22:32:48+00:00\" \/>\n<meta property=\"og:image\" content=\"https:\/\/upload.wikimedia.org\/wikipedia\/commons\/2\/2a\/Mastercard-logo.svg\" \/>\n<meta name=\"twitter:card\" content=\"summary_large_image\" \/>\n<meta name=\"twitter:label1\" content=\"Dur\u00e9e de lecture estim\u00e9e\" \/>\n\t<meta name=\"twitter:data1\" content=\"2 minutes\" \/>\n<script type=\"application\/ld+json\" class=\"yoast-schema-graph\">{\"@context\":\"https:\\\/\\\/schema.org\",\"@graph\":[{\"@type\":\"WebPage\",\"@id\":\"https:\\\/\\\/bhagwan-incense.com\\\/fr\\\/modes-de-paiement\\\/\",\"url\":\"https:\\\/\\\/bhagwan-incense.com\\\/fr\\\/modes-de-paiement\\\/\",\"name\":\"Moyens de Paiement S\u00e9curis\u00e9s | Bhagwan Incense\",\"isPartOf\":{\"@id\":\"https:\\\/\\\/bhagwan-incense.com\\\/fr\\\/#website\"},\"primaryImageOfPage\":{\"@id\":\"https:\\\/\\\/bhagwan-incense.com\\\/fr\\\/modes-de-paiement\\\/#primaryimage\"},\"image\":{\"@id\":\"https:\\\/\\\/bhagwan-incense.com\\\/fr\\\/modes-de-paiement\\\/#primaryimage\"},\"thumbnailUrl\":\"https:\\\/\\\/upload.wikimedia.org\\\/wikipedia\\\/commons\\\/2\\\/2a\\\/Mastercard-logo.svg\",\"datePublished\":\"2026-01-06T17:37:43+00:00\",\"dateModified\":\"2026-01-16T22:32:48+00:00\",\"description\":\"Payez vos commandes en toute s\u00e9curit\u00e9 sur Bhagwan Incense. Nous acceptons Visa, Mastercard, Amex, Google Pay et PayPal. Vos donn\u00e9es bancaires sont 100% prot\u00e9g\u00e9es.\",\"breadcrumb\":{\"@id\":\"https:\\\/\\\/bhagwan-incense.com\\\/fr\\\/modes-de-paiement\\\/#breadcrumb\"},\"inLanguage\":\"fr-FR\",\"potentialAction\":[{\"@type\":\"ReadAction\",\"target\":[\"https:\\\/\\\/bhagwan-incense.com\\\/fr\\\/modes-de-paiement\\\/\"]}]},{\"@type\":\"ImageObject\",\"inLanguage\":\"fr-FR\",\"@id\":\"https:\\\/\\\/bhagwan-incense.com\\\/fr\\\/modes-de-paiement\\\/#primaryimage\",\"url\":\"https:\\\/\\\/upload.wikimedia.org\\\/wikipedia\\\/commons\\\/2\\\/2a\\\/Mastercard-logo.svg\",\"contentUrl\":\"https:\\\/\\\/upload.wikimedia.org\\\/wikipedia\\\/commons\\\/2\\\/2a\\\/Mastercard-logo.svg\"},{\"@type\":\"BreadcrumbList\",\"@id\":\"https:\\\/\\\/bhagwan-incense.com\\\/fr\\\/modes-de-paiement\\\/#breadcrumb\",\"itemListElement\":[{\"@type\":\"ListItem\",\"position\":1,\"name\":\"Home\",\"item\":\"https:\\\/\\\/bhagwan-incense.com\\\/fr\\\/\"},{\"@type\":\"ListItem\",\"position\":2,\"name\":\"Modes de paiement\"}]},{\"@type\":\"WebSite\",\"@id\":\"https:\\\/\\\/bhagwan-incense.com\\\/fr\\\/#website\",\"url\":\"https:\\\/\\\/bhagwan-incense.com\\\/fr\\\/\",\"name\":\"Bhagwan Incense | EU and Worldwide Incense Shop\",\"description\":\"Pure and Natural Incense from India\",\"publisher\":{\"@id\":\"https:\\\/\\\/bhagwan-incense.com\\\/fr\\\/#organization\"},\"potentialAction\":[{\"@type\":\"SearchAction\",\"target\":{\"@type\":\"EntryPoint\",\"urlTemplate\":\"https:\\\/\\\/bhagwan-incense.com\\\/fr\\\/?s={search_term_string}\"},\"query-input\":{\"@type\":\"PropertyValueSpecification\",\"valueRequired\":true,\"valueName\":\"search_term_string\"}}],\"inLanguage\":\"fr-FR\"},{\"@type\":\"Organization\",\"@id\":\"https:\\\/\\\/bhagwan-incense.com\\\/fr\\\/#organization\",\"name\":\"Bhagwan incense\",\"url\":\"https:\\\/\\\/bhagwan-incense.com\\\/fr\\\/\",\"logo\":{\"@type\":\"ImageObject\",\"inLanguage\":\"fr-FR\",\"@id\":\"https:\\\/\\\/bhagwan-incense.com\\\/fr\\\/#\\\/schema\\\/logo\\\/image\\\/\",\"url\":\"https:\\\/\\\/bhagwan-incense.com\\\/wp-content\\\/uploads\\\/2023\\\/06\\\/Logo-black.png\",\"contentUrl\":\"https:\\\/\\\/bhagwan-incense.com\\\/wp-content\\\/uploads\\\/2023\\\/06\\\/Logo-black.png\",\"width\":150,\"height\":150,\"caption\":\"Bhagwan incense\"},\"image\":{\"@id\":\"https:\\\/\\\/bhagwan-incense.com\\\/fr\\\/#\\\/schema\\\/logo\\\/image\\\/\"},\"sameAs\":[\"https:\\\/\\\/www.facebook.com\\\/profile.php?id=100093081477613&mibextid=ZbWKwLp\",\"https:\\\/\\\/www.instagram.com\\\/bhagwan_incense\\\/\"]}]}<\/script>\n<!-- \/ Yoast SEO plugin. -->","yoast_head_json":{"title":"Moyens de Paiement S\u00e9curis\u00e9s | Bhagwan Incense","description":"Payez vos commandes en toute s\u00e9curit\u00e9 sur Bhagwan Incense. Nous acceptons Visa, Mastercard, Amex, Google Pay et PayPal. Vos donn\u00e9es bancaires sont 100% prot\u00e9g\u00e9es.","robots":{"index":"index","follow":"follow","max-snippet":"max-snippet:-1","max-image-preview":"max-image-preview:large","max-video-preview":"max-video-preview:-1"},"canonical":"https:\/\/bhagwan-incense.com\/fr\/modes-de-paiement\/","og_locale":"fr_FR","og_type":"article","og_title":"Moyens de Paiement S\u00e9curis\u00e9s | Bhagwan Incense","og_description":"Payez vos commandes en toute s\u00e9curit\u00e9 sur Bhagwan Incense. Nous acceptons Visa, Mastercard, Amex, Google Pay et PayPal. Vos donn\u00e9es bancaires sont 100% prot\u00e9g\u00e9es.","og_url":"https:\/\/bhagwan-incense.com\/fr\/modes-de-paiement\/","og_site_name":"Bhagwan Incense | EU and Worldwide Shop","article_publisher":"https:\/\/www.facebook.com\/profile.php?id=100093081477613&mibextid=ZbWKwLp","article_modified_time":"2026-01-16T22:32:48+00:00","og_image":[{"url":"https:\/\/upload.wikimedia.org\/wikipedia\/commons\/2\/2a\/Mastercard-logo.svg","type":"","width":"","height":""}],"twitter_card":"summary_large_image","twitter_misc":{"Dur\u00e9e de lecture estim\u00e9e":"2 minutes"},"schema":{"@context":"https:\/\/schema.org","@graph":[{"@type":"WebPage","@id":"https:\/\/bhagwan-incense.com\/fr\/modes-de-paiement\/","url":"https:\/\/bhagwan-incense.com\/fr\/modes-de-paiement\/","name":"Moyens de Paiement S\u00e9curis\u00e9s | Bhagwan Incense","isPartOf":{"@id":"https:\/\/bhagwan-incense.com\/fr\/#website"},"primaryImageOfPage":{"@id":"https:\/\/bhagwan-incense.com\/fr\/modes-de-paiement\/#primaryimage"},"image":{"@id":"https:\/\/bhagwan-incense.com\/fr\/modes-de-paiement\/#primaryimage"},"thumbnailUrl":"https:\/\/upload.wikimedia.org\/wikipedia\/commons\/2\/2a\/Mastercard-logo.svg","datePublished":"2026-01-06T17:37:43+00:00","dateModified":"2026-01-16T22:32:48+00:00","description":"Payez vos commandes en toute s\u00e9curit\u00e9 sur Bhagwan Incense. Nous acceptons Visa, Mastercard, Amex, Google Pay et PayPal. Vos donn\u00e9es bancaires sont 100% prot\u00e9g\u00e9es.","breadcrumb":{"@id":"https:\/\/bhagwan-incense.com\/fr\/modes-de-paiement\/#breadcrumb"},"inLanguage":"fr-FR","potentialAction":[{"@type":"ReadAction","target":["https:\/\/bhagwan-incense.com\/fr\/modes-de-paiement\/"]}]},{"@type":"ImageObject","inLanguage":"fr-FR","@id":"https:\/\/bhagwan-incense.com\/fr\/modes-de-paiement\/#primaryimage","url":"https:\/\/upload.wikimedia.org\/wikipedia\/commons\/2\/2a\/Mastercard-logo.svg","contentUrl":"https:\/\/upload.wikimedia.org\/wikipedia\/commons\/2\/2a\/Mastercard-logo.svg"},{"@type":"BreadcrumbList","@id":"https:\/\/bhagwan-incense.com\/fr\/modes-de-paiement\/#breadcrumb","itemListElement":[{"@type":"ListItem","position":1,"name":"Home","item":"https:\/\/bhagwan-incense.com\/fr\/"},{"@type":"ListItem","position":2,"name":"Modes de paiement"}]},{"@type":"WebSite","@id":"https:\/\/bhagwan-incense.com\/fr\/#website","url":"https:\/\/bhagwan-incense.com\/fr\/","name":"Bhagwan Incense | EU and Worldwide Incense Shop","description":"Pure and Natural Incense from India","publisher":{"@id":"https:\/\/bhagwan-incense.com\/fr\/#organization"},"potentialAction":[{"@type":"SearchAction","target":{"@type":"EntryPoint","urlTemplate":"https:\/\/bhagwan-incense.com\/fr\/?s={search_term_string}"},"query-input":{"@type":"PropertyValueSpecification","valueRequired":true,"valueName":"search_term_string"}}],"inLanguage":"fr-FR"},{"@type":"Organization","@id":"https:\/\/bhagwan-incense.com\/fr\/#organization","name":"Bhagwan incense","url":"https:\/\/bhagwan-incense.com\/fr\/","logo":{"@type":"ImageObject","inLanguage":"fr-FR","@id":"https:\/\/bhagwan-incense.com\/fr\/#\/schema\/logo\/image\/","url":"https:\/\/bhagwan-incense.com\/wp-content\/uploads\/2023\/06\/Logo-black.png","contentUrl":"https:\/\/bhagwan-incense.com\/wp-content\/uploads\/2023\/06\/Logo-black.png","width":150,"height":150,"caption":"Bhagwan incense"},"image":{"@id":"https:\/\/bhagwan-incense.com\/fr\/#\/schema\/logo\/image\/"},"sameAs":["https:\/\/www.facebook.com\/profile.php?id=100093081477613&mibextid=ZbWKwLp","https:\/\/www.instagram.com\/bhagwan_incense\/"]}]}},"_links":{"self":[{"href":"https:\/\/bhagwan-incense.com\/fr\/wp-json\/wp\/v2\/pages\/17403","targetHints":{"allow":["GET"]}}],"collection":[{"href":"https:\/\/bhagwan-incense.com\/fr\/wp-json\/wp\/v2\/pages"}],"about":[{"href":"https:\/\/bhagwan-incense.com\/fr\/wp-json\/wp\/v2\/types\/page"}],"author":[{"embeddable":true,"href":"https:\/\/bhagwan-incense.com\/fr\/wp-json\/wp\/v2\/users\/1"}],"replies":[{"embeddable":true,"href":"https:\/\/bhagwan-incense.com\/fr\/wp-json\/wp\/v2\/comments?post=17403"}],"version-history":[{"count":12,"href":"https:\/\/bhagwan-incense.com\/fr\/wp-json\/wp\/v2\/pages\/17403\/revisions"}],"predecessor-version":[{"id":17565,"href":"https:\/\/bhagwan-incense.com\/fr\/wp-json\/wp\/v2\/pages\/17403\/revisions\/17565"}],"wp:attachment":[{"href":"https:\/\/bhagwan-incense.com\/fr\/wp-json\/wp\/v2\/media?parent=17403"}],"curies":[{"name":"wp","href":"https:\/\/api.w.org\/{rel}","templated":true}]}}