{"id":17432,"date":"2026-01-06T22:09:01","date_gmt":"2026-01-06T21:09:01","guid":{"rendered":"https:\/\/bhagwan-incense.com\/?page_id=17432"},"modified":"2026-05-07T01:13:43","modified_gmt":"2026-05-06T23:13:43","slug":"livraison-et-expedition","status":"publish","type":"page","link":"https:\/\/bhagwan-incense.com\/fr\/livraison-et-expedition\/","title":{"rendered":"Livraison et exp\u00e9dition"},"content":{"rendered":"<h2 data-path-to-node=\"1\">Traitement des commandes et d\u00e9lais de pr\u00e9paration<\/h2>\n<h3 data-path-to-node=\"2\">D\u00e9tails du traitement<\/h3>\n<p data-path-to-node=\"3\">Heure limite de commande : 13h00 (CET \u2013 Heure d&#8217;Europe Centrale)<\/p>\n<p data-path-to-node=\"4\">D\u00e9lai de pr\u00e9paration : Toutes les commandes sont trait\u00e9es et exp\u00e9di\u00e9es sous <b data-path-to-node=\"4\" data-index-in-node=\"76\">2 \u00e0 3 jours ouvrables<\/b> (du lundi au vendredi) apr\u00e8s confirmation du paiement.<\/p>\n<p data-path-to-node=\"5\">Origine : Les commandes sont exp\u00e9di\u00e9es depuis notre entrep\u00f4t central situ\u00e9 \u00e0 <b data-path-to-node=\"5\" data-index-in-node=\"77\">Bucarest, Roumanie (UE)<\/b>.<\/p>\n<h3 data-path-to-node=\"6\">Tarifs de livraison et d\u00e9lais de transit estim\u00e9s<\/h3>\n<p data-path-to-node=\"7\">Nous appliquons un tarif d&#8217;exp\u00e9dition forfaitaire par commande. Le d\u00e9lai de transit commence une fois que la commande a \u00e9t\u00e9 exp\u00e9di\u00e9e de notre entrep\u00f4t :<\/p>\n<p data-path-to-node=\"8\"><b data-path-to-node=\"8\" data-index-in-node=\"0\">Europe et Royaume-Uni<\/b> 4,95 \u20ac 3 \u00e0 7 jours ouvrables Hermes, Mondial Relay, etc.<\/p>\n<p data-path-to-node=\"8\"><strong>Belgique<\/strong> : 7,95 \u20ac | 7 \u00e0 10 jours ouvrables | bpost<\/p>\n<p data-path-to-node=\"10\"><b data-path-to-node=\"10\" data-index-in-node=\"0\">Canada et Australie<\/b> 5,95 \u20ac 7 \u00e0 14 jours ouvrables Poste Internationale<\/p>\n<p data-path-to-node=\"11\"><b data-path-to-node=\"11\" data-index-in-node=\"0\">Reste du monde<\/b> 5,95 \u20ac &#8211; 9,95 \u20ac 10 \u00e0 21 jours ouvrables Poste Internationale<\/p>\n<h3 data-path-to-node=\"12\">Offres de livraison gratuite<\/h3>\n<p data-path-to-node=\"13\"><b data-path-to-node=\"13\" data-index-in-node=\"0\">Europe et Monde<\/b> Livraison GRATUITE pour toutes les commandes sup\u00e9rieures \u00e0 50 \u20ac.<\/p>\n<h3 data-path-to-node=\"15\">Suivi de commande<\/h3>\n<p data-path-to-node=\"16\">Une fois votre commande exp\u00e9di\u00e9e, vous recevrez un e-mail automatique contenant votre num\u00e9ro de suivi. Vous pouvez suivre votre colis directement sur le site officiel du transporteur.<\/p>\n<h3 data-path-to-node=\"19\">Dommages et colis perdus<\/h3>\n<p data-path-to-node=\"20\">Si vous recevez un article endommag\u00e9, veuillez conserver tous les mat\u00e9riaux d&#8217;emballage et les produits d\u00e9fectueux, puis contactez-nous \u00e0 l&#8217;adresse <a href=\"mailto:welcome@bhagwan-incense.com\">welcome@bhagwan-incense.com<\/a> en joignant des photos du produit.<\/p>\n<p class=\"font-claude-response-body break-words whitespace-normal leading-[1.7]\">Nous souhaitons que chaque commande vous parvienne sans encombre et nous faisons tout notre possible pour y veiller. Cependant, veuillez prendre note de ce qui suit :<\/p>\n<p class=\"font-claude-response-body break-words whitespace-normal leading-[1.7]\"><strong>Retards &amp; acheminement :<\/strong> Nous ne sommes pas responsables des retards caus\u00e9s par le transporteur ou le d\u00e9douanement. Malheureusement, nous ne sommes pas en mesure d&#8217;accorder des remboursements pour les articles retard\u00e9s ou en cours d&#8217;acheminement.<\/p>\n<p class=\"font-claude-response-body break-words whitespace-normal leading-[1.7]\"><strong>Adresses incorrectes ou non livrables :<\/strong> Si une adresse de livraison incorrecte a \u00e9t\u00e9 fournie, ou si la livraison \u00e0 votre adresse n&#8217;est pas possible, les frais d&#8217;exp\u00e9dition initiaux ne pourront pas \u00eatre rembours\u00e9s. Les frais de retour, ainsi que les taxes ou droits de douane engag\u00e9s pour r\u00e9ceptionner l&#8217;article en retour, seront \u00e9galement d\u00e9duits du montant du remboursement.<\/p>\n<p class=\"font-claude-response-body break-words whitespace-normal leading-[1.7]\"><strong>Colis non r\u00e9cup\u00e9r\u00e9s :<\/strong> Si votre commande est livr\u00e9e \u00e0 un bureau de poste, un point de collecte ou un casier \u00e0 colis et n&#8217;est pas r\u00e9cup\u00e9r\u00e9e dans les d\u00e9lais impartis, elle nous sera retourn\u00e9e. Dans ce cas, les frais d&#8217;exp\u00e9dition initiaux ne pourront pas \u00eatre rembours\u00e9s et les frais de retour qui nous sont factur\u00e9s par le transporteur seront d\u00e9duits de votre remboursement.<\/p>\n<p class=\"font-claude-response-body break-words whitespace-normal leading-[1.7]\">Si vous avez la moindre question concernant votre commande, n&#8217;h\u00e9sitez pas \u00e0 nous contacter \u2014 nous sommes toujours \u00e0 votre disposition.<\/p>\n","protected":false},"excerpt":{"rendered":"<p>Traitement des commandes et d\u00e9lais de pr\u00e9paration D\u00e9tails du traitement Heure limite de commande : 13h00 (CET \u2013 Heure d&#8217;Europe Centrale) D\u00e9lai de pr\u00e9paration : Toutes les commandes sont trait\u00e9es et exp\u00e9di\u00e9es sous 2 \u00e0 3 jours ouvrables (du lundi au vendredi) apr\u00e8s confirmation du paiement. Origine : Les commandes sont exp\u00e9di\u00e9es depuis notre entrep\u00f4t<\/p>\n","protected":false},"author":1,"featured_media":0,"parent":0,"menu_order":0,"comment_status":"closed","ping_status":"closed","template":"","meta":{"footnotes":""},"class_list":["post-17432","page","type-page","status-publish","hentry"],"yoast_head":"<!-- This site is optimized with the Yoast SEO plugin v27.5 - https:\/\/yoast.com\/product\/yoast-seo-wordpress\/ -->\n<title>Politique de Livraison &amp; D\u00e9lais | Bhagwan Incense<\/title>\n<meta name=\"description\" content=\"Tout savoir sur nos d\u00e9lais de pr\u00e9paration, nos tarifs internationaux et le suivi de vos colis. Livraison s\u00e9curis\u00e9e vers l&#039;Europe, les USA et le Canada.\" \/>\n<meta name=\"robots\" content=\"index, follow, max-snippet:-1, max-image-preview:large, max-video-preview:-1\" \/>\n<link rel=\"canonical\" href=\"https:\/\/bhagwan-incense.com\/fr\/livraison-et-expedition\/\" \/>\n<meta property=\"og:locale\" content=\"fr_FR\" \/>\n<meta property=\"og:type\" content=\"article\" \/>\n<meta property=\"og:title\" content=\"Politique de Livraison &amp; D\u00e9lais | Bhagwan Incense\" \/>\n<meta property=\"og:description\" content=\"Tout savoir sur nos d\u00e9lais de pr\u00e9paration, nos tarifs internationaux et le suivi de vos colis. Livraison s\u00e9curis\u00e9e vers l&#039;Europe, les USA et le Canada.\" \/>\n<meta property=\"og:url\" content=\"https:\/\/bhagwan-incense.com\/fr\/livraison-et-expedition\/\" \/>\n<meta property=\"og:site_name\" content=\"Bhagwan Incense | EU and Worldwide Shop\" \/>\n<meta property=\"article:publisher\" content=\"https:\/\/www.facebook.com\/profile.php?id=100093081477613&amp;mibextid=ZbWKwLp\" \/>\n<meta property=\"article:modified_time\" content=\"2026-05-06T23:13:43+00:00\" \/>\n<meta property=\"og:image\" content=\"https:\/\/bhagwan-incense.com\/wp-content\/uploads\/2023\/06\/Site-4.jpg?wsr\" \/>\n\t<meta property=\"og:image:width\" content=\"2000\" \/>\n\t<meta property=\"og:image:height\" content=\"1333\" \/>\n\t<meta property=\"og:image:type\" content=\"image\/jpeg\" \/>\n<meta name=\"twitter:card\" content=\"summary_large_image\" \/>\n<meta name=\"twitter:label1\" content=\"Dur\u00e9e de lecture estim\u00e9e\" \/>\n\t<meta name=\"twitter:data1\" content=\"2 minutes\" \/>\n<script type=\"application\/ld+json\" class=\"yoast-schema-graph\">{\"@context\":\"https:\\\/\\\/schema.org\",\"@graph\":[{\"@type\":\"WebPage\",\"@id\":\"https:\\\/\\\/bhagwan-incense.com\\\/fr\\\/livraison-et-expedition\\\/\",\"url\":\"https:\\\/\\\/bhagwan-incense.com\\\/fr\\\/livraison-et-expedition\\\/\",\"name\":\"Politique de Livraison & D\u00e9lais | Bhagwan Incense\",\"isPartOf\":{\"@id\":\"https:\\\/\\\/bhagwan-incense.com\\\/fr\\\/#website\"},\"datePublished\":\"2026-01-06T21:09:01+00:00\",\"dateModified\":\"2026-05-06T23:13:43+00:00\",\"description\":\"Tout savoir sur nos d\u00e9lais de pr\u00e9paration, nos tarifs internationaux et le suivi de vos colis. Livraison s\u00e9curis\u00e9e vers l'Europe, les USA et le Canada.\",\"breadcrumb\":{\"@id\":\"https:\\\/\\\/bhagwan-incense.com\\\/fr\\\/livraison-et-expedition\\\/#breadcrumb\"},\"inLanguage\":\"fr-FR\",\"potentialAction\":[{\"@type\":\"ReadAction\",\"target\":[\"https:\\\/\\\/bhagwan-incense.com\\\/fr\\\/livraison-et-expedition\\\/\"]}]},{\"@type\":\"BreadcrumbList\",\"@id\":\"https:\\\/\\\/bhagwan-incense.com\\\/fr\\\/livraison-et-expedition\\\/#breadcrumb\",\"itemListElement\":[{\"@type\":\"ListItem\",\"position\":1,\"name\":\"Home\",\"item\":\"https:\\\/\\\/bhagwan-incense.com\\\/fr\\\/\"},{\"@type\":\"ListItem\",\"position\":2,\"name\":\"Livraison et exp\u00e9dition\"}]},{\"@type\":\"WebSite\",\"@id\":\"https:\\\/\\\/bhagwan-incense.com\\\/fr\\\/#website\",\"url\":\"https:\\\/\\\/bhagwan-incense.com\\\/fr\\\/\",\"name\":\"Bhagwan Incense | EU and Worldwide Incense Shop\",\"description\":\"Pure and Natural Incense from India\",\"publisher\":{\"@id\":\"https:\\\/\\\/bhagwan-incense.com\\\/fr\\\/#organization\"},\"potentialAction\":[{\"@type\":\"SearchAction\",\"target\":{\"@type\":\"EntryPoint\",\"urlTemplate\":\"https:\\\/\\\/bhagwan-incense.com\\\/fr\\\/?s={search_term_string}\"},\"query-input\":{\"@type\":\"PropertyValueSpecification\",\"valueRequired\":true,\"valueName\":\"search_term_string\"}}],\"inLanguage\":\"fr-FR\"},{\"@type\":\"Organization\",\"@id\":\"https:\\\/\\\/bhagwan-incense.com\\\/fr\\\/#organization\",\"name\":\"Bhagwan incense\",\"url\":\"https:\\\/\\\/bhagwan-incense.com\\\/fr\\\/\",\"logo\":{\"@type\":\"ImageObject\",\"inLanguage\":\"fr-FR\",\"@id\":\"https:\\\/\\\/bhagwan-incense.com\\\/fr\\\/#\\\/schema\\\/logo\\\/image\\\/\",\"url\":\"https:\\\/\\\/bhagwan-incense.com\\\/wp-content\\\/uploads\\\/2023\\\/06\\\/Logo-black.png\",\"contentUrl\":\"https:\\\/\\\/bhagwan-incense.com\\\/wp-content\\\/uploads\\\/2023\\\/06\\\/Logo-black.png\",\"width\":150,\"height\":150,\"caption\":\"Bhagwan incense\"},\"image\":{\"@id\":\"https:\\\/\\\/bhagwan-incense.com\\\/fr\\\/#\\\/schema\\\/logo\\\/image\\\/\"},\"sameAs\":[\"https:\\\/\\\/www.facebook.com\\\/profile.php?id=100093081477613&mibextid=ZbWKwLp\",\"https:\\\/\\\/www.instagram.com\\\/bhagwan_incense\\\/\"]}]}<\/script>\n<!-- \/ Yoast SEO plugin. -->","yoast_head_json":{"title":"Politique de Livraison & D\u00e9lais | Bhagwan Incense","description":"Tout savoir sur nos d\u00e9lais de pr\u00e9paration, nos tarifs internationaux et le suivi de vos colis. Livraison s\u00e9curis\u00e9e vers l'Europe, les USA et le Canada.","robots":{"index":"index","follow":"follow","max-snippet":"max-snippet:-1","max-image-preview":"max-image-preview:large","max-video-preview":"max-video-preview:-1"},"canonical":"https:\/\/bhagwan-incense.com\/fr\/livraison-et-expedition\/","og_locale":"fr_FR","og_type":"article","og_title":"Politique de Livraison & D\u00e9lais | Bhagwan Incense","og_description":"Tout savoir sur nos d\u00e9lais de pr\u00e9paration, nos tarifs internationaux et le suivi de vos colis. Livraison s\u00e9curis\u00e9e vers l'Europe, les USA et le Canada.","og_url":"https:\/\/bhagwan-incense.com\/fr\/livraison-et-expedition\/","og_site_name":"Bhagwan Incense | EU and Worldwide Shop","article_publisher":"https:\/\/www.facebook.com\/profile.php?id=100093081477613&mibextid=ZbWKwLp","article_modified_time":"2026-05-06T23:13:43+00:00","og_image":[{"width":2000,"height":1333,"url":"https:\/\/bhagwan-incense.com\/wp-content\/uploads\/2023\/06\/Site-4.jpg?wsr","type":"image\/jpeg"}],"twitter_card":"summary_large_image","twitter_misc":{"Dur\u00e9e de lecture estim\u00e9e":"2 minutes"},"schema":{"@context":"https:\/\/schema.org","@graph":[{"@type":"WebPage","@id":"https:\/\/bhagwan-incense.com\/fr\/livraison-et-expedition\/","url":"https:\/\/bhagwan-incense.com\/fr\/livraison-et-expedition\/","name":"Politique de Livraison & D\u00e9lais | Bhagwan Incense","isPartOf":{"@id":"https:\/\/bhagwan-incense.com\/fr\/#website"},"datePublished":"2026-01-06T21:09:01+00:00","dateModified":"2026-05-06T23:13:43+00:00","description":"Tout savoir sur nos d\u00e9lais de pr\u00e9paration, nos tarifs internationaux et le suivi de vos colis. Livraison s\u00e9curis\u00e9e vers l'Europe, les USA et le Canada.","breadcrumb":{"@id":"https:\/\/bhagwan-incense.com\/fr\/livraison-et-expedition\/#breadcrumb"},"inLanguage":"fr-FR","potentialAction":[{"@type":"ReadAction","target":["https:\/\/bhagwan-incense.com\/fr\/livraison-et-expedition\/"]}]},{"@type":"BreadcrumbList","@id":"https:\/\/bhagwan-incense.com\/fr\/livraison-et-expedition\/#breadcrumb","itemListElement":[{"@type":"ListItem","position":1,"name":"Home","item":"https:\/\/bhagwan-incense.com\/fr\/"},{"@type":"ListItem","position":2,"name":"Livraison et exp\u00e9dition"}]},{"@type":"WebSite","@id":"https:\/\/bhagwan-incense.com\/fr\/#website","url":"https:\/\/bhagwan-incense.com\/fr\/","name":"Bhagwan Incense | EU and Worldwide Incense Shop","description":"Pure and Natural Incense from India","publisher":{"@id":"https:\/\/bhagwan-incense.com\/fr\/#organization"},"potentialAction":[{"@type":"SearchAction","target":{"@type":"EntryPoint","urlTemplate":"https:\/\/bhagwan-incense.com\/fr\/?s={search_term_string}"},"query-input":{"@type":"PropertyValueSpecification","valueRequired":true,"valueName":"search_term_string"}}],"inLanguage":"fr-FR"},{"@type":"Organization","@id":"https:\/\/bhagwan-incense.com\/fr\/#organization","name":"Bhagwan incense","url":"https:\/\/bhagwan-incense.com\/fr\/","logo":{"@type":"ImageObject","inLanguage":"fr-FR","@id":"https:\/\/bhagwan-incense.com\/fr\/#\/schema\/logo\/image\/","url":"https:\/\/bhagwan-incense.com\/wp-content\/uploads\/2023\/06\/Logo-black.png","contentUrl":"https:\/\/bhagwan-incense.com\/wp-content\/uploads\/2023\/06\/Logo-black.png","width":150,"height":150,"caption":"Bhagwan incense"},"image":{"@id":"https:\/\/bhagwan-incense.com\/fr\/#\/schema\/logo\/image\/"},"sameAs":["https:\/\/www.facebook.com\/profile.php?id=100093081477613&mibextid=ZbWKwLp","https:\/\/www.instagram.com\/bhagwan_incense\/"]}]}},"_links":{"self":[{"href":"https:\/\/bhagwan-incense.com\/fr\/wp-json\/wp\/v2\/pages\/17432","targetHints":{"allow":["GET"]}}],"collection":[{"href":"https:\/\/bhagwan-incense.com\/fr\/wp-json\/wp\/v2\/pages"}],"about":[{"href":"https:\/\/bhagwan-incense.com\/fr\/wp-json\/wp\/v2\/types\/page"}],"author":[{"embeddable":true,"href":"https:\/\/bhagwan-incense.com\/fr\/wp-json\/wp\/v2\/users\/1"}],"replies":[{"embeddable":true,"href":"https:\/\/bhagwan-incense.com\/fr\/wp-json\/wp\/v2\/comments?post=17432"}],"version-history":[{"count":4,"href":"https:\/\/bhagwan-incense.com\/fr\/wp-json\/wp\/v2\/pages\/17432\/revisions"}],"predecessor-version":[{"id":19008,"href":"https:\/\/bhagwan-incense.com\/fr\/wp-json\/wp\/v2\/pages\/17432\/revisions\/19008"}],"wp:attachment":[{"href":"https:\/\/bhagwan-incense.com\/fr\/wp-json\/wp\/v2\/media?parent=17432"}],"curies":[{"name":"wp","href":"https:\/\/api.w.org\/{rel}","templated":true}]}}