{"id":2595,"date":"2022-12-21T10:24:59","date_gmt":"2022-12-21T09:24:59","guid":{"rendered":"https:\/\/bhagwan-incense.com\/distributors\/"},"modified":"2025-11-18T18:30:17","modified_gmt":"2025-11-18T17:30:17","slug":"fourniture-dencens-en-gros-et-en-vrac","status":"publish","type":"page","link":"https:\/\/bhagwan-incense.com\/fr\/fourniture-dencens-en-gros-et-en-vrac\/","title":{"rendered":"Fourniture d&#8217;encens en gros et en vrac"},"content":{"rendered":"  <div id=\"page-header-336361537\" class=\"page-header-wrapper\">\n  <div class=\"page-title dark featured-title\">\n\n        <div class=\"page-title-bg\">\n      <div class=\"title-bg fill bg-fill\"\n        data-parallax-container=\".page-title\"\n        data-parallax-background\n        data-parallax=\"-\">\n      <\/div>\n      <div class=\"title-overlay fill\"><\/div>\n    <\/div>\n    \n    <div class=\"page-title-inner container align-center text-center flex-row-col medium-flex-wrap\" >\n              <div class=\"title-wrapper is-small flex-col\">\n          <h1 class=\"entry-title mb-0\">\n            Fourniture d&#8217;encens en gros et en vrac          <\/h1>\n        <\/div>\n                    <div class=\"title-content flex-col\">\n        <div class=\"title-breadcrumbs pb-half pt-half\"><nav class=\"woocommerce-breadcrumb breadcrumbs \">Accueil<\/nav><\/div>      <\/div>\n    <\/div>\n\n     \n<style>\n#page-header-336361537 .title-bg {\n  background-image: url(https:\/\/bhagwan-incense.com\/wp-content\/uploads\/2023\/06\/Site-4.jpg?wsr);\n}\n<\/style>\n  <\/div>\n    <\/div>\n  \n\t<section class=\"section\" id=\"section_127573189\">\n\t\t<div class=\"bg section-bg fill bg-fill  bg-loaded\" >\n\n\t\t\t\n\t\t\t<button class=\"scroll-for-more z-5 icon absolute bottom h-center\" aria-label=\"Scroll for more\"><i class=\"icon-angle-down\" style=\"font-size:42px;\" ><\/i><\/button>\n\t\t\t\n\n\t\t<\/div>\n\n\t\t\n\n\t\t<div class=\"section-content relative\">\n\t\t\t\n<div class=\"row align-equal align-center\"  id=\"row-1516873912\">\n\n\t<div id=\"col-1618740757\" class=\"col medium-7 small-12 large-7\"  >\n\t\t\t\t<div class=\"col-inner text-center\"  >\n\t\t\t\n\t\t\t\n<p><span style=\"color: #99cc00;\"><strong>Si vous aimez notre encens et souhaitez partager la joie et le bonheur que nos parfums procurent, nous serions ravis de vous entendre !<\/strong><\/span><\/p>\n<p>Nous sommes fiers d&#8217;honorer notre pr\u00e9cieuse collaboration avec les principaux distributeurs suivants aux \u00c9tats-Unis, au Royaume-Uni et en Suisse : <a href=\"https:\/\/www.exoticincense.com\/\"><b>Exotic Incense<\/b> (<\/a>\u00c9tats-Unis), <a href=\"https:\/\/lotuszenincense.co.uk\/\"><strong>LotusZen Incense<\/strong><\/a> (Royaume-Uni) et <a href=\"https:\/\/www.raeucherwelt.ch\/\"><b>R\u00e4ucherWelt.ch<\/b><\/a> (Suisse). Nous vous invitons chaleureusement \u00e0 rejoindre ce groupe estim\u00e9 de partenaires de confiance. Nous offrons des conditions flexibles et attractives pour les distributeurs, y compris des prix bas\u00e9s sur le volume.<\/p>\n<p>Notre encens est \u00e9galement disponible en <b>vrac<\/b> non emball\u00e9, ce qui vous permet de le vendre sous <b>votre propre marque<\/b> (veuillez noter : nous ne g\u00e9rons pas la conception ou l&#8217;impression de l&#8217;emballage, car il s&#8217;agit d&#8217;un processus cr\u00e9atif et chronophage qui serait mieux g\u00e9r\u00e9 par votre \u00e9quipe). En tant qu&#8217;entreprise familiale, nous comprenons les besoins des propri\u00e9taires de petites entreprises. Nous nous engageons \u00e0 soutenir les entrepreneurs de toutes sortes et de toutes tailles, en les aidant \u00e0 se lancer dans l&#8217;aventure de la cr\u00e9ation et de la vente d&#8217;encens sous leur propre marque. N&#8217;h\u00e9sitez pas \u00e0 nous contacter pour une discussion amicale : au <b>+33 7 5383 7552<\/b> ou par e-mail \u00e0 : <a href=\"mailto:welcome@bhagwan-incense.com\"><b>welcome@bhagwan-incense.com<\/b><\/a><\/p>\n\t\t<\/div>\n\t\t\t\t\t<\/div>\n\n\t\n<\/div>\n\t\t<\/div>\n\n\t\t\n<style>\n#section_127573189 {\n  padding-top: 80px;\n  padding-bottom: 80px;\n}\n<\/style>\n\t<\/section>\n\t\n\t<section class=\"section\" id=\"section_1511536360\">\n\t\t<div class=\"bg section-bg fill bg-fill  bg-loaded\" >\n\n\t\t\t\n\t\t\t\n\t\t\t\n\n\t\t<\/div>\n\n\t\t\n\n\t\t<div class=\"section-content relative\">\n\t\t\t\n<div class=\"row align-center\"  id=\"row-1674726856\">\n\n\t<div id=\"col-1682079837\" class=\"col medium-7 small-12 large-7\"  >\n\t\t\t\t<div class=\"col-inner text-center\"  >\n\t\t\t\n\t\t\t\n\t\t<\/div>\n\t\t\t\t\n<style>\n#col-1682079837 > .col-inner {\n  padding: 30px 0px 0px 0px;\n}\n<\/style>\n\t<\/div>\n\n\t\n<\/div>\n\t\t<\/div>\n\n\t\t\n<style>\n#section_1511536360 {\n  padding-top: 0px;\n  padding-bottom: 0px;\n}\n<\/style>\n\t<\/section>\n\t\n","protected":false},"excerpt":{"rendered":"","protected":false},"author":1,"featured_media":0,"parent":0,"menu_order":0,"comment_status":"closed","ping_status":"closed","template":"page-blank.php","meta":{"footnotes":""},"class_list":["post-2595","page","type-page","status-publish","hentry"],"yoast_head":"<!-- This site is optimized with the Yoast SEO plugin v27.5 - https:\/\/yoast.com\/product\/yoast-seo-wordpress\/ -->\n<title>Lib\u00e9rez les opportunit\u00e9s : Distribuez le bonheur avec notre encens.<\/title>\n<meta name=\"description\" content=\"Rejoignez notre programme de distribution et propagez le bonheur gr\u00e2ce \u00e0 nos offrandes d&#039;encens parfum\u00e9. D\u00e9couvrez des conditions flexibles et des opportunit\u00e9s de partenariat. Contactez-nous d\u00e8s aujourd&#039;hui!\" \/>\n<meta name=\"robots\" content=\"index, follow, max-snippet:-1, max-image-preview:large, max-video-preview:-1\" \/>\n<link rel=\"canonical\" href=\"https:\/\/bhagwan-incense.com\/fr\/fourniture-dencens-en-gros-et-en-vrac\/\" \/>\n<meta property=\"og:locale\" content=\"fr_FR\" \/>\n<meta property=\"og:type\" content=\"article\" \/>\n<meta property=\"og:title\" content=\"Lib\u00e9rez les opportunit\u00e9s : Distribuez le bonheur avec notre encens.\" \/>\n<meta property=\"og:description\" content=\"Rejoignez notre programme de distribution et propagez le bonheur gr\u00e2ce \u00e0 nos offrandes d&#039;encens parfum\u00e9. D\u00e9couvrez des conditions flexibles et des opportunit\u00e9s de partenariat. Contactez-nous d\u00e8s aujourd&#039;hui!\" \/>\n<meta property=\"og:url\" content=\"https:\/\/bhagwan-incense.com\/fr\/fourniture-dencens-en-gros-et-en-vrac\/\" \/>\n<meta property=\"og:site_name\" content=\"Bhagwan Incense | EU and Worldwide Shop\" \/>\n<meta property=\"article:publisher\" content=\"https:\/\/www.facebook.com\/profile.php?id=100093081477613&amp;mibextid=ZbWKwLp\" \/>\n<meta property=\"article:modified_time\" content=\"2025-11-18T17:30:17+00:00\" \/>\n<meta property=\"og:image\" content=\"https:\/\/bhagwan-incense.com\/wp-content\/uploads\/2023\/06\/Site-4.jpg?wsr\" \/>\n\t<meta property=\"og:image:width\" content=\"2000\" \/>\n\t<meta property=\"og:image:height\" content=\"1333\" \/>\n\t<meta property=\"og:image:type\" content=\"image\/jpeg\" \/>\n<meta name=\"twitter:card\" content=\"summary_large_image\" \/>\n<meta name=\"twitter:label1\" content=\"Dur\u00e9e de lecture estim\u00e9e\" \/>\n\t<meta name=\"twitter:data1\" content=\"1 minute\" \/>\n<script type=\"application\/ld+json\" class=\"yoast-schema-graph\">{\"@context\":\"https:\\\/\\\/schema.org\",\"@graph\":[{\"@type\":\"WebPage\",\"@id\":\"https:\\\/\\\/bhagwan-incense.com\\\/fr\\\/fourniture-dencens-en-gros-et-en-vrac\\\/\",\"url\":\"https:\\\/\\\/bhagwan-incense.com\\\/fr\\\/fourniture-dencens-en-gros-et-en-vrac\\\/\",\"name\":\"Lib\u00e9rez les opportunit\u00e9s : Distribuez le bonheur avec notre encens.\",\"isPartOf\":{\"@id\":\"https:\\\/\\\/bhagwan-incense.com\\\/fr\\\/#website\"},\"datePublished\":\"2022-12-21T09:24:59+00:00\",\"dateModified\":\"2025-11-18T17:30:17+00:00\",\"description\":\"Rejoignez notre programme de distribution et propagez le bonheur gr\u00e2ce \u00e0 nos offrandes d'encens parfum\u00e9. D\u00e9couvrez des conditions flexibles et des opportunit\u00e9s de partenariat. Contactez-nous d\u00e8s aujourd'hui!\",\"breadcrumb\":{\"@id\":\"https:\\\/\\\/bhagwan-incense.com\\\/fr\\\/fourniture-dencens-en-gros-et-en-vrac\\\/#breadcrumb\"},\"inLanguage\":\"fr-FR\",\"potentialAction\":[{\"@type\":\"ReadAction\",\"target\":[\"https:\\\/\\\/bhagwan-incense.com\\\/fr\\\/fourniture-dencens-en-gros-et-en-vrac\\\/\"]}]},{\"@type\":\"BreadcrumbList\",\"@id\":\"https:\\\/\\\/bhagwan-incense.com\\\/fr\\\/fourniture-dencens-en-gros-et-en-vrac\\\/#breadcrumb\",\"itemListElement\":[{\"@type\":\"ListItem\",\"position\":1,\"name\":\"Home\",\"item\":\"https:\\\/\\\/bhagwan-incense.com\\\/fr\\\/\"},{\"@type\":\"ListItem\",\"position\":2,\"name\":\"Fourniture d&#8217;encens en gros et en vrac\"}]},{\"@type\":\"WebSite\",\"@id\":\"https:\\\/\\\/bhagwan-incense.com\\\/fr\\\/#website\",\"url\":\"https:\\\/\\\/bhagwan-incense.com\\\/fr\\\/\",\"name\":\"Bhagwan Incense | EU and Worldwide Incense Shop\",\"description\":\"Pure and Natural Incense from India\",\"publisher\":{\"@id\":\"https:\\\/\\\/bhagwan-incense.com\\\/fr\\\/#organization\"},\"potentialAction\":[{\"@type\":\"SearchAction\",\"target\":{\"@type\":\"EntryPoint\",\"urlTemplate\":\"https:\\\/\\\/bhagwan-incense.com\\\/fr\\\/?s={search_term_string}\"},\"query-input\":{\"@type\":\"PropertyValueSpecification\",\"valueRequired\":true,\"valueName\":\"search_term_string\"}}],\"inLanguage\":\"fr-FR\"},{\"@type\":\"Organization\",\"@id\":\"https:\\\/\\\/bhagwan-incense.com\\\/fr\\\/#organization\",\"name\":\"Bhagwan incense\",\"url\":\"https:\\\/\\\/bhagwan-incense.com\\\/fr\\\/\",\"logo\":{\"@type\":\"ImageObject\",\"inLanguage\":\"fr-FR\",\"@id\":\"https:\\\/\\\/bhagwan-incense.com\\\/fr\\\/#\\\/schema\\\/logo\\\/image\\\/\",\"url\":\"https:\\\/\\\/bhagwan-incense.com\\\/wp-content\\\/uploads\\\/2023\\\/06\\\/Logo-black.png\",\"contentUrl\":\"https:\\\/\\\/bhagwan-incense.com\\\/wp-content\\\/uploads\\\/2023\\\/06\\\/Logo-black.png\",\"width\":150,\"height\":150,\"caption\":\"Bhagwan incense\"},\"image\":{\"@id\":\"https:\\\/\\\/bhagwan-incense.com\\\/fr\\\/#\\\/schema\\\/logo\\\/image\\\/\"},\"sameAs\":[\"https:\\\/\\\/www.facebook.com\\\/profile.php?id=100093081477613&mibextid=ZbWKwLp\",\"https:\\\/\\\/www.instagram.com\\\/bhagwan_incense\\\/\"]}]}<\/script>\n<!-- \/ Yoast SEO plugin. -->","yoast_head_json":{"title":"Lib\u00e9rez les opportunit\u00e9s : Distribuez le bonheur avec notre encens.","description":"Rejoignez notre programme de distribution et propagez le bonheur gr\u00e2ce \u00e0 nos offrandes d'encens parfum\u00e9. D\u00e9couvrez des conditions flexibles et des opportunit\u00e9s de partenariat. Contactez-nous d\u00e8s aujourd'hui!","robots":{"index":"index","follow":"follow","max-snippet":"max-snippet:-1","max-image-preview":"max-image-preview:large","max-video-preview":"max-video-preview:-1"},"canonical":"https:\/\/bhagwan-incense.com\/fr\/fourniture-dencens-en-gros-et-en-vrac\/","og_locale":"fr_FR","og_type":"article","og_title":"Lib\u00e9rez les opportunit\u00e9s : Distribuez le bonheur avec notre encens.","og_description":"Rejoignez notre programme de distribution et propagez le bonheur gr\u00e2ce \u00e0 nos offrandes d'encens parfum\u00e9. D\u00e9couvrez des conditions flexibles et des opportunit\u00e9s de partenariat. Contactez-nous d\u00e8s aujourd'hui!","og_url":"https:\/\/bhagwan-incense.com\/fr\/fourniture-dencens-en-gros-et-en-vrac\/","og_site_name":"Bhagwan Incense | EU and Worldwide Shop","article_publisher":"https:\/\/www.facebook.com\/profile.php?id=100093081477613&mibextid=ZbWKwLp","article_modified_time":"2025-11-18T17:30:17+00:00","og_image":[{"width":2000,"height":1333,"url":"https:\/\/bhagwan-incense.com\/wp-content\/uploads\/2023\/06\/Site-4.jpg?wsr","type":"image\/jpeg"}],"twitter_card":"summary_large_image","twitter_misc":{"Dur\u00e9e de lecture estim\u00e9e":"1 minute"},"schema":{"@context":"https:\/\/schema.org","@graph":[{"@type":"WebPage","@id":"https:\/\/bhagwan-incense.com\/fr\/fourniture-dencens-en-gros-et-en-vrac\/","url":"https:\/\/bhagwan-incense.com\/fr\/fourniture-dencens-en-gros-et-en-vrac\/","name":"Lib\u00e9rez les opportunit\u00e9s : Distribuez le bonheur avec notre encens.","isPartOf":{"@id":"https:\/\/bhagwan-incense.com\/fr\/#website"},"datePublished":"2022-12-21T09:24:59+00:00","dateModified":"2025-11-18T17:30:17+00:00","description":"Rejoignez notre programme de distribution et propagez le bonheur gr\u00e2ce \u00e0 nos offrandes d'encens parfum\u00e9. D\u00e9couvrez des conditions flexibles et des opportunit\u00e9s de partenariat. Contactez-nous d\u00e8s aujourd'hui!","breadcrumb":{"@id":"https:\/\/bhagwan-incense.com\/fr\/fourniture-dencens-en-gros-et-en-vrac\/#breadcrumb"},"inLanguage":"fr-FR","potentialAction":[{"@type":"ReadAction","target":["https:\/\/bhagwan-incense.com\/fr\/fourniture-dencens-en-gros-et-en-vrac\/"]}]},{"@type":"BreadcrumbList","@id":"https:\/\/bhagwan-incense.com\/fr\/fourniture-dencens-en-gros-et-en-vrac\/#breadcrumb","itemListElement":[{"@type":"ListItem","position":1,"name":"Home","item":"https:\/\/bhagwan-incense.com\/fr\/"},{"@type":"ListItem","position":2,"name":"Fourniture d&#8217;encens en gros et en vrac"}]},{"@type":"WebSite","@id":"https:\/\/bhagwan-incense.com\/fr\/#website","url":"https:\/\/bhagwan-incense.com\/fr\/","name":"Bhagwan Incense | EU and Worldwide Incense Shop","description":"Pure and Natural Incense from India","publisher":{"@id":"https:\/\/bhagwan-incense.com\/fr\/#organization"},"potentialAction":[{"@type":"SearchAction","target":{"@type":"EntryPoint","urlTemplate":"https:\/\/bhagwan-incense.com\/fr\/?s={search_term_string}"},"query-input":{"@type":"PropertyValueSpecification","valueRequired":true,"valueName":"search_term_string"}}],"inLanguage":"fr-FR"},{"@type":"Organization","@id":"https:\/\/bhagwan-incense.com\/fr\/#organization","name":"Bhagwan incense","url":"https:\/\/bhagwan-incense.com\/fr\/","logo":{"@type":"ImageObject","inLanguage":"fr-FR","@id":"https:\/\/bhagwan-incense.com\/fr\/#\/schema\/logo\/image\/","url":"https:\/\/bhagwan-incense.com\/wp-content\/uploads\/2023\/06\/Logo-black.png","contentUrl":"https:\/\/bhagwan-incense.com\/wp-content\/uploads\/2023\/06\/Logo-black.png","width":150,"height":150,"caption":"Bhagwan incense"},"image":{"@id":"https:\/\/bhagwan-incense.com\/fr\/#\/schema\/logo\/image\/"},"sameAs":["https:\/\/www.facebook.com\/profile.php?id=100093081477613&mibextid=ZbWKwLp","https:\/\/www.instagram.com\/bhagwan_incense\/"]}]}},"_links":{"self":[{"href":"https:\/\/bhagwan-incense.com\/fr\/wp-json\/wp\/v2\/pages\/2595","targetHints":{"allow":["GET"]}}],"collection":[{"href":"https:\/\/bhagwan-incense.com\/fr\/wp-json\/wp\/v2\/pages"}],"about":[{"href":"https:\/\/bhagwan-incense.com\/fr\/wp-json\/wp\/v2\/types\/page"}],"author":[{"embeddable":true,"href":"https:\/\/bhagwan-incense.com\/fr\/wp-json\/wp\/v2\/users\/1"}],"replies":[{"embeddable":true,"href":"https:\/\/bhagwan-incense.com\/fr\/wp-json\/wp\/v2\/comments?post=2595"}],"version-history":[{"count":13,"href":"https:\/\/bhagwan-incense.com\/fr\/wp-json\/wp\/v2\/pages\/2595\/revisions"}],"predecessor-version":[{"id":16869,"href":"https:\/\/bhagwan-incense.com\/fr\/wp-json\/wp\/v2\/pages\/2595\/revisions\/16869"}],"wp:attachment":[{"href":"https:\/\/bhagwan-incense.com\/fr\/wp-json\/wp\/v2\/media?parent=2595"}],"curies":[{"name":"wp","href":"https:\/\/api.w.org\/{rel}","templated":true}]}}