{"id":13637,"date":"2024-02-29T13:49:38","date_gmt":"2024-02-29T12:49:38","guid":{"rendered":"https:\/\/bhagwan-incense.com\/?post_type=product&#038;p=13637"},"modified":"2026-03-30T23:36:32","modified_gmt":"2026-03-30T21:36:32","slug":"oud-imperial-batonnets-dencens","status":"publish","type":"product","link":"https:\/\/bhagwan-incense.com\/fr\/produit\/oud-imperial-batonnets-dencens\/","title":{"rendered":"Oud Imp\u00e9rial B\u00e2tonnets d&#8217;Encens"},"content":{"rendered":"<p>Doux, terreux, ancr\u00e9 et bois\u00e9, ce jeune oud est riche, intemporel et profond\u00e9ment parfum\u00e9, avec une note r\u00e9sineuse lisse et arrondie. Plein de caract\u00e8re \u00e9vocateur, il r\u00e9v\u00e8le une nature vive et puissante, tout en restant merveilleusement d\u00e9pourvu de toute rudesse.<\/p>\n","protected":false},"excerpt":{"rendered":"<p>Jeune oud. Doux et chaleureux, avec un profil olfactif dense, bois\u00e9-r\u00e9sineux, et des notes de bois distinctes.<\/p>\n","protected":false},"featured_media":13639,"comment_status":"open","ping_status":"closed","template":"","meta":[],"product_brand":[],"product_cat":[60,63],"product_tag":[75,72,73],"class_list":{"0":"post-13637","1":"product","2":"type-product","3":"status-publish","4":"has-post-thumbnail","6":"product_cat-boise","7":"product_cat-oud","8":"product_tag-boise","9":"product_tag-oriental-fr","10":"product_tag-resineux","12":"first","13":"instock","14":"shipping-taxable","15":"purchasable","16":"product-type-simple"},"yoast_head":"<!-- This site is optimized with the Yoast SEO plugin v27.5 - https:\/\/yoast.com\/product\/yoast-seo-wordpress\/ -->\n<title>B\u00e2tonnets d&#039;encens Imp\u00e9rial Oudh - Fragrance authentique d&#039;agarwood<\/title>\n<meta name=\"description\" content=\"D\u00e9couvrez l&#039;essence royale de l&#039;oudh avec notre m\u00e9lange luxueux, \u00e9voquant la chaleur et la puissance de l&#039;huile d&#039;oudh authentique. Contrairement aux alternatives moins ch\u00e8res, notre oudh incarne une puissance gracieuse, exempte de nettet\u00e9 ou de notes de cologne typiques.\" \/>\n<meta name=\"robots\" content=\"index, follow, max-snippet:-1, max-image-preview:large, max-video-preview:-1\" \/>\n<link rel=\"canonical\" href=\"https:\/\/bhagwan-incense.com\/fr\/produit\/oud-imperial-batonnets-dencens\/\" \/>\n<meta property=\"og:locale\" content=\"fr_FR\" \/>\n<meta property=\"og:type\" content=\"article\" \/>\n<meta property=\"og:title\" content=\"B\u00e2tonnets d&#039;encens Imp\u00e9rial Oudh - Fragrance authentique d&#039;agarwood\" \/>\n<meta property=\"og:description\" content=\"D\u00e9couvrez l&#039;essence royale de l&#039;oudh avec notre m\u00e9lange luxueux, \u00e9voquant la chaleur et la puissance de l&#039;huile d&#039;oudh authentique. Contrairement aux alternatives moins ch\u00e8res, notre oudh incarne une puissance gracieuse, exempte de nettet\u00e9 ou de notes de cologne typiques.\" \/>\n<meta property=\"og:url\" content=\"https:\/\/bhagwan-incense.com\/fr\/produit\/oud-imperial-batonnets-dencens\/\" \/>\n<meta property=\"og:site_name\" content=\"Bhagwan Incense | EU and Worldwide Shop\" \/>\n<meta property=\"article:publisher\" content=\"https:\/\/www.facebook.com\/profile.php?id=100093081477613&amp;mibextid=ZbWKwLp\" \/>\n<meta property=\"article:modified_time\" content=\"2026-03-30T21:36:32+00:00\" \/>\n<meta property=\"og:image\" content=\"https:\/\/bhagwan-incense.com\/wp-content\/uploads\/2024\/02\/Imperial-Oudh_2.jpg?wsr\" \/>\n\t<meta property=\"og:image:width\" content=\"853\" \/>\n\t<meta property=\"og:image:height\" content=\"1280\" \/>\n\t<meta property=\"og:image:type\" content=\"image\/jpeg\" \/>\n<meta name=\"twitter:card\" content=\"summary_large_image\" \/>\n<meta name=\"twitter:label1\" content=\"Dur\u00e9e de lecture estim\u00e9e\" \/>\n\t<meta name=\"twitter:data1\" content=\"1 minute\" \/>\n<script type=\"application\/ld+json\" class=\"yoast-schema-graph\">{\"@context\":\"https:\\\/\\\/schema.org\",\"@graph\":[{\"@type\":\"WebPage\",\"@id\":\"https:\\\/\\\/bhagwan-incense.com\\\/fr\\\/produit\\\/oud-imperial-batonnets-dencens\\\/\",\"url\":\"https:\\\/\\\/bhagwan-incense.com\\\/fr\\\/produit\\\/oud-imperial-batonnets-dencens\\\/\",\"name\":\"B\u00e2tonnets d'encens Imp\u00e9rial Oudh - Fragrance authentique d'agarwood\",\"isPartOf\":{\"@id\":\"https:\\\/\\\/bhagwan-incense.com\\\/fr\\\/#website\"},\"primaryImageOfPage\":{\"@id\":\"https:\\\/\\\/bhagwan-incense.com\\\/fr\\\/produit\\\/oud-imperial-batonnets-dencens\\\/#primaryimage\"},\"image\":{\"@id\":\"https:\\\/\\\/bhagwan-incense.com\\\/fr\\\/produit\\\/oud-imperial-batonnets-dencens\\\/#primaryimage\"},\"thumbnailUrl\":\"https:\\\/\\\/bhagwan-incense.com\\\/wp-content\\\/uploads\\\/2024\\\/02\\\/Imperial-Oudh_2.jpg?wsr\",\"datePublished\":\"2024-02-29T12:49:38+00:00\",\"dateModified\":\"2026-03-30T21:36:32+00:00\",\"description\":\"D\u00e9couvrez l'essence royale de l'oudh avec notre m\u00e9lange luxueux, \u00e9voquant la chaleur et la puissance de l'huile d'oudh authentique. Contrairement aux alternatives moins ch\u00e8res, notre oudh incarne une puissance gracieuse, exempte de nettet\u00e9 ou de notes de cologne typiques.\",\"breadcrumb\":{\"@id\":\"https:\\\/\\\/bhagwan-incense.com\\\/fr\\\/produit\\\/oud-imperial-batonnets-dencens\\\/#breadcrumb\"},\"inLanguage\":\"fr-FR\",\"potentialAction\":[{\"@type\":\"ReadAction\",\"target\":[\"https:\\\/\\\/bhagwan-incense.com\\\/fr\\\/produit\\\/oud-imperial-batonnets-dencens\\\/\"]}]},{\"@type\":\"ImageObject\",\"inLanguage\":\"fr-FR\",\"@id\":\"https:\\\/\\\/bhagwan-incense.com\\\/fr\\\/produit\\\/oud-imperial-batonnets-dencens\\\/#primaryimage\",\"url\":\"https:\\\/\\\/bhagwan-incense.com\\\/wp-content\\\/uploads\\\/2024\\\/02\\\/Imperial-Oudh_2.jpg?wsr\",\"contentUrl\":\"https:\\\/\\\/bhagwan-incense.com\\\/wp-content\\\/uploads\\\/2024\\\/02\\\/Imperial-Oudh_2.jpg?wsr\",\"width\":853,\"height\":1280},{\"@type\":\"BreadcrumbList\",\"@id\":\"https:\\\/\\\/bhagwan-incense.com\\\/fr\\\/produit\\\/oud-imperial-batonnets-dencens\\\/#breadcrumb\",\"itemListElement\":[{\"@type\":\"ListItem\",\"position\":1,\"name\":\"Home\",\"item\":\"https:\\\/\\\/bhagwan-incense.com\\\/fr\\\/\"},{\"@type\":\"ListItem\",\"position\":2,\"name\":\"Boutique\",\"item\":\"https:\\\/\\\/bhagwan-incense.com\\\/fr\\\/boutique\\\/\"},{\"@type\":\"ListItem\",\"position\":3,\"name\":\"Oud Imp\u00e9rial B\u00e2tonnets d&#8217;Encens\"}]},{\"@type\":\"WebSite\",\"@id\":\"https:\\\/\\\/bhagwan-incense.com\\\/fr\\\/#website\",\"url\":\"https:\\\/\\\/bhagwan-incense.com\\\/fr\\\/\",\"name\":\"Bhagwan Incense | EU and Worldwide Incense Shop\",\"description\":\"Pure and Natural Incense from India\",\"publisher\":{\"@id\":\"https:\\\/\\\/bhagwan-incense.com\\\/fr\\\/#organization\"},\"potentialAction\":[{\"@type\":\"SearchAction\",\"target\":{\"@type\":\"EntryPoint\",\"urlTemplate\":\"https:\\\/\\\/bhagwan-incense.com\\\/fr\\\/?s={search_term_string}\"},\"query-input\":{\"@type\":\"PropertyValueSpecification\",\"valueRequired\":true,\"valueName\":\"search_term_string\"}}],\"inLanguage\":\"fr-FR\"},{\"@type\":\"Organization\",\"@id\":\"https:\\\/\\\/bhagwan-incense.com\\\/fr\\\/#organization\",\"name\":\"Bhagwan incense\",\"url\":\"https:\\\/\\\/bhagwan-incense.com\\\/fr\\\/\",\"logo\":{\"@type\":\"ImageObject\",\"inLanguage\":\"fr-FR\",\"@id\":\"https:\\\/\\\/bhagwan-incense.com\\\/fr\\\/#\\\/schema\\\/logo\\\/image\\\/\",\"url\":\"https:\\\/\\\/bhagwan-incense.com\\\/wp-content\\\/uploads\\\/2023\\\/06\\\/Logo-black.png\",\"contentUrl\":\"https:\\\/\\\/bhagwan-incense.com\\\/wp-content\\\/uploads\\\/2023\\\/06\\\/Logo-black.png\",\"width\":150,\"height\":150,\"caption\":\"Bhagwan incense\"},\"image\":{\"@id\":\"https:\\\/\\\/bhagwan-incense.com\\\/fr\\\/#\\\/schema\\\/logo\\\/image\\\/\"},\"sameAs\":[\"https:\\\/\\\/www.facebook.com\\\/profile.php?id=100093081477613&mibextid=ZbWKwLp\",\"https:\\\/\\\/www.instagram.com\\\/bhagwan_incense\\\/\"]}]}<\/script>\n<!-- \/ Yoast SEO plugin. -->","yoast_head_json":{"title":"B\u00e2tonnets d'encens Imp\u00e9rial Oudh - Fragrance authentique d'agarwood","description":"D\u00e9couvrez l'essence royale de l'oudh avec notre m\u00e9lange luxueux, \u00e9voquant la chaleur et la puissance de l'huile d'oudh authentique. Contrairement aux alternatives moins ch\u00e8res, notre oudh incarne une puissance gracieuse, exempte de nettet\u00e9 ou de notes de cologne typiques.","robots":{"index":"index","follow":"follow","max-snippet":"max-snippet:-1","max-image-preview":"max-image-preview:large","max-video-preview":"max-video-preview:-1"},"canonical":"https:\/\/bhagwan-incense.com\/fr\/produit\/oud-imperial-batonnets-dencens\/","og_locale":"fr_FR","og_type":"article","og_title":"B\u00e2tonnets d'encens Imp\u00e9rial Oudh - Fragrance authentique d'agarwood","og_description":"D\u00e9couvrez l'essence royale de l'oudh avec notre m\u00e9lange luxueux, \u00e9voquant la chaleur et la puissance de l'huile d'oudh authentique. Contrairement aux alternatives moins ch\u00e8res, notre oudh incarne une puissance gracieuse, exempte de nettet\u00e9 ou de notes de cologne typiques.","og_url":"https:\/\/bhagwan-incense.com\/fr\/produit\/oud-imperial-batonnets-dencens\/","og_site_name":"Bhagwan Incense | EU and Worldwide Shop","article_publisher":"https:\/\/www.facebook.com\/profile.php?id=100093081477613&mibextid=ZbWKwLp","article_modified_time":"2026-03-30T21:36:32+00:00","og_image":[{"width":853,"height":1280,"url":"https:\/\/bhagwan-incense.com\/wp-content\/uploads\/2024\/02\/Imperial-Oudh_2.jpg?wsr","type":"image\/jpeg"}],"twitter_card":"summary_large_image","twitter_misc":{"Dur\u00e9e de lecture estim\u00e9e":"1 minute"},"schema":{"@context":"https:\/\/schema.org","@graph":[{"@type":"WebPage","@id":"https:\/\/bhagwan-incense.com\/fr\/produit\/oud-imperial-batonnets-dencens\/","url":"https:\/\/bhagwan-incense.com\/fr\/produit\/oud-imperial-batonnets-dencens\/","name":"B\u00e2tonnets d'encens Imp\u00e9rial Oudh - Fragrance authentique d'agarwood","isPartOf":{"@id":"https:\/\/bhagwan-incense.com\/fr\/#website"},"primaryImageOfPage":{"@id":"https:\/\/bhagwan-incense.com\/fr\/produit\/oud-imperial-batonnets-dencens\/#primaryimage"},"image":{"@id":"https:\/\/bhagwan-incense.com\/fr\/produit\/oud-imperial-batonnets-dencens\/#primaryimage"},"thumbnailUrl":"https:\/\/bhagwan-incense.com\/wp-content\/uploads\/2024\/02\/Imperial-Oudh_2.jpg?wsr","datePublished":"2024-02-29T12:49:38+00:00","dateModified":"2026-03-30T21:36:32+00:00","description":"D\u00e9couvrez l'essence royale de l'oudh avec notre m\u00e9lange luxueux, \u00e9voquant la chaleur et la puissance de l'huile d'oudh authentique. Contrairement aux alternatives moins ch\u00e8res, notre oudh incarne une puissance gracieuse, exempte de nettet\u00e9 ou de notes de cologne typiques.","breadcrumb":{"@id":"https:\/\/bhagwan-incense.com\/fr\/produit\/oud-imperial-batonnets-dencens\/#breadcrumb"},"inLanguage":"fr-FR","potentialAction":[{"@type":"ReadAction","target":["https:\/\/bhagwan-incense.com\/fr\/produit\/oud-imperial-batonnets-dencens\/"]}]},{"@type":"ImageObject","inLanguage":"fr-FR","@id":"https:\/\/bhagwan-incense.com\/fr\/produit\/oud-imperial-batonnets-dencens\/#primaryimage","url":"https:\/\/bhagwan-incense.com\/wp-content\/uploads\/2024\/02\/Imperial-Oudh_2.jpg?wsr","contentUrl":"https:\/\/bhagwan-incense.com\/wp-content\/uploads\/2024\/02\/Imperial-Oudh_2.jpg?wsr","width":853,"height":1280},{"@type":"BreadcrumbList","@id":"https:\/\/bhagwan-incense.com\/fr\/produit\/oud-imperial-batonnets-dencens\/#breadcrumb","itemListElement":[{"@type":"ListItem","position":1,"name":"Home","item":"https:\/\/bhagwan-incense.com\/fr\/"},{"@type":"ListItem","position":2,"name":"Boutique","item":"https:\/\/bhagwan-incense.com\/fr\/boutique\/"},{"@type":"ListItem","position":3,"name":"Oud Imp\u00e9rial B\u00e2tonnets d&#8217;Encens"}]},{"@type":"WebSite","@id":"https:\/\/bhagwan-incense.com\/fr\/#website","url":"https:\/\/bhagwan-incense.com\/fr\/","name":"Bhagwan Incense | EU and Worldwide Incense Shop","description":"Pure and Natural Incense from India","publisher":{"@id":"https:\/\/bhagwan-incense.com\/fr\/#organization"},"potentialAction":[{"@type":"SearchAction","target":{"@type":"EntryPoint","urlTemplate":"https:\/\/bhagwan-incense.com\/fr\/?s={search_term_string}"},"query-input":{"@type":"PropertyValueSpecification","valueRequired":true,"valueName":"search_term_string"}}],"inLanguage":"fr-FR"},{"@type":"Organization","@id":"https:\/\/bhagwan-incense.com\/fr\/#organization","name":"Bhagwan incense","url":"https:\/\/bhagwan-incense.com\/fr\/","logo":{"@type":"ImageObject","inLanguage":"fr-FR","@id":"https:\/\/bhagwan-incense.com\/fr\/#\/schema\/logo\/image\/","url":"https:\/\/bhagwan-incense.com\/wp-content\/uploads\/2023\/06\/Logo-black.png","contentUrl":"https:\/\/bhagwan-incense.com\/wp-content\/uploads\/2023\/06\/Logo-black.png","width":150,"height":150,"caption":"Bhagwan incense"},"image":{"@id":"https:\/\/bhagwan-incense.com\/fr\/#\/schema\/logo\/image\/"},"sameAs":["https:\/\/www.facebook.com\/profile.php?id=100093081477613&mibextid=ZbWKwLp","https:\/\/www.instagram.com\/bhagwan_incense\/"]}]}},"_links":{"self":[{"href":"https:\/\/bhagwan-incense.com\/fr\/wp-json\/wp\/v2\/product\/13637","targetHints":{"allow":["GET"]}}],"collection":[{"href":"https:\/\/bhagwan-incense.com\/fr\/wp-json\/wp\/v2\/product"}],"about":[{"href":"https:\/\/bhagwan-incense.com\/fr\/wp-json\/wp\/v2\/types\/product"}],"replies":[{"embeddable":true,"href":"https:\/\/bhagwan-incense.com\/fr\/wp-json\/wp\/v2\/comments?post=13637"}],"wp:featuredmedia":[{"embeddable":true,"href":"https:\/\/bhagwan-incense.com\/fr\/wp-json\/wp\/v2\/media\/13639"}],"wp:attachment":[{"href":"https:\/\/bhagwan-incense.com\/fr\/wp-json\/wp\/v2\/media?parent=13637"}],"wp:term":[{"taxonomy":"product_brand","embeddable":true,"href":"https:\/\/bhagwan-incense.com\/fr\/wp-json\/wp\/v2\/product_brand?post=13637"},{"taxonomy":"product_cat","embeddable":true,"href":"https:\/\/bhagwan-incense.com\/fr\/wp-json\/wp\/v2\/product_cat?post=13637"},{"taxonomy":"product_tag","embeddable":true,"href":"https:\/\/bhagwan-incense.com\/fr\/wp-json\/wp\/v2\/product_tag?post=13637"}],"curies":[{"name":"wp","href":"https:\/\/api.w.org\/{rel}","templated":true}]}}