{"id":13670,"date":"2024-03-01T14:01:49","date_gmt":"2024-03-01T13:01:49","guid":{"rendered":"https:\/\/bhagwan-incense.com\/?post_type=product&#038;p=13670"},"modified":"2026-03-28T14:40:33","modified_gmt":"2026-03-28T13:40:33","slug":"oud-et-rose-batonnets-dencens","status":"publish","type":"product","link":"https:\/\/bhagwan-incense.com\/fr\/produit\/oud-et-rose-batonnets-dencens\/","title":{"rendered":"Oud et Rose B\u00e2tonnets d&#8217;Encens"},"content":{"rendered":"<p>Un superbe mariage entre l&#8217;oud d&#8217;Assam et l&#8217;huile de rose bulgare : des notes bois\u00e9es et musqu\u00e9es douces s&#8217;entrem\u00ealent avec la d\u00e9licatesse sucr\u00e9e d&#8217;une rose. C&#8217;est la rencontre entre le masculin et le f\u00e9minin, entre la Terre et le Ciel. L&#8217;oud d&#8217;Assam, connu pour son profil plus doux, et la rose bulgare, r\u00e9put\u00e9e pour son profil sucr\u00e9 et pur, offrent une combinaison \u00e0 la fois bois\u00e9e, musqu\u00e9e, florale et a\u00e9rienne. Imaginez les notes velout\u00e9es de l&#8217;oud tournoyant autour des p\u00e9tales d\u00e9licats de rose, cr\u00e9ant une danse terrestre-florale dans l&#8217;air.<\/p>\n","protected":false},"excerpt":{"rendered":"<p>Un superbe mariage entre l&#8217;oud d&#8217;Assam et l&#8217;huile de rose bulgare : des notes bois\u00e9es et musqu\u00e9es douces s&#8217;entrem\u00ealent avec la d\u00e9licatesse sucr\u00e9e d&#8217;une rose. C&#8217;est la rencontre entre le masculin et le f\u00e9minin, entre la Terre et le Ciel.<\/p>\n","protected":false},"featured_media":13672,"comment_status":"open","ping_status":"closed","template":"","meta":[],"product_brand":[],"product_cat":[60,61,63,118],"product_tag":[75,72,73],"class_list":{"0":"post-13670","1":"product","2":"type-product","3":"status-publish","4":"has-post-thumbnail","6":"product_cat-boise","7":"product_cat-floral","8":"product_cat-oud","9":"product_cat-rose-fr","10":"product_tag-boise","11":"product_tag-oriental-fr","12":"product_tag-resineux","14":"first","15":"instock","16":"shipping-taxable","17":"purchasable","18":"product-type-simple"},"yoast_head":"<!-- This site is optimized with the Yoast SEO plugin v27.3 - https:\/\/yoast.com\/product\/yoast-seo-wordpress\/ -->\n<title>Harmonie florale et bois\u00e9e: Oud d&#039;Assam et huile de rose bulgare<\/title>\n<meta name=\"description\" content=\"Laissez-vous envo\u00fbter par une danse de contrastes fascinante. L&#039;oud d&#039;Assam, doux et bois\u00e9, se m\u00eale \u00e0 la d\u00e9licatesse sucr\u00e9e de l&#039;huile de rose bulgare. Une fragrance \u00e0 la fois masculine et f\u00e9minine, terrestre et a\u00e9rienne. Imaginez des notes velout\u00e9es d&#039;oud tourbillonnant autour de p\u00e9tales de rose d\u00e9licats, cr\u00e9ant un ballet floral et bois\u00e9 dans l&#039;air. D\u00e9couvrez ce parfum unique et envo\u00fbtant.\" \/>\n<meta name=\"robots\" content=\"index, follow, max-snippet:-1, max-image-preview:large, max-video-preview:-1\" \/>\n<link rel=\"canonical\" href=\"https:\/\/bhagwan-incense.com\/fr\/produit\/oud-et-rose-batonnets-dencens\/\" \/>\n<meta property=\"og:locale\" content=\"fr_FR\" \/>\n<meta property=\"og:type\" content=\"article\" \/>\n<meta property=\"og:title\" content=\"Harmonie florale et bois\u00e9e: Oud d&#039;Assam et huile de rose bulgare\" \/>\n<meta property=\"og:description\" content=\"Laissez-vous envo\u00fbter par une danse de contrastes fascinante. L&#039;oud d&#039;Assam, doux et bois\u00e9, se m\u00eale \u00e0 la d\u00e9licatesse sucr\u00e9e de l&#039;huile de rose bulgare. Une fragrance \u00e0 la fois masculine et f\u00e9minine, terrestre et a\u00e9rienne. Imaginez des notes velout\u00e9es d&#039;oud tourbillonnant autour de p\u00e9tales de rose d\u00e9licats, cr\u00e9ant un ballet floral et bois\u00e9 dans l&#039;air. D\u00e9couvrez ce parfum unique et envo\u00fbtant.\" \/>\n<meta property=\"og:url\" content=\"https:\/\/bhagwan-incense.com\/fr\/produit\/oud-et-rose-batonnets-dencens\/\" \/>\n<meta property=\"og:site_name\" content=\"Bhagwan Incense | EU and Worldwide Shop\" \/>\n<meta property=\"article:publisher\" content=\"https:\/\/www.facebook.com\/profile.php?id=100093081477613&amp;mibextid=ZbWKwLp\" \/>\n<meta property=\"article:modified_time\" content=\"2026-03-28T13:40:33+00:00\" \/>\n<meta property=\"og:image\" content=\"https:\/\/bhagwan-incense.com\/wp-content\/uploads\/2024\/03\/Oudh-and-Rose_2.jpg?wsr\" \/>\n\t<meta property=\"og:image:width\" content=\"853\" \/>\n\t<meta property=\"og:image:height\" content=\"1280\" \/>\n\t<meta property=\"og:image:type\" content=\"image\/jpeg\" \/>\n<meta name=\"twitter:card\" content=\"summary_large_image\" \/>\n<meta name=\"twitter:label1\" content=\"Dur\u00e9e de lecture estim\u00e9e\" \/>\n\t<meta name=\"twitter:data1\" content=\"1 minute\" \/>\n<script type=\"application\/ld+json\" class=\"yoast-schema-graph\">{\"@context\":\"https:\\\/\\\/schema.org\",\"@graph\":[{\"@type\":\"WebPage\",\"@id\":\"https:\\\/\\\/bhagwan-incense.com\\\/fr\\\/produit\\\/oud-et-rose-batonnets-dencens\\\/\",\"url\":\"https:\\\/\\\/bhagwan-incense.com\\\/fr\\\/produit\\\/oud-et-rose-batonnets-dencens\\\/\",\"name\":\"Harmonie florale et bois\u00e9e: Oud d'Assam et huile de rose bulgare\",\"isPartOf\":{\"@id\":\"https:\\\/\\\/bhagwan-incense.com\\\/fr\\\/#website\"},\"primaryImageOfPage\":{\"@id\":\"https:\\\/\\\/bhagwan-incense.com\\\/fr\\\/produit\\\/oud-et-rose-batonnets-dencens\\\/#primaryimage\"},\"image\":{\"@id\":\"https:\\\/\\\/bhagwan-incense.com\\\/fr\\\/produit\\\/oud-et-rose-batonnets-dencens\\\/#primaryimage\"},\"thumbnailUrl\":\"https:\\\/\\\/bhagwan-incense.com\\\/wp-content\\\/uploads\\\/2024\\\/03\\\/Oudh-and-Rose_2.jpg?wsr\",\"datePublished\":\"2024-03-01T13:01:49+00:00\",\"dateModified\":\"2026-03-28T13:40:33+00:00\",\"description\":\"Laissez-vous envo\u00fbter par une danse de contrastes fascinante. L'oud d'Assam, doux et bois\u00e9, se m\u00eale \u00e0 la d\u00e9licatesse sucr\u00e9e de l'huile de rose bulgare. Une fragrance \u00e0 la fois masculine et f\u00e9minine, terrestre et a\u00e9rienne. Imaginez des notes velout\u00e9es d'oud tourbillonnant autour de p\u00e9tales de rose d\u00e9licats, cr\u00e9ant un ballet floral et bois\u00e9 dans l'air. D\u00e9couvrez ce parfum unique et envo\u00fbtant.\",\"breadcrumb\":{\"@id\":\"https:\\\/\\\/bhagwan-incense.com\\\/fr\\\/produit\\\/oud-et-rose-batonnets-dencens\\\/#breadcrumb\"},\"inLanguage\":\"fr-FR\",\"potentialAction\":[{\"@type\":\"ReadAction\",\"target\":[\"https:\\\/\\\/bhagwan-incense.com\\\/fr\\\/produit\\\/oud-et-rose-batonnets-dencens\\\/\"]}]},{\"@type\":\"ImageObject\",\"inLanguage\":\"fr-FR\",\"@id\":\"https:\\\/\\\/bhagwan-incense.com\\\/fr\\\/produit\\\/oud-et-rose-batonnets-dencens\\\/#primaryimage\",\"url\":\"https:\\\/\\\/bhagwan-incense.com\\\/wp-content\\\/uploads\\\/2024\\\/03\\\/Oudh-and-Rose_2.jpg?wsr\",\"contentUrl\":\"https:\\\/\\\/bhagwan-incense.com\\\/wp-content\\\/uploads\\\/2024\\\/03\\\/Oudh-and-Rose_2.jpg?wsr\",\"width\":853,\"height\":1280},{\"@type\":\"BreadcrumbList\",\"@id\":\"https:\\\/\\\/bhagwan-incense.com\\\/fr\\\/produit\\\/oud-et-rose-batonnets-dencens\\\/#breadcrumb\",\"itemListElement\":[{\"@type\":\"ListItem\",\"position\":1,\"name\":\"Home\",\"item\":\"https:\\\/\\\/bhagwan-incense.com\\\/fr\\\/\"},{\"@type\":\"ListItem\",\"position\":2,\"name\":\"Boutique\",\"item\":\"https:\\\/\\\/bhagwan-incense.com\\\/fr\\\/boutique\\\/\"},{\"@type\":\"ListItem\",\"position\":3,\"name\":\"Oud et Rose B\u00e2tonnets d&#8217;Encens\"}]},{\"@type\":\"WebSite\",\"@id\":\"https:\\\/\\\/bhagwan-incense.com\\\/fr\\\/#website\",\"url\":\"https:\\\/\\\/bhagwan-incense.com\\\/fr\\\/\",\"name\":\"Bhagwan Incense | EU and Worldwide Incense Shop\",\"description\":\"Pure and Natural Incense from India\",\"publisher\":{\"@id\":\"https:\\\/\\\/bhagwan-incense.com\\\/fr\\\/#organization\"},\"potentialAction\":[{\"@type\":\"SearchAction\",\"target\":{\"@type\":\"EntryPoint\",\"urlTemplate\":\"https:\\\/\\\/bhagwan-incense.com\\\/fr\\\/?s={search_term_string}\"},\"query-input\":{\"@type\":\"PropertyValueSpecification\",\"valueRequired\":true,\"valueName\":\"search_term_string\"}}],\"inLanguage\":\"fr-FR\"},{\"@type\":\"Organization\",\"@id\":\"https:\\\/\\\/bhagwan-incense.com\\\/fr\\\/#organization\",\"name\":\"Bhagwan incense\",\"url\":\"https:\\\/\\\/bhagwan-incense.com\\\/fr\\\/\",\"logo\":{\"@type\":\"ImageObject\",\"inLanguage\":\"fr-FR\",\"@id\":\"https:\\\/\\\/bhagwan-incense.com\\\/fr\\\/#\\\/schema\\\/logo\\\/image\\\/\",\"url\":\"https:\\\/\\\/bhagwan-incense.com\\\/wp-content\\\/uploads\\\/2023\\\/06\\\/Logo-black.png\",\"contentUrl\":\"https:\\\/\\\/bhagwan-incense.com\\\/wp-content\\\/uploads\\\/2023\\\/06\\\/Logo-black.png\",\"width\":150,\"height\":150,\"caption\":\"Bhagwan incense\"},\"image\":{\"@id\":\"https:\\\/\\\/bhagwan-incense.com\\\/fr\\\/#\\\/schema\\\/logo\\\/image\\\/\"},\"sameAs\":[\"https:\\\/\\\/www.facebook.com\\\/profile.php?id=100093081477613&mibextid=ZbWKwLp\",\"https:\\\/\\\/www.instagram.com\\\/bhagwan_incense\\\/\"]}]}<\/script>\n<!-- \/ Yoast SEO plugin. -->","yoast_head_json":{"title":"Harmonie florale et bois\u00e9e: Oud d'Assam et huile de rose bulgare","description":"Laissez-vous envo\u00fbter par une danse de contrastes fascinante. L'oud d'Assam, doux et bois\u00e9, se m\u00eale \u00e0 la d\u00e9licatesse sucr\u00e9e de l'huile de rose bulgare. Une fragrance \u00e0 la fois masculine et f\u00e9minine, terrestre et a\u00e9rienne. Imaginez des notes velout\u00e9es d'oud tourbillonnant autour de p\u00e9tales de rose d\u00e9licats, cr\u00e9ant un ballet floral et bois\u00e9 dans l'air. D\u00e9couvrez ce parfum unique et envo\u00fbtant.","robots":{"index":"index","follow":"follow","max-snippet":"max-snippet:-1","max-image-preview":"max-image-preview:large","max-video-preview":"max-video-preview:-1"},"canonical":"https:\/\/bhagwan-incense.com\/fr\/produit\/oud-et-rose-batonnets-dencens\/","og_locale":"fr_FR","og_type":"article","og_title":"Harmonie florale et bois\u00e9e: Oud d'Assam et huile de rose bulgare","og_description":"Laissez-vous envo\u00fbter par une danse de contrastes fascinante. L'oud d'Assam, doux et bois\u00e9, se m\u00eale \u00e0 la d\u00e9licatesse sucr\u00e9e de l'huile de rose bulgare. Une fragrance \u00e0 la fois masculine et f\u00e9minine, terrestre et a\u00e9rienne. Imaginez des notes velout\u00e9es d'oud tourbillonnant autour de p\u00e9tales de rose d\u00e9licats, cr\u00e9ant un ballet floral et bois\u00e9 dans l'air. D\u00e9couvrez ce parfum unique et envo\u00fbtant.","og_url":"https:\/\/bhagwan-incense.com\/fr\/produit\/oud-et-rose-batonnets-dencens\/","og_site_name":"Bhagwan Incense | EU and Worldwide Shop","article_publisher":"https:\/\/www.facebook.com\/profile.php?id=100093081477613&mibextid=ZbWKwLp","article_modified_time":"2026-03-28T13:40:33+00:00","og_image":[{"width":853,"height":1280,"url":"https:\/\/bhagwan-incense.com\/wp-content\/uploads\/2024\/03\/Oudh-and-Rose_2.jpg?wsr","type":"image\/jpeg"}],"twitter_card":"summary_large_image","twitter_misc":{"Dur\u00e9e de lecture estim\u00e9e":"1 minute"},"schema":{"@context":"https:\/\/schema.org","@graph":[{"@type":"WebPage","@id":"https:\/\/bhagwan-incense.com\/fr\/produit\/oud-et-rose-batonnets-dencens\/","url":"https:\/\/bhagwan-incense.com\/fr\/produit\/oud-et-rose-batonnets-dencens\/","name":"Harmonie florale et bois\u00e9e: Oud d'Assam et huile de rose bulgare","isPartOf":{"@id":"https:\/\/bhagwan-incense.com\/fr\/#website"},"primaryImageOfPage":{"@id":"https:\/\/bhagwan-incense.com\/fr\/produit\/oud-et-rose-batonnets-dencens\/#primaryimage"},"image":{"@id":"https:\/\/bhagwan-incense.com\/fr\/produit\/oud-et-rose-batonnets-dencens\/#primaryimage"},"thumbnailUrl":"https:\/\/bhagwan-incense.com\/wp-content\/uploads\/2024\/03\/Oudh-and-Rose_2.jpg?wsr","datePublished":"2024-03-01T13:01:49+00:00","dateModified":"2026-03-28T13:40:33+00:00","description":"Laissez-vous envo\u00fbter par une danse de contrastes fascinante. L'oud d'Assam, doux et bois\u00e9, se m\u00eale \u00e0 la d\u00e9licatesse sucr\u00e9e de l'huile de rose bulgare. Une fragrance \u00e0 la fois masculine et f\u00e9minine, terrestre et a\u00e9rienne. Imaginez des notes velout\u00e9es d'oud tourbillonnant autour de p\u00e9tales de rose d\u00e9licats, cr\u00e9ant un ballet floral et bois\u00e9 dans l'air. D\u00e9couvrez ce parfum unique et envo\u00fbtant.","breadcrumb":{"@id":"https:\/\/bhagwan-incense.com\/fr\/produit\/oud-et-rose-batonnets-dencens\/#breadcrumb"},"inLanguage":"fr-FR","potentialAction":[{"@type":"ReadAction","target":["https:\/\/bhagwan-incense.com\/fr\/produit\/oud-et-rose-batonnets-dencens\/"]}]},{"@type":"ImageObject","inLanguage":"fr-FR","@id":"https:\/\/bhagwan-incense.com\/fr\/produit\/oud-et-rose-batonnets-dencens\/#primaryimage","url":"https:\/\/bhagwan-incense.com\/wp-content\/uploads\/2024\/03\/Oudh-and-Rose_2.jpg?wsr","contentUrl":"https:\/\/bhagwan-incense.com\/wp-content\/uploads\/2024\/03\/Oudh-and-Rose_2.jpg?wsr","width":853,"height":1280},{"@type":"BreadcrumbList","@id":"https:\/\/bhagwan-incense.com\/fr\/produit\/oud-et-rose-batonnets-dencens\/#breadcrumb","itemListElement":[{"@type":"ListItem","position":1,"name":"Home","item":"https:\/\/bhagwan-incense.com\/fr\/"},{"@type":"ListItem","position":2,"name":"Boutique","item":"https:\/\/bhagwan-incense.com\/fr\/boutique\/"},{"@type":"ListItem","position":3,"name":"Oud et Rose B\u00e2tonnets d&#8217;Encens"}]},{"@type":"WebSite","@id":"https:\/\/bhagwan-incense.com\/fr\/#website","url":"https:\/\/bhagwan-incense.com\/fr\/","name":"Bhagwan Incense | EU and Worldwide Incense Shop","description":"Pure and Natural Incense from India","publisher":{"@id":"https:\/\/bhagwan-incense.com\/fr\/#organization"},"potentialAction":[{"@type":"SearchAction","target":{"@type":"EntryPoint","urlTemplate":"https:\/\/bhagwan-incense.com\/fr\/?s={search_term_string}"},"query-input":{"@type":"PropertyValueSpecification","valueRequired":true,"valueName":"search_term_string"}}],"inLanguage":"fr-FR"},{"@type":"Organization","@id":"https:\/\/bhagwan-incense.com\/fr\/#organization","name":"Bhagwan incense","url":"https:\/\/bhagwan-incense.com\/fr\/","logo":{"@type":"ImageObject","inLanguage":"fr-FR","@id":"https:\/\/bhagwan-incense.com\/fr\/#\/schema\/logo\/image\/","url":"https:\/\/bhagwan-incense.com\/wp-content\/uploads\/2023\/06\/Logo-black.png","contentUrl":"https:\/\/bhagwan-incense.com\/wp-content\/uploads\/2023\/06\/Logo-black.png","width":150,"height":150,"caption":"Bhagwan incense"},"image":{"@id":"https:\/\/bhagwan-incense.com\/fr\/#\/schema\/logo\/image\/"},"sameAs":["https:\/\/www.facebook.com\/profile.php?id=100093081477613&mibextid=ZbWKwLp","https:\/\/www.instagram.com\/bhagwan_incense\/"]}]}},"_links":{"self":[{"href":"https:\/\/bhagwan-incense.com\/fr\/wp-json\/wp\/v2\/product\/13670","targetHints":{"allow":["GET"]}}],"collection":[{"href":"https:\/\/bhagwan-incense.com\/fr\/wp-json\/wp\/v2\/product"}],"about":[{"href":"https:\/\/bhagwan-incense.com\/fr\/wp-json\/wp\/v2\/types\/product"}],"replies":[{"embeddable":true,"href":"https:\/\/bhagwan-incense.com\/fr\/wp-json\/wp\/v2\/comments?post=13670"}],"wp:featuredmedia":[{"embeddable":true,"href":"https:\/\/bhagwan-incense.com\/fr\/wp-json\/wp\/v2\/media\/13672"}],"wp:attachment":[{"href":"https:\/\/bhagwan-incense.com\/fr\/wp-json\/wp\/v2\/media?parent=13670"}],"wp:term":[{"taxonomy":"product_brand","embeddable":true,"href":"https:\/\/bhagwan-incense.com\/fr\/wp-json\/wp\/v2\/product_brand?post=13670"},{"taxonomy":"product_cat","embeddable":true,"href":"https:\/\/bhagwan-incense.com\/fr\/wp-json\/wp\/v2\/product_cat?post=13670"},{"taxonomy":"product_tag","embeddable":true,"href":"https:\/\/bhagwan-incense.com\/fr\/wp-json\/wp\/v2\/product_tag?post=13670"}],"curies":[{"name":"wp","href":"https:\/\/api.w.org\/{rel}","templated":true}]}}