{"id":13695,"date":"2024-03-01T18:06:40","date_gmt":"2024-03-01T17:06:40","guid":{"rendered":"https:\/\/bhagwan-incense.com\/?post_type=product&#038;p=13695"},"modified":"2025-05-27T12:37:54","modified_gmt":"2025-05-27T10:37:54","slug":"spring-musk-batonnets-dencens","status":"publish","type":"product","link":"https:\/\/bhagwan-incense.com\/fr\/produit\/spring-musk-batonnets-dencens\/","title":{"rendered":"Printemps Musc Arabique B\u00e2tonnets d&#8217;Encens"},"content":{"rendered":"<p>Un musc arabe jeune, lumineux et dynamique, o\u00f9 les notes florales, r\u00e9sineuses et balsamiques s&#8217;entrem\u00ealent pour cr\u00e9er une symphonie majestueuse. Plein de passion, de sensualit\u00e9 et d&#8217;un magn\u00e9tisme animal brut, ce parfum \u00e9voque l&#8217;esprit de la jeunesse \u2014 d\u00e9bordant d&#8217;\u00e9nergie, d&#8217;ambition et du d\u00e9sir de vivre, d&#8217;accomplir et simplement d&#8217;\u00eatre. Il porte juste la bonne dose de masculinit\u00e9 juv\u00e9nile et d&#8217;intensit\u00e9 primale. C&#8217;est un parfum fluide et expressif \u2014 d\u00e9bordant de vitalit\u00e9 et d&#8217;affirmation de soi. Profitez de la fra\u00eecheur, de la clart\u00e9 et de l&#8217;essence vivifiante de la nature qu&#8217;offre cet encens unique. Juste un demi-b\u00e2tonnet suffit \u00e0 embaumer une grande pi\u00e8ce !<\/p>\n","protected":false},"excerpt":{"rendered":"<p>Un musc arabe audacieux avec une note r\u00e9sineuse pro\u00e9minente. Intens\u00e9ment puissant et masculin \u2014 plein de passion, de sensualit\u00e9 et d&#8217;un magn\u00e9tisme animal brut.<\/p>\n","protected":false},"featured_media":13697,"comment_status":"open","ping_status":"closed","template":"","meta":[],"product_brand":[],"product_cat":[60,84,64],"product_tag":[75,74,72],"class_list":{"0":"post-13695","1":"product","2":"type-product","3":"status-publish","4":"has-post-thumbnail","6":"product_cat-boise","7":"product_cat-exotique-unique","8":"product_cat-musc","9":"product_tag-boise","10":"product_tag-epice","11":"product_tag-oriental-fr","13":"first","14":"instock","15":"shipping-taxable","16":"purchasable","17":"product-type-simple"},"yoast_head":"<!-- This site is optimized with the Yoast SEO plugin v27.4 - https:\/\/yoast.com\/product\/yoast-seo-wordpress\/ -->\n<title>Fragrance Lumineuse au Musc: Une Symphonie Majestueuse de Passion et de Sensualit\u00e9<\/title>\n<meta name=\"description\" content=\"D\u00e9couvrez un parfum vibrant de musc d\u00e9bordant de notes florales et balsamiques, \u00e9manant une \u00e9nergie juv\u00e9nile et un magn\u00e9tisme brut. Exp\u00e9rimentez le parfum revigorant de la nature et laissez-vous emporter par la fra\u00eecheur et la clart\u00e9 qu&#039;il apporte.\" \/>\n<meta name=\"robots\" content=\"index, follow, max-snippet:-1, max-image-preview:large, max-video-preview:-1\" \/>\n<link rel=\"canonical\" href=\"https:\/\/bhagwan-incense.com\/fr\/produit\/spring-musk-batonnets-dencens\/\" \/>\n<meta property=\"og:locale\" content=\"fr_FR\" \/>\n<meta property=\"og:type\" content=\"article\" \/>\n<meta property=\"og:title\" content=\"Fragrance Lumineuse au Musc: Une Symphonie Majestueuse de Passion et de Sensualit\u00e9\" \/>\n<meta property=\"og:description\" content=\"D\u00e9couvrez un parfum vibrant de musc d\u00e9bordant de notes florales et balsamiques, \u00e9manant une \u00e9nergie juv\u00e9nile et un magn\u00e9tisme brut. Exp\u00e9rimentez le parfum revigorant de la nature et laissez-vous emporter par la fra\u00eecheur et la clart\u00e9 qu&#039;il apporte.\" \/>\n<meta property=\"og:url\" content=\"https:\/\/bhagwan-incense.com\/fr\/produit\/spring-musk-batonnets-dencens\/\" \/>\n<meta property=\"og:site_name\" content=\"Bhagwan Incense | EU and Worldwide Shop\" \/>\n<meta property=\"article:publisher\" content=\"https:\/\/www.facebook.com\/profile.php?id=100093081477613&amp;mibextid=ZbWKwLp\" \/>\n<meta property=\"article:modified_time\" content=\"2025-05-27T10:37:54+00:00\" \/>\n<meta property=\"og:image\" content=\"https:\/\/bhagwan-incense.com\/wp-content\/uploads\/2024\/03\/Spring-Musk_2.jpg\" \/>\n\t<meta property=\"og:image:width\" content=\"853\" \/>\n\t<meta property=\"og:image:height\" content=\"1280\" \/>\n\t<meta property=\"og:image:type\" content=\"image\/jpeg\" \/>\n<meta name=\"twitter:card\" content=\"summary_large_image\" \/>\n<meta name=\"twitter:label1\" content=\"Dur\u00e9e de lecture estim\u00e9e\" \/>\n\t<meta name=\"twitter:data1\" content=\"1 minute\" \/>\n<script type=\"application\/ld+json\" class=\"yoast-schema-graph\">{\"@context\":\"https:\\\/\\\/schema.org\",\"@graph\":[{\"@type\":\"WebPage\",\"@id\":\"https:\\\/\\\/bhagwan-incense.com\\\/fr\\\/produit\\\/spring-musk-batonnets-dencens\\\/\",\"url\":\"https:\\\/\\\/bhagwan-incense.com\\\/fr\\\/produit\\\/spring-musk-batonnets-dencens\\\/\",\"name\":\"Fragrance Lumineuse au Musc: Une Symphonie Majestueuse de Passion et de Sensualit\u00e9\",\"isPartOf\":{\"@id\":\"https:\\\/\\\/bhagwan-incense.com\\\/fr\\\/#website\"},\"primaryImageOfPage\":{\"@id\":\"https:\\\/\\\/bhagwan-incense.com\\\/fr\\\/produit\\\/spring-musk-batonnets-dencens\\\/#primaryimage\"},\"image\":{\"@id\":\"https:\\\/\\\/bhagwan-incense.com\\\/fr\\\/produit\\\/spring-musk-batonnets-dencens\\\/#primaryimage\"},\"thumbnailUrl\":\"https:\\\/\\\/bhagwan-incense.com\\\/wp-content\\\/uploads\\\/2024\\\/03\\\/Spring-Musk_2.jpg?wsr\",\"datePublished\":\"2024-03-01T17:06:40+00:00\",\"dateModified\":\"2025-05-27T10:37:54+00:00\",\"description\":\"D\u00e9couvrez un parfum vibrant de musc d\u00e9bordant de notes florales et balsamiques, \u00e9manant une \u00e9nergie juv\u00e9nile et un magn\u00e9tisme brut. Exp\u00e9rimentez le parfum revigorant de la nature et laissez-vous emporter par la fra\u00eecheur et la clart\u00e9 qu'il apporte.\",\"breadcrumb\":{\"@id\":\"https:\\\/\\\/bhagwan-incense.com\\\/fr\\\/produit\\\/spring-musk-batonnets-dencens\\\/#breadcrumb\"},\"inLanguage\":\"fr-FR\",\"potentialAction\":[{\"@type\":\"ReadAction\",\"target\":[\"https:\\\/\\\/bhagwan-incense.com\\\/fr\\\/produit\\\/spring-musk-batonnets-dencens\\\/\"]}]},{\"@type\":\"ImageObject\",\"inLanguage\":\"fr-FR\",\"@id\":\"https:\\\/\\\/bhagwan-incense.com\\\/fr\\\/produit\\\/spring-musk-batonnets-dencens\\\/#primaryimage\",\"url\":\"https:\\\/\\\/bhagwan-incense.com\\\/wp-content\\\/uploads\\\/2024\\\/03\\\/Spring-Musk_2.jpg?wsr\",\"contentUrl\":\"https:\\\/\\\/bhagwan-incense.com\\\/wp-content\\\/uploads\\\/2024\\\/03\\\/Spring-Musk_2.jpg?wsr\",\"width\":853,\"height\":1280},{\"@type\":\"BreadcrumbList\",\"@id\":\"https:\\\/\\\/bhagwan-incense.com\\\/fr\\\/produit\\\/spring-musk-batonnets-dencens\\\/#breadcrumb\",\"itemListElement\":[{\"@type\":\"ListItem\",\"position\":1,\"name\":\"Home\",\"item\":\"https:\\\/\\\/bhagwan-incense.com\\\/fr\\\/\"},{\"@type\":\"ListItem\",\"position\":2,\"name\":\"Boutique\",\"item\":\"https:\\\/\\\/bhagwan-incense.com\\\/fr\\\/boutique\\\/\"},{\"@type\":\"ListItem\",\"position\":3,\"name\":\"Printemps Musc Arabique B\u00e2tonnets d&#8217;Encens\"}]},{\"@type\":\"WebSite\",\"@id\":\"https:\\\/\\\/bhagwan-incense.com\\\/fr\\\/#website\",\"url\":\"https:\\\/\\\/bhagwan-incense.com\\\/fr\\\/\",\"name\":\"Bhagwan Incense | EU and Worldwide Incense Shop\",\"description\":\"Pure and Natural Incense from India\",\"publisher\":{\"@id\":\"https:\\\/\\\/bhagwan-incense.com\\\/fr\\\/#organization\"},\"potentialAction\":[{\"@type\":\"SearchAction\",\"target\":{\"@type\":\"EntryPoint\",\"urlTemplate\":\"https:\\\/\\\/bhagwan-incense.com\\\/fr\\\/?s={search_term_string}\"},\"query-input\":{\"@type\":\"PropertyValueSpecification\",\"valueRequired\":true,\"valueName\":\"search_term_string\"}}],\"inLanguage\":\"fr-FR\"},{\"@type\":\"Organization\",\"@id\":\"https:\\\/\\\/bhagwan-incense.com\\\/fr\\\/#organization\",\"name\":\"Bhagwan incense\",\"url\":\"https:\\\/\\\/bhagwan-incense.com\\\/fr\\\/\",\"logo\":{\"@type\":\"ImageObject\",\"inLanguage\":\"fr-FR\",\"@id\":\"https:\\\/\\\/bhagwan-incense.com\\\/fr\\\/#\\\/schema\\\/logo\\\/image\\\/\",\"url\":\"https:\\\/\\\/bhagwan-incense.com\\\/wp-content\\\/uploads\\\/2023\\\/06\\\/Logo-black.png\",\"contentUrl\":\"https:\\\/\\\/bhagwan-incense.com\\\/wp-content\\\/uploads\\\/2023\\\/06\\\/Logo-black.png\",\"width\":150,\"height\":150,\"caption\":\"Bhagwan incense\"},\"image\":{\"@id\":\"https:\\\/\\\/bhagwan-incense.com\\\/fr\\\/#\\\/schema\\\/logo\\\/image\\\/\"},\"sameAs\":[\"https:\\\/\\\/www.facebook.com\\\/profile.php?id=100093081477613&mibextid=ZbWKwLp\",\"https:\\\/\\\/www.instagram.com\\\/bhagwan_incense\\\/\"]}]}<\/script>\n<!-- \/ Yoast SEO plugin. -->","yoast_head_json":{"title":"Fragrance Lumineuse au Musc: Une Symphonie Majestueuse de Passion et de Sensualit\u00e9","description":"D\u00e9couvrez un parfum vibrant de musc d\u00e9bordant de notes florales et balsamiques, \u00e9manant une \u00e9nergie juv\u00e9nile et un magn\u00e9tisme brut. Exp\u00e9rimentez le parfum revigorant de la nature et laissez-vous emporter par la fra\u00eecheur et la clart\u00e9 qu'il apporte.","robots":{"index":"index","follow":"follow","max-snippet":"max-snippet:-1","max-image-preview":"max-image-preview:large","max-video-preview":"max-video-preview:-1"},"canonical":"https:\/\/bhagwan-incense.com\/fr\/produit\/spring-musk-batonnets-dencens\/","og_locale":"fr_FR","og_type":"article","og_title":"Fragrance Lumineuse au Musc: Une Symphonie Majestueuse de Passion et de Sensualit\u00e9","og_description":"D\u00e9couvrez un parfum vibrant de musc d\u00e9bordant de notes florales et balsamiques, \u00e9manant une \u00e9nergie juv\u00e9nile et un magn\u00e9tisme brut. Exp\u00e9rimentez le parfum revigorant de la nature et laissez-vous emporter par la fra\u00eecheur et la clart\u00e9 qu'il apporte.","og_url":"https:\/\/bhagwan-incense.com\/fr\/produit\/spring-musk-batonnets-dencens\/","og_site_name":"Bhagwan Incense | EU and Worldwide Shop","article_publisher":"https:\/\/www.facebook.com\/profile.php?id=100093081477613&mibextid=ZbWKwLp","article_modified_time":"2025-05-27T10:37:54+00:00","og_image":[{"width":853,"height":1280,"url":"https:\/\/bhagwan-incense.com\/wp-content\/uploads\/2024\/03\/Spring-Musk_2.jpg","type":"image\/jpeg"}],"twitter_card":"summary_large_image","twitter_misc":{"Dur\u00e9e de lecture estim\u00e9e":"1 minute"},"schema":{"@context":"https:\/\/schema.org","@graph":[{"@type":"WebPage","@id":"https:\/\/bhagwan-incense.com\/fr\/produit\/spring-musk-batonnets-dencens\/","url":"https:\/\/bhagwan-incense.com\/fr\/produit\/spring-musk-batonnets-dencens\/","name":"Fragrance Lumineuse au Musc: Une Symphonie Majestueuse de Passion et de Sensualit\u00e9","isPartOf":{"@id":"https:\/\/bhagwan-incense.com\/fr\/#website"},"primaryImageOfPage":{"@id":"https:\/\/bhagwan-incense.com\/fr\/produit\/spring-musk-batonnets-dencens\/#primaryimage"},"image":{"@id":"https:\/\/bhagwan-incense.com\/fr\/produit\/spring-musk-batonnets-dencens\/#primaryimage"},"thumbnailUrl":"https:\/\/bhagwan-incense.com\/wp-content\/uploads\/2024\/03\/Spring-Musk_2.jpg?wsr","datePublished":"2024-03-01T17:06:40+00:00","dateModified":"2025-05-27T10:37:54+00:00","description":"D\u00e9couvrez un parfum vibrant de musc d\u00e9bordant de notes florales et balsamiques, \u00e9manant une \u00e9nergie juv\u00e9nile et un magn\u00e9tisme brut. Exp\u00e9rimentez le parfum revigorant de la nature et laissez-vous emporter par la fra\u00eecheur et la clart\u00e9 qu'il apporte.","breadcrumb":{"@id":"https:\/\/bhagwan-incense.com\/fr\/produit\/spring-musk-batonnets-dencens\/#breadcrumb"},"inLanguage":"fr-FR","potentialAction":[{"@type":"ReadAction","target":["https:\/\/bhagwan-incense.com\/fr\/produit\/spring-musk-batonnets-dencens\/"]}]},{"@type":"ImageObject","inLanguage":"fr-FR","@id":"https:\/\/bhagwan-incense.com\/fr\/produit\/spring-musk-batonnets-dencens\/#primaryimage","url":"https:\/\/bhagwan-incense.com\/wp-content\/uploads\/2024\/03\/Spring-Musk_2.jpg?wsr","contentUrl":"https:\/\/bhagwan-incense.com\/wp-content\/uploads\/2024\/03\/Spring-Musk_2.jpg?wsr","width":853,"height":1280},{"@type":"BreadcrumbList","@id":"https:\/\/bhagwan-incense.com\/fr\/produit\/spring-musk-batonnets-dencens\/#breadcrumb","itemListElement":[{"@type":"ListItem","position":1,"name":"Home","item":"https:\/\/bhagwan-incense.com\/fr\/"},{"@type":"ListItem","position":2,"name":"Boutique","item":"https:\/\/bhagwan-incense.com\/fr\/boutique\/"},{"@type":"ListItem","position":3,"name":"Printemps Musc Arabique B\u00e2tonnets d&#8217;Encens"}]},{"@type":"WebSite","@id":"https:\/\/bhagwan-incense.com\/fr\/#website","url":"https:\/\/bhagwan-incense.com\/fr\/","name":"Bhagwan Incense | EU and Worldwide Incense Shop","description":"Pure and Natural Incense from India","publisher":{"@id":"https:\/\/bhagwan-incense.com\/fr\/#organization"},"potentialAction":[{"@type":"SearchAction","target":{"@type":"EntryPoint","urlTemplate":"https:\/\/bhagwan-incense.com\/fr\/?s={search_term_string}"},"query-input":{"@type":"PropertyValueSpecification","valueRequired":true,"valueName":"search_term_string"}}],"inLanguage":"fr-FR"},{"@type":"Organization","@id":"https:\/\/bhagwan-incense.com\/fr\/#organization","name":"Bhagwan incense","url":"https:\/\/bhagwan-incense.com\/fr\/","logo":{"@type":"ImageObject","inLanguage":"fr-FR","@id":"https:\/\/bhagwan-incense.com\/fr\/#\/schema\/logo\/image\/","url":"https:\/\/bhagwan-incense.com\/wp-content\/uploads\/2023\/06\/Logo-black.png","contentUrl":"https:\/\/bhagwan-incense.com\/wp-content\/uploads\/2023\/06\/Logo-black.png","width":150,"height":150,"caption":"Bhagwan incense"},"image":{"@id":"https:\/\/bhagwan-incense.com\/fr\/#\/schema\/logo\/image\/"},"sameAs":["https:\/\/www.facebook.com\/profile.php?id=100093081477613&mibextid=ZbWKwLp","https:\/\/www.instagram.com\/bhagwan_incense\/"]}]}},"_links":{"self":[{"href":"https:\/\/bhagwan-incense.com\/fr\/wp-json\/wp\/v2\/product\/13695","targetHints":{"allow":["GET"]}}],"collection":[{"href":"https:\/\/bhagwan-incense.com\/fr\/wp-json\/wp\/v2\/product"}],"about":[{"href":"https:\/\/bhagwan-incense.com\/fr\/wp-json\/wp\/v2\/types\/product"}],"replies":[{"embeddable":true,"href":"https:\/\/bhagwan-incense.com\/fr\/wp-json\/wp\/v2\/comments?post=13695"}],"wp:featuredmedia":[{"embeddable":true,"href":"https:\/\/bhagwan-incense.com\/fr\/wp-json\/wp\/v2\/media\/13697"}],"wp:attachment":[{"href":"https:\/\/bhagwan-incense.com\/fr\/wp-json\/wp\/v2\/media?parent=13695"}],"wp:term":[{"taxonomy":"product_brand","embeddable":true,"href":"https:\/\/bhagwan-incense.com\/fr\/wp-json\/wp\/v2\/product_brand?post=13695"},{"taxonomy":"product_cat","embeddable":true,"href":"https:\/\/bhagwan-incense.com\/fr\/wp-json\/wp\/v2\/product_cat?post=13695"},{"taxonomy":"product_tag","embeddable":true,"href":"https:\/\/bhagwan-incense.com\/fr\/wp-json\/wp\/v2\/product_tag?post=13695"}],"curies":[{"name":"wp","href":"https:\/\/api.w.org\/{rel}","templated":true}]}}