{"id":13705,"date":"2024-03-01T18:19:41","date_gmt":"2024-03-01T17:19:41","guid":{"rendered":"https:\/\/bhagwan-incense.com\/?post_type=product&#038;p=13705"},"modified":"2026-03-27T23:12:13","modified_gmt":"2026-03-27T22:12:13","slug":"imperial-musk-batonnets-dencens","status":"publish","type":"product","link":"https:\/\/bhagwan-incense.com\/fr\/produit\/imperial-musk-batonnets-dencens\/","title":{"rendered":"Musc Imp\u00e9rial \u2013 M\u00e9lange For\u00eat Ancienne B\u00e2tonnets d&#8217;Encens"},"content":{"rendered":"<p>Un musc bois\u00e9 tr\u00e8s puissant, primitif et masculin avec des notes animales terrestres. C&#8217;est un musc cuir\u00e9 vieilli, avec des couches aquatiques et de mousse de ch\u00eane en arri\u00e8re-plan. Il a une nature tr\u00e8s terreuse, avec un parfum bois\u00e9 et musqu\u00e9 qui interagit avec des notes de for\u00eat humide. Imaginez-vous marcher dans une vieille for\u00eat avec des arbres centenaires apr\u00e8s la pluie &#8211; aussi bon que cela puisse \u00eatre!<\/p>\n","protected":false},"excerpt":{"rendered":"<p>Un musc doux, terreux et bois\u00e9-mousseux avec de l\u00e9g\u00e8res nuances animales et de ferme. C&#8217;est un musc vieilli et cuir\u00e9, accentu\u00e9 par de subtiles couches aquatiques et de mousse de ch\u00eane en arri\u00e8re-plan. Il \u00e9voque le parfum d&#8217;une for\u00eat ancienne et humide datant de milliers d&#8217;ann\u00e9es.<\/p>\n","protected":false},"featured_media":13707,"comment_status":"open","ping_status":"closed","template":"","meta":[],"product_brand":[],"product_cat":[60,64],"product_tag":[75,74,72],"class_list":{"0":"post-13705","1":"product","2":"type-product","3":"status-publish","4":"has-post-thumbnail","6":"product_cat-boise","7":"product_cat-musc","8":"product_tag-boise","9":"product_tag-epice","10":"product_tag-oriental-fr","12":"first","13":"instock","14":"shipping-taxable","15":"purchasable","16":"product-type-simple"},"yoast_head":"<!-- This site is optimized with the Yoast SEO plugin v27.3 - https:\/\/yoast.com\/product\/yoast-seo-wordpress\/ -->\n<title>Musc Bois\u00e9 Primitif: Parfum Terreux et Masculin d&#039;une S\u00e9duction Intemporelle<\/title>\n<meta name=\"description\" content=\"Explorez un parfum musqu\u00e9 bois\u00e9 puissant et primitif, impr\u00e9gn\u00e9 de notes animales terrestres et de subtiles nuances de cuir vieilli. Plongez dans l&#039;essence naturelle des for\u00eats humides et de la mousse de ch\u00eane vieillie, \u00e9voquant la sensation de marcher parmi les arbres anciens apr\u00e8s la pluie. D\u00e9couvrez l&#039;attrait intemporel de ce parfum distinctif.\" \/>\n<meta name=\"robots\" content=\"index, follow, max-snippet:-1, max-image-preview:large, max-video-preview:-1\" \/>\n<link rel=\"canonical\" href=\"https:\/\/bhagwan-incense.com\/fr\/produit\/imperial-musk-batonnets-dencens\/\" \/>\n<meta property=\"og:locale\" content=\"fr_FR\" \/>\n<meta property=\"og:type\" content=\"article\" \/>\n<meta property=\"og:title\" content=\"Musc Bois\u00e9 Primitif: Parfum Terreux et Masculin d&#039;une S\u00e9duction Intemporelle\" \/>\n<meta property=\"og:description\" content=\"Explorez un parfum musqu\u00e9 bois\u00e9 puissant et primitif, impr\u00e9gn\u00e9 de notes animales terrestres et de subtiles nuances de cuir vieilli. Plongez dans l&#039;essence naturelle des for\u00eats humides et de la mousse de ch\u00eane vieillie, \u00e9voquant la sensation de marcher parmi les arbres anciens apr\u00e8s la pluie. D\u00e9couvrez l&#039;attrait intemporel de ce parfum distinctif.\" \/>\n<meta property=\"og:url\" content=\"https:\/\/bhagwan-incense.com\/fr\/produit\/imperial-musk-batonnets-dencens\/\" \/>\n<meta property=\"og:site_name\" content=\"Bhagwan Incense | EU and Worldwide Shop\" \/>\n<meta property=\"article:publisher\" content=\"https:\/\/www.facebook.com\/profile.php?id=100093081477613&amp;mibextid=ZbWKwLp\" \/>\n<meta property=\"article:modified_time\" content=\"2026-03-27T22:12:13+00:00\" \/>\n<meta property=\"og:image\" content=\"https:\/\/bhagwan-incense.com\/wp-content\/uploads\/2024\/03\/Imperial-Musk_2.jpg?wsr\" \/>\n\t<meta property=\"og:image:width\" content=\"853\" \/>\n\t<meta property=\"og:image:height\" content=\"1280\" \/>\n\t<meta property=\"og:image:type\" content=\"image\/jpeg\" \/>\n<meta name=\"twitter:card\" content=\"summary_large_image\" \/>\n<meta name=\"twitter:label1\" content=\"Dur\u00e9e de lecture estim\u00e9e\" \/>\n\t<meta name=\"twitter:data1\" content=\"1 minute\" \/>\n<script type=\"application\/ld+json\" class=\"yoast-schema-graph\">{\"@context\":\"https:\\\/\\\/schema.org\",\"@graph\":[{\"@type\":\"WebPage\",\"@id\":\"https:\\\/\\\/bhagwan-incense.com\\\/fr\\\/produit\\\/imperial-musk-batonnets-dencens\\\/\",\"url\":\"https:\\\/\\\/bhagwan-incense.com\\\/fr\\\/produit\\\/imperial-musk-batonnets-dencens\\\/\",\"name\":\"Musc Bois\u00e9 Primitif: Parfum Terreux et Masculin d'une S\u00e9duction Intemporelle\",\"isPartOf\":{\"@id\":\"https:\\\/\\\/bhagwan-incense.com\\\/fr\\\/#website\"},\"primaryImageOfPage\":{\"@id\":\"https:\\\/\\\/bhagwan-incense.com\\\/fr\\\/produit\\\/imperial-musk-batonnets-dencens\\\/#primaryimage\"},\"image\":{\"@id\":\"https:\\\/\\\/bhagwan-incense.com\\\/fr\\\/produit\\\/imperial-musk-batonnets-dencens\\\/#primaryimage\"},\"thumbnailUrl\":\"https:\\\/\\\/bhagwan-incense.com\\\/wp-content\\\/uploads\\\/2024\\\/03\\\/Imperial-Musk_2.jpg?wsr\",\"datePublished\":\"2024-03-01T17:19:41+00:00\",\"dateModified\":\"2026-03-27T22:12:13+00:00\",\"description\":\"Explorez un parfum musqu\u00e9 bois\u00e9 puissant et primitif, impr\u00e9gn\u00e9 de notes animales terrestres et de subtiles nuances de cuir vieilli. Plongez dans l'essence naturelle des for\u00eats humides et de la mousse de ch\u00eane vieillie, \u00e9voquant la sensation de marcher parmi les arbres anciens apr\u00e8s la pluie. D\u00e9couvrez l'attrait intemporel de ce parfum distinctif.\",\"breadcrumb\":{\"@id\":\"https:\\\/\\\/bhagwan-incense.com\\\/fr\\\/produit\\\/imperial-musk-batonnets-dencens\\\/#breadcrumb\"},\"inLanguage\":\"fr-FR\",\"potentialAction\":[{\"@type\":\"ReadAction\",\"target\":[\"https:\\\/\\\/bhagwan-incense.com\\\/fr\\\/produit\\\/imperial-musk-batonnets-dencens\\\/\"]}]},{\"@type\":\"ImageObject\",\"inLanguage\":\"fr-FR\",\"@id\":\"https:\\\/\\\/bhagwan-incense.com\\\/fr\\\/produit\\\/imperial-musk-batonnets-dencens\\\/#primaryimage\",\"url\":\"https:\\\/\\\/bhagwan-incense.com\\\/wp-content\\\/uploads\\\/2024\\\/03\\\/Imperial-Musk_2.jpg?wsr\",\"contentUrl\":\"https:\\\/\\\/bhagwan-incense.com\\\/wp-content\\\/uploads\\\/2024\\\/03\\\/Imperial-Musk_2.jpg?wsr\",\"width\":853,\"height\":1280},{\"@type\":\"BreadcrumbList\",\"@id\":\"https:\\\/\\\/bhagwan-incense.com\\\/fr\\\/produit\\\/imperial-musk-batonnets-dencens\\\/#breadcrumb\",\"itemListElement\":[{\"@type\":\"ListItem\",\"position\":1,\"name\":\"Home\",\"item\":\"https:\\\/\\\/bhagwan-incense.com\\\/fr\\\/\"},{\"@type\":\"ListItem\",\"position\":2,\"name\":\"Boutique\",\"item\":\"https:\\\/\\\/bhagwan-incense.com\\\/fr\\\/boutique\\\/\"},{\"@type\":\"ListItem\",\"position\":3,\"name\":\"Musc Imp\u00e9rial \u2013 M\u00e9lange For\u00eat Ancienne B\u00e2tonnets d&#8217;Encens\"}]},{\"@type\":\"WebSite\",\"@id\":\"https:\\\/\\\/bhagwan-incense.com\\\/fr\\\/#website\",\"url\":\"https:\\\/\\\/bhagwan-incense.com\\\/fr\\\/\",\"name\":\"Bhagwan Incense | EU and Worldwide Incense Shop\",\"description\":\"Pure and Natural Incense from India\",\"publisher\":{\"@id\":\"https:\\\/\\\/bhagwan-incense.com\\\/fr\\\/#organization\"},\"potentialAction\":[{\"@type\":\"SearchAction\",\"target\":{\"@type\":\"EntryPoint\",\"urlTemplate\":\"https:\\\/\\\/bhagwan-incense.com\\\/fr\\\/?s={search_term_string}\"},\"query-input\":{\"@type\":\"PropertyValueSpecification\",\"valueRequired\":true,\"valueName\":\"search_term_string\"}}],\"inLanguage\":\"fr-FR\"},{\"@type\":\"Organization\",\"@id\":\"https:\\\/\\\/bhagwan-incense.com\\\/fr\\\/#organization\",\"name\":\"Bhagwan incense\",\"url\":\"https:\\\/\\\/bhagwan-incense.com\\\/fr\\\/\",\"logo\":{\"@type\":\"ImageObject\",\"inLanguage\":\"fr-FR\",\"@id\":\"https:\\\/\\\/bhagwan-incense.com\\\/fr\\\/#\\\/schema\\\/logo\\\/image\\\/\",\"url\":\"https:\\\/\\\/bhagwan-incense.com\\\/wp-content\\\/uploads\\\/2023\\\/06\\\/Logo-black.png\",\"contentUrl\":\"https:\\\/\\\/bhagwan-incense.com\\\/wp-content\\\/uploads\\\/2023\\\/06\\\/Logo-black.png\",\"width\":150,\"height\":150,\"caption\":\"Bhagwan incense\"},\"image\":{\"@id\":\"https:\\\/\\\/bhagwan-incense.com\\\/fr\\\/#\\\/schema\\\/logo\\\/image\\\/\"},\"sameAs\":[\"https:\\\/\\\/www.facebook.com\\\/profile.php?id=100093081477613&mibextid=ZbWKwLp\",\"https:\\\/\\\/www.instagram.com\\\/bhagwan_incense\\\/\"]}]}<\/script>\n<!-- \/ Yoast SEO plugin. -->","yoast_head_json":{"title":"Musc Bois\u00e9 Primitif: Parfum Terreux et Masculin d'une S\u00e9duction Intemporelle","description":"Explorez un parfum musqu\u00e9 bois\u00e9 puissant et primitif, impr\u00e9gn\u00e9 de notes animales terrestres et de subtiles nuances de cuir vieilli. Plongez dans l'essence naturelle des for\u00eats humides et de la mousse de ch\u00eane vieillie, \u00e9voquant la sensation de marcher parmi les arbres anciens apr\u00e8s la pluie. D\u00e9couvrez l'attrait intemporel de ce parfum distinctif.","robots":{"index":"index","follow":"follow","max-snippet":"max-snippet:-1","max-image-preview":"max-image-preview:large","max-video-preview":"max-video-preview:-1"},"canonical":"https:\/\/bhagwan-incense.com\/fr\/produit\/imperial-musk-batonnets-dencens\/","og_locale":"fr_FR","og_type":"article","og_title":"Musc Bois\u00e9 Primitif: Parfum Terreux et Masculin d'une S\u00e9duction Intemporelle","og_description":"Explorez un parfum musqu\u00e9 bois\u00e9 puissant et primitif, impr\u00e9gn\u00e9 de notes animales terrestres et de subtiles nuances de cuir vieilli. Plongez dans l'essence naturelle des for\u00eats humides et de la mousse de ch\u00eane vieillie, \u00e9voquant la sensation de marcher parmi les arbres anciens apr\u00e8s la pluie. D\u00e9couvrez l'attrait intemporel de ce parfum distinctif.","og_url":"https:\/\/bhagwan-incense.com\/fr\/produit\/imperial-musk-batonnets-dencens\/","og_site_name":"Bhagwan Incense | EU and Worldwide Shop","article_publisher":"https:\/\/www.facebook.com\/profile.php?id=100093081477613&mibextid=ZbWKwLp","article_modified_time":"2026-03-27T22:12:13+00:00","og_image":[{"width":853,"height":1280,"url":"https:\/\/bhagwan-incense.com\/wp-content\/uploads\/2024\/03\/Imperial-Musk_2.jpg?wsr","type":"image\/jpeg"}],"twitter_card":"summary_large_image","twitter_misc":{"Dur\u00e9e de lecture estim\u00e9e":"1 minute"},"schema":{"@context":"https:\/\/schema.org","@graph":[{"@type":"WebPage","@id":"https:\/\/bhagwan-incense.com\/fr\/produit\/imperial-musk-batonnets-dencens\/","url":"https:\/\/bhagwan-incense.com\/fr\/produit\/imperial-musk-batonnets-dencens\/","name":"Musc Bois\u00e9 Primitif: Parfum Terreux et Masculin d'une S\u00e9duction Intemporelle","isPartOf":{"@id":"https:\/\/bhagwan-incense.com\/fr\/#website"},"primaryImageOfPage":{"@id":"https:\/\/bhagwan-incense.com\/fr\/produit\/imperial-musk-batonnets-dencens\/#primaryimage"},"image":{"@id":"https:\/\/bhagwan-incense.com\/fr\/produit\/imperial-musk-batonnets-dencens\/#primaryimage"},"thumbnailUrl":"https:\/\/bhagwan-incense.com\/wp-content\/uploads\/2024\/03\/Imperial-Musk_2.jpg?wsr","datePublished":"2024-03-01T17:19:41+00:00","dateModified":"2026-03-27T22:12:13+00:00","description":"Explorez un parfum musqu\u00e9 bois\u00e9 puissant et primitif, impr\u00e9gn\u00e9 de notes animales terrestres et de subtiles nuances de cuir vieilli. Plongez dans l'essence naturelle des for\u00eats humides et de la mousse de ch\u00eane vieillie, \u00e9voquant la sensation de marcher parmi les arbres anciens apr\u00e8s la pluie. D\u00e9couvrez l'attrait intemporel de ce parfum distinctif.","breadcrumb":{"@id":"https:\/\/bhagwan-incense.com\/fr\/produit\/imperial-musk-batonnets-dencens\/#breadcrumb"},"inLanguage":"fr-FR","potentialAction":[{"@type":"ReadAction","target":["https:\/\/bhagwan-incense.com\/fr\/produit\/imperial-musk-batonnets-dencens\/"]}]},{"@type":"ImageObject","inLanguage":"fr-FR","@id":"https:\/\/bhagwan-incense.com\/fr\/produit\/imperial-musk-batonnets-dencens\/#primaryimage","url":"https:\/\/bhagwan-incense.com\/wp-content\/uploads\/2024\/03\/Imperial-Musk_2.jpg?wsr","contentUrl":"https:\/\/bhagwan-incense.com\/wp-content\/uploads\/2024\/03\/Imperial-Musk_2.jpg?wsr","width":853,"height":1280},{"@type":"BreadcrumbList","@id":"https:\/\/bhagwan-incense.com\/fr\/produit\/imperial-musk-batonnets-dencens\/#breadcrumb","itemListElement":[{"@type":"ListItem","position":1,"name":"Home","item":"https:\/\/bhagwan-incense.com\/fr\/"},{"@type":"ListItem","position":2,"name":"Boutique","item":"https:\/\/bhagwan-incense.com\/fr\/boutique\/"},{"@type":"ListItem","position":3,"name":"Musc Imp\u00e9rial \u2013 M\u00e9lange For\u00eat Ancienne B\u00e2tonnets d&#8217;Encens"}]},{"@type":"WebSite","@id":"https:\/\/bhagwan-incense.com\/fr\/#website","url":"https:\/\/bhagwan-incense.com\/fr\/","name":"Bhagwan Incense | EU and Worldwide Incense Shop","description":"Pure and Natural Incense from India","publisher":{"@id":"https:\/\/bhagwan-incense.com\/fr\/#organization"},"potentialAction":[{"@type":"SearchAction","target":{"@type":"EntryPoint","urlTemplate":"https:\/\/bhagwan-incense.com\/fr\/?s={search_term_string}"},"query-input":{"@type":"PropertyValueSpecification","valueRequired":true,"valueName":"search_term_string"}}],"inLanguage":"fr-FR"},{"@type":"Organization","@id":"https:\/\/bhagwan-incense.com\/fr\/#organization","name":"Bhagwan incense","url":"https:\/\/bhagwan-incense.com\/fr\/","logo":{"@type":"ImageObject","inLanguage":"fr-FR","@id":"https:\/\/bhagwan-incense.com\/fr\/#\/schema\/logo\/image\/","url":"https:\/\/bhagwan-incense.com\/wp-content\/uploads\/2023\/06\/Logo-black.png","contentUrl":"https:\/\/bhagwan-incense.com\/wp-content\/uploads\/2023\/06\/Logo-black.png","width":150,"height":150,"caption":"Bhagwan incense"},"image":{"@id":"https:\/\/bhagwan-incense.com\/fr\/#\/schema\/logo\/image\/"},"sameAs":["https:\/\/www.facebook.com\/profile.php?id=100093081477613&mibextid=ZbWKwLp","https:\/\/www.instagram.com\/bhagwan_incense\/"]}]}},"_links":{"self":[{"href":"https:\/\/bhagwan-incense.com\/fr\/wp-json\/wp\/v2\/product\/13705","targetHints":{"allow":["GET"]}}],"collection":[{"href":"https:\/\/bhagwan-incense.com\/fr\/wp-json\/wp\/v2\/product"}],"about":[{"href":"https:\/\/bhagwan-incense.com\/fr\/wp-json\/wp\/v2\/types\/product"}],"replies":[{"embeddable":true,"href":"https:\/\/bhagwan-incense.com\/fr\/wp-json\/wp\/v2\/comments?post=13705"}],"wp:featuredmedia":[{"embeddable":true,"href":"https:\/\/bhagwan-incense.com\/fr\/wp-json\/wp\/v2\/media\/13707"}],"wp:attachment":[{"href":"https:\/\/bhagwan-incense.com\/fr\/wp-json\/wp\/v2\/media?parent=13705"}],"wp:term":[{"taxonomy":"product_brand","embeddable":true,"href":"https:\/\/bhagwan-incense.com\/fr\/wp-json\/wp\/v2\/product_brand?post=13705"},{"taxonomy":"product_cat","embeddable":true,"href":"https:\/\/bhagwan-incense.com\/fr\/wp-json\/wp\/v2\/product_cat?post=13705"},{"taxonomy":"product_tag","embeddable":true,"href":"https:\/\/bhagwan-incense.com\/fr\/wp-json\/wp\/v2\/product_tag?post=13705"}],"curies":[{"name":"wp","href":"https:\/\/api.w.org\/{rel}","templated":true}]}}