{"id":13716,"date":"2024-03-01T18:39:34","date_gmt":"2024-03-01T17:39:34","guid":{"rendered":"https:\/\/bhagwan-incense.com\/?post_type=product&#038;p=13716"},"modified":"2026-03-27T23:11:33","modified_gmt":"2026-03-27T22:11:33","slug":"magical-vetiver-batonnets-dencens","status":"publish","type":"product","link":"https:\/\/bhagwan-incense.com\/fr\/produit\/magical-vetiver-batonnets-dencens\/","title":{"rendered":"V\u00e9tiver Magique B\u00e2tonnets d&#8217;Encens"},"content":{"rendered":"<p>Vert, frais, musqu\u00e9 et balsamique, le v\u00e9tiver est appel\u00e9 Khus en Inde. C&#8217;est une herbe vivifiante, avec une saveur citronn\u00e9e et citronn\u00e9e, poussant tranquillement en arri\u00e8re-plan. Excellent \u00e0 tout moment de l&#8217;ann\u00e9e, mieux appr\u00e9ci\u00e9 pendant le printemps et l&#8217;\u00e9t\u00e9, pour aligner votre humeur avec une saison florissante. Meilleur encens pour rafra\u00eechir une pi\u00e8ce par une journ\u00e9e chaude et la refroidir jusqu&#8217;\u00e0 ce que la nuit arrive. Couramment utilis\u00e9 dans la parfumerie haut de gamme comme l&#8217;un des principaux ingr\u00e9dients. Le v\u00e9tiver est une plante magique, silencieuse et non verbale &#8211; le roi d&#8217;un royaume d&#8217;herbes.<\/p>\n","protected":false},"excerpt":{"rendered":"<p>Vert, frais, musqu\u00e9 et balsamique, le v\u00e9tiver est appel\u00e9 Khus en Inde. C&#8217;est une herbe vivifiante, avec une saveur citronn\u00e9e et citronn\u00e9e, poussant tranquillement en arri\u00e8re-plan.<\/p>\n","protected":false},"featured_media":13718,"comment_status":"open","ping_status":"closed","template":"","meta":[],"product_brand":[],"product_cat":[60,84,61],"product_tag":[75,74,72],"class_list":{"0":"post-13716","1":"product","2":"type-product","3":"status-publish","4":"has-post-thumbnail","6":"product_cat-boise","7":"product_cat-exotique-unique","8":"product_cat-floral","9":"product_tag-boise","10":"product_tag-epice","11":"product_tag-oriental-fr","13":"first","14":"instock","15":"shipping-taxable","16":"purchasable","17":"product-type-simple"},"yoast_head":"<!-- This site is optimized with the Yoast SEO plugin v27.5 - https:\/\/yoast.com\/product\/yoast-seo-wordpress\/ -->\n<title>V\u00e9tiver B\u00e2tonnets d&#039;Encens: L&#039;herbe vivifiante avec une note d&#039;agrume rafra\u00eechissante<\/title>\n<meta name=\"description\" content=\"D\u00e9couvrez le v\u00e9tiver (Khus), une herbe magique pris\u00e9e en parfumerie. Profitez de son parfum vert et musqu\u00e9 qui rafra\u00eechit et refroidit, parfait pour le printemps et l&#039;\u00e9t\u00e9.\" \/>\n<meta name=\"robots\" content=\"index, follow, max-snippet:-1, max-image-preview:large, max-video-preview:-1\" \/>\n<link rel=\"canonical\" href=\"https:\/\/bhagwan-incense.com\/fr\/produit\/magical-vetiver-batonnets-dencens\/\" \/>\n<meta property=\"og:locale\" content=\"fr_FR\" \/>\n<meta property=\"og:type\" content=\"article\" \/>\n<meta property=\"og:title\" content=\"V\u00e9tiver B\u00e2tonnets d&#039;Encens: L&#039;herbe vivifiante avec une note d&#039;agrume rafra\u00eechissante\" \/>\n<meta property=\"og:description\" content=\"D\u00e9couvrez le v\u00e9tiver (Khus), une herbe magique pris\u00e9e en parfumerie. Profitez de son parfum vert et musqu\u00e9 qui rafra\u00eechit et refroidit, parfait pour le printemps et l&#039;\u00e9t\u00e9.\" \/>\n<meta property=\"og:url\" content=\"https:\/\/bhagwan-incense.com\/fr\/produit\/magical-vetiver-batonnets-dencens\/\" \/>\n<meta property=\"og:site_name\" content=\"Bhagwan Incense | EU and Worldwide Shop\" \/>\n<meta property=\"article:publisher\" content=\"https:\/\/www.facebook.com\/profile.php?id=100093081477613&amp;mibextid=ZbWKwLp\" \/>\n<meta property=\"article:modified_time\" content=\"2026-03-27T22:11:33+00:00\" \/>\n<meta property=\"og:image\" content=\"https:\/\/bhagwan-incense.com\/wp-content\/uploads\/2024\/03\/Magical-Vetiver-_2.jpg?wsr\" \/>\n\t<meta property=\"og:image:width\" content=\"853\" \/>\n\t<meta property=\"og:image:height\" content=\"1280\" \/>\n\t<meta property=\"og:image:type\" content=\"image\/jpeg\" \/>\n<meta name=\"twitter:card\" content=\"summary_large_image\" \/>\n<meta name=\"twitter:label1\" content=\"Dur\u00e9e de lecture estim\u00e9e\" \/>\n\t<meta name=\"twitter:data1\" content=\"1 minute\" \/>\n<script type=\"application\/ld+json\" class=\"yoast-schema-graph\">{\"@context\":\"https:\\\/\\\/schema.org\",\"@graph\":[{\"@type\":\"WebPage\",\"@id\":\"https:\\\/\\\/bhagwan-incense.com\\\/fr\\\/produit\\\/magical-vetiver-batonnets-dencens\\\/\",\"url\":\"https:\\\/\\\/bhagwan-incense.com\\\/fr\\\/produit\\\/magical-vetiver-batonnets-dencens\\\/\",\"name\":\"V\u00e9tiver B\u00e2tonnets d'Encens: L'herbe vivifiante avec une note d'agrume rafra\u00eechissante\",\"isPartOf\":{\"@id\":\"https:\\\/\\\/bhagwan-incense.com\\\/fr\\\/#website\"},\"primaryImageOfPage\":{\"@id\":\"https:\\\/\\\/bhagwan-incense.com\\\/fr\\\/produit\\\/magical-vetiver-batonnets-dencens\\\/#primaryimage\"},\"image\":{\"@id\":\"https:\\\/\\\/bhagwan-incense.com\\\/fr\\\/produit\\\/magical-vetiver-batonnets-dencens\\\/#primaryimage\"},\"thumbnailUrl\":\"https:\\\/\\\/bhagwan-incense.com\\\/wp-content\\\/uploads\\\/2024\\\/03\\\/Magical-Vetiver-_2.jpg?wsr\",\"datePublished\":\"2024-03-01T17:39:34+00:00\",\"dateModified\":\"2026-03-27T22:11:33+00:00\",\"description\":\"D\u00e9couvrez le v\u00e9tiver (Khus), une herbe magique pris\u00e9e en parfumerie. Profitez de son parfum vert et musqu\u00e9 qui rafra\u00eechit et refroidit, parfait pour le printemps et l'\u00e9t\u00e9.\",\"breadcrumb\":{\"@id\":\"https:\\\/\\\/bhagwan-incense.com\\\/fr\\\/produit\\\/magical-vetiver-batonnets-dencens\\\/#breadcrumb\"},\"inLanguage\":\"fr-FR\",\"potentialAction\":[{\"@type\":\"ReadAction\",\"target\":[\"https:\\\/\\\/bhagwan-incense.com\\\/fr\\\/produit\\\/magical-vetiver-batonnets-dencens\\\/\"]}]},{\"@type\":\"ImageObject\",\"inLanguage\":\"fr-FR\",\"@id\":\"https:\\\/\\\/bhagwan-incense.com\\\/fr\\\/produit\\\/magical-vetiver-batonnets-dencens\\\/#primaryimage\",\"url\":\"https:\\\/\\\/bhagwan-incense.com\\\/wp-content\\\/uploads\\\/2024\\\/03\\\/Magical-Vetiver-_2.jpg?wsr\",\"contentUrl\":\"https:\\\/\\\/bhagwan-incense.com\\\/wp-content\\\/uploads\\\/2024\\\/03\\\/Magical-Vetiver-_2.jpg?wsr\",\"width\":853,\"height\":1280},{\"@type\":\"BreadcrumbList\",\"@id\":\"https:\\\/\\\/bhagwan-incense.com\\\/fr\\\/produit\\\/magical-vetiver-batonnets-dencens\\\/#breadcrumb\",\"itemListElement\":[{\"@type\":\"ListItem\",\"position\":1,\"name\":\"Home\",\"item\":\"https:\\\/\\\/bhagwan-incense.com\\\/fr\\\/\"},{\"@type\":\"ListItem\",\"position\":2,\"name\":\"Boutique\",\"item\":\"https:\\\/\\\/bhagwan-incense.com\\\/fr\\\/boutique\\\/\"},{\"@type\":\"ListItem\",\"position\":3,\"name\":\"V\u00e9tiver Magique B\u00e2tonnets d&#8217;Encens\"}]},{\"@type\":\"WebSite\",\"@id\":\"https:\\\/\\\/bhagwan-incense.com\\\/fr\\\/#website\",\"url\":\"https:\\\/\\\/bhagwan-incense.com\\\/fr\\\/\",\"name\":\"Bhagwan Incense | EU and Worldwide Incense Shop\",\"description\":\"Pure and Natural Incense from India\",\"publisher\":{\"@id\":\"https:\\\/\\\/bhagwan-incense.com\\\/fr\\\/#organization\"},\"potentialAction\":[{\"@type\":\"SearchAction\",\"target\":{\"@type\":\"EntryPoint\",\"urlTemplate\":\"https:\\\/\\\/bhagwan-incense.com\\\/fr\\\/?s={search_term_string}\"},\"query-input\":{\"@type\":\"PropertyValueSpecification\",\"valueRequired\":true,\"valueName\":\"search_term_string\"}}],\"inLanguage\":\"fr-FR\"},{\"@type\":\"Organization\",\"@id\":\"https:\\\/\\\/bhagwan-incense.com\\\/fr\\\/#organization\",\"name\":\"Bhagwan incense\",\"url\":\"https:\\\/\\\/bhagwan-incense.com\\\/fr\\\/\",\"logo\":{\"@type\":\"ImageObject\",\"inLanguage\":\"fr-FR\",\"@id\":\"https:\\\/\\\/bhagwan-incense.com\\\/fr\\\/#\\\/schema\\\/logo\\\/image\\\/\",\"url\":\"https:\\\/\\\/bhagwan-incense.com\\\/wp-content\\\/uploads\\\/2023\\\/06\\\/Logo-black.png\",\"contentUrl\":\"https:\\\/\\\/bhagwan-incense.com\\\/wp-content\\\/uploads\\\/2023\\\/06\\\/Logo-black.png\",\"width\":150,\"height\":150,\"caption\":\"Bhagwan incense\"},\"image\":{\"@id\":\"https:\\\/\\\/bhagwan-incense.com\\\/fr\\\/#\\\/schema\\\/logo\\\/image\\\/\"},\"sameAs\":[\"https:\\\/\\\/www.facebook.com\\\/profile.php?id=100093081477613&mibextid=ZbWKwLp\",\"https:\\\/\\\/www.instagram.com\\\/bhagwan_incense\\\/\"]}]}<\/script>\n<!-- \/ Yoast SEO plugin. -->","yoast_head_json":{"title":"V\u00e9tiver B\u00e2tonnets d'Encens: L'herbe vivifiante avec une note d'agrume rafra\u00eechissante","description":"D\u00e9couvrez le v\u00e9tiver (Khus), une herbe magique pris\u00e9e en parfumerie. Profitez de son parfum vert et musqu\u00e9 qui rafra\u00eechit et refroidit, parfait pour le printemps et l'\u00e9t\u00e9.","robots":{"index":"index","follow":"follow","max-snippet":"max-snippet:-1","max-image-preview":"max-image-preview:large","max-video-preview":"max-video-preview:-1"},"canonical":"https:\/\/bhagwan-incense.com\/fr\/produit\/magical-vetiver-batonnets-dencens\/","og_locale":"fr_FR","og_type":"article","og_title":"V\u00e9tiver B\u00e2tonnets d'Encens: L'herbe vivifiante avec une note d'agrume rafra\u00eechissante","og_description":"D\u00e9couvrez le v\u00e9tiver (Khus), une herbe magique pris\u00e9e en parfumerie. Profitez de son parfum vert et musqu\u00e9 qui rafra\u00eechit et refroidit, parfait pour le printemps et l'\u00e9t\u00e9.","og_url":"https:\/\/bhagwan-incense.com\/fr\/produit\/magical-vetiver-batonnets-dencens\/","og_site_name":"Bhagwan Incense | EU and Worldwide Shop","article_publisher":"https:\/\/www.facebook.com\/profile.php?id=100093081477613&mibextid=ZbWKwLp","article_modified_time":"2026-03-27T22:11:33+00:00","og_image":[{"width":853,"height":1280,"url":"https:\/\/bhagwan-incense.com\/wp-content\/uploads\/2024\/03\/Magical-Vetiver-_2.jpg?wsr","type":"image\/jpeg"}],"twitter_card":"summary_large_image","twitter_misc":{"Dur\u00e9e de lecture estim\u00e9e":"1 minute"},"schema":{"@context":"https:\/\/schema.org","@graph":[{"@type":"WebPage","@id":"https:\/\/bhagwan-incense.com\/fr\/produit\/magical-vetiver-batonnets-dencens\/","url":"https:\/\/bhagwan-incense.com\/fr\/produit\/magical-vetiver-batonnets-dencens\/","name":"V\u00e9tiver B\u00e2tonnets d'Encens: L'herbe vivifiante avec une note d'agrume rafra\u00eechissante","isPartOf":{"@id":"https:\/\/bhagwan-incense.com\/fr\/#website"},"primaryImageOfPage":{"@id":"https:\/\/bhagwan-incense.com\/fr\/produit\/magical-vetiver-batonnets-dencens\/#primaryimage"},"image":{"@id":"https:\/\/bhagwan-incense.com\/fr\/produit\/magical-vetiver-batonnets-dencens\/#primaryimage"},"thumbnailUrl":"https:\/\/bhagwan-incense.com\/wp-content\/uploads\/2024\/03\/Magical-Vetiver-_2.jpg?wsr","datePublished":"2024-03-01T17:39:34+00:00","dateModified":"2026-03-27T22:11:33+00:00","description":"D\u00e9couvrez le v\u00e9tiver (Khus), une herbe magique pris\u00e9e en parfumerie. Profitez de son parfum vert et musqu\u00e9 qui rafra\u00eechit et refroidit, parfait pour le printemps et l'\u00e9t\u00e9.","breadcrumb":{"@id":"https:\/\/bhagwan-incense.com\/fr\/produit\/magical-vetiver-batonnets-dencens\/#breadcrumb"},"inLanguage":"fr-FR","potentialAction":[{"@type":"ReadAction","target":["https:\/\/bhagwan-incense.com\/fr\/produit\/magical-vetiver-batonnets-dencens\/"]}]},{"@type":"ImageObject","inLanguage":"fr-FR","@id":"https:\/\/bhagwan-incense.com\/fr\/produit\/magical-vetiver-batonnets-dencens\/#primaryimage","url":"https:\/\/bhagwan-incense.com\/wp-content\/uploads\/2024\/03\/Magical-Vetiver-_2.jpg?wsr","contentUrl":"https:\/\/bhagwan-incense.com\/wp-content\/uploads\/2024\/03\/Magical-Vetiver-_2.jpg?wsr","width":853,"height":1280},{"@type":"BreadcrumbList","@id":"https:\/\/bhagwan-incense.com\/fr\/produit\/magical-vetiver-batonnets-dencens\/#breadcrumb","itemListElement":[{"@type":"ListItem","position":1,"name":"Home","item":"https:\/\/bhagwan-incense.com\/fr\/"},{"@type":"ListItem","position":2,"name":"Boutique","item":"https:\/\/bhagwan-incense.com\/fr\/boutique\/"},{"@type":"ListItem","position":3,"name":"V\u00e9tiver Magique B\u00e2tonnets d&#8217;Encens"}]},{"@type":"WebSite","@id":"https:\/\/bhagwan-incense.com\/fr\/#website","url":"https:\/\/bhagwan-incense.com\/fr\/","name":"Bhagwan Incense | EU and Worldwide Incense Shop","description":"Pure and Natural Incense from India","publisher":{"@id":"https:\/\/bhagwan-incense.com\/fr\/#organization"},"potentialAction":[{"@type":"SearchAction","target":{"@type":"EntryPoint","urlTemplate":"https:\/\/bhagwan-incense.com\/fr\/?s={search_term_string}"},"query-input":{"@type":"PropertyValueSpecification","valueRequired":true,"valueName":"search_term_string"}}],"inLanguage":"fr-FR"},{"@type":"Organization","@id":"https:\/\/bhagwan-incense.com\/fr\/#organization","name":"Bhagwan incense","url":"https:\/\/bhagwan-incense.com\/fr\/","logo":{"@type":"ImageObject","inLanguage":"fr-FR","@id":"https:\/\/bhagwan-incense.com\/fr\/#\/schema\/logo\/image\/","url":"https:\/\/bhagwan-incense.com\/wp-content\/uploads\/2023\/06\/Logo-black.png","contentUrl":"https:\/\/bhagwan-incense.com\/wp-content\/uploads\/2023\/06\/Logo-black.png","width":150,"height":150,"caption":"Bhagwan incense"},"image":{"@id":"https:\/\/bhagwan-incense.com\/fr\/#\/schema\/logo\/image\/"},"sameAs":["https:\/\/www.facebook.com\/profile.php?id=100093081477613&mibextid=ZbWKwLp","https:\/\/www.instagram.com\/bhagwan_incense\/"]}]}},"_links":{"self":[{"href":"https:\/\/bhagwan-incense.com\/fr\/wp-json\/wp\/v2\/product\/13716","targetHints":{"allow":["GET"]}}],"collection":[{"href":"https:\/\/bhagwan-incense.com\/fr\/wp-json\/wp\/v2\/product"}],"about":[{"href":"https:\/\/bhagwan-incense.com\/fr\/wp-json\/wp\/v2\/types\/product"}],"replies":[{"embeddable":true,"href":"https:\/\/bhagwan-incense.com\/fr\/wp-json\/wp\/v2\/comments?post=13716"}],"wp:featuredmedia":[{"embeddable":true,"href":"https:\/\/bhagwan-incense.com\/fr\/wp-json\/wp\/v2\/media\/13718"}],"wp:attachment":[{"href":"https:\/\/bhagwan-incense.com\/fr\/wp-json\/wp\/v2\/media?parent=13716"}],"wp:term":[{"taxonomy":"product_brand","embeddable":true,"href":"https:\/\/bhagwan-incense.com\/fr\/wp-json\/wp\/v2\/product_brand?post=13716"},{"taxonomy":"product_cat","embeddable":true,"href":"https:\/\/bhagwan-incense.com\/fr\/wp-json\/wp\/v2\/product_cat?post=13716"},{"taxonomy":"product_tag","embeddable":true,"href":"https:\/\/bhagwan-incense.com\/fr\/wp-json\/wp\/v2\/product_tag?post=13716"}],"curies":[{"name":"wp","href":"https:\/\/api.w.org\/{rel}","templated":true}]}}