{"id":13895,"date":"2024-04-23T14:45:31","date_gmt":"2024-04-23T12:45:31","guid":{"rendered":"https:\/\/bhagwan-incense.com\/?post_type=product&#038;p=13895"},"modified":"2026-03-27T23:09:24","modified_gmt":"2026-03-27T22:09:24","slug":"lemongrass-batonnets-dencens","status":"publish","type":"product","link":"https:\/\/bhagwan-incense.com\/fr\/produit\/lemongrass-batonnets-dencens\/","title":{"rendered":"Citronnelle B\u00e2tonnets d&#8217;Encens"},"content":{"rendered":"<p>Plongez-vous dans l&#8217;ar\u00f4me pur et vif de notre encens de citronnelle pure. Si vous recherchez l&#8217;encens \u00e0 la citronnelle au parfum le plus frais et le plus net, vous \u00eates au bon endroit.<\/p>\n<p>Notre encens \u00e0 la citronnelle d\u00e9gage un parfum frais et citronn\u00e9, avec des nuances terreuses subtiles. Revigorant et \u00e9nergisant, il apporte une sensation de fra\u00eecheur et de l\u00e9g\u00e8ret\u00e9 les jours chauds. Avec une base masala pure et neutre, notre encens permet aux notes de t\u00eate de l&#8217;huile essentielle de citronnelle de briller sans aucune interf\u00e9rence.<\/p>\n<p>&nbsp;<\/p>\n","protected":false},"excerpt":{"rendered":"<p>Plongez-vous dans l&#8217;ar\u00f4me pur et vif de notre encens de citronnelle pure. Si vous recherchez l&#8217;encens \u00e0 la citronnelle au parfum le plus frais et le plus net, vous \u00eates au bon endroit.<\/p>\n<p>Notre encens \u00e0 la citronnelle d\u00e9gage un parfum frais et citronn\u00e9, avec des nuances terreuses subtiles. Revigorant et \u00e9nergisant, il apporte une sensation de fra\u00eecheur et de l\u00e9g\u00e8ret\u00e9 les jours chauds.<\/p>\n","protected":false},"featured_media":13897,"comment_status":"open","ping_status":"closed","template":"","meta":[],"product_brand":[],"product_cat":[61,85],"product_tag":[75,74,72],"class_list":{"0":"post-13895","1":"product","2":"type-product","3":"status-publish","4":"has-post-thumbnail","6":"product_cat-floral","7":"product_cat-yoga-fr","8":"product_tag-boise","9":"product_tag-epice","10":"product_tag-oriental-fr","12":"first","13":"instock","14":"shipping-taxable","15":"purchasable","16":"product-type-simple"},"yoast_head":"<!-- This site is optimized with the Yoast SEO plugin v27.5 - https:\/\/yoast.com\/product\/yoast-seo-wordpress\/ -->\n<title>Encens pur de citronnelle - Ar\u00f4me revigorant et relaxant (Parfum frais)<\/title>\n<meta name=\"description\" content=\"D\u00e9couvrez le parfum pur et frais de l&#039;encens \u00e0 la citronnelle. Revigorant et \u00e9nergisant, il favorise la relaxation et un meilleur sommeil. Procurez-vous d\u00e8s maintenant les b\u00e2tonnets d&#039;encens \u00e0 la citronnelle de la plus haute qualit\u00e9 !\" \/>\n<meta name=\"robots\" content=\"index, follow, max-snippet:-1, max-image-preview:large, max-video-preview:-1\" \/>\n<link rel=\"canonical\" href=\"https:\/\/bhagwan-incense.com\/fr\/produit\/lemongrass-batonnets-dencens\/\" \/>\n<meta property=\"og:locale\" content=\"fr_FR\" \/>\n<meta property=\"og:type\" content=\"article\" \/>\n<meta property=\"og:title\" content=\"Encens pur de citronnelle - Ar\u00f4me revigorant et relaxant (Parfum frais)\" \/>\n<meta property=\"og:description\" content=\"D\u00e9couvrez le parfum pur et frais de l&#039;encens \u00e0 la citronnelle. Revigorant et \u00e9nergisant, il favorise la relaxation et un meilleur sommeil. Procurez-vous d\u00e8s maintenant les b\u00e2tonnets d&#039;encens \u00e0 la citronnelle de la plus haute qualit\u00e9 !\" \/>\n<meta property=\"og:url\" content=\"https:\/\/bhagwan-incense.com\/fr\/produit\/lemongrass-batonnets-dencens\/\" \/>\n<meta property=\"og:site_name\" content=\"Bhagwan Incense | EU and Worldwide Shop\" \/>\n<meta property=\"article:publisher\" content=\"https:\/\/www.facebook.com\/profile.php?id=100093081477613&amp;mibextid=ZbWKwLp\" \/>\n<meta property=\"article:modified_time\" content=\"2026-03-27T22:09:24+00:00\" \/>\n<meta property=\"og:image\" content=\"https:\/\/bhagwan-incense.com\/wp-content\/uploads\/2024\/04\/Lemongrass_2-scaled.jpg?wsr\" \/>\n\t<meta property=\"og:image:width\" content=\"1707\" \/>\n\t<meta property=\"og:image:height\" content=\"2560\" \/>\n\t<meta property=\"og:image:type\" content=\"image\/jpeg\" \/>\n<meta name=\"twitter:card\" content=\"summary_large_image\" \/>\n<meta name=\"twitter:label1\" content=\"Dur\u00e9e de lecture estim\u00e9e\" \/>\n\t<meta name=\"twitter:data1\" content=\"1 minute\" \/>\n<script type=\"application\/ld+json\" class=\"yoast-schema-graph\">{\"@context\":\"https:\\\/\\\/schema.org\",\"@graph\":[{\"@type\":\"WebPage\",\"@id\":\"https:\\\/\\\/bhagwan-incense.com\\\/fr\\\/produit\\\/lemongrass-batonnets-dencens\\\/\",\"url\":\"https:\\\/\\\/bhagwan-incense.com\\\/fr\\\/produit\\\/lemongrass-batonnets-dencens\\\/\",\"name\":\"Encens pur de citronnelle - Ar\u00f4me revigorant et relaxant (Parfum frais)\",\"isPartOf\":{\"@id\":\"https:\\\/\\\/bhagwan-incense.com\\\/fr\\\/#website\"},\"primaryImageOfPage\":{\"@id\":\"https:\\\/\\\/bhagwan-incense.com\\\/fr\\\/produit\\\/lemongrass-batonnets-dencens\\\/#primaryimage\"},\"image\":{\"@id\":\"https:\\\/\\\/bhagwan-incense.com\\\/fr\\\/produit\\\/lemongrass-batonnets-dencens\\\/#primaryimage\"},\"thumbnailUrl\":\"https:\\\/\\\/bhagwan-incense.com\\\/wp-content\\\/uploads\\\/2024\\\/04\\\/Lemongrass_2-scaled.jpg?wsr\",\"datePublished\":\"2024-04-23T12:45:31+00:00\",\"dateModified\":\"2026-03-27T22:09:24+00:00\",\"description\":\"D\u00e9couvrez le parfum pur et frais de l'encens \u00e0 la citronnelle. Revigorant et \u00e9nergisant, il favorise la relaxation et un meilleur sommeil. Procurez-vous d\u00e8s maintenant les b\u00e2tonnets d'encens \u00e0 la citronnelle de la plus haute qualit\u00e9 !\",\"breadcrumb\":{\"@id\":\"https:\\\/\\\/bhagwan-incense.com\\\/fr\\\/produit\\\/lemongrass-batonnets-dencens\\\/#breadcrumb\"},\"inLanguage\":\"fr-FR\",\"potentialAction\":[{\"@type\":\"ReadAction\",\"target\":[\"https:\\\/\\\/bhagwan-incense.com\\\/fr\\\/produit\\\/lemongrass-batonnets-dencens\\\/\"]}]},{\"@type\":\"ImageObject\",\"inLanguage\":\"fr-FR\",\"@id\":\"https:\\\/\\\/bhagwan-incense.com\\\/fr\\\/produit\\\/lemongrass-batonnets-dencens\\\/#primaryimage\",\"url\":\"https:\\\/\\\/bhagwan-incense.com\\\/wp-content\\\/uploads\\\/2024\\\/04\\\/Lemongrass_2-scaled.jpg?wsr\",\"contentUrl\":\"https:\\\/\\\/bhagwan-incense.com\\\/wp-content\\\/uploads\\\/2024\\\/04\\\/Lemongrass_2-scaled.jpg?wsr\",\"width\":1707,\"height\":2560},{\"@type\":\"BreadcrumbList\",\"@id\":\"https:\\\/\\\/bhagwan-incense.com\\\/fr\\\/produit\\\/lemongrass-batonnets-dencens\\\/#breadcrumb\",\"itemListElement\":[{\"@type\":\"ListItem\",\"position\":1,\"name\":\"Home\",\"item\":\"https:\\\/\\\/bhagwan-incense.com\\\/fr\\\/\"},{\"@type\":\"ListItem\",\"position\":2,\"name\":\"Boutique\",\"item\":\"https:\\\/\\\/bhagwan-incense.com\\\/fr\\\/boutique\\\/\"},{\"@type\":\"ListItem\",\"position\":3,\"name\":\"Citronnelle B\u00e2tonnets d&#8217;Encens\"}]},{\"@type\":\"WebSite\",\"@id\":\"https:\\\/\\\/bhagwan-incense.com\\\/fr\\\/#website\",\"url\":\"https:\\\/\\\/bhagwan-incense.com\\\/fr\\\/\",\"name\":\"Bhagwan Incense | EU and Worldwide Incense Shop\",\"description\":\"Pure and Natural Incense from India\",\"publisher\":{\"@id\":\"https:\\\/\\\/bhagwan-incense.com\\\/fr\\\/#organization\"},\"potentialAction\":[{\"@type\":\"SearchAction\",\"target\":{\"@type\":\"EntryPoint\",\"urlTemplate\":\"https:\\\/\\\/bhagwan-incense.com\\\/fr\\\/?s={search_term_string}\"},\"query-input\":{\"@type\":\"PropertyValueSpecification\",\"valueRequired\":true,\"valueName\":\"search_term_string\"}}],\"inLanguage\":\"fr-FR\"},{\"@type\":\"Organization\",\"@id\":\"https:\\\/\\\/bhagwan-incense.com\\\/fr\\\/#organization\",\"name\":\"Bhagwan incense\",\"url\":\"https:\\\/\\\/bhagwan-incense.com\\\/fr\\\/\",\"logo\":{\"@type\":\"ImageObject\",\"inLanguage\":\"fr-FR\",\"@id\":\"https:\\\/\\\/bhagwan-incense.com\\\/fr\\\/#\\\/schema\\\/logo\\\/image\\\/\",\"url\":\"https:\\\/\\\/bhagwan-incense.com\\\/wp-content\\\/uploads\\\/2023\\\/06\\\/Logo-black.png\",\"contentUrl\":\"https:\\\/\\\/bhagwan-incense.com\\\/wp-content\\\/uploads\\\/2023\\\/06\\\/Logo-black.png\",\"width\":150,\"height\":150,\"caption\":\"Bhagwan incense\"},\"image\":{\"@id\":\"https:\\\/\\\/bhagwan-incense.com\\\/fr\\\/#\\\/schema\\\/logo\\\/image\\\/\"},\"sameAs\":[\"https:\\\/\\\/www.facebook.com\\\/profile.php?id=100093081477613&mibextid=ZbWKwLp\",\"https:\\\/\\\/www.instagram.com\\\/bhagwan_incense\\\/\"]}]}<\/script>\n<!-- \/ Yoast SEO plugin. -->","yoast_head_json":{"title":"Encens pur de citronnelle - Ar\u00f4me revigorant et relaxant (Parfum frais)","description":"D\u00e9couvrez le parfum pur et frais de l'encens \u00e0 la citronnelle. Revigorant et \u00e9nergisant, il favorise la relaxation et un meilleur sommeil. Procurez-vous d\u00e8s maintenant les b\u00e2tonnets d'encens \u00e0 la citronnelle de la plus haute qualit\u00e9 !","robots":{"index":"index","follow":"follow","max-snippet":"max-snippet:-1","max-image-preview":"max-image-preview:large","max-video-preview":"max-video-preview:-1"},"canonical":"https:\/\/bhagwan-incense.com\/fr\/produit\/lemongrass-batonnets-dencens\/","og_locale":"fr_FR","og_type":"article","og_title":"Encens pur de citronnelle - Ar\u00f4me revigorant et relaxant (Parfum frais)","og_description":"D\u00e9couvrez le parfum pur et frais de l'encens \u00e0 la citronnelle. Revigorant et \u00e9nergisant, il favorise la relaxation et un meilleur sommeil. Procurez-vous d\u00e8s maintenant les b\u00e2tonnets d'encens \u00e0 la citronnelle de la plus haute qualit\u00e9 !","og_url":"https:\/\/bhagwan-incense.com\/fr\/produit\/lemongrass-batonnets-dencens\/","og_site_name":"Bhagwan Incense | EU and Worldwide Shop","article_publisher":"https:\/\/www.facebook.com\/profile.php?id=100093081477613&mibextid=ZbWKwLp","article_modified_time":"2026-03-27T22:09:24+00:00","og_image":[{"width":1707,"height":2560,"url":"https:\/\/bhagwan-incense.com\/wp-content\/uploads\/2024\/04\/Lemongrass_2-scaled.jpg?wsr","type":"image\/jpeg"}],"twitter_card":"summary_large_image","twitter_misc":{"Dur\u00e9e de lecture estim\u00e9e":"1 minute"},"schema":{"@context":"https:\/\/schema.org","@graph":[{"@type":"WebPage","@id":"https:\/\/bhagwan-incense.com\/fr\/produit\/lemongrass-batonnets-dencens\/","url":"https:\/\/bhagwan-incense.com\/fr\/produit\/lemongrass-batonnets-dencens\/","name":"Encens pur de citronnelle - Ar\u00f4me revigorant et relaxant (Parfum frais)","isPartOf":{"@id":"https:\/\/bhagwan-incense.com\/fr\/#website"},"primaryImageOfPage":{"@id":"https:\/\/bhagwan-incense.com\/fr\/produit\/lemongrass-batonnets-dencens\/#primaryimage"},"image":{"@id":"https:\/\/bhagwan-incense.com\/fr\/produit\/lemongrass-batonnets-dencens\/#primaryimage"},"thumbnailUrl":"https:\/\/bhagwan-incense.com\/wp-content\/uploads\/2024\/04\/Lemongrass_2-scaled.jpg?wsr","datePublished":"2024-04-23T12:45:31+00:00","dateModified":"2026-03-27T22:09:24+00:00","description":"D\u00e9couvrez le parfum pur et frais de l'encens \u00e0 la citronnelle. Revigorant et \u00e9nergisant, il favorise la relaxation et un meilleur sommeil. Procurez-vous d\u00e8s maintenant les b\u00e2tonnets d'encens \u00e0 la citronnelle de la plus haute qualit\u00e9 !","breadcrumb":{"@id":"https:\/\/bhagwan-incense.com\/fr\/produit\/lemongrass-batonnets-dencens\/#breadcrumb"},"inLanguage":"fr-FR","potentialAction":[{"@type":"ReadAction","target":["https:\/\/bhagwan-incense.com\/fr\/produit\/lemongrass-batonnets-dencens\/"]}]},{"@type":"ImageObject","inLanguage":"fr-FR","@id":"https:\/\/bhagwan-incense.com\/fr\/produit\/lemongrass-batonnets-dencens\/#primaryimage","url":"https:\/\/bhagwan-incense.com\/wp-content\/uploads\/2024\/04\/Lemongrass_2-scaled.jpg?wsr","contentUrl":"https:\/\/bhagwan-incense.com\/wp-content\/uploads\/2024\/04\/Lemongrass_2-scaled.jpg?wsr","width":1707,"height":2560},{"@type":"BreadcrumbList","@id":"https:\/\/bhagwan-incense.com\/fr\/produit\/lemongrass-batonnets-dencens\/#breadcrumb","itemListElement":[{"@type":"ListItem","position":1,"name":"Home","item":"https:\/\/bhagwan-incense.com\/fr\/"},{"@type":"ListItem","position":2,"name":"Boutique","item":"https:\/\/bhagwan-incense.com\/fr\/boutique\/"},{"@type":"ListItem","position":3,"name":"Citronnelle B\u00e2tonnets d&#8217;Encens"}]},{"@type":"WebSite","@id":"https:\/\/bhagwan-incense.com\/fr\/#website","url":"https:\/\/bhagwan-incense.com\/fr\/","name":"Bhagwan Incense | EU and Worldwide Incense Shop","description":"Pure and Natural Incense from India","publisher":{"@id":"https:\/\/bhagwan-incense.com\/fr\/#organization"},"potentialAction":[{"@type":"SearchAction","target":{"@type":"EntryPoint","urlTemplate":"https:\/\/bhagwan-incense.com\/fr\/?s={search_term_string}"},"query-input":{"@type":"PropertyValueSpecification","valueRequired":true,"valueName":"search_term_string"}}],"inLanguage":"fr-FR"},{"@type":"Organization","@id":"https:\/\/bhagwan-incense.com\/fr\/#organization","name":"Bhagwan incense","url":"https:\/\/bhagwan-incense.com\/fr\/","logo":{"@type":"ImageObject","inLanguage":"fr-FR","@id":"https:\/\/bhagwan-incense.com\/fr\/#\/schema\/logo\/image\/","url":"https:\/\/bhagwan-incense.com\/wp-content\/uploads\/2023\/06\/Logo-black.png","contentUrl":"https:\/\/bhagwan-incense.com\/wp-content\/uploads\/2023\/06\/Logo-black.png","width":150,"height":150,"caption":"Bhagwan incense"},"image":{"@id":"https:\/\/bhagwan-incense.com\/fr\/#\/schema\/logo\/image\/"},"sameAs":["https:\/\/www.facebook.com\/profile.php?id=100093081477613&mibextid=ZbWKwLp","https:\/\/www.instagram.com\/bhagwan_incense\/"]}]}},"_links":{"self":[{"href":"https:\/\/bhagwan-incense.com\/fr\/wp-json\/wp\/v2\/product\/13895","targetHints":{"allow":["GET"]}}],"collection":[{"href":"https:\/\/bhagwan-incense.com\/fr\/wp-json\/wp\/v2\/product"}],"about":[{"href":"https:\/\/bhagwan-incense.com\/fr\/wp-json\/wp\/v2\/types\/product"}],"replies":[{"embeddable":true,"href":"https:\/\/bhagwan-incense.com\/fr\/wp-json\/wp\/v2\/comments?post=13895"}],"wp:featuredmedia":[{"embeddable":true,"href":"https:\/\/bhagwan-incense.com\/fr\/wp-json\/wp\/v2\/media\/13897"}],"wp:attachment":[{"href":"https:\/\/bhagwan-incense.com\/fr\/wp-json\/wp\/v2\/media?parent=13895"}],"wp:term":[{"taxonomy":"product_brand","embeddable":true,"href":"https:\/\/bhagwan-incense.com\/fr\/wp-json\/wp\/v2\/product_brand?post=13895"},{"taxonomy":"product_cat","embeddable":true,"href":"https:\/\/bhagwan-incense.com\/fr\/wp-json\/wp\/v2\/product_cat?post=13895"},{"taxonomy":"product_tag","embeddable":true,"href":"https:\/\/bhagwan-incense.com\/fr\/wp-json\/wp\/v2\/product_tag?post=13895"}],"curies":[{"name":"wp","href":"https:\/\/api.w.org\/{rel}","templated":true}]}}