{"id":13904,"date":"2024-04-23T15:29:06","date_gmt":"2024-04-23T13:29:06","guid":{"rendered":"https:\/\/bhagwan-incense.com\/?post_type=product&#038;p=13904"},"modified":"2026-03-27T23:08:04","modified_gmt":"2026-03-27T22:08:04","slug":"woody-musk-and-champa-batonnets-dencens","status":"publish","type":"product","link":"https:\/\/bhagwan-incense.com\/fr\/produit\/woody-musk-and-champa-batonnets-dencens\/","title":{"rendered":"Musc Bois\u00e9 &#038; Champa B\u00e2tonnets d&#8217;Encens"},"content":{"rendered":"<p>Un m\u00e9lange foug\u00e8re magistral de musc bois\u00e9 r\u00e9sineux, de champaca, de patchouli et de v\u00e9tiver avec les touches d\u00e9licates de n\u00e9roli, d&#8217;ambre et de benjoin.<\/p>\n<p>\u00c9chappez \u00e0 l&#8217;ordinaire avec notre encens Woody Musk &amp; Champa, un m\u00e9lange unique \u00e0 la fois sophistiqu\u00e9 et intrigant. Bois\u00e9, musqu\u00e9 et impr\u00e9gn\u00e9 de notes florales d\u00e9licates, ce parfum est une v\u00e9ritable aventure olfactive.<\/p>\n<p>Unique et mystique, sa composition complexe refl\u00e8te les meilleurs parfums Foug\u00e8re, \u00e9quilibrant habilement des notes bois\u00e9es, musqu\u00e9es, sucr\u00e9es, balsamiques, savoureuses et terreuses.<\/p>\n","protected":false},"excerpt":{"rendered":"<p>Un m\u00e9lange foug\u00e8re magistral de musc bois\u00e9 r\u00e9sineux, de champaca, de patchouli et de v\u00e9tiver avec les touches d\u00e9licates de n\u00e9roli, d&#8217;ambre et de benjoin.<\/p>\n","protected":false},"featured_media":13907,"comment_status":"open","ping_status":"closed","template":"","meta":[],"product_brand":[],"product_cat":[60,84,61,64,65],"product_tag":[75,74,67,70,72,73],"class_list":{"0":"post-13904","1":"product","2":"type-product","3":"status-publish","4":"has-post-thumbnail","6":"product_cat-boise","7":"product_cat-exotique-unique","8":"product_cat-floral","9":"product_cat-musc","10":"product_cat-nag-champa","11":"product_tag-boise","12":"product_tag-epice","13":"product_tag-floral-fr-2","14":"product_tag-nag-champa-fr","15":"product_tag-oriental-fr","16":"product_tag-resineux","18":"first","19":"instock","20":"shipping-taxable","21":"purchasable","22":"product-type-simple"},"yoast_head":"<!-- This site is optimized with the Yoast SEO plugin v27.4 - https:\/\/yoast.com\/product\/yoast-seo-wordpress\/ -->\n<title>Foug\u00e8re rencontre Encens : Explorez le Myst\u00e9rieux Woody Musk et Champa<\/title>\n<meta name=\"description\" content=\"Lancez-vous dans un voyage olfactif captivant avec les b\u00e2tonnets d&#039;encens Woody Musk &amp; Champa. Ce m\u00e9lange foug\u00e8re magistral int\u00e8gre parfaitement des notes d&#039;encens fum\u00e9 avec des muscs riches, du patchouli terrestre et des notes florales d\u00e9licates.\" \/>\n<meta name=\"robots\" content=\"index, follow, max-snippet:-1, max-image-preview:large, max-video-preview:-1\" \/>\n<link rel=\"canonical\" href=\"https:\/\/bhagwan-incense.com\/fr\/produit\/woody-musk-and-champa-batonnets-dencens\/\" \/>\n<meta property=\"og:locale\" content=\"fr_FR\" \/>\n<meta property=\"og:type\" content=\"article\" \/>\n<meta property=\"og:title\" content=\"Foug\u00e8re rencontre Encens : Explorez le Myst\u00e9rieux Woody Musk et Champa\" \/>\n<meta property=\"og:description\" content=\"Lancez-vous dans un voyage olfactif captivant avec les b\u00e2tonnets d&#039;encens Woody Musk &amp; Champa. Ce m\u00e9lange foug\u00e8re magistral int\u00e8gre parfaitement des notes d&#039;encens fum\u00e9 avec des muscs riches, du patchouli terrestre et des notes florales d\u00e9licates.\" \/>\n<meta property=\"og:url\" content=\"https:\/\/bhagwan-incense.com\/fr\/produit\/woody-musk-and-champa-batonnets-dencens\/\" \/>\n<meta property=\"og:site_name\" content=\"Bhagwan Incense | EU and Worldwide Shop\" \/>\n<meta property=\"article:publisher\" content=\"https:\/\/www.facebook.com\/profile.php?id=100093081477613&amp;mibextid=ZbWKwLp\" \/>\n<meta property=\"article:modified_time\" content=\"2026-03-27T22:08:04+00:00\" \/>\n<meta property=\"og:image\" content=\"https:\/\/bhagwan-incense.com\/wp-content\/uploads\/2024\/04\/Woody-Musk-Champa_2.jpg?wsr\" \/>\n\t<meta property=\"og:image:width\" content=\"853\" \/>\n\t<meta property=\"og:image:height\" content=\"1280\" \/>\n\t<meta property=\"og:image:type\" content=\"image\/jpeg\" \/>\n<meta name=\"twitter:card\" content=\"summary_large_image\" \/>\n<meta name=\"twitter:label1\" content=\"Dur\u00e9e de lecture estim\u00e9e\" \/>\n\t<meta name=\"twitter:data1\" content=\"1 minute\" \/>\n<script type=\"application\/ld+json\" class=\"yoast-schema-graph\">{\"@context\":\"https:\\\/\\\/schema.org\",\"@graph\":[{\"@type\":\"WebPage\",\"@id\":\"https:\\\/\\\/bhagwan-incense.com\\\/fr\\\/produit\\\/woody-musk-and-champa-batonnets-dencens\\\/\",\"url\":\"https:\\\/\\\/bhagwan-incense.com\\\/fr\\\/produit\\\/woody-musk-and-champa-batonnets-dencens\\\/\",\"name\":\"Foug\u00e8re rencontre Encens : Explorez le Myst\u00e9rieux Woody Musk et Champa\",\"isPartOf\":{\"@id\":\"https:\\\/\\\/bhagwan-incense.com\\\/fr\\\/#website\"},\"primaryImageOfPage\":{\"@id\":\"https:\\\/\\\/bhagwan-incense.com\\\/fr\\\/produit\\\/woody-musk-and-champa-batonnets-dencens\\\/#primaryimage\"},\"image\":{\"@id\":\"https:\\\/\\\/bhagwan-incense.com\\\/fr\\\/produit\\\/woody-musk-and-champa-batonnets-dencens\\\/#primaryimage\"},\"thumbnailUrl\":\"https:\\\/\\\/bhagwan-incense.com\\\/wp-content\\\/uploads\\\/2024\\\/04\\\/Woody-Musk-Champa_2.jpg?wsr\",\"datePublished\":\"2024-04-23T13:29:06+00:00\",\"dateModified\":\"2026-03-27T22:08:04+00:00\",\"description\":\"Lancez-vous dans un voyage olfactif captivant avec les b\u00e2tonnets d'encens Woody Musk & Champa. Ce m\u00e9lange foug\u00e8re magistral int\u00e8gre parfaitement des notes d'encens fum\u00e9 avec des muscs riches, du patchouli terrestre et des notes florales d\u00e9licates.\",\"breadcrumb\":{\"@id\":\"https:\\\/\\\/bhagwan-incense.com\\\/fr\\\/produit\\\/woody-musk-and-champa-batonnets-dencens\\\/#breadcrumb\"},\"inLanguage\":\"fr-FR\",\"potentialAction\":[{\"@type\":\"ReadAction\",\"target\":[\"https:\\\/\\\/bhagwan-incense.com\\\/fr\\\/produit\\\/woody-musk-and-champa-batonnets-dencens\\\/\"]}]},{\"@type\":\"ImageObject\",\"inLanguage\":\"fr-FR\",\"@id\":\"https:\\\/\\\/bhagwan-incense.com\\\/fr\\\/produit\\\/woody-musk-and-champa-batonnets-dencens\\\/#primaryimage\",\"url\":\"https:\\\/\\\/bhagwan-incense.com\\\/wp-content\\\/uploads\\\/2024\\\/04\\\/Woody-Musk-Champa_2.jpg?wsr\",\"contentUrl\":\"https:\\\/\\\/bhagwan-incense.com\\\/wp-content\\\/uploads\\\/2024\\\/04\\\/Woody-Musk-Champa_2.jpg?wsr\",\"width\":853,\"height\":1280},{\"@type\":\"BreadcrumbList\",\"@id\":\"https:\\\/\\\/bhagwan-incense.com\\\/fr\\\/produit\\\/woody-musk-and-champa-batonnets-dencens\\\/#breadcrumb\",\"itemListElement\":[{\"@type\":\"ListItem\",\"position\":1,\"name\":\"Home\",\"item\":\"https:\\\/\\\/bhagwan-incense.com\\\/fr\\\/\"},{\"@type\":\"ListItem\",\"position\":2,\"name\":\"Boutique\",\"item\":\"https:\\\/\\\/bhagwan-incense.com\\\/fr\\\/boutique\\\/\"},{\"@type\":\"ListItem\",\"position\":3,\"name\":\"Musc Bois\u00e9 &#038; Champa B\u00e2tonnets d&#8217;Encens\"}]},{\"@type\":\"WebSite\",\"@id\":\"https:\\\/\\\/bhagwan-incense.com\\\/fr\\\/#website\",\"url\":\"https:\\\/\\\/bhagwan-incense.com\\\/fr\\\/\",\"name\":\"Bhagwan Incense | EU and Worldwide Incense Shop\",\"description\":\"Pure and Natural Incense from India\",\"publisher\":{\"@id\":\"https:\\\/\\\/bhagwan-incense.com\\\/fr\\\/#organization\"},\"potentialAction\":[{\"@type\":\"SearchAction\",\"target\":{\"@type\":\"EntryPoint\",\"urlTemplate\":\"https:\\\/\\\/bhagwan-incense.com\\\/fr\\\/?s={search_term_string}\"},\"query-input\":{\"@type\":\"PropertyValueSpecification\",\"valueRequired\":true,\"valueName\":\"search_term_string\"}}],\"inLanguage\":\"fr-FR\"},{\"@type\":\"Organization\",\"@id\":\"https:\\\/\\\/bhagwan-incense.com\\\/fr\\\/#organization\",\"name\":\"Bhagwan incense\",\"url\":\"https:\\\/\\\/bhagwan-incense.com\\\/fr\\\/\",\"logo\":{\"@type\":\"ImageObject\",\"inLanguage\":\"fr-FR\",\"@id\":\"https:\\\/\\\/bhagwan-incense.com\\\/fr\\\/#\\\/schema\\\/logo\\\/image\\\/\",\"url\":\"https:\\\/\\\/bhagwan-incense.com\\\/wp-content\\\/uploads\\\/2023\\\/06\\\/Logo-black.png\",\"contentUrl\":\"https:\\\/\\\/bhagwan-incense.com\\\/wp-content\\\/uploads\\\/2023\\\/06\\\/Logo-black.png\",\"width\":150,\"height\":150,\"caption\":\"Bhagwan incense\"},\"image\":{\"@id\":\"https:\\\/\\\/bhagwan-incense.com\\\/fr\\\/#\\\/schema\\\/logo\\\/image\\\/\"},\"sameAs\":[\"https:\\\/\\\/www.facebook.com\\\/profile.php?id=100093081477613&mibextid=ZbWKwLp\",\"https:\\\/\\\/www.instagram.com\\\/bhagwan_incense\\\/\"]}]}<\/script>\n<!-- \/ Yoast SEO plugin. -->","yoast_head_json":{"title":"Foug\u00e8re rencontre Encens : Explorez le Myst\u00e9rieux Woody Musk et Champa","description":"Lancez-vous dans un voyage olfactif captivant avec les b\u00e2tonnets d'encens Woody Musk & Champa. Ce m\u00e9lange foug\u00e8re magistral int\u00e8gre parfaitement des notes d'encens fum\u00e9 avec des muscs riches, du patchouli terrestre et des notes florales d\u00e9licates.","robots":{"index":"index","follow":"follow","max-snippet":"max-snippet:-1","max-image-preview":"max-image-preview:large","max-video-preview":"max-video-preview:-1"},"canonical":"https:\/\/bhagwan-incense.com\/fr\/produit\/woody-musk-and-champa-batonnets-dencens\/","og_locale":"fr_FR","og_type":"article","og_title":"Foug\u00e8re rencontre Encens : Explorez le Myst\u00e9rieux Woody Musk et Champa","og_description":"Lancez-vous dans un voyage olfactif captivant avec les b\u00e2tonnets d'encens Woody Musk & Champa. Ce m\u00e9lange foug\u00e8re magistral int\u00e8gre parfaitement des notes d'encens fum\u00e9 avec des muscs riches, du patchouli terrestre et des notes florales d\u00e9licates.","og_url":"https:\/\/bhagwan-incense.com\/fr\/produit\/woody-musk-and-champa-batonnets-dencens\/","og_site_name":"Bhagwan Incense | EU and Worldwide Shop","article_publisher":"https:\/\/www.facebook.com\/profile.php?id=100093081477613&mibextid=ZbWKwLp","article_modified_time":"2026-03-27T22:08:04+00:00","og_image":[{"width":853,"height":1280,"url":"https:\/\/bhagwan-incense.com\/wp-content\/uploads\/2024\/04\/Woody-Musk-Champa_2.jpg?wsr","type":"image\/jpeg"}],"twitter_card":"summary_large_image","twitter_misc":{"Dur\u00e9e de lecture estim\u00e9e":"1 minute"},"schema":{"@context":"https:\/\/schema.org","@graph":[{"@type":"WebPage","@id":"https:\/\/bhagwan-incense.com\/fr\/produit\/woody-musk-and-champa-batonnets-dencens\/","url":"https:\/\/bhagwan-incense.com\/fr\/produit\/woody-musk-and-champa-batonnets-dencens\/","name":"Foug\u00e8re rencontre Encens : Explorez le Myst\u00e9rieux Woody Musk et Champa","isPartOf":{"@id":"https:\/\/bhagwan-incense.com\/fr\/#website"},"primaryImageOfPage":{"@id":"https:\/\/bhagwan-incense.com\/fr\/produit\/woody-musk-and-champa-batonnets-dencens\/#primaryimage"},"image":{"@id":"https:\/\/bhagwan-incense.com\/fr\/produit\/woody-musk-and-champa-batonnets-dencens\/#primaryimage"},"thumbnailUrl":"https:\/\/bhagwan-incense.com\/wp-content\/uploads\/2024\/04\/Woody-Musk-Champa_2.jpg?wsr","datePublished":"2024-04-23T13:29:06+00:00","dateModified":"2026-03-27T22:08:04+00:00","description":"Lancez-vous dans un voyage olfactif captivant avec les b\u00e2tonnets d'encens Woody Musk & Champa. Ce m\u00e9lange foug\u00e8re magistral int\u00e8gre parfaitement des notes d'encens fum\u00e9 avec des muscs riches, du patchouli terrestre et des notes florales d\u00e9licates.","breadcrumb":{"@id":"https:\/\/bhagwan-incense.com\/fr\/produit\/woody-musk-and-champa-batonnets-dencens\/#breadcrumb"},"inLanguage":"fr-FR","potentialAction":[{"@type":"ReadAction","target":["https:\/\/bhagwan-incense.com\/fr\/produit\/woody-musk-and-champa-batonnets-dencens\/"]}]},{"@type":"ImageObject","inLanguage":"fr-FR","@id":"https:\/\/bhagwan-incense.com\/fr\/produit\/woody-musk-and-champa-batonnets-dencens\/#primaryimage","url":"https:\/\/bhagwan-incense.com\/wp-content\/uploads\/2024\/04\/Woody-Musk-Champa_2.jpg?wsr","contentUrl":"https:\/\/bhagwan-incense.com\/wp-content\/uploads\/2024\/04\/Woody-Musk-Champa_2.jpg?wsr","width":853,"height":1280},{"@type":"BreadcrumbList","@id":"https:\/\/bhagwan-incense.com\/fr\/produit\/woody-musk-and-champa-batonnets-dencens\/#breadcrumb","itemListElement":[{"@type":"ListItem","position":1,"name":"Home","item":"https:\/\/bhagwan-incense.com\/fr\/"},{"@type":"ListItem","position":2,"name":"Boutique","item":"https:\/\/bhagwan-incense.com\/fr\/boutique\/"},{"@type":"ListItem","position":3,"name":"Musc Bois\u00e9 &#038; Champa B\u00e2tonnets d&#8217;Encens"}]},{"@type":"WebSite","@id":"https:\/\/bhagwan-incense.com\/fr\/#website","url":"https:\/\/bhagwan-incense.com\/fr\/","name":"Bhagwan Incense | EU and Worldwide Incense Shop","description":"Pure and Natural Incense from India","publisher":{"@id":"https:\/\/bhagwan-incense.com\/fr\/#organization"},"potentialAction":[{"@type":"SearchAction","target":{"@type":"EntryPoint","urlTemplate":"https:\/\/bhagwan-incense.com\/fr\/?s={search_term_string}"},"query-input":{"@type":"PropertyValueSpecification","valueRequired":true,"valueName":"search_term_string"}}],"inLanguage":"fr-FR"},{"@type":"Organization","@id":"https:\/\/bhagwan-incense.com\/fr\/#organization","name":"Bhagwan incense","url":"https:\/\/bhagwan-incense.com\/fr\/","logo":{"@type":"ImageObject","inLanguage":"fr-FR","@id":"https:\/\/bhagwan-incense.com\/fr\/#\/schema\/logo\/image\/","url":"https:\/\/bhagwan-incense.com\/wp-content\/uploads\/2023\/06\/Logo-black.png","contentUrl":"https:\/\/bhagwan-incense.com\/wp-content\/uploads\/2023\/06\/Logo-black.png","width":150,"height":150,"caption":"Bhagwan incense"},"image":{"@id":"https:\/\/bhagwan-incense.com\/fr\/#\/schema\/logo\/image\/"},"sameAs":["https:\/\/www.facebook.com\/profile.php?id=100093081477613&mibextid=ZbWKwLp","https:\/\/www.instagram.com\/bhagwan_incense\/"]}]}},"_links":{"self":[{"href":"https:\/\/bhagwan-incense.com\/fr\/wp-json\/wp\/v2\/product\/13904","targetHints":{"allow":["GET"]}}],"collection":[{"href":"https:\/\/bhagwan-incense.com\/fr\/wp-json\/wp\/v2\/product"}],"about":[{"href":"https:\/\/bhagwan-incense.com\/fr\/wp-json\/wp\/v2\/types\/product"}],"replies":[{"embeddable":true,"href":"https:\/\/bhagwan-incense.com\/fr\/wp-json\/wp\/v2\/comments?post=13904"}],"wp:featuredmedia":[{"embeddable":true,"href":"https:\/\/bhagwan-incense.com\/fr\/wp-json\/wp\/v2\/media\/13907"}],"wp:attachment":[{"href":"https:\/\/bhagwan-incense.com\/fr\/wp-json\/wp\/v2\/media?parent=13904"}],"wp:term":[{"taxonomy":"product_brand","embeddable":true,"href":"https:\/\/bhagwan-incense.com\/fr\/wp-json\/wp\/v2\/product_brand?post=13904"},{"taxonomy":"product_cat","embeddable":true,"href":"https:\/\/bhagwan-incense.com\/fr\/wp-json\/wp\/v2\/product_cat?post=13904"},{"taxonomy":"product_tag","embeddable":true,"href":"https:\/\/bhagwan-incense.com\/fr\/wp-json\/wp\/v2\/product_tag?post=13904"}],"curies":[{"name":"wp","href":"https:\/\/api.w.org\/{rel}","templated":true}]}}