{"id":13994,"date":"2024-05-30T14:42:48","date_gmt":"2024-05-30T12:42:48","guid":{"rendered":"https:\/\/bhagwan-incense.com\/?post_type=product&#038;p=13994"},"modified":"2026-03-27T23:07:00","modified_gmt":"2026-03-27T22:07:00","slug":"royal-mysore-sandalwood-batonnets-dencens","status":"publish","type":"product","link":"https:\/\/bhagwan-incense.com\/fr\/produit\/royal-mysore-sandalwood-batonnets-dencens\/","title":{"rendered":"Santal de Mysore Royal B\u00e2tonnets d&#8217;Encens"},"content":{"rendered":"<p>Laissez-vous emporter par l&#8217;h\u00e9ritage de Mysore. Notre santal de Mysore le plus pr\u00e9cieux orne cet encens exquis. Aucune d\u00e9pense n&#8217;a \u00e9t\u00e9 \u00e9pargn\u00e9e pour capturer l&#8217;essence du patrimoine pr\u00e9cieux de Mysore. Un favori du Palais de Mysore, ce parfum fut autrefois pris\u00e9 par la royaut\u00e9.<\/p>\n<p>Imaginez un santal sauvage, s\u00e9lectionn\u00e9 \u00e0 la main dans les profondeurs gard\u00e9es de la jungle, arrivant au Palais Royal sur un \u00e9l\u00e9phant majestueux. Immacul\u00e9 par la civilisation, il se r\u00e9pandait \u00e0 travers le palais, t\u00e9moignant du go\u00fbt discern\u00e9 du roi. Nous vous offrons cette essence m\u00eame, l&#8217;encens de santal le plus pur avec la plus haute concentration de poudre et d&#8217;huile pr\u00e9cieuses.<\/p>\n<p>Vivez l&#8217;exp\u00e9rience du parfum digne d&#8217;un roi.<\/p>\n","protected":false},"excerpt":{"rendered":"<p>Notre tr\u00e9sor le plus pr\u00e9cieux, le santal de Mysore. Bien plus qu&#8217;une simple huile,il repr\u00e9sente la s\u00e8ve vitale de l&#8217;arbre de santal lui-m\u00eame, offerte pour cr\u00e9er un chef-d&#8217;\u0153uvre d&#8217;encens au santal, r\u00e9serv\u00e9 aux vrais connaisseurs. Cet encens fait partie du Hall de la renomm\u00e9e d\u2019Olfactory Rescue Service.<\/p>\n","protected":false},"featured_media":13996,"comment_status":"open","ping_status":"closed","template":"","meta":[],"product_brand":[],"product_cat":[60,89,85,59],"product_tag":[75,72],"class_list":{"0":"post-13994","1":"product","2":"type-product","3":"status-publish","4":"has-post-thumbnail","6":"product_cat-boise","7":"product_cat-le-pantheon-de-lolfactory-rescue-service","8":"product_cat-yoga-fr","9":"product_cat-santal","10":"product_tag-boise","11":"product_tag-oriental-fr","13":"first","14":"instock","15":"shipping-taxable","16":"purchasable","17":"product-type-simple"},"yoast_head":"<!-- This site is optimized with the Yoast SEO plugin v27.4 - https:\/\/yoast.com\/product\/yoast-seo-wordpress\/ -->\n<title>Encens de luxe digne des rois : Bois de santal de la Tr\u00e9sorerie du Palais de Mysore<\/title>\n<meta name=\"description\" content=\"D\u00e9couvrez la fragrance sacr\u00e9e de Mysore avec notre encens haut de gamme. Fabriqu\u00e9 avec le bois de santal le plus pur, digne de la royaut\u00e9. Laissez-vous emporter par l&#039;h\u00e9ritage !\" \/>\n<meta name=\"robots\" content=\"index, follow, max-snippet:-1, max-image-preview:large, max-video-preview:-1\" \/>\n<link rel=\"canonical\" href=\"https:\/\/bhagwan-incense.com\/fr\/produit\/royal-mysore-sandalwood-batonnets-dencens\/\" \/>\n<meta property=\"og:locale\" content=\"fr_FR\" \/>\n<meta property=\"og:type\" content=\"article\" \/>\n<meta property=\"og:title\" content=\"Encens de luxe digne des rois : Bois de santal de la Tr\u00e9sorerie du Palais de Mysore\" \/>\n<meta property=\"og:description\" content=\"D\u00e9couvrez la fragrance sacr\u00e9e de Mysore avec notre encens haut de gamme. Fabriqu\u00e9 avec le bois de santal le plus pur, digne de la royaut\u00e9. Laissez-vous emporter par l&#039;h\u00e9ritage !\" \/>\n<meta property=\"og:url\" content=\"https:\/\/bhagwan-incense.com\/fr\/produit\/royal-mysore-sandalwood-batonnets-dencens\/\" \/>\n<meta property=\"og:site_name\" content=\"Bhagwan Incense | EU and Worldwide Shop\" \/>\n<meta property=\"article:publisher\" content=\"https:\/\/www.facebook.com\/profile.php?id=100093081477613&amp;mibextid=ZbWKwLp\" \/>\n<meta property=\"article:modified_time\" content=\"2026-03-27T22:07:00+00:00\" \/>\n<meta property=\"og:image\" content=\"https:\/\/bhagwan-incense.com\/wp-content\/uploads\/2024\/05\/Royal-Mysore-Sandalowood_2-scaled.jpg?wsr\" \/>\n\t<meta property=\"og:image:width\" content=\"1707\" \/>\n\t<meta property=\"og:image:height\" content=\"2560\" \/>\n\t<meta property=\"og:image:type\" content=\"image\/jpeg\" \/>\n<meta name=\"twitter:card\" content=\"summary_large_image\" \/>\n<meta name=\"twitter:label1\" content=\"Dur\u00e9e de lecture estim\u00e9e\" \/>\n\t<meta name=\"twitter:data1\" content=\"1 minute\" \/>\n<script type=\"application\/ld+json\" class=\"yoast-schema-graph\">{\"@context\":\"https:\\\/\\\/schema.org\",\"@graph\":[{\"@type\":\"WebPage\",\"@id\":\"https:\\\/\\\/bhagwan-incense.com\\\/fr\\\/produit\\\/royal-mysore-sandalwood-batonnets-dencens\\\/\",\"url\":\"https:\\\/\\\/bhagwan-incense.com\\\/fr\\\/produit\\\/royal-mysore-sandalwood-batonnets-dencens\\\/\",\"name\":\"Encens de luxe digne des rois : Bois de santal de la Tr\u00e9sorerie du Palais de Mysore\",\"isPartOf\":{\"@id\":\"https:\\\/\\\/bhagwan-incense.com\\\/fr\\\/#website\"},\"primaryImageOfPage\":{\"@id\":\"https:\\\/\\\/bhagwan-incense.com\\\/fr\\\/produit\\\/royal-mysore-sandalwood-batonnets-dencens\\\/#primaryimage\"},\"image\":{\"@id\":\"https:\\\/\\\/bhagwan-incense.com\\\/fr\\\/produit\\\/royal-mysore-sandalwood-batonnets-dencens\\\/#primaryimage\"},\"thumbnailUrl\":\"https:\\\/\\\/bhagwan-incense.com\\\/wp-content\\\/uploads\\\/2024\\\/05\\\/Royal-Mysore-Sandalowood_2-scaled.jpg?wsr\",\"datePublished\":\"2024-05-30T12:42:48+00:00\",\"dateModified\":\"2026-03-27T22:07:00+00:00\",\"description\":\"D\u00e9couvrez la fragrance sacr\u00e9e de Mysore avec notre encens haut de gamme. Fabriqu\u00e9 avec le bois de santal le plus pur, digne de la royaut\u00e9. Laissez-vous emporter par l'h\u00e9ritage !\",\"breadcrumb\":{\"@id\":\"https:\\\/\\\/bhagwan-incense.com\\\/fr\\\/produit\\\/royal-mysore-sandalwood-batonnets-dencens\\\/#breadcrumb\"},\"inLanguage\":\"fr-FR\",\"potentialAction\":[{\"@type\":\"ReadAction\",\"target\":[\"https:\\\/\\\/bhagwan-incense.com\\\/fr\\\/produit\\\/royal-mysore-sandalwood-batonnets-dencens\\\/\"]}]},{\"@type\":\"ImageObject\",\"inLanguage\":\"fr-FR\",\"@id\":\"https:\\\/\\\/bhagwan-incense.com\\\/fr\\\/produit\\\/royal-mysore-sandalwood-batonnets-dencens\\\/#primaryimage\",\"url\":\"https:\\\/\\\/bhagwan-incense.com\\\/wp-content\\\/uploads\\\/2024\\\/05\\\/Royal-Mysore-Sandalowood_2-scaled.jpg?wsr\",\"contentUrl\":\"https:\\\/\\\/bhagwan-incense.com\\\/wp-content\\\/uploads\\\/2024\\\/05\\\/Royal-Mysore-Sandalowood_2-scaled.jpg?wsr\",\"width\":1707,\"height\":2560},{\"@type\":\"BreadcrumbList\",\"@id\":\"https:\\\/\\\/bhagwan-incense.com\\\/fr\\\/produit\\\/royal-mysore-sandalwood-batonnets-dencens\\\/#breadcrumb\",\"itemListElement\":[{\"@type\":\"ListItem\",\"position\":1,\"name\":\"Home\",\"item\":\"https:\\\/\\\/bhagwan-incense.com\\\/fr\\\/\"},{\"@type\":\"ListItem\",\"position\":2,\"name\":\"Boutique\",\"item\":\"https:\\\/\\\/bhagwan-incense.com\\\/fr\\\/boutique\\\/\"},{\"@type\":\"ListItem\",\"position\":3,\"name\":\"Santal de Mysore Royal B\u00e2tonnets d&#8217;Encens\"}]},{\"@type\":\"WebSite\",\"@id\":\"https:\\\/\\\/bhagwan-incense.com\\\/fr\\\/#website\",\"url\":\"https:\\\/\\\/bhagwan-incense.com\\\/fr\\\/\",\"name\":\"Bhagwan Incense | EU and Worldwide Incense Shop\",\"description\":\"Pure and Natural Incense from India\",\"publisher\":{\"@id\":\"https:\\\/\\\/bhagwan-incense.com\\\/fr\\\/#organization\"},\"potentialAction\":[{\"@type\":\"SearchAction\",\"target\":{\"@type\":\"EntryPoint\",\"urlTemplate\":\"https:\\\/\\\/bhagwan-incense.com\\\/fr\\\/?s={search_term_string}\"},\"query-input\":{\"@type\":\"PropertyValueSpecification\",\"valueRequired\":true,\"valueName\":\"search_term_string\"}}],\"inLanguage\":\"fr-FR\"},{\"@type\":\"Organization\",\"@id\":\"https:\\\/\\\/bhagwan-incense.com\\\/fr\\\/#organization\",\"name\":\"Bhagwan incense\",\"url\":\"https:\\\/\\\/bhagwan-incense.com\\\/fr\\\/\",\"logo\":{\"@type\":\"ImageObject\",\"inLanguage\":\"fr-FR\",\"@id\":\"https:\\\/\\\/bhagwan-incense.com\\\/fr\\\/#\\\/schema\\\/logo\\\/image\\\/\",\"url\":\"https:\\\/\\\/bhagwan-incense.com\\\/wp-content\\\/uploads\\\/2023\\\/06\\\/Logo-black.png\",\"contentUrl\":\"https:\\\/\\\/bhagwan-incense.com\\\/wp-content\\\/uploads\\\/2023\\\/06\\\/Logo-black.png\",\"width\":150,\"height\":150,\"caption\":\"Bhagwan incense\"},\"image\":{\"@id\":\"https:\\\/\\\/bhagwan-incense.com\\\/fr\\\/#\\\/schema\\\/logo\\\/image\\\/\"},\"sameAs\":[\"https:\\\/\\\/www.facebook.com\\\/profile.php?id=100093081477613&mibextid=ZbWKwLp\",\"https:\\\/\\\/www.instagram.com\\\/bhagwan_incense\\\/\"]}]}<\/script>\n<!-- \/ Yoast SEO plugin. -->","yoast_head_json":{"title":"Encens de luxe digne des rois : Bois de santal de la Tr\u00e9sorerie du Palais de Mysore","description":"D\u00e9couvrez la fragrance sacr\u00e9e de Mysore avec notre encens haut de gamme. Fabriqu\u00e9 avec le bois de santal le plus pur, digne de la royaut\u00e9. Laissez-vous emporter par l'h\u00e9ritage !","robots":{"index":"index","follow":"follow","max-snippet":"max-snippet:-1","max-image-preview":"max-image-preview:large","max-video-preview":"max-video-preview:-1"},"canonical":"https:\/\/bhagwan-incense.com\/fr\/produit\/royal-mysore-sandalwood-batonnets-dencens\/","og_locale":"fr_FR","og_type":"article","og_title":"Encens de luxe digne des rois : Bois de santal de la Tr\u00e9sorerie du Palais de Mysore","og_description":"D\u00e9couvrez la fragrance sacr\u00e9e de Mysore avec notre encens haut de gamme. Fabriqu\u00e9 avec le bois de santal le plus pur, digne de la royaut\u00e9. Laissez-vous emporter par l'h\u00e9ritage !","og_url":"https:\/\/bhagwan-incense.com\/fr\/produit\/royal-mysore-sandalwood-batonnets-dencens\/","og_site_name":"Bhagwan Incense | EU and Worldwide Shop","article_publisher":"https:\/\/www.facebook.com\/profile.php?id=100093081477613&mibextid=ZbWKwLp","article_modified_time":"2026-03-27T22:07:00+00:00","og_image":[{"width":1707,"height":2560,"url":"https:\/\/bhagwan-incense.com\/wp-content\/uploads\/2024\/05\/Royal-Mysore-Sandalowood_2-scaled.jpg?wsr","type":"image\/jpeg"}],"twitter_card":"summary_large_image","twitter_misc":{"Dur\u00e9e de lecture estim\u00e9e":"1 minute"},"schema":{"@context":"https:\/\/schema.org","@graph":[{"@type":"WebPage","@id":"https:\/\/bhagwan-incense.com\/fr\/produit\/royal-mysore-sandalwood-batonnets-dencens\/","url":"https:\/\/bhagwan-incense.com\/fr\/produit\/royal-mysore-sandalwood-batonnets-dencens\/","name":"Encens de luxe digne des rois : Bois de santal de la Tr\u00e9sorerie du Palais de Mysore","isPartOf":{"@id":"https:\/\/bhagwan-incense.com\/fr\/#website"},"primaryImageOfPage":{"@id":"https:\/\/bhagwan-incense.com\/fr\/produit\/royal-mysore-sandalwood-batonnets-dencens\/#primaryimage"},"image":{"@id":"https:\/\/bhagwan-incense.com\/fr\/produit\/royal-mysore-sandalwood-batonnets-dencens\/#primaryimage"},"thumbnailUrl":"https:\/\/bhagwan-incense.com\/wp-content\/uploads\/2024\/05\/Royal-Mysore-Sandalowood_2-scaled.jpg?wsr","datePublished":"2024-05-30T12:42:48+00:00","dateModified":"2026-03-27T22:07:00+00:00","description":"D\u00e9couvrez la fragrance sacr\u00e9e de Mysore avec notre encens haut de gamme. Fabriqu\u00e9 avec le bois de santal le plus pur, digne de la royaut\u00e9. Laissez-vous emporter par l'h\u00e9ritage !","breadcrumb":{"@id":"https:\/\/bhagwan-incense.com\/fr\/produit\/royal-mysore-sandalwood-batonnets-dencens\/#breadcrumb"},"inLanguage":"fr-FR","potentialAction":[{"@type":"ReadAction","target":["https:\/\/bhagwan-incense.com\/fr\/produit\/royal-mysore-sandalwood-batonnets-dencens\/"]}]},{"@type":"ImageObject","inLanguage":"fr-FR","@id":"https:\/\/bhagwan-incense.com\/fr\/produit\/royal-mysore-sandalwood-batonnets-dencens\/#primaryimage","url":"https:\/\/bhagwan-incense.com\/wp-content\/uploads\/2024\/05\/Royal-Mysore-Sandalowood_2-scaled.jpg?wsr","contentUrl":"https:\/\/bhagwan-incense.com\/wp-content\/uploads\/2024\/05\/Royal-Mysore-Sandalowood_2-scaled.jpg?wsr","width":1707,"height":2560},{"@type":"BreadcrumbList","@id":"https:\/\/bhagwan-incense.com\/fr\/produit\/royal-mysore-sandalwood-batonnets-dencens\/#breadcrumb","itemListElement":[{"@type":"ListItem","position":1,"name":"Home","item":"https:\/\/bhagwan-incense.com\/fr\/"},{"@type":"ListItem","position":2,"name":"Boutique","item":"https:\/\/bhagwan-incense.com\/fr\/boutique\/"},{"@type":"ListItem","position":3,"name":"Santal de Mysore Royal B\u00e2tonnets d&#8217;Encens"}]},{"@type":"WebSite","@id":"https:\/\/bhagwan-incense.com\/fr\/#website","url":"https:\/\/bhagwan-incense.com\/fr\/","name":"Bhagwan Incense | EU and Worldwide Incense Shop","description":"Pure and Natural Incense from India","publisher":{"@id":"https:\/\/bhagwan-incense.com\/fr\/#organization"},"potentialAction":[{"@type":"SearchAction","target":{"@type":"EntryPoint","urlTemplate":"https:\/\/bhagwan-incense.com\/fr\/?s={search_term_string}"},"query-input":{"@type":"PropertyValueSpecification","valueRequired":true,"valueName":"search_term_string"}}],"inLanguage":"fr-FR"},{"@type":"Organization","@id":"https:\/\/bhagwan-incense.com\/fr\/#organization","name":"Bhagwan incense","url":"https:\/\/bhagwan-incense.com\/fr\/","logo":{"@type":"ImageObject","inLanguage":"fr-FR","@id":"https:\/\/bhagwan-incense.com\/fr\/#\/schema\/logo\/image\/","url":"https:\/\/bhagwan-incense.com\/wp-content\/uploads\/2023\/06\/Logo-black.png","contentUrl":"https:\/\/bhagwan-incense.com\/wp-content\/uploads\/2023\/06\/Logo-black.png","width":150,"height":150,"caption":"Bhagwan incense"},"image":{"@id":"https:\/\/bhagwan-incense.com\/fr\/#\/schema\/logo\/image\/"},"sameAs":["https:\/\/www.facebook.com\/profile.php?id=100093081477613&mibextid=ZbWKwLp","https:\/\/www.instagram.com\/bhagwan_incense\/"]}]}},"_links":{"self":[{"href":"https:\/\/bhagwan-incense.com\/fr\/wp-json\/wp\/v2\/product\/13994","targetHints":{"allow":["GET"]}}],"collection":[{"href":"https:\/\/bhagwan-incense.com\/fr\/wp-json\/wp\/v2\/product"}],"about":[{"href":"https:\/\/bhagwan-incense.com\/fr\/wp-json\/wp\/v2\/types\/product"}],"replies":[{"embeddable":true,"href":"https:\/\/bhagwan-incense.com\/fr\/wp-json\/wp\/v2\/comments?post=13994"}],"wp:featuredmedia":[{"embeddable":true,"href":"https:\/\/bhagwan-incense.com\/fr\/wp-json\/wp\/v2\/media\/13996"}],"wp:attachment":[{"href":"https:\/\/bhagwan-incense.com\/fr\/wp-json\/wp\/v2\/media?parent=13994"}],"wp:term":[{"taxonomy":"product_brand","embeddable":true,"href":"https:\/\/bhagwan-incense.com\/fr\/wp-json\/wp\/v2\/product_brand?post=13994"},{"taxonomy":"product_cat","embeddable":true,"href":"https:\/\/bhagwan-incense.com\/fr\/wp-json\/wp\/v2\/product_cat?post=13994"},{"taxonomy":"product_tag","embeddable":true,"href":"https:\/\/bhagwan-incense.com\/fr\/wp-json\/wp\/v2\/product_tag?post=13994"}],"curies":[{"name":"wp","href":"https:\/\/api.w.org\/{rel}","templated":true}]}}