{"id":14004,"date":"2024-05-30T15:29:57","date_gmt":"2024-05-30T13:29:57","guid":{"rendered":"https:\/\/bhagwan-incense.com\/?post_type=product&#038;p=14004"},"modified":"2026-03-24T19:42:23","modified_gmt":"2026-03-24T18:42:23","slug":"sambrani-or-batonnets-dencens","status":"publish","type":"product","link":"https:\/\/bhagwan-incense.com\/fr\/produit\/sambrani-or-batonnets-dencens\/","title":{"rendered":"Sambrani Or B\u00e2tonnets d&#8217;Encens"},"content":{"rendered":"<div>\n<p><span style=\"color: #333333;\">Fa\u00e7onn\u00e9 avec le meilleur benjoin et une touche <\/span><span style=\"color: #333333;\">de r\u00e9sine ambr\u00e9e douce, agr\u00e9ment\u00e9 d&#8217;une d\u00e9licieuse note de vanille, c&#8217;est le chef-d&#8217;\u0153uvre de l&#8217;encens sambrani dont Sadhguru serait fier.\u00a0<\/span><span style=\"color: #333333;\">Cet encens classique de purification du yoga \u00e9voque \u00e0 la fois le plaisir et une sensation de propret\u00e9. Les notes bois\u00e9es profondes s&#8217;entrem\u00ealent avec une douceur subtile, \u00e9voquant le c\u00e8dre chauff\u00e9 par le soleil et le miel dor\u00e9, cr\u00e9ant une harmonie olfactive captivante et chaleureuse. <\/span>Nous s\u00e9lectionnons \u00e0 la main notre sambrani, veillant \u00e0 ce qu&#8217;aucune trace de l&#8217;amertume min\u00e9rale ne soit pr\u00e9sente, comme on peut le trouver dans les encens de moindre qualit\u00e9. <span style=\"color: #333333;\">Sadhguru lui-m\u00eame approuve le sambrani pour ses puissantes capacit\u00e9s de nettoyage de l&#8217;espace. Notre Sambrani Gold r\u00e9invente cette tradition ancienne, offrant une exp\u00e9rience aromatique d\u00e9licieusement agr\u00e9able que vous ch\u00e9rirez. Cet encens est utilis\u00e9 quotidiennement en Inde pour purifier les maisons ou<\/span><span style=\"color: #333333;\"> lors de c\u00e9r\u00e9monies religieuses dans les temples.<\/span><\/p>\n<\/div>\n<div><\/div>\n<div>Sadhguru insiste sur le r\u00f4le significatif du sambrani (r\u00e9sine de benjoin) dans la purification des espaces et l&#8217;am\u00e9lioration du bien-\u00eatre. Il explique que br\u00fbler du sambrani cr\u00e9e une atmosph\u00e8re puissante en clarifiant l&#8217;air et en tuant certains types de bact\u00e9ries, ce qui est particuli\u00e8rement b\u00e9n\u00e9fique dans les foyers et lors d&#8217;\u00e9v\u00e9nements propices. <span style=\"color: #555555;\">Il m\u00e9tamorphose les espaces int\u00e9rieurs pour les rendre semblables \u00e0 l&#8217;ext\u00e9rieur, contribuant \u00e0 \u00e9liminer les \u00e9nergies n\u00e9gatives et \u00e0 rehausser la sensation d&#8217;espace. <\/span><\/div>\n<div><\/div>\n<div><span style=\"color: #555555;\">Vous pourriez trouver des vid\u00e9os de Sadhguru parlant de l&#8217;importance et des utilisations du sambrani.<\/span><\/div>\n<div>\n<div class=\"mt-1 flex gap-3 empty:hidden juice:-ml-3\">\n<div class=\"items-center justify-start rounded-xl p-1 flex\">\n<div class=\"flex items-center\">\n<div class=\"flex items-center pb-0.5 juice:pb-0\">\n<div class=\"[&amp;_svg]:h-full [&amp;_svg]:w-full icon-md h-4 w-4\"><\/div>\n<\/div>\n<\/div>\n<\/div>\n<\/div>\n<\/div>\n<div><iframe loading=\"lazy\" src=\"\/\/www.youtube.com\/embed\/U3B18qqaDPs\" width=\"560\" height=\"314\" allowfullscreen=\"allowfullscreen\"><\/iframe><\/div>\n","protected":false},"excerpt":{"rendered":"<p><span style=\"color: #333333;\">Fa\u00e7onn\u00e9 avec le meilleur benjoin et une touche <\/span><span style=\"color: #333333;\">de r\u00e9sine ambr\u00e9e douce, agr\u00e9ment\u00e9 d&#8217;une d\u00e9licieuse note de vanille, c&#8217;est le chef-d&#8217;\u0153uvre de l&#8217;encens sambrani dont Sadhguru serait fier.\u00a0<\/span><\/p>\n","protected":false},"featured_media":14017,"comment_status":"open","ping_status":"closed","template":"","meta":[],"product_brand":[],"product_cat":[60,116,85],"product_tag":[75,72,73],"class_list":{"0":"post-14004","1":"product","2":"type-product","3":"status-publish","4":"has-post-thumbnail","6":"product_cat-boise","7":"product_cat-oliban-myrrhe-benjoin","8":"product_cat-yoga-fr","9":"product_tag-boise","10":"product_tag-oriental-fr","11":"product_tag-resineux","13":"first","14":"instock","15":"shipping-taxable","16":"purchasable","17":"product-type-simple"},"yoast_head":"<!-- This site is optimized with the Yoast SEO plugin v27.4 - https:\/\/yoast.com\/product\/yoast-seo-wordpress\/ -->\n<title>Encens Sambrani Gold : m\u00e9thode approuv\u00e9e par Sadhguru et recommand\u00e9e pour le nettoyage de l&#039;espace<\/title>\n<meta name=\"description\" content=\"Rehaussez votre pratique du yoga et purifiez votre maison avec l&#039;encens Sambrani Gold, approuv\u00e9 par Sadhguru. Des notes bois\u00e9es profondes et une touche de vanille cr\u00e9ent une atmosph\u00e8re bienheureuse. R\u00e9sine de benjoin s\u00e9lectionn\u00e9e \u00e0 la main pour une exp\u00e9rience premium.\" \/>\n<meta name=\"robots\" content=\"index, follow, max-snippet:-1, max-image-preview:large, max-video-preview:-1\" \/>\n<link rel=\"canonical\" href=\"https:\/\/bhagwan-incense.com\/fr\/produit\/sambrani-or-batonnets-dencens\/\" \/>\n<meta property=\"og:locale\" content=\"fr_FR\" \/>\n<meta property=\"og:type\" content=\"article\" \/>\n<meta property=\"og:title\" content=\"Encens Sambrani Gold : m\u00e9thode approuv\u00e9e par Sadhguru et recommand\u00e9e pour le nettoyage de l&#039;espace\" \/>\n<meta property=\"og:description\" content=\"Rehaussez votre pratique du yoga et purifiez votre maison avec l&#039;encens Sambrani Gold, approuv\u00e9 par Sadhguru. Des notes bois\u00e9es profondes et une touche de vanille cr\u00e9ent une atmosph\u00e8re bienheureuse. R\u00e9sine de benjoin s\u00e9lectionn\u00e9e \u00e0 la main pour une exp\u00e9rience premium.\" \/>\n<meta property=\"og:url\" content=\"https:\/\/bhagwan-incense.com\/fr\/produit\/sambrani-or-batonnets-dencens\/\" \/>\n<meta property=\"og:site_name\" content=\"Bhagwan Incense | EU and Worldwide Shop\" \/>\n<meta property=\"article:publisher\" content=\"https:\/\/www.facebook.com\/profile.php?id=100093081477613&amp;mibextid=ZbWKwLp\" \/>\n<meta property=\"article:modified_time\" content=\"2026-03-24T18:42:23+00:00\" \/>\n<meta property=\"og:image\" content=\"https:\/\/bhagwan-incense.com\/wp-content\/uploads\/2024\/05\/Sambrani-Gold_2-1.jpg?wsr\" \/>\n\t<meta property=\"og:image:width\" content=\"853\" \/>\n\t<meta property=\"og:image:height\" content=\"1280\" \/>\n\t<meta property=\"og:image:type\" content=\"image\/jpeg\" \/>\n<meta name=\"twitter:card\" content=\"summary_large_image\" \/>\n<meta name=\"twitter:label1\" content=\"Dur\u00e9e de lecture estim\u00e9e\" \/>\n\t<meta name=\"twitter:data1\" content=\"2 minutes\" \/>\n<script type=\"application\/ld+json\" class=\"yoast-schema-graph\">{\"@context\":\"https:\\\/\\\/schema.org\",\"@graph\":[{\"@type\":\"WebPage\",\"@id\":\"https:\\\/\\\/bhagwan-incense.com\\\/fr\\\/produit\\\/sambrani-or-batonnets-dencens\\\/\",\"url\":\"https:\\\/\\\/bhagwan-incense.com\\\/fr\\\/produit\\\/sambrani-or-batonnets-dencens\\\/\",\"name\":\"Encens Sambrani Gold : m\u00e9thode approuv\u00e9e par Sadhguru et recommand\u00e9e pour le nettoyage de l'espace\",\"isPartOf\":{\"@id\":\"https:\\\/\\\/bhagwan-incense.com\\\/fr\\\/#website\"},\"primaryImageOfPage\":{\"@id\":\"https:\\\/\\\/bhagwan-incense.com\\\/fr\\\/produit\\\/sambrani-or-batonnets-dencens\\\/#primaryimage\"},\"image\":{\"@id\":\"https:\\\/\\\/bhagwan-incense.com\\\/fr\\\/produit\\\/sambrani-or-batonnets-dencens\\\/#primaryimage\"},\"thumbnailUrl\":\"https:\\\/\\\/bhagwan-incense.com\\\/wp-content\\\/uploads\\\/2024\\\/05\\\/Sambrani-Gold_2-1.jpg?wsr\",\"datePublished\":\"2024-05-30T13:29:57+00:00\",\"dateModified\":\"2026-03-24T18:42:23+00:00\",\"description\":\"Rehaussez votre pratique du yoga et purifiez votre maison avec l'encens Sambrani Gold, approuv\u00e9 par Sadhguru. Des notes bois\u00e9es profondes et une touche de vanille cr\u00e9ent une atmosph\u00e8re bienheureuse. R\u00e9sine de benjoin s\u00e9lectionn\u00e9e \u00e0 la main pour une exp\u00e9rience premium.\",\"breadcrumb\":{\"@id\":\"https:\\\/\\\/bhagwan-incense.com\\\/fr\\\/produit\\\/sambrani-or-batonnets-dencens\\\/#breadcrumb\"},\"inLanguage\":\"fr-FR\",\"potentialAction\":[{\"@type\":\"ReadAction\",\"target\":[\"https:\\\/\\\/bhagwan-incense.com\\\/fr\\\/produit\\\/sambrani-or-batonnets-dencens\\\/\"]}]},{\"@type\":\"ImageObject\",\"inLanguage\":\"fr-FR\",\"@id\":\"https:\\\/\\\/bhagwan-incense.com\\\/fr\\\/produit\\\/sambrani-or-batonnets-dencens\\\/#primaryimage\",\"url\":\"https:\\\/\\\/bhagwan-incense.com\\\/wp-content\\\/uploads\\\/2024\\\/05\\\/Sambrani-Gold_2-1.jpg?wsr\",\"contentUrl\":\"https:\\\/\\\/bhagwan-incense.com\\\/wp-content\\\/uploads\\\/2024\\\/05\\\/Sambrani-Gold_2-1.jpg?wsr\",\"width\":853,\"height\":1280},{\"@type\":\"BreadcrumbList\",\"@id\":\"https:\\\/\\\/bhagwan-incense.com\\\/fr\\\/produit\\\/sambrani-or-batonnets-dencens\\\/#breadcrumb\",\"itemListElement\":[{\"@type\":\"ListItem\",\"position\":1,\"name\":\"Home\",\"item\":\"https:\\\/\\\/bhagwan-incense.com\\\/fr\\\/\"},{\"@type\":\"ListItem\",\"position\":2,\"name\":\"Boutique\",\"item\":\"https:\\\/\\\/bhagwan-incense.com\\\/fr\\\/boutique\\\/\"},{\"@type\":\"ListItem\",\"position\":3,\"name\":\"Sambrani Or B\u00e2tonnets d&#8217;Encens\"}]},{\"@type\":\"WebSite\",\"@id\":\"https:\\\/\\\/bhagwan-incense.com\\\/fr\\\/#website\",\"url\":\"https:\\\/\\\/bhagwan-incense.com\\\/fr\\\/\",\"name\":\"Bhagwan Incense | EU and Worldwide Incense Shop\",\"description\":\"Pure and Natural Incense from India\",\"publisher\":{\"@id\":\"https:\\\/\\\/bhagwan-incense.com\\\/fr\\\/#organization\"},\"potentialAction\":[{\"@type\":\"SearchAction\",\"target\":{\"@type\":\"EntryPoint\",\"urlTemplate\":\"https:\\\/\\\/bhagwan-incense.com\\\/fr\\\/?s={search_term_string}\"},\"query-input\":{\"@type\":\"PropertyValueSpecification\",\"valueRequired\":true,\"valueName\":\"search_term_string\"}}],\"inLanguage\":\"fr-FR\"},{\"@type\":\"Organization\",\"@id\":\"https:\\\/\\\/bhagwan-incense.com\\\/fr\\\/#organization\",\"name\":\"Bhagwan incense\",\"url\":\"https:\\\/\\\/bhagwan-incense.com\\\/fr\\\/\",\"logo\":{\"@type\":\"ImageObject\",\"inLanguage\":\"fr-FR\",\"@id\":\"https:\\\/\\\/bhagwan-incense.com\\\/fr\\\/#\\\/schema\\\/logo\\\/image\\\/\",\"url\":\"https:\\\/\\\/bhagwan-incense.com\\\/wp-content\\\/uploads\\\/2023\\\/06\\\/Logo-black.png\",\"contentUrl\":\"https:\\\/\\\/bhagwan-incense.com\\\/wp-content\\\/uploads\\\/2023\\\/06\\\/Logo-black.png\",\"width\":150,\"height\":150,\"caption\":\"Bhagwan incense\"},\"image\":{\"@id\":\"https:\\\/\\\/bhagwan-incense.com\\\/fr\\\/#\\\/schema\\\/logo\\\/image\\\/\"},\"sameAs\":[\"https:\\\/\\\/www.facebook.com\\\/profile.php?id=100093081477613&mibextid=ZbWKwLp\",\"https:\\\/\\\/www.instagram.com\\\/bhagwan_incense\\\/\"]}]}<\/script>\n<!-- \/ Yoast SEO plugin. -->","yoast_head_json":{"title":"Encens Sambrani Gold : m\u00e9thode approuv\u00e9e par Sadhguru et recommand\u00e9e pour le nettoyage de l'espace","description":"Rehaussez votre pratique du yoga et purifiez votre maison avec l'encens Sambrani Gold, approuv\u00e9 par Sadhguru. Des notes bois\u00e9es profondes et une touche de vanille cr\u00e9ent une atmosph\u00e8re bienheureuse. R\u00e9sine de benjoin s\u00e9lectionn\u00e9e \u00e0 la main pour une exp\u00e9rience premium.","robots":{"index":"index","follow":"follow","max-snippet":"max-snippet:-1","max-image-preview":"max-image-preview:large","max-video-preview":"max-video-preview:-1"},"canonical":"https:\/\/bhagwan-incense.com\/fr\/produit\/sambrani-or-batonnets-dencens\/","og_locale":"fr_FR","og_type":"article","og_title":"Encens Sambrani Gold : m\u00e9thode approuv\u00e9e par Sadhguru et recommand\u00e9e pour le nettoyage de l'espace","og_description":"Rehaussez votre pratique du yoga et purifiez votre maison avec l'encens Sambrani Gold, approuv\u00e9 par Sadhguru. Des notes bois\u00e9es profondes et une touche de vanille cr\u00e9ent une atmosph\u00e8re bienheureuse. R\u00e9sine de benjoin s\u00e9lectionn\u00e9e \u00e0 la main pour une exp\u00e9rience premium.","og_url":"https:\/\/bhagwan-incense.com\/fr\/produit\/sambrani-or-batonnets-dencens\/","og_site_name":"Bhagwan Incense | EU and Worldwide Shop","article_publisher":"https:\/\/www.facebook.com\/profile.php?id=100093081477613&mibextid=ZbWKwLp","article_modified_time":"2026-03-24T18:42:23+00:00","og_image":[{"width":853,"height":1280,"url":"https:\/\/bhagwan-incense.com\/wp-content\/uploads\/2024\/05\/Sambrani-Gold_2-1.jpg?wsr","type":"image\/jpeg"}],"twitter_card":"summary_large_image","twitter_misc":{"Dur\u00e9e de lecture estim\u00e9e":"2 minutes"},"schema":{"@context":"https:\/\/schema.org","@graph":[{"@type":"WebPage","@id":"https:\/\/bhagwan-incense.com\/fr\/produit\/sambrani-or-batonnets-dencens\/","url":"https:\/\/bhagwan-incense.com\/fr\/produit\/sambrani-or-batonnets-dencens\/","name":"Encens Sambrani Gold : m\u00e9thode approuv\u00e9e par Sadhguru et recommand\u00e9e pour le nettoyage de l'espace","isPartOf":{"@id":"https:\/\/bhagwan-incense.com\/fr\/#website"},"primaryImageOfPage":{"@id":"https:\/\/bhagwan-incense.com\/fr\/produit\/sambrani-or-batonnets-dencens\/#primaryimage"},"image":{"@id":"https:\/\/bhagwan-incense.com\/fr\/produit\/sambrani-or-batonnets-dencens\/#primaryimage"},"thumbnailUrl":"https:\/\/bhagwan-incense.com\/wp-content\/uploads\/2024\/05\/Sambrani-Gold_2-1.jpg?wsr","datePublished":"2024-05-30T13:29:57+00:00","dateModified":"2026-03-24T18:42:23+00:00","description":"Rehaussez votre pratique du yoga et purifiez votre maison avec l'encens Sambrani Gold, approuv\u00e9 par Sadhguru. Des notes bois\u00e9es profondes et une touche de vanille cr\u00e9ent une atmosph\u00e8re bienheureuse. R\u00e9sine de benjoin s\u00e9lectionn\u00e9e \u00e0 la main pour une exp\u00e9rience premium.","breadcrumb":{"@id":"https:\/\/bhagwan-incense.com\/fr\/produit\/sambrani-or-batonnets-dencens\/#breadcrumb"},"inLanguage":"fr-FR","potentialAction":[{"@type":"ReadAction","target":["https:\/\/bhagwan-incense.com\/fr\/produit\/sambrani-or-batonnets-dencens\/"]}]},{"@type":"ImageObject","inLanguage":"fr-FR","@id":"https:\/\/bhagwan-incense.com\/fr\/produit\/sambrani-or-batonnets-dencens\/#primaryimage","url":"https:\/\/bhagwan-incense.com\/wp-content\/uploads\/2024\/05\/Sambrani-Gold_2-1.jpg?wsr","contentUrl":"https:\/\/bhagwan-incense.com\/wp-content\/uploads\/2024\/05\/Sambrani-Gold_2-1.jpg?wsr","width":853,"height":1280},{"@type":"BreadcrumbList","@id":"https:\/\/bhagwan-incense.com\/fr\/produit\/sambrani-or-batonnets-dencens\/#breadcrumb","itemListElement":[{"@type":"ListItem","position":1,"name":"Home","item":"https:\/\/bhagwan-incense.com\/fr\/"},{"@type":"ListItem","position":2,"name":"Boutique","item":"https:\/\/bhagwan-incense.com\/fr\/boutique\/"},{"@type":"ListItem","position":3,"name":"Sambrani Or B\u00e2tonnets d&#8217;Encens"}]},{"@type":"WebSite","@id":"https:\/\/bhagwan-incense.com\/fr\/#website","url":"https:\/\/bhagwan-incense.com\/fr\/","name":"Bhagwan Incense | EU and Worldwide Incense Shop","description":"Pure and Natural Incense from India","publisher":{"@id":"https:\/\/bhagwan-incense.com\/fr\/#organization"},"potentialAction":[{"@type":"SearchAction","target":{"@type":"EntryPoint","urlTemplate":"https:\/\/bhagwan-incense.com\/fr\/?s={search_term_string}"},"query-input":{"@type":"PropertyValueSpecification","valueRequired":true,"valueName":"search_term_string"}}],"inLanguage":"fr-FR"},{"@type":"Organization","@id":"https:\/\/bhagwan-incense.com\/fr\/#organization","name":"Bhagwan incense","url":"https:\/\/bhagwan-incense.com\/fr\/","logo":{"@type":"ImageObject","inLanguage":"fr-FR","@id":"https:\/\/bhagwan-incense.com\/fr\/#\/schema\/logo\/image\/","url":"https:\/\/bhagwan-incense.com\/wp-content\/uploads\/2023\/06\/Logo-black.png","contentUrl":"https:\/\/bhagwan-incense.com\/wp-content\/uploads\/2023\/06\/Logo-black.png","width":150,"height":150,"caption":"Bhagwan incense"},"image":{"@id":"https:\/\/bhagwan-incense.com\/fr\/#\/schema\/logo\/image\/"},"sameAs":["https:\/\/www.facebook.com\/profile.php?id=100093081477613&mibextid=ZbWKwLp","https:\/\/www.instagram.com\/bhagwan_incense\/"]}]}},"_links":{"self":[{"href":"https:\/\/bhagwan-incense.com\/fr\/wp-json\/wp\/v2\/product\/14004","targetHints":{"allow":["GET"]}}],"collection":[{"href":"https:\/\/bhagwan-incense.com\/fr\/wp-json\/wp\/v2\/product"}],"about":[{"href":"https:\/\/bhagwan-incense.com\/fr\/wp-json\/wp\/v2\/types\/product"}],"replies":[{"embeddable":true,"href":"https:\/\/bhagwan-incense.com\/fr\/wp-json\/wp\/v2\/comments?post=14004"}],"wp:featuredmedia":[{"embeddable":true,"href":"https:\/\/bhagwan-incense.com\/fr\/wp-json\/wp\/v2\/media\/14017"}],"wp:attachment":[{"href":"https:\/\/bhagwan-incense.com\/fr\/wp-json\/wp\/v2\/media?parent=14004"}],"wp:term":[{"taxonomy":"product_brand","embeddable":true,"href":"https:\/\/bhagwan-incense.com\/fr\/wp-json\/wp\/v2\/product_brand?post=14004"},{"taxonomy":"product_cat","embeddable":true,"href":"https:\/\/bhagwan-incense.com\/fr\/wp-json\/wp\/v2\/product_cat?post=14004"},{"taxonomy":"product_tag","embeddable":true,"href":"https:\/\/bhagwan-incense.com\/fr\/wp-json\/wp\/v2\/product_tag?post=14004"}],"curies":[{"name":"wp","href":"https:\/\/api.w.org\/{rel}","templated":true}]}}