{"id":14188,"date":"2024-09-12T08:41:30","date_gmt":"2024-09-12T06:41:30","guid":{"rendered":"https:\/\/bhagwan-incense.com\/?post_type=product&#038;p=14188"},"modified":"2026-03-27T23:03:38","modified_gmt":"2026-03-27T22:03:38","slug":"saffron-masala-batonnets-dencens","status":"publish","type":"product","link":"https:\/\/bhagwan-incense.com\/fr\/produit\/saffron-masala-batonnets-dencens\/","title":{"rendered":"Masala au Safran B\u00e2tonnets d&#8217;Encens"},"content":{"rendered":"<div>Fid\u00e8le au v\u00e9ritable parfum du safran, cet encens est l&#8217;un de nos best-sellers et membre du Hall of Fame de l&#8217;Olfactory Rescue Service. Une base cr\u00e9meuse de halmaddi renforce la note \u00e9pic\u00e9e unique attribu\u00e9e au safran. C\u2019est une d\u00e9couverte parfaite pour tous les amateurs d\u2019encens au safran et un excellent point de d\u00e9part pour ceux qui d\u00e9couvrent le safran. Il a d&#8217;abord \u00e9t\u00e9 propos\u00e9 dans notre ligne Good Incense, mais en raison de nombreuses demandes de clients souhaitant \u00e9conomiser sur les frais de port, nous l&#8217;avons \u00e9galement ajout\u00e9 au catalogue Bhagwan Incense.<\/div>\n<div><\/div>\n<div>Mike de l&#8217;Olfactory Rescue Service informe : \u00ab Et pour ajouter \u00e0 cette lign\u00e9e, voici un tr\u00e8s bel encens Saffron Masala. C\u2019est ce que j\u2019appellerais le parfum de safran le plus fid\u00e8le que l&#8217;on puisse imaginer dans un encens, d\u00e9pourvu des types d&#8217;ajouts qu\u2019on trouve habituellement. Comme toujours, l&#8217;ingr\u00e9dient \u00e9tant aussi rare, il n&#8217;a pas vraiment d&#8217;huiles essentielles que l&#8217;on peut utiliser pour alimenter un encens, mais les cr\u00e9ateurs trouvent g\u00e9n\u00e9ralement quelque chose qui sent comme l\u2019herbe et qui fonctionne tout aussi bien. En de nombreux points, c&#8217;est justement la clart\u00e9 de cet encens qui est si attrayante, tandis qu\u2019une base de charbon-halmaddi-masala aide \u00e0 \u00e9largir l&#8217;ar\u00f4me de l&#8217;encens (cette base fonctionne vraiment bien dans tous les b\u00e2tonnets de cette lign\u00e9e), sans pour autant nuire \u00e0 ce joli m\u00e9lange \u00e9pic\u00e9 en t\u00eate. Je me retrouve souvent \u00e0 chercher la note de safran dans un encens, c&#8217;est agr\u00e9able de trouver un masala qui la rend vraiment \u00e9vidente, sans parler de la simplicit\u00e9 du m\u00e9lange. Si vous aimez le safran, c&#8217;est un incontournable. Il me rappelle un peu la nostalgie de l&#8217;odeur du safran dans les encens des ann\u00e9es 90.&#8221;<\/div>\n<div><\/div>\n<div>La critique compl\u00e8te est disponible ici.<\/div>\n","protected":false},"excerpt":{"rendered":"<p>Fid\u00e8le au v\u00e9ritable parfum du safran, cet encens est l&#8217;un de nos best-sellers et membre du Hall of Fame de l&#8217;Olfactory Rescue Service. Une base cr\u00e9meuse de halmaddi renforce la note \u00e9pic\u00e9e unique attribu\u00e9e au safran. Cet encens fait partie du Hall de la renomm\u00e9e d&#8217;Olfactory Rescue Service.<\/p>\n","protected":false},"featured_media":14192,"comment_status":"open","ping_status":"closed","template":"","meta":[],"product_brand":[],"product_cat":[84,61,89,85],"product_tag":[67],"class_list":{"0":"post-14188","1":"product","2":"type-product","3":"status-publish","4":"has-post-thumbnail","6":"product_cat-exotique-unique","7":"product_cat-floral","8":"product_cat-le-pantheon-de-lolfactory-rescue-service","9":"product_cat-yoga-fr","10":"product_tag-floral-fr-2","12":"first","13":"instock","14":"shipping-taxable","15":"purchasable","16":"product-type-simple"},"yoast_head":"<!-- This site is optimized with the Yoast SEO plugin v27.3 - https:\/\/yoast.com\/product\/yoast-seo-wordpress\/ -->\n<title>Encens Masala au Safran Premium \u2013 B\u00e2tonnets d&#039;Encens au Safran Best-seller<\/title>\n<meta name=\"description\" content=\"D\u00e9couvrez notre encens masala au safran best-seller avec une base cr\u00e9meuse de Halmaddi, capturant le v\u00e9ritable parfum \u00e9pic\u00e9 du safran.\" \/>\n<meta name=\"robots\" content=\"index, follow, max-snippet:-1, max-image-preview:large, max-video-preview:-1\" \/>\n<link rel=\"canonical\" href=\"https:\/\/bhagwan-incense.com\/fr\/produit\/saffron-masala-batonnets-dencens\/\" \/>\n<meta property=\"og:locale\" content=\"fr_FR\" \/>\n<meta property=\"og:type\" content=\"article\" \/>\n<meta property=\"og:title\" content=\"Encens Masala au Safran Premium \u2013 B\u00e2tonnets d&#039;Encens au Safran Best-seller\" \/>\n<meta property=\"og:description\" content=\"D\u00e9couvrez notre encens masala au safran best-seller avec une base cr\u00e9meuse de Halmaddi, capturant le v\u00e9ritable parfum \u00e9pic\u00e9 du safran.\" \/>\n<meta property=\"og:url\" content=\"https:\/\/bhagwan-incense.com\/fr\/produit\/saffron-masala-batonnets-dencens\/\" \/>\n<meta property=\"og:site_name\" content=\"Bhagwan Incense | EU and Worldwide Shop\" \/>\n<meta property=\"article:publisher\" content=\"https:\/\/www.facebook.com\/profile.php?id=100093081477613&amp;mibextid=ZbWKwLp\" \/>\n<meta property=\"article:modified_time\" content=\"2026-03-27T22:03:38+00:00\" \/>\n<meta property=\"og:image\" content=\"https:\/\/bhagwan-incense.com\/wp-content\/uploads\/2024\/09\/Saffron-Masala_2-1-scaled.jpg?wsr\" \/>\n\t<meta property=\"og:image:width\" content=\"1707\" \/>\n\t<meta property=\"og:image:height\" content=\"2560\" \/>\n\t<meta property=\"og:image:type\" content=\"image\/jpeg\" \/>\n<meta name=\"twitter:card\" content=\"summary_large_image\" \/>\n<meta name=\"twitter:label1\" content=\"Dur\u00e9e de lecture estim\u00e9e\" \/>\n\t<meta name=\"twitter:data1\" content=\"2 minutes\" \/>\n<script type=\"application\/ld+json\" class=\"yoast-schema-graph\">{\"@context\":\"https:\\\/\\\/schema.org\",\"@graph\":[{\"@type\":\"WebPage\",\"@id\":\"https:\\\/\\\/bhagwan-incense.com\\\/fr\\\/produit\\\/saffron-masala-batonnets-dencens\\\/\",\"url\":\"https:\\\/\\\/bhagwan-incense.com\\\/fr\\\/produit\\\/saffron-masala-batonnets-dencens\\\/\",\"name\":\"Encens Masala au Safran Premium \u2013 B\u00e2tonnets d'Encens au Safran Best-seller\",\"isPartOf\":{\"@id\":\"https:\\\/\\\/bhagwan-incense.com\\\/fr\\\/#website\"},\"primaryImageOfPage\":{\"@id\":\"https:\\\/\\\/bhagwan-incense.com\\\/fr\\\/produit\\\/saffron-masala-batonnets-dencens\\\/#primaryimage\"},\"image\":{\"@id\":\"https:\\\/\\\/bhagwan-incense.com\\\/fr\\\/produit\\\/saffron-masala-batonnets-dencens\\\/#primaryimage\"},\"thumbnailUrl\":\"https:\\\/\\\/bhagwan-incense.com\\\/wp-content\\\/uploads\\\/2024\\\/09\\\/Saffron-Masala_2-1-scaled.jpg?wsr\",\"datePublished\":\"2024-09-12T06:41:30+00:00\",\"dateModified\":\"2026-03-27T22:03:38+00:00\",\"description\":\"D\u00e9couvrez notre encens masala au safran best-seller avec une base cr\u00e9meuse de Halmaddi, capturant le v\u00e9ritable parfum \u00e9pic\u00e9 du safran.\",\"breadcrumb\":{\"@id\":\"https:\\\/\\\/bhagwan-incense.com\\\/fr\\\/produit\\\/saffron-masala-batonnets-dencens\\\/#breadcrumb\"},\"inLanguage\":\"fr-FR\",\"potentialAction\":[{\"@type\":\"ReadAction\",\"target\":[\"https:\\\/\\\/bhagwan-incense.com\\\/fr\\\/produit\\\/saffron-masala-batonnets-dencens\\\/\"]}]},{\"@type\":\"ImageObject\",\"inLanguage\":\"fr-FR\",\"@id\":\"https:\\\/\\\/bhagwan-incense.com\\\/fr\\\/produit\\\/saffron-masala-batonnets-dencens\\\/#primaryimage\",\"url\":\"https:\\\/\\\/bhagwan-incense.com\\\/wp-content\\\/uploads\\\/2024\\\/09\\\/Saffron-Masala_2-1-scaled.jpg?wsr\",\"contentUrl\":\"https:\\\/\\\/bhagwan-incense.com\\\/wp-content\\\/uploads\\\/2024\\\/09\\\/Saffron-Masala_2-1-scaled.jpg?wsr\",\"width\":1707,\"height\":2560},{\"@type\":\"BreadcrumbList\",\"@id\":\"https:\\\/\\\/bhagwan-incense.com\\\/fr\\\/produit\\\/saffron-masala-batonnets-dencens\\\/#breadcrumb\",\"itemListElement\":[{\"@type\":\"ListItem\",\"position\":1,\"name\":\"Home\",\"item\":\"https:\\\/\\\/bhagwan-incense.com\\\/fr\\\/\"},{\"@type\":\"ListItem\",\"position\":2,\"name\":\"Boutique\",\"item\":\"https:\\\/\\\/bhagwan-incense.com\\\/fr\\\/boutique\\\/\"},{\"@type\":\"ListItem\",\"position\":3,\"name\":\"Masala au Safran B\u00e2tonnets d&#8217;Encens\"}]},{\"@type\":\"WebSite\",\"@id\":\"https:\\\/\\\/bhagwan-incense.com\\\/fr\\\/#website\",\"url\":\"https:\\\/\\\/bhagwan-incense.com\\\/fr\\\/\",\"name\":\"Bhagwan Incense | EU and Worldwide Incense Shop\",\"description\":\"Pure and Natural Incense from India\",\"publisher\":{\"@id\":\"https:\\\/\\\/bhagwan-incense.com\\\/fr\\\/#organization\"},\"potentialAction\":[{\"@type\":\"SearchAction\",\"target\":{\"@type\":\"EntryPoint\",\"urlTemplate\":\"https:\\\/\\\/bhagwan-incense.com\\\/fr\\\/?s={search_term_string}\"},\"query-input\":{\"@type\":\"PropertyValueSpecification\",\"valueRequired\":true,\"valueName\":\"search_term_string\"}}],\"inLanguage\":\"fr-FR\"},{\"@type\":\"Organization\",\"@id\":\"https:\\\/\\\/bhagwan-incense.com\\\/fr\\\/#organization\",\"name\":\"Bhagwan incense\",\"url\":\"https:\\\/\\\/bhagwan-incense.com\\\/fr\\\/\",\"logo\":{\"@type\":\"ImageObject\",\"inLanguage\":\"fr-FR\",\"@id\":\"https:\\\/\\\/bhagwan-incense.com\\\/fr\\\/#\\\/schema\\\/logo\\\/image\\\/\",\"url\":\"https:\\\/\\\/bhagwan-incense.com\\\/wp-content\\\/uploads\\\/2023\\\/06\\\/Logo-black.png\",\"contentUrl\":\"https:\\\/\\\/bhagwan-incense.com\\\/wp-content\\\/uploads\\\/2023\\\/06\\\/Logo-black.png\",\"width\":150,\"height\":150,\"caption\":\"Bhagwan incense\"},\"image\":{\"@id\":\"https:\\\/\\\/bhagwan-incense.com\\\/fr\\\/#\\\/schema\\\/logo\\\/image\\\/\"},\"sameAs\":[\"https:\\\/\\\/www.facebook.com\\\/profile.php?id=100093081477613&mibextid=ZbWKwLp\",\"https:\\\/\\\/www.instagram.com\\\/bhagwan_incense\\\/\"]}]}<\/script>\n<!-- \/ Yoast SEO plugin. -->","yoast_head_json":{"title":"Encens Masala au Safran Premium \u2013 B\u00e2tonnets d'Encens au Safran Best-seller","description":"D\u00e9couvrez notre encens masala au safran best-seller avec une base cr\u00e9meuse de Halmaddi, capturant le v\u00e9ritable parfum \u00e9pic\u00e9 du safran.","robots":{"index":"index","follow":"follow","max-snippet":"max-snippet:-1","max-image-preview":"max-image-preview:large","max-video-preview":"max-video-preview:-1"},"canonical":"https:\/\/bhagwan-incense.com\/fr\/produit\/saffron-masala-batonnets-dencens\/","og_locale":"fr_FR","og_type":"article","og_title":"Encens Masala au Safran Premium \u2013 B\u00e2tonnets d'Encens au Safran Best-seller","og_description":"D\u00e9couvrez notre encens masala au safran best-seller avec une base cr\u00e9meuse de Halmaddi, capturant le v\u00e9ritable parfum \u00e9pic\u00e9 du safran.","og_url":"https:\/\/bhagwan-incense.com\/fr\/produit\/saffron-masala-batonnets-dencens\/","og_site_name":"Bhagwan Incense | EU and Worldwide Shop","article_publisher":"https:\/\/www.facebook.com\/profile.php?id=100093081477613&mibextid=ZbWKwLp","article_modified_time":"2026-03-27T22:03:38+00:00","og_image":[{"width":1707,"height":2560,"url":"https:\/\/bhagwan-incense.com\/wp-content\/uploads\/2024\/09\/Saffron-Masala_2-1-scaled.jpg?wsr","type":"image\/jpeg"}],"twitter_card":"summary_large_image","twitter_misc":{"Dur\u00e9e de lecture estim\u00e9e":"2 minutes"},"schema":{"@context":"https:\/\/schema.org","@graph":[{"@type":"WebPage","@id":"https:\/\/bhagwan-incense.com\/fr\/produit\/saffron-masala-batonnets-dencens\/","url":"https:\/\/bhagwan-incense.com\/fr\/produit\/saffron-masala-batonnets-dencens\/","name":"Encens Masala au Safran Premium \u2013 B\u00e2tonnets d'Encens au Safran Best-seller","isPartOf":{"@id":"https:\/\/bhagwan-incense.com\/fr\/#website"},"primaryImageOfPage":{"@id":"https:\/\/bhagwan-incense.com\/fr\/produit\/saffron-masala-batonnets-dencens\/#primaryimage"},"image":{"@id":"https:\/\/bhagwan-incense.com\/fr\/produit\/saffron-masala-batonnets-dencens\/#primaryimage"},"thumbnailUrl":"https:\/\/bhagwan-incense.com\/wp-content\/uploads\/2024\/09\/Saffron-Masala_2-1-scaled.jpg?wsr","datePublished":"2024-09-12T06:41:30+00:00","dateModified":"2026-03-27T22:03:38+00:00","description":"D\u00e9couvrez notre encens masala au safran best-seller avec une base cr\u00e9meuse de Halmaddi, capturant le v\u00e9ritable parfum \u00e9pic\u00e9 du safran.","breadcrumb":{"@id":"https:\/\/bhagwan-incense.com\/fr\/produit\/saffron-masala-batonnets-dencens\/#breadcrumb"},"inLanguage":"fr-FR","potentialAction":[{"@type":"ReadAction","target":["https:\/\/bhagwan-incense.com\/fr\/produit\/saffron-masala-batonnets-dencens\/"]}]},{"@type":"ImageObject","inLanguage":"fr-FR","@id":"https:\/\/bhagwan-incense.com\/fr\/produit\/saffron-masala-batonnets-dencens\/#primaryimage","url":"https:\/\/bhagwan-incense.com\/wp-content\/uploads\/2024\/09\/Saffron-Masala_2-1-scaled.jpg?wsr","contentUrl":"https:\/\/bhagwan-incense.com\/wp-content\/uploads\/2024\/09\/Saffron-Masala_2-1-scaled.jpg?wsr","width":1707,"height":2560},{"@type":"BreadcrumbList","@id":"https:\/\/bhagwan-incense.com\/fr\/produit\/saffron-masala-batonnets-dencens\/#breadcrumb","itemListElement":[{"@type":"ListItem","position":1,"name":"Home","item":"https:\/\/bhagwan-incense.com\/fr\/"},{"@type":"ListItem","position":2,"name":"Boutique","item":"https:\/\/bhagwan-incense.com\/fr\/boutique\/"},{"@type":"ListItem","position":3,"name":"Masala au Safran B\u00e2tonnets d&#8217;Encens"}]},{"@type":"WebSite","@id":"https:\/\/bhagwan-incense.com\/fr\/#website","url":"https:\/\/bhagwan-incense.com\/fr\/","name":"Bhagwan Incense | EU and Worldwide Incense Shop","description":"Pure and Natural Incense from India","publisher":{"@id":"https:\/\/bhagwan-incense.com\/fr\/#organization"},"potentialAction":[{"@type":"SearchAction","target":{"@type":"EntryPoint","urlTemplate":"https:\/\/bhagwan-incense.com\/fr\/?s={search_term_string}"},"query-input":{"@type":"PropertyValueSpecification","valueRequired":true,"valueName":"search_term_string"}}],"inLanguage":"fr-FR"},{"@type":"Organization","@id":"https:\/\/bhagwan-incense.com\/fr\/#organization","name":"Bhagwan incense","url":"https:\/\/bhagwan-incense.com\/fr\/","logo":{"@type":"ImageObject","inLanguage":"fr-FR","@id":"https:\/\/bhagwan-incense.com\/fr\/#\/schema\/logo\/image\/","url":"https:\/\/bhagwan-incense.com\/wp-content\/uploads\/2023\/06\/Logo-black.png","contentUrl":"https:\/\/bhagwan-incense.com\/wp-content\/uploads\/2023\/06\/Logo-black.png","width":150,"height":150,"caption":"Bhagwan incense"},"image":{"@id":"https:\/\/bhagwan-incense.com\/fr\/#\/schema\/logo\/image\/"},"sameAs":["https:\/\/www.facebook.com\/profile.php?id=100093081477613&mibextid=ZbWKwLp","https:\/\/www.instagram.com\/bhagwan_incense\/"]}]}},"_links":{"self":[{"href":"https:\/\/bhagwan-incense.com\/fr\/wp-json\/wp\/v2\/product\/14188","targetHints":{"allow":["GET"]}}],"collection":[{"href":"https:\/\/bhagwan-incense.com\/fr\/wp-json\/wp\/v2\/product"}],"about":[{"href":"https:\/\/bhagwan-incense.com\/fr\/wp-json\/wp\/v2\/types\/product"}],"replies":[{"embeddable":true,"href":"https:\/\/bhagwan-incense.com\/fr\/wp-json\/wp\/v2\/comments?post=14188"}],"wp:featuredmedia":[{"embeddable":true,"href":"https:\/\/bhagwan-incense.com\/fr\/wp-json\/wp\/v2\/media\/14192"}],"wp:attachment":[{"href":"https:\/\/bhagwan-incense.com\/fr\/wp-json\/wp\/v2\/media?parent=14188"}],"wp:term":[{"taxonomy":"product_brand","embeddable":true,"href":"https:\/\/bhagwan-incense.com\/fr\/wp-json\/wp\/v2\/product_brand?post=14188"},{"taxonomy":"product_cat","embeddable":true,"href":"https:\/\/bhagwan-incense.com\/fr\/wp-json\/wp\/v2\/product_cat?post=14188"},{"taxonomy":"product_tag","embeddable":true,"href":"https:\/\/bhagwan-incense.com\/fr\/wp-json\/wp\/v2\/product_tag?post=14188"}],"curies":[{"name":"wp","href":"https:\/\/api.w.org\/{rel}","templated":true}]}}