{"id":14196,"date":"2024-09-12T08:55:02","date_gmt":"2024-09-12T06:55:02","guid":{"rendered":"https:\/\/bhagwan-incense.com\/?post_type=product&#038;p=14196"},"modified":"2026-03-27T23:03:47","modified_gmt":"2026-03-27T22:03:47","slug":"alchemist-gold-batonnets-dencens","status":"publish","type":"product","link":"https:\/\/bhagwan-incense.com\/fr\/produit\/alchemist-gold-batonnets-dencens\/","title":{"rendered":"Or de l&#8217;Alchimiste B\u00e2tonnets d&#8217;Encens"},"content":{"rendered":"<p>G\u00e9n\u00e9reux et plein de fragrance : safran, magnolia, lys, vanille, bois de santal et bois d&#8217;agar noir brut s&#8217;entrelacent pour cr\u00e9er une magie sp\u00e9ciale. Initialement propos\u00e9 dans notre ligne Good Incense, cet encens a \u00e9t\u00e9 ajout\u00e9 au catalogue Bhagwan Incense en raison de nombreuses demandes de clients souhaitant \u00e9conomiser sur les frais de port.<\/p>\n<p>Mike de l&#8217;Olfactory Rescue Service informe : \u00ab Le premier dont nous allons parler est le Gold. Les seuls indices que nous avons sont le halmaddi et les notes florales sucr\u00e9es, mais cet encens a une touche intrigante presque racinaire au sommet du bouquet. C&#8217;est similaire \u00e0 la fa\u00e7on dont j&#8217;ai vu le patchouli ou le v\u00e9tiver utilis\u00e9s dans certains encens, et c&#8217;est une note que j&#8217;appr\u00e9cie beaucoup personnellement, un peu comme une banane verte. Il y a aussi un certain niveau d&#8217;herbe comme le tabac dans le m\u00e9lange. Tout cela repose sur une base de charbon-masala tr\u00e8s agr\u00e9able avec une grande amplitude au milieu. On sent le halmaddi avec certitude, mais les floraux \u00e9nonc\u00e9s sont trop m\u00e9lang\u00e9s pour vraiment identifier quelque chose de sp\u00e9cifique, mais ils jouent certainement un r\u00f4le important dans cette amplitude. En r\u00e9sum\u00e9, c&#8217;est un encens tr\u00e8s unique, c&#8217;est le genre de chose que vous voulez partager avec des amis juste pour avoir leur avis, car il s&#8217;agit d&#8217;un encens amical modifi\u00e9 dans une direction l\u00e9g\u00e8rement unique. Je continue \u00e0 rester vraiment fascin\u00e9 par lui, il vous garde vraiment en \u00e9veil. \u00bb<\/p>\n<p>La critique compl\u00e8te est disponible ici.<\/p>\n","protected":false},"excerpt":{"rendered":"<p>Un m\u00e9lange unique d&#8217;huiles v\u00e9g\u00e9tales sur une base bois\u00e9e de bois d&#8217;agar noir brut, de bois de santal et de safran, agr\u00e9ment\u00e9 de notes parfum\u00e9es de halmaddi et de fleurs vertes. L&#8217;un de nos best-sellers, cet encens a re\u00e7u d&#8217;excellents avis clients et des \u00e9loges de l&#8217;Olfactory Rescue Service (ORS).<\/p>\n","protected":false},"featured_media":14198,"comment_status":"open","ping_status":"closed","template":"","meta":[],"product_brand":[],"product_cat":[84,61,63,85],"product_tag":[67],"class_list":{"0":"post-14196","1":"product","2":"type-product","3":"status-publish","4":"has-post-thumbnail","6":"product_cat-exotique-unique","7":"product_cat-floral","8":"product_cat-oud","9":"product_cat-yoga-fr","10":"product_tag-floral-fr-2","12":"first","13":"instock","14":"shipping-taxable","15":"purchasable","16":"product-type-simple"},"yoast_head":"<!-- This site is optimized with the Yoast SEO plugin v27.4 - https:\/\/yoast.com\/product\/yoast-seo-wordpress\/ -->\n<title>Encens Masala Herbal &amp; Floral Unique \u2013 M\u00e9lange de Bois d&#039;Agar Noir, Safran et Bois de Santal<\/title>\n<meta name=\"description\" content=\"D\u00e9couvrez un m\u00e9lange best-seller d&#039;huiles v\u00e9g\u00e9tales, de safran, de bois de santal et de bois d&#039;agar noir brut. Cet encens masala, lou\u00e9 par l&#039;Olfactory Rescue Service, offre un m\u00e9lange unique de notes florales, bois\u00e9es et de Halmaddi. Parfait pour ceux qui recherchent une exp\u00e9rience parfum\u00e9e et riche !\" \/>\n<meta name=\"robots\" content=\"index, follow, max-snippet:-1, max-image-preview:large, max-video-preview:-1\" \/>\n<link rel=\"canonical\" href=\"https:\/\/bhagwan-incense.com\/fr\/produit\/alchemist-gold-batonnets-dencens\/\" \/>\n<meta property=\"og:locale\" content=\"fr_FR\" \/>\n<meta property=\"og:type\" content=\"article\" \/>\n<meta property=\"og:title\" content=\"Encens Masala Herbal &amp; Floral Unique \u2013 M\u00e9lange de Bois d&#039;Agar Noir, Safran et Bois de Santal\" \/>\n<meta property=\"og:description\" content=\"D\u00e9couvrez un m\u00e9lange best-seller d&#039;huiles v\u00e9g\u00e9tales, de safran, de bois de santal et de bois d&#039;agar noir brut. Cet encens masala, lou\u00e9 par l&#039;Olfactory Rescue Service, offre un m\u00e9lange unique de notes florales, bois\u00e9es et de Halmaddi. Parfait pour ceux qui recherchent une exp\u00e9rience parfum\u00e9e et riche !\" \/>\n<meta property=\"og:url\" content=\"https:\/\/bhagwan-incense.com\/fr\/produit\/alchemist-gold-batonnets-dencens\/\" \/>\n<meta property=\"og:site_name\" content=\"Bhagwan Incense | EU and Worldwide Shop\" \/>\n<meta property=\"article:publisher\" content=\"https:\/\/www.facebook.com\/profile.php?id=100093081477613&amp;mibextid=ZbWKwLp\" \/>\n<meta property=\"article:modified_time\" content=\"2026-03-27T22:03:47+00:00\" \/>\n<meta property=\"og:image\" content=\"https:\/\/bhagwan-incense.com\/wp-content\/uploads\/2024\/09\/Alchemist-Gold_2-scaled.jpg?wsr\" \/>\n\t<meta property=\"og:image:width\" content=\"1706\" \/>\n\t<meta property=\"og:image:height\" content=\"2560\" \/>\n\t<meta property=\"og:image:type\" content=\"image\/jpeg\" \/>\n<meta name=\"twitter:card\" content=\"summary_large_image\" \/>\n<meta name=\"twitter:label1\" content=\"Dur\u00e9e de lecture estim\u00e9e\" \/>\n\t<meta name=\"twitter:data1\" content=\"2 minutes\" \/>\n<script type=\"application\/ld+json\" class=\"yoast-schema-graph\">{\"@context\":\"https:\\\/\\\/schema.org\",\"@graph\":[{\"@type\":\"WebPage\",\"@id\":\"https:\\\/\\\/bhagwan-incense.com\\\/fr\\\/produit\\\/alchemist-gold-batonnets-dencens\\\/\",\"url\":\"https:\\\/\\\/bhagwan-incense.com\\\/fr\\\/produit\\\/alchemist-gold-batonnets-dencens\\\/\",\"name\":\"Encens Masala Herbal & Floral Unique \u2013 M\u00e9lange de Bois d'Agar Noir, Safran et Bois de Santal\",\"isPartOf\":{\"@id\":\"https:\\\/\\\/bhagwan-incense.com\\\/fr\\\/#website\"},\"primaryImageOfPage\":{\"@id\":\"https:\\\/\\\/bhagwan-incense.com\\\/fr\\\/produit\\\/alchemist-gold-batonnets-dencens\\\/#primaryimage\"},\"image\":{\"@id\":\"https:\\\/\\\/bhagwan-incense.com\\\/fr\\\/produit\\\/alchemist-gold-batonnets-dencens\\\/#primaryimage\"},\"thumbnailUrl\":\"https:\\\/\\\/bhagwan-incense.com\\\/wp-content\\\/uploads\\\/2024\\\/09\\\/Alchemist-Gold_2-scaled.jpg?wsr\",\"datePublished\":\"2024-09-12T06:55:02+00:00\",\"dateModified\":\"2026-03-27T22:03:47+00:00\",\"description\":\"D\u00e9couvrez un m\u00e9lange best-seller d'huiles v\u00e9g\u00e9tales, de safran, de bois de santal et de bois d'agar noir brut. Cet encens masala, lou\u00e9 par l'Olfactory Rescue Service, offre un m\u00e9lange unique de notes florales, bois\u00e9es et de Halmaddi. Parfait pour ceux qui recherchent une exp\u00e9rience parfum\u00e9e et riche !\",\"breadcrumb\":{\"@id\":\"https:\\\/\\\/bhagwan-incense.com\\\/fr\\\/produit\\\/alchemist-gold-batonnets-dencens\\\/#breadcrumb\"},\"inLanguage\":\"fr-FR\",\"potentialAction\":[{\"@type\":\"ReadAction\",\"target\":[\"https:\\\/\\\/bhagwan-incense.com\\\/fr\\\/produit\\\/alchemist-gold-batonnets-dencens\\\/\"]}]},{\"@type\":\"ImageObject\",\"inLanguage\":\"fr-FR\",\"@id\":\"https:\\\/\\\/bhagwan-incense.com\\\/fr\\\/produit\\\/alchemist-gold-batonnets-dencens\\\/#primaryimage\",\"url\":\"https:\\\/\\\/bhagwan-incense.com\\\/wp-content\\\/uploads\\\/2024\\\/09\\\/Alchemist-Gold_2-scaled.jpg?wsr\",\"contentUrl\":\"https:\\\/\\\/bhagwan-incense.com\\\/wp-content\\\/uploads\\\/2024\\\/09\\\/Alchemist-Gold_2-scaled.jpg?wsr\",\"width\":1706,\"height\":2560},{\"@type\":\"BreadcrumbList\",\"@id\":\"https:\\\/\\\/bhagwan-incense.com\\\/fr\\\/produit\\\/alchemist-gold-batonnets-dencens\\\/#breadcrumb\",\"itemListElement\":[{\"@type\":\"ListItem\",\"position\":1,\"name\":\"Home\",\"item\":\"https:\\\/\\\/bhagwan-incense.com\\\/fr\\\/\"},{\"@type\":\"ListItem\",\"position\":2,\"name\":\"Boutique\",\"item\":\"https:\\\/\\\/bhagwan-incense.com\\\/fr\\\/boutique\\\/\"},{\"@type\":\"ListItem\",\"position\":3,\"name\":\"Or de l&#8217;Alchimiste B\u00e2tonnets d&#8217;Encens\"}]},{\"@type\":\"WebSite\",\"@id\":\"https:\\\/\\\/bhagwan-incense.com\\\/fr\\\/#website\",\"url\":\"https:\\\/\\\/bhagwan-incense.com\\\/fr\\\/\",\"name\":\"Bhagwan Incense | EU and Worldwide Incense Shop\",\"description\":\"Pure and Natural Incense from India\",\"publisher\":{\"@id\":\"https:\\\/\\\/bhagwan-incense.com\\\/fr\\\/#organization\"},\"potentialAction\":[{\"@type\":\"SearchAction\",\"target\":{\"@type\":\"EntryPoint\",\"urlTemplate\":\"https:\\\/\\\/bhagwan-incense.com\\\/fr\\\/?s={search_term_string}\"},\"query-input\":{\"@type\":\"PropertyValueSpecification\",\"valueRequired\":true,\"valueName\":\"search_term_string\"}}],\"inLanguage\":\"fr-FR\"},{\"@type\":\"Organization\",\"@id\":\"https:\\\/\\\/bhagwan-incense.com\\\/fr\\\/#organization\",\"name\":\"Bhagwan incense\",\"url\":\"https:\\\/\\\/bhagwan-incense.com\\\/fr\\\/\",\"logo\":{\"@type\":\"ImageObject\",\"inLanguage\":\"fr-FR\",\"@id\":\"https:\\\/\\\/bhagwan-incense.com\\\/fr\\\/#\\\/schema\\\/logo\\\/image\\\/\",\"url\":\"https:\\\/\\\/bhagwan-incense.com\\\/wp-content\\\/uploads\\\/2023\\\/06\\\/Logo-black.png\",\"contentUrl\":\"https:\\\/\\\/bhagwan-incense.com\\\/wp-content\\\/uploads\\\/2023\\\/06\\\/Logo-black.png\",\"width\":150,\"height\":150,\"caption\":\"Bhagwan incense\"},\"image\":{\"@id\":\"https:\\\/\\\/bhagwan-incense.com\\\/fr\\\/#\\\/schema\\\/logo\\\/image\\\/\"},\"sameAs\":[\"https:\\\/\\\/www.facebook.com\\\/profile.php?id=100093081477613&mibextid=ZbWKwLp\",\"https:\\\/\\\/www.instagram.com\\\/bhagwan_incense\\\/\"]}]}<\/script>\n<!-- \/ Yoast SEO plugin. -->","yoast_head_json":{"title":"Encens Masala Herbal & Floral Unique \u2013 M\u00e9lange de Bois d'Agar Noir, Safran et Bois de Santal","description":"D\u00e9couvrez un m\u00e9lange best-seller d'huiles v\u00e9g\u00e9tales, de safran, de bois de santal et de bois d'agar noir brut. Cet encens masala, lou\u00e9 par l'Olfactory Rescue Service, offre un m\u00e9lange unique de notes florales, bois\u00e9es et de Halmaddi. Parfait pour ceux qui recherchent une exp\u00e9rience parfum\u00e9e et riche !","robots":{"index":"index","follow":"follow","max-snippet":"max-snippet:-1","max-image-preview":"max-image-preview:large","max-video-preview":"max-video-preview:-1"},"canonical":"https:\/\/bhagwan-incense.com\/fr\/produit\/alchemist-gold-batonnets-dencens\/","og_locale":"fr_FR","og_type":"article","og_title":"Encens Masala Herbal & Floral Unique \u2013 M\u00e9lange de Bois d'Agar Noir, Safran et Bois de Santal","og_description":"D\u00e9couvrez un m\u00e9lange best-seller d'huiles v\u00e9g\u00e9tales, de safran, de bois de santal et de bois d'agar noir brut. Cet encens masala, lou\u00e9 par l'Olfactory Rescue Service, offre un m\u00e9lange unique de notes florales, bois\u00e9es et de Halmaddi. Parfait pour ceux qui recherchent une exp\u00e9rience parfum\u00e9e et riche !","og_url":"https:\/\/bhagwan-incense.com\/fr\/produit\/alchemist-gold-batonnets-dencens\/","og_site_name":"Bhagwan Incense | EU and Worldwide Shop","article_publisher":"https:\/\/www.facebook.com\/profile.php?id=100093081477613&mibextid=ZbWKwLp","article_modified_time":"2026-03-27T22:03:47+00:00","og_image":[{"width":1706,"height":2560,"url":"https:\/\/bhagwan-incense.com\/wp-content\/uploads\/2024\/09\/Alchemist-Gold_2-scaled.jpg?wsr","type":"image\/jpeg"}],"twitter_card":"summary_large_image","twitter_misc":{"Dur\u00e9e de lecture estim\u00e9e":"2 minutes"},"schema":{"@context":"https:\/\/schema.org","@graph":[{"@type":"WebPage","@id":"https:\/\/bhagwan-incense.com\/fr\/produit\/alchemist-gold-batonnets-dencens\/","url":"https:\/\/bhagwan-incense.com\/fr\/produit\/alchemist-gold-batonnets-dencens\/","name":"Encens Masala Herbal & Floral Unique \u2013 M\u00e9lange de Bois d'Agar Noir, Safran et Bois de Santal","isPartOf":{"@id":"https:\/\/bhagwan-incense.com\/fr\/#website"},"primaryImageOfPage":{"@id":"https:\/\/bhagwan-incense.com\/fr\/produit\/alchemist-gold-batonnets-dencens\/#primaryimage"},"image":{"@id":"https:\/\/bhagwan-incense.com\/fr\/produit\/alchemist-gold-batonnets-dencens\/#primaryimage"},"thumbnailUrl":"https:\/\/bhagwan-incense.com\/wp-content\/uploads\/2024\/09\/Alchemist-Gold_2-scaled.jpg?wsr","datePublished":"2024-09-12T06:55:02+00:00","dateModified":"2026-03-27T22:03:47+00:00","description":"D\u00e9couvrez un m\u00e9lange best-seller d'huiles v\u00e9g\u00e9tales, de safran, de bois de santal et de bois d'agar noir brut. Cet encens masala, lou\u00e9 par l'Olfactory Rescue Service, offre un m\u00e9lange unique de notes florales, bois\u00e9es et de Halmaddi. Parfait pour ceux qui recherchent une exp\u00e9rience parfum\u00e9e et riche !","breadcrumb":{"@id":"https:\/\/bhagwan-incense.com\/fr\/produit\/alchemist-gold-batonnets-dencens\/#breadcrumb"},"inLanguage":"fr-FR","potentialAction":[{"@type":"ReadAction","target":["https:\/\/bhagwan-incense.com\/fr\/produit\/alchemist-gold-batonnets-dencens\/"]}]},{"@type":"ImageObject","inLanguage":"fr-FR","@id":"https:\/\/bhagwan-incense.com\/fr\/produit\/alchemist-gold-batonnets-dencens\/#primaryimage","url":"https:\/\/bhagwan-incense.com\/wp-content\/uploads\/2024\/09\/Alchemist-Gold_2-scaled.jpg?wsr","contentUrl":"https:\/\/bhagwan-incense.com\/wp-content\/uploads\/2024\/09\/Alchemist-Gold_2-scaled.jpg?wsr","width":1706,"height":2560},{"@type":"BreadcrumbList","@id":"https:\/\/bhagwan-incense.com\/fr\/produit\/alchemist-gold-batonnets-dencens\/#breadcrumb","itemListElement":[{"@type":"ListItem","position":1,"name":"Home","item":"https:\/\/bhagwan-incense.com\/fr\/"},{"@type":"ListItem","position":2,"name":"Boutique","item":"https:\/\/bhagwan-incense.com\/fr\/boutique\/"},{"@type":"ListItem","position":3,"name":"Or de l&#8217;Alchimiste B\u00e2tonnets d&#8217;Encens"}]},{"@type":"WebSite","@id":"https:\/\/bhagwan-incense.com\/fr\/#website","url":"https:\/\/bhagwan-incense.com\/fr\/","name":"Bhagwan Incense | EU and Worldwide Incense Shop","description":"Pure and Natural Incense from India","publisher":{"@id":"https:\/\/bhagwan-incense.com\/fr\/#organization"},"potentialAction":[{"@type":"SearchAction","target":{"@type":"EntryPoint","urlTemplate":"https:\/\/bhagwan-incense.com\/fr\/?s={search_term_string}"},"query-input":{"@type":"PropertyValueSpecification","valueRequired":true,"valueName":"search_term_string"}}],"inLanguage":"fr-FR"},{"@type":"Organization","@id":"https:\/\/bhagwan-incense.com\/fr\/#organization","name":"Bhagwan incense","url":"https:\/\/bhagwan-incense.com\/fr\/","logo":{"@type":"ImageObject","inLanguage":"fr-FR","@id":"https:\/\/bhagwan-incense.com\/fr\/#\/schema\/logo\/image\/","url":"https:\/\/bhagwan-incense.com\/wp-content\/uploads\/2023\/06\/Logo-black.png","contentUrl":"https:\/\/bhagwan-incense.com\/wp-content\/uploads\/2023\/06\/Logo-black.png","width":150,"height":150,"caption":"Bhagwan incense"},"image":{"@id":"https:\/\/bhagwan-incense.com\/fr\/#\/schema\/logo\/image\/"},"sameAs":["https:\/\/www.facebook.com\/profile.php?id=100093081477613&mibextid=ZbWKwLp","https:\/\/www.instagram.com\/bhagwan_incense\/"]}]}},"_links":{"self":[{"href":"https:\/\/bhagwan-incense.com\/fr\/wp-json\/wp\/v2\/product\/14196","targetHints":{"allow":["GET"]}}],"collection":[{"href":"https:\/\/bhagwan-incense.com\/fr\/wp-json\/wp\/v2\/product"}],"about":[{"href":"https:\/\/bhagwan-incense.com\/fr\/wp-json\/wp\/v2\/types\/product"}],"replies":[{"embeddable":true,"href":"https:\/\/bhagwan-incense.com\/fr\/wp-json\/wp\/v2\/comments?post=14196"}],"wp:featuredmedia":[{"embeddable":true,"href":"https:\/\/bhagwan-incense.com\/fr\/wp-json\/wp\/v2\/media\/14198"}],"wp:attachment":[{"href":"https:\/\/bhagwan-incense.com\/fr\/wp-json\/wp\/v2\/media?parent=14196"}],"wp:term":[{"taxonomy":"product_brand","embeddable":true,"href":"https:\/\/bhagwan-incense.com\/fr\/wp-json\/wp\/v2\/product_brand?post=14196"},{"taxonomy":"product_cat","embeddable":true,"href":"https:\/\/bhagwan-incense.com\/fr\/wp-json\/wp\/v2\/product_cat?post=14196"},{"taxonomy":"product_tag","embeddable":true,"href":"https:\/\/bhagwan-incense.com\/fr\/wp-json\/wp\/v2\/product_tag?post=14196"}],"curies":[{"name":"wp","href":"https:\/\/api.w.org\/{rel}","templated":true}]}}