{"id":14202,"date":"2024-09-12T09:02:38","date_gmt":"2024-09-12T07:02:38","guid":{"rendered":"https:\/\/bhagwan-incense.com\/?post_type=product&#038;p=14202"},"modified":"2026-03-27T21:57:39","modified_gmt":"2026-03-27T20:57:39","slug":"red-rose-batonnets-dencens","status":"publish","type":"product","link":"https:\/\/bhagwan-incense.com\/fr\/produit\/red-rose-batonnets-dencens\/","title":{"rendered":"Rose Rouge B\u00e2tonnets d&#8217;Encens"},"content":{"rendered":"<div>Un parfum magnifique de rose reposant sur une base riche de Halmaddi. Tr\u00e8s doux, il emplit la maison en douceur. Gr\u00e2ce au halmaddi, le parfum restera dans la pi\u00e8ce pendant de nombreuses heures, maintenant l&#8217;air frais et pur. Id\u00e9al pour tout type de travail corporel, massage, spa et tantra. Il a d&#8217;abord \u00e9t\u00e9 propos\u00e9 dans notre ligne Good Incense, mais en raison de nombreuses demandes de clients souhaitant \u00e9conomiser sur les frais de port, nous l&#8217;avons \u00e9galement ajout\u00e9 au catalogue Bhagwan Incense<\/div>\n<div><\/div>\n<div>Mike de l&#8217;Olfactory Rescue Service informe : \u00ab J&#8217;ai probablement racont\u00e9 mon histoire sur la promenade dans le Capitol Rose Garden de Sacramento une douzaine de fois maintenant, et je le fais parce que cela constitue une sorte de base pour la fa\u00e7on dont je per\u00e7ois la rose. Et je ne parle pas d&#8217;une absolue de rose bulgare profonde ou quelque chose de plus cher et premium, je veux dire que c&#8217;est une mesure pour obtenir ce que sent un bouquet de roses lorsque vous marchez entre elles. Je le mentionne parce que le Good Incense Rose est incroyablement bon pour reproduire ce parfum avec pr\u00e9cision. Vous ne recevez pas simplement un parfum floral g\u00e9n\u00e9ral de rose ici, il sent vraiment beaucoup comme de vraies roses, ce qui n&#8217;est pas une mince affaire \u00e9tant donn\u00e9 le co\u00fbt n\u00e9cessaire pour y parvenir. Bien s\u00fbr, c&#8217;est un peu sucr\u00e9 et il semble y avoir du halmaddi, mais tout cela apporte juste un peu de confort et de soutien au parfum floral. Compar\u00e9 \u00e0 tous les m\u00e9langes de b\u00e2tonnets roses de diverses entreprises, celui-ci est l\u00e9g\u00e8rement plus authentique et fid\u00e8le au v\u00e9ritable parfum. 15g \u00e0 3 euros pour cela est une v\u00e9ritable affaire, je ne pense m\u00eame pas qu&#8217;il y ait une offre similaire pour ce parfum particulier. Je pourrais ajouter que cela me semble \u00eatre de la m\u00eame lign\u00e9e que le Balsamic Amber et Gold, donc c&#8217;est tout aussi intriguant dans ce sens. \u00bb<\/div>\n<div><\/div>\n<div>**La critique compl\u00e8te est disponible ici.<\/div>\n","protected":false},"excerpt":{"rendered":"<p>Un parfum magnifique de rose reposant sur une base riche de Halmaddi, fid\u00e8le au v\u00e9ritable parfum de rose. Tr\u00e8s doux, il emplit la maison en douceur. L&#8217;un de nos best-sellers, cet encens a re\u00e7u d&#8217;excellents avis clients et des \u00e9loges de l&#8217;Olfactory Rescue Service (ORS).<\/p>\n","protected":false},"featured_media":14204,"comment_status":"open","ping_status":"closed","template":"","meta":[],"product_brand":[],"product_cat":[84,61,85,118],"product_tag":[67],"class_list":{"0":"post-14202","1":"product","2":"type-product","3":"status-publish","4":"has-post-thumbnail","6":"product_cat-exotique-unique","7":"product_cat-floral","8":"product_cat-yoga-fr","9":"product_cat-rose-fr","10":"product_tag-floral-fr-2","12":"first","13":"instock","14":"shipping-taxable","15":"purchasable","16":"product-type-simple"},"yoast_head":"<!-- This site is optimized with the Yoast SEO plugin v27.3 - https:\/\/yoast.com\/product\/yoast-seo-wordpress\/ -->\n<title>Encens de Rose Authentique avec Base de Halmaddi \u2013 Parfum de Rose V\u00e9ritable<\/title>\n<meta name=\"description\" content=\"Immergez votre espace dans le doux parfum durable de rose sur une base riche de Halmaddi. Id\u00e9al pour le travail corporel, les massages et le tantra, cet encens premium emplit la pi\u00e8ce de fra\u00eecheur pendant des heures. Appr\u00e9ci\u00e9 pour son ar\u00f4me floral authentique, il est parfait pour la d\u00e9tente et les environnements de spa !\" \/>\n<meta name=\"robots\" content=\"index, follow, max-snippet:-1, max-image-preview:large, max-video-preview:-1\" \/>\n<link rel=\"canonical\" href=\"https:\/\/bhagwan-incense.com\/fr\/produit\/red-rose-batonnets-dencens\/\" \/>\n<meta property=\"og:locale\" content=\"fr_FR\" \/>\n<meta property=\"og:type\" content=\"article\" \/>\n<meta property=\"og:title\" content=\"Encens de Rose Authentique avec Base de Halmaddi \u2013 Parfum de Rose V\u00e9ritable\" \/>\n<meta property=\"og:description\" content=\"Immergez votre espace dans le doux parfum durable de rose sur une base riche de Halmaddi. Id\u00e9al pour le travail corporel, les massages et le tantra, cet encens premium emplit la pi\u00e8ce de fra\u00eecheur pendant des heures. Appr\u00e9ci\u00e9 pour son ar\u00f4me floral authentique, il est parfait pour la d\u00e9tente et les environnements de spa !\" \/>\n<meta property=\"og:url\" content=\"https:\/\/bhagwan-incense.com\/fr\/produit\/red-rose-batonnets-dencens\/\" \/>\n<meta property=\"og:site_name\" content=\"Bhagwan Incense | EU and Worldwide Shop\" \/>\n<meta property=\"article:publisher\" content=\"https:\/\/www.facebook.com\/profile.php?id=100093081477613&amp;mibextid=ZbWKwLp\" \/>\n<meta property=\"article:modified_time\" content=\"2026-03-27T20:57:39+00:00\" \/>\n<meta property=\"og:image\" content=\"https:\/\/bhagwan-incense.com\/wp-content\/uploads\/2024\/09\/Red-Rose_2-scaled.jpg?wsr\" \/>\n\t<meta property=\"og:image:width\" content=\"1707\" \/>\n\t<meta property=\"og:image:height\" content=\"2560\" \/>\n\t<meta property=\"og:image:type\" content=\"image\/jpeg\" \/>\n<meta name=\"twitter:card\" content=\"summary_large_image\" \/>\n<meta name=\"twitter:label1\" content=\"Dur\u00e9e de lecture estim\u00e9e\" \/>\n\t<meta name=\"twitter:data1\" content=\"2 minutes\" \/>\n<script type=\"application\/ld+json\" class=\"yoast-schema-graph\">{\"@context\":\"https:\\\/\\\/schema.org\",\"@graph\":[{\"@type\":\"WebPage\",\"@id\":\"https:\\\/\\\/bhagwan-incense.com\\\/fr\\\/produit\\\/red-rose-batonnets-dencens\\\/\",\"url\":\"https:\\\/\\\/bhagwan-incense.com\\\/fr\\\/produit\\\/red-rose-batonnets-dencens\\\/\",\"name\":\"Encens de Rose Authentique avec Base de Halmaddi \u2013 Parfum de Rose V\u00e9ritable\",\"isPartOf\":{\"@id\":\"https:\\\/\\\/bhagwan-incense.com\\\/fr\\\/#website\"},\"primaryImageOfPage\":{\"@id\":\"https:\\\/\\\/bhagwan-incense.com\\\/fr\\\/produit\\\/red-rose-batonnets-dencens\\\/#primaryimage\"},\"image\":{\"@id\":\"https:\\\/\\\/bhagwan-incense.com\\\/fr\\\/produit\\\/red-rose-batonnets-dencens\\\/#primaryimage\"},\"thumbnailUrl\":\"https:\\\/\\\/bhagwan-incense.com\\\/wp-content\\\/uploads\\\/2024\\\/09\\\/Red-Rose_2-scaled.jpg?wsr\",\"datePublished\":\"2024-09-12T07:02:38+00:00\",\"dateModified\":\"2026-03-27T20:57:39+00:00\",\"description\":\"Immergez votre espace dans le doux parfum durable de rose sur une base riche de Halmaddi. Id\u00e9al pour le travail corporel, les massages et le tantra, cet encens premium emplit la pi\u00e8ce de fra\u00eecheur pendant des heures. Appr\u00e9ci\u00e9 pour son ar\u00f4me floral authentique, il est parfait pour la d\u00e9tente et les environnements de spa !\",\"breadcrumb\":{\"@id\":\"https:\\\/\\\/bhagwan-incense.com\\\/fr\\\/produit\\\/red-rose-batonnets-dencens\\\/#breadcrumb\"},\"inLanguage\":\"fr-FR\",\"potentialAction\":[{\"@type\":\"ReadAction\",\"target\":[\"https:\\\/\\\/bhagwan-incense.com\\\/fr\\\/produit\\\/red-rose-batonnets-dencens\\\/\"]}]},{\"@type\":\"ImageObject\",\"inLanguage\":\"fr-FR\",\"@id\":\"https:\\\/\\\/bhagwan-incense.com\\\/fr\\\/produit\\\/red-rose-batonnets-dencens\\\/#primaryimage\",\"url\":\"https:\\\/\\\/bhagwan-incense.com\\\/wp-content\\\/uploads\\\/2024\\\/09\\\/Red-Rose_2-scaled.jpg?wsr\",\"contentUrl\":\"https:\\\/\\\/bhagwan-incense.com\\\/wp-content\\\/uploads\\\/2024\\\/09\\\/Red-Rose_2-scaled.jpg?wsr\",\"width\":1707,\"height\":2560},{\"@type\":\"BreadcrumbList\",\"@id\":\"https:\\\/\\\/bhagwan-incense.com\\\/fr\\\/produit\\\/red-rose-batonnets-dencens\\\/#breadcrumb\",\"itemListElement\":[{\"@type\":\"ListItem\",\"position\":1,\"name\":\"Home\",\"item\":\"https:\\\/\\\/bhagwan-incense.com\\\/fr\\\/\"},{\"@type\":\"ListItem\",\"position\":2,\"name\":\"Boutique\",\"item\":\"https:\\\/\\\/bhagwan-incense.com\\\/fr\\\/boutique\\\/\"},{\"@type\":\"ListItem\",\"position\":3,\"name\":\"Rose Rouge B\u00e2tonnets d&#8217;Encens\"}]},{\"@type\":\"WebSite\",\"@id\":\"https:\\\/\\\/bhagwan-incense.com\\\/fr\\\/#website\",\"url\":\"https:\\\/\\\/bhagwan-incense.com\\\/fr\\\/\",\"name\":\"Bhagwan Incense | EU and Worldwide Incense Shop\",\"description\":\"Pure and Natural Incense from India\",\"publisher\":{\"@id\":\"https:\\\/\\\/bhagwan-incense.com\\\/fr\\\/#organization\"},\"potentialAction\":[{\"@type\":\"SearchAction\",\"target\":{\"@type\":\"EntryPoint\",\"urlTemplate\":\"https:\\\/\\\/bhagwan-incense.com\\\/fr\\\/?s={search_term_string}\"},\"query-input\":{\"@type\":\"PropertyValueSpecification\",\"valueRequired\":true,\"valueName\":\"search_term_string\"}}],\"inLanguage\":\"fr-FR\"},{\"@type\":\"Organization\",\"@id\":\"https:\\\/\\\/bhagwan-incense.com\\\/fr\\\/#organization\",\"name\":\"Bhagwan incense\",\"url\":\"https:\\\/\\\/bhagwan-incense.com\\\/fr\\\/\",\"logo\":{\"@type\":\"ImageObject\",\"inLanguage\":\"fr-FR\",\"@id\":\"https:\\\/\\\/bhagwan-incense.com\\\/fr\\\/#\\\/schema\\\/logo\\\/image\\\/\",\"url\":\"https:\\\/\\\/bhagwan-incense.com\\\/wp-content\\\/uploads\\\/2023\\\/06\\\/Logo-black.png\",\"contentUrl\":\"https:\\\/\\\/bhagwan-incense.com\\\/wp-content\\\/uploads\\\/2023\\\/06\\\/Logo-black.png\",\"width\":150,\"height\":150,\"caption\":\"Bhagwan incense\"},\"image\":{\"@id\":\"https:\\\/\\\/bhagwan-incense.com\\\/fr\\\/#\\\/schema\\\/logo\\\/image\\\/\"},\"sameAs\":[\"https:\\\/\\\/www.facebook.com\\\/profile.php?id=100093081477613&mibextid=ZbWKwLp\",\"https:\\\/\\\/www.instagram.com\\\/bhagwan_incense\\\/\"]}]}<\/script>\n<!-- \/ Yoast SEO plugin. -->","yoast_head_json":{"title":"Encens de Rose Authentique avec Base de Halmaddi \u2013 Parfum de Rose V\u00e9ritable","description":"Immergez votre espace dans le doux parfum durable de rose sur une base riche de Halmaddi. Id\u00e9al pour le travail corporel, les massages et le tantra, cet encens premium emplit la pi\u00e8ce de fra\u00eecheur pendant des heures. Appr\u00e9ci\u00e9 pour son ar\u00f4me floral authentique, il est parfait pour la d\u00e9tente et les environnements de spa !","robots":{"index":"index","follow":"follow","max-snippet":"max-snippet:-1","max-image-preview":"max-image-preview:large","max-video-preview":"max-video-preview:-1"},"canonical":"https:\/\/bhagwan-incense.com\/fr\/produit\/red-rose-batonnets-dencens\/","og_locale":"fr_FR","og_type":"article","og_title":"Encens de Rose Authentique avec Base de Halmaddi \u2013 Parfum de Rose V\u00e9ritable","og_description":"Immergez votre espace dans le doux parfum durable de rose sur une base riche de Halmaddi. Id\u00e9al pour le travail corporel, les massages et le tantra, cet encens premium emplit la pi\u00e8ce de fra\u00eecheur pendant des heures. Appr\u00e9ci\u00e9 pour son ar\u00f4me floral authentique, il est parfait pour la d\u00e9tente et les environnements de spa !","og_url":"https:\/\/bhagwan-incense.com\/fr\/produit\/red-rose-batonnets-dencens\/","og_site_name":"Bhagwan Incense | EU and Worldwide Shop","article_publisher":"https:\/\/www.facebook.com\/profile.php?id=100093081477613&mibextid=ZbWKwLp","article_modified_time":"2026-03-27T20:57:39+00:00","og_image":[{"width":1707,"height":2560,"url":"https:\/\/bhagwan-incense.com\/wp-content\/uploads\/2024\/09\/Red-Rose_2-scaled.jpg?wsr","type":"image\/jpeg"}],"twitter_card":"summary_large_image","twitter_misc":{"Dur\u00e9e de lecture estim\u00e9e":"2 minutes"},"schema":{"@context":"https:\/\/schema.org","@graph":[{"@type":"WebPage","@id":"https:\/\/bhagwan-incense.com\/fr\/produit\/red-rose-batonnets-dencens\/","url":"https:\/\/bhagwan-incense.com\/fr\/produit\/red-rose-batonnets-dencens\/","name":"Encens de Rose Authentique avec Base de Halmaddi \u2013 Parfum de Rose V\u00e9ritable","isPartOf":{"@id":"https:\/\/bhagwan-incense.com\/fr\/#website"},"primaryImageOfPage":{"@id":"https:\/\/bhagwan-incense.com\/fr\/produit\/red-rose-batonnets-dencens\/#primaryimage"},"image":{"@id":"https:\/\/bhagwan-incense.com\/fr\/produit\/red-rose-batonnets-dencens\/#primaryimage"},"thumbnailUrl":"https:\/\/bhagwan-incense.com\/wp-content\/uploads\/2024\/09\/Red-Rose_2-scaled.jpg?wsr","datePublished":"2024-09-12T07:02:38+00:00","dateModified":"2026-03-27T20:57:39+00:00","description":"Immergez votre espace dans le doux parfum durable de rose sur une base riche de Halmaddi. Id\u00e9al pour le travail corporel, les massages et le tantra, cet encens premium emplit la pi\u00e8ce de fra\u00eecheur pendant des heures. Appr\u00e9ci\u00e9 pour son ar\u00f4me floral authentique, il est parfait pour la d\u00e9tente et les environnements de spa !","breadcrumb":{"@id":"https:\/\/bhagwan-incense.com\/fr\/produit\/red-rose-batonnets-dencens\/#breadcrumb"},"inLanguage":"fr-FR","potentialAction":[{"@type":"ReadAction","target":["https:\/\/bhagwan-incense.com\/fr\/produit\/red-rose-batonnets-dencens\/"]}]},{"@type":"ImageObject","inLanguage":"fr-FR","@id":"https:\/\/bhagwan-incense.com\/fr\/produit\/red-rose-batonnets-dencens\/#primaryimage","url":"https:\/\/bhagwan-incense.com\/wp-content\/uploads\/2024\/09\/Red-Rose_2-scaled.jpg?wsr","contentUrl":"https:\/\/bhagwan-incense.com\/wp-content\/uploads\/2024\/09\/Red-Rose_2-scaled.jpg?wsr","width":1707,"height":2560},{"@type":"BreadcrumbList","@id":"https:\/\/bhagwan-incense.com\/fr\/produit\/red-rose-batonnets-dencens\/#breadcrumb","itemListElement":[{"@type":"ListItem","position":1,"name":"Home","item":"https:\/\/bhagwan-incense.com\/fr\/"},{"@type":"ListItem","position":2,"name":"Boutique","item":"https:\/\/bhagwan-incense.com\/fr\/boutique\/"},{"@type":"ListItem","position":3,"name":"Rose Rouge B\u00e2tonnets d&#8217;Encens"}]},{"@type":"WebSite","@id":"https:\/\/bhagwan-incense.com\/fr\/#website","url":"https:\/\/bhagwan-incense.com\/fr\/","name":"Bhagwan Incense | EU and Worldwide Incense Shop","description":"Pure and Natural Incense from India","publisher":{"@id":"https:\/\/bhagwan-incense.com\/fr\/#organization"},"potentialAction":[{"@type":"SearchAction","target":{"@type":"EntryPoint","urlTemplate":"https:\/\/bhagwan-incense.com\/fr\/?s={search_term_string}"},"query-input":{"@type":"PropertyValueSpecification","valueRequired":true,"valueName":"search_term_string"}}],"inLanguage":"fr-FR"},{"@type":"Organization","@id":"https:\/\/bhagwan-incense.com\/fr\/#organization","name":"Bhagwan incense","url":"https:\/\/bhagwan-incense.com\/fr\/","logo":{"@type":"ImageObject","inLanguage":"fr-FR","@id":"https:\/\/bhagwan-incense.com\/fr\/#\/schema\/logo\/image\/","url":"https:\/\/bhagwan-incense.com\/wp-content\/uploads\/2023\/06\/Logo-black.png","contentUrl":"https:\/\/bhagwan-incense.com\/wp-content\/uploads\/2023\/06\/Logo-black.png","width":150,"height":150,"caption":"Bhagwan incense"},"image":{"@id":"https:\/\/bhagwan-incense.com\/fr\/#\/schema\/logo\/image\/"},"sameAs":["https:\/\/www.facebook.com\/profile.php?id=100093081477613&mibextid=ZbWKwLp","https:\/\/www.instagram.com\/bhagwan_incense\/"]}]}},"_links":{"self":[{"href":"https:\/\/bhagwan-incense.com\/fr\/wp-json\/wp\/v2\/product\/14202","targetHints":{"allow":["GET"]}}],"collection":[{"href":"https:\/\/bhagwan-incense.com\/fr\/wp-json\/wp\/v2\/product"}],"about":[{"href":"https:\/\/bhagwan-incense.com\/fr\/wp-json\/wp\/v2\/types\/product"}],"replies":[{"embeddable":true,"href":"https:\/\/bhagwan-incense.com\/fr\/wp-json\/wp\/v2\/comments?post=14202"}],"wp:featuredmedia":[{"embeddable":true,"href":"https:\/\/bhagwan-incense.com\/fr\/wp-json\/wp\/v2\/media\/14204"}],"wp:attachment":[{"href":"https:\/\/bhagwan-incense.com\/fr\/wp-json\/wp\/v2\/media?parent=14202"}],"wp:term":[{"taxonomy":"product_brand","embeddable":true,"href":"https:\/\/bhagwan-incense.com\/fr\/wp-json\/wp\/v2\/product_brand?post=14202"},{"taxonomy":"product_cat","embeddable":true,"href":"https:\/\/bhagwan-incense.com\/fr\/wp-json\/wp\/v2\/product_cat?post=14202"},{"taxonomy":"product_tag","embeddable":true,"href":"https:\/\/bhagwan-incense.com\/fr\/wp-json\/wp\/v2\/product_tag?post=14202"}],"curies":[{"name":"wp","href":"https:\/\/api.w.org\/{rel}","templated":true}]}}