{"id":14303,"date":"2024-10-29T20:34:14","date_gmt":"2024-10-29T19:34:14","guid":{"rendered":"https:\/\/bhagwan-incense.com\/?post_type=product&#038;p=14303"},"modified":"2026-03-27T22:47:52","modified_gmt":"2026-03-27T21:47:52","slug":"ocean-flower-batonnets-dencens","status":"publish","type":"product","link":"https:\/\/bhagwan-incense.com\/fr\/produit\/ocean-flower-batonnets-dencens\/","title":{"rendered":"Fleur d&#8217;Oc\u00e9an B\u00e2tonnets d&#8217;Encens"},"content":{"rendered":"<p data-sourcepos=\"3:1-3:423\">Il s&#8217;ouvre sur des notes bois\u00e9es qui \u00e9voluent vers un accord de champaca et de vanille, puis des nuances aquatiques et ozoniques commencent \u00e0 \u00e9merger, se m\u00ealant harmonieusement aux notes de Nag Champa, de miel, de vanille et de f\u00e8ve tonka. C&#8217;est comme une fleur de champaca flottant doucement sur l&#8217;eau. Si vous appr\u00e9ciez notre encens Lotus Queen et nos m\u00e9langes Nag Champa Gold ou Woody Champa, vous adorerez Ocean Flower.<\/p>\n<p data-sourcepos=\"5:1-5:424\">Imaginez naviguer sur votre bateau en bois \u00e0 travers l&#8217;oc\u00e9an, br\u00fblant votre encens pr\u00e9f\u00e9r\u00e9 en m\u00eame temps. Les notes aquatiques et florales se m\u00ealent aux min\u00e9raux de la mer, \u00e0 la chaleur du soleil et au bois du vieux yacht. Un bouquet de fleurs tropicales parfum\u00e9es repose \u00e0 l&#8217;ombre de votre voile \u2014 prenez une profonde inspiration alors que l&#8217;air frais et odorant vous enveloppe comme un nuage. Oc\u00e9an. Fleurs. Bois. Bonheur.<\/p>\n","protected":false},"excerpt":{"rendered":"<p>Un m\u00e9lange doux et d\u00e9licat d&#8217;huiles de lotus bleu et de fleur de champaca reposant sur une base riche de halmaddi avec des nuances bois\u00e9es et cr\u00e9meuses. Cet encens est aquatique et ozonique, avec une chaleur miell\u00e9e \u2014 comme du Nag Champa flottant sur une eau immacul\u00e9e.<\/p>\n","protected":false},"featured_media":15318,"comment_status":"open","ping_status":"closed","template":"","meta":[],"product_brand":[],"product_cat":[61,102,85,106],"product_tag":[67],"class_list":{"0":"post-14303","1":"product","2":"type-product","3":"status-publish","4":"has-post-thumbnail","6":"product_cat-floral","7":"product_cat-frais-vert-et-aquatique","8":"product_cat-yoga-fr","9":"product_cat-selection-exclusive-au-meilleur-prix","10":"product_tag-floral-fr-2","12":"first","13":"instock","14":"shipping-taxable","15":"purchasable","16":"product-type-simple"},"yoast_head":"<!-- This site is optimized with the Yoast SEO plugin v27.4 - https:\/\/yoast.com\/product\/yoast-seo-wordpress\/ -->\n<title>B\u00e2tonnets d&#039;encens Ocean Flower - Parfum Masala Aquatique &amp; Bois\u00e9.<\/title>\n<meta name=\"description\" content=\"D\u00e9couvrez l&#039;ar\u00f4me unique des b\u00e2tonnets d&#039;encens Ocean Flower, avec des notes aquatiques, bois\u00e9es et sucr\u00e9es m\u00e9lang\u00e9es \u00e0 l&#039;oudh, la lavande et l&#039;ambre. Roul\u00e9s \u00e0 la main avec des r\u00e9sines naturelles et des huiles essentielles pour une exp\u00e9rience divine, peu fum\u00e9e et sans produits chimiques.\" \/>\n<meta name=\"robots\" content=\"index, follow, max-snippet:-1, max-image-preview:large, max-video-preview:-1\" \/>\n<link rel=\"canonical\" href=\"https:\/\/bhagwan-incense.com\/fr\/produit\/ocean-flower-batonnets-dencens\/\" \/>\n<meta property=\"og:locale\" content=\"fr_FR\" \/>\n<meta property=\"og:type\" content=\"article\" \/>\n<meta property=\"og:title\" content=\"B\u00e2tonnets d&#039;encens Ocean Flower - Parfum Masala Aquatique &amp; Bois\u00e9.\" \/>\n<meta property=\"og:description\" content=\"D\u00e9couvrez l&#039;ar\u00f4me unique des b\u00e2tonnets d&#039;encens Ocean Flower, avec des notes aquatiques, bois\u00e9es et sucr\u00e9es m\u00e9lang\u00e9es \u00e0 l&#039;oudh, la lavande et l&#039;ambre. Roul\u00e9s \u00e0 la main avec des r\u00e9sines naturelles et des huiles essentielles pour une exp\u00e9rience divine, peu fum\u00e9e et sans produits chimiques.\" \/>\n<meta property=\"og:url\" content=\"https:\/\/bhagwan-incense.com\/fr\/produit\/ocean-flower-batonnets-dencens\/\" \/>\n<meta property=\"og:site_name\" content=\"Bhagwan Incense | EU and Worldwide Shop\" \/>\n<meta property=\"article:publisher\" content=\"https:\/\/www.facebook.com\/profile.php?id=100093081477613&amp;mibextid=ZbWKwLp\" \/>\n<meta property=\"article:modified_time\" content=\"2026-03-27T21:47:52+00:00\" \/>\n<meta property=\"og:image\" content=\"https:\/\/bhagwan-incense.com\/wp-content\/uploads\/2024\/10\/Ocean-Flower_2-1.jpg?wsr\" \/>\n\t<meta property=\"og:image:width\" content=\"853\" \/>\n\t<meta property=\"og:image:height\" content=\"1280\" \/>\n\t<meta property=\"og:image:type\" content=\"image\/jpeg\" \/>\n<meta name=\"twitter:card\" content=\"summary_large_image\" \/>\n<meta name=\"twitter:label1\" content=\"Dur\u00e9e de lecture estim\u00e9e\" \/>\n\t<meta name=\"twitter:data1\" content=\"1 minute\" \/>\n<script type=\"application\/ld+json\" class=\"yoast-schema-graph\">{\"@context\":\"https:\\\/\\\/schema.org\",\"@graph\":[{\"@type\":\"WebPage\",\"@id\":\"https:\\\/\\\/bhagwan-incense.com\\\/fr\\\/produit\\\/ocean-flower-batonnets-dencens\\\/\",\"url\":\"https:\\\/\\\/bhagwan-incense.com\\\/fr\\\/produit\\\/ocean-flower-batonnets-dencens\\\/\",\"name\":\"B\u00e2tonnets d'encens Ocean Flower - Parfum Masala Aquatique & Bois\u00e9.\",\"isPartOf\":{\"@id\":\"https:\\\/\\\/bhagwan-incense.com\\\/fr\\\/#website\"},\"primaryImageOfPage\":{\"@id\":\"https:\\\/\\\/bhagwan-incense.com\\\/fr\\\/produit\\\/ocean-flower-batonnets-dencens\\\/#primaryimage\"},\"image\":{\"@id\":\"https:\\\/\\\/bhagwan-incense.com\\\/fr\\\/produit\\\/ocean-flower-batonnets-dencens\\\/#primaryimage\"},\"thumbnailUrl\":\"https:\\\/\\\/bhagwan-incense.com\\\/wp-content\\\/uploads\\\/2024\\\/10\\\/Ocean-Flower_2-1.jpg?wsr\",\"datePublished\":\"2024-10-29T19:34:14+00:00\",\"dateModified\":\"2026-03-27T21:47:52+00:00\",\"description\":\"D\u00e9couvrez l'ar\u00f4me unique des b\u00e2tonnets d'encens Ocean Flower, avec des notes aquatiques, bois\u00e9es et sucr\u00e9es m\u00e9lang\u00e9es \u00e0 l'oudh, la lavande et l'ambre. Roul\u00e9s \u00e0 la main avec des r\u00e9sines naturelles et des huiles essentielles pour une exp\u00e9rience divine, peu fum\u00e9e et sans produits chimiques.\",\"breadcrumb\":{\"@id\":\"https:\\\/\\\/bhagwan-incense.com\\\/fr\\\/produit\\\/ocean-flower-batonnets-dencens\\\/#breadcrumb\"},\"inLanguage\":\"fr-FR\",\"potentialAction\":[{\"@type\":\"ReadAction\",\"target\":[\"https:\\\/\\\/bhagwan-incense.com\\\/fr\\\/produit\\\/ocean-flower-batonnets-dencens\\\/\"]}]},{\"@type\":\"ImageObject\",\"inLanguage\":\"fr-FR\",\"@id\":\"https:\\\/\\\/bhagwan-incense.com\\\/fr\\\/produit\\\/ocean-flower-batonnets-dencens\\\/#primaryimage\",\"url\":\"https:\\\/\\\/bhagwan-incense.com\\\/wp-content\\\/uploads\\\/2024\\\/10\\\/Ocean-Flower_2-1.jpg?wsr\",\"contentUrl\":\"https:\\\/\\\/bhagwan-incense.com\\\/wp-content\\\/uploads\\\/2024\\\/10\\\/Ocean-Flower_2-1.jpg?wsr\",\"width\":853,\"height\":1280},{\"@type\":\"BreadcrumbList\",\"@id\":\"https:\\\/\\\/bhagwan-incense.com\\\/fr\\\/produit\\\/ocean-flower-batonnets-dencens\\\/#breadcrumb\",\"itemListElement\":[{\"@type\":\"ListItem\",\"position\":1,\"name\":\"Home\",\"item\":\"https:\\\/\\\/bhagwan-incense.com\\\/fr\\\/\"},{\"@type\":\"ListItem\",\"position\":2,\"name\":\"Boutique\",\"item\":\"https:\\\/\\\/bhagwan-incense.com\\\/fr\\\/boutique\\\/\"},{\"@type\":\"ListItem\",\"position\":3,\"name\":\"Fleur d&#8217;Oc\u00e9an B\u00e2tonnets d&#8217;Encens\"}]},{\"@type\":\"WebSite\",\"@id\":\"https:\\\/\\\/bhagwan-incense.com\\\/fr\\\/#website\",\"url\":\"https:\\\/\\\/bhagwan-incense.com\\\/fr\\\/\",\"name\":\"Bhagwan Incense | EU and Worldwide Incense Shop\",\"description\":\"Pure and Natural Incense from India\",\"publisher\":{\"@id\":\"https:\\\/\\\/bhagwan-incense.com\\\/fr\\\/#organization\"},\"potentialAction\":[{\"@type\":\"SearchAction\",\"target\":{\"@type\":\"EntryPoint\",\"urlTemplate\":\"https:\\\/\\\/bhagwan-incense.com\\\/fr\\\/?s={search_term_string}\"},\"query-input\":{\"@type\":\"PropertyValueSpecification\",\"valueRequired\":true,\"valueName\":\"search_term_string\"}}],\"inLanguage\":\"fr-FR\"},{\"@type\":\"Organization\",\"@id\":\"https:\\\/\\\/bhagwan-incense.com\\\/fr\\\/#organization\",\"name\":\"Bhagwan incense\",\"url\":\"https:\\\/\\\/bhagwan-incense.com\\\/fr\\\/\",\"logo\":{\"@type\":\"ImageObject\",\"inLanguage\":\"fr-FR\",\"@id\":\"https:\\\/\\\/bhagwan-incense.com\\\/fr\\\/#\\\/schema\\\/logo\\\/image\\\/\",\"url\":\"https:\\\/\\\/bhagwan-incense.com\\\/wp-content\\\/uploads\\\/2023\\\/06\\\/Logo-black.png\",\"contentUrl\":\"https:\\\/\\\/bhagwan-incense.com\\\/wp-content\\\/uploads\\\/2023\\\/06\\\/Logo-black.png\",\"width\":150,\"height\":150,\"caption\":\"Bhagwan incense\"},\"image\":{\"@id\":\"https:\\\/\\\/bhagwan-incense.com\\\/fr\\\/#\\\/schema\\\/logo\\\/image\\\/\"},\"sameAs\":[\"https:\\\/\\\/www.facebook.com\\\/profile.php?id=100093081477613&mibextid=ZbWKwLp\",\"https:\\\/\\\/www.instagram.com\\\/bhagwan_incense\\\/\"]}]}<\/script>\n<!-- \/ Yoast SEO plugin. -->","yoast_head_json":{"title":"B\u00e2tonnets d'encens Ocean Flower - Parfum Masala Aquatique & Bois\u00e9.","description":"D\u00e9couvrez l'ar\u00f4me unique des b\u00e2tonnets d'encens Ocean Flower, avec des notes aquatiques, bois\u00e9es et sucr\u00e9es m\u00e9lang\u00e9es \u00e0 l'oudh, la lavande et l'ambre. Roul\u00e9s \u00e0 la main avec des r\u00e9sines naturelles et des huiles essentielles pour une exp\u00e9rience divine, peu fum\u00e9e et sans produits chimiques.","robots":{"index":"index","follow":"follow","max-snippet":"max-snippet:-1","max-image-preview":"max-image-preview:large","max-video-preview":"max-video-preview:-1"},"canonical":"https:\/\/bhagwan-incense.com\/fr\/produit\/ocean-flower-batonnets-dencens\/","og_locale":"fr_FR","og_type":"article","og_title":"B\u00e2tonnets d'encens Ocean Flower - Parfum Masala Aquatique & Bois\u00e9.","og_description":"D\u00e9couvrez l'ar\u00f4me unique des b\u00e2tonnets d'encens Ocean Flower, avec des notes aquatiques, bois\u00e9es et sucr\u00e9es m\u00e9lang\u00e9es \u00e0 l'oudh, la lavande et l'ambre. Roul\u00e9s \u00e0 la main avec des r\u00e9sines naturelles et des huiles essentielles pour une exp\u00e9rience divine, peu fum\u00e9e et sans produits chimiques.","og_url":"https:\/\/bhagwan-incense.com\/fr\/produit\/ocean-flower-batonnets-dencens\/","og_site_name":"Bhagwan Incense | EU and Worldwide Shop","article_publisher":"https:\/\/www.facebook.com\/profile.php?id=100093081477613&mibextid=ZbWKwLp","article_modified_time":"2026-03-27T21:47:52+00:00","og_image":[{"width":853,"height":1280,"url":"https:\/\/bhagwan-incense.com\/wp-content\/uploads\/2024\/10\/Ocean-Flower_2-1.jpg?wsr","type":"image\/jpeg"}],"twitter_card":"summary_large_image","twitter_misc":{"Dur\u00e9e de lecture estim\u00e9e":"1 minute"},"schema":{"@context":"https:\/\/schema.org","@graph":[{"@type":"WebPage","@id":"https:\/\/bhagwan-incense.com\/fr\/produit\/ocean-flower-batonnets-dencens\/","url":"https:\/\/bhagwan-incense.com\/fr\/produit\/ocean-flower-batonnets-dencens\/","name":"B\u00e2tonnets d'encens Ocean Flower - Parfum Masala Aquatique & Bois\u00e9.","isPartOf":{"@id":"https:\/\/bhagwan-incense.com\/fr\/#website"},"primaryImageOfPage":{"@id":"https:\/\/bhagwan-incense.com\/fr\/produit\/ocean-flower-batonnets-dencens\/#primaryimage"},"image":{"@id":"https:\/\/bhagwan-incense.com\/fr\/produit\/ocean-flower-batonnets-dencens\/#primaryimage"},"thumbnailUrl":"https:\/\/bhagwan-incense.com\/wp-content\/uploads\/2024\/10\/Ocean-Flower_2-1.jpg?wsr","datePublished":"2024-10-29T19:34:14+00:00","dateModified":"2026-03-27T21:47:52+00:00","description":"D\u00e9couvrez l'ar\u00f4me unique des b\u00e2tonnets d'encens Ocean Flower, avec des notes aquatiques, bois\u00e9es et sucr\u00e9es m\u00e9lang\u00e9es \u00e0 l'oudh, la lavande et l'ambre. Roul\u00e9s \u00e0 la main avec des r\u00e9sines naturelles et des huiles essentielles pour une exp\u00e9rience divine, peu fum\u00e9e et sans produits chimiques.","breadcrumb":{"@id":"https:\/\/bhagwan-incense.com\/fr\/produit\/ocean-flower-batonnets-dencens\/#breadcrumb"},"inLanguage":"fr-FR","potentialAction":[{"@type":"ReadAction","target":["https:\/\/bhagwan-incense.com\/fr\/produit\/ocean-flower-batonnets-dencens\/"]}]},{"@type":"ImageObject","inLanguage":"fr-FR","@id":"https:\/\/bhagwan-incense.com\/fr\/produit\/ocean-flower-batonnets-dencens\/#primaryimage","url":"https:\/\/bhagwan-incense.com\/wp-content\/uploads\/2024\/10\/Ocean-Flower_2-1.jpg?wsr","contentUrl":"https:\/\/bhagwan-incense.com\/wp-content\/uploads\/2024\/10\/Ocean-Flower_2-1.jpg?wsr","width":853,"height":1280},{"@type":"BreadcrumbList","@id":"https:\/\/bhagwan-incense.com\/fr\/produit\/ocean-flower-batonnets-dencens\/#breadcrumb","itemListElement":[{"@type":"ListItem","position":1,"name":"Home","item":"https:\/\/bhagwan-incense.com\/fr\/"},{"@type":"ListItem","position":2,"name":"Boutique","item":"https:\/\/bhagwan-incense.com\/fr\/boutique\/"},{"@type":"ListItem","position":3,"name":"Fleur d&#8217;Oc\u00e9an B\u00e2tonnets d&#8217;Encens"}]},{"@type":"WebSite","@id":"https:\/\/bhagwan-incense.com\/fr\/#website","url":"https:\/\/bhagwan-incense.com\/fr\/","name":"Bhagwan Incense | EU and Worldwide Incense Shop","description":"Pure and Natural Incense from India","publisher":{"@id":"https:\/\/bhagwan-incense.com\/fr\/#organization"},"potentialAction":[{"@type":"SearchAction","target":{"@type":"EntryPoint","urlTemplate":"https:\/\/bhagwan-incense.com\/fr\/?s={search_term_string}"},"query-input":{"@type":"PropertyValueSpecification","valueRequired":true,"valueName":"search_term_string"}}],"inLanguage":"fr-FR"},{"@type":"Organization","@id":"https:\/\/bhagwan-incense.com\/fr\/#organization","name":"Bhagwan incense","url":"https:\/\/bhagwan-incense.com\/fr\/","logo":{"@type":"ImageObject","inLanguage":"fr-FR","@id":"https:\/\/bhagwan-incense.com\/fr\/#\/schema\/logo\/image\/","url":"https:\/\/bhagwan-incense.com\/wp-content\/uploads\/2023\/06\/Logo-black.png","contentUrl":"https:\/\/bhagwan-incense.com\/wp-content\/uploads\/2023\/06\/Logo-black.png","width":150,"height":150,"caption":"Bhagwan incense"},"image":{"@id":"https:\/\/bhagwan-incense.com\/fr\/#\/schema\/logo\/image\/"},"sameAs":["https:\/\/www.facebook.com\/profile.php?id=100093081477613&mibextid=ZbWKwLp","https:\/\/www.instagram.com\/bhagwan_incense\/"]}]}},"_links":{"self":[{"href":"https:\/\/bhagwan-incense.com\/fr\/wp-json\/wp\/v2\/product\/14303","targetHints":{"allow":["GET"]}}],"collection":[{"href":"https:\/\/bhagwan-incense.com\/fr\/wp-json\/wp\/v2\/product"}],"about":[{"href":"https:\/\/bhagwan-incense.com\/fr\/wp-json\/wp\/v2\/types\/product"}],"replies":[{"embeddable":true,"href":"https:\/\/bhagwan-incense.com\/fr\/wp-json\/wp\/v2\/comments?post=14303"}],"wp:featuredmedia":[{"embeddable":true,"href":"https:\/\/bhagwan-incense.com\/fr\/wp-json\/wp\/v2\/media\/15318"}],"wp:attachment":[{"href":"https:\/\/bhagwan-incense.com\/fr\/wp-json\/wp\/v2\/media?parent=14303"}],"wp:term":[{"taxonomy":"product_brand","embeddable":true,"href":"https:\/\/bhagwan-incense.com\/fr\/wp-json\/wp\/v2\/product_brand?post=14303"},{"taxonomy":"product_cat","embeddable":true,"href":"https:\/\/bhagwan-incense.com\/fr\/wp-json\/wp\/v2\/product_cat?post=14303"},{"taxonomy":"product_tag","embeddable":true,"href":"https:\/\/bhagwan-incense.com\/fr\/wp-json\/wp\/v2\/product_tag?post=14303"}],"curies":[{"name":"wp","href":"https:\/\/api.w.org\/{rel}","templated":true}]}}