{"id":14388,"date":"2024-12-14T09:34:37","date_gmt":"2024-12-14T08:34:37","guid":{"rendered":"https:\/\/bhagwan-incense.com\/?post_type=product&#038;p=14388"},"modified":"2026-03-27T22:00:23","modified_gmt":"2026-03-27T21:00:23","slug":"green-rose-batonnets-dencens","status":"publish","type":"product","link":"https:\/\/bhagwan-incense.com\/fr\/produit\/green-rose-batonnets-dencens\/","title":{"rendered":"Rose Verte B\u00e2tonnets d&#8217;Encens"},"content":{"rendered":"<p>Il a un caract\u00e8re jeune et n\u2019est que l\u00e9g\u00e8rement sucr\u00e9 \u2014 frais et vibrant comme une brise matinale. Contrairement \u00e0 d\u2019autres encens \u00e0 la rose verte bon march\u00e9 sur le march\u00e9, nous n\u2019avons pas utilis\u00e9 de charbon pour cr\u00e9er ce chef-d\u2019\u0153uvre, mais plut\u00f4t une poudre de coque de noix de coco m\u00e9lang\u00e9e \u00e0 une pr\u00e9cieuse poudre de bois naturel. En cons\u00e9quence, cet encens d\u00e9gage tr\u00e8s peu de fum\u00e9e et rivalise avec les encens japonais les plus co\u00fbteux. Tr\u00e8s doux, il emplit la maison avec d\u00e9licatesse, fra\u00eecheur et puret\u00e9. Id\u00e9al pour tout type de travail corporel, massage, spa et tantra.<\/p>\n","protected":false},"excerpt":{"rendered":"<p>Un parfum frais de rose verte s\u2019est pos\u00e9 sur une base bois\u00e9e nette et pure. Nous n\u2019avons \u00e9pargn\u00e9 aucune d\u00e9pense pour obtenir la plus pr\u00e9cieuse huile de rose sur le march\u00e9 afin de cr\u00e9er cet encens.<\/p>\n","protected":false},"featured_media":14390,"comment_status":"open","ping_status":"closed","template":"","meta":[],"product_brand":[],"product_cat":[61,102,85,118],"product_tag":[67],"class_list":{"0":"post-14388","1":"product","2":"type-product","3":"status-publish","4":"has-post-thumbnail","6":"product_cat-floral","7":"product_cat-frais-vert-et-aquatique","8":"product_cat-yoga-fr","9":"product_cat-rose-fr","10":"product_tag-floral-fr-2","12":"first","13":"instock","14":"shipping-taxable","15":"purchasable","16":"product-type-simple"},"yoast_head":"<!-- This site is optimized with the Yoast SEO plugin v27.4 - https:\/\/yoast.com\/product\/yoast-seo-wordpress\/ -->\n<title>Encens Premium \u00e0 la Rose Verte \u2013 Frais, Vibrant et Faible en Fum\u00e9e<\/title>\n<meta name=\"description\" content=\"D\u00e9couvrez un parfum frais de rose verte sur une base bois\u00e9e, con\u00e7u avec la plus fine huile de rose. Notre encens \u00e0 faible \u00e9mission de fum\u00e9e, fabriqu\u00e9 \u00e0 partir de poudre de coque de noix de coco et de bois naturel, rivalise avec les encens japonais haut de gamme.\" \/>\n<meta name=\"robots\" content=\"index, follow, max-snippet:-1, max-image-preview:large, max-video-preview:-1\" \/>\n<link rel=\"canonical\" href=\"https:\/\/bhagwan-incense.com\/fr\/produit\/green-rose-batonnets-dencens\/\" \/>\n<meta property=\"og:locale\" content=\"fr_FR\" \/>\n<meta property=\"og:type\" content=\"article\" \/>\n<meta property=\"og:title\" content=\"Encens Premium \u00e0 la Rose Verte \u2013 Frais, Vibrant et Faible en Fum\u00e9e\" \/>\n<meta property=\"og:description\" content=\"D\u00e9couvrez un parfum frais de rose verte sur une base bois\u00e9e, con\u00e7u avec la plus fine huile de rose. Notre encens \u00e0 faible \u00e9mission de fum\u00e9e, fabriqu\u00e9 \u00e0 partir de poudre de coque de noix de coco et de bois naturel, rivalise avec les encens japonais haut de gamme.\" \/>\n<meta property=\"og:url\" content=\"https:\/\/bhagwan-incense.com\/fr\/produit\/green-rose-batonnets-dencens\/\" \/>\n<meta property=\"og:site_name\" content=\"Bhagwan Incense | EU and Worldwide Shop\" \/>\n<meta property=\"article:publisher\" content=\"https:\/\/www.facebook.com\/profile.php?id=100093081477613&amp;mibextid=ZbWKwLp\" \/>\n<meta property=\"article:modified_time\" content=\"2026-03-27T21:00:23+00:00\" \/>\n<meta property=\"og:image\" content=\"https:\/\/bhagwan-incense.com\/wp-content\/uploads\/2024\/12\/IMG_0035_1-scaled.jpg?wsr\" \/>\n\t<meta property=\"og:image:width\" content=\"1707\" \/>\n\t<meta property=\"og:image:height\" content=\"2560\" \/>\n\t<meta property=\"og:image:type\" content=\"image\/jpeg\" \/>\n<meta name=\"twitter:card\" content=\"summary_large_image\" \/>\n<meta name=\"twitter:label1\" content=\"Dur\u00e9e de lecture estim\u00e9e\" \/>\n\t<meta name=\"twitter:data1\" content=\"1 minute\" \/>\n<script type=\"application\/ld+json\" class=\"yoast-schema-graph\">{\"@context\":\"https:\\\/\\\/schema.org\",\"@graph\":[{\"@type\":\"WebPage\",\"@id\":\"https:\\\/\\\/bhagwan-incense.com\\\/fr\\\/produit\\\/green-rose-batonnets-dencens\\\/\",\"url\":\"https:\\\/\\\/bhagwan-incense.com\\\/fr\\\/produit\\\/green-rose-batonnets-dencens\\\/\",\"name\":\"Encens Premium \u00e0 la Rose Verte \u2013 Frais, Vibrant et Faible en Fum\u00e9e\",\"isPartOf\":{\"@id\":\"https:\\\/\\\/bhagwan-incense.com\\\/fr\\\/#website\"},\"primaryImageOfPage\":{\"@id\":\"https:\\\/\\\/bhagwan-incense.com\\\/fr\\\/produit\\\/green-rose-batonnets-dencens\\\/#primaryimage\"},\"image\":{\"@id\":\"https:\\\/\\\/bhagwan-incense.com\\\/fr\\\/produit\\\/green-rose-batonnets-dencens\\\/#primaryimage\"},\"thumbnailUrl\":\"https:\\\/\\\/bhagwan-incense.com\\\/wp-content\\\/uploads\\\/2024\\\/12\\\/IMG_0035_1-scaled.jpg?wsr\",\"datePublished\":\"2024-12-14T08:34:37+00:00\",\"dateModified\":\"2026-03-27T21:00:23+00:00\",\"description\":\"D\u00e9couvrez un parfum frais de rose verte sur une base bois\u00e9e, con\u00e7u avec la plus fine huile de rose. Notre encens \u00e0 faible \u00e9mission de fum\u00e9e, fabriqu\u00e9 \u00e0 partir de poudre de coque de noix de coco et de bois naturel, rivalise avec les encens japonais haut de gamme.\",\"breadcrumb\":{\"@id\":\"https:\\\/\\\/bhagwan-incense.com\\\/fr\\\/produit\\\/green-rose-batonnets-dencens\\\/#breadcrumb\"},\"inLanguage\":\"fr-FR\",\"potentialAction\":[{\"@type\":\"ReadAction\",\"target\":[\"https:\\\/\\\/bhagwan-incense.com\\\/fr\\\/produit\\\/green-rose-batonnets-dencens\\\/\"]}]},{\"@type\":\"ImageObject\",\"inLanguage\":\"fr-FR\",\"@id\":\"https:\\\/\\\/bhagwan-incense.com\\\/fr\\\/produit\\\/green-rose-batonnets-dencens\\\/#primaryimage\",\"url\":\"https:\\\/\\\/bhagwan-incense.com\\\/wp-content\\\/uploads\\\/2024\\\/12\\\/IMG_0035_1-scaled.jpg?wsr\",\"contentUrl\":\"https:\\\/\\\/bhagwan-incense.com\\\/wp-content\\\/uploads\\\/2024\\\/12\\\/IMG_0035_1-scaled.jpg?wsr\",\"width\":1707,\"height\":2560},{\"@type\":\"BreadcrumbList\",\"@id\":\"https:\\\/\\\/bhagwan-incense.com\\\/fr\\\/produit\\\/green-rose-batonnets-dencens\\\/#breadcrumb\",\"itemListElement\":[{\"@type\":\"ListItem\",\"position\":1,\"name\":\"Home\",\"item\":\"https:\\\/\\\/bhagwan-incense.com\\\/fr\\\/\"},{\"@type\":\"ListItem\",\"position\":2,\"name\":\"Boutique\",\"item\":\"https:\\\/\\\/bhagwan-incense.com\\\/fr\\\/boutique\\\/\"},{\"@type\":\"ListItem\",\"position\":3,\"name\":\"Rose Verte B\u00e2tonnets d&#8217;Encens\"}]},{\"@type\":\"WebSite\",\"@id\":\"https:\\\/\\\/bhagwan-incense.com\\\/fr\\\/#website\",\"url\":\"https:\\\/\\\/bhagwan-incense.com\\\/fr\\\/\",\"name\":\"Bhagwan Incense | EU and Worldwide Incense Shop\",\"description\":\"Pure and Natural Incense from India\",\"publisher\":{\"@id\":\"https:\\\/\\\/bhagwan-incense.com\\\/fr\\\/#organization\"},\"potentialAction\":[{\"@type\":\"SearchAction\",\"target\":{\"@type\":\"EntryPoint\",\"urlTemplate\":\"https:\\\/\\\/bhagwan-incense.com\\\/fr\\\/?s={search_term_string}\"},\"query-input\":{\"@type\":\"PropertyValueSpecification\",\"valueRequired\":true,\"valueName\":\"search_term_string\"}}],\"inLanguage\":\"fr-FR\"},{\"@type\":\"Organization\",\"@id\":\"https:\\\/\\\/bhagwan-incense.com\\\/fr\\\/#organization\",\"name\":\"Bhagwan incense\",\"url\":\"https:\\\/\\\/bhagwan-incense.com\\\/fr\\\/\",\"logo\":{\"@type\":\"ImageObject\",\"inLanguage\":\"fr-FR\",\"@id\":\"https:\\\/\\\/bhagwan-incense.com\\\/fr\\\/#\\\/schema\\\/logo\\\/image\\\/\",\"url\":\"https:\\\/\\\/bhagwan-incense.com\\\/wp-content\\\/uploads\\\/2023\\\/06\\\/Logo-black.png\",\"contentUrl\":\"https:\\\/\\\/bhagwan-incense.com\\\/wp-content\\\/uploads\\\/2023\\\/06\\\/Logo-black.png\",\"width\":150,\"height\":150,\"caption\":\"Bhagwan incense\"},\"image\":{\"@id\":\"https:\\\/\\\/bhagwan-incense.com\\\/fr\\\/#\\\/schema\\\/logo\\\/image\\\/\"},\"sameAs\":[\"https:\\\/\\\/www.facebook.com\\\/profile.php?id=100093081477613&mibextid=ZbWKwLp\",\"https:\\\/\\\/www.instagram.com\\\/bhagwan_incense\\\/\"]}]}<\/script>\n<!-- \/ Yoast SEO plugin. -->","yoast_head_json":{"title":"Encens Premium \u00e0 la Rose Verte \u2013 Frais, Vibrant et Faible en Fum\u00e9e","description":"D\u00e9couvrez un parfum frais de rose verte sur une base bois\u00e9e, con\u00e7u avec la plus fine huile de rose. Notre encens \u00e0 faible \u00e9mission de fum\u00e9e, fabriqu\u00e9 \u00e0 partir de poudre de coque de noix de coco et de bois naturel, rivalise avec les encens japonais haut de gamme.","robots":{"index":"index","follow":"follow","max-snippet":"max-snippet:-1","max-image-preview":"max-image-preview:large","max-video-preview":"max-video-preview:-1"},"canonical":"https:\/\/bhagwan-incense.com\/fr\/produit\/green-rose-batonnets-dencens\/","og_locale":"fr_FR","og_type":"article","og_title":"Encens Premium \u00e0 la Rose Verte \u2013 Frais, Vibrant et Faible en Fum\u00e9e","og_description":"D\u00e9couvrez un parfum frais de rose verte sur une base bois\u00e9e, con\u00e7u avec la plus fine huile de rose. Notre encens \u00e0 faible \u00e9mission de fum\u00e9e, fabriqu\u00e9 \u00e0 partir de poudre de coque de noix de coco et de bois naturel, rivalise avec les encens japonais haut de gamme.","og_url":"https:\/\/bhagwan-incense.com\/fr\/produit\/green-rose-batonnets-dencens\/","og_site_name":"Bhagwan Incense | EU and Worldwide Shop","article_publisher":"https:\/\/www.facebook.com\/profile.php?id=100093081477613&mibextid=ZbWKwLp","article_modified_time":"2026-03-27T21:00:23+00:00","og_image":[{"width":1707,"height":2560,"url":"https:\/\/bhagwan-incense.com\/wp-content\/uploads\/2024\/12\/IMG_0035_1-scaled.jpg?wsr","type":"image\/jpeg"}],"twitter_card":"summary_large_image","twitter_misc":{"Dur\u00e9e de lecture estim\u00e9e":"1 minute"},"schema":{"@context":"https:\/\/schema.org","@graph":[{"@type":"WebPage","@id":"https:\/\/bhagwan-incense.com\/fr\/produit\/green-rose-batonnets-dencens\/","url":"https:\/\/bhagwan-incense.com\/fr\/produit\/green-rose-batonnets-dencens\/","name":"Encens Premium \u00e0 la Rose Verte \u2013 Frais, Vibrant et Faible en Fum\u00e9e","isPartOf":{"@id":"https:\/\/bhagwan-incense.com\/fr\/#website"},"primaryImageOfPage":{"@id":"https:\/\/bhagwan-incense.com\/fr\/produit\/green-rose-batonnets-dencens\/#primaryimage"},"image":{"@id":"https:\/\/bhagwan-incense.com\/fr\/produit\/green-rose-batonnets-dencens\/#primaryimage"},"thumbnailUrl":"https:\/\/bhagwan-incense.com\/wp-content\/uploads\/2024\/12\/IMG_0035_1-scaled.jpg?wsr","datePublished":"2024-12-14T08:34:37+00:00","dateModified":"2026-03-27T21:00:23+00:00","description":"D\u00e9couvrez un parfum frais de rose verte sur une base bois\u00e9e, con\u00e7u avec la plus fine huile de rose. Notre encens \u00e0 faible \u00e9mission de fum\u00e9e, fabriqu\u00e9 \u00e0 partir de poudre de coque de noix de coco et de bois naturel, rivalise avec les encens japonais haut de gamme.","breadcrumb":{"@id":"https:\/\/bhagwan-incense.com\/fr\/produit\/green-rose-batonnets-dencens\/#breadcrumb"},"inLanguage":"fr-FR","potentialAction":[{"@type":"ReadAction","target":["https:\/\/bhagwan-incense.com\/fr\/produit\/green-rose-batonnets-dencens\/"]}]},{"@type":"ImageObject","inLanguage":"fr-FR","@id":"https:\/\/bhagwan-incense.com\/fr\/produit\/green-rose-batonnets-dencens\/#primaryimage","url":"https:\/\/bhagwan-incense.com\/wp-content\/uploads\/2024\/12\/IMG_0035_1-scaled.jpg?wsr","contentUrl":"https:\/\/bhagwan-incense.com\/wp-content\/uploads\/2024\/12\/IMG_0035_1-scaled.jpg?wsr","width":1707,"height":2560},{"@type":"BreadcrumbList","@id":"https:\/\/bhagwan-incense.com\/fr\/produit\/green-rose-batonnets-dencens\/#breadcrumb","itemListElement":[{"@type":"ListItem","position":1,"name":"Home","item":"https:\/\/bhagwan-incense.com\/fr\/"},{"@type":"ListItem","position":2,"name":"Boutique","item":"https:\/\/bhagwan-incense.com\/fr\/boutique\/"},{"@type":"ListItem","position":3,"name":"Rose Verte B\u00e2tonnets d&#8217;Encens"}]},{"@type":"WebSite","@id":"https:\/\/bhagwan-incense.com\/fr\/#website","url":"https:\/\/bhagwan-incense.com\/fr\/","name":"Bhagwan Incense | EU and Worldwide Incense Shop","description":"Pure and Natural Incense from India","publisher":{"@id":"https:\/\/bhagwan-incense.com\/fr\/#organization"},"potentialAction":[{"@type":"SearchAction","target":{"@type":"EntryPoint","urlTemplate":"https:\/\/bhagwan-incense.com\/fr\/?s={search_term_string}"},"query-input":{"@type":"PropertyValueSpecification","valueRequired":true,"valueName":"search_term_string"}}],"inLanguage":"fr-FR"},{"@type":"Organization","@id":"https:\/\/bhagwan-incense.com\/fr\/#organization","name":"Bhagwan incense","url":"https:\/\/bhagwan-incense.com\/fr\/","logo":{"@type":"ImageObject","inLanguage":"fr-FR","@id":"https:\/\/bhagwan-incense.com\/fr\/#\/schema\/logo\/image\/","url":"https:\/\/bhagwan-incense.com\/wp-content\/uploads\/2023\/06\/Logo-black.png","contentUrl":"https:\/\/bhagwan-incense.com\/wp-content\/uploads\/2023\/06\/Logo-black.png","width":150,"height":150,"caption":"Bhagwan incense"},"image":{"@id":"https:\/\/bhagwan-incense.com\/fr\/#\/schema\/logo\/image\/"},"sameAs":["https:\/\/www.facebook.com\/profile.php?id=100093081477613&mibextid=ZbWKwLp","https:\/\/www.instagram.com\/bhagwan_incense\/"]}]}},"_links":{"self":[{"href":"https:\/\/bhagwan-incense.com\/fr\/wp-json\/wp\/v2\/product\/14388","targetHints":{"allow":["GET"]}}],"collection":[{"href":"https:\/\/bhagwan-incense.com\/fr\/wp-json\/wp\/v2\/product"}],"about":[{"href":"https:\/\/bhagwan-incense.com\/fr\/wp-json\/wp\/v2\/types\/product"}],"replies":[{"embeddable":true,"href":"https:\/\/bhagwan-incense.com\/fr\/wp-json\/wp\/v2\/comments?post=14388"}],"wp:featuredmedia":[{"embeddable":true,"href":"https:\/\/bhagwan-incense.com\/fr\/wp-json\/wp\/v2\/media\/14390"}],"wp:attachment":[{"href":"https:\/\/bhagwan-incense.com\/fr\/wp-json\/wp\/v2\/media?parent=14388"}],"wp:term":[{"taxonomy":"product_brand","embeddable":true,"href":"https:\/\/bhagwan-incense.com\/fr\/wp-json\/wp\/v2\/product_brand?post=14388"},{"taxonomy":"product_cat","embeddable":true,"href":"https:\/\/bhagwan-incense.com\/fr\/wp-json\/wp\/v2\/product_cat?post=14388"},{"taxonomy":"product_tag","embeddable":true,"href":"https:\/\/bhagwan-incense.com\/fr\/wp-json\/wp\/v2\/product_tag?post=14388"}],"curies":[{"name":"wp","href":"https:\/\/api.w.org\/{rel}","templated":true}]}}