{"id":14407,"date":"2024-12-22T16:34:20","date_gmt":"2024-12-22T15:34:20","guid":{"rendered":"https:\/\/bhagwan-incense.com\/?post_type=product&#038;p=14407"},"modified":"2026-03-27T22:34:23","modified_gmt":"2026-03-27T21:34:23","slug":"soufi-oud-batonnets-dencens","status":"publish","type":"product","link":"https:\/\/bhagwan-incense.com\/fr\/produit\/soufi-oud-batonnets-dencens\/","title":{"rendered":"Soufi Oud B\u00e2tonnets d&#8217;Encens"},"content":{"rendered":"<p>Cet oud de qualit\u00e9 sup\u00e9rieure est habilement associ\u00e9 \u00e0 l\u2019huile de c\u00e8dre d\u00e9odar (Cedrus deodara), un arbre originaire de l\u2019Himalaya et pr\u00e9sent dans l\u2019Hindu Kush. Le nom \u00ab d\u00e9odar \u00bb provient du sanskrit et signifie \u00ab bois des dieux \u00bb. Ce m\u00e9lange complexe offre un bouquet d\u2019oud avec des notes de cuir et de c\u00e8dre, sur une base riche en halmaddi.<\/p>\n<p>Profond et myst\u00e9rieux, il rend hommage \u00e0 la sagesse intemporelle des Khwajagan \u2013 un r\u00e9seau de soufis d\u2019Asie centrale du Xe au XVIe si\u00e8cle, souvent int\u00e9gr\u00e9s dans les hi\u00e9rarchies naqshbandies ult\u00e9rieures, ainsi que dans d&#8217;autres groupes soufis comme les Yasaviyya. G. Bennett, un mystique britannique renomm\u00e9 et chercheur spirituel, disciple de G.I. Gurdjieff, a \u00e9crit un ouvrage intitul\u00e9 <em>Masters of Wisdom<\/em>, d\u00e9di\u00e9 au travail de ces ordres soufis au service de l\u2019humanit\u00e9. Nous vous le recommandons vivement.<\/p>\n","protected":false},"excerpt":{"rendered":"<p>Un nectar mystique soufi. Il contient du bois d\u2019agar de la plus haute qualit\u00e9, sublim\u00e9 par des notes de c\u00e8dre de l\u2019Himalaya provenant des montagnes de l\u2019Hindu Kush \u2013 lieu abritant des \u00e9coles soufies cach\u00e9es, d\u00e9crites avec vivacit\u00e9 par Idries Shah.<\/p>\n","protected":false},"featured_media":14409,"comment_status":"open","ping_status":"closed","template":"","meta":[],"product_brand":[],"product_cat":[60,84,63],"product_tag":[75,72,73],"class_list":{"0":"post-14407","1":"product","2":"type-product","3":"status-publish","4":"has-post-thumbnail","6":"product_cat-boise","7":"product_cat-exotique-unique","8":"product_cat-oud","9":"product_tag-boise","10":"product_tag-oriental-fr","11":"product_tag-resineux","13":"first","14":"instock","15":"shipping-taxable","16":"purchasable","17":"product-type-simple"},"yoast_head":"<!-- This site is optimized with the Yoast SEO plugin v27.4 - https:\/\/yoast.com\/product\/yoast-seo-wordpress\/ -->\n<title>Oud Mystique Inspir\u00e9 par les Traditions Soufies d&#039;Asie Centrale | Sagesse Intemporelle \u00e0 Chaque Note<\/title>\n<meta name=\"description\" content=\"D\u00e9couvrez un m\u00e9lange d\u2019oud mystique inspir\u00e9 par les soufis d\u2019Asie centrale. Avec du bois d\u2019agar de qualit\u00e9 sup\u00e9rieure, de l\u2019huile de c\u00e8dre d\u00e9odar et du halmaddi, cet encens \u00e9voque une sagesse intemporelle avec des notes de cuir et de c\u00e8dre. Parfait pour les chercheurs de profondeur spirituelle.\" \/>\n<meta name=\"robots\" content=\"index, follow, max-snippet:-1, max-image-preview:large, max-video-preview:-1\" \/>\n<link rel=\"canonical\" href=\"https:\/\/bhagwan-incense.com\/fr\/produit\/soufi-oud-batonnets-dencens\/\" \/>\n<meta property=\"og:locale\" content=\"fr_FR\" \/>\n<meta property=\"og:type\" content=\"article\" \/>\n<meta property=\"og:title\" content=\"Oud Mystique Inspir\u00e9 par les Traditions Soufies d&#039;Asie Centrale | Sagesse Intemporelle \u00e0 Chaque Note\" \/>\n<meta property=\"og:description\" content=\"D\u00e9couvrez un m\u00e9lange d\u2019oud mystique inspir\u00e9 par les soufis d\u2019Asie centrale. Avec du bois d\u2019agar de qualit\u00e9 sup\u00e9rieure, de l\u2019huile de c\u00e8dre d\u00e9odar et du halmaddi, cet encens \u00e9voque une sagesse intemporelle avec des notes de cuir et de c\u00e8dre. Parfait pour les chercheurs de profondeur spirituelle.\" \/>\n<meta property=\"og:url\" content=\"https:\/\/bhagwan-incense.com\/fr\/produit\/soufi-oud-batonnets-dencens\/\" \/>\n<meta property=\"og:site_name\" content=\"Bhagwan Incense | EU and Worldwide Shop\" \/>\n<meta property=\"article:publisher\" content=\"https:\/\/www.facebook.com\/profile.php?id=100093081477613&amp;mibextid=ZbWKwLp\" \/>\n<meta property=\"article:modified_time\" content=\"2026-03-27T21:34:23+00:00\" \/>\n<meta property=\"og:image\" content=\"https:\/\/bhagwan-incense.com\/wp-content\/uploads\/2024\/12\/IMG_0030.jpg?wsr\" \/>\n\t<meta property=\"og:image:width\" content=\"777\" \/>\n\t<meta property=\"og:image:height\" content=\"1164\" \/>\n\t<meta property=\"og:image:type\" content=\"image\/jpeg\" \/>\n<meta name=\"twitter:card\" content=\"summary_large_image\" \/>\n<meta name=\"twitter:label1\" content=\"Dur\u00e9e de lecture estim\u00e9e\" \/>\n\t<meta name=\"twitter:data1\" content=\"1 minute\" \/>\n<script type=\"application\/ld+json\" class=\"yoast-schema-graph\">{\"@context\":\"https:\\\/\\\/schema.org\",\"@graph\":[{\"@type\":\"WebPage\",\"@id\":\"https:\\\/\\\/bhagwan-incense.com\\\/fr\\\/produit\\\/soufi-oud-batonnets-dencens\\\/\",\"url\":\"https:\\\/\\\/bhagwan-incense.com\\\/fr\\\/produit\\\/soufi-oud-batonnets-dencens\\\/\",\"name\":\"Oud Mystique Inspir\u00e9 par les Traditions Soufies d'Asie Centrale | Sagesse Intemporelle \u00e0 Chaque Note\",\"isPartOf\":{\"@id\":\"https:\\\/\\\/bhagwan-incense.com\\\/fr\\\/#website\"},\"primaryImageOfPage\":{\"@id\":\"https:\\\/\\\/bhagwan-incense.com\\\/fr\\\/produit\\\/soufi-oud-batonnets-dencens\\\/#primaryimage\"},\"image\":{\"@id\":\"https:\\\/\\\/bhagwan-incense.com\\\/fr\\\/produit\\\/soufi-oud-batonnets-dencens\\\/#primaryimage\"},\"thumbnailUrl\":\"https:\\\/\\\/bhagwan-incense.com\\\/wp-content\\\/uploads\\\/2024\\\/12\\\/IMG_0030.jpg?wsr\",\"datePublished\":\"2024-12-22T15:34:20+00:00\",\"dateModified\":\"2026-03-27T21:34:23+00:00\",\"description\":\"D\u00e9couvrez un m\u00e9lange d\u2019oud mystique inspir\u00e9 par les soufis d\u2019Asie centrale. Avec du bois d\u2019agar de qualit\u00e9 sup\u00e9rieure, de l\u2019huile de c\u00e8dre d\u00e9odar et du halmaddi, cet encens \u00e9voque une sagesse intemporelle avec des notes de cuir et de c\u00e8dre. Parfait pour les chercheurs de profondeur spirituelle.\",\"breadcrumb\":{\"@id\":\"https:\\\/\\\/bhagwan-incense.com\\\/fr\\\/produit\\\/soufi-oud-batonnets-dencens\\\/#breadcrumb\"},\"inLanguage\":\"fr-FR\",\"potentialAction\":[{\"@type\":\"ReadAction\",\"target\":[\"https:\\\/\\\/bhagwan-incense.com\\\/fr\\\/produit\\\/soufi-oud-batonnets-dencens\\\/\"]}]},{\"@type\":\"ImageObject\",\"inLanguage\":\"fr-FR\",\"@id\":\"https:\\\/\\\/bhagwan-incense.com\\\/fr\\\/produit\\\/soufi-oud-batonnets-dencens\\\/#primaryimage\",\"url\":\"https:\\\/\\\/bhagwan-incense.com\\\/wp-content\\\/uploads\\\/2024\\\/12\\\/IMG_0030.jpg?wsr\",\"contentUrl\":\"https:\\\/\\\/bhagwan-incense.com\\\/wp-content\\\/uploads\\\/2024\\\/12\\\/IMG_0030.jpg?wsr\",\"width\":777,\"height\":1164},{\"@type\":\"BreadcrumbList\",\"@id\":\"https:\\\/\\\/bhagwan-incense.com\\\/fr\\\/produit\\\/soufi-oud-batonnets-dencens\\\/#breadcrumb\",\"itemListElement\":[{\"@type\":\"ListItem\",\"position\":1,\"name\":\"Home\",\"item\":\"https:\\\/\\\/bhagwan-incense.com\\\/fr\\\/\"},{\"@type\":\"ListItem\",\"position\":2,\"name\":\"Boutique\",\"item\":\"https:\\\/\\\/bhagwan-incense.com\\\/fr\\\/boutique\\\/\"},{\"@type\":\"ListItem\",\"position\":3,\"name\":\"Soufi Oud B\u00e2tonnets d&#8217;Encens\"}]},{\"@type\":\"WebSite\",\"@id\":\"https:\\\/\\\/bhagwan-incense.com\\\/fr\\\/#website\",\"url\":\"https:\\\/\\\/bhagwan-incense.com\\\/fr\\\/\",\"name\":\"Bhagwan Incense | EU and Worldwide Incense Shop\",\"description\":\"Pure and Natural Incense from India\",\"publisher\":{\"@id\":\"https:\\\/\\\/bhagwan-incense.com\\\/fr\\\/#organization\"},\"potentialAction\":[{\"@type\":\"SearchAction\",\"target\":{\"@type\":\"EntryPoint\",\"urlTemplate\":\"https:\\\/\\\/bhagwan-incense.com\\\/fr\\\/?s={search_term_string}\"},\"query-input\":{\"@type\":\"PropertyValueSpecification\",\"valueRequired\":true,\"valueName\":\"search_term_string\"}}],\"inLanguage\":\"fr-FR\"},{\"@type\":\"Organization\",\"@id\":\"https:\\\/\\\/bhagwan-incense.com\\\/fr\\\/#organization\",\"name\":\"Bhagwan incense\",\"url\":\"https:\\\/\\\/bhagwan-incense.com\\\/fr\\\/\",\"logo\":{\"@type\":\"ImageObject\",\"inLanguage\":\"fr-FR\",\"@id\":\"https:\\\/\\\/bhagwan-incense.com\\\/fr\\\/#\\\/schema\\\/logo\\\/image\\\/\",\"url\":\"https:\\\/\\\/bhagwan-incense.com\\\/wp-content\\\/uploads\\\/2023\\\/06\\\/Logo-black.png\",\"contentUrl\":\"https:\\\/\\\/bhagwan-incense.com\\\/wp-content\\\/uploads\\\/2023\\\/06\\\/Logo-black.png\",\"width\":150,\"height\":150,\"caption\":\"Bhagwan incense\"},\"image\":{\"@id\":\"https:\\\/\\\/bhagwan-incense.com\\\/fr\\\/#\\\/schema\\\/logo\\\/image\\\/\"},\"sameAs\":[\"https:\\\/\\\/www.facebook.com\\\/profile.php?id=100093081477613&mibextid=ZbWKwLp\",\"https:\\\/\\\/www.instagram.com\\\/bhagwan_incense\\\/\"]}]}<\/script>\n<!-- \/ Yoast SEO plugin. -->","yoast_head_json":{"title":"Oud Mystique Inspir\u00e9 par les Traditions Soufies d'Asie Centrale | Sagesse Intemporelle \u00e0 Chaque Note","description":"D\u00e9couvrez un m\u00e9lange d\u2019oud mystique inspir\u00e9 par les soufis d\u2019Asie centrale. Avec du bois d\u2019agar de qualit\u00e9 sup\u00e9rieure, de l\u2019huile de c\u00e8dre d\u00e9odar et du halmaddi, cet encens \u00e9voque une sagesse intemporelle avec des notes de cuir et de c\u00e8dre. Parfait pour les chercheurs de profondeur spirituelle.","robots":{"index":"index","follow":"follow","max-snippet":"max-snippet:-1","max-image-preview":"max-image-preview:large","max-video-preview":"max-video-preview:-1"},"canonical":"https:\/\/bhagwan-incense.com\/fr\/produit\/soufi-oud-batonnets-dencens\/","og_locale":"fr_FR","og_type":"article","og_title":"Oud Mystique Inspir\u00e9 par les Traditions Soufies d'Asie Centrale | Sagesse Intemporelle \u00e0 Chaque Note","og_description":"D\u00e9couvrez un m\u00e9lange d\u2019oud mystique inspir\u00e9 par les soufis d\u2019Asie centrale. Avec du bois d\u2019agar de qualit\u00e9 sup\u00e9rieure, de l\u2019huile de c\u00e8dre d\u00e9odar et du halmaddi, cet encens \u00e9voque une sagesse intemporelle avec des notes de cuir et de c\u00e8dre. Parfait pour les chercheurs de profondeur spirituelle.","og_url":"https:\/\/bhagwan-incense.com\/fr\/produit\/soufi-oud-batonnets-dencens\/","og_site_name":"Bhagwan Incense | EU and Worldwide Shop","article_publisher":"https:\/\/www.facebook.com\/profile.php?id=100093081477613&mibextid=ZbWKwLp","article_modified_time":"2026-03-27T21:34:23+00:00","og_image":[{"width":777,"height":1164,"url":"https:\/\/bhagwan-incense.com\/wp-content\/uploads\/2024\/12\/IMG_0030.jpg?wsr","type":"image\/jpeg"}],"twitter_card":"summary_large_image","twitter_misc":{"Dur\u00e9e de lecture estim\u00e9e":"1 minute"},"schema":{"@context":"https:\/\/schema.org","@graph":[{"@type":"WebPage","@id":"https:\/\/bhagwan-incense.com\/fr\/produit\/soufi-oud-batonnets-dencens\/","url":"https:\/\/bhagwan-incense.com\/fr\/produit\/soufi-oud-batonnets-dencens\/","name":"Oud Mystique Inspir\u00e9 par les Traditions Soufies d'Asie Centrale | Sagesse Intemporelle \u00e0 Chaque Note","isPartOf":{"@id":"https:\/\/bhagwan-incense.com\/fr\/#website"},"primaryImageOfPage":{"@id":"https:\/\/bhagwan-incense.com\/fr\/produit\/soufi-oud-batonnets-dencens\/#primaryimage"},"image":{"@id":"https:\/\/bhagwan-incense.com\/fr\/produit\/soufi-oud-batonnets-dencens\/#primaryimage"},"thumbnailUrl":"https:\/\/bhagwan-incense.com\/wp-content\/uploads\/2024\/12\/IMG_0030.jpg?wsr","datePublished":"2024-12-22T15:34:20+00:00","dateModified":"2026-03-27T21:34:23+00:00","description":"D\u00e9couvrez un m\u00e9lange d\u2019oud mystique inspir\u00e9 par les soufis d\u2019Asie centrale. Avec du bois d\u2019agar de qualit\u00e9 sup\u00e9rieure, de l\u2019huile de c\u00e8dre d\u00e9odar et du halmaddi, cet encens \u00e9voque une sagesse intemporelle avec des notes de cuir et de c\u00e8dre. Parfait pour les chercheurs de profondeur spirituelle.","breadcrumb":{"@id":"https:\/\/bhagwan-incense.com\/fr\/produit\/soufi-oud-batonnets-dencens\/#breadcrumb"},"inLanguage":"fr-FR","potentialAction":[{"@type":"ReadAction","target":["https:\/\/bhagwan-incense.com\/fr\/produit\/soufi-oud-batonnets-dencens\/"]}]},{"@type":"ImageObject","inLanguage":"fr-FR","@id":"https:\/\/bhagwan-incense.com\/fr\/produit\/soufi-oud-batonnets-dencens\/#primaryimage","url":"https:\/\/bhagwan-incense.com\/wp-content\/uploads\/2024\/12\/IMG_0030.jpg?wsr","contentUrl":"https:\/\/bhagwan-incense.com\/wp-content\/uploads\/2024\/12\/IMG_0030.jpg?wsr","width":777,"height":1164},{"@type":"BreadcrumbList","@id":"https:\/\/bhagwan-incense.com\/fr\/produit\/soufi-oud-batonnets-dencens\/#breadcrumb","itemListElement":[{"@type":"ListItem","position":1,"name":"Home","item":"https:\/\/bhagwan-incense.com\/fr\/"},{"@type":"ListItem","position":2,"name":"Boutique","item":"https:\/\/bhagwan-incense.com\/fr\/boutique\/"},{"@type":"ListItem","position":3,"name":"Soufi Oud B\u00e2tonnets d&#8217;Encens"}]},{"@type":"WebSite","@id":"https:\/\/bhagwan-incense.com\/fr\/#website","url":"https:\/\/bhagwan-incense.com\/fr\/","name":"Bhagwan Incense | EU and Worldwide Incense Shop","description":"Pure and Natural Incense from India","publisher":{"@id":"https:\/\/bhagwan-incense.com\/fr\/#organization"},"potentialAction":[{"@type":"SearchAction","target":{"@type":"EntryPoint","urlTemplate":"https:\/\/bhagwan-incense.com\/fr\/?s={search_term_string}"},"query-input":{"@type":"PropertyValueSpecification","valueRequired":true,"valueName":"search_term_string"}}],"inLanguage":"fr-FR"},{"@type":"Organization","@id":"https:\/\/bhagwan-incense.com\/fr\/#organization","name":"Bhagwan incense","url":"https:\/\/bhagwan-incense.com\/fr\/","logo":{"@type":"ImageObject","inLanguage":"fr-FR","@id":"https:\/\/bhagwan-incense.com\/fr\/#\/schema\/logo\/image\/","url":"https:\/\/bhagwan-incense.com\/wp-content\/uploads\/2023\/06\/Logo-black.png","contentUrl":"https:\/\/bhagwan-incense.com\/wp-content\/uploads\/2023\/06\/Logo-black.png","width":150,"height":150,"caption":"Bhagwan incense"},"image":{"@id":"https:\/\/bhagwan-incense.com\/fr\/#\/schema\/logo\/image\/"},"sameAs":["https:\/\/www.facebook.com\/profile.php?id=100093081477613&mibextid=ZbWKwLp","https:\/\/www.instagram.com\/bhagwan_incense\/"]}]}},"_links":{"self":[{"href":"https:\/\/bhagwan-incense.com\/fr\/wp-json\/wp\/v2\/product\/14407","targetHints":{"allow":["GET"]}}],"collection":[{"href":"https:\/\/bhagwan-incense.com\/fr\/wp-json\/wp\/v2\/product"}],"about":[{"href":"https:\/\/bhagwan-incense.com\/fr\/wp-json\/wp\/v2\/types\/product"}],"replies":[{"embeddable":true,"href":"https:\/\/bhagwan-incense.com\/fr\/wp-json\/wp\/v2\/comments?post=14407"}],"wp:featuredmedia":[{"embeddable":true,"href":"https:\/\/bhagwan-incense.com\/fr\/wp-json\/wp\/v2\/media\/14409"}],"wp:attachment":[{"href":"https:\/\/bhagwan-incense.com\/fr\/wp-json\/wp\/v2\/media?parent=14407"}],"wp:term":[{"taxonomy":"product_brand","embeddable":true,"href":"https:\/\/bhagwan-incense.com\/fr\/wp-json\/wp\/v2\/product_brand?post=14407"},{"taxonomy":"product_cat","embeddable":true,"href":"https:\/\/bhagwan-incense.com\/fr\/wp-json\/wp\/v2\/product_cat?post=14407"},{"taxonomy":"product_tag","embeddable":true,"href":"https:\/\/bhagwan-incense.com\/fr\/wp-json\/wp\/v2\/product_tag?post=14407"}],"curies":[{"name":"wp","href":"https:\/\/api.w.org\/{rel}","templated":true}]}}