{"id":14451,"date":"2025-01-04T22:37:50","date_gmt":"2025-01-04T21:37:50","guid":{"rendered":"https:\/\/bhagwan-incense.com\/?post_type=product&#038;p=14451"},"modified":"2026-03-24T19:32:34","modified_gmt":"2026-03-24T18:32:34","slug":"oliban-classique-batonnets-dencens","status":"publish","type":"product","link":"https:\/\/bhagwan-incense.com\/fr\/produit\/oliban-classique-batonnets-dencens\/","title":{"rendered":"Oliban Classique \u2013 M\u00e9lange Pure \u00c9glise B\u00e2tonnets d&#8217;Encens"},"content":{"rendered":"<p>Classic Frankincense est le petit fr\u00e8re de notre produit phare, Royal Frankincense. Fabriqu\u00e9 en utilisant la technologie masala, il se distingue comme l&#8217;un des meilleurs encens \u00e0 l&#8217;encens d&#8217;oliban au prix imbattable. Faisant partie de notre populaire Gamme Classique.<\/p>\n<p>L&#8217;encens d&#8217;oliban est utilis\u00e9 depuis des si\u00e8cles \u00e0 des fins th\u00e9rapeutiques pour traiter une gamme de probl\u00e8mes de sant\u00e9, notamment l&#8217;anxi\u00e9t\u00e9, les troubles du sommeil, l&#8217;inflammation et les probl\u00e8mes digestifs. Dans la gu\u00e9rison spirituelle, l&#8217;encens d&#8217;oliban est v\u00e9n\u00e9r\u00e9 pour ses propri\u00e9t\u00e9s mystiques, cens\u00e9es purifier les \u00e9nergies, \u00e9lever l&#8217;esprit et promouvoir la paix int\u00e9rieure et l&#8217;\u00e9quilibre.<\/p>\n","protected":false},"excerpt":{"rendered":"<p>Cet encens est fabriqu\u00e9 avec de l&#8217;huile de frankincense de haute qualit\u00e9, m\u00e9lang\u00e9e \u00e0 un m\u00e9lange de masala et enroul\u00e9e \u00e0 la main sur des b\u00e2tons. Il est ancrant et purifiant, nettoyant doucement la pi\u00e8ce avec un ar\u00f4me r\u00e9sineux et bois\u00e9 agr\u00e9able.<\/p>\n","protected":false},"featured_media":14453,"comment_status":"open","ping_status":"closed","template":"","meta":[],"product_brand":[],"product_cat":[60,84,116,85],"product_tag":[75,74,72,73],"class_list":{"0":"post-14451","1":"product","2":"type-product","3":"status-publish","4":"has-post-thumbnail","6":"product_cat-boise","7":"product_cat-exotique-unique","8":"product_cat-oliban-myrrhe-benjoin","9":"product_cat-yoga-fr","10":"product_tag-boise","11":"product_tag-epice","12":"product_tag-oriental-fr","13":"product_tag-resineux","15":"first","16":"instock","17":"shipping-taxable","18":"purchasable","19":"product-type-simple"},"yoast_head":"<!-- This site is optimized with the Yoast SEO plugin v27.4 - https:\/\/yoast.com\/product\/yoast-seo-wordpress\/ -->\n<title>Encens Classic Frankincense \u2013 B\u00e2tons de Masala Faits \u00e0 la Main avec B\u00e9n\u00e9fices Th\u00e9rapeutiques et Spirituels<\/title>\n<meta name=\"description\" content=\"D\u00e9couvrez Classic Frankincense, fabriqu\u00e9 \u00e0 la main avec de l&#039;huile de frankincense de haute qualit\u00e9 dans un m\u00e9lange masala. Ancrant et purifiant, il offre un ar\u00f4me r\u00e9sineux et bois\u00e9 avec des bienfaits th\u00e9rapeutiques et spirituels. Qualit\u00e9 et prix imbattables de notre Gamme Classique.\" \/>\n<meta name=\"robots\" content=\"index, follow, max-snippet:-1, max-image-preview:large, max-video-preview:-1\" \/>\n<link rel=\"canonical\" href=\"https:\/\/bhagwan-incense.com\/fr\/produit\/oliban-classique-batonnets-dencens\/\" \/>\n<meta property=\"og:locale\" content=\"fr_FR\" \/>\n<meta property=\"og:type\" content=\"article\" \/>\n<meta property=\"og:title\" content=\"Encens Classic Frankincense \u2013 B\u00e2tons de Masala Faits \u00e0 la Main avec B\u00e9n\u00e9fices Th\u00e9rapeutiques et Spirituels\" \/>\n<meta property=\"og:description\" content=\"D\u00e9couvrez Classic Frankincense, fabriqu\u00e9 \u00e0 la main avec de l&#039;huile de frankincense de haute qualit\u00e9 dans un m\u00e9lange masala. Ancrant et purifiant, il offre un ar\u00f4me r\u00e9sineux et bois\u00e9 avec des bienfaits th\u00e9rapeutiques et spirituels. Qualit\u00e9 et prix imbattables de notre Gamme Classique.\" \/>\n<meta property=\"og:url\" content=\"https:\/\/bhagwan-incense.com\/fr\/produit\/oliban-classique-batonnets-dencens\/\" \/>\n<meta property=\"og:site_name\" content=\"Bhagwan Incense | EU and Worldwide Shop\" \/>\n<meta property=\"article:publisher\" content=\"https:\/\/www.facebook.com\/profile.php?id=100093081477613&amp;mibextid=ZbWKwLp\" \/>\n<meta property=\"article:modified_time\" content=\"2026-03-24T18:32:34+00:00\" \/>\n<meta property=\"og:image\" content=\"https:\/\/bhagwan-incense.com\/wp-content\/uploads\/2025\/01\/IMG_0002_2.jpg?wsr\" \/>\n\t<meta property=\"og:image:width\" content=\"708\" \/>\n\t<meta property=\"og:image:height\" content=\"1061\" \/>\n\t<meta property=\"og:image:type\" content=\"image\/jpeg\" \/>\n<meta name=\"twitter:card\" content=\"summary_large_image\" \/>\n<meta name=\"twitter:label1\" content=\"Dur\u00e9e de lecture estim\u00e9e\" \/>\n\t<meta name=\"twitter:data1\" content=\"1 minute\" \/>\n<script type=\"application\/ld+json\" class=\"yoast-schema-graph\">{\"@context\":\"https:\\\/\\\/schema.org\",\"@graph\":[{\"@type\":\"WebPage\",\"@id\":\"https:\\\/\\\/bhagwan-incense.com\\\/fr\\\/produit\\\/oliban-classique-batonnets-dencens\\\/\",\"url\":\"https:\\\/\\\/bhagwan-incense.com\\\/fr\\\/produit\\\/oliban-classique-batonnets-dencens\\\/\",\"name\":\"Encens Classic Frankincense \u2013 B\u00e2tons de Masala Faits \u00e0 la Main avec B\u00e9n\u00e9fices Th\u00e9rapeutiques et Spirituels\",\"isPartOf\":{\"@id\":\"https:\\\/\\\/bhagwan-incense.com\\\/fr\\\/#website\"},\"primaryImageOfPage\":{\"@id\":\"https:\\\/\\\/bhagwan-incense.com\\\/fr\\\/produit\\\/oliban-classique-batonnets-dencens\\\/#primaryimage\"},\"image\":{\"@id\":\"https:\\\/\\\/bhagwan-incense.com\\\/fr\\\/produit\\\/oliban-classique-batonnets-dencens\\\/#primaryimage\"},\"thumbnailUrl\":\"https:\\\/\\\/bhagwan-incense.com\\\/wp-content\\\/uploads\\\/2025\\\/01\\\/IMG_0002_2.jpg?wsr\",\"datePublished\":\"2025-01-04T21:37:50+00:00\",\"dateModified\":\"2026-03-24T18:32:34+00:00\",\"description\":\"D\u00e9couvrez Classic Frankincense, fabriqu\u00e9 \u00e0 la main avec de l'huile de frankincense de haute qualit\u00e9 dans un m\u00e9lange masala. Ancrant et purifiant, il offre un ar\u00f4me r\u00e9sineux et bois\u00e9 avec des bienfaits th\u00e9rapeutiques et spirituels. Qualit\u00e9 et prix imbattables de notre Gamme Classique.\",\"breadcrumb\":{\"@id\":\"https:\\\/\\\/bhagwan-incense.com\\\/fr\\\/produit\\\/oliban-classique-batonnets-dencens\\\/#breadcrumb\"},\"inLanguage\":\"fr-FR\",\"potentialAction\":[{\"@type\":\"ReadAction\",\"target\":[\"https:\\\/\\\/bhagwan-incense.com\\\/fr\\\/produit\\\/oliban-classique-batonnets-dencens\\\/\"]}]},{\"@type\":\"ImageObject\",\"inLanguage\":\"fr-FR\",\"@id\":\"https:\\\/\\\/bhagwan-incense.com\\\/fr\\\/produit\\\/oliban-classique-batonnets-dencens\\\/#primaryimage\",\"url\":\"https:\\\/\\\/bhagwan-incense.com\\\/wp-content\\\/uploads\\\/2025\\\/01\\\/IMG_0002_2.jpg?wsr\",\"contentUrl\":\"https:\\\/\\\/bhagwan-incense.com\\\/wp-content\\\/uploads\\\/2025\\\/01\\\/IMG_0002_2.jpg?wsr\",\"width\":708,\"height\":1061},{\"@type\":\"BreadcrumbList\",\"@id\":\"https:\\\/\\\/bhagwan-incense.com\\\/fr\\\/produit\\\/oliban-classique-batonnets-dencens\\\/#breadcrumb\",\"itemListElement\":[{\"@type\":\"ListItem\",\"position\":1,\"name\":\"Home\",\"item\":\"https:\\\/\\\/bhagwan-incense.com\\\/fr\\\/\"},{\"@type\":\"ListItem\",\"position\":2,\"name\":\"Boutique\",\"item\":\"https:\\\/\\\/bhagwan-incense.com\\\/fr\\\/boutique\\\/\"},{\"@type\":\"ListItem\",\"position\":3,\"name\":\"Oliban Classique \u2013 M\u00e9lange Pure \u00c9glise B\u00e2tonnets d&#8217;Encens\"}]},{\"@type\":\"WebSite\",\"@id\":\"https:\\\/\\\/bhagwan-incense.com\\\/fr\\\/#website\",\"url\":\"https:\\\/\\\/bhagwan-incense.com\\\/fr\\\/\",\"name\":\"Bhagwan Incense | EU and Worldwide Incense Shop\",\"description\":\"Pure and Natural Incense from India\",\"publisher\":{\"@id\":\"https:\\\/\\\/bhagwan-incense.com\\\/fr\\\/#organization\"},\"potentialAction\":[{\"@type\":\"SearchAction\",\"target\":{\"@type\":\"EntryPoint\",\"urlTemplate\":\"https:\\\/\\\/bhagwan-incense.com\\\/fr\\\/?s={search_term_string}\"},\"query-input\":{\"@type\":\"PropertyValueSpecification\",\"valueRequired\":true,\"valueName\":\"search_term_string\"}}],\"inLanguage\":\"fr-FR\"},{\"@type\":\"Organization\",\"@id\":\"https:\\\/\\\/bhagwan-incense.com\\\/fr\\\/#organization\",\"name\":\"Bhagwan incense\",\"url\":\"https:\\\/\\\/bhagwan-incense.com\\\/fr\\\/\",\"logo\":{\"@type\":\"ImageObject\",\"inLanguage\":\"fr-FR\",\"@id\":\"https:\\\/\\\/bhagwan-incense.com\\\/fr\\\/#\\\/schema\\\/logo\\\/image\\\/\",\"url\":\"https:\\\/\\\/bhagwan-incense.com\\\/wp-content\\\/uploads\\\/2023\\\/06\\\/Logo-black.png\",\"contentUrl\":\"https:\\\/\\\/bhagwan-incense.com\\\/wp-content\\\/uploads\\\/2023\\\/06\\\/Logo-black.png\",\"width\":150,\"height\":150,\"caption\":\"Bhagwan incense\"},\"image\":{\"@id\":\"https:\\\/\\\/bhagwan-incense.com\\\/fr\\\/#\\\/schema\\\/logo\\\/image\\\/\"},\"sameAs\":[\"https:\\\/\\\/www.facebook.com\\\/profile.php?id=100093081477613&mibextid=ZbWKwLp\",\"https:\\\/\\\/www.instagram.com\\\/bhagwan_incense\\\/\"]}]}<\/script>\n<!-- \/ Yoast SEO plugin. -->","yoast_head_json":{"title":"Encens Classic Frankincense \u2013 B\u00e2tons de Masala Faits \u00e0 la Main avec B\u00e9n\u00e9fices Th\u00e9rapeutiques et Spirituels","description":"D\u00e9couvrez Classic Frankincense, fabriqu\u00e9 \u00e0 la main avec de l'huile de frankincense de haute qualit\u00e9 dans un m\u00e9lange masala. Ancrant et purifiant, il offre un ar\u00f4me r\u00e9sineux et bois\u00e9 avec des bienfaits th\u00e9rapeutiques et spirituels. Qualit\u00e9 et prix imbattables de notre Gamme Classique.","robots":{"index":"index","follow":"follow","max-snippet":"max-snippet:-1","max-image-preview":"max-image-preview:large","max-video-preview":"max-video-preview:-1"},"canonical":"https:\/\/bhagwan-incense.com\/fr\/produit\/oliban-classique-batonnets-dencens\/","og_locale":"fr_FR","og_type":"article","og_title":"Encens Classic Frankincense \u2013 B\u00e2tons de Masala Faits \u00e0 la Main avec B\u00e9n\u00e9fices Th\u00e9rapeutiques et Spirituels","og_description":"D\u00e9couvrez Classic Frankincense, fabriqu\u00e9 \u00e0 la main avec de l'huile de frankincense de haute qualit\u00e9 dans un m\u00e9lange masala. Ancrant et purifiant, il offre un ar\u00f4me r\u00e9sineux et bois\u00e9 avec des bienfaits th\u00e9rapeutiques et spirituels. Qualit\u00e9 et prix imbattables de notre Gamme Classique.","og_url":"https:\/\/bhagwan-incense.com\/fr\/produit\/oliban-classique-batonnets-dencens\/","og_site_name":"Bhagwan Incense | EU and Worldwide Shop","article_publisher":"https:\/\/www.facebook.com\/profile.php?id=100093081477613&mibextid=ZbWKwLp","article_modified_time":"2026-03-24T18:32:34+00:00","og_image":[{"width":708,"height":1061,"url":"https:\/\/bhagwan-incense.com\/wp-content\/uploads\/2025\/01\/IMG_0002_2.jpg?wsr","type":"image\/jpeg"}],"twitter_card":"summary_large_image","twitter_misc":{"Dur\u00e9e de lecture estim\u00e9e":"1 minute"},"schema":{"@context":"https:\/\/schema.org","@graph":[{"@type":"WebPage","@id":"https:\/\/bhagwan-incense.com\/fr\/produit\/oliban-classique-batonnets-dencens\/","url":"https:\/\/bhagwan-incense.com\/fr\/produit\/oliban-classique-batonnets-dencens\/","name":"Encens Classic Frankincense \u2013 B\u00e2tons de Masala Faits \u00e0 la Main avec B\u00e9n\u00e9fices Th\u00e9rapeutiques et Spirituels","isPartOf":{"@id":"https:\/\/bhagwan-incense.com\/fr\/#website"},"primaryImageOfPage":{"@id":"https:\/\/bhagwan-incense.com\/fr\/produit\/oliban-classique-batonnets-dencens\/#primaryimage"},"image":{"@id":"https:\/\/bhagwan-incense.com\/fr\/produit\/oliban-classique-batonnets-dencens\/#primaryimage"},"thumbnailUrl":"https:\/\/bhagwan-incense.com\/wp-content\/uploads\/2025\/01\/IMG_0002_2.jpg?wsr","datePublished":"2025-01-04T21:37:50+00:00","dateModified":"2026-03-24T18:32:34+00:00","description":"D\u00e9couvrez Classic Frankincense, fabriqu\u00e9 \u00e0 la main avec de l'huile de frankincense de haute qualit\u00e9 dans un m\u00e9lange masala. Ancrant et purifiant, il offre un ar\u00f4me r\u00e9sineux et bois\u00e9 avec des bienfaits th\u00e9rapeutiques et spirituels. Qualit\u00e9 et prix imbattables de notre Gamme Classique.","breadcrumb":{"@id":"https:\/\/bhagwan-incense.com\/fr\/produit\/oliban-classique-batonnets-dencens\/#breadcrumb"},"inLanguage":"fr-FR","potentialAction":[{"@type":"ReadAction","target":["https:\/\/bhagwan-incense.com\/fr\/produit\/oliban-classique-batonnets-dencens\/"]}]},{"@type":"ImageObject","inLanguage":"fr-FR","@id":"https:\/\/bhagwan-incense.com\/fr\/produit\/oliban-classique-batonnets-dencens\/#primaryimage","url":"https:\/\/bhagwan-incense.com\/wp-content\/uploads\/2025\/01\/IMG_0002_2.jpg?wsr","contentUrl":"https:\/\/bhagwan-incense.com\/wp-content\/uploads\/2025\/01\/IMG_0002_2.jpg?wsr","width":708,"height":1061},{"@type":"BreadcrumbList","@id":"https:\/\/bhagwan-incense.com\/fr\/produit\/oliban-classique-batonnets-dencens\/#breadcrumb","itemListElement":[{"@type":"ListItem","position":1,"name":"Home","item":"https:\/\/bhagwan-incense.com\/fr\/"},{"@type":"ListItem","position":2,"name":"Boutique","item":"https:\/\/bhagwan-incense.com\/fr\/boutique\/"},{"@type":"ListItem","position":3,"name":"Oliban Classique \u2013 M\u00e9lange Pure \u00c9glise B\u00e2tonnets d&#8217;Encens"}]},{"@type":"WebSite","@id":"https:\/\/bhagwan-incense.com\/fr\/#website","url":"https:\/\/bhagwan-incense.com\/fr\/","name":"Bhagwan Incense | EU and Worldwide Incense Shop","description":"Pure and Natural Incense from India","publisher":{"@id":"https:\/\/bhagwan-incense.com\/fr\/#organization"},"potentialAction":[{"@type":"SearchAction","target":{"@type":"EntryPoint","urlTemplate":"https:\/\/bhagwan-incense.com\/fr\/?s={search_term_string}"},"query-input":{"@type":"PropertyValueSpecification","valueRequired":true,"valueName":"search_term_string"}}],"inLanguage":"fr-FR"},{"@type":"Organization","@id":"https:\/\/bhagwan-incense.com\/fr\/#organization","name":"Bhagwan incense","url":"https:\/\/bhagwan-incense.com\/fr\/","logo":{"@type":"ImageObject","inLanguage":"fr-FR","@id":"https:\/\/bhagwan-incense.com\/fr\/#\/schema\/logo\/image\/","url":"https:\/\/bhagwan-incense.com\/wp-content\/uploads\/2023\/06\/Logo-black.png","contentUrl":"https:\/\/bhagwan-incense.com\/wp-content\/uploads\/2023\/06\/Logo-black.png","width":150,"height":150,"caption":"Bhagwan incense"},"image":{"@id":"https:\/\/bhagwan-incense.com\/fr\/#\/schema\/logo\/image\/"},"sameAs":["https:\/\/www.facebook.com\/profile.php?id=100093081477613&mibextid=ZbWKwLp","https:\/\/www.instagram.com\/bhagwan_incense\/"]}]}},"_links":{"self":[{"href":"https:\/\/bhagwan-incense.com\/fr\/wp-json\/wp\/v2\/product\/14451","targetHints":{"allow":["GET"]}}],"collection":[{"href":"https:\/\/bhagwan-incense.com\/fr\/wp-json\/wp\/v2\/product"}],"about":[{"href":"https:\/\/bhagwan-incense.com\/fr\/wp-json\/wp\/v2\/types\/product"}],"replies":[{"embeddable":true,"href":"https:\/\/bhagwan-incense.com\/fr\/wp-json\/wp\/v2\/comments?post=14451"}],"wp:featuredmedia":[{"embeddable":true,"href":"https:\/\/bhagwan-incense.com\/fr\/wp-json\/wp\/v2\/media\/14453"}],"wp:attachment":[{"href":"https:\/\/bhagwan-incense.com\/fr\/wp-json\/wp\/v2\/media?parent=14451"}],"wp:term":[{"taxonomy":"product_brand","embeddable":true,"href":"https:\/\/bhagwan-incense.com\/fr\/wp-json\/wp\/v2\/product_brand?post=14451"},{"taxonomy":"product_cat","embeddable":true,"href":"https:\/\/bhagwan-incense.com\/fr\/wp-json\/wp\/v2\/product_cat?post=14451"},{"taxonomy":"product_tag","embeddable":true,"href":"https:\/\/bhagwan-incense.com\/fr\/wp-json\/wp\/v2\/product_tag?post=14451"}],"curies":[{"name":"wp","href":"https:\/\/api.w.org\/{rel}","templated":true}]}}