{"id":14479,"date":"2025-01-04T23:51:05","date_gmt":"2025-01-04T22:51:05","guid":{"rendered":"https:\/\/bhagwan-incense.com\/?post_type=product&#038;p=14479"},"modified":"2026-03-27T21:59:26","modified_gmt":"2026-03-27T20:59:26","slug":"heavenly-rosewood-batonnets-dencens","status":"publish","type":"product","link":"https:\/\/bhagwan-incense.com\/fr\/produit\/heavenly-rosewood-batonnets-dencens\/","title":{"rendered":"Bois de Rose C\u00e9leste B\u00e2tonnets d&#8217;Encens"},"content":{"rendered":"<p>Un m\u00e9lange sucr\u00e9 et savoureux de musc bois\u00e9 et de rose sur une base exceptionnellement parfum\u00e9e de Halmaddi. Cet encens pr\u00e9sente un profil unique, cr\u00e9meux, balsamique et floral, rappelant le bois de rose parfum\u00e9. Il est \u00e0 la fois d\u00e9licieux et distinct, en faisant l&#8217;un de nos best-sellers. Parfait pour tous types de soins corporels, massages, spas et tantra.<\/p>\n","protected":false},"excerpt":{"rendered":"<p>Un profil unique, cr\u00e9meux, balsamique et floral, rappelant le bois de rose parfum\u00e9. Des notes poivr\u00e9es se m\u00ealent \u00e0 des sous-notes cr\u00e9meuses, compl\u00e9t\u00e9es par une touche de musc floral blanc et de miel.<\/p>\n","protected":false},"featured_media":14481,"comment_status":"open","ping_status":"closed","template":"","meta":[],"product_brand":[],"product_cat":[60,84,61,118],"product_tag":[75,74,67,72],"class_list":{"0":"post-14479","1":"product","2":"type-product","3":"status-publish","4":"has-post-thumbnail","6":"product_cat-boise","7":"product_cat-exotique-unique","8":"product_cat-floral","9":"product_cat-rose-fr","10":"product_tag-boise","11":"product_tag-epice","12":"product_tag-floral-fr-2","13":"product_tag-oriental-fr","15":"first","16":"instock","17":"shipping-taxable","18":"purchasable","19":"product-type-simple"},"yoast_head":"<!-- This site is optimized with the Yoast SEO plugin v27.3 - https:\/\/yoast.com\/product\/yoast-seo-wordpress\/ -->\n<title>Encens Bois de Rose \u2013 Cr\u00e9meux, Balsamique et Floral avec Base Halmaddi<\/title>\n<meta name=\"description\" content=\"D\u00e9couvrez l&#039;Encens Bois de Rose, un m\u00e9lange sucr\u00e9 de musc bois\u00e9 et de rose sur une base parfum\u00e9e d&#039;Halmaddi. Avec un profil cr\u00e9meux, balsamique et floral, il est parfait pour le massage, le spa et le tantra. Un best-seller appr\u00e9ci\u00e9 pour son ar\u00f4me distinct.\" \/>\n<meta name=\"robots\" content=\"index, follow, max-snippet:-1, max-image-preview:large, max-video-preview:-1\" \/>\n<link rel=\"canonical\" href=\"https:\/\/bhagwan-incense.com\/fr\/produit\/heavenly-rosewood-batonnets-dencens\/\" \/>\n<meta property=\"og:locale\" content=\"fr_FR\" \/>\n<meta property=\"og:type\" content=\"article\" \/>\n<meta property=\"og:title\" content=\"Encens Bois de Rose \u2013 Cr\u00e9meux, Balsamique et Floral avec Base Halmaddi\" \/>\n<meta property=\"og:description\" content=\"D\u00e9couvrez l&#039;Encens Bois de Rose, un m\u00e9lange sucr\u00e9 de musc bois\u00e9 et de rose sur une base parfum\u00e9e d&#039;Halmaddi. Avec un profil cr\u00e9meux, balsamique et floral, il est parfait pour le massage, le spa et le tantra. Un best-seller appr\u00e9ci\u00e9 pour son ar\u00f4me distinct.\" \/>\n<meta property=\"og:url\" content=\"https:\/\/bhagwan-incense.com\/fr\/produit\/heavenly-rosewood-batonnets-dencens\/\" \/>\n<meta property=\"og:site_name\" content=\"Bhagwan Incense | EU and Worldwide Shop\" \/>\n<meta property=\"article:publisher\" content=\"https:\/\/www.facebook.com\/profile.php?id=100093081477613&amp;mibextid=ZbWKwLp\" \/>\n<meta property=\"article:modified_time\" content=\"2026-03-27T20:59:26+00:00\" \/>\n<meta property=\"og:image\" content=\"https:\/\/bhagwan-incense.com\/wp-content\/uploads\/2025\/01\/2-4_3.jpg?wsr\" \/>\n\t<meta property=\"og:image:width\" content=\"740\" \/>\n\t<meta property=\"og:image:height\" content=\"1109\" \/>\n\t<meta property=\"og:image:type\" content=\"image\/jpeg\" \/>\n<meta name=\"twitter:card\" content=\"summary_large_image\" \/>\n<meta name=\"twitter:label1\" content=\"Dur\u00e9e de lecture estim\u00e9e\" \/>\n\t<meta name=\"twitter:data1\" content=\"1 minute\" \/>\n<script type=\"application\/ld+json\" class=\"yoast-schema-graph\">{\"@context\":\"https:\\\/\\\/schema.org\",\"@graph\":[{\"@type\":\"WebPage\",\"@id\":\"https:\\\/\\\/bhagwan-incense.com\\\/fr\\\/produit\\\/heavenly-rosewood-batonnets-dencens\\\/\",\"url\":\"https:\\\/\\\/bhagwan-incense.com\\\/fr\\\/produit\\\/heavenly-rosewood-batonnets-dencens\\\/\",\"name\":\"Encens Bois de Rose \u2013 Cr\u00e9meux, Balsamique et Floral avec Base Halmaddi\",\"isPartOf\":{\"@id\":\"https:\\\/\\\/bhagwan-incense.com\\\/fr\\\/#website\"},\"primaryImageOfPage\":{\"@id\":\"https:\\\/\\\/bhagwan-incense.com\\\/fr\\\/produit\\\/heavenly-rosewood-batonnets-dencens\\\/#primaryimage\"},\"image\":{\"@id\":\"https:\\\/\\\/bhagwan-incense.com\\\/fr\\\/produit\\\/heavenly-rosewood-batonnets-dencens\\\/#primaryimage\"},\"thumbnailUrl\":\"https:\\\/\\\/bhagwan-incense.com\\\/wp-content\\\/uploads\\\/2025\\\/01\\\/2-4_3.jpg?wsr\",\"datePublished\":\"2025-01-04T22:51:05+00:00\",\"dateModified\":\"2026-03-27T20:59:26+00:00\",\"description\":\"D\u00e9couvrez l'Encens Bois de Rose, un m\u00e9lange sucr\u00e9 de musc bois\u00e9 et de rose sur une base parfum\u00e9e d'Halmaddi. Avec un profil cr\u00e9meux, balsamique et floral, il est parfait pour le massage, le spa et le tantra. Un best-seller appr\u00e9ci\u00e9 pour son ar\u00f4me distinct.\",\"breadcrumb\":{\"@id\":\"https:\\\/\\\/bhagwan-incense.com\\\/fr\\\/produit\\\/heavenly-rosewood-batonnets-dencens\\\/#breadcrumb\"},\"inLanguage\":\"fr-FR\",\"potentialAction\":[{\"@type\":\"ReadAction\",\"target\":[\"https:\\\/\\\/bhagwan-incense.com\\\/fr\\\/produit\\\/heavenly-rosewood-batonnets-dencens\\\/\"]}]},{\"@type\":\"ImageObject\",\"inLanguage\":\"fr-FR\",\"@id\":\"https:\\\/\\\/bhagwan-incense.com\\\/fr\\\/produit\\\/heavenly-rosewood-batonnets-dencens\\\/#primaryimage\",\"url\":\"https:\\\/\\\/bhagwan-incense.com\\\/wp-content\\\/uploads\\\/2025\\\/01\\\/2-4_3.jpg?wsr\",\"contentUrl\":\"https:\\\/\\\/bhagwan-incense.com\\\/wp-content\\\/uploads\\\/2025\\\/01\\\/2-4_3.jpg?wsr\",\"width\":740,\"height\":1109},{\"@type\":\"BreadcrumbList\",\"@id\":\"https:\\\/\\\/bhagwan-incense.com\\\/fr\\\/produit\\\/heavenly-rosewood-batonnets-dencens\\\/#breadcrumb\",\"itemListElement\":[{\"@type\":\"ListItem\",\"position\":1,\"name\":\"Home\",\"item\":\"https:\\\/\\\/bhagwan-incense.com\\\/fr\\\/\"},{\"@type\":\"ListItem\",\"position\":2,\"name\":\"Boutique\",\"item\":\"https:\\\/\\\/bhagwan-incense.com\\\/fr\\\/boutique\\\/\"},{\"@type\":\"ListItem\",\"position\":3,\"name\":\"Bois de Rose C\u00e9leste B\u00e2tonnets d&#8217;Encens\"}]},{\"@type\":\"WebSite\",\"@id\":\"https:\\\/\\\/bhagwan-incense.com\\\/fr\\\/#website\",\"url\":\"https:\\\/\\\/bhagwan-incense.com\\\/fr\\\/\",\"name\":\"Bhagwan Incense | EU and Worldwide Incense Shop\",\"description\":\"Pure and Natural Incense from India\",\"publisher\":{\"@id\":\"https:\\\/\\\/bhagwan-incense.com\\\/fr\\\/#organization\"},\"potentialAction\":[{\"@type\":\"SearchAction\",\"target\":{\"@type\":\"EntryPoint\",\"urlTemplate\":\"https:\\\/\\\/bhagwan-incense.com\\\/fr\\\/?s={search_term_string}\"},\"query-input\":{\"@type\":\"PropertyValueSpecification\",\"valueRequired\":true,\"valueName\":\"search_term_string\"}}],\"inLanguage\":\"fr-FR\"},{\"@type\":\"Organization\",\"@id\":\"https:\\\/\\\/bhagwan-incense.com\\\/fr\\\/#organization\",\"name\":\"Bhagwan incense\",\"url\":\"https:\\\/\\\/bhagwan-incense.com\\\/fr\\\/\",\"logo\":{\"@type\":\"ImageObject\",\"inLanguage\":\"fr-FR\",\"@id\":\"https:\\\/\\\/bhagwan-incense.com\\\/fr\\\/#\\\/schema\\\/logo\\\/image\\\/\",\"url\":\"https:\\\/\\\/bhagwan-incense.com\\\/wp-content\\\/uploads\\\/2023\\\/06\\\/Logo-black.png\",\"contentUrl\":\"https:\\\/\\\/bhagwan-incense.com\\\/wp-content\\\/uploads\\\/2023\\\/06\\\/Logo-black.png\",\"width\":150,\"height\":150,\"caption\":\"Bhagwan incense\"},\"image\":{\"@id\":\"https:\\\/\\\/bhagwan-incense.com\\\/fr\\\/#\\\/schema\\\/logo\\\/image\\\/\"},\"sameAs\":[\"https:\\\/\\\/www.facebook.com\\\/profile.php?id=100093081477613&mibextid=ZbWKwLp\",\"https:\\\/\\\/www.instagram.com\\\/bhagwan_incense\\\/\"]}]}<\/script>\n<!-- \/ Yoast SEO plugin. -->","yoast_head_json":{"title":"Encens Bois de Rose \u2013 Cr\u00e9meux, Balsamique et Floral avec Base Halmaddi","description":"D\u00e9couvrez l'Encens Bois de Rose, un m\u00e9lange sucr\u00e9 de musc bois\u00e9 et de rose sur une base parfum\u00e9e d'Halmaddi. Avec un profil cr\u00e9meux, balsamique et floral, il est parfait pour le massage, le spa et le tantra. Un best-seller appr\u00e9ci\u00e9 pour son ar\u00f4me distinct.","robots":{"index":"index","follow":"follow","max-snippet":"max-snippet:-1","max-image-preview":"max-image-preview:large","max-video-preview":"max-video-preview:-1"},"canonical":"https:\/\/bhagwan-incense.com\/fr\/produit\/heavenly-rosewood-batonnets-dencens\/","og_locale":"fr_FR","og_type":"article","og_title":"Encens Bois de Rose \u2013 Cr\u00e9meux, Balsamique et Floral avec Base Halmaddi","og_description":"D\u00e9couvrez l'Encens Bois de Rose, un m\u00e9lange sucr\u00e9 de musc bois\u00e9 et de rose sur une base parfum\u00e9e d'Halmaddi. Avec un profil cr\u00e9meux, balsamique et floral, il est parfait pour le massage, le spa et le tantra. Un best-seller appr\u00e9ci\u00e9 pour son ar\u00f4me distinct.","og_url":"https:\/\/bhagwan-incense.com\/fr\/produit\/heavenly-rosewood-batonnets-dencens\/","og_site_name":"Bhagwan Incense | EU and Worldwide Shop","article_publisher":"https:\/\/www.facebook.com\/profile.php?id=100093081477613&mibextid=ZbWKwLp","article_modified_time":"2026-03-27T20:59:26+00:00","og_image":[{"width":740,"height":1109,"url":"https:\/\/bhagwan-incense.com\/wp-content\/uploads\/2025\/01\/2-4_3.jpg?wsr","type":"image\/jpeg"}],"twitter_card":"summary_large_image","twitter_misc":{"Dur\u00e9e de lecture estim\u00e9e":"1 minute"},"schema":{"@context":"https:\/\/schema.org","@graph":[{"@type":"WebPage","@id":"https:\/\/bhagwan-incense.com\/fr\/produit\/heavenly-rosewood-batonnets-dencens\/","url":"https:\/\/bhagwan-incense.com\/fr\/produit\/heavenly-rosewood-batonnets-dencens\/","name":"Encens Bois de Rose \u2013 Cr\u00e9meux, Balsamique et Floral avec Base Halmaddi","isPartOf":{"@id":"https:\/\/bhagwan-incense.com\/fr\/#website"},"primaryImageOfPage":{"@id":"https:\/\/bhagwan-incense.com\/fr\/produit\/heavenly-rosewood-batonnets-dencens\/#primaryimage"},"image":{"@id":"https:\/\/bhagwan-incense.com\/fr\/produit\/heavenly-rosewood-batonnets-dencens\/#primaryimage"},"thumbnailUrl":"https:\/\/bhagwan-incense.com\/wp-content\/uploads\/2025\/01\/2-4_3.jpg?wsr","datePublished":"2025-01-04T22:51:05+00:00","dateModified":"2026-03-27T20:59:26+00:00","description":"D\u00e9couvrez l'Encens Bois de Rose, un m\u00e9lange sucr\u00e9 de musc bois\u00e9 et de rose sur une base parfum\u00e9e d'Halmaddi. Avec un profil cr\u00e9meux, balsamique et floral, il est parfait pour le massage, le spa et le tantra. Un best-seller appr\u00e9ci\u00e9 pour son ar\u00f4me distinct.","breadcrumb":{"@id":"https:\/\/bhagwan-incense.com\/fr\/produit\/heavenly-rosewood-batonnets-dencens\/#breadcrumb"},"inLanguage":"fr-FR","potentialAction":[{"@type":"ReadAction","target":["https:\/\/bhagwan-incense.com\/fr\/produit\/heavenly-rosewood-batonnets-dencens\/"]}]},{"@type":"ImageObject","inLanguage":"fr-FR","@id":"https:\/\/bhagwan-incense.com\/fr\/produit\/heavenly-rosewood-batonnets-dencens\/#primaryimage","url":"https:\/\/bhagwan-incense.com\/wp-content\/uploads\/2025\/01\/2-4_3.jpg?wsr","contentUrl":"https:\/\/bhagwan-incense.com\/wp-content\/uploads\/2025\/01\/2-4_3.jpg?wsr","width":740,"height":1109},{"@type":"BreadcrumbList","@id":"https:\/\/bhagwan-incense.com\/fr\/produit\/heavenly-rosewood-batonnets-dencens\/#breadcrumb","itemListElement":[{"@type":"ListItem","position":1,"name":"Home","item":"https:\/\/bhagwan-incense.com\/fr\/"},{"@type":"ListItem","position":2,"name":"Boutique","item":"https:\/\/bhagwan-incense.com\/fr\/boutique\/"},{"@type":"ListItem","position":3,"name":"Bois de Rose C\u00e9leste B\u00e2tonnets d&#8217;Encens"}]},{"@type":"WebSite","@id":"https:\/\/bhagwan-incense.com\/fr\/#website","url":"https:\/\/bhagwan-incense.com\/fr\/","name":"Bhagwan Incense | EU and Worldwide Incense Shop","description":"Pure and Natural Incense from India","publisher":{"@id":"https:\/\/bhagwan-incense.com\/fr\/#organization"},"potentialAction":[{"@type":"SearchAction","target":{"@type":"EntryPoint","urlTemplate":"https:\/\/bhagwan-incense.com\/fr\/?s={search_term_string}"},"query-input":{"@type":"PropertyValueSpecification","valueRequired":true,"valueName":"search_term_string"}}],"inLanguage":"fr-FR"},{"@type":"Organization","@id":"https:\/\/bhagwan-incense.com\/fr\/#organization","name":"Bhagwan incense","url":"https:\/\/bhagwan-incense.com\/fr\/","logo":{"@type":"ImageObject","inLanguage":"fr-FR","@id":"https:\/\/bhagwan-incense.com\/fr\/#\/schema\/logo\/image\/","url":"https:\/\/bhagwan-incense.com\/wp-content\/uploads\/2023\/06\/Logo-black.png","contentUrl":"https:\/\/bhagwan-incense.com\/wp-content\/uploads\/2023\/06\/Logo-black.png","width":150,"height":150,"caption":"Bhagwan incense"},"image":{"@id":"https:\/\/bhagwan-incense.com\/fr\/#\/schema\/logo\/image\/"},"sameAs":["https:\/\/www.facebook.com\/profile.php?id=100093081477613&mibextid=ZbWKwLp","https:\/\/www.instagram.com\/bhagwan_incense\/"]}]}},"_links":{"self":[{"href":"https:\/\/bhagwan-incense.com\/fr\/wp-json\/wp\/v2\/product\/14479","targetHints":{"allow":["GET"]}}],"collection":[{"href":"https:\/\/bhagwan-incense.com\/fr\/wp-json\/wp\/v2\/product"}],"about":[{"href":"https:\/\/bhagwan-incense.com\/fr\/wp-json\/wp\/v2\/types\/product"}],"replies":[{"embeddable":true,"href":"https:\/\/bhagwan-incense.com\/fr\/wp-json\/wp\/v2\/comments?post=14479"}],"wp:featuredmedia":[{"embeddable":true,"href":"https:\/\/bhagwan-incense.com\/fr\/wp-json\/wp\/v2\/media\/14481"}],"wp:attachment":[{"href":"https:\/\/bhagwan-incense.com\/fr\/wp-json\/wp\/v2\/media?parent=14479"}],"wp:term":[{"taxonomy":"product_brand","embeddable":true,"href":"https:\/\/bhagwan-incense.com\/fr\/wp-json\/wp\/v2\/product_brand?post=14479"},{"taxonomy":"product_cat","embeddable":true,"href":"https:\/\/bhagwan-incense.com\/fr\/wp-json\/wp\/v2\/product_cat?post=14479"},{"taxonomy":"product_tag","embeddable":true,"href":"https:\/\/bhagwan-incense.com\/fr\/wp-json\/wp\/v2\/product_tag?post=14479"}],"curies":[{"name":"wp","href":"https:\/\/api.w.org\/{rel}","templated":true}]}}