{"id":14485,"date":"2025-01-04T23:58:15","date_gmt":"2025-01-04T22:58:15","guid":{"rendered":"https:\/\/bhagwan-incense.com\/?post_type=product&#038;p=14485"},"modified":"2026-03-27T22:44:54","modified_gmt":"2026-03-27T21:44:54","slug":"musk-sandalwood-batonnets-dencens","status":"publish","type":"product","link":"https:\/\/bhagwan-incense.com\/fr\/produit\/musk-sandalwood-batonnets-dencens\/","title":{"rendered":"Musc &#038; Santal B\u00e2tonnets d&#8217;Encens"},"content":{"rendered":"<p>Le musc bois\u00e9 sec et le bois de santal robuste se combinent pour produire un m\u00e9lange de notes animales et de bois de santal, avec de l\u00e9gers sous-tons balsamiques et r\u00e9sineux. Faisant partie de notre incroyable gamme Classic, c\u2019est une parfaite introduction \u00e0 l&#8217;encens de qualit\u00e9.<\/p>\n","protected":false},"excerpt":{"rendered":"<p>Un m\u00e9lange attrayant de bois de santal et de musc floral sec, avec une touche de vanille et des notes de cerise, cr\u00e9ant un ar\u00f4me tr\u00e8s d\u00e9licieux. Un m\u00e9lange rare et unique, exclusivement con\u00e7u pour Bhagwan Incense.<\/p>\n","protected":false},"featured_media":14487,"comment_status":"open","ping_status":"closed","template":"","meta":[],"product_brand":[],"product_cat":[60,64,59],"product_tag":[75,74,67,72],"class_list":{"0":"post-14485","1":"product","2":"type-product","3":"status-publish","4":"has-post-thumbnail","6":"product_cat-boise","7":"product_cat-musc","8":"product_cat-santal","9":"product_tag-boise","10":"product_tag-epice","11":"product_tag-floral-fr-2","12":"product_tag-oriental-fr","14":"first","15":"instock","16":"shipping-taxable","17":"purchasable","18":"product-type-simple"},"yoast_head":"<!-- This site is optimized with the Yoast SEO plugin v27.3 - https:\/\/yoast.com\/product\/yoast-seo-wordpress\/ -->\n<title>Encens Musc &amp; Bois de Santal \u2013 Ar\u00f4me Bois\u00e9, Floral et Balsamique<\/title>\n<meta name=\"description\" content=\"D\u00e9couvrez l&#039;encens Musc &amp; Bois de Santal, un m\u00e9lange captivant de bois de santal et de musc floral sec, avec des touches de vanille et de cerise. Cet ar\u00f4me d\u00e9licieux combine des notes animales, le bois de santal, et des sous-tons balsamiques et r\u00e9sineux.\" \/>\n<meta name=\"robots\" content=\"index, follow, max-snippet:-1, max-image-preview:large, max-video-preview:-1\" \/>\n<link rel=\"canonical\" href=\"https:\/\/bhagwan-incense.com\/fr\/produit\/musk-sandalwood-batonnets-dencens\/\" \/>\n<meta property=\"og:locale\" content=\"fr_FR\" \/>\n<meta property=\"og:type\" content=\"article\" \/>\n<meta property=\"og:title\" content=\"Encens Musc &amp; Bois de Santal \u2013 Ar\u00f4me Bois\u00e9, Floral et Balsamique\" \/>\n<meta property=\"og:description\" content=\"D\u00e9couvrez l&#039;encens Musc &amp; Bois de Santal, un m\u00e9lange captivant de bois de santal et de musc floral sec, avec des touches de vanille et de cerise. Cet ar\u00f4me d\u00e9licieux combine des notes animales, le bois de santal, et des sous-tons balsamiques et r\u00e9sineux.\" \/>\n<meta property=\"og:url\" content=\"https:\/\/bhagwan-incense.com\/fr\/produit\/musk-sandalwood-batonnets-dencens\/\" \/>\n<meta property=\"og:site_name\" content=\"Bhagwan Incense | EU and Worldwide Shop\" \/>\n<meta property=\"article:publisher\" content=\"https:\/\/www.facebook.com\/profile.php?id=100093081477613&amp;mibextid=ZbWKwLp\" \/>\n<meta property=\"article:modified_time\" content=\"2026-03-27T21:44:54+00:00\" \/>\n<meta property=\"og:image\" content=\"https:\/\/bhagwan-incense.com\/wp-content\/uploads\/2025\/01\/IMG_0008_2.jpg?wsr\" \/>\n\t<meta property=\"og:image:width\" content=\"720\" \/>\n\t<meta property=\"og:image:height\" content=\"1081\" \/>\n\t<meta property=\"og:image:type\" content=\"image\/jpeg\" \/>\n<meta name=\"twitter:card\" content=\"summary_large_image\" \/>\n<meta name=\"twitter:label1\" content=\"Dur\u00e9e de lecture estim\u00e9e\" \/>\n\t<meta name=\"twitter:data1\" content=\"1 minute\" \/>\n<script type=\"application\/ld+json\" class=\"yoast-schema-graph\">{\"@context\":\"https:\\\/\\\/schema.org\",\"@graph\":[{\"@type\":\"WebPage\",\"@id\":\"https:\\\/\\\/bhagwan-incense.com\\\/fr\\\/produit\\\/musk-sandalwood-batonnets-dencens\\\/\",\"url\":\"https:\\\/\\\/bhagwan-incense.com\\\/fr\\\/produit\\\/musk-sandalwood-batonnets-dencens\\\/\",\"name\":\"Encens Musc & Bois de Santal \u2013 Ar\u00f4me Bois\u00e9, Floral et Balsamique\",\"isPartOf\":{\"@id\":\"https:\\\/\\\/bhagwan-incense.com\\\/fr\\\/#website\"},\"primaryImageOfPage\":{\"@id\":\"https:\\\/\\\/bhagwan-incense.com\\\/fr\\\/produit\\\/musk-sandalwood-batonnets-dencens\\\/#primaryimage\"},\"image\":{\"@id\":\"https:\\\/\\\/bhagwan-incense.com\\\/fr\\\/produit\\\/musk-sandalwood-batonnets-dencens\\\/#primaryimage\"},\"thumbnailUrl\":\"https:\\\/\\\/bhagwan-incense.com\\\/wp-content\\\/uploads\\\/2025\\\/01\\\/IMG_0008_2.jpg?wsr\",\"datePublished\":\"2025-01-04T22:58:15+00:00\",\"dateModified\":\"2026-03-27T21:44:54+00:00\",\"description\":\"D\u00e9couvrez l'encens Musc & Bois de Santal, un m\u00e9lange captivant de bois de santal et de musc floral sec, avec des touches de vanille et de cerise. Cet ar\u00f4me d\u00e9licieux combine des notes animales, le bois de santal, et des sous-tons balsamiques et r\u00e9sineux.\",\"breadcrumb\":{\"@id\":\"https:\\\/\\\/bhagwan-incense.com\\\/fr\\\/produit\\\/musk-sandalwood-batonnets-dencens\\\/#breadcrumb\"},\"inLanguage\":\"fr-FR\",\"potentialAction\":[{\"@type\":\"ReadAction\",\"target\":[\"https:\\\/\\\/bhagwan-incense.com\\\/fr\\\/produit\\\/musk-sandalwood-batonnets-dencens\\\/\"]}]},{\"@type\":\"ImageObject\",\"inLanguage\":\"fr-FR\",\"@id\":\"https:\\\/\\\/bhagwan-incense.com\\\/fr\\\/produit\\\/musk-sandalwood-batonnets-dencens\\\/#primaryimage\",\"url\":\"https:\\\/\\\/bhagwan-incense.com\\\/wp-content\\\/uploads\\\/2025\\\/01\\\/IMG_0008_2.jpg?wsr\",\"contentUrl\":\"https:\\\/\\\/bhagwan-incense.com\\\/wp-content\\\/uploads\\\/2025\\\/01\\\/IMG_0008_2.jpg?wsr\",\"width\":720,\"height\":1081},{\"@type\":\"BreadcrumbList\",\"@id\":\"https:\\\/\\\/bhagwan-incense.com\\\/fr\\\/produit\\\/musk-sandalwood-batonnets-dencens\\\/#breadcrumb\",\"itemListElement\":[{\"@type\":\"ListItem\",\"position\":1,\"name\":\"Home\",\"item\":\"https:\\\/\\\/bhagwan-incense.com\\\/fr\\\/\"},{\"@type\":\"ListItem\",\"position\":2,\"name\":\"Boutique\",\"item\":\"https:\\\/\\\/bhagwan-incense.com\\\/fr\\\/boutique\\\/\"},{\"@type\":\"ListItem\",\"position\":3,\"name\":\"Musc &#038; Santal B\u00e2tonnets d&#8217;Encens\"}]},{\"@type\":\"WebSite\",\"@id\":\"https:\\\/\\\/bhagwan-incense.com\\\/fr\\\/#website\",\"url\":\"https:\\\/\\\/bhagwan-incense.com\\\/fr\\\/\",\"name\":\"Bhagwan Incense | EU and Worldwide Incense Shop\",\"description\":\"Pure and Natural Incense from India\",\"publisher\":{\"@id\":\"https:\\\/\\\/bhagwan-incense.com\\\/fr\\\/#organization\"},\"potentialAction\":[{\"@type\":\"SearchAction\",\"target\":{\"@type\":\"EntryPoint\",\"urlTemplate\":\"https:\\\/\\\/bhagwan-incense.com\\\/fr\\\/?s={search_term_string}\"},\"query-input\":{\"@type\":\"PropertyValueSpecification\",\"valueRequired\":true,\"valueName\":\"search_term_string\"}}],\"inLanguage\":\"fr-FR\"},{\"@type\":\"Organization\",\"@id\":\"https:\\\/\\\/bhagwan-incense.com\\\/fr\\\/#organization\",\"name\":\"Bhagwan incense\",\"url\":\"https:\\\/\\\/bhagwan-incense.com\\\/fr\\\/\",\"logo\":{\"@type\":\"ImageObject\",\"inLanguage\":\"fr-FR\",\"@id\":\"https:\\\/\\\/bhagwan-incense.com\\\/fr\\\/#\\\/schema\\\/logo\\\/image\\\/\",\"url\":\"https:\\\/\\\/bhagwan-incense.com\\\/wp-content\\\/uploads\\\/2023\\\/06\\\/Logo-black.png\",\"contentUrl\":\"https:\\\/\\\/bhagwan-incense.com\\\/wp-content\\\/uploads\\\/2023\\\/06\\\/Logo-black.png\",\"width\":150,\"height\":150,\"caption\":\"Bhagwan incense\"},\"image\":{\"@id\":\"https:\\\/\\\/bhagwan-incense.com\\\/fr\\\/#\\\/schema\\\/logo\\\/image\\\/\"},\"sameAs\":[\"https:\\\/\\\/www.facebook.com\\\/profile.php?id=100093081477613&mibextid=ZbWKwLp\",\"https:\\\/\\\/www.instagram.com\\\/bhagwan_incense\\\/\"]}]}<\/script>\n<!-- \/ Yoast SEO plugin. -->","yoast_head_json":{"title":"Encens Musc & Bois de Santal \u2013 Ar\u00f4me Bois\u00e9, Floral et Balsamique","description":"D\u00e9couvrez l'encens Musc & Bois de Santal, un m\u00e9lange captivant de bois de santal et de musc floral sec, avec des touches de vanille et de cerise. Cet ar\u00f4me d\u00e9licieux combine des notes animales, le bois de santal, et des sous-tons balsamiques et r\u00e9sineux.","robots":{"index":"index","follow":"follow","max-snippet":"max-snippet:-1","max-image-preview":"max-image-preview:large","max-video-preview":"max-video-preview:-1"},"canonical":"https:\/\/bhagwan-incense.com\/fr\/produit\/musk-sandalwood-batonnets-dencens\/","og_locale":"fr_FR","og_type":"article","og_title":"Encens Musc & Bois de Santal \u2013 Ar\u00f4me Bois\u00e9, Floral et Balsamique","og_description":"D\u00e9couvrez l'encens Musc & Bois de Santal, un m\u00e9lange captivant de bois de santal et de musc floral sec, avec des touches de vanille et de cerise. Cet ar\u00f4me d\u00e9licieux combine des notes animales, le bois de santal, et des sous-tons balsamiques et r\u00e9sineux.","og_url":"https:\/\/bhagwan-incense.com\/fr\/produit\/musk-sandalwood-batonnets-dencens\/","og_site_name":"Bhagwan Incense | EU and Worldwide Shop","article_publisher":"https:\/\/www.facebook.com\/profile.php?id=100093081477613&mibextid=ZbWKwLp","article_modified_time":"2026-03-27T21:44:54+00:00","og_image":[{"width":720,"height":1081,"url":"https:\/\/bhagwan-incense.com\/wp-content\/uploads\/2025\/01\/IMG_0008_2.jpg?wsr","type":"image\/jpeg"}],"twitter_card":"summary_large_image","twitter_misc":{"Dur\u00e9e de lecture estim\u00e9e":"1 minute"},"schema":{"@context":"https:\/\/schema.org","@graph":[{"@type":"WebPage","@id":"https:\/\/bhagwan-incense.com\/fr\/produit\/musk-sandalwood-batonnets-dencens\/","url":"https:\/\/bhagwan-incense.com\/fr\/produit\/musk-sandalwood-batonnets-dencens\/","name":"Encens Musc & Bois de Santal \u2013 Ar\u00f4me Bois\u00e9, Floral et Balsamique","isPartOf":{"@id":"https:\/\/bhagwan-incense.com\/fr\/#website"},"primaryImageOfPage":{"@id":"https:\/\/bhagwan-incense.com\/fr\/produit\/musk-sandalwood-batonnets-dencens\/#primaryimage"},"image":{"@id":"https:\/\/bhagwan-incense.com\/fr\/produit\/musk-sandalwood-batonnets-dencens\/#primaryimage"},"thumbnailUrl":"https:\/\/bhagwan-incense.com\/wp-content\/uploads\/2025\/01\/IMG_0008_2.jpg?wsr","datePublished":"2025-01-04T22:58:15+00:00","dateModified":"2026-03-27T21:44:54+00:00","description":"D\u00e9couvrez l'encens Musc & Bois de Santal, un m\u00e9lange captivant de bois de santal et de musc floral sec, avec des touches de vanille et de cerise. Cet ar\u00f4me d\u00e9licieux combine des notes animales, le bois de santal, et des sous-tons balsamiques et r\u00e9sineux.","breadcrumb":{"@id":"https:\/\/bhagwan-incense.com\/fr\/produit\/musk-sandalwood-batonnets-dencens\/#breadcrumb"},"inLanguage":"fr-FR","potentialAction":[{"@type":"ReadAction","target":["https:\/\/bhagwan-incense.com\/fr\/produit\/musk-sandalwood-batonnets-dencens\/"]}]},{"@type":"ImageObject","inLanguage":"fr-FR","@id":"https:\/\/bhagwan-incense.com\/fr\/produit\/musk-sandalwood-batonnets-dencens\/#primaryimage","url":"https:\/\/bhagwan-incense.com\/wp-content\/uploads\/2025\/01\/IMG_0008_2.jpg?wsr","contentUrl":"https:\/\/bhagwan-incense.com\/wp-content\/uploads\/2025\/01\/IMG_0008_2.jpg?wsr","width":720,"height":1081},{"@type":"BreadcrumbList","@id":"https:\/\/bhagwan-incense.com\/fr\/produit\/musk-sandalwood-batonnets-dencens\/#breadcrumb","itemListElement":[{"@type":"ListItem","position":1,"name":"Home","item":"https:\/\/bhagwan-incense.com\/fr\/"},{"@type":"ListItem","position":2,"name":"Boutique","item":"https:\/\/bhagwan-incense.com\/fr\/boutique\/"},{"@type":"ListItem","position":3,"name":"Musc &#038; Santal B\u00e2tonnets d&#8217;Encens"}]},{"@type":"WebSite","@id":"https:\/\/bhagwan-incense.com\/fr\/#website","url":"https:\/\/bhagwan-incense.com\/fr\/","name":"Bhagwan Incense | EU and Worldwide Incense Shop","description":"Pure and Natural Incense from India","publisher":{"@id":"https:\/\/bhagwan-incense.com\/fr\/#organization"},"potentialAction":[{"@type":"SearchAction","target":{"@type":"EntryPoint","urlTemplate":"https:\/\/bhagwan-incense.com\/fr\/?s={search_term_string}"},"query-input":{"@type":"PropertyValueSpecification","valueRequired":true,"valueName":"search_term_string"}}],"inLanguage":"fr-FR"},{"@type":"Organization","@id":"https:\/\/bhagwan-incense.com\/fr\/#organization","name":"Bhagwan incense","url":"https:\/\/bhagwan-incense.com\/fr\/","logo":{"@type":"ImageObject","inLanguage":"fr-FR","@id":"https:\/\/bhagwan-incense.com\/fr\/#\/schema\/logo\/image\/","url":"https:\/\/bhagwan-incense.com\/wp-content\/uploads\/2023\/06\/Logo-black.png","contentUrl":"https:\/\/bhagwan-incense.com\/wp-content\/uploads\/2023\/06\/Logo-black.png","width":150,"height":150,"caption":"Bhagwan incense"},"image":{"@id":"https:\/\/bhagwan-incense.com\/fr\/#\/schema\/logo\/image\/"},"sameAs":["https:\/\/www.facebook.com\/profile.php?id=100093081477613&mibextid=ZbWKwLp","https:\/\/www.instagram.com\/bhagwan_incense\/"]}]}},"_links":{"self":[{"href":"https:\/\/bhagwan-incense.com\/fr\/wp-json\/wp\/v2\/product\/14485","targetHints":{"allow":["GET"]}}],"collection":[{"href":"https:\/\/bhagwan-incense.com\/fr\/wp-json\/wp\/v2\/product"}],"about":[{"href":"https:\/\/bhagwan-incense.com\/fr\/wp-json\/wp\/v2\/types\/product"}],"replies":[{"embeddable":true,"href":"https:\/\/bhagwan-incense.com\/fr\/wp-json\/wp\/v2\/comments?post=14485"}],"wp:featuredmedia":[{"embeddable":true,"href":"https:\/\/bhagwan-incense.com\/fr\/wp-json\/wp\/v2\/media\/14487"}],"wp:attachment":[{"href":"https:\/\/bhagwan-incense.com\/fr\/wp-json\/wp\/v2\/media?parent=14485"}],"wp:term":[{"taxonomy":"product_brand","embeddable":true,"href":"https:\/\/bhagwan-incense.com\/fr\/wp-json\/wp\/v2\/product_brand?post=14485"},{"taxonomy":"product_cat","embeddable":true,"href":"https:\/\/bhagwan-incense.com\/fr\/wp-json\/wp\/v2\/product_cat?post=14485"},{"taxonomy":"product_tag","embeddable":true,"href":"https:\/\/bhagwan-incense.com\/fr\/wp-json\/wp\/v2\/product_tag?post=14485"}],"curies":[{"name":"wp","href":"https:\/\/api.w.org\/{rel}","templated":true}]}}