{"id":14491,"date":"2025-01-05T00:10:33","date_gmt":"2025-01-04T23:10:33","guid":{"rendered":"https:\/\/bhagwan-incense.com\/?post_type=product&#038;p=14491"},"modified":"2025-01-05T00:52:52","modified_gmt":"2025-01-04T23:52:52","slug":"ambre-blanc-batonnets-dencens","status":"publish","type":"product","link":"https:\/\/bhagwan-incense.com\/fr\/produit\/ambre-blanc-batonnets-dencens\/","title":{"rendered":"Ambre Blanc B\u00e2tonnets d&#8217;Encens"},"content":{"rendered":"<p>Fabriqu\u00e9 avec le pr\u00e9cieux halmaddi de la r\u00e9gion de Puttur au Karnataka et de la s\u00e8ve d&#8217;ambre r\u00e9colt\u00e9e sur des arbres anciens, cet ambre \u00e9vite la lourdeur des r\u00e9sines traditionnelles. Il offre plut\u00f4t un profil plus l\u00e9ger, m\u00ealant le bois \u00e0 des notes subtiles de miel et de propolis. Faisant partie de notre gamme Classic \u2013 un chef-d&#8217;\u0153uvre bois\u00e9 unique \u00e0 un prix imbattable !<\/p>\n","protected":false},"excerpt":{"rendered":"<p>Un ambre tr\u00e8s attrayant, l\u00e9ger, bois\u00e9 et r\u00e9sineux avec des notes balsamiques et min\u00e9rales, accentu\u00e9 par des touches de vanille et de subtils sous-tons poivr\u00e9s. \u00c9th\u00e9r\u00e9 et a\u00e9rien, aussi l\u00e9ger qu&#8217;une brise.<\/p>\n","protected":false},"featured_media":14493,"comment_status":"open","ping_status":"closed","template":"","meta":[],"product_brand":[],"product_cat":[60,61,85],"product_tag":[75,74,72,73],"class_list":{"0":"post-14491","1":"product","2":"type-product","3":"status-publish","4":"has-post-thumbnail","6":"product_cat-boise","7":"product_cat-floral","8":"product_cat-yoga-fr","9":"product_tag-boise","10":"product_tag-epice","11":"product_tag-oriental-fr","12":"product_tag-resineux","14":"first","15":"instock","16":"shipping-taxable","17":"purchasable","18":"product-type-simple"},"yoast_head":"<!-- This site is optimized with the Yoast SEO plugin v27.3 - https:\/\/yoast.com\/product\/yoast-seo-wordpress\/ -->\n<title>Encens Ambre Blanc \u2013 L\u00e9ger, Bois\u00e9 et R\u00e9sineux avec le Pr\u00e9cieux Halmaddi<\/title>\n<meta name=\"description\" content=\"D\u00e9couvrez l&#039;encens Ambre Blanc, un m\u00e9lange raffin\u00e9 d&#039;ambre l\u00e9ger, bois\u00e9 et r\u00e9sineux avec des notes balsamiques, vanill\u00e9es et poivr\u00e9es. Fabriqu\u00e9 avec du Halmaddi du Karnataka et de la s\u00e8ve d&#039;ambre, il offre un ar\u00f4me d\u00e9licat et miel\u00e9 avec de subtiles touches de propolis.\" \/>\n<meta name=\"robots\" content=\"index, follow, max-snippet:-1, max-image-preview:large, max-video-preview:-1\" \/>\n<link rel=\"canonical\" href=\"https:\/\/bhagwan-incense.com\/fr\/produit\/ambre-blanc-batonnets-dencens\/\" \/>\n<meta property=\"og:locale\" content=\"fr_FR\" \/>\n<meta property=\"og:type\" content=\"article\" \/>\n<meta property=\"og:title\" content=\"Encens Ambre Blanc \u2013 L\u00e9ger, Bois\u00e9 et R\u00e9sineux avec le Pr\u00e9cieux Halmaddi\" \/>\n<meta property=\"og:description\" content=\"D\u00e9couvrez l&#039;encens Ambre Blanc, un m\u00e9lange raffin\u00e9 d&#039;ambre l\u00e9ger, bois\u00e9 et r\u00e9sineux avec des notes balsamiques, vanill\u00e9es et poivr\u00e9es. Fabriqu\u00e9 avec du Halmaddi du Karnataka et de la s\u00e8ve d&#039;ambre, il offre un ar\u00f4me d\u00e9licat et miel\u00e9 avec de subtiles touches de propolis.\" \/>\n<meta property=\"og:url\" content=\"https:\/\/bhagwan-incense.com\/fr\/produit\/ambre-blanc-batonnets-dencens\/\" \/>\n<meta property=\"og:site_name\" content=\"Bhagwan Incense | EU and Worldwide Shop\" \/>\n<meta property=\"article:publisher\" content=\"https:\/\/www.facebook.com\/profile.php?id=100093081477613&amp;mibextid=ZbWKwLp\" \/>\n<meta property=\"article:modified_time\" content=\"2025-01-04T23:52:52+00:00\" \/>\n<meta property=\"og:image\" content=\"https:\/\/bhagwan-incense.com\/wp-content\/uploads\/2025\/01\/IMG_0008-3.jpg\" \/>\n\t<meta property=\"og:image:width\" content=\"785\" \/>\n\t<meta property=\"og:image:height\" content=\"1178\" \/>\n\t<meta property=\"og:image:type\" content=\"image\/jpeg\" \/>\n<meta name=\"twitter:card\" content=\"summary_large_image\" \/>\n<meta name=\"twitter:label1\" content=\"Dur\u00e9e de lecture estim\u00e9e\" \/>\n\t<meta name=\"twitter:data1\" content=\"1 minute\" \/>\n<script type=\"application\/ld+json\" class=\"yoast-schema-graph\">{\"@context\":\"https:\\\/\\\/schema.org\",\"@graph\":[{\"@type\":\"WebPage\",\"@id\":\"https:\\\/\\\/bhagwan-incense.com\\\/fr\\\/produit\\\/ambre-blanc-batonnets-dencens\\\/\",\"url\":\"https:\\\/\\\/bhagwan-incense.com\\\/fr\\\/produit\\\/ambre-blanc-batonnets-dencens\\\/\",\"name\":\"Encens Ambre Blanc \u2013 L\u00e9ger, Bois\u00e9 et R\u00e9sineux avec le Pr\u00e9cieux Halmaddi\",\"isPartOf\":{\"@id\":\"https:\\\/\\\/bhagwan-incense.com\\\/fr\\\/#website\"},\"primaryImageOfPage\":{\"@id\":\"https:\\\/\\\/bhagwan-incense.com\\\/fr\\\/produit\\\/ambre-blanc-batonnets-dencens\\\/#primaryimage\"},\"image\":{\"@id\":\"https:\\\/\\\/bhagwan-incense.com\\\/fr\\\/produit\\\/ambre-blanc-batonnets-dencens\\\/#primaryimage\"},\"thumbnailUrl\":\"https:\\\/\\\/bhagwan-incense.com\\\/wp-content\\\/uploads\\\/2025\\\/01\\\/IMG_0008-3.jpg?wsr\",\"datePublished\":\"2025-01-04T23:10:33+00:00\",\"dateModified\":\"2025-01-04T23:52:52+00:00\",\"description\":\"D\u00e9couvrez l'encens Ambre Blanc, un m\u00e9lange raffin\u00e9 d'ambre l\u00e9ger, bois\u00e9 et r\u00e9sineux avec des notes balsamiques, vanill\u00e9es et poivr\u00e9es. Fabriqu\u00e9 avec du Halmaddi du Karnataka et de la s\u00e8ve d'ambre, il offre un ar\u00f4me d\u00e9licat et miel\u00e9 avec de subtiles touches de propolis.\",\"breadcrumb\":{\"@id\":\"https:\\\/\\\/bhagwan-incense.com\\\/fr\\\/produit\\\/ambre-blanc-batonnets-dencens\\\/#breadcrumb\"},\"inLanguage\":\"fr-FR\",\"potentialAction\":[{\"@type\":\"ReadAction\",\"target\":[\"https:\\\/\\\/bhagwan-incense.com\\\/fr\\\/produit\\\/ambre-blanc-batonnets-dencens\\\/\"]}]},{\"@type\":\"ImageObject\",\"inLanguage\":\"fr-FR\",\"@id\":\"https:\\\/\\\/bhagwan-incense.com\\\/fr\\\/produit\\\/ambre-blanc-batonnets-dencens\\\/#primaryimage\",\"url\":\"https:\\\/\\\/bhagwan-incense.com\\\/wp-content\\\/uploads\\\/2025\\\/01\\\/IMG_0008-3.jpg?wsr\",\"contentUrl\":\"https:\\\/\\\/bhagwan-incense.com\\\/wp-content\\\/uploads\\\/2025\\\/01\\\/IMG_0008-3.jpg?wsr\",\"width\":785,\"height\":1178},{\"@type\":\"BreadcrumbList\",\"@id\":\"https:\\\/\\\/bhagwan-incense.com\\\/fr\\\/produit\\\/ambre-blanc-batonnets-dencens\\\/#breadcrumb\",\"itemListElement\":[{\"@type\":\"ListItem\",\"position\":1,\"name\":\"Home\",\"item\":\"https:\\\/\\\/bhagwan-incense.com\\\/fr\\\/\"},{\"@type\":\"ListItem\",\"position\":2,\"name\":\"Boutique\",\"item\":\"https:\\\/\\\/bhagwan-incense.com\\\/fr\\\/boutique\\\/\"},{\"@type\":\"ListItem\",\"position\":3,\"name\":\"Ambre Blanc B\u00e2tonnets d&#8217;Encens\"}]},{\"@type\":\"WebSite\",\"@id\":\"https:\\\/\\\/bhagwan-incense.com\\\/fr\\\/#website\",\"url\":\"https:\\\/\\\/bhagwan-incense.com\\\/fr\\\/\",\"name\":\"Bhagwan Incense | EU and Worldwide Incense Shop\",\"description\":\"Pure and Natural Incense from India\",\"publisher\":{\"@id\":\"https:\\\/\\\/bhagwan-incense.com\\\/fr\\\/#organization\"},\"potentialAction\":[{\"@type\":\"SearchAction\",\"target\":{\"@type\":\"EntryPoint\",\"urlTemplate\":\"https:\\\/\\\/bhagwan-incense.com\\\/fr\\\/?s={search_term_string}\"},\"query-input\":{\"@type\":\"PropertyValueSpecification\",\"valueRequired\":true,\"valueName\":\"search_term_string\"}}],\"inLanguage\":\"fr-FR\"},{\"@type\":\"Organization\",\"@id\":\"https:\\\/\\\/bhagwan-incense.com\\\/fr\\\/#organization\",\"name\":\"Bhagwan incense\",\"url\":\"https:\\\/\\\/bhagwan-incense.com\\\/fr\\\/\",\"logo\":{\"@type\":\"ImageObject\",\"inLanguage\":\"fr-FR\",\"@id\":\"https:\\\/\\\/bhagwan-incense.com\\\/fr\\\/#\\\/schema\\\/logo\\\/image\\\/\",\"url\":\"https:\\\/\\\/bhagwan-incense.com\\\/wp-content\\\/uploads\\\/2023\\\/06\\\/Logo-black.png\",\"contentUrl\":\"https:\\\/\\\/bhagwan-incense.com\\\/wp-content\\\/uploads\\\/2023\\\/06\\\/Logo-black.png\",\"width\":150,\"height\":150,\"caption\":\"Bhagwan incense\"},\"image\":{\"@id\":\"https:\\\/\\\/bhagwan-incense.com\\\/fr\\\/#\\\/schema\\\/logo\\\/image\\\/\"},\"sameAs\":[\"https:\\\/\\\/www.facebook.com\\\/profile.php?id=100093081477613&mibextid=ZbWKwLp\",\"https:\\\/\\\/www.instagram.com\\\/bhagwan_incense\\\/\"]}]}<\/script>\n<!-- \/ Yoast SEO plugin. -->","yoast_head_json":{"title":"Encens Ambre Blanc \u2013 L\u00e9ger, Bois\u00e9 et R\u00e9sineux avec le Pr\u00e9cieux Halmaddi","description":"D\u00e9couvrez l'encens Ambre Blanc, un m\u00e9lange raffin\u00e9 d'ambre l\u00e9ger, bois\u00e9 et r\u00e9sineux avec des notes balsamiques, vanill\u00e9es et poivr\u00e9es. Fabriqu\u00e9 avec du Halmaddi du Karnataka et de la s\u00e8ve d'ambre, il offre un ar\u00f4me d\u00e9licat et miel\u00e9 avec de subtiles touches de propolis.","robots":{"index":"index","follow":"follow","max-snippet":"max-snippet:-1","max-image-preview":"max-image-preview:large","max-video-preview":"max-video-preview:-1"},"canonical":"https:\/\/bhagwan-incense.com\/fr\/produit\/ambre-blanc-batonnets-dencens\/","og_locale":"fr_FR","og_type":"article","og_title":"Encens Ambre Blanc \u2013 L\u00e9ger, Bois\u00e9 et R\u00e9sineux avec le Pr\u00e9cieux Halmaddi","og_description":"D\u00e9couvrez l'encens Ambre Blanc, un m\u00e9lange raffin\u00e9 d'ambre l\u00e9ger, bois\u00e9 et r\u00e9sineux avec des notes balsamiques, vanill\u00e9es et poivr\u00e9es. Fabriqu\u00e9 avec du Halmaddi du Karnataka et de la s\u00e8ve d'ambre, il offre un ar\u00f4me d\u00e9licat et miel\u00e9 avec de subtiles touches de propolis.","og_url":"https:\/\/bhagwan-incense.com\/fr\/produit\/ambre-blanc-batonnets-dencens\/","og_site_name":"Bhagwan Incense | EU and Worldwide Shop","article_publisher":"https:\/\/www.facebook.com\/profile.php?id=100093081477613&mibextid=ZbWKwLp","article_modified_time":"2025-01-04T23:52:52+00:00","og_image":[{"width":785,"height":1178,"url":"https:\/\/bhagwan-incense.com\/wp-content\/uploads\/2025\/01\/IMG_0008-3.jpg","type":"image\/jpeg"}],"twitter_card":"summary_large_image","twitter_misc":{"Dur\u00e9e de lecture estim\u00e9e":"1 minute"},"schema":{"@context":"https:\/\/schema.org","@graph":[{"@type":"WebPage","@id":"https:\/\/bhagwan-incense.com\/fr\/produit\/ambre-blanc-batonnets-dencens\/","url":"https:\/\/bhagwan-incense.com\/fr\/produit\/ambre-blanc-batonnets-dencens\/","name":"Encens Ambre Blanc \u2013 L\u00e9ger, Bois\u00e9 et R\u00e9sineux avec le Pr\u00e9cieux Halmaddi","isPartOf":{"@id":"https:\/\/bhagwan-incense.com\/fr\/#website"},"primaryImageOfPage":{"@id":"https:\/\/bhagwan-incense.com\/fr\/produit\/ambre-blanc-batonnets-dencens\/#primaryimage"},"image":{"@id":"https:\/\/bhagwan-incense.com\/fr\/produit\/ambre-blanc-batonnets-dencens\/#primaryimage"},"thumbnailUrl":"https:\/\/bhagwan-incense.com\/wp-content\/uploads\/2025\/01\/IMG_0008-3.jpg?wsr","datePublished":"2025-01-04T23:10:33+00:00","dateModified":"2025-01-04T23:52:52+00:00","description":"D\u00e9couvrez l'encens Ambre Blanc, un m\u00e9lange raffin\u00e9 d'ambre l\u00e9ger, bois\u00e9 et r\u00e9sineux avec des notes balsamiques, vanill\u00e9es et poivr\u00e9es. Fabriqu\u00e9 avec du Halmaddi du Karnataka et de la s\u00e8ve d'ambre, il offre un ar\u00f4me d\u00e9licat et miel\u00e9 avec de subtiles touches de propolis.","breadcrumb":{"@id":"https:\/\/bhagwan-incense.com\/fr\/produit\/ambre-blanc-batonnets-dencens\/#breadcrumb"},"inLanguage":"fr-FR","potentialAction":[{"@type":"ReadAction","target":["https:\/\/bhagwan-incense.com\/fr\/produit\/ambre-blanc-batonnets-dencens\/"]}]},{"@type":"ImageObject","inLanguage":"fr-FR","@id":"https:\/\/bhagwan-incense.com\/fr\/produit\/ambre-blanc-batonnets-dencens\/#primaryimage","url":"https:\/\/bhagwan-incense.com\/wp-content\/uploads\/2025\/01\/IMG_0008-3.jpg?wsr","contentUrl":"https:\/\/bhagwan-incense.com\/wp-content\/uploads\/2025\/01\/IMG_0008-3.jpg?wsr","width":785,"height":1178},{"@type":"BreadcrumbList","@id":"https:\/\/bhagwan-incense.com\/fr\/produit\/ambre-blanc-batonnets-dencens\/#breadcrumb","itemListElement":[{"@type":"ListItem","position":1,"name":"Home","item":"https:\/\/bhagwan-incense.com\/fr\/"},{"@type":"ListItem","position":2,"name":"Boutique","item":"https:\/\/bhagwan-incense.com\/fr\/boutique\/"},{"@type":"ListItem","position":3,"name":"Ambre Blanc B\u00e2tonnets d&#8217;Encens"}]},{"@type":"WebSite","@id":"https:\/\/bhagwan-incense.com\/fr\/#website","url":"https:\/\/bhagwan-incense.com\/fr\/","name":"Bhagwan Incense | EU and Worldwide Incense Shop","description":"Pure and Natural Incense from India","publisher":{"@id":"https:\/\/bhagwan-incense.com\/fr\/#organization"},"potentialAction":[{"@type":"SearchAction","target":{"@type":"EntryPoint","urlTemplate":"https:\/\/bhagwan-incense.com\/fr\/?s={search_term_string}"},"query-input":{"@type":"PropertyValueSpecification","valueRequired":true,"valueName":"search_term_string"}}],"inLanguage":"fr-FR"},{"@type":"Organization","@id":"https:\/\/bhagwan-incense.com\/fr\/#organization","name":"Bhagwan incense","url":"https:\/\/bhagwan-incense.com\/fr\/","logo":{"@type":"ImageObject","inLanguage":"fr-FR","@id":"https:\/\/bhagwan-incense.com\/fr\/#\/schema\/logo\/image\/","url":"https:\/\/bhagwan-incense.com\/wp-content\/uploads\/2023\/06\/Logo-black.png","contentUrl":"https:\/\/bhagwan-incense.com\/wp-content\/uploads\/2023\/06\/Logo-black.png","width":150,"height":150,"caption":"Bhagwan incense"},"image":{"@id":"https:\/\/bhagwan-incense.com\/fr\/#\/schema\/logo\/image\/"},"sameAs":["https:\/\/www.facebook.com\/profile.php?id=100093081477613&mibextid=ZbWKwLp","https:\/\/www.instagram.com\/bhagwan_incense\/"]}]}},"_links":{"self":[{"href":"https:\/\/bhagwan-incense.com\/fr\/wp-json\/wp\/v2\/product\/14491","targetHints":{"allow":["GET"]}}],"collection":[{"href":"https:\/\/bhagwan-incense.com\/fr\/wp-json\/wp\/v2\/product"}],"about":[{"href":"https:\/\/bhagwan-incense.com\/fr\/wp-json\/wp\/v2\/types\/product"}],"replies":[{"embeddable":true,"href":"https:\/\/bhagwan-incense.com\/fr\/wp-json\/wp\/v2\/comments?post=14491"}],"wp:featuredmedia":[{"embeddable":true,"href":"https:\/\/bhagwan-incense.com\/fr\/wp-json\/wp\/v2\/media\/14493"}],"wp:attachment":[{"href":"https:\/\/bhagwan-incense.com\/fr\/wp-json\/wp\/v2\/media?parent=14491"}],"wp:term":[{"taxonomy":"product_brand","embeddable":true,"href":"https:\/\/bhagwan-incense.com\/fr\/wp-json\/wp\/v2\/product_brand?post=14491"},{"taxonomy":"product_cat","embeddable":true,"href":"https:\/\/bhagwan-incense.com\/fr\/wp-json\/wp\/v2\/product_cat?post=14491"},{"taxonomy":"product_tag","embeddable":true,"href":"https:\/\/bhagwan-incense.com\/fr\/wp-json\/wp\/v2\/product_tag?post=14491"}],"curies":[{"name":"wp","href":"https:\/\/api.w.org\/{rel}","templated":true}]}}