{"id":14529,"date":"2025-01-22T19:07:50","date_gmt":"2025-01-22T18:07:50","guid":{"rendered":"https:\/\/bhagwan-incense.com\/?post_type=product&#038;p=14529"},"modified":"2026-03-27T22:44:25","modified_gmt":"2026-03-27T21:44:25","slug":"kashmiri-garden-batonnets-dencens","status":"publish","type":"product","link":"https:\/\/bhagwan-incense.com\/fr\/produit\/kashmiri-garden-batonnets-dencens\/","title":{"rendered":"Jardin du Cachemire B\u00e2tonnets d&#8217;Encens"},"content":{"rendered":"<p>Des notes florales rappelant le miel se m\u00ealent \u00e0 l\u2019essence apaisante de la myrrhe et du patchouli, cr\u00e9ant un bouquet l\u00e9g\u00e8rement herbac\u00e9 et m\u00e9dicinal, rehauss\u00e9 par l\u2019ar\u00f4me doux et fum\u00e9 de la cire naturelle de propolis br\u00fbl\u00e9e.<\/p>\n<p>Cet encens mystique capture la flore et les r\u00e9sines vari\u00e9es de la vall\u00e9e du Cachemire, \u00e9voquant la fum\u00e9e parfum\u00e9e qui s\u2019\u00e9l\u00e8ve des jardins luxuriants d\u2019arbres fruitiers, des mosqu\u00e9es et des temples. Ce n\u2019est pas seulement un encens \u2014 c\u2019est une exp\u00e9rience, apportant la pr\u00e9sence du paradis sur Terre (Cachemire).<\/p>\n","protected":false},"excerpt":{"rendered":"<p>Un m\u00e9lange \u00e9th\u00e9r\u00e9 de r\u00e9sine de myrrhe et d\u2019huiles de fleurs d\u2019alysson blanc, enrichi de subtiles notes de mousse de ch\u00eane et de patchouli. Cette composition complexe \u00e9voque l\u2019ar\u00f4me de l\u2019huile de chr\u00eame utilis\u00e9e dans les \u00e9glises sacr\u00e9es \u2014 un m\u00e9lange sacr\u00e9 de diverses huiles et r\u00e9sines.<\/p>\n","protected":false},"featured_media":14547,"comment_status":"open","ping_status":"closed","template":"","meta":[],"product_brand":[],"product_cat":[60,84,61,85],"product_tag":[67],"class_list":{"0":"post-14529","1":"product","2":"type-product","3":"status-publish","4":"has-post-thumbnail","6":"product_cat-boise","7":"product_cat-exotique-unique","8":"product_cat-floral","9":"product_cat-yoga-fr","10":"product_tag-floral-fr-2","12":"first","13":"instock","14":"shipping-taxable","15":"purchasable","16":"product-type-simple"},"yoast_head":"<!-- This site is optimized with the Yoast SEO plugin v27.5 - https:\/\/yoast.com\/product\/yoast-seo-wordpress\/ -->\n<title>Encens Jardin Cachemirien - M\u00e9lange Mystique de Myrrhe, Patchouli et Notes Florales<\/title>\n<meta name=\"description\" content=\"D\u00e9couvrez l\u2019ar\u00f4me enchanteur de l\u2019encens Jardin Cachemirien, \u00e9labor\u00e9 avec de la r\u00e9sine de myrrhe, des huiles d\u2019alysson blanc et des touches de mousse de ch\u00eane et de patchouli. \u00c9voquez les jardins luxuriants, les temples et la fum\u00e9e parfum\u00e9e du Cachemire avec ce m\u00e9lange c\u00e9leste. Parfait pour la m\u00e9ditation, la relaxation et la cr\u00e9ation d\u2019une ambiance sacr\u00e9e.\" \/>\n<meta name=\"robots\" content=\"index, follow, max-snippet:-1, max-image-preview:large, max-video-preview:-1\" \/>\n<link rel=\"canonical\" href=\"https:\/\/bhagwan-incense.com\/fr\/produit\/kashmiri-garden-batonnets-dencens\/\" \/>\n<meta property=\"og:locale\" content=\"fr_FR\" \/>\n<meta property=\"og:type\" content=\"article\" \/>\n<meta property=\"og:title\" content=\"Encens Jardin Cachemirien - M\u00e9lange Mystique de Myrrhe, Patchouli et Notes Florales\" \/>\n<meta property=\"og:description\" content=\"D\u00e9couvrez l\u2019ar\u00f4me enchanteur de l\u2019encens Jardin Cachemirien, \u00e9labor\u00e9 avec de la r\u00e9sine de myrrhe, des huiles d\u2019alysson blanc et des touches de mousse de ch\u00eane et de patchouli. \u00c9voquez les jardins luxuriants, les temples et la fum\u00e9e parfum\u00e9e du Cachemire avec ce m\u00e9lange c\u00e9leste. Parfait pour la m\u00e9ditation, la relaxation et la cr\u00e9ation d\u2019une ambiance sacr\u00e9e.\" \/>\n<meta property=\"og:url\" content=\"https:\/\/bhagwan-incense.com\/fr\/produit\/kashmiri-garden-batonnets-dencens\/\" \/>\n<meta property=\"og:site_name\" content=\"Bhagwan Incense | EU and Worldwide Shop\" \/>\n<meta property=\"article:publisher\" content=\"https:\/\/www.facebook.com\/profile.php?id=100093081477613&amp;mibextid=ZbWKwLp\" \/>\n<meta property=\"article:modified_time\" content=\"2026-03-27T21:44:25+00:00\" \/>\n<meta property=\"og:image\" content=\"https:\/\/bhagwan-incense.com\/wp-content\/uploads\/2025\/01\/Kashmiri-Garden_2-1.jpg?wsr\" \/>\n\t<meta property=\"og:image:width\" content=\"801\" \/>\n\t<meta property=\"og:image:height\" content=\"1201\" \/>\n\t<meta property=\"og:image:type\" content=\"image\/jpeg\" \/>\n<meta name=\"twitter:card\" content=\"summary_large_image\" \/>\n<meta name=\"twitter:label1\" content=\"Dur\u00e9e de lecture estim\u00e9e\" \/>\n\t<meta name=\"twitter:data1\" content=\"1 minute\" \/>\n<script type=\"application\/ld+json\" class=\"yoast-schema-graph\">{\"@context\":\"https:\\\/\\\/schema.org\",\"@graph\":[{\"@type\":\"WebPage\",\"@id\":\"https:\\\/\\\/bhagwan-incense.com\\\/fr\\\/produit\\\/kashmiri-garden-batonnets-dencens\\\/\",\"url\":\"https:\\\/\\\/bhagwan-incense.com\\\/fr\\\/produit\\\/kashmiri-garden-batonnets-dencens\\\/\",\"name\":\"Encens Jardin Cachemirien - M\u00e9lange Mystique de Myrrhe, Patchouli et Notes Florales\",\"isPartOf\":{\"@id\":\"https:\\\/\\\/bhagwan-incense.com\\\/fr\\\/#website\"},\"primaryImageOfPage\":{\"@id\":\"https:\\\/\\\/bhagwan-incense.com\\\/fr\\\/produit\\\/kashmiri-garden-batonnets-dencens\\\/#primaryimage\"},\"image\":{\"@id\":\"https:\\\/\\\/bhagwan-incense.com\\\/fr\\\/produit\\\/kashmiri-garden-batonnets-dencens\\\/#primaryimage\"},\"thumbnailUrl\":\"https:\\\/\\\/bhagwan-incense.com\\\/wp-content\\\/uploads\\\/2025\\\/01\\\/Kashmiri-Garden_2-1.jpg?wsr\",\"datePublished\":\"2025-01-22T18:07:50+00:00\",\"dateModified\":\"2026-03-27T21:44:25+00:00\",\"description\":\"D\u00e9couvrez l\u2019ar\u00f4me enchanteur de l\u2019encens Jardin Cachemirien, \u00e9labor\u00e9 avec de la r\u00e9sine de myrrhe, des huiles d\u2019alysson blanc et des touches de mousse de ch\u00eane et de patchouli. \u00c9voquez les jardins luxuriants, les temples et la fum\u00e9e parfum\u00e9e du Cachemire avec ce m\u00e9lange c\u00e9leste. Parfait pour la m\u00e9ditation, la relaxation et la cr\u00e9ation d\u2019une ambiance sacr\u00e9e.\",\"breadcrumb\":{\"@id\":\"https:\\\/\\\/bhagwan-incense.com\\\/fr\\\/produit\\\/kashmiri-garden-batonnets-dencens\\\/#breadcrumb\"},\"inLanguage\":\"fr-FR\",\"potentialAction\":[{\"@type\":\"ReadAction\",\"target\":[\"https:\\\/\\\/bhagwan-incense.com\\\/fr\\\/produit\\\/kashmiri-garden-batonnets-dencens\\\/\"]}]},{\"@type\":\"ImageObject\",\"inLanguage\":\"fr-FR\",\"@id\":\"https:\\\/\\\/bhagwan-incense.com\\\/fr\\\/produit\\\/kashmiri-garden-batonnets-dencens\\\/#primaryimage\",\"url\":\"https:\\\/\\\/bhagwan-incense.com\\\/wp-content\\\/uploads\\\/2025\\\/01\\\/Kashmiri-Garden_2-1.jpg?wsr\",\"contentUrl\":\"https:\\\/\\\/bhagwan-incense.com\\\/wp-content\\\/uploads\\\/2025\\\/01\\\/Kashmiri-Garden_2-1.jpg?wsr\",\"width\":801,\"height\":1201},{\"@type\":\"BreadcrumbList\",\"@id\":\"https:\\\/\\\/bhagwan-incense.com\\\/fr\\\/produit\\\/kashmiri-garden-batonnets-dencens\\\/#breadcrumb\",\"itemListElement\":[{\"@type\":\"ListItem\",\"position\":1,\"name\":\"Home\",\"item\":\"https:\\\/\\\/bhagwan-incense.com\\\/fr\\\/\"},{\"@type\":\"ListItem\",\"position\":2,\"name\":\"Boutique\",\"item\":\"https:\\\/\\\/bhagwan-incense.com\\\/fr\\\/boutique\\\/\"},{\"@type\":\"ListItem\",\"position\":3,\"name\":\"Jardin du Cachemire B\u00e2tonnets d&#8217;Encens\"}]},{\"@type\":\"WebSite\",\"@id\":\"https:\\\/\\\/bhagwan-incense.com\\\/fr\\\/#website\",\"url\":\"https:\\\/\\\/bhagwan-incense.com\\\/fr\\\/\",\"name\":\"Bhagwan Incense | EU and Worldwide Incense Shop\",\"description\":\"Pure and Natural Incense from India\",\"publisher\":{\"@id\":\"https:\\\/\\\/bhagwan-incense.com\\\/fr\\\/#organization\"},\"potentialAction\":[{\"@type\":\"SearchAction\",\"target\":{\"@type\":\"EntryPoint\",\"urlTemplate\":\"https:\\\/\\\/bhagwan-incense.com\\\/fr\\\/?s={search_term_string}\"},\"query-input\":{\"@type\":\"PropertyValueSpecification\",\"valueRequired\":true,\"valueName\":\"search_term_string\"}}],\"inLanguage\":\"fr-FR\"},{\"@type\":\"Organization\",\"@id\":\"https:\\\/\\\/bhagwan-incense.com\\\/fr\\\/#organization\",\"name\":\"Bhagwan incense\",\"url\":\"https:\\\/\\\/bhagwan-incense.com\\\/fr\\\/\",\"logo\":{\"@type\":\"ImageObject\",\"inLanguage\":\"fr-FR\",\"@id\":\"https:\\\/\\\/bhagwan-incense.com\\\/fr\\\/#\\\/schema\\\/logo\\\/image\\\/\",\"url\":\"https:\\\/\\\/bhagwan-incense.com\\\/wp-content\\\/uploads\\\/2023\\\/06\\\/Logo-black.png\",\"contentUrl\":\"https:\\\/\\\/bhagwan-incense.com\\\/wp-content\\\/uploads\\\/2023\\\/06\\\/Logo-black.png\",\"width\":150,\"height\":150,\"caption\":\"Bhagwan incense\"},\"image\":{\"@id\":\"https:\\\/\\\/bhagwan-incense.com\\\/fr\\\/#\\\/schema\\\/logo\\\/image\\\/\"},\"sameAs\":[\"https:\\\/\\\/www.facebook.com\\\/profile.php?id=100093081477613&mibextid=ZbWKwLp\",\"https:\\\/\\\/www.instagram.com\\\/bhagwan_incense\\\/\"]}]}<\/script>\n<!-- \/ Yoast SEO plugin. -->","yoast_head_json":{"title":"Encens Jardin Cachemirien - M\u00e9lange Mystique de Myrrhe, Patchouli et Notes Florales","description":"D\u00e9couvrez l\u2019ar\u00f4me enchanteur de l\u2019encens Jardin Cachemirien, \u00e9labor\u00e9 avec de la r\u00e9sine de myrrhe, des huiles d\u2019alysson blanc et des touches de mousse de ch\u00eane et de patchouli. \u00c9voquez les jardins luxuriants, les temples et la fum\u00e9e parfum\u00e9e du Cachemire avec ce m\u00e9lange c\u00e9leste. Parfait pour la m\u00e9ditation, la relaxation et la cr\u00e9ation d\u2019une ambiance sacr\u00e9e.","robots":{"index":"index","follow":"follow","max-snippet":"max-snippet:-1","max-image-preview":"max-image-preview:large","max-video-preview":"max-video-preview:-1"},"canonical":"https:\/\/bhagwan-incense.com\/fr\/produit\/kashmiri-garden-batonnets-dencens\/","og_locale":"fr_FR","og_type":"article","og_title":"Encens Jardin Cachemirien - M\u00e9lange Mystique de Myrrhe, Patchouli et Notes Florales","og_description":"D\u00e9couvrez l\u2019ar\u00f4me enchanteur de l\u2019encens Jardin Cachemirien, \u00e9labor\u00e9 avec de la r\u00e9sine de myrrhe, des huiles d\u2019alysson blanc et des touches de mousse de ch\u00eane et de patchouli. \u00c9voquez les jardins luxuriants, les temples et la fum\u00e9e parfum\u00e9e du Cachemire avec ce m\u00e9lange c\u00e9leste. Parfait pour la m\u00e9ditation, la relaxation et la cr\u00e9ation d\u2019une ambiance sacr\u00e9e.","og_url":"https:\/\/bhagwan-incense.com\/fr\/produit\/kashmiri-garden-batonnets-dencens\/","og_site_name":"Bhagwan Incense | EU and Worldwide Shop","article_publisher":"https:\/\/www.facebook.com\/profile.php?id=100093081477613&mibextid=ZbWKwLp","article_modified_time":"2026-03-27T21:44:25+00:00","og_image":[{"width":801,"height":1201,"url":"https:\/\/bhagwan-incense.com\/wp-content\/uploads\/2025\/01\/Kashmiri-Garden_2-1.jpg?wsr","type":"image\/jpeg"}],"twitter_card":"summary_large_image","twitter_misc":{"Dur\u00e9e de lecture estim\u00e9e":"1 minute"},"schema":{"@context":"https:\/\/schema.org","@graph":[{"@type":"WebPage","@id":"https:\/\/bhagwan-incense.com\/fr\/produit\/kashmiri-garden-batonnets-dencens\/","url":"https:\/\/bhagwan-incense.com\/fr\/produit\/kashmiri-garden-batonnets-dencens\/","name":"Encens Jardin Cachemirien - M\u00e9lange Mystique de Myrrhe, Patchouli et Notes Florales","isPartOf":{"@id":"https:\/\/bhagwan-incense.com\/fr\/#website"},"primaryImageOfPage":{"@id":"https:\/\/bhagwan-incense.com\/fr\/produit\/kashmiri-garden-batonnets-dencens\/#primaryimage"},"image":{"@id":"https:\/\/bhagwan-incense.com\/fr\/produit\/kashmiri-garden-batonnets-dencens\/#primaryimage"},"thumbnailUrl":"https:\/\/bhagwan-incense.com\/wp-content\/uploads\/2025\/01\/Kashmiri-Garden_2-1.jpg?wsr","datePublished":"2025-01-22T18:07:50+00:00","dateModified":"2026-03-27T21:44:25+00:00","description":"D\u00e9couvrez l\u2019ar\u00f4me enchanteur de l\u2019encens Jardin Cachemirien, \u00e9labor\u00e9 avec de la r\u00e9sine de myrrhe, des huiles d\u2019alysson blanc et des touches de mousse de ch\u00eane et de patchouli. \u00c9voquez les jardins luxuriants, les temples et la fum\u00e9e parfum\u00e9e du Cachemire avec ce m\u00e9lange c\u00e9leste. Parfait pour la m\u00e9ditation, la relaxation et la cr\u00e9ation d\u2019une ambiance sacr\u00e9e.","breadcrumb":{"@id":"https:\/\/bhagwan-incense.com\/fr\/produit\/kashmiri-garden-batonnets-dencens\/#breadcrumb"},"inLanguage":"fr-FR","potentialAction":[{"@type":"ReadAction","target":["https:\/\/bhagwan-incense.com\/fr\/produit\/kashmiri-garden-batonnets-dencens\/"]}]},{"@type":"ImageObject","inLanguage":"fr-FR","@id":"https:\/\/bhagwan-incense.com\/fr\/produit\/kashmiri-garden-batonnets-dencens\/#primaryimage","url":"https:\/\/bhagwan-incense.com\/wp-content\/uploads\/2025\/01\/Kashmiri-Garden_2-1.jpg?wsr","contentUrl":"https:\/\/bhagwan-incense.com\/wp-content\/uploads\/2025\/01\/Kashmiri-Garden_2-1.jpg?wsr","width":801,"height":1201},{"@type":"BreadcrumbList","@id":"https:\/\/bhagwan-incense.com\/fr\/produit\/kashmiri-garden-batonnets-dencens\/#breadcrumb","itemListElement":[{"@type":"ListItem","position":1,"name":"Home","item":"https:\/\/bhagwan-incense.com\/fr\/"},{"@type":"ListItem","position":2,"name":"Boutique","item":"https:\/\/bhagwan-incense.com\/fr\/boutique\/"},{"@type":"ListItem","position":3,"name":"Jardin du Cachemire B\u00e2tonnets d&#8217;Encens"}]},{"@type":"WebSite","@id":"https:\/\/bhagwan-incense.com\/fr\/#website","url":"https:\/\/bhagwan-incense.com\/fr\/","name":"Bhagwan Incense | EU and Worldwide Incense Shop","description":"Pure and Natural Incense from India","publisher":{"@id":"https:\/\/bhagwan-incense.com\/fr\/#organization"},"potentialAction":[{"@type":"SearchAction","target":{"@type":"EntryPoint","urlTemplate":"https:\/\/bhagwan-incense.com\/fr\/?s={search_term_string}"},"query-input":{"@type":"PropertyValueSpecification","valueRequired":true,"valueName":"search_term_string"}}],"inLanguage":"fr-FR"},{"@type":"Organization","@id":"https:\/\/bhagwan-incense.com\/fr\/#organization","name":"Bhagwan incense","url":"https:\/\/bhagwan-incense.com\/fr\/","logo":{"@type":"ImageObject","inLanguage":"fr-FR","@id":"https:\/\/bhagwan-incense.com\/fr\/#\/schema\/logo\/image\/","url":"https:\/\/bhagwan-incense.com\/wp-content\/uploads\/2023\/06\/Logo-black.png","contentUrl":"https:\/\/bhagwan-incense.com\/wp-content\/uploads\/2023\/06\/Logo-black.png","width":150,"height":150,"caption":"Bhagwan incense"},"image":{"@id":"https:\/\/bhagwan-incense.com\/fr\/#\/schema\/logo\/image\/"},"sameAs":["https:\/\/www.facebook.com\/profile.php?id=100093081477613&mibextid=ZbWKwLp","https:\/\/www.instagram.com\/bhagwan_incense\/"]}]}},"_links":{"self":[{"href":"https:\/\/bhagwan-incense.com\/fr\/wp-json\/wp\/v2\/product\/14529","targetHints":{"allow":["GET"]}}],"collection":[{"href":"https:\/\/bhagwan-incense.com\/fr\/wp-json\/wp\/v2\/product"}],"about":[{"href":"https:\/\/bhagwan-incense.com\/fr\/wp-json\/wp\/v2\/types\/product"}],"replies":[{"embeddable":true,"href":"https:\/\/bhagwan-incense.com\/fr\/wp-json\/wp\/v2\/comments?post=14529"}],"wp:featuredmedia":[{"embeddable":true,"href":"https:\/\/bhagwan-incense.com\/fr\/wp-json\/wp\/v2\/media\/14547"}],"wp:attachment":[{"href":"https:\/\/bhagwan-incense.com\/fr\/wp-json\/wp\/v2\/media?parent=14529"}],"wp:term":[{"taxonomy":"product_brand","embeddable":true,"href":"https:\/\/bhagwan-incense.com\/fr\/wp-json\/wp\/v2\/product_brand?post=14529"},{"taxonomy":"product_cat","embeddable":true,"href":"https:\/\/bhagwan-incense.com\/fr\/wp-json\/wp\/v2\/product_cat?post=14529"},{"taxonomy":"product_tag","embeddable":true,"href":"https:\/\/bhagwan-incense.com\/fr\/wp-json\/wp\/v2\/product_tag?post=14529"}],"curies":[{"name":"wp","href":"https:\/\/api.w.org\/{rel}","templated":true}]}}