{"id":14803,"date":"2025-05-01T14:03:18","date_gmt":"2025-05-01T12:03:18","guid":{"rendered":"https:\/\/bhagwan-incense.com\/?post_type=product&#038;p=14803"},"modified":"2026-03-27T22:43:54","modified_gmt":"2026-03-27T21:43:54","slug":"vrindavan-garden-batonnets-dencens","status":"publish","type":"product","link":"https:\/\/bhagwan-incense.com\/fr\/produit\/vrindavan-garden-batonnets-dencens\/","title":{"rendered":"Jardin de Vrindavan B\u00e2tonnets d&#8217;Encens"},"content":{"rendered":"<p>L&#8217;encens Vrindavan Garden s&#8217;ouvre sur un effluve de rose \u00e9th\u00e9r\u00e9e et l\u00e9g\u00e8rement sucr\u00e9e, accompagn\u00e9 de santal et de myrrhe. Bient\u00f4t, des notes chaleureuses de vanille et l&#8217;onctuosit\u00e9 du halmaddi \u00e9mergent, s&#8217;\u00e9panouissant en un bouquet floral o\u00f9 les tons bois\u00e9s, ros\u00e9s et d&#8217;agrumes sucr\u00e9s dansent ensemble en harmonie. Doux et parfum\u00e9 \u2014 myst\u00e9rieux, sacr\u00e9 et inspirant.<\/p>\n","protected":false},"excerpt":{"rendered":"<p>Une fusion unique de bois de santal l\u00e9ger, de notes florales, d&#8217;agrumes, de rose et de myrrhe, agr\u00e9ment\u00e9e d&#8217;une touche douce et cr\u00e9meuse.<\/p>\n","protected":false},"featured_media":16037,"comment_status":"open","ping_status":"closed","template":"","meta":[],"product_brand":[],"product_cat":[60,84,61,85,106],"product_tag":[74,67,72],"class_list":{"0":"post-14803","1":"product","2":"type-product","3":"status-publish","4":"has-post-thumbnail","6":"product_cat-boise","7":"product_cat-exotique-unique","8":"product_cat-floral","9":"product_cat-yoga-fr","10":"product_cat-selection-exclusive-au-meilleur-prix","11":"product_tag-epice","12":"product_tag-floral-fr-2","13":"product_tag-oriental-fr","15":"first","16":"instock","17":"shipping-taxable","18":"purchasable","19":"product-type-simple"},"yoast_head":"<!-- This site is optimized with the Yoast SEO plugin v27.5 - https:\/\/yoast.com\/product\/yoast-seo-wordpress\/ -->\n<title>Encens Vrindavan Garden \u2013 M\u00e9lange floral, citronn\u00e9 et musqu\u00e9 inspir\u00e9 par le Seigneur Krishna<\/title>\n<meta name=\"description\" content=\"D\u00e9couvrez l\u2019encens Vrindavan Garden \u2014 un m\u00e9lange sacr\u00e9 de notes florales, citronn\u00e9es et musqu\u00e9es, enrichi de halmaddi cr\u00e9meux. Joyeux, exaltant et inspir\u00e9 par la fl\u00fbte divine du Seigneur Krishna dans les jardins sacr\u00e9s de Vrindavan.\" \/>\n<meta name=\"robots\" content=\"index, follow, max-snippet:-1, max-image-preview:large, max-video-preview:-1\" \/>\n<link rel=\"canonical\" href=\"https:\/\/bhagwan-incense.com\/fr\/produit\/vrindavan-garden-batonnets-dencens\/\" \/>\n<meta property=\"og:locale\" content=\"fr_FR\" \/>\n<meta property=\"og:type\" content=\"article\" \/>\n<meta property=\"og:title\" content=\"Encens Vrindavan Garden \u2013 M\u00e9lange floral, citronn\u00e9 et musqu\u00e9 inspir\u00e9 par le Seigneur Krishna\" \/>\n<meta property=\"og:description\" content=\"D\u00e9couvrez l\u2019encens Vrindavan Garden \u2014 un m\u00e9lange sacr\u00e9 de notes florales, citronn\u00e9es et musqu\u00e9es, enrichi de halmaddi cr\u00e9meux. Joyeux, exaltant et inspir\u00e9 par la fl\u00fbte divine du Seigneur Krishna dans les jardins sacr\u00e9s de Vrindavan.\" \/>\n<meta property=\"og:url\" content=\"https:\/\/bhagwan-incense.com\/fr\/produit\/vrindavan-garden-batonnets-dencens\/\" \/>\n<meta property=\"og:site_name\" content=\"Bhagwan Incense | EU and Worldwide Shop\" \/>\n<meta property=\"article:publisher\" content=\"https:\/\/www.facebook.com\/profile.php?id=100093081477613&amp;mibextid=ZbWKwLp\" \/>\n<meta property=\"article:modified_time\" content=\"2026-03-27T21:43:54+00:00\" \/>\n<meta property=\"og:image\" content=\"https:\/\/bhagwan-incense.com\/wp-content\/uploads\/2025\/05\/Vrindavan_2-1.jpg?wsr\" \/>\n\t<meta property=\"og:image:width\" content=\"734\" \/>\n\t<meta property=\"og:image:height\" content=\"1102\" \/>\n\t<meta property=\"og:image:type\" content=\"image\/jpeg\" \/>\n<meta name=\"twitter:card\" content=\"summary_large_image\" \/>\n<meta name=\"twitter:label1\" content=\"Dur\u00e9e de lecture estim\u00e9e\" \/>\n\t<meta name=\"twitter:data1\" content=\"1 minute\" \/>\n<script type=\"application\/ld+json\" class=\"yoast-schema-graph\">{\"@context\":\"https:\\\/\\\/schema.org\",\"@graph\":[{\"@type\":\"WebPage\",\"@id\":\"https:\\\/\\\/bhagwan-incense.com\\\/fr\\\/produit\\\/vrindavan-garden-batonnets-dencens\\\/\",\"url\":\"https:\\\/\\\/bhagwan-incense.com\\\/fr\\\/produit\\\/vrindavan-garden-batonnets-dencens\\\/\",\"name\":\"Encens Vrindavan Garden \u2013 M\u00e9lange floral, citronn\u00e9 et musqu\u00e9 inspir\u00e9 par le Seigneur Krishna\",\"isPartOf\":{\"@id\":\"https:\\\/\\\/bhagwan-incense.com\\\/fr\\\/#website\"},\"primaryImageOfPage\":{\"@id\":\"https:\\\/\\\/bhagwan-incense.com\\\/fr\\\/produit\\\/vrindavan-garden-batonnets-dencens\\\/#primaryimage\"},\"image\":{\"@id\":\"https:\\\/\\\/bhagwan-incense.com\\\/fr\\\/produit\\\/vrindavan-garden-batonnets-dencens\\\/#primaryimage\"},\"thumbnailUrl\":\"https:\\\/\\\/bhagwan-incense.com\\\/wp-content\\\/uploads\\\/2025\\\/05\\\/Vrindavan_2-1.jpg?wsr\",\"datePublished\":\"2025-05-01T12:03:18+00:00\",\"dateModified\":\"2026-03-27T21:43:54+00:00\",\"description\":\"D\u00e9couvrez l\u2019encens Vrindavan Garden \u2014 un m\u00e9lange sacr\u00e9 de notes florales, citronn\u00e9es et musqu\u00e9es, enrichi de halmaddi cr\u00e9meux. Joyeux, exaltant et inspir\u00e9 par la fl\u00fbte divine du Seigneur Krishna dans les jardins sacr\u00e9s de Vrindavan.\",\"breadcrumb\":{\"@id\":\"https:\\\/\\\/bhagwan-incense.com\\\/fr\\\/produit\\\/vrindavan-garden-batonnets-dencens\\\/#breadcrumb\"},\"inLanguage\":\"fr-FR\",\"potentialAction\":[{\"@type\":\"ReadAction\",\"target\":[\"https:\\\/\\\/bhagwan-incense.com\\\/fr\\\/produit\\\/vrindavan-garden-batonnets-dencens\\\/\"]}]},{\"@type\":\"ImageObject\",\"inLanguage\":\"fr-FR\",\"@id\":\"https:\\\/\\\/bhagwan-incense.com\\\/fr\\\/produit\\\/vrindavan-garden-batonnets-dencens\\\/#primaryimage\",\"url\":\"https:\\\/\\\/bhagwan-incense.com\\\/wp-content\\\/uploads\\\/2025\\\/05\\\/Vrindavan_2-1.jpg?wsr\",\"contentUrl\":\"https:\\\/\\\/bhagwan-incense.com\\\/wp-content\\\/uploads\\\/2025\\\/05\\\/Vrindavan_2-1.jpg?wsr\",\"width\":734,\"height\":1102},{\"@type\":\"BreadcrumbList\",\"@id\":\"https:\\\/\\\/bhagwan-incense.com\\\/fr\\\/produit\\\/vrindavan-garden-batonnets-dencens\\\/#breadcrumb\",\"itemListElement\":[{\"@type\":\"ListItem\",\"position\":1,\"name\":\"Home\",\"item\":\"https:\\\/\\\/bhagwan-incense.com\\\/fr\\\/\"},{\"@type\":\"ListItem\",\"position\":2,\"name\":\"Boutique\",\"item\":\"https:\\\/\\\/bhagwan-incense.com\\\/fr\\\/boutique\\\/\"},{\"@type\":\"ListItem\",\"position\":3,\"name\":\"Jardin de Vrindavan B\u00e2tonnets d&#8217;Encens\"}]},{\"@type\":\"WebSite\",\"@id\":\"https:\\\/\\\/bhagwan-incense.com\\\/fr\\\/#website\",\"url\":\"https:\\\/\\\/bhagwan-incense.com\\\/fr\\\/\",\"name\":\"Bhagwan Incense | EU and Worldwide Incense Shop\",\"description\":\"Pure and Natural Incense from India\",\"publisher\":{\"@id\":\"https:\\\/\\\/bhagwan-incense.com\\\/fr\\\/#organization\"},\"potentialAction\":[{\"@type\":\"SearchAction\",\"target\":{\"@type\":\"EntryPoint\",\"urlTemplate\":\"https:\\\/\\\/bhagwan-incense.com\\\/fr\\\/?s={search_term_string}\"},\"query-input\":{\"@type\":\"PropertyValueSpecification\",\"valueRequired\":true,\"valueName\":\"search_term_string\"}}],\"inLanguage\":\"fr-FR\"},{\"@type\":\"Organization\",\"@id\":\"https:\\\/\\\/bhagwan-incense.com\\\/fr\\\/#organization\",\"name\":\"Bhagwan incense\",\"url\":\"https:\\\/\\\/bhagwan-incense.com\\\/fr\\\/\",\"logo\":{\"@type\":\"ImageObject\",\"inLanguage\":\"fr-FR\",\"@id\":\"https:\\\/\\\/bhagwan-incense.com\\\/fr\\\/#\\\/schema\\\/logo\\\/image\\\/\",\"url\":\"https:\\\/\\\/bhagwan-incense.com\\\/wp-content\\\/uploads\\\/2023\\\/06\\\/Logo-black.png\",\"contentUrl\":\"https:\\\/\\\/bhagwan-incense.com\\\/wp-content\\\/uploads\\\/2023\\\/06\\\/Logo-black.png\",\"width\":150,\"height\":150,\"caption\":\"Bhagwan incense\"},\"image\":{\"@id\":\"https:\\\/\\\/bhagwan-incense.com\\\/fr\\\/#\\\/schema\\\/logo\\\/image\\\/\"},\"sameAs\":[\"https:\\\/\\\/www.facebook.com\\\/profile.php?id=100093081477613&mibextid=ZbWKwLp\",\"https:\\\/\\\/www.instagram.com\\\/bhagwan_incense\\\/\"]}]}<\/script>\n<!-- \/ Yoast SEO plugin. -->","yoast_head_json":{"title":"Encens Vrindavan Garden \u2013 M\u00e9lange floral, citronn\u00e9 et musqu\u00e9 inspir\u00e9 par le Seigneur Krishna","description":"D\u00e9couvrez l\u2019encens Vrindavan Garden \u2014 un m\u00e9lange sacr\u00e9 de notes florales, citronn\u00e9es et musqu\u00e9es, enrichi de halmaddi cr\u00e9meux. Joyeux, exaltant et inspir\u00e9 par la fl\u00fbte divine du Seigneur Krishna dans les jardins sacr\u00e9s de Vrindavan.","robots":{"index":"index","follow":"follow","max-snippet":"max-snippet:-1","max-image-preview":"max-image-preview:large","max-video-preview":"max-video-preview:-1"},"canonical":"https:\/\/bhagwan-incense.com\/fr\/produit\/vrindavan-garden-batonnets-dencens\/","og_locale":"fr_FR","og_type":"article","og_title":"Encens Vrindavan Garden \u2013 M\u00e9lange floral, citronn\u00e9 et musqu\u00e9 inspir\u00e9 par le Seigneur Krishna","og_description":"D\u00e9couvrez l\u2019encens Vrindavan Garden \u2014 un m\u00e9lange sacr\u00e9 de notes florales, citronn\u00e9es et musqu\u00e9es, enrichi de halmaddi cr\u00e9meux. Joyeux, exaltant et inspir\u00e9 par la fl\u00fbte divine du Seigneur Krishna dans les jardins sacr\u00e9s de Vrindavan.","og_url":"https:\/\/bhagwan-incense.com\/fr\/produit\/vrindavan-garden-batonnets-dencens\/","og_site_name":"Bhagwan Incense | EU and Worldwide Shop","article_publisher":"https:\/\/www.facebook.com\/profile.php?id=100093081477613&mibextid=ZbWKwLp","article_modified_time":"2026-03-27T21:43:54+00:00","og_image":[{"width":734,"height":1102,"url":"https:\/\/bhagwan-incense.com\/wp-content\/uploads\/2025\/05\/Vrindavan_2-1.jpg?wsr","type":"image\/jpeg"}],"twitter_card":"summary_large_image","twitter_misc":{"Dur\u00e9e de lecture estim\u00e9e":"1 minute"},"schema":{"@context":"https:\/\/schema.org","@graph":[{"@type":"WebPage","@id":"https:\/\/bhagwan-incense.com\/fr\/produit\/vrindavan-garden-batonnets-dencens\/","url":"https:\/\/bhagwan-incense.com\/fr\/produit\/vrindavan-garden-batonnets-dencens\/","name":"Encens Vrindavan Garden \u2013 M\u00e9lange floral, citronn\u00e9 et musqu\u00e9 inspir\u00e9 par le Seigneur Krishna","isPartOf":{"@id":"https:\/\/bhagwan-incense.com\/fr\/#website"},"primaryImageOfPage":{"@id":"https:\/\/bhagwan-incense.com\/fr\/produit\/vrindavan-garden-batonnets-dencens\/#primaryimage"},"image":{"@id":"https:\/\/bhagwan-incense.com\/fr\/produit\/vrindavan-garden-batonnets-dencens\/#primaryimage"},"thumbnailUrl":"https:\/\/bhagwan-incense.com\/wp-content\/uploads\/2025\/05\/Vrindavan_2-1.jpg?wsr","datePublished":"2025-05-01T12:03:18+00:00","dateModified":"2026-03-27T21:43:54+00:00","description":"D\u00e9couvrez l\u2019encens Vrindavan Garden \u2014 un m\u00e9lange sacr\u00e9 de notes florales, citronn\u00e9es et musqu\u00e9es, enrichi de halmaddi cr\u00e9meux. Joyeux, exaltant et inspir\u00e9 par la fl\u00fbte divine du Seigneur Krishna dans les jardins sacr\u00e9s de Vrindavan.","breadcrumb":{"@id":"https:\/\/bhagwan-incense.com\/fr\/produit\/vrindavan-garden-batonnets-dencens\/#breadcrumb"},"inLanguage":"fr-FR","potentialAction":[{"@type":"ReadAction","target":["https:\/\/bhagwan-incense.com\/fr\/produit\/vrindavan-garden-batonnets-dencens\/"]}]},{"@type":"ImageObject","inLanguage":"fr-FR","@id":"https:\/\/bhagwan-incense.com\/fr\/produit\/vrindavan-garden-batonnets-dencens\/#primaryimage","url":"https:\/\/bhagwan-incense.com\/wp-content\/uploads\/2025\/05\/Vrindavan_2-1.jpg?wsr","contentUrl":"https:\/\/bhagwan-incense.com\/wp-content\/uploads\/2025\/05\/Vrindavan_2-1.jpg?wsr","width":734,"height":1102},{"@type":"BreadcrumbList","@id":"https:\/\/bhagwan-incense.com\/fr\/produit\/vrindavan-garden-batonnets-dencens\/#breadcrumb","itemListElement":[{"@type":"ListItem","position":1,"name":"Home","item":"https:\/\/bhagwan-incense.com\/fr\/"},{"@type":"ListItem","position":2,"name":"Boutique","item":"https:\/\/bhagwan-incense.com\/fr\/boutique\/"},{"@type":"ListItem","position":3,"name":"Jardin de Vrindavan B\u00e2tonnets d&#8217;Encens"}]},{"@type":"WebSite","@id":"https:\/\/bhagwan-incense.com\/fr\/#website","url":"https:\/\/bhagwan-incense.com\/fr\/","name":"Bhagwan Incense | EU and Worldwide Incense Shop","description":"Pure and Natural Incense from India","publisher":{"@id":"https:\/\/bhagwan-incense.com\/fr\/#organization"},"potentialAction":[{"@type":"SearchAction","target":{"@type":"EntryPoint","urlTemplate":"https:\/\/bhagwan-incense.com\/fr\/?s={search_term_string}"},"query-input":{"@type":"PropertyValueSpecification","valueRequired":true,"valueName":"search_term_string"}}],"inLanguage":"fr-FR"},{"@type":"Organization","@id":"https:\/\/bhagwan-incense.com\/fr\/#organization","name":"Bhagwan incense","url":"https:\/\/bhagwan-incense.com\/fr\/","logo":{"@type":"ImageObject","inLanguage":"fr-FR","@id":"https:\/\/bhagwan-incense.com\/fr\/#\/schema\/logo\/image\/","url":"https:\/\/bhagwan-incense.com\/wp-content\/uploads\/2023\/06\/Logo-black.png","contentUrl":"https:\/\/bhagwan-incense.com\/wp-content\/uploads\/2023\/06\/Logo-black.png","width":150,"height":150,"caption":"Bhagwan incense"},"image":{"@id":"https:\/\/bhagwan-incense.com\/fr\/#\/schema\/logo\/image\/"},"sameAs":["https:\/\/www.facebook.com\/profile.php?id=100093081477613&mibextid=ZbWKwLp","https:\/\/www.instagram.com\/bhagwan_incense\/"]}]}},"_links":{"self":[{"href":"https:\/\/bhagwan-incense.com\/fr\/wp-json\/wp\/v2\/product\/14803","targetHints":{"allow":["GET"]}}],"collection":[{"href":"https:\/\/bhagwan-incense.com\/fr\/wp-json\/wp\/v2\/product"}],"about":[{"href":"https:\/\/bhagwan-incense.com\/fr\/wp-json\/wp\/v2\/types\/product"}],"replies":[{"embeddable":true,"href":"https:\/\/bhagwan-incense.com\/fr\/wp-json\/wp\/v2\/comments?post=14803"}],"wp:featuredmedia":[{"embeddable":true,"href":"https:\/\/bhagwan-incense.com\/fr\/wp-json\/wp\/v2\/media\/16037"}],"wp:attachment":[{"href":"https:\/\/bhagwan-incense.com\/fr\/wp-json\/wp\/v2\/media?parent=14803"}],"wp:term":[{"taxonomy":"product_brand","embeddable":true,"href":"https:\/\/bhagwan-incense.com\/fr\/wp-json\/wp\/v2\/product_brand?post=14803"},{"taxonomy":"product_cat","embeddable":true,"href":"https:\/\/bhagwan-incense.com\/fr\/wp-json\/wp\/v2\/product_cat?post=14803"},{"taxonomy":"product_tag","embeddable":true,"href":"https:\/\/bhagwan-incense.com\/fr\/wp-json\/wp\/v2\/product_tag?post=14803"}],"curies":[{"name":"wp","href":"https:\/\/api.w.org\/{rel}","templated":true}]}}