{"id":15029,"date":"2025-05-24T16:43:50","date_gmt":"2025-05-24T14:43:50","guid":{"rendered":"https:\/\/bhagwan-incense.com\/?post_type=product&#038;p=15029"},"modified":"2026-03-27T22:38:21","modified_gmt":"2026-03-27T21:38:21","slug":"choco-musk-batonnets-dencens","status":"publish","type":"product","link":"https:\/\/bhagwan-incense.com\/fr\/produit\/choco-musk-batonnets-dencens\/","title":{"rendered":"Musc Choco B\u00e2tonnets d&#8217;Encens"},"content":{"rendered":"<p>Un m\u00e9lange magistral et unique de chocolat et de musc, cr\u00e9\u00e9 avec une profonde inspiration et beaucoup d&#8217;amour. V\u00e9ritable \u0153uvre d&#8217;art de l&#8217;encens et chef-d&#8217;\u0153uvre de l&#8217;assemblage, il rivalise avec les compositions de parfums naturels les plus complexes. Cette combinaison exceptionnelle et inattendue de chocolat noir, de musc, de bois de santal, d&#8217;une touche d&#8217;\u00e9pices (cannelle) et de f\u00e8ve tonka est vraiment captivante. Aim\u00e9 par beaucoup, cet encens rare est rapidement devenu notre best-seller.<\/p>\n","protected":false},"excerpt":{"rendered":"<p>Un m\u00e9lange \u00e9poustouflant de chocolat noir et de musc, enrichi de vanille cr\u00e9meuse, de bois de santal, de cannelle \u00e9pic\u00e9e, et d&#8217;un soup\u00e7on de myrrhe, d&#8217;ambre et d&#8217;\u00e9pices orientales.<\/p>\n","protected":false},"featured_media":15031,"comment_status":"open","ping_status":"closed","template":"","meta":[],"product_brand":[],"product_cat":[60,84,61,64],"product_tag":[75,74,67,72,73],"class_list":{"0":"post-15029","1":"product","2":"type-product","3":"status-publish","4":"has-post-thumbnail","6":"product_cat-boise","7":"product_cat-exotique-unique","8":"product_cat-floral","9":"product_cat-musc","10":"product_tag-boise","11":"product_tag-epice","12":"product_tag-floral-fr-2","13":"product_tag-oriental-fr","14":"product_tag-resineux","16":"first","17":"instock","18":"shipping-taxable","19":"purchasable","20":"product-type-simple"},"yoast_head":"<!-- This site is optimized with the Yoast SEO plugin v27.3 - https:\/\/yoast.com\/product\/yoast-seo-wordpress\/ -->\n<title>Encens Chocolat Noir &amp; Musc \u2013 M\u00e9lange Luxueux avec Vanille, Bois de Santal et \u00c9pices.<\/title>\n<meta name=\"description\" content=\"D\u00e9couvrez un encens best-seller avec un riche m\u00e9lange de chocolat noir, de musc, de vanille cr\u00e9meuse, de bois de santal, de cannelle, de myrrhe et d&#039;\u00e9pices orientales. Un v\u00e9ritable chef-d&#039;\u0153uvre de l&#039;art du parfum, cr\u00e9\u00e9 avec amour et inspiration.\" \/>\n<meta name=\"robots\" content=\"index, follow, max-snippet:-1, max-image-preview:large, max-video-preview:-1\" \/>\n<link rel=\"canonical\" href=\"https:\/\/bhagwan-incense.com\/fr\/produit\/choco-musk-batonnets-dencens\/\" \/>\n<meta property=\"og:locale\" content=\"fr_FR\" \/>\n<meta property=\"og:type\" content=\"article\" \/>\n<meta property=\"og:title\" content=\"Encens Chocolat Noir &amp; Musc \u2013 M\u00e9lange Luxueux avec Vanille, Bois de Santal et \u00c9pices.\" \/>\n<meta property=\"og:description\" content=\"D\u00e9couvrez un encens best-seller avec un riche m\u00e9lange de chocolat noir, de musc, de vanille cr\u00e9meuse, de bois de santal, de cannelle, de myrrhe et d&#039;\u00e9pices orientales. Un v\u00e9ritable chef-d&#039;\u0153uvre de l&#039;art du parfum, cr\u00e9\u00e9 avec amour et inspiration.\" \/>\n<meta property=\"og:url\" content=\"https:\/\/bhagwan-incense.com\/fr\/produit\/choco-musk-batonnets-dencens\/\" \/>\n<meta property=\"og:site_name\" content=\"Bhagwan Incense | EU and Worldwide Shop\" \/>\n<meta property=\"article:publisher\" content=\"https:\/\/www.facebook.com\/profile.php?id=100093081477613&amp;mibextid=ZbWKwLp\" \/>\n<meta property=\"article:modified_time\" content=\"2026-03-27T21:38:21+00:00\" \/>\n<meta property=\"og:image\" content=\"https:\/\/bhagwan-incense.com\/wp-content\/uploads\/2025\/05\/Choco-Musk_2.jpg?wsr\" \/>\n\t<meta property=\"og:image:width\" content=\"721\" \/>\n\t<meta property=\"og:image:height\" content=\"1083\" \/>\n\t<meta property=\"og:image:type\" content=\"image\/jpeg\" \/>\n<meta name=\"twitter:card\" content=\"summary_large_image\" \/>\n<meta name=\"twitter:label1\" content=\"Dur\u00e9e de lecture estim\u00e9e\" \/>\n\t<meta name=\"twitter:data1\" content=\"1 minute\" \/>\n<script type=\"application\/ld+json\" class=\"yoast-schema-graph\">{\"@context\":\"https:\\\/\\\/schema.org\",\"@graph\":[{\"@type\":\"WebPage\",\"@id\":\"https:\\\/\\\/bhagwan-incense.com\\\/fr\\\/produit\\\/choco-musk-batonnets-dencens\\\/\",\"url\":\"https:\\\/\\\/bhagwan-incense.com\\\/fr\\\/produit\\\/choco-musk-batonnets-dencens\\\/\",\"name\":\"Encens Chocolat Noir & Musc \u2013 M\u00e9lange Luxueux avec Vanille, Bois de Santal et \u00c9pices.\",\"isPartOf\":{\"@id\":\"https:\\\/\\\/bhagwan-incense.com\\\/fr\\\/#website\"},\"primaryImageOfPage\":{\"@id\":\"https:\\\/\\\/bhagwan-incense.com\\\/fr\\\/produit\\\/choco-musk-batonnets-dencens\\\/#primaryimage\"},\"image\":{\"@id\":\"https:\\\/\\\/bhagwan-incense.com\\\/fr\\\/produit\\\/choco-musk-batonnets-dencens\\\/#primaryimage\"},\"thumbnailUrl\":\"https:\\\/\\\/bhagwan-incense.com\\\/wp-content\\\/uploads\\\/2025\\\/05\\\/Choco-Musk_2.jpg?wsr\",\"datePublished\":\"2025-05-24T14:43:50+00:00\",\"dateModified\":\"2026-03-27T21:38:21+00:00\",\"description\":\"D\u00e9couvrez un encens best-seller avec un riche m\u00e9lange de chocolat noir, de musc, de vanille cr\u00e9meuse, de bois de santal, de cannelle, de myrrhe et d'\u00e9pices orientales. Un v\u00e9ritable chef-d'\u0153uvre de l'art du parfum, cr\u00e9\u00e9 avec amour et inspiration.\",\"breadcrumb\":{\"@id\":\"https:\\\/\\\/bhagwan-incense.com\\\/fr\\\/produit\\\/choco-musk-batonnets-dencens\\\/#breadcrumb\"},\"inLanguage\":\"fr-FR\",\"potentialAction\":[{\"@type\":\"ReadAction\",\"target\":[\"https:\\\/\\\/bhagwan-incense.com\\\/fr\\\/produit\\\/choco-musk-batonnets-dencens\\\/\"]}]},{\"@type\":\"ImageObject\",\"inLanguage\":\"fr-FR\",\"@id\":\"https:\\\/\\\/bhagwan-incense.com\\\/fr\\\/produit\\\/choco-musk-batonnets-dencens\\\/#primaryimage\",\"url\":\"https:\\\/\\\/bhagwan-incense.com\\\/wp-content\\\/uploads\\\/2025\\\/05\\\/Choco-Musk_2.jpg?wsr\",\"contentUrl\":\"https:\\\/\\\/bhagwan-incense.com\\\/wp-content\\\/uploads\\\/2025\\\/05\\\/Choco-Musk_2.jpg?wsr\",\"width\":721,\"height\":1083},{\"@type\":\"BreadcrumbList\",\"@id\":\"https:\\\/\\\/bhagwan-incense.com\\\/fr\\\/produit\\\/choco-musk-batonnets-dencens\\\/#breadcrumb\",\"itemListElement\":[{\"@type\":\"ListItem\",\"position\":1,\"name\":\"Home\",\"item\":\"https:\\\/\\\/bhagwan-incense.com\\\/fr\\\/\"},{\"@type\":\"ListItem\",\"position\":2,\"name\":\"Boutique\",\"item\":\"https:\\\/\\\/bhagwan-incense.com\\\/fr\\\/boutique\\\/\"},{\"@type\":\"ListItem\",\"position\":3,\"name\":\"Musc Choco B\u00e2tonnets d&#8217;Encens\"}]},{\"@type\":\"WebSite\",\"@id\":\"https:\\\/\\\/bhagwan-incense.com\\\/fr\\\/#website\",\"url\":\"https:\\\/\\\/bhagwan-incense.com\\\/fr\\\/\",\"name\":\"Bhagwan Incense | EU and Worldwide Incense Shop\",\"description\":\"Pure and Natural Incense from India\",\"publisher\":{\"@id\":\"https:\\\/\\\/bhagwan-incense.com\\\/fr\\\/#organization\"},\"potentialAction\":[{\"@type\":\"SearchAction\",\"target\":{\"@type\":\"EntryPoint\",\"urlTemplate\":\"https:\\\/\\\/bhagwan-incense.com\\\/fr\\\/?s={search_term_string}\"},\"query-input\":{\"@type\":\"PropertyValueSpecification\",\"valueRequired\":true,\"valueName\":\"search_term_string\"}}],\"inLanguage\":\"fr-FR\"},{\"@type\":\"Organization\",\"@id\":\"https:\\\/\\\/bhagwan-incense.com\\\/fr\\\/#organization\",\"name\":\"Bhagwan incense\",\"url\":\"https:\\\/\\\/bhagwan-incense.com\\\/fr\\\/\",\"logo\":{\"@type\":\"ImageObject\",\"inLanguage\":\"fr-FR\",\"@id\":\"https:\\\/\\\/bhagwan-incense.com\\\/fr\\\/#\\\/schema\\\/logo\\\/image\\\/\",\"url\":\"https:\\\/\\\/bhagwan-incense.com\\\/wp-content\\\/uploads\\\/2023\\\/06\\\/Logo-black.png\",\"contentUrl\":\"https:\\\/\\\/bhagwan-incense.com\\\/wp-content\\\/uploads\\\/2023\\\/06\\\/Logo-black.png\",\"width\":150,\"height\":150,\"caption\":\"Bhagwan incense\"},\"image\":{\"@id\":\"https:\\\/\\\/bhagwan-incense.com\\\/fr\\\/#\\\/schema\\\/logo\\\/image\\\/\"},\"sameAs\":[\"https:\\\/\\\/www.facebook.com\\\/profile.php?id=100093081477613&mibextid=ZbWKwLp\",\"https:\\\/\\\/www.instagram.com\\\/bhagwan_incense\\\/\"]}]}<\/script>\n<!-- \/ Yoast SEO plugin. -->","yoast_head_json":{"title":"Encens Chocolat Noir & Musc \u2013 M\u00e9lange Luxueux avec Vanille, Bois de Santal et \u00c9pices.","description":"D\u00e9couvrez un encens best-seller avec un riche m\u00e9lange de chocolat noir, de musc, de vanille cr\u00e9meuse, de bois de santal, de cannelle, de myrrhe et d'\u00e9pices orientales. Un v\u00e9ritable chef-d'\u0153uvre de l'art du parfum, cr\u00e9\u00e9 avec amour et inspiration.","robots":{"index":"index","follow":"follow","max-snippet":"max-snippet:-1","max-image-preview":"max-image-preview:large","max-video-preview":"max-video-preview:-1"},"canonical":"https:\/\/bhagwan-incense.com\/fr\/produit\/choco-musk-batonnets-dencens\/","og_locale":"fr_FR","og_type":"article","og_title":"Encens Chocolat Noir & Musc \u2013 M\u00e9lange Luxueux avec Vanille, Bois de Santal et \u00c9pices.","og_description":"D\u00e9couvrez un encens best-seller avec un riche m\u00e9lange de chocolat noir, de musc, de vanille cr\u00e9meuse, de bois de santal, de cannelle, de myrrhe et d'\u00e9pices orientales. Un v\u00e9ritable chef-d'\u0153uvre de l'art du parfum, cr\u00e9\u00e9 avec amour et inspiration.","og_url":"https:\/\/bhagwan-incense.com\/fr\/produit\/choco-musk-batonnets-dencens\/","og_site_name":"Bhagwan Incense | EU and Worldwide Shop","article_publisher":"https:\/\/www.facebook.com\/profile.php?id=100093081477613&mibextid=ZbWKwLp","article_modified_time":"2026-03-27T21:38:21+00:00","og_image":[{"width":721,"height":1083,"url":"https:\/\/bhagwan-incense.com\/wp-content\/uploads\/2025\/05\/Choco-Musk_2.jpg?wsr","type":"image\/jpeg"}],"twitter_card":"summary_large_image","twitter_misc":{"Dur\u00e9e de lecture estim\u00e9e":"1 minute"},"schema":{"@context":"https:\/\/schema.org","@graph":[{"@type":"WebPage","@id":"https:\/\/bhagwan-incense.com\/fr\/produit\/choco-musk-batonnets-dencens\/","url":"https:\/\/bhagwan-incense.com\/fr\/produit\/choco-musk-batonnets-dencens\/","name":"Encens Chocolat Noir & Musc \u2013 M\u00e9lange Luxueux avec Vanille, Bois de Santal et \u00c9pices.","isPartOf":{"@id":"https:\/\/bhagwan-incense.com\/fr\/#website"},"primaryImageOfPage":{"@id":"https:\/\/bhagwan-incense.com\/fr\/produit\/choco-musk-batonnets-dencens\/#primaryimage"},"image":{"@id":"https:\/\/bhagwan-incense.com\/fr\/produit\/choco-musk-batonnets-dencens\/#primaryimage"},"thumbnailUrl":"https:\/\/bhagwan-incense.com\/wp-content\/uploads\/2025\/05\/Choco-Musk_2.jpg?wsr","datePublished":"2025-05-24T14:43:50+00:00","dateModified":"2026-03-27T21:38:21+00:00","description":"D\u00e9couvrez un encens best-seller avec un riche m\u00e9lange de chocolat noir, de musc, de vanille cr\u00e9meuse, de bois de santal, de cannelle, de myrrhe et d'\u00e9pices orientales. Un v\u00e9ritable chef-d'\u0153uvre de l'art du parfum, cr\u00e9\u00e9 avec amour et inspiration.","breadcrumb":{"@id":"https:\/\/bhagwan-incense.com\/fr\/produit\/choco-musk-batonnets-dencens\/#breadcrumb"},"inLanguage":"fr-FR","potentialAction":[{"@type":"ReadAction","target":["https:\/\/bhagwan-incense.com\/fr\/produit\/choco-musk-batonnets-dencens\/"]}]},{"@type":"ImageObject","inLanguage":"fr-FR","@id":"https:\/\/bhagwan-incense.com\/fr\/produit\/choco-musk-batonnets-dencens\/#primaryimage","url":"https:\/\/bhagwan-incense.com\/wp-content\/uploads\/2025\/05\/Choco-Musk_2.jpg?wsr","contentUrl":"https:\/\/bhagwan-incense.com\/wp-content\/uploads\/2025\/05\/Choco-Musk_2.jpg?wsr","width":721,"height":1083},{"@type":"BreadcrumbList","@id":"https:\/\/bhagwan-incense.com\/fr\/produit\/choco-musk-batonnets-dencens\/#breadcrumb","itemListElement":[{"@type":"ListItem","position":1,"name":"Home","item":"https:\/\/bhagwan-incense.com\/fr\/"},{"@type":"ListItem","position":2,"name":"Boutique","item":"https:\/\/bhagwan-incense.com\/fr\/boutique\/"},{"@type":"ListItem","position":3,"name":"Musc Choco B\u00e2tonnets d&#8217;Encens"}]},{"@type":"WebSite","@id":"https:\/\/bhagwan-incense.com\/fr\/#website","url":"https:\/\/bhagwan-incense.com\/fr\/","name":"Bhagwan Incense | EU and Worldwide Incense Shop","description":"Pure and Natural Incense from India","publisher":{"@id":"https:\/\/bhagwan-incense.com\/fr\/#organization"},"potentialAction":[{"@type":"SearchAction","target":{"@type":"EntryPoint","urlTemplate":"https:\/\/bhagwan-incense.com\/fr\/?s={search_term_string}"},"query-input":{"@type":"PropertyValueSpecification","valueRequired":true,"valueName":"search_term_string"}}],"inLanguage":"fr-FR"},{"@type":"Organization","@id":"https:\/\/bhagwan-incense.com\/fr\/#organization","name":"Bhagwan incense","url":"https:\/\/bhagwan-incense.com\/fr\/","logo":{"@type":"ImageObject","inLanguage":"fr-FR","@id":"https:\/\/bhagwan-incense.com\/fr\/#\/schema\/logo\/image\/","url":"https:\/\/bhagwan-incense.com\/wp-content\/uploads\/2023\/06\/Logo-black.png","contentUrl":"https:\/\/bhagwan-incense.com\/wp-content\/uploads\/2023\/06\/Logo-black.png","width":150,"height":150,"caption":"Bhagwan incense"},"image":{"@id":"https:\/\/bhagwan-incense.com\/fr\/#\/schema\/logo\/image\/"},"sameAs":["https:\/\/www.facebook.com\/profile.php?id=100093081477613&mibextid=ZbWKwLp","https:\/\/www.instagram.com\/bhagwan_incense\/"]}]}},"_links":{"self":[{"href":"https:\/\/bhagwan-incense.com\/fr\/wp-json\/wp\/v2\/product\/15029","targetHints":{"allow":["GET"]}}],"collection":[{"href":"https:\/\/bhagwan-incense.com\/fr\/wp-json\/wp\/v2\/product"}],"about":[{"href":"https:\/\/bhagwan-incense.com\/fr\/wp-json\/wp\/v2\/types\/product"}],"replies":[{"embeddable":true,"href":"https:\/\/bhagwan-incense.com\/fr\/wp-json\/wp\/v2\/comments?post=15029"}],"wp:featuredmedia":[{"embeddable":true,"href":"https:\/\/bhagwan-incense.com\/fr\/wp-json\/wp\/v2\/media\/15031"}],"wp:attachment":[{"href":"https:\/\/bhagwan-incense.com\/fr\/wp-json\/wp\/v2\/media?parent=15029"}],"wp:term":[{"taxonomy":"product_brand","embeddable":true,"href":"https:\/\/bhagwan-incense.com\/fr\/wp-json\/wp\/v2\/product_brand?post=15029"},{"taxonomy":"product_cat","embeddable":true,"href":"https:\/\/bhagwan-incense.com\/fr\/wp-json\/wp\/v2\/product_cat?post=15029"},{"taxonomy":"product_tag","embeddable":true,"href":"https:\/\/bhagwan-incense.com\/fr\/wp-json\/wp\/v2\/product_tag?post=15029"}],"curies":[{"name":"wp","href":"https:\/\/api.w.org\/{rel}","templated":true}]}}