{"id":15041,"date":"2025-05-24T17:18:20","date_gmt":"2025-05-24T15:18:20","guid":{"rendered":"https:\/\/bhagwan-incense.com\/?post_type=product&#038;p=15041"},"modified":"2026-03-27T22:34:52","modified_gmt":"2026-03-27T21:34:52","slug":"holy-clove-batonnets-dencens","status":"publish","type":"product","link":"https:\/\/bhagwan-incense.com\/fr\/produit\/holy-clove-batonnets-dencens\/","title":{"rendered":"Clou Sacr\u00e9 B\u00e2tonnets d&#8217;Encens"},"content":{"rendered":"<p data-sourcepos=\"2:1-2:232\">D\u00e9couvrez l&#8217;encens Clou de Girofle Sacr\u00e9, con\u00e7u pour \u00e9voquer l&#8217;ambiance chaleureuse et r\u00e9confortante de votre caf\u00e9 pr\u00e9f\u00e9r\u00e9 par une froide journ\u00e9e d&#8217;hiver. Il cr\u00e9e une sensation de foyer, de s\u00e9curit\u00e9, de plaisir et de relaxation.<\/p>\n<p data-sourcepos=\"4:1-4:453\"><span class=\"citation-12 citation-end-12\">L&#8217;ar\u00f4me chaud et \u00e9pic\u00e9 du clou de girofle est depuis longtemps pris\u00e9 en aromath\u00e9rapie pour sa capacit\u00e9 \u00e0 am\u00e9liorer l&#8217;humeur, \u00e0 dissiper les tensions et \u00e0 favoriser un profond sentiment de calme.<\/span> Le clou de girofle est une \u00e9pice puissante, reconnue non seulement pour sa saveur chaude et aromatique, mais aussi pour ses impressionnants bienfaits pour la sant\u00e9 \u2014 surtout lorsqu&#8217;il s&#8217;agit de soulager le stress et de favoriser la relaxation.<\/p>\n","protected":false},"excerpt":{"rendered":"<p>Une fragrance chaude, \u00e9pic\u00e9e et douce avec de riches nuances aromatiques, pr\u00e9sentant une qualit\u00e9 l\u00e9g\u00e8rement poivr\u00e9e et m\u00e9dicinale. Elle \u00e9voque sans effort une sensation de chaleur et de confort. Aussi r\u00e9confortant qu&#8217;une bonne tasse de latte \u00e0 la citrouille ou de masala chai !<\/p>\n","protected":false},"featured_media":15043,"comment_status":"open","ping_status":"closed","template":"","meta":[],"product_brand":[],"product_cat":[60,84,61,85],"product_tag":[75,74,67,72,73],"class_list":{"0":"post-15041","1":"product","2":"type-product","3":"status-publish","4":"has-post-thumbnail","6":"product_cat-boise","7":"product_cat-exotique-unique","8":"product_cat-floral","9":"product_cat-yoga-fr","10":"product_tag-boise","11":"product_tag-epice","12":"product_tag-floral-fr-2","13":"product_tag-oriental-fr","14":"product_tag-resineux","16":"first","17":"instock","18":"shipping-taxable","19":"purchasable","20":"product-type-simple"},"yoast_head":"<!-- This site is optimized with the Yoast SEO plugin v27.3 - https:\/\/yoast.com\/product\/yoast-seo-wordpress\/ -->\n<title>Encens Clou de Girofle Sacr\u00e9 \u2013 Ar\u00f4me Chaud et \u00c9pic\u00e9 pour la Relaxation et le Soulagement du Stress.<\/title>\n<meta name=\"description\" content=\"D\u00e9couvrez le parfum r\u00e9confortant de notre encens Clou de Girofle Sacr\u00e9, con\u00e7u pour cr\u00e9er une ambiance chaleureuse rappelant un caf\u00e9 douillet par une froide journ\u00e9e d&#039;hiver. Id\u00e9al pour la relaxation, le soulagement du stress et pour impr\u00e9gner votre espace d&#039;un sentiment de paix et d&#039;\u00e9panouissement.\" \/>\n<meta name=\"robots\" content=\"index, follow, max-snippet:-1, max-image-preview:large, max-video-preview:-1\" \/>\n<link rel=\"canonical\" href=\"https:\/\/bhagwan-incense.com\/fr\/produit\/holy-clove-batonnets-dencens\/\" \/>\n<meta property=\"og:locale\" content=\"fr_FR\" \/>\n<meta property=\"og:type\" content=\"article\" \/>\n<meta property=\"og:title\" content=\"Encens Clou de Girofle Sacr\u00e9 \u2013 Ar\u00f4me Chaud et \u00c9pic\u00e9 pour la Relaxation et le Soulagement du Stress.\" \/>\n<meta property=\"og:description\" content=\"D\u00e9couvrez le parfum r\u00e9confortant de notre encens Clou de Girofle Sacr\u00e9, con\u00e7u pour cr\u00e9er une ambiance chaleureuse rappelant un caf\u00e9 douillet par une froide journ\u00e9e d&#039;hiver. Id\u00e9al pour la relaxation, le soulagement du stress et pour impr\u00e9gner votre espace d&#039;un sentiment de paix et d&#039;\u00e9panouissement.\" \/>\n<meta property=\"og:url\" content=\"https:\/\/bhagwan-incense.com\/fr\/produit\/holy-clove-batonnets-dencens\/\" \/>\n<meta property=\"og:site_name\" content=\"Bhagwan Incense | EU and Worldwide Shop\" \/>\n<meta property=\"article:publisher\" content=\"https:\/\/www.facebook.com\/profile.php?id=100093081477613&amp;mibextid=ZbWKwLp\" \/>\n<meta property=\"article:modified_time\" content=\"2026-03-27T21:34:52+00:00\" \/>\n<meta property=\"og:image\" content=\"https:\/\/bhagwan-incense.com\/wp-content\/uploads\/2025\/05\/Holy-Clove-_2-scaled.jpg?wsr\" \/>\n\t<meta property=\"og:image:width\" content=\"1706\" \/>\n\t<meta property=\"og:image:height\" content=\"2560\" \/>\n\t<meta property=\"og:image:type\" content=\"image\/jpeg\" \/>\n<meta name=\"twitter:card\" content=\"summary_large_image\" \/>\n<meta name=\"twitter:label1\" content=\"Dur\u00e9e de lecture estim\u00e9e\" \/>\n\t<meta name=\"twitter:data1\" content=\"1 minute\" \/>\n<script type=\"application\/ld+json\" class=\"yoast-schema-graph\">{\"@context\":\"https:\\\/\\\/schema.org\",\"@graph\":[{\"@type\":\"WebPage\",\"@id\":\"https:\\\/\\\/bhagwan-incense.com\\\/fr\\\/produit\\\/holy-clove-batonnets-dencens\\\/\",\"url\":\"https:\\\/\\\/bhagwan-incense.com\\\/fr\\\/produit\\\/holy-clove-batonnets-dencens\\\/\",\"name\":\"Encens Clou de Girofle Sacr\u00e9 \u2013 Ar\u00f4me Chaud et \u00c9pic\u00e9 pour la Relaxation et le Soulagement du Stress.\",\"isPartOf\":{\"@id\":\"https:\\\/\\\/bhagwan-incense.com\\\/fr\\\/#website\"},\"primaryImageOfPage\":{\"@id\":\"https:\\\/\\\/bhagwan-incense.com\\\/fr\\\/produit\\\/holy-clove-batonnets-dencens\\\/#primaryimage\"},\"image\":{\"@id\":\"https:\\\/\\\/bhagwan-incense.com\\\/fr\\\/produit\\\/holy-clove-batonnets-dencens\\\/#primaryimage\"},\"thumbnailUrl\":\"https:\\\/\\\/bhagwan-incense.com\\\/wp-content\\\/uploads\\\/2025\\\/05\\\/Holy-Clove-_2-scaled.jpg?wsr\",\"datePublished\":\"2025-05-24T15:18:20+00:00\",\"dateModified\":\"2026-03-27T21:34:52+00:00\",\"description\":\"D\u00e9couvrez le parfum r\u00e9confortant de notre encens Clou de Girofle Sacr\u00e9, con\u00e7u pour cr\u00e9er une ambiance chaleureuse rappelant un caf\u00e9 douillet par une froide journ\u00e9e d'hiver. Id\u00e9al pour la relaxation, le soulagement du stress et pour impr\u00e9gner votre espace d'un sentiment de paix et d'\u00e9panouissement.\",\"breadcrumb\":{\"@id\":\"https:\\\/\\\/bhagwan-incense.com\\\/fr\\\/produit\\\/holy-clove-batonnets-dencens\\\/#breadcrumb\"},\"inLanguage\":\"fr-FR\",\"potentialAction\":[{\"@type\":\"ReadAction\",\"target\":[\"https:\\\/\\\/bhagwan-incense.com\\\/fr\\\/produit\\\/holy-clove-batonnets-dencens\\\/\"]}]},{\"@type\":\"ImageObject\",\"inLanguage\":\"fr-FR\",\"@id\":\"https:\\\/\\\/bhagwan-incense.com\\\/fr\\\/produit\\\/holy-clove-batonnets-dencens\\\/#primaryimage\",\"url\":\"https:\\\/\\\/bhagwan-incense.com\\\/wp-content\\\/uploads\\\/2025\\\/05\\\/Holy-Clove-_2-scaled.jpg?wsr\",\"contentUrl\":\"https:\\\/\\\/bhagwan-incense.com\\\/wp-content\\\/uploads\\\/2025\\\/05\\\/Holy-Clove-_2-scaled.jpg?wsr\",\"width\":1706,\"height\":2560},{\"@type\":\"BreadcrumbList\",\"@id\":\"https:\\\/\\\/bhagwan-incense.com\\\/fr\\\/produit\\\/holy-clove-batonnets-dencens\\\/#breadcrumb\",\"itemListElement\":[{\"@type\":\"ListItem\",\"position\":1,\"name\":\"Home\",\"item\":\"https:\\\/\\\/bhagwan-incense.com\\\/fr\\\/\"},{\"@type\":\"ListItem\",\"position\":2,\"name\":\"Boutique\",\"item\":\"https:\\\/\\\/bhagwan-incense.com\\\/fr\\\/boutique\\\/\"},{\"@type\":\"ListItem\",\"position\":3,\"name\":\"Clou Sacr\u00e9 B\u00e2tonnets d&#8217;Encens\"}]},{\"@type\":\"WebSite\",\"@id\":\"https:\\\/\\\/bhagwan-incense.com\\\/fr\\\/#website\",\"url\":\"https:\\\/\\\/bhagwan-incense.com\\\/fr\\\/\",\"name\":\"Bhagwan Incense | EU and Worldwide Incense Shop\",\"description\":\"Pure and Natural Incense from India\",\"publisher\":{\"@id\":\"https:\\\/\\\/bhagwan-incense.com\\\/fr\\\/#organization\"},\"potentialAction\":[{\"@type\":\"SearchAction\",\"target\":{\"@type\":\"EntryPoint\",\"urlTemplate\":\"https:\\\/\\\/bhagwan-incense.com\\\/fr\\\/?s={search_term_string}\"},\"query-input\":{\"@type\":\"PropertyValueSpecification\",\"valueRequired\":true,\"valueName\":\"search_term_string\"}}],\"inLanguage\":\"fr-FR\"},{\"@type\":\"Organization\",\"@id\":\"https:\\\/\\\/bhagwan-incense.com\\\/fr\\\/#organization\",\"name\":\"Bhagwan incense\",\"url\":\"https:\\\/\\\/bhagwan-incense.com\\\/fr\\\/\",\"logo\":{\"@type\":\"ImageObject\",\"inLanguage\":\"fr-FR\",\"@id\":\"https:\\\/\\\/bhagwan-incense.com\\\/fr\\\/#\\\/schema\\\/logo\\\/image\\\/\",\"url\":\"https:\\\/\\\/bhagwan-incense.com\\\/wp-content\\\/uploads\\\/2023\\\/06\\\/Logo-black.png\",\"contentUrl\":\"https:\\\/\\\/bhagwan-incense.com\\\/wp-content\\\/uploads\\\/2023\\\/06\\\/Logo-black.png\",\"width\":150,\"height\":150,\"caption\":\"Bhagwan incense\"},\"image\":{\"@id\":\"https:\\\/\\\/bhagwan-incense.com\\\/fr\\\/#\\\/schema\\\/logo\\\/image\\\/\"},\"sameAs\":[\"https:\\\/\\\/www.facebook.com\\\/profile.php?id=100093081477613&mibextid=ZbWKwLp\",\"https:\\\/\\\/www.instagram.com\\\/bhagwan_incense\\\/\"]}]}<\/script>\n<!-- \/ Yoast SEO plugin. -->","yoast_head_json":{"title":"Encens Clou de Girofle Sacr\u00e9 \u2013 Ar\u00f4me Chaud et \u00c9pic\u00e9 pour la Relaxation et le Soulagement du Stress.","description":"D\u00e9couvrez le parfum r\u00e9confortant de notre encens Clou de Girofle Sacr\u00e9, con\u00e7u pour cr\u00e9er une ambiance chaleureuse rappelant un caf\u00e9 douillet par une froide journ\u00e9e d'hiver. Id\u00e9al pour la relaxation, le soulagement du stress et pour impr\u00e9gner votre espace d'un sentiment de paix et d'\u00e9panouissement.","robots":{"index":"index","follow":"follow","max-snippet":"max-snippet:-1","max-image-preview":"max-image-preview:large","max-video-preview":"max-video-preview:-1"},"canonical":"https:\/\/bhagwan-incense.com\/fr\/produit\/holy-clove-batonnets-dencens\/","og_locale":"fr_FR","og_type":"article","og_title":"Encens Clou de Girofle Sacr\u00e9 \u2013 Ar\u00f4me Chaud et \u00c9pic\u00e9 pour la Relaxation et le Soulagement du Stress.","og_description":"D\u00e9couvrez le parfum r\u00e9confortant de notre encens Clou de Girofle Sacr\u00e9, con\u00e7u pour cr\u00e9er une ambiance chaleureuse rappelant un caf\u00e9 douillet par une froide journ\u00e9e d'hiver. Id\u00e9al pour la relaxation, le soulagement du stress et pour impr\u00e9gner votre espace d'un sentiment de paix et d'\u00e9panouissement.","og_url":"https:\/\/bhagwan-incense.com\/fr\/produit\/holy-clove-batonnets-dencens\/","og_site_name":"Bhagwan Incense | EU and Worldwide Shop","article_publisher":"https:\/\/www.facebook.com\/profile.php?id=100093081477613&mibextid=ZbWKwLp","article_modified_time":"2026-03-27T21:34:52+00:00","og_image":[{"width":1706,"height":2560,"url":"https:\/\/bhagwan-incense.com\/wp-content\/uploads\/2025\/05\/Holy-Clove-_2-scaled.jpg?wsr","type":"image\/jpeg"}],"twitter_card":"summary_large_image","twitter_misc":{"Dur\u00e9e de lecture estim\u00e9e":"1 minute"},"schema":{"@context":"https:\/\/schema.org","@graph":[{"@type":"WebPage","@id":"https:\/\/bhagwan-incense.com\/fr\/produit\/holy-clove-batonnets-dencens\/","url":"https:\/\/bhagwan-incense.com\/fr\/produit\/holy-clove-batonnets-dencens\/","name":"Encens Clou de Girofle Sacr\u00e9 \u2013 Ar\u00f4me Chaud et \u00c9pic\u00e9 pour la Relaxation et le Soulagement du Stress.","isPartOf":{"@id":"https:\/\/bhagwan-incense.com\/fr\/#website"},"primaryImageOfPage":{"@id":"https:\/\/bhagwan-incense.com\/fr\/produit\/holy-clove-batonnets-dencens\/#primaryimage"},"image":{"@id":"https:\/\/bhagwan-incense.com\/fr\/produit\/holy-clove-batonnets-dencens\/#primaryimage"},"thumbnailUrl":"https:\/\/bhagwan-incense.com\/wp-content\/uploads\/2025\/05\/Holy-Clove-_2-scaled.jpg?wsr","datePublished":"2025-05-24T15:18:20+00:00","dateModified":"2026-03-27T21:34:52+00:00","description":"D\u00e9couvrez le parfum r\u00e9confortant de notre encens Clou de Girofle Sacr\u00e9, con\u00e7u pour cr\u00e9er une ambiance chaleureuse rappelant un caf\u00e9 douillet par une froide journ\u00e9e d'hiver. Id\u00e9al pour la relaxation, le soulagement du stress et pour impr\u00e9gner votre espace d'un sentiment de paix et d'\u00e9panouissement.","breadcrumb":{"@id":"https:\/\/bhagwan-incense.com\/fr\/produit\/holy-clove-batonnets-dencens\/#breadcrumb"},"inLanguage":"fr-FR","potentialAction":[{"@type":"ReadAction","target":["https:\/\/bhagwan-incense.com\/fr\/produit\/holy-clove-batonnets-dencens\/"]}]},{"@type":"ImageObject","inLanguage":"fr-FR","@id":"https:\/\/bhagwan-incense.com\/fr\/produit\/holy-clove-batonnets-dencens\/#primaryimage","url":"https:\/\/bhagwan-incense.com\/wp-content\/uploads\/2025\/05\/Holy-Clove-_2-scaled.jpg?wsr","contentUrl":"https:\/\/bhagwan-incense.com\/wp-content\/uploads\/2025\/05\/Holy-Clove-_2-scaled.jpg?wsr","width":1706,"height":2560},{"@type":"BreadcrumbList","@id":"https:\/\/bhagwan-incense.com\/fr\/produit\/holy-clove-batonnets-dencens\/#breadcrumb","itemListElement":[{"@type":"ListItem","position":1,"name":"Home","item":"https:\/\/bhagwan-incense.com\/fr\/"},{"@type":"ListItem","position":2,"name":"Boutique","item":"https:\/\/bhagwan-incense.com\/fr\/boutique\/"},{"@type":"ListItem","position":3,"name":"Clou Sacr\u00e9 B\u00e2tonnets d&#8217;Encens"}]},{"@type":"WebSite","@id":"https:\/\/bhagwan-incense.com\/fr\/#website","url":"https:\/\/bhagwan-incense.com\/fr\/","name":"Bhagwan Incense | EU and Worldwide Incense Shop","description":"Pure and Natural Incense from India","publisher":{"@id":"https:\/\/bhagwan-incense.com\/fr\/#organization"},"potentialAction":[{"@type":"SearchAction","target":{"@type":"EntryPoint","urlTemplate":"https:\/\/bhagwan-incense.com\/fr\/?s={search_term_string}"},"query-input":{"@type":"PropertyValueSpecification","valueRequired":true,"valueName":"search_term_string"}}],"inLanguage":"fr-FR"},{"@type":"Organization","@id":"https:\/\/bhagwan-incense.com\/fr\/#organization","name":"Bhagwan incense","url":"https:\/\/bhagwan-incense.com\/fr\/","logo":{"@type":"ImageObject","inLanguage":"fr-FR","@id":"https:\/\/bhagwan-incense.com\/fr\/#\/schema\/logo\/image\/","url":"https:\/\/bhagwan-incense.com\/wp-content\/uploads\/2023\/06\/Logo-black.png","contentUrl":"https:\/\/bhagwan-incense.com\/wp-content\/uploads\/2023\/06\/Logo-black.png","width":150,"height":150,"caption":"Bhagwan incense"},"image":{"@id":"https:\/\/bhagwan-incense.com\/fr\/#\/schema\/logo\/image\/"},"sameAs":["https:\/\/www.facebook.com\/profile.php?id=100093081477613&mibextid=ZbWKwLp","https:\/\/www.instagram.com\/bhagwan_incense\/"]}]}},"_links":{"self":[{"href":"https:\/\/bhagwan-incense.com\/fr\/wp-json\/wp\/v2\/product\/15041","targetHints":{"allow":["GET"]}}],"collection":[{"href":"https:\/\/bhagwan-incense.com\/fr\/wp-json\/wp\/v2\/product"}],"about":[{"href":"https:\/\/bhagwan-incense.com\/fr\/wp-json\/wp\/v2\/types\/product"}],"replies":[{"embeddable":true,"href":"https:\/\/bhagwan-incense.com\/fr\/wp-json\/wp\/v2\/comments?post=15041"}],"wp:featuredmedia":[{"embeddable":true,"href":"https:\/\/bhagwan-incense.com\/fr\/wp-json\/wp\/v2\/media\/15043"}],"wp:attachment":[{"href":"https:\/\/bhagwan-incense.com\/fr\/wp-json\/wp\/v2\/media?parent=15041"}],"wp:term":[{"taxonomy":"product_brand","embeddable":true,"href":"https:\/\/bhagwan-incense.com\/fr\/wp-json\/wp\/v2\/product_brand?post=15041"},{"taxonomy":"product_cat","embeddable":true,"href":"https:\/\/bhagwan-incense.com\/fr\/wp-json\/wp\/v2\/product_cat?post=15041"},{"taxonomy":"product_tag","embeddable":true,"href":"https:\/\/bhagwan-incense.com\/fr\/wp-json\/wp\/v2\/product_tag?post=15041"}],"curies":[{"name":"wp","href":"https:\/\/api.w.org\/{rel}","templated":true}]}}