{"id":15071,"date":"2025-05-24T20:51:50","date_gmt":"2025-05-24T18:51:50","guid":{"rendered":"https:\/\/bhagwan-incense.com\/?post_type=product&#038;p=15071"},"modified":"2026-03-24T19:37:06","modified_gmt":"2026-03-24T18:37:06","slug":"roi-du-loban-batonnets-dencens","status":"publish","type":"product","link":"https:\/\/bhagwan-incense.com\/fr\/produit\/roi-du-loban-batonnets-dencens\/","title":{"rendered":"Roi du Loban B\u00e2tonnets d&#8217;Encens"},"content":{"rendered":"<div>\n<p data-sourcepos=\"3:1-3:379\">Notre encens King of Loban pr\u00e9sente un parfum bois\u00e9-doux, semblable \u00e0 la vanille, reposant sur une base profonde et r\u00e9sineuse. Nous avons utilis\u00e9 du benjoin de haute qualit\u00e9 provenant d&#8217;Indon\u00e9sie pour cr\u00e9er cet encens. C&#8217;est un encens rare pour la purification de la maison, dot\u00e9 d&#8217;un ar\u00f4me agr\u00e9able, parfait \u00e0 la fois pour la purification et pour profiter de sa riche fragrance.<\/p>\n<p data-sourcepos=\"5:1-5:270\">Le Loban et le Sambrani sont essentiellement le m\u00eame encens \u2014 les habitants du nord de l&#8217;Inde l&#8217;appellent Loban, tandis qu&#8217;il est connu sous le nom de Sambrani dans le sud de l&#8217;Inde. Le Sambrani est fortement recommand\u00e9 par Sadhguru comme l&#8217;outil de purification ultime.<\/p>\n<\/div>\n<div>\n<div class=\"mt-1 flex gap-3 empty:hidden juice:-ml-3\">\n<div class=\"items-center justify-start rounded-xl p-1 flex\">\n<div class=\"flex items-center\">\n<div class=\"flex items-center pb-0.5 juice:pb-0\">\n<div class=\"[&amp;_svg]:h-full [&amp;_svg]:w-full icon-md h-4 w-4\"><\/div>\n<\/div>\n<\/div>\n<\/div>\n<\/div>\n<\/div>\n<div><\/div>\n","protected":false},"excerpt":{"rendered":"<p>Fabriqu\u00e9 avec un benjoin pur de haute qualit\u00e9, cet encens est riche, chaud et balsamique, avec de profondes notes r\u00e9sineuses et des soup\u00e7ons de vanille, de caramel et d&#8217;\u00e9pices. Doux avec une profondeur ambr\u00e9e \u2014 une fragrance digne des rois.<\/p>\n","protected":false},"featured_media":15073,"comment_status":"open","ping_status":"closed","template":"","meta":[],"product_brand":[],"product_cat":[60,84,116,85],"product_tag":[75,72,73],"class_list":{"0":"post-15071","1":"product","2":"type-product","3":"status-publish","4":"has-post-thumbnail","6":"product_cat-boise","7":"product_cat-exotique-unique","8":"product_cat-oliban-myrrhe-benjoin","9":"product_cat-yoga-fr","10":"product_tag-boise","11":"product_tag-oriental-fr","12":"product_tag-resineux","14":"first","15":"instock","16":"shipping-taxable","17":"purchasable","18":"product-type-simple"},"yoast_head":"<!-- This site is optimized with the Yoast SEO plugin v27.4 - https:\/\/yoast.com\/product\/yoast-seo-wordpress\/ -->\n<title>King of Loban: Encens Pur Benjoin (Sambrani) pour la Purification et un Ar\u00f4me Riche<\/title>\n<meta name=\"description\" content=\"D\u00e9couvrez la fragrance royale de King of Loban, notre encens au benjoin (Sambrani) de premi\u00e8re qualit\u00e9. Riche, chaud et balsamique avec des notes de vanille-caramel, il est parfait pour la purification de la maison et pour profiter d&#039;un ar\u00f4me luxueux et profond. Benjoin indon\u00e9sien de haute qualit\u00e9, recommand\u00e9 par Sadhguru.\" \/>\n<meta name=\"robots\" content=\"index, follow, max-snippet:-1, max-image-preview:large, max-video-preview:-1\" \/>\n<link rel=\"canonical\" href=\"https:\/\/bhagwan-incense.com\/fr\/produit\/roi-du-loban-batonnets-dencens\/\" \/>\n<meta property=\"og:locale\" content=\"fr_FR\" \/>\n<meta property=\"og:type\" content=\"article\" \/>\n<meta property=\"og:title\" content=\"King of Loban: Encens Pur Benjoin (Sambrani) pour la Purification et un Ar\u00f4me Riche\" \/>\n<meta property=\"og:description\" content=\"D\u00e9couvrez la fragrance royale de King of Loban, notre encens au benjoin (Sambrani) de premi\u00e8re qualit\u00e9. Riche, chaud et balsamique avec des notes de vanille-caramel, il est parfait pour la purification de la maison et pour profiter d&#039;un ar\u00f4me luxueux et profond. Benjoin indon\u00e9sien de haute qualit\u00e9, recommand\u00e9 par Sadhguru.\" \/>\n<meta property=\"og:url\" content=\"https:\/\/bhagwan-incense.com\/fr\/produit\/roi-du-loban-batonnets-dencens\/\" \/>\n<meta property=\"og:site_name\" content=\"Bhagwan Incense | EU and Worldwide Shop\" \/>\n<meta property=\"article:publisher\" content=\"https:\/\/www.facebook.com\/profile.php?id=100093081477613&amp;mibextid=ZbWKwLp\" \/>\n<meta property=\"article:modified_time\" content=\"2026-03-24T18:37:06+00:00\" \/>\n<meta property=\"og:image\" content=\"https:\/\/bhagwan-incense.com\/wp-content\/uploads\/2025\/05\/King-of-Loban_2-3.jpg?wsr\" \/>\n\t<meta property=\"og:image:width\" content=\"853\" \/>\n\t<meta property=\"og:image:height\" content=\"1280\" \/>\n\t<meta property=\"og:image:type\" content=\"image\/jpeg\" \/>\n<meta name=\"twitter:card\" content=\"summary_large_image\" \/>\n<meta name=\"twitter:label1\" content=\"Dur\u00e9e de lecture estim\u00e9e\" \/>\n\t<meta name=\"twitter:data1\" content=\"1 minute\" \/>\n<script type=\"application\/ld+json\" class=\"yoast-schema-graph\">{\"@context\":\"https:\\\/\\\/schema.org\",\"@graph\":[{\"@type\":\"WebPage\",\"@id\":\"https:\\\/\\\/bhagwan-incense.com\\\/fr\\\/produit\\\/roi-du-loban-batonnets-dencens\\\/\",\"url\":\"https:\\\/\\\/bhagwan-incense.com\\\/fr\\\/produit\\\/roi-du-loban-batonnets-dencens\\\/\",\"name\":\"King of Loban: Encens Pur Benjoin (Sambrani) pour la Purification et un Ar\u00f4me Riche\",\"isPartOf\":{\"@id\":\"https:\\\/\\\/bhagwan-incense.com\\\/fr\\\/#website\"},\"primaryImageOfPage\":{\"@id\":\"https:\\\/\\\/bhagwan-incense.com\\\/fr\\\/produit\\\/roi-du-loban-batonnets-dencens\\\/#primaryimage\"},\"image\":{\"@id\":\"https:\\\/\\\/bhagwan-incense.com\\\/fr\\\/produit\\\/roi-du-loban-batonnets-dencens\\\/#primaryimage\"},\"thumbnailUrl\":\"https:\\\/\\\/bhagwan-incense.com\\\/wp-content\\\/uploads\\\/2025\\\/05\\\/King-of-Loban_2-3.jpg?wsr\",\"datePublished\":\"2025-05-24T18:51:50+00:00\",\"dateModified\":\"2026-03-24T18:37:06+00:00\",\"description\":\"D\u00e9couvrez la fragrance royale de King of Loban, notre encens au benjoin (Sambrani) de premi\u00e8re qualit\u00e9. Riche, chaud et balsamique avec des notes de vanille-caramel, il est parfait pour la purification de la maison et pour profiter d'un ar\u00f4me luxueux et profond. Benjoin indon\u00e9sien de haute qualit\u00e9, recommand\u00e9 par Sadhguru.\",\"breadcrumb\":{\"@id\":\"https:\\\/\\\/bhagwan-incense.com\\\/fr\\\/produit\\\/roi-du-loban-batonnets-dencens\\\/#breadcrumb\"},\"inLanguage\":\"fr-FR\",\"potentialAction\":[{\"@type\":\"ReadAction\",\"target\":[\"https:\\\/\\\/bhagwan-incense.com\\\/fr\\\/produit\\\/roi-du-loban-batonnets-dencens\\\/\"]}]},{\"@type\":\"ImageObject\",\"inLanguage\":\"fr-FR\",\"@id\":\"https:\\\/\\\/bhagwan-incense.com\\\/fr\\\/produit\\\/roi-du-loban-batonnets-dencens\\\/#primaryimage\",\"url\":\"https:\\\/\\\/bhagwan-incense.com\\\/wp-content\\\/uploads\\\/2025\\\/05\\\/King-of-Loban_2-3.jpg?wsr\",\"contentUrl\":\"https:\\\/\\\/bhagwan-incense.com\\\/wp-content\\\/uploads\\\/2025\\\/05\\\/King-of-Loban_2-3.jpg?wsr\",\"width\":853,\"height\":1280},{\"@type\":\"BreadcrumbList\",\"@id\":\"https:\\\/\\\/bhagwan-incense.com\\\/fr\\\/produit\\\/roi-du-loban-batonnets-dencens\\\/#breadcrumb\",\"itemListElement\":[{\"@type\":\"ListItem\",\"position\":1,\"name\":\"Home\",\"item\":\"https:\\\/\\\/bhagwan-incense.com\\\/fr\\\/\"},{\"@type\":\"ListItem\",\"position\":2,\"name\":\"Boutique\",\"item\":\"https:\\\/\\\/bhagwan-incense.com\\\/fr\\\/boutique\\\/\"},{\"@type\":\"ListItem\",\"position\":3,\"name\":\"Roi du Loban B\u00e2tonnets d&#8217;Encens\"}]},{\"@type\":\"WebSite\",\"@id\":\"https:\\\/\\\/bhagwan-incense.com\\\/fr\\\/#website\",\"url\":\"https:\\\/\\\/bhagwan-incense.com\\\/fr\\\/\",\"name\":\"Bhagwan Incense | EU and Worldwide Incense Shop\",\"description\":\"Pure and Natural Incense from India\",\"publisher\":{\"@id\":\"https:\\\/\\\/bhagwan-incense.com\\\/fr\\\/#organization\"},\"potentialAction\":[{\"@type\":\"SearchAction\",\"target\":{\"@type\":\"EntryPoint\",\"urlTemplate\":\"https:\\\/\\\/bhagwan-incense.com\\\/fr\\\/?s={search_term_string}\"},\"query-input\":{\"@type\":\"PropertyValueSpecification\",\"valueRequired\":true,\"valueName\":\"search_term_string\"}}],\"inLanguage\":\"fr-FR\"},{\"@type\":\"Organization\",\"@id\":\"https:\\\/\\\/bhagwan-incense.com\\\/fr\\\/#organization\",\"name\":\"Bhagwan incense\",\"url\":\"https:\\\/\\\/bhagwan-incense.com\\\/fr\\\/\",\"logo\":{\"@type\":\"ImageObject\",\"inLanguage\":\"fr-FR\",\"@id\":\"https:\\\/\\\/bhagwan-incense.com\\\/fr\\\/#\\\/schema\\\/logo\\\/image\\\/\",\"url\":\"https:\\\/\\\/bhagwan-incense.com\\\/wp-content\\\/uploads\\\/2023\\\/06\\\/Logo-black.png\",\"contentUrl\":\"https:\\\/\\\/bhagwan-incense.com\\\/wp-content\\\/uploads\\\/2023\\\/06\\\/Logo-black.png\",\"width\":150,\"height\":150,\"caption\":\"Bhagwan incense\"},\"image\":{\"@id\":\"https:\\\/\\\/bhagwan-incense.com\\\/fr\\\/#\\\/schema\\\/logo\\\/image\\\/\"},\"sameAs\":[\"https:\\\/\\\/www.facebook.com\\\/profile.php?id=100093081477613&mibextid=ZbWKwLp\",\"https:\\\/\\\/www.instagram.com\\\/bhagwan_incense\\\/\"]}]}<\/script>\n<!-- \/ Yoast SEO plugin. -->","yoast_head_json":{"title":"King of Loban: Encens Pur Benjoin (Sambrani) pour la Purification et un Ar\u00f4me Riche","description":"D\u00e9couvrez la fragrance royale de King of Loban, notre encens au benjoin (Sambrani) de premi\u00e8re qualit\u00e9. Riche, chaud et balsamique avec des notes de vanille-caramel, il est parfait pour la purification de la maison et pour profiter d'un ar\u00f4me luxueux et profond. Benjoin indon\u00e9sien de haute qualit\u00e9, recommand\u00e9 par Sadhguru.","robots":{"index":"index","follow":"follow","max-snippet":"max-snippet:-1","max-image-preview":"max-image-preview:large","max-video-preview":"max-video-preview:-1"},"canonical":"https:\/\/bhagwan-incense.com\/fr\/produit\/roi-du-loban-batonnets-dencens\/","og_locale":"fr_FR","og_type":"article","og_title":"King of Loban: Encens Pur Benjoin (Sambrani) pour la Purification et un Ar\u00f4me Riche","og_description":"D\u00e9couvrez la fragrance royale de King of Loban, notre encens au benjoin (Sambrani) de premi\u00e8re qualit\u00e9. Riche, chaud et balsamique avec des notes de vanille-caramel, il est parfait pour la purification de la maison et pour profiter d'un ar\u00f4me luxueux et profond. Benjoin indon\u00e9sien de haute qualit\u00e9, recommand\u00e9 par Sadhguru.","og_url":"https:\/\/bhagwan-incense.com\/fr\/produit\/roi-du-loban-batonnets-dencens\/","og_site_name":"Bhagwan Incense | EU and Worldwide Shop","article_publisher":"https:\/\/www.facebook.com\/profile.php?id=100093081477613&mibextid=ZbWKwLp","article_modified_time":"2026-03-24T18:37:06+00:00","og_image":[{"width":853,"height":1280,"url":"https:\/\/bhagwan-incense.com\/wp-content\/uploads\/2025\/05\/King-of-Loban_2-3.jpg?wsr","type":"image\/jpeg"}],"twitter_card":"summary_large_image","twitter_misc":{"Dur\u00e9e de lecture estim\u00e9e":"1 minute"},"schema":{"@context":"https:\/\/schema.org","@graph":[{"@type":"WebPage","@id":"https:\/\/bhagwan-incense.com\/fr\/produit\/roi-du-loban-batonnets-dencens\/","url":"https:\/\/bhagwan-incense.com\/fr\/produit\/roi-du-loban-batonnets-dencens\/","name":"King of Loban: Encens Pur Benjoin (Sambrani) pour la Purification et un Ar\u00f4me Riche","isPartOf":{"@id":"https:\/\/bhagwan-incense.com\/fr\/#website"},"primaryImageOfPage":{"@id":"https:\/\/bhagwan-incense.com\/fr\/produit\/roi-du-loban-batonnets-dencens\/#primaryimage"},"image":{"@id":"https:\/\/bhagwan-incense.com\/fr\/produit\/roi-du-loban-batonnets-dencens\/#primaryimage"},"thumbnailUrl":"https:\/\/bhagwan-incense.com\/wp-content\/uploads\/2025\/05\/King-of-Loban_2-3.jpg?wsr","datePublished":"2025-05-24T18:51:50+00:00","dateModified":"2026-03-24T18:37:06+00:00","description":"D\u00e9couvrez la fragrance royale de King of Loban, notre encens au benjoin (Sambrani) de premi\u00e8re qualit\u00e9. Riche, chaud et balsamique avec des notes de vanille-caramel, il est parfait pour la purification de la maison et pour profiter d'un ar\u00f4me luxueux et profond. Benjoin indon\u00e9sien de haute qualit\u00e9, recommand\u00e9 par Sadhguru.","breadcrumb":{"@id":"https:\/\/bhagwan-incense.com\/fr\/produit\/roi-du-loban-batonnets-dencens\/#breadcrumb"},"inLanguage":"fr-FR","potentialAction":[{"@type":"ReadAction","target":["https:\/\/bhagwan-incense.com\/fr\/produit\/roi-du-loban-batonnets-dencens\/"]}]},{"@type":"ImageObject","inLanguage":"fr-FR","@id":"https:\/\/bhagwan-incense.com\/fr\/produit\/roi-du-loban-batonnets-dencens\/#primaryimage","url":"https:\/\/bhagwan-incense.com\/wp-content\/uploads\/2025\/05\/King-of-Loban_2-3.jpg?wsr","contentUrl":"https:\/\/bhagwan-incense.com\/wp-content\/uploads\/2025\/05\/King-of-Loban_2-3.jpg?wsr","width":853,"height":1280},{"@type":"BreadcrumbList","@id":"https:\/\/bhagwan-incense.com\/fr\/produit\/roi-du-loban-batonnets-dencens\/#breadcrumb","itemListElement":[{"@type":"ListItem","position":1,"name":"Home","item":"https:\/\/bhagwan-incense.com\/fr\/"},{"@type":"ListItem","position":2,"name":"Boutique","item":"https:\/\/bhagwan-incense.com\/fr\/boutique\/"},{"@type":"ListItem","position":3,"name":"Roi du Loban B\u00e2tonnets d&#8217;Encens"}]},{"@type":"WebSite","@id":"https:\/\/bhagwan-incense.com\/fr\/#website","url":"https:\/\/bhagwan-incense.com\/fr\/","name":"Bhagwan Incense | EU and Worldwide Incense Shop","description":"Pure and Natural Incense from India","publisher":{"@id":"https:\/\/bhagwan-incense.com\/fr\/#organization"},"potentialAction":[{"@type":"SearchAction","target":{"@type":"EntryPoint","urlTemplate":"https:\/\/bhagwan-incense.com\/fr\/?s={search_term_string}"},"query-input":{"@type":"PropertyValueSpecification","valueRequired":true,"valueName":"search_term_string"}}],"inLanguage":"fr-FR"},{"@type":"Organization","@id":"https:\/\/bhagwan-incense.com\/fr\/#organization","name":"Bhagwan incense","url":"https:\/\/bhagwan-incense.com\/fr\/","logo":{"@type":"ImageObject","inLanguage":"fr-FR","@id":"https:\/\/bhagwan-incense.com\/fr\/#\/schema\/logo\/image\/","url":"https:\/\/bhagwan-incense.com\/wp-content\/uploads\/2023\/06\/Logo-black.png","contentUrl":"https:\/\/bhagwan-incense.com\/wp-content\/uploads\/2023\/06\/Logo-black.png","width":150,"height":150,"caption":"Bhagwan incense"},"image":{"@id":"https:\/\/bhagwan-incense.com\/fr\/#\/schema\/logo\/image\/"},"sameAs":["https:\/\/www.facebook.com\/profile.php?id=100093081477613&mibextid=ZbWKwLp","https:\/\/www.instagram.com\/bhagwan_incense\/"]}]}},"_links":{"self":[{"href":"https:\/\/bhagwan-incense.com\/fr\/wp-json\/wp\/v2\/product\/15071","targetHints":{"allow":["GET"]}}],"collection":[{"href":"https:\/\/bhagwan-incense.com\/fr\/wp-json\/wp\/v2\/product"}],"about":[{"href":"https:\/\/bhagwan-incense.com\/fr\/wp-json\/wp\/v2\/types\/product"}],"replies":[{"embeddable":true,"href":"https:\/\/bhagwan-incense.com\/fr\/wp-json\/wp\/v2\/comments?post=15071"}],"wp:featuredmedia":[{"embeddable":true,"href":"https:\/\/bhagwan-incense.com\/fr\/wp-json\/wp\/v2\/media\/15073"}],"wp:attachment":[{"href":"https:\/\/bhagwan-incense.com\/fr\/wp-json\/wp\/v2\/media?parent=15071"}],"wp:term":[{"taxonomy":"product_brand","embeddable":true,"href":"https:\/\/bhagwan-incense.com\/fr\/wp-json\/wp\/v2\/product_brand?post=15071"},{"taxonomy":"product_cat","embeddable":true,"href":"https:\/\/bhagwan-incense.com\/fr\/wp-json\/wp\/v2\/product_cat?post=15071"},{"taxonomy":"product_tag","embeddable":true,"href":"https:\/\/bhagwan-incense.com\/fr\/wp-json\/wp\/v2\/product_tag?post=15071"}],"curies":[{"name":"wp","href":"https:\/\/api.w.org\/{rel}","templated":true}]}}