{"id":15101,"date":"2025-05-26T17:41:42","date_gmt":"2025-05-26T15:41:42","guid":{"rendered":"https:\/\/bhagwan-incense.com\/?post_type=product&#038;p=15101"},"modified":"2026-03-27T22:21:00","modified_gmt":"2026-03-27T21:21:00","slug":"night-queen-batonnets-dencens","status":"publish","type":"product","link":"https:\/\/bhagwan-incense.com\/fr\/produit\/night-queen-batonnets-dencens\/","title":{"rendered":"Reine de Nuit B\u00e2tonnets d&#8217;Encens"},"content":{"rendered":"<p data-sourcepos=\"6:1-6:334\">La fleur de Reine de la Nuit ne s&#8217;\u00e9panouit qu&#8217;apr\u00e8s le cr\u00e9puscule, emplissant l&#8217;air d&#8217;un ar\u00f4me captivant. Notre encens en capture l&#8217;essence avec une touche d\u00e9licate \u2014 une fragrance florale douce pr\u00e9sentant des notes de jasmin, de tub\u00e9reuse et de gard\u00e9nia, adoucies par une l\u00e9g\u00e8re fra\u00eecheur verte et un subtil soup\u00e7on d&#8217;\u00e9pices.<\/p>\n<p data-sourcepos=\"8:1-8:262\">Pendant des si\u00e8cles, cette fleur nocturne a \u00e9t\u00e9 associ\u00e9e au mysticisme et \u00e0 la transformation, symbolisant les forces invisibles qui s&#8217;\u00e9veillent dans la nuit. Son parfum persiste dans l&#8217;air, cr\u00e9ant une atmosph\u00e8re de profondeur et de qui\u00e8te contemplation.<\/p>\n<p data-sourcepos=\"10:1-10:330\">Avec son c\u0153ur floral doux et cr\u00e9meux, rappelant le jasmin, la tub\u00e9reuse et le gard\u00e9nia, cet encens enveloppe votre espace d&#8217;une aura de sensualit\u00e9 et de tranquillit\u00e9. Une d\u00e9licate douceur miell\u00e9e, \u00e9quilibr\u00e9e par une touche de fra\u00eecheur verte et un murmure d&#8217;\u00e9pices, rend ce parfum \u00e0 la fois apaisant et profond\u00e9ment s\u00e9duisant.<\/p>\n","protected":false},"excerpt":{"rendered":"<p>Notre douce et discr\u00e8te Reine de la Nuit. Un encens mod\u00e9r\u00e9ment doux et cr\u00e9meux, aux notes florales, miell\u00e9es et subtilement fruit\u00e9es. Une fusion naturelle de jasmin, de tub\u00e9reuse et de gard\u00e9nia, l\u00e9g\u00e8rement rehauss\u00e9e d&#8217;une touche de fra\u00eecheur verte.<\/p>\n","protected":false},"featured_media":15103,"comment_status":"open","ping_status":"closed","template":"","meta":[],"product_brand":[],"product_cat":[84,61,85],"product_tag":[75,74,67,72],"class_list":{"0":"post-15101","1":"product","2":"type-product","3":"status-publish","4":"has-post-thumbnail","6":"product_cat-exotique-unique","7":"product_cat-floral","8":"product_cat-yoga-fr","9":"product_tag-boise","10":"product_tag-epice","11":"product_tag-floral-fr-2","12":"product_tag-oriental-fr","14":"first","15":"instock","16":"shipping-taxable","17":"purchasable","18":"product-type-simple"},"yoast_head":"<!-- This site is optimized with the Yoast SEO plugin v27.4 - https:\/\/yoast.com\/product\/yoast-seo-wordpress\/ -->\n<title>Encens Reine de la Nuit : Ar\u00f4me Floral Exotique &amp; Tranquillit\u00e9<\/title>\n<meta name=\"description\" content=\"Notre Encens Reine de la Nuit capture le parfum enchanteur du Jasmin Nocturne. Profitez de son ar\u00f4me riche et floral avec des notes de miel, de fra\u00eecheur verte et d&#039;\u00e9pices subtiles pour une relaxation ultime.\" \/>\n<meta name=\"robots\" content=\"index, follow, max-snippet:-1, max-image-preview:large, max-video-preview:-1\" \/>\n<link rel=\"canonical\" href=\"https:\/\/bhagwan-incense.com\/fr\/produit\/night-queen-batonnets-dencens\/\" \/>\n<meta property=\"og:locale\" content=\"fr_FR\" \/>\n<meta property=\"og:type\" content=\"article\" \/>\n<meta property=\"og:title\" content=\"Encens Reine de la Nuit : Ar\u00f4me Floral Exotique &amp; Tranquillit\u00e9\" \/>\n<meta property=\"og:description\" content=\"Notre Encens Reine de la Nuit capture le parfum enchanteur du Jasmin Nocturne. Profitez de son ar\u00f4me riche et floral avec des notes de miel, de fra\u00eecheur verte et d&#039;\u00e9pices subtiles pour une relaxation ultime.\" \/>\n<meta property=\"og:url\" content=\"https:\/\/bhagwan-incense.com\/fr\/produit\/night-queen-batonnets-dencens\/\" \/>\n<meta property=\"og:site_name\" content=\"Bhagwan Incense | EU and Worldwide Shop\" \/>\n<meta property=\"article:publisher\" content=\"https:\/\/www.facebook.com\/profile.php?id=100093081477613&amp;mibextid=ZbWKwLp\" \/>\n<meta property=\"article:modified_time\" content=\"2026-03-27T21:21:00+00:00\" \/>\n<meta property=\"og:image\" content=\"https:\/\/bhagwan-incense.com\/wp-content\/uploads\/2025\/05\/Night-Queen_2-3.jpg?wsr\" \/>\n\t<meta property=\"og:image:width\" content=\"673\" \/>\n\t<meta property=\"og:image:height\" content=\"1010\" \/>\n\t<meta property=\"og:image:type\" content=\"image\/jpeg\" \/>\n<meta name=\"twitter:card\" content=\"summary_large_image\" \/>\n<meta name=\"twitter:label1\" content=\"Dur\u00e9e de lecture estim\u00e9e\" \/>\n\t<meta name=\"twitter:data1\" content=\"1 minute\" \/>\n<script type=\"application\/ld+json\" class=\"yoast-schema-graph\">{\"@context\":\"https:\\\/\\\/schema.org\",\"@graph\":[{\"@type\":\"WebPage\",\"@id\":\"https:\\\/\\\/bhagwan-incense.com\\\/fr\\\/produit\\\/night-queen-batonnets-dencens\\\/\",\"url\":\"https:\\\/\\\/bhagwan-incense.com\\\/fr\\\/produit\\\/night-queen-batonnets-dencens\\\/\",\"name\":\"Encens Reine de la Nuit : Ar\u00f4me Floral Exotique & Tranquillit\u00e9\",\"isPartOf\":{\"@id\":\"https:\\\/\\\/bhagwan-incense.com\\\/fr\\\/#website\"},\"primaryImageOfPage\":{\"@id\":\"https:\\\/\\\/bhagwan-incense.com\\\/fr\\\/produit\\\/night-queen-batonnets-dencens\\\/#primaryimage\"},\"image\":{\"@id\":\"https:\\\/\\\/bhagwan-incense.com\\\/fr\\\/produit\\\/night-queen-batonnets-dencens\\\/#primaryimage\"},\"thumbnailUrl\":\"https:\\\/\\\/bhagwan-incense.com\\\/wp-content\\\/uploads\\\/2025\\\/05\\\/Night-Queen_2-3.jpg?wsr\",\"datePublished\":\"2025-05-26T15:41:42+00:00\",\"dateModified\":\"2026-03-27T21:21:00+00:00\",\"description\":\"Notre Encens Reine de la Nuit capture le parfum enchanteur du Jasmin Nocturne. Profitez de son ar\u00f4me riche et floral avec des notes de miel, de fra\u00eecheur verte et d'\u00e9pices subtiles pour une relaxation ultime.\",\"breadcrumb\":{\"@id\":\"https:\\\/\\\/bhagwan-incense.com\\\/fr\\\/produit\\\/night-queen-batonnets-dencens\\\/#breadcrumb\"},\"inLanguage\":\"fr-FR\",\"potentialAction\":[{\"@type\":\"ReadAction\",\"target\":[\"https:\\\/\\\/bhagwan-incense.com\\\/fr\\\/produit\\\/night-queen-batonnets-dencens\\\/\"]}]},{\"@type\":\"ImageObject\",\"inLanguage\":\"fr-FR\",\"@id\":\"https:\\\/\\\/bhagwan-incense.com\\\/fr\\\/produit\\\/night-queen-batonnets-dencens\\\/#primaryimage\",\"url\":\"https:\\\/\\\/bhagwan-incense.com\\\/wp-content\\\/uploads\\\/2025\\\/05\\\/Night-Queen_2-3.jpg?wsr\",\"contentUrl\":\"https:\\\/\\\/bhagwan-incense.com\\\/wp-content\\\/uploads\\\/2025\\\/05\\\/Night-Queen_2-3.jpg?wsr\",\"width\":673,\"height\":1010},{\"@type\":\"BreadcrumbList\",\"@id\":\"https:\\\/\\\/bhagwan-incense.com\\\/fr\\\/produit\\\/night-queen-batonnets-dencens\\\/#breadcrumb\",\"itemListElement\":[{\"@type\":\"ListItem\",\"position\":1,\"name\":\"Home\",\"item\":\"https:\\\/\\\/bhagwan-incense.com\\\/fr\\\/\"},{\"@type\":\"ListItem\",\"position\":2,\"name\":\"Boutique\",\"item\":\"https:\\\/\\\/bhagwan-incense.com\\\/fr\\\/boutique\\\/\"},{\"@type\":\"ListItem\",\"position\":3,\"name\":\"Reine de Nuit B\u00e2tonnets d&#8217;Encens\"}]},{\"@type\":\"WebSite\",\"@id\":\"https:\\\/\\\/bhagwan-incense.com\\\/fr\\\/#website\",\"url\":\"https:\\\/\\\/bhagwan-incense.com\\\/fr\\\/\",\"name\":\"Bhagwan Incense | EU and Worldwide Incense Shop\",\"description\":\"Pure and Natural Incense from India\",\"publisher\":{\"@id\":\"https:\\\/\\\/bhagwan-incense.com\\\/fr\\\/#organization\"},\"potentialAction\":[{\"@type\":\"SearchAction\",\"target\":{\"@type\":\"EntryPoint\",\"urlTemplate\":\"https:\\\/\\\/bhagwan-incense.com\\\/fr\\\/?s={search_term_string}\"},\"query-input\":{\"@type\":\"PropertyValueSpecification\",\"valueRequired\":true,\"valueName\":\"search_term_string\"}}],\"inLanguage\":\"fr-FR\"},{\"@type\":\"Organization\",\"@id\":\"https:\\\/\\\/bhagwan-incense.com\\\/fr\\\/#organization\",\"name\":\"Bhagwan incense\",\"url\":\"https:\\\/\\\/bhagwan-incense.com\\\/fr\\\/\",\"logo\":{\"@type\":\"ImageObject\",\"inLanguage\":\"fr-FR\",\"@id\":\"https:\\\/\\\/bhagwan-incense.com\\\/fr\\\/#\\\/schema\\\/logo\\\/image\\\/\",\"url\":\"https:\\\/\\\/bhagwan-incense.com\\\/wp-content\\\/uploads\\\/2023\\\/06\\\/Logo-black.png\",\"contentUrl\":\"https:\\\/\\\/bhagwan-incense.com\\\/wp-content\\\/uploads\\\/2023\\\/06\\\/Logo-black.png\",\"width\":150,\"height\":150,\"caption\":\"Bhagwan incense\"},\"image\":{\"@id\":\"https:\\\/\\\/bhagwan-incense.com\\\/fr\\\/#\\\/schema\\\/logo\\\/image\\\/\"},\"sameAs\":[\"https:\\\/\\\/www.facebook.com\\\/profile.php?id=100093081477613&mibextid=ZbWKwLp\",\"https:\\\/\\\/www.instagram.com\\\/bhagwan_incense\\\/\"]}]}<\/script>\n<!-- \/ Yoast SEO plugin. -->","yoast_head_json":{"title":"Encens Reine de la Nuit : Ar\u00f4me Floral Exotique & Tranquillit\u00e9","description":"Notre Encens Reine de la Nuit capture le parfum enchanteur du Jasmin Nocturne. Profitez de son ar\u00f4me riche et floral avec des notes de miel, de fra\u00eecheur verte et d'\u00e9pices subtiles pour une relaxation ultime.","robots":{"index":"index","follow":"follow","max-snippet":"max-snippet:-1","max-image-preview":"max-image-preview:large","max-video-preview":"max-video-preview:-1"},"canonical":"https:\/\/bhagwan-incense.com\/fr\/produit\/night-queen-batonnets-dencens\/","og_locale":"fr_FR","og_type":"article","og_title":"Encens Reine de la Nuit : Ar\u00f4me Floral Exotique & Tranquillit\u00e9","og_description":"Notre Encens Reine de la Nuit capture le parfum enchanteur du Jasmin Nocturne. Profitez de son ar\u00f4me riche et floral avec des notes de miel, de fra\u00eecheur verte et d'\u00e9pices subtiles pour une relaxation ultime.","og_url":"https:\/\/bhagwan-incense.com\/fr\/produit\/night-queen-batonnets-dencens\/","og_site_name":"Bhagwan Incense | EU and Worldwide Shop","article_publisher":"https:\/\/www.facebook.com\/profile.php?id=100093081477613&mibextid=ZbWKwLp","article_modified_time":"2026-03-27T21:21:00+00:00","og_image":[{"width":673,"height":1010,"url":"https:\/\/bhagwan-incense.com\/wp-content\/uploads\/2025\/05\/Night-Queen_2-3.jpg?wsr","type":"image\/jpeg"}],"twitter_card":"summary_large_image","twitter_misc":{"Dur\u00e9e de lecture estim\u00e9e":"1 minute"},"schema":{"@context":"https:\/\/schema.org","@graph":[{"@type":"WebPage","@id":"https:\/\/bhagwan-incense.com\/fr\/produit\/night-queen-batonnets-dencens\/","url":"https:\/\/bhagwan-incense.com\/fr\/produit\/night-queen-batonnets-dencens\/","name":"Encens Reine de la Nuit : Ar\u00f4me Floral Exotique & Tranquillit\u00e9","isPartOf":{"@id":"https:\/\/bhagwan-incense.com\/fr\/#website"},"primaryImageOfPage":{"@id":"https:\/\/bhagwan-incense.com\/fr\/produit\/night-queen-batonnets-dencens\/#primaryimage"},"image":{"@id":"https:\/\/bhagwan-incense.com\/fr\/produit\/night-queen-batonnets-dencens\/#primaryimage"},"thumbnailUrl":"https:\/\/bhagwan-incense.com\/wp-content\/uploads\/2025\/05\/Night-Queen_2-3.jpg?wsr","datePublished":"2025-05-26T15:41:42+00:00","dateModified":"2026-03-27T21:21:00+00:00","description":"Notre Encens Reine de la Nuit capture le parfum enchanteur du Jasmin Nocturne. Profitez de son ar\u00f4me riche et floral avec des notes de miel, de fra\u00eecheur verte et d'\u00e9pices subtiles pour une relaxation ultime.","breadcrumb":{"@id":"https:\/\/bhagwan-incense.com\/fr\/produit\/night-queen-batonnets-dencens\/#breadcrumb"},"inLanguage":"fr-FR","potentialAction":[{"@type":"ReadAction","target":["https:\/\/bhagwan-incense.com\/fr\/produit\/night-queen-batonnets-dencens\/"]}]},{"@type":"ImageObject","inLanguage":"fr-FR","@id":"https:\/\/bhagwan-incense.com\/fr\/produit\/night-queen-batonnets-dencens\/#primaryimage","url":"https:\/\/bhagwan-incense.com\/wp-content\/uploads\/2025\/05\/Night-Queen_2-3.jpg?wsr","contentUrl":"https:\/\/bhagwan-incense.com\/wp-content\/uploads\/2025\/05\/Night-Queen_2-3.jpg?wsr","width":673,"height":1010},{"@type":"BreadcrumbList","@id":"https:\/\/bhagwan-incense.com\/fr\/produit\/night-queen-batonnets-dencens\/#breadcrumb","itemListElement":[{"@type":"ListItem","position":1,"name":"Home","item":"https:\/\/bhagwan-incense.com\/fr\/"},{"@type":"ListItem","position":2,"name":"Boutique","item":"https:\/\/bhagwan-incense.com\/fr\/boutique\/"},{"@type":"ListItem","position":3,"name":"Reine de Nuit B\u00e2tonnets d&#8217;Encens"}]},{"@type":"WebSite","@id":"https:\/\/bhagwan-incense.com\/fr\/#website","url":"https:\/\/bhagwan-incense.com\/fr\/","name":"Bhagwan Incense | EU and Worldwide Incense Shop","description":"Pure and Natural Incense from India","publisher":{"@id":"https:\/\/bhagwan-incense.com\/fr\/#organization"},"potentialAction":[{"@type":"SearchAction","target":{"@type":"EntryPoint","urlTemplate":"https:\/\/bhagwan-incense.com\/fr\/?s={search_term_string}"},"query-input":{"@type":"PropertyValueSpecification","valueRequired":true,"valueName":"search_term_string"}}],"inLanguage":"fr-FR"},{"@type":"Organization","@id":"https:\/\/bhagwan-incense.com\/fr\/#organization","name":"Bhagwan incense","url":"https:\/\/bhagwan-incense.com\/fr\/","logo":{"@type":"ImageObject","inLanguage":"fr-FR","@id":"https:\/\/bhagwan-incense.com\/fr\/#\/schema\/logo\/image\/","url":"https:\/\/bhagwan-incense.com\/wp-content\/uploads\/2023\/06\/Logo-black.png","contentUrl":"https:\/\/bhagwan-incense.com\/wp-content\/uploads\/2023\/06\/Logo-black.png","width":150,"height":150,"caption":"Bhagwan incense"},"image":{"@id":"https:\/\/bhagwan-incense.com\/fr\/#\/schema\/logo\/image\/"},"sameAs":["https:\/\/www.facebook.com\/profile.php?id=100093081477613&mibextid=ZbWKwLp","https:\/\/www.instagram.com\/bhagwan_incense\/"]}]}},"_links":{"self":[{"href":"https:\/\/bhagwan-incense.com\/fr\/wp-json\/wp\/v2\/product\/15101","targetHints":{"allow":["GET"]}}],"collection":[{"href":"https:\/\/bhagwan-incense.com\/fr\/wp-json\/wp\/v2\/product"}],"about":[{"href":"https:\/\/bhagwan-incense.com\/fr\/wp-json\/wp\/v2\/types\/product"}],"replies":[{"embeddable":true,"href":"https:\/\/bhagwan-incense.com\/fr\/wp-json\/wp\/v2\/comments?post=15101"}],"wp:featuredmedia":[{"embeddable":true,"href":"https:\/\/bhagwan-incense.com\/fr\/wp-json\/wp\/v2\/media\/15103"}],"wp:attachment":[{"href":"https:\/\/bhagwan-incense.com\/fr\/wp-json\/wp\/v2\/media?parent=15101"}],"wp:term":[{"taxonomy":"product_brand","embeddable":true,"href":"https:\/\/bhagwan-incense.com\/fr\/wp-json\/wp\/v2\/product_brand?post=15101"},{"taxonomy":"product_cat","embeddable":true,"href":"https:\/\/bhagwan-incense.com\/fr\/wp-json\/wp\/v2\/product_cat?post=15101"},{"taxonomy":"product_tag","embeddable":true,"href":"https:\/\/bhagwan-incense.com\/fr\/wp-json\/wp\/v2\/product_tag?post=15101"}],"curies":[{"name":"wp","href":"https:\/\/api.w.org\/{rel}","templated":true}]}}