{"id":15107,"date":"2025-05-26T17:56:08","date_gmt":"2025-05-26T15:56:08","guid":{"rendered":"https:\/\/bhagwan-incense.com\/?post_type=product&#038;p=15107"},"modified":"2026-03-27T22:20:30","modified_gmt":"2026-03-27T21:20:30","slug":"thai-garden-batonnets-dencens","status":"publish","type":"product","link":"https:\/\/bhagwan-incense.com\/fr\/produit\/thai-garden-batonnets-dencens\/","title":{"rendered":"Jardin Tha\u00ef B\u00e2tonnets d&#8217;Encens"},"content":{"rendered":"<p>Cr\u00e9meux et frais, doux et juteux \u2014 cet encens est un chef-d&#8217;\u0153uvre de l&#8217;assemblage d&#8217;huiles florales, d\u00e9bordant de fantaisie et de r\u00eaves tropicaux. Les notes de noix de coco s&#8217;entrem\u00ealent avec la bergamote, la p\u00eache, la rose et le g\u00e9ranium, cr\u00e9ant une harmonie cr\u00e9meuse et douce. Vous ne pouvez pas vous concentrer sur une seule note dans ce bouquet \u2014 c&#8217;est un \u00e9ventail d&#8217;\u00e9motions et de sensations. Cet encens est comme une c\u00e9l\u00e9bration d&#8217;anniversaire : lumineux, joyeux et plein de gaiet\u00e9 matinale.<\/p>\n","protected":false},"excerpt":{"rendered":"<p>Un m\u00e9lange magistral de noix de coco fra\u00eeche, d&#8217;ylang-ylang, de bergamote, de p\u00eache et de g\u00e9ranium, compl\u00e9t\u00e9 par le v\u00e9tiver, le caramel, la fleur d&#8217;oranger et le lys. L&#8217;encens parfait pour votre matin.<\/p>\n","protected":false},"featured_media":15109,"comment_status":"open","ping_status":"closed","template":"","meta":[],"product_brand":[],"product_cat":[84,61,85],"product_tag":[75,74,67,72],"class_list":{"0":"post-15107","1":"product","2":"type-product","3":"status-publish","4":"has-post-thumbnail","6":"product_cat-exotique-unique","7":"product_cat-floral","8":"product_cat-yoga-fr","9":"product_tag-boise","10":"product_tag-epice","11":"product_tag-floral-fr-2","12":"product_tag-oriental-fr","14":"first","15":"instock","16":"shipping-taxable","17":"purchasable","18":"product-type-simple"},"yoast_head":"<!-- This site is optimized with the Yoast SEO plugin v27.3 - https:\/\/yoast.com\/product\/yoast-seo-wordpress\/ -->\n<title>B\u00e2tonnets d&#039;encens Jardin Tha\u00eflandais \u2013 M\u00e9lange Floral Tropical | Encens Bhagwan<\/title>\n<meta name=\"description\" content=\"Nos b\u00e2tonnets d&#039;encens Thai Garden offrent un m\u00e9lange serein de noix de coco, d&#039;ylang-ylang et de bergamote. Fabriqu\u00e9s artisanalement pour une ambiance paisible et tropicale.\" \/>\n<meta name=\"robots\" content=\"index, follow, max-snippet:-1, max-image-preview:large, max-video-preview:-1\" \/>\n<link rel=\"canonical\" href=\"https:\/\/bhagwan-incense.com\/fr\/produit\/thai-garden-batonnets-dencens\/\" \/>\n<meta property=\"og:locale\" content=\"fr_FR\" \/>\n<meta property=\"og:type\" content=\"article\" \/>\n<meta property=\"og:title\" content=\"B\u00e2tonnets d&#039;encens Jardin Tha\u00eflandais \u2013 M\u00e9lange Floral Tropical | Encens Bhagwan\" \/>\n<meta property=\"og:description\" content=\"Nos b\u00e2tonnets d&#039;encens Thai Garden offrent un m\u00e9lange serein de noix de coco, d&#039;ylang-ylang et de bergamote. Fabriqu\u00e9s artisanalement pour une ambiance paisible et tropicale.\" \/>\n<meta property=\"og:url\" content=\"https:\/\/bhagwan-incense.com\/fr\/produit\/thai-garden-batonnets-dencens\/\" \/>\n<meta property=\"og:site_name\" content=\"Bhagwan Incense | EU and Worldwide Shop\" \/>\n<meta property=\"article:publisher\" content=\"https:\/\/www.facebook.com\/profile.php?id=100093081477613&amp;mibextid=ZbWKwLp\" \/>\n<meta property=\"article:modified_time\" content=\"2026-03-27T21:20:30+00:00\" \/>\n<meta property=\"og:image\" content=\"https:\/\/bhagwan-incense.com\/wp-content\/uploads\/2025\/05\/Thai-Garden_2-5.jpg?wsr\" \/>\n\t<meta property=\"og:image:width\" content=\"750\" \/>\n\t<meta property=\"og:image:height\" content=\"1126\" \/>\n\t<meta property=\"og:image:type\" content=\"image\/jpeg\" \/>\n<meta name=\"twitter:card\" content=\"summary_large_image\" \/>\n<meta name=\"twitter:label1\" content=\"Dur\u00e9e de lecture estim\u00e9e\" \/>\n\t<meta name=\"twitter:data1\" content=\"1 minute\" \/>\n<script type=\"application\/ld+json\" class=\"yoast-schema-graph\">{\"@context\":\"https:\\\/\\\/schema.org\",\"@graph\":[{\"@type\":\"WebPage\",\"@id\":\"https:\\\/\\\/bhagwan-incense.com\\\/fr\\\/produit\\\/thai-garden-batonnets-dencens\\\/\",\"url\":\"https:\\\/\\\/bhagwan-incense.com\\\/fr\\\/produit\\\/thai-garden-batonnets-dencens\\\/\",\"name\":\"B\u00e2tonnets d'encens Jardin Tha\u00eflandais \u2013 M\u00e9lange Floral Tropical | Encens Bhagwan\",\"isPartOf\":{\"@id\":\"https:\\\/\\\/bhagwan-incense.com\\\/fr\\\/#website\"},\"primaryImageOfPage\":{\"@id\":\"https:\\\/\\\/bhagwan-incense.com\\\/fr\\\/produit\\\/thai-garden-batonnets-dencens\\\/#primaryimage\"},\"image\":{\"@id\":\"https:\\\/\\\/bhagwan-incense.com\\\/fr\\\/produit\\\/thai-garden-batonnets-dencens\\\/#primaryimage\"},\"thumbnailUrl\":\"https:\\\/\\\/bhagwan-incense.com\\\/wp-content\\\/uploads\\\/2025\\\/05\\\/Thai-Garden_2-5.jpg?wsr\",\"datePublished\":\"2025-05-26T15:56:08+00:00\",\"dateModified\":\"2026-03-27T21:20:30+00:00\",\"description\":\"Nos b\u00e2tonnets d'encens Thai Garden offrent un m\u00e9lange serein de noix de coco, d'ylang-ylang et de bergamote. Fabriqu\u00e9s artisanalement pour une ambiance paisible et tropicale.\",\"breadcrumb\":{\"@id\":\"https:\\\/\\\/bhagwan-incense.com\\\/fr\\\/produit\\\/thai-garden-batonnets-dencens\\\/#breadcrumb\"},\"inLanguage\":\"fr-FR\",\"potentialAction\":[{\"@type\":\"ReadAction\",\"target\":[\"https:\\\/\\\/bhagwan-incense.com\\\/fr\\\/produit\\\/thai-garden-batonnets-dencens\\\/\"]}]},{\"@type\":\"ImageObject\",\"inLanguage\":\"fr-FR\",\"@id\":\"https:\\\/\\\/bhagwan-incense.com\\\/fr\\\/produit\\\/thai-garden-batonnets-dencens\\\/#primaryimage\",\"url\":\"https:\\\/\\\/bhagwan-incense.com\\\/wp-content\\\/uploads\\\/2025\\\/05\\\/Thai-Garden_2-5.jpg?wsr\",\"contentUrl\":\"https:\\\/\\\/bhagwan-incense.com\\\/wp-content\\\/uploads\\\/2025\\\/05\\\/Thai-Garden_2-5.jpg?wsr\",\"width\":750,\"height\":1126},{\"@type\":\"BreadcrumbList\",\"@id\":\"https:\\\/\\\/bhagwan-incense.com\\\/fr\\\/produit\\\/thai-garden-batonnets-dencens\\\/#breadcrumb\",\"itemListElement\":[{\"@type\":\"ListItem\",\"position\":1,\"name\":\"Home\",\"item\":\"https:\\\/\\\/bhagwan-incense.com\\\/fr\\\/\"},{\"@type\":\"ListItem\",\"position\":2,\"name\":\"Boutique\",\"item\":\"https:\\\/\\\/bhagwan-incense.com\\\/fr\\\/boutique\\\/\"},{\"@type\":\"ListItem\",\"position\":3,\"name\":\"Jardin Tha\u00ef B\u00e2tonnets d&#8217;Encens\"}]},{\"@type\":\"WebSite\",\"@id\":\"https:\\\/\\\/bhagwan-incense.com\\\/fr\\\/#website\",\"url\":\"https:\\\/\\\/bhagwan-incense.com\\\/fr\\\/\",\"name\":\"Bhagwan Incense | EU and Worldwide Incense Shop\",\"description\":\"Pure and Natural Incense from India\",\"publisher\":{\"@id\":\"https:\\\/\\\/bhagwan-incense.com\\\/fr\\\/#organization\"},\"potentialAction\":[{\"@type\":\"SearchAction\",\"target\":{\"@type\":\"EntryPoint\",\"urlTemplate\":\"https:\\\/\\\/bhagwan-incense.com\\\/fr\\\/?s={search_term_string}\"},\"query-input\":{\"@type\":\"PropertyValueSpecification\",\"valueRequired\":true,\"valueName\":\"search_term_string\"}}],\"inLanguage\":\"fr-FR\"},{\"@type\":\"Organization\",\"@id\":\"https:\\\/\\\/bhagwan-incense.com\\\/fr\\\/#organization\",\"name\":\"Bhagwan incense\",\"url\":\"https:\\\/\\\/bhagwan-incense.com\\\/fr\\\/\",\"logo\":{\"@type\":\"ImageObject\",\"inLanguage\":\"fr-FR\",\"@id\":\"https:\\\/\\\/bhagwan-incense.com\\\/fr\\\/#\\\/schema\\\/logo\\\/image\\\/\",\"url\":\"https:\\\/\\\/bhagwan-incense.com\\\/wp-content\\\/uploads\\\/2023\\\/06\\\/Logo-black.png\",\"contentUrl\":\"https:\\\/\\\/bhagwan-incense.com\\\/wp-content\\\/uploads\\\/2023\\\/06\\\/Logo-black.png\",\"width\":150,\"height\":150,\"caption\":\"Bhagwan incense\"},\"image\":{\"@id\":\"https:\\\/\\\/bhagwan-incense.com\\\/fr\\\/#\\\/schema\\\/logo\\\/image\\\/\"},\"sameAs\":[\"https:\\\/\\\/www.facebook.com\\\/profile.php?id=100093081477613&mibextid=ZbWKwLp\",\"https:\\\/\\\/www.instagram.com\\\/bhagwan_incense\\\/\"]}]}<\/script>\n<!-- \/ Yoast SEO plugin. -->","yoast_head_json":{"title":"B\u00e2tonnets d'encens Jardin Tha\u00eflandais \u2013 M\u00e9lange Floral Tropical | Encens Bhagwan","description":"Nos b\u00e2tonnets d'encens Thai Garden offrent un m\u00e9lange serein de noix de coco, d'ylang-ylang et de bergamote. Fabriqu\u00e9s artisanalement pour une ambiance paisible et tropicale.","robots":{"index":"index","follow":"follow","max-snippet":"max-snippet:-1","max-image-preview":"max-image-preview:large","max-video-preview":"max-video-preview:-1"},"canonical":"https:\/\/bhagwan-incense.com\/fr\/produit\/thai-garden-batonnets-dencens\/","og_locale":"fr_FR","og_type":"article","og_title":"B\u00e2tonnets d'encens Jardin Tha\u00eflandais \u2013 M\u00e9lange Floral Tropical | Encens Bhagwan","og_description":"Nos b\u00e2tonnets d'encens Thai Garden offrent un m\u00e9lange serein de noix de coco, d'ylang-ylang et de bergamote. Fabriqu\u00e9s artisanalement pour une ambiance paisible et tropicale.","og_url":"https:\/\/bhagwan-incense.com\/fr\/produit\/thai-garden-batonnets-dencens\/","og_site_name":"Bhagwan Incense | EU and Worldwide Shop","article_publisher":"https:\/\/www.facebook.com\/profile.php?id=100093081477613&mibextid=ZbWKwLp","article_modified_time":"2026-03-27T21:20:30+00:00","og_image":[{"width":750,"height":1126,"url":"https:\/\/bhagwan-incense.com\/wp-content\/uploads\/2025\/05\/Thai-Garden_2-5.jpg?wsr","type":"image\/jpeg"}],"twitter_card":"summary_large_image","twitter_misc":{"Dur\u00e9e de lecture estim\u00e9e":"1 minute"},"schema":{"@context":"https:\/\/schema.org","@graph":[{"@type":"WebPage","@id":"https:\/\/bhagwan-incense.com\/fr\/produit\/thai-garden-batonnets-dencens\/","url":"https:\/\/bhagwan-incense.com\/fr\/produit\/thai-garden-batonnets-dencens\/","name":"B\u00e2tonnets d'encens Jardin Tha\u00eflandais \u2013 M\u00e9lange Floral Tropical | Encens Bhagwan","isPartOf":{"@id":"https:\/\/bhagwan-incense.com\/fr\/#website"},"primaryImageOfPage":{"@id":"https:\/\/bhagwan-incense.com\/fr\/produit\/thai-garden-batonnets-dencens\/#primaryimage"},"image":{"@id":"https:\/\/bhagwan-incense.com\/fr\/produit\/thai-garden-batonnets-dencens\/#primaryimage"},"thumbnailUrl":"https:\/\/bhagwan-incense.com\/wp-content\/uploads\/2025\/05\/Thai-Garden_2-5.jpg?wsr","datePublished":"2025-05-26T15:56:08+00:00","dateModified":"2026-03-27T21:20:30+00:00","description":"Nos b\u00e2tonnets d'encens Thai Garden offrent un m\u00e9lange serein de noix de coco, d'ylang-ylang et de bergamote. Fabriqu\u00e9s artisanalement pour une ambiance paisible et tropicale.","breadcrumb":{"@id":"https:\/\/bhagwan-incense.com\/fr\/produit\/thai-garden-batonnets-dencens\/#breadcrumb"},"inLanguage":"fr-FR","potentialAction":[{"@type":"ReadAction","target":["https:\/\/bhagwan-incense.com\/fr\/produit\/thai-garden-batonnets-dencens\/"]}]},{"@type":"ImageObject","inLanguage":"fr-FR","@id":"https:\/\/bhagwan-incense.com\/fr\/produit\/thai-garden-batonnets-dencens\/#primaryimage","url":"https:\/\/bhagwan-incense.com\/wp-content\/uploads\/2025\/05\/Thai-Garden_2-5.jpg?wsr","contentUrl":"https:\/\/bhagwan-incense.com\/wp-content\/uploads\/2025\/05\/Thai-Garden_2-5.jpg?wsr","width":750,"height":1126},{"@type":"BreadcrumbList","@id":"https:\/\/bhagwan-incense.com\/fr\/produit\/thai-garden-batonnets-dencens\/#breadcrumb","itemListElement":[{"@type":"ListItem","position":1,"name":"Home","item":"https:\/\/bhagwan-incense.com\/fr\/"},{"@type":"ListItem","position":2,"name":"Boutique","item":"https:\/\/bhagwan-incense.com\/fr\/boutique\/"},{"@type":"ListItem","position":3,"name":"Jardin Tha\u00ef B\u00e2tonnets d&#8217;Encens"}]},{"@type":"WebSite","@id":"https:\/\/bhagwan-incense.com\/fr\/#website","url":"https:\/\/bhagwan-incense.com\/fr\/","name":"Bhagwan Incense | EU and Worldwide Incense Shop","description":"Pure and Natural Incense from India","publisher":{"@id":"https:\/\/bhagwan-incense.com\/fr\/#organization"},"potentialAction":[{"@type":"SearchAction","target":{"@type":"EntryPoint","urlTemplate":"https:\/\/bhagwan-incense.com\/fr\/?s={search_term_string}"},"query-input":{"@type":"PropertyValueSpecification","valueRequired":true,"valueName":"search_term_string"}}],"inLanguage":"fr-FR"},{"@type":"Organization","@id":"https:\/\/bhagwan-incense.com\/fr\/#organization","name":"Bhagwan incense","url":"https:\/\/bhagwan-incense.com\/fr\/","logo":{"@type":"ImageObject","inLanguage":"fr-FR","@id":"https:\/\/bhagwan-incense.com\/fr\/#\/schema\/logo\/image\/","url":"https:\/\/bhagwan-incense.com\/wp-content\/uploads\/2023\/06\/Logo-black.png","contentUrl":"https:\/\/bhagwan-incense.com\/wp-content\/uploads\/2023\/06\/Logo-black.png","width":150,"height":150,"caption":"Bhagwan incense"},"image":{"@id":"https:\/\/bhagwan-incense.com\/fr\/#\/schema\/logo\/image\/"},"sameAs":["https:\/\/www.facebook.com\/profile.php?id=100093081477613&mibextid=ZbWKwLp","https:\/\/www.instagram.com\/bhagwan_incense\/"]}]}},"_links":{"self":[{"href":"https:\/\/bhagwan-incense.com\/fr\/wp-json\/wp\/v2\/product\/15107","targetHints":{"allow":["GET"]}}],"collection":[{"href":"https:\/\/bhagwan-incense.com\/fr\/wp-json\/wp\/v2\/product"}],"about":[{"href":"https:\/\/bhagwan-incense.com\/fr\/wp-json\/wp\/v2\/types\/product"}],"replies":[{"embeddable":true,"href":"https:\/\/bhagwan-incense.com\/fr\/wp-json\/wp\/v2\/comments?post=15107"}],"wp:featuredmedia":[{"embeddable":true,"href":"https:\/\/bhagwan-incense.com\/fr\/wp-json\/wp\/v2\/media\/15109"}],"wp:attachment":[{"href":"https:\/\/bhagwan-incense.com\/fr\/wp-json\/wp\/v2\/media?parent=15107"}],"wp:term":[{"taxonomy":"product_brand","embeddable":true,"href":"https:\/\/bhagwan-incense.com\/fr\/wp-json\/wp\/v2\/product_brand?post=15107"},{"taxonomy":"product_cat","embeddable":true,"href":"https:\/\/bhagwan-incense.com\/fr\/wp-json\/wp\/v2\/product_cat?post=15107"},{"taxonomy":"product_tag","embeddable":true,"href":"https:\/\/bhagwan-incense.com\/fr\/wp-json\/wp\/v2\/product_tag?post=15107"}],"curies":[{"name":"wp","href":"https:\/\/api.w.org\/{rel}","templated":true}]}}