{"id":15340,"date":"2025-06-20T15:08:13","date_gmt":"2025-06-20T13:08:13","guid":{"rendered":"https:\/\/bhagwan-incense.com\/?post_type=product&#038;p=15340"},"modified":"2026-03-27T22:19:22","modified_gmt":"2026-03-27T21:19:22","slug":"king-of-flora-batonnets-dencens","status":"publish","type":"product","link":"https:\/\/bhagwan-incense.com\/fr\/produit\/king-of-flora-batonnets-dencens\/","title":{"rendered":"Roi de Flore B\u00e2tonnets d&#8217;Encens"},"content":{"rendered":"<p data-sourcepos=\"4:1-4:291\">Con\u00e7u et raffin\u00e9 \u00e0 la perfection, voici l&#8217;encens traditionnel indien le plus agr\u00e9able qui d\u00e9passe les attentes de ceux qui aiment le Meena Supreme. Sp\u00e9cialement m\u00e9lang\u00e9 pour les amateurs d&#8217;encens occidentaux avec une abondance de halmaddi et d&#8217;huiles essentielles pures d&#8217;Andhra Pradesh.<\/p>\n<p data-sourcepos=\"6:1-6:401\">Un m\u00e9lange secret d&#8217;huiles florales avec des notes de bois de santal, de patchouli et de vanille, combinant plus de 10 ingr\u00e9dients. Si vous aimez le Meena Supreme, vous adorerez notre King of Flora. C&#8217;est le point culminant de l&#8217;art du m\u00e9lange traditionnel d&#8217;encens indien. Le patchouli est moins prononc\u00e9 ici, compl\u00e9t\u00e9 par des notes cr\u00e9meuses et douces. C&#8217;est la Cr\u00e8me de la Cr\u00e8me des encens floraux.<\/p>\n","protected":false},"excerpt":{"rendered":"<p>Un m\u00e9lange extraordinaire d&#8217;huiles florales et de bois de santal sal\u00e9, d\u00e9gageant \u00e0 la fois gr\u00e2ce et puissance. Un v\u00e9ritable chef-d&#8217;\u0153uvre de parfum floral, digne d&#8217;un roi.<\/p>\n","protected":false},"featured_media":15342,"comment_status":"open","ping_status":"closed","template":"","meta":[],"product_brand":[],"product_cat":[60,84,61,106],"product_tag":[75,74,67,72],"class_list":{"0":"post-15340","1":"product","2":"type-product","3":"status-publish","4":"has-post-thumbnail","6":"product_cat-boise","7":"product_cat-exotique-unique","8":"product_cat-floral","9":"product_cat-selection-exclusive-au-meilleur-prix","10":"product_tag-boise","11":"product_tag-epice","12":"product_tag-floral-fr-2","13":"product_tag-oriental-fr","15":"first","16":"instock","17":"shipping-taxable","18":"purchasable","19":"product-type-simple"},"yoast_head":"<!-- This site is optimized with the Yoast SEO plugin v27.4 - https:\/\/yoast.com\/product\/yoast-seo-wordpress\/ -->\n<title>B\u00e2tonnets d&#039;encens King of Flora - M\u00e9lange Premium Floral et Bois de Santal<\/title>\n<meta name=\"description\" content=\"D\u00e9couvrez les b\u00e2tonnets d&#039;encens King of Flora, un m\u00e9lange magistral d&#039;huiles florales, de bois de santal sal\u00e9 et de halmaddi. Avec des notes de patchouli et de vanille, cet encens indien traditionnel surpasse le Meena Supreme, offrant une \u00e9l\u00e9gance cr\u00e9meuse et chaleureuse.\" \/>\n<meta name=\"robots\" content=\"index, follow, max-snippet:-1, max-image-preview:large, max-video-preview:-1\" \/>\n<link rel=\"canonical\" href=\"https:\/\/bhagwan-incense.com\/fr\/produit\/king-of-flora-batonnets-dencens\/\" \/>\n<meta property=\"og:locale\" content=\"fr_FR\" \/>\n<meta property=\"og:type\" content=\"article\" \/>\n<meta property=\"og:title\" content=\"B\u00e2tonnets d&#039;encens King of Flora - M\u00e9lange Premium Floral et Bois de Santal\" \/>\n<meta property=\"og:description\" content=\"D\u00e9couvrez les b\u00e2tonnets d&#039;encens King of Flora, un m\u00e9lange magistral d&#039;huiles florales, de bois de santal sal\u00e9 et de halmaddi. Avec des notes de patchouli et de vanille, cet encens indien traditionnel surpasse le Meena Supreme, offrant une \u00e9l\u00e9gance cr\u00e9meuse et chaleureuse.\" \/>\n<meta property=\"og:url\" content=\"https:\/\/bhagwan-incense.com\/fr\/produit\/king-of-flora-batonnets-dencens\/\" \/>\n<meta property=\"og:site_name\" content=\"Bhagwan Incense | EU and Worldwide Shop\" \/>\n<meta property=\"article:publisher\" content=\"https:\/\/www.facebook.com\/profile.php?id=100093081477613&amp;mibextid=ZbWKwLp\" \/>\n<meta property=\"article:modified_time\" content=\"2026-03-27T21:19:22+00:00\" \/>\n<meta property=\"og:image\" content=\"https:\/\/bhagwan-incense.com\/wp-content\/uploads\/2025\/06\/King-of-Flora_2.jpg?wsr\" \/>\n\t<meta property=\"og:image:width\" content=\"775\" \/>\n\t<meta property=\"og:image:height\" content=\"1163\" \/>\n\t<meta property=\"og:image:type\" content=\"image\/jpeg\" \/>\n<meta name=\"twitter:card\" content=\"summary_large_image\" \/>\n<meta name=\"twitter:label1\" content=\"Dur\u00e9e de lecture estim\u00e9e\" \/>\n\t<meta name=\"twitter:data1\" content=\"1 minute\" \/>\n<script type=\"application\/ld+json\" class=\"yoast-schema-graph\">{\"@context\":\"https:\\\/\\\/schema.org\",\"@graph\":[{\"@type\":\"WebPage\",\"@id\":\"https:\\\/\\\/bhagwan-incense.com\\\/fr\\\/produit\\\/king-of-flora-batonnets-dencens\\\/\",\"url\":\"https:\\\/\\\/bhagwan-incense.com\\\/fr\\\/produit\\\/king-of-flora-batonnets-dencens\\\/\",\"name\":\"B\u00e2tonnets d'encens King of Flora - M\u00e9lange Premium Floral et Bois de Santal\",\"isPartOf\":{\"@id\":\"https:\\\/\\\/bhagwan-incense.com\\\/fr\\\/#website\"},\"primaryImageOfPage\":{\"@id\":\"https:\\\/\\\/bhagwan-incense.com\\\/fr\\\/produit\\\/king-of-flora-batonnets-dencens\\\/#primaryimage\"},\"image\":{\"@id\":\"https:\\\/\\\/bhagwan-incense.com\\\/fr\\\/produit\\\/king-of-flora-batonnets-dencens\\\/#primaryimage\"},\"thumbnailUrl\":\"https:\\\/\\\/bhagwan-incense.com\\\/wp-content\\\/uploads\\\/2025\\\/06\\\/King-of-Flora_2.jpg?wsr\",\"datePublished\":\"2025-06-20T13:08:13+00:00\",\"dateModified\":\"2026-03-27T21:19:22+00:00\",\"description\":\"D\u00e9couvrez les b\u00e2tonnets d'encens King of Flora, un m\u00e9lange magistral d'huiles florales, de bois de santal sal\u00e9 et de halmaddi. Avec des notes de patchouli et de vanille, cet encens indien traditionnel surpasse le Meena Supreme, offrant une \u00e9l\u00e9gance cr\u00e9meuse et chaleureuse.\",\"breadcrumb\":{\"@id\":\"https:\\\/\\\/bhagwan-incense.com\\\/fr\\\/produit\\\/king-of-flora-batonnets-dencens\\\/#breadcrumb\"},\"inLanguage\":\"fr-FR\",\"potentialAction\":[{\"@type\":\"ReadAction\",\"target\":[\"https:\\\/\\\/bhagwan-incense.com\\\/fr\\\/produit\\\/king-of-flora-batonnets-dencens\\\/\"]}]},{\"@type\":\"ImageObject\",\"inLanguage\":\"fr-FR\",\"@id\":\"https:\\\/\\\/bhagwan-incense.com\\\/fr\\\/produit\\\/king-of-flora-batonnets-dencens\\\/#primaryimage\",\"url\":\"https:\\\/\\\/bhagwan-incense.com\\\/wp-content\\\/uploads\\\/2025\\\/06\\\/King-of-Flora_2.jpg?wsr\",\"contentUrl\":\"https:\\\/\\\/bhagwan-incense.com\\\/wp-content\\\/uploads\\\/2025\\\/06\\\/King-of-Flora_2.jpg?wsr\",\"width\":775,\"height\":1163},{\"@type\":\"BreadcrumbList\",\"@id\":\"https:\\\/\\\/bhagwan-incense.com\\\/fr\\\/produit\\\/king-of-flora-batonnets-dencens\\\/#breadcrumb\",\"itemListElement\":[{\"@type\":\"ListItem\",\"position\":1,\"name\":\"Home\",\"item\":\"https:\\\/\\\/bhagwan-incense.com\\\/fr\\\/\"},{\"@type\":\"ListItem\",\"position\":2,\"name\":\"Boutique\",\"item\":\"https:\\\/\\\/bhagwan-incense.com\\\/fr\\\/boutique\\\/\"},{\"@type\":\"ListItem\",\"position\":3,\"name\":\"Roi de Flore B\u00e2tonnets d&#8217;Encens\"}]},{\"@type\":\"WebSite\",\"@id\":\"https:\\\/\\\/bhagwan-incense.com\\\/fr\\\/#website\",\"url\":\"https:\\\/\\\/bhagwan-incense.com\\\/fr\\\/\",\"name\":\"Bhagwan Incense | EU and Worldwide Incense Shop\",\"description\":\"Pure and Natural Incense from India\",\"publisher\":{\"@id\":\"https:\\\/\\\/bhagwan-incense.com\\\/fr\\\/#organization\"},\"potentialAction\":[{\"@type\":\"SearchAction\",\"target\":{\"@type\":\"EntryPoint\",\"urlTemplate\":\"https:\\\/\\\/bhagwan-incense.com\\\/fr\\\/?s={search_term_string}\"},\"query-input\":{\"@type\":\"PropertyValueSpecification\",\"valueRequired\":true,\"valueName\":\"search_term_string\"}}],\"inLanguage\":\"fr-FR\"},{\"@type\":\"Organization\",\"@id\":\"https:\\\/\\\/bhagwan-incense.com\\\/fr\\\/#organization\",\"name\":\"Bhagwan incense\",\"url\":\"https:\\\/\\\/bhagwan-incense.com\\\/fr\\\/\",\"logo\":{\"@type\":\"ImageObject\",\"inLanguage\":\"fr-FR\",\"@id\":\"https:\\\/\\\/bhagwan-incense.com\\\/fr\\\/#\\\/schema\\\/logo\\\/image\\\/\",\"url\":\"https:\\\/\\\/bhagwan-incense.com\\\/wp-content\\\/uploads\\\/2023\\\/06\\\/Logo-black.png\",\"contentUrl\":\"https:\\\/\\\/bhagwan-incense.com\\\/wp-content\\\/uploads\\\/2023\\\/06\\\/Logo-black.png\",\"width\":150,\"height\":150,\"caption\":\"Bhagwan incense\"},\"image\":{\"@id\":\"https:\\\/\\\/bhagwan-incense.com\\\/fr\\\/#\\\/schema\\\/logo\\\/image\\\/\"},\"sameAs\":[\"https:\\\/\\\/www.facebook.com\\\/profile.php?id=100093081477613&mibextid=ZbWKwLp\",\"https:\\\/\\\/www.instagram.com\\\/bhagwan_incense\\\/\"]}]}<\/script>\n<!-- \/ Yoast SEO plugin. -->","yoast_head_json":{"title":"B\u00e2tonnets d'encens King of Flora - M\u00e9lange Premium Floral et Bois de Santal","description":"D\u00e9couvrez les b\u00e2tonnets d'encens King of Flora, un m\u00e9lange magistral d'huiles florales, de bois de santal sal\u00e9 et de halmaddi. Avec des notes de patchouli et de vanille, cet encens indien traditionnel surpasse le Meena Supreme, offrant une \u00e9l\u00e9gance cr\u00e9meuse et chaleureuse.","robots":{"index":"index","follow":"follow","max-snippet":"max-snippet:-1","max-image-preview":"max-image-preview:large","max-video-preview":"max-video-preview:-1"},"canonical":"https:\/\/bhagwan-incense.com\/fr\/produit\/king-of-flora-batonnets-dencens\/","og_locale":"fr_FR","og_type":"article","og_title":"B\u00e2tonnets d'encens King of Flora - M\u00e9lange Premium Floral et Bois de Santal","og_description":"D\u00e9couvrez les b\u00e2tonnets d'encens King of Flora, un m\u00e9lange magistral d'huiles florales, de bois de santal sal\u00e9 et de halmaddi. Avec des notes de patchouli et de vanille, cet encens indien traditionnel surpasse le Meena Supreme, offrant une \u00e9l\u00e9gance cr\u00e9meuse et chaleureuse.","og_url":"https:\/\/bhagwan-incense.com\/fr\/produit\/king-of-flora-batonnets-dencens\/","og_site_name":"Bhagwan Incense | EU and Worldwide Shop","article_publisher":"https:\/\/www.facebook.com\/profile.php?id=100093081477613&mibextid=ZbWKwLp","article_modified_time":"2026-03-27T21:19:22+00:00","og_image":[{"width":775,"height":1163,"url":"https:\/\/bhagwan-incense.com\/wp-content\/uploads\/2025\/06\/King-of-Flora_2.jpg?wsr","type":"image\/jpeg"}],"twitter_card":"summary_large_image","twitter_misc":{"Dur\u00e9e de lecture estim\u00e9e":"1 minute"},"schema":{"@context":"https:\/\/schema.org","@graph":[{"@type":"WebPage","@id":"https:\/\/bhagwan-incense.com\/fr\/produit\/king-of-flora-batonnets-dencens\/","url":"https:\/\/bhagwan-incense.com\/fr\/produit\/king-of-flora-batonnets-dencens\/","name":"B\u00e2tonnets d'encens King of Flora - M\u00e9lange Premium Floral et Bois de Santal","isPartOf":{"@id":"https:\/\/bhagwan-incense.com\/fr\/#website"},"primaryImageOfPage":{"@id":"https:\/\/bhagwan-incense.com\/fr\/produit\/king-of-flora-batonnets-dencens\/#primaryimage"},"image":{"@id":"https:\/\/bhagwan-incense.com\/fr\/produit\/king-of-flora-batonnets-dencens\/#primaryimage"},"thumbnailUrl":"https:\/\/bhagwan-incense.com\/wp-content\/uploads\/2025\/06\/King-of-Flora_2.jpg?wsr","datePublished":"2025-06-20T13:08:13+00:00","dateModified":"2026-03-27T21:19:22+00:00","description":"D\u00e9couvrez les b\u00e2tonnets d'encens King of Flora, un m\u00e9lange magistral d'huiles florales, de bois de santal sal\u00e9 et de halmaddi. Avec des notes de patchouli et de vanille, cet encens indien traditionnel surpasse le Meena Supreme, offrant une \u00e9l\u00e9gance cr\u00e9meuse et chaleureuse.","breadcrumb":{"@id":"https:\/\/bhagwan-incense.com\/fr\/produit\/king-of-flora-batonnets-dencens\/#breadcrumb"},"inLanguage":"fr-FR","potentialAction":[{"@type":"ReadAction","target":["https:\/\/bhagwan-incense.com\/fr\/produit\/king-of-flora-batonnets-dencens\/"]}]},{"@type":"ImageObject","inLanguage":"fr-FR","@id":"https:\/\/bhagwan-incense.com\/fr\/produit\/king-of-flora-batonnets-dencens\/#primaryimage","url":"https:\/\/bhagwan-incense.com\/wp-content\/uploads\/2025\/06\/King-of-Flora_2.jpg?wsr","contentUrl":"https:\/\/bhagwan-incense.com\/wp-content\/uploads\/2025\/06\/King-of-Flora_2.jpg?wsr","width":775,"height":1163},{"@type":"BreadcrumbList","@id":"https:\/\/bhagwan-incense.com\/fr\/produit\/king-of-flora-batonnets-dencens\/#breadcrumb","itemListElement":[{"@type":"ListItem","position":1,"name":"Home","item":"https:\/\/bhagwan-incense.com\/fr\/"},{"@type":"ListItem","position":2,"name":"Boutique","item":"https:\/\/bhagwan-incense.com\/fr\/boutique\/"},{"@type":"ListItem","position":3,"name":"Roi de Flore B\u00e2tonnets d&#8217;Encens"}]},{"@type":"WebSite","@id":"https:\/\/bhagwan-incense.com\/fr\/#website","url":"https:\/\/bhagwan-incense.com\/fr\/","name":"Bhagwan Incense | EU and Worldwide Incense Shop","description":"Pure and Natural Incense from India","publisher":{"@id":"https:\/\/bhagwan-incense.com\/fr\/#organization"},"potentialAction":[{"@type":"SearchAction","target":{"@type":"EntryPoint","urlTemplate":"https:\/\/bhagwan-incense.com\/fr\/?s={search_term_string}"},"query-input":{"@type":"PropertyValueSpecification","valueRequired":true,"valueName":"search_term_string"}}],"inLanguage":"fr-FR"},{"@type":"Organization","@id":"https:\/\/bhagwan-incense.com\/fr\/#organization","name":"Bhagwan incense","url":"https:\/\/bhagwan-incense.com\/fr\/","logo":{"@type":"ImageObject","inLanguage":"fr-FR","@id":"https:\/\/bhagwan-incense.com\/fr\/#\/schema\/logo\/image\/","url":"https:\/\/bhagwan-incense.com\/wp-content\/uploads\/2023\/06\/Logo-black.png","contentUrl":"https:\/\/bhagwan-incense.com\/wp-content\/uploads\/2023\/06\/Logo-black.png","width":150,"height":150,"caption":"Bhagwan incense"},"image":{"@id":"https:\/\/bhagwan-incense.com\/fr\/#\/schema\/logo\/image\/"},"sameAs":["https:\/\/www.facebook.com\/profile.php?id=100093081477613&mibextid=ZbWKwLp","https:\/\/www.instagram.com\/bhagwan_incense\/"]}]}},"_links":{"self":[{"href":"https:\/\/bhagwan-incense.com\/fr\/wp-json\/wp\/v2\/product\/15340","targetHints":{"allow":["GET"]}}],"collection":[{"href":"https:\/\/bhagwan-incense.com\/fr\/wp-json\/wp\/v2\/product"}],"about":[{"href":"https:\/\/bhagwan-incense.com\/fr\/wp-json\/wp\/v2\/types\/product"}],"replies":[{"embeddable":true,"href":"https:\/\/bhagwan-incense.com\/fr\/wp-json\/wp\/v2\/comments?post=15340"}],"wp:featuredmedia":[{"embeddable":true,"href":"https:\/\/bhagwan-incense.com\/fr\/wp-json\/wp\/v2\/media\/15342"}],"wp:attachment":[{"href":"https:\/\/bhagwan-incense.com\/fr\/wp-json\/wp\/v2\/media?parent=15340"}],"wp:term":[{"taxonomy":"product_brand","embeddable":true,"href":"https:\/\/bhagwan-incense.com\/fr\/wp-json\/wp\/v2\/product_brand?post=15340"},{"taxonomy":"product_cat","embeddable":true,"href":"https:\/\/bhagwan-incense.com\/fr\/wp-json\/wp\/v2\/product_cat?post=15340"},{"taxonomy":"product_tag","embeddable":true,"href":"https:\/\/bhagwan-incense.com\/fr\/wp-json\/wp\/v2\/product_tag?post=15340"}],"curies":[{"name":"wp","href":"https:\/\/api.w.org\/{rel}","templated":true}]}}