{"id":15412,"date":"2025-06-23T22:53:59","date_gmt":"2025-06-23T20:53:59","guid":{"rendered":"https:\/\/bhagwan-incense.com\/?post_type=product&#038;p=15412"},"modified":"2025-06-23T23:10:20","modified_gmt":"2025-06-23T21:10:20","slug":"echantillon-dencens-royal-mysore-sandalwood","status":"publish","type":"product","link":"https:\/\/bhagwan-incense.com\/fr\/produit\/echantillon-dencens-royal-mysore-sandalwood\/","title":{"rendered":"\u00c9chantillon d&#8217;Encens Royal Mysore Sandalwood"},"content":{"rendered":"<p>\u00c9chantillon d&#8217;encens de Santal Royal Mysore \u2013 Un b\u00e2tonnet extra-\u00e9pais de 23 cm (9 pouces), pesant environ 3 grammes.<\/p>\n","protected":false},"excerpt":{"rendered":"<p>\u00c9chantillon d&#8217;encens de Santal Royal Mysore \u2013 Un b\u00e2tonnet extra-\u00e9pais de 23 cm (9 pouces), pesant environ 3 grammes.<\/p>\n","protected":false},"featured_media":15414,"comment_status":"open","ping_status":"closed","template":"","meta":[],"product_brand":[],"product_cat":[60,86,59],"product_tag":[75,72,73],"class_list":{"0":"post-15412","1":"product","2":"type-product","3":"status-publish","4":"has-post-thumbnail","6":"product_cat-boise","7":"product_cat-echantillons-dencens","8":"product_cat-santal","9":"product_tag-boise","10":"product_tag-oriental-fr","11":"product_tag-resineux","13":"first","14":"outofstock","15":"shipping-taxable","16":"purchasable","17":"product-type-simple"},"yoast_head":"<!-- This site is optimized with the Yoast SEO plugin v27.3 - https:\/\/yoast.com\/product\/yoast-seo-wordpress\/ -->\n<title>\u00c9chantillon d&#039;Encens Bhagwan Incense Royal Mysore Sandalwood<\/title>\n<meta name=\"description\" content=\"Succombez au plaisir de nos collections d&#039;encens soigneusement s\u00e9lectionn\u00e9es. Commandez vos \u00e9chantillons d&#039;encens Bhagwan. Embellissez votre espace avec ces tr\u00e9sors parfum\u00e9s.\" \/>\n<meta name=\"robots\" content=\"index, follow, max-snippet:-1, max-image-preview:large, max-video-preview:-1\" \/>\n<link rel=\"canonical\" href=\"https:\/\/bhagwan-incense.com\/fr\/produit\/echantillon-dencens-royal-mysore-sandalwood\/\" \/>\n<meta property=\"og:locale\" content=\"fr_FR\" \/>\n<meta property=\"og:type\" content=\"article\" \/>\n<meta property=\"og:title\" content=\"\u00c9chantillon d&#039;Encens Bhagwan Incense Royal Mysore Sandalwood\" \/>\n<meta property=\"og:description\" content=\"Succombez au plaisir de nos collections d&#039;encens soigneusement s\u00e9lectionn\u00e9es. Commandez vos \u00e9chantillons d&#039;encens Bhagwan. Embellissez votre espace avec ces tr\u00e9sors parfum\u00e9s.\" \/>\n<meta property=\"og:url\" content=\"https:\/\/bhagwan-incense.com\/fr\/produit\/echantillon-dencens-royal-mysore-sandalwood\/\" \/>\n<meta property=\"og:site_name\" content=\"Bhagwan Incense | EU and Worldwide Shop\" \/>\n<meta property=\"article:publisher\" content=\"https:\/\/www.facebook.com\/profile.php?id=100093081477613&amp;mibextid=ZbWKwLp\" \/>\n<meta property=\"article:modified_time\" content=\"2025-06-23T21:10:20+00:00\" \/>\n<meta property=\"og:image\" content=\"https:\/\/bhagwan-incense.com\/wp-content\/uploads\/2025\/06\/Royal-Mysore-Sandalwood_Incense-Sample-scaled.jpg\" \/>\n\t<meta property=\"og:image:width\" content=\"2560\" \/>\n\t<meta property=\"og:image:height\" content=\"2560\" \/>\n\t<meta property=\"og:image:type\" content=\"image\/jpeg\" \/>\n<meta name=\"twitter:card\" content=\"summary_large_image\" \/>\n<meta name=\"twitter:label1\" content=\"Dur\u00e9e de lecture estim\u00e9e\" \/>\n\t<meta name=\"twitter:data1\" content=\"1 minute\" \/>\n<script type=\"application\/ld+json\" class=\"yoast-schema-graph\">{\"@context\":\"https:\\\/\\\/schema.org\",\"@graph\":[{\"@type\":\"WebPage\",\"@id\":\"https:\\\/\\\/bhagwan-incense.com\\\/fr\\\/produit\\\/echantillon-dencens-royal-mysore-sandalwood\\\/\",\"url\":\"https:\\\/\\\/bhagwan-incense.com\\\/fr\\\/produit\\\/echantillon-dencens-royal-mysore-sandalwood\\\/\",\"name\":\"\u00c9chantillon d'Encens Bhagwan Incense Royal Mysore Sandalwood\",\"isPartOf\":{\"@id\":\"https:\\\/\\\/bhagwan-incense.com\\\/fr\\\/#website\"},\"primaryImageOfPage\":{\"@id\":\"https:\\\/\\\/bhagwan-incense.com\\\/fr\\\/produit\\\/echantillon-dencens-royal-mysore-sandalwood\\\/#primaryimage\"},\"image\":{\"@id\":\"https:\\\/\\\/bhagwan-incense.com\\\/fr\\\/produit\\\/echantillon-dencens-royal-mysore-sandalwood\\\/#primaryimage\"},\"thumbnailUrl\":\"https:\\\/\\\/bhagwan-incense.com\\\/wp-content\\\/uploads\\\/2025\\\/06\\\/Royal-Mysore-Sandalwood_Incense-Sample-scaled.jpg?wsr\",\"datePublished\":\"2025-06-23T20:53:59+00:00\",\"dateModified\":\"2025-06-23T21:10:20+00:00\",\"description\":\"Succombez au plaisir de nos collections d'encens soigneusement s\u00e9lectionn\u00e9es. Commandez vos \u00e9chantillons d'encens Bhagwan. Embellissez votre espace avec ces tr\u00e9sors parfum\u00e9s.\",\"breadcrumb\":{\"@id\":\"https:\\\/\\\/bhagwan-incense.com\\\/fr\\\/produit\\\/echantillon-dencens-royal-mysore-sandalwood\\\/#breadcrumb\"},\"inLanguage\":\"fr-FR\",\"potentialAction\":[{\"@type\":\"ReadAction\",\"target\":[\"https:\\\/\\\/bhagwan-incense.com\\\/fr\\\/produit\\\/echantillon-dencens-royal-mysore-sandalwood\\\/\"]}]},{\"@type\":\"ImageObject\",\"inLanguage\":\"fr-FR\",\"@id\":\"https:\\\/\\\/bhagwan-incense.com\\\/fr\\\/produit\\\/echantillon-dencens-royal-mysore-sandalwood\\\/#primaryimage\",\"url\":\"https:\\\/\\\/bhagwan-incense.com\\\/wp-content\\\/uploads\\\/2025\\\/06\\\/Royal-Mysore-Sandalwood_Incense-Sample-scaled.jpg?wsr\",\"contentUrl\":\"https:\\\/\\\/bhagwan-incense.com\\\/wp-content\\\/uploads\\\/2025\\\/06\\\/Royal-Mysore-Sandalwood_Incense-Sample-scaled.jpg?wsr\",\"width\":2560,\"height\":2560,\"caption\":\"\u043a\u0430\u0440\u0442\u0438\u043d\u043a\u0438 \u043d\u0430 \u0441\u0430\u0439\u04422\"},{\"@type\":\"BreadcrumbList\",\"@id\":\"https:\\\/\\\/bhagwan-incense.com\\\/fr\\\/produit\\\/echantillon-dencens-royal-mysore-sandalwood\\\/#breadcrumb\",\"itemListElement\":[{\"@type\":\"ListItem\",\"position\":1,\"name\":\"Home\",\"item\":\"https:\\\/\\\/bhagwan-incense.com\\\/fr\\\/\"},{\"@type\":\"ListItem\",\"position\":2,\"name\":\"Boutique\",\"item\":\"https:\\\/\\\/bhagwan-incense.com\\\/fr\\\/boutique\\\/\"},{\"@type\":\"ListItem\",\"position\":3,\"name\":\"\u00c9chantillon d&#8217;Encens Royal Mysore Sandalwood\"}]},{\"@type\":\"WebSite\",\"@id\":\"https:\\\/\\\/bhagwan-incense.com\\\/fr\\\/#website\",\"url\":\"https:\\\/\\\/bhagwan-incense.com\\\/fr\\\/\",\"name\":\"Bhagwan Incense | EU and Worldwide Incense Shop\",\"description\":\"Pure and Natural Incense from India\",\"publisher\":{\"@id\":\"https:\\\/\\\/bhagwan-incense.com\\\/fr\\\/#organization\"},\"potentialAction\":[{\"@type\":\"SearchAction\",\"target\":{\"@type\":\"EntryPoint\",\"urlTemplate\":\"https:\\\/\\\/bhagwan-incense.com\\\/fr\\\/?s={search_term_string}\"},\"query-input\":{\"@type\":\"PropertyValueSpecification\",\"valueRequired\":true,\"valueName\":\"search_term_string\"}}],\"inLanguage\":\"fr-FR\"},{\"@type\":\"Organization\",\"@id\":\"https:\\\/\\\/bhagwan-incense.com\\\/fr\\\/#organization\",\"name\":\"Bhagwan incense\",\"url\":\"https:\\\/\\\/bhagwan-incense.com\\\/fr\\\/\",\"logo\":{\"@type\":\"ImageObject\",\"inLanguage\":\"fr-FR\",\"@id\":\"https:\\\/\\\/bhagwan-incense.com\\\/fr\\\/#\\\/schema\\\/logo\\\/image\\\/\",\"url\":\"https:\\\/\\\/bhagwan-incense.com\\\/wp-content\\\/uploads\\\/2023\\\/06\\\/Logo-black.png\",\"contentUrl\":\"https:\\\/\\\/bhagwan-incense.com\\\/wp-content\\\/uploads\\\/2023\\\/06\\\/Logo-black.png\",\"width\":150,\"height\":150,\"caption\":\"Bhagwan incense\"},\"image\":{\"@id\":\"https:\\\/\\\/bhagwan-incense.com\\\/fr\\\/#\\\/schema\\\/logo\\\/image\\\/\"},\"sameAs\":[\"https:\\\/\\\/www.facebook.com\\\/profile.php?id=100093081477613&mibextid=ZbWKwLp\",\"https:\\\/\\\/www.instagram.com\\\/bhagwan_incense\\\/\"]}]}<\/script>\n<!-- \/ Yoast SEO plugin. -->","yoast_head_json":{"title":"\u00c9chantillon d'Encens Bhagwan Incense Royal Mysore Sandalwood","description":"Succombez au plaisir de nos collections d'encens soigneusement s\u00e9lectionn\u00e9es. Commandez vos \u00e9chantillons d'encens Bhagwan. Embellissez votre espace avec ces tr\u00e9sors parfum\u00e9s.","robots":{"index":"index","follow":"follow","max-snippet":"max-snippet:-1","max-image-preview":"max-image-preview:large","max-video-preview":"max-video-preview:-1"},"canonical":"https:\/\/bhagwan-incense.com\/fr\/produit\/echantillon-dencens-royal-mysore-sandalwood\/","og_locale":"fr_FR","og_type":"article","og_title":"\u00c9chantillon d'Encens Bhagwan Incense Royal Mysore Sandalwood","og_description":"Succombez au plaisir de nos collections d'encens soigneusement s\u00e9lectionn\u00e9es. Commandez vos \u00e9chantillons d'encens Bhagwan. Embellissez votre espace avec ces tr\u00e9sors parfum\u00e9s.","og_url":"https:\/\/bhagwan-incense.com\/fr\/produit\/echantillon-dencens-royal-mysore-sandalwood\/","og_site_name":"Bhagwan Incense | EU and Worldwide Shop","article_publisher":"https:\/\/www.facebook.com\/profile.php?id=100093081477613&mibextid=ZbWKwLp","article_modified_time":"2025-06-23T21:10:20+00:00","og_image":[{"width":2560,"height":2560,"url":"https:\/\/bhagwan-incense.com\/wp-content\/uploads\/2025\/06\/Royal-Mysore-Sandalwood_Incense-Sample-scaled.jpg","type":"image\/jpeg"}],"twitter_card":"summary_large_image","twitter_misc":{"Dur\u00e9e de lecture estim\u00e9e":"1 minute"},"schema":{"@context":"https:\/\/schema.org","@graph":[{"@type":"WebPage","@id":"https:\/\/bhagwan-incense.com\/fr\/produit\/echantillon-dencens-royal-mysore-sandalwood\/","url":"https:\/\/bhagwan-incense.com\/fr\/produit\/echantillon-dencens-royal-mysore-sandalwood\/","name":"\u00c9chantillon d'Encens Bhagwan Incense Royal Mysore Sandalwood","isPartOf":{"@id":"https:\/\/bhagwan-incense.com\/fr\/#website"},"primaryImageOfPage":{"@id":"https:\/\/bhagwan-incense.com\/fr\/produit\/echantillon-dencens-royal-mysore-sandalwood\/#primaryimage"},"image":{"@id":"https:\/\/bhagwan-incense.com\/fr\/produit\/echantillon-dencens-royal-mysore-sandalwood\/#primaryimage"},"thumbnailUrl":"https:\/\/bhagwan-incense.com\/wp-content\/uploads\/2025\/06\/Royal-Mysore-Sandalwood_Incense-Sample-scaled.jpg?wsr","datePublished":"2025-06-23T20:53:59+00:00","dateModified":"2025-06-23T21:10:20+00:00","description":"Succombez au plaisir de nos collections d'encens soigneusement s\u00e9lectionn\u00e9es. Commandez vos \u00e9chantillons d'encens Bhagwan. Embellissez votre espace avec ces tr\u00e9sors parfum\u00e9s.","breadcrumb":{"@id":"https:\/\/bhagwan-incense.com\/fr\/produit\/echantillon-dencens-royal-mysore-sandalwood\/#breadcrumb"},"inLanguage":"fr-FR","potentialAction":[{"@type":"ReadAction","target":["https:\/\/bhagwan-incense.com\/fr\/produit\/echantillon-dencens-royal-mysore-sandalwood\/"]}]},{"@type":"ImageObject","inLanguage":"fr-FR","@id":"https:\/\/bhagwan-incense.com\/fr\/produit\/echantillon-dencens-royal-mysore-sandalwood\/#primaryimage","url":"https:\/\/bhagwan-incense.com\/wp-content\/uploads\/2025\/06\/Royal-Mysore-Sandalwood_Incense-Sample-scaled.jpg?wsr","contentUrl":"https:\/\/bhagwan-incense.com\/wp-content\/uploads\/2025\/06\/Royal-Mysore-Sandalwood_Incense-Sample-scaled.jpg?wsr","width":2560,"height":2560,"caption":"\u043a\u0430\u0440\u0442\u0438\u043d\u043a\u0438 \u043d\u0430 \u0441\u0430\u0439\u04422"},{"@type":"BreadcrumbList","@id":"https:\/\/bhagwan-incense.com\/fr\/produit\/echantillon-dencens-royal-mysore-sandalwood\/#breadcrumb","itemListElement":[{"@type":"ListItem","position":1,"name":"Home","item":"https:\/\/bhagwan-incense.com\/fr\/"},{"@type":"ListItem","position":2,"name":"Boutique","item":"https:\/\/bhagwan-incense.com\/fr\/boutique\/"},{"@type":"ListItem","position":3,"name":"\u00c9chantillon d&#8217;Encens Royal Mysore Sandalwood"}]},{"@type":"WebSite","@id":"https:\/\/bhagwan-incense.com\/fr\/#website","url":"https:\/\/bhagwan-incense.com\/fr\/","name":"Bhagwan Incense | EU and Worldwide Incense Shop","description":"Pure and Natural Incense from India","publisher":{"@id":"https:\/\/bhagwan-incense.com\/fr\/#organization"},"potentialAction":[{"@type":"SearchAction","target":{"@type":"EntryPoint","urlTemplate":"https:\/\/bhagwan-incense.com\/fr\/?s={search_term_string}"},"query-input":{"@type":"PropertyValueSpecification","valueRequired":true,"valueName":"search_term_string"}}],"inLanguage":"fr-FR"},{"@type":"Organization","@id":"https:\/\/bhagwan-incense.com\/fr\/#organization","name":"Bhagwan incense","url":"https:\/\/bhagwan-incense.com\/fr\/","logo":{"@type":"ImageObject","inLanguage":"fr-FR","@id":"https:\/\/bhagwan-incense.com\/fr\/#\/schema\/logo\/image\/","url":"https:\/\/bhagwan-incense.com\/wp-content\/uploads\/2023\/06\/Logo-black.png","contentUrl":"https:\/\/bhagwan-incense.com\/wp-content\/uploads\/2023\/06\/Logo-black.png","width":150,"height":150,"caption":"Bhagwan incense"},"image":{"@id":"https:\/\/bhagwan-incense.com\/fr\/#\/schema\/logo\/image\/"},"sameAs":["https:\/\/www.facebook.com\/profile.php?id=100093081477613&mibextid=ZbWKwLp","https:\/\/www.instagram.com\/bhagwan_incense\/"]}]}},"_links":{"self":[{"href":"https:\/\/bhagwan-incense.com\/fr\/wp-json\/wp\/v2\/product\/15412","targetHints":{"allow":["GET"]}}],"collection":[{"href":"https:\/\/bhagwan-incense.com\/fr\/wp-json\/wp\/v2\/product"}],"about":[{"href":"https:\/\/bhagwan-incense.com\/fr\/wp-json\/wp\/v2\/types\/product"}],"replies":[{"embeddable":true,"href":"https:\/\/bhagwan-incense.com\/fr\/wp-json\/wp\/v2\/comments?post=15412"}],"wp:featuredmedia":[{"embeddable":true,"href":"https:\/\/bhagwan-incense.com\/fr\/wp-json\/wp\/v2\/media\/15414"}],"wp:attachment":[{"href":"https:\/\/bhagwan-incense.com\/fr\/wp-json\/wp\/v2\/media?parent=15412"}],"wp:term":[{"taxonomy":"product_brand","embeddable":true,"href":"https:\/\/bhagwan-incense.com\/fr\/wp-json\/wp\/v2\/product_brand?post=15412"},{"taxonomy":"product_cat","embeddable":true,"href":"https:\/\/bhagwan-incense.com\/fr\/wp-json\/wp\/v2\/product_cat?post=15412"},{"taxonomy":"product_tag","embeddable":true,"href":"https:\/\/bhagwan-incense.com\/fr\/wp-json\/wp\/v2\/product_tag?post=15412"}],"curies":[{"name":"wp","href":"https:\/\/api.w.org\/{rel}","templated":true}]}}