{"id":16145,"date":"2025-09-10T22:25:33","date_gmt":"2025-09-10T20:25:33","guid":{"rendered":"https:\/\/bhagwan-incense.com\/?post_type=product&#038;p=16145"},"modified":"2026-03-27T22:16:49","modified_gmt":"2026-03-27T21:16:49","slug":"vaishnavi-gold-batonnets-dencens","status":"publish","type":"product","link":"https:\/\/bhagwan-incense.com\/fr\/produit\/vaishnavi-gold-batonnets-dencens\/","title":{"rendered":"Vaishnavi Or B\u00e2tonnets d&#8217;Encens"},"content":{"rendered":"<p>Cet encens est le miel et le sucre de canne du monde des parfums : cr\u00e9meux, chaud et r\u00e9confortant. Id\u00e9al pour l&#8217;hiver et les mois plus frais, il agit comme un diffuseur de chaleur aromatique naturel. Il comprend une touche de bois de santal pour plus de profondeur.<\/p>\n<p>Les experts de l&#8217;industrie affirment que la qualit\u00e9 du Vaishnavi Flora d\u00e9pend de son ingr\u00e9dient le plus pr\u00e9cieux : la r\u00e9sine d&#8217;halmaddi. La richesse et l&#8217;harmonie de toutes les autres notes sont fa\u00e7onn\u00e9es par la qualit\u00e9 de cet \u00e9l\u00e9ment cl\u00e9. Pour notre m\u00e9lange, nous avons utilis\u00e9 l&#8217;halmaddi le plus raffin\u00e9, certifi\u00e9 par le gouvernement, provenant des for\u00eats de Puttur dans le Karnataka.<\/p>\n","protected":false},"excerpt":{"rendered":"<p>Une version haut de gamme du c\u00e9l\u00e8bre m\u00e9lange Vaishnavi Flora, con\u00e7ue avec du plumeria, de l&#8217;halmaddi, de la rose, du benjoin et du miel, reposant sur une base douce et balsamique de gomme d&#8217;ailante (halmaddi).<\/p>\n","protected":false},"featured_media":16147,"comment_status":"open","ping_status":"closed","template":"","meta":[],"product_brand":[],"product_cat":[84,61,106],"product_tag":[75,74,67,72],"class_list":{"0":"post-16145","1":"product","2":"type-product","3":"status-publish","4":"has-post-thumbnail","6":"product_cat-exotique-unique","7":"product_cat-floral","8":"product_cat-selection-exclusive-au-meilleur-prix","9":"product_tag-boise","10":"product_tag-epice","11":"product_tag-floral-fr-2","12":"product_tag-oriental-fr","14":"first","15":"instock","16":"shipping-taxable","17":"purchasable","18":"product-type-simple"},"yoast_head":"<!-- This site is optimized with the Yoast SEO plugin v27.4 - https:\/\/yoast.com\/product\/yoast-seo-wordpress\/ -->\n<title>Encens Vaishnavi Or : M\u00e9lange de Plumeria et d&#039;Halmaddi de premi\u00e8re qualit\u00e9<\/title>\n<meta name=\"description\" content=\"D\u00e9couvrez notre encens de premi\u00e8re qualit\u00e9, le Vaishnavi Or, un m\u00e9lange riche et r\u00e9confortant pour les mois les plus frais. Il pr\u00e9sente un ar\u00f4me chaud, semblable \u00e0 celui du miel, avec des notes de plumeria, de rose, de benjoin et de bois de santal.\" \/>\n<meta name=\"robots\" content=\"index, follow, max-snippet:-1, max-image-preview:large, max-video-preview:-1\" \/>\n<link rel=\"canonical\" href=\"https:\/\/bhagwan-incense.com\/fr\/produit\/vaishnavi-gold-batonnets-dencens\/\" \/>\n<meta property=\"og:locale\" content=\"fr_FR\" \/>\n<meta property=\"og:type\" content=\"article\" \/>\n<meta property=\"og:title\" content=\"Encens Vaishnavi Or : M\u00e9lange de Plumeria et d&#039;Halmaddi de premi\u00e8re qualit\u00e9\" \/>\n<meta property=\"og:description\" content=\"D\u00e9couvrez notre encens de premi\u00e8re qualit\u00e9, le Vaishnavi Or, un m\u00e9lange riche et r\u00e9confortant pour les mois les plus frais. Il pr\u00e9sente un ar\u00f4me chaud, semblable \u00e0 celui du miel, avec des notes de plumeria, de rose, de benjoin et de bois de santal.\" \/>\n<meta property=\"og:url\" content=\"https:\/\/bhagwan-incense.com\/fr\/produit\/vaishnavi-gold-batonnets-dencens\/\" \/>\n<meta property=\"og:site_name\" content=\"Bhagwan Incense | EU and Worldwide Shop\" \/>\n<meta property=\"article:publisher\" content=\"https:\/\/www.facebook.com\/profile.php?id=100093081477613&amp;mibextid=ZbWKwLp\" \/>\n<meta property=\"article:modified_time\" content=\"2026-03-27T21:16:49+00:00\" \/>\n<meta property=\"og:image\" content=\"https:\/\/bhagwan-incense.com\/wp-content\/uploads\/2025\/09\/Vaishnavi-Gold_2.jpg?wsr\" \/>\n\t<meta property=\"og:image:width\" content=\"754\" \/>\n\t<meta property=\"og:image:height\" content=\"1131\" \/>\n\t<meta property=\"og:image:type\" content=\"image\/jpeg\" \/>\n<meta name=\"twitter:card\" content=\"summary_large_image\" \/>\n<meta name=\"twitter:label1\" content=\"Dur\u00e9e de lecture estim\u00e9e\" \/>\n\t<meta name=\"twitter:data1\" content=\"1 minute\" \/>\n<script type=\"application\/ld+json\" class=\"yoast-schema-graph\">{\"@context\":\"https:\\\/\\\/schema.org\",\"@graph\":[{\"@type\":\"WebPage\",\"@id\":\"https:\\\/\\\/bhagwan-incense.com\\\/fr\\\/produit\\\/vaishnavi-gold-batonnets-dencens\\\/\",\"url\":\"https:\\\/\\\/bhagwan-incense.com\\\/fr\\\/produit\\\/vaishnavi-gold-batonnets-dencens\\\/\",\"name\":\"Encens Vaishnavi Or : M\u00e9lange de Plumeria et d'Halmaddi de premi\u00e8re qualit\u00e9\",\"isPartOf\":{\"@id\":\"https:\\\/\\\/bhagwan-incense.com\\\/fr\\\/#website\"},\"primaryImageOfPage\":{\"@id\":\"https:\\\/\\\/bhagwan-incense.com\\\/fr\\\/produit\\\/vaishnavi-gold-batonnets-dencens\\\/#primaryimage\"},\"image\":{\"@id\":\"https:\\\/\\\/bhagwan-incense.com\\\/fr\\\/produit\\\/vaishnavi-gold-batonnets-dencens\\\/#primaryimage\"},\"thumbnailUrl\":\"https:\\\/\\\/bhagwan-incense.com\\\/wp-content\\\/uploads\\\/2025\\\/09\\\/Vaishnavi-Gold_2.jpg?wsr\",\"datePublished\":\"2025-09-10T20:25:33+00:00\",\"dateModified\":\"2026-03-27T21:16:49+00:00\",\"description\":\"D\u00e9couvrez notre encens de premi\u00e8re qualit\u00e9, le Vaishnavi Or, un m\u00e9lange riche et r\u00e9confortant pour les mois les plus frais. Il pr\u00e9sente un ar\u00f4me chaud, semblable \u00e0 celui du miel, avec des notes de plumeria, de rose, de benjoin et de bois de santal.\",\"breadcrumb\":{\"@id\":\"https:\\\/\\\/bhagwan-incense.com\\\/fr\\\/produit\\\/vaishnavi-gold-batonnets-dencens\\\/#breadcrumb\"},\"inLanguage\":\"fr-FR\",\"potentialAction\":[{\"@type\":\"ReadAction\",\"target\":[\"https:\\\/\\\/bhagwan-incense.com\\\/fr\\\/produit\\\/vaishnavi-gold-batonnets-dencens\\\/\"]}]},{\"@type\":\"ImageObject\",\"inLanguage\":\"fr-FR\",\"@id\":\"https:\\\/\\\/bhagwan-incense.com\\\/fr\\\/produit\\\/vaishnavi-gold-batonnets-dencens\\\/#primaryimage\",\"url\":\"https:\\\/\\\/bhagwan-incense.com\\\/wp-content\\\/uploads\\\/2025\\\/09\\\/Vaishnavi-Gold_2.jpg?wsr\",\"contentUrl\":\"https:\\\/\\\/bhagwan-incense.com\\\/wp-content\\\/uploads\\\/2025\\\/09\\\/Vaishnavi-Gold_2.jpg?wsr\",\"width\":754,\"height\":1131},{\"@type\":\"BreadcrumbList\",\"@id\":\"https:\\\/\\\/bhagwan-incense.com\\\/fr\\\/produit\\\/vaishnavi-gold-batonnets-dencens\\\/#breadcrumb\",\"itemListElement\":[{\"@type\":\"ListItem\",\"position\":1,\"name\":\"Home\",\"item\":\"https:\\\/\\\/bhagwan-incense.com\\\/fr\\\/\"},{\"@type\":\"ListItem\",\"position\":2,\"name\":\"Boutique\",\"item\":\"https:\\\/\\\/bhagwan-incense.com\\\/fr\\\/boutique\\\/\"},{\"@type\":\"ListItem\",\"position\":3,\"name\":\"Vaishnavi Or B\u00e2tonnets d&#8217;Encens\"}]},{\"@type\":\"WebSite\",\"@id\":\"https:\\\/\\\/bhagwan-incense.com\\\/fr\\\/#website\",\"url\":\"https:\\\/\\\/bhagwan-incense.com\\\/fr\\\/\",\"name\":\"Bhagwan Incense | EU and Worldwide Incense Shop\",\"description\":\"Pure and Natural Incense from India\",\"publisher\":{\"@id\":\"https:\\\/\\\/bhagwan-incense.com\\\/fr\\\/#organization\"},\"potentialAction\":[{\"@type\":\"SearchAction\",\"target\":{\"@type\":\"EntryPoint\",\"urlTemplate\":\"https:\\\/\\\/bhagwan-incense.com\\\/fr\\\/?s={search_term_string}\"},\"query-input\":{\"@type\":\"PropertyValueSpecification\",\"valueRequired\":true,\"valueName\":\"search_term_string\"}}],\"inLanguage\":\"fr-FR\"},{\"@type\":\"Organization\",\"@id\":\"https:\\\/\\\/bhagwan-incense.com\\\/fr\\\/#organization\",\"name\":\"Bhagwan incense\",\"url\":\"https:\\\/\\\/bhagwan-incense.com\\\/fr\\\/\",\"logo\":{\"@type\":\"ImageObject\",\"inLanguage\":\"fr-FR\",\"@id\":\"https:\\\/\\\/bhagwan-incense.com\\\/fr\\\/#\\\/schema\\\/logo\\\/image\\\/\",\"url\":\"https:\\\/\\\/bhagwan-incense.com\\\/wp-content\\\/uploads\\\/2023\\\/06\\\/Logo-black.png\",\"contentUrl\":\"https:\\\/\\\/bhagwan-incense.com\\\/wp-content\\\/uploads\\\/2023\\\/06\\\/Logo-black.png\",\"width\":150,\"height\":150,\"caption\":\"Bhagwan incense\"},\"image\":{\"@id\":\"https:\\\/\\\/bhagwan-incense.com\\\/fr\\\/#\\\/schema\\\/logo\\\/image\\\/\"},\"sameAs\":[\"https:\\\/\\\/www.facebook.com\\\/profile.php?id=100093081477613&mibextid=ZbWKwLp\",\"https:\\\/\\\/www.instagram.com\\\/bhagwan_incense\\\/\"]}]}<\/script>\n<!-- \/ Yoast SEO plugin. -->","yoast_head_json":{"title":"Encens Vaishnavi Or : M\u00e9lange de Plumeria et d'Halmaddi de premi\u00e8re qualit\u00e9","description":"D\u00e9couvrez notre encens de premi\u00e8re qualit\u00e9, le Vaishnavi Or, un m\u00e9lange riche et r\u00e9confortant pour les mois les plus frais. Il pr\u00e9sente un ar\u00f4me chaud, semblable \u00e0 celui du miel, avec des notes de plumeria, de rose, de benjoin et de bois de santal.","robots":{"index":"index","follow":"follow","max-snippet":"max-snippet:-1","max-image-preview":"max-image-preview:large","max-video-preview":"max-video-preview:-1"},"canonical":"https:\/\/bhagwan-incense.com\/fr\/produit\/vaishnavi-gold-batonnets-dencens\/","og_locale":"fr_FR","og_type":"article","og_title":"Encens Vaishnavi Or : M\u00e9lange de Plumeria et d'Halmaddi de premi\u00e8re qualit\u00e9","og_description":"D\u00e9couvrez notre encens de premi\u00e8re qualit\u00e9, le Vaishnavi Or, un m\u00e9lange riche et r\u00e9confortant pour les mois les plus frais. Il pr\u00e9sente un ar\u00f4me chaud, semblable \u00e0 celui du miel, avec des notes de plumeria, de rose, de benjoin et de bois de santal.","og_url":"https:\/\/bhagwan-incense.com\/fr\/produit\/vaishnavi-gold-batonnets-dencens\/","og_site_name":"Bhagwan Incense | EU and Worldwide Shop","article_publisher":"https:\/\/www.facebook.com\/profile.php?id=100093081477613&mibextid=ZbWKwLp","article_modified_time":"2026-03-27T21:16:49+00:00","og_image":[{"width":754,"height":1131,"url":"https:\/\/bhagwan-incense.com\/wp-content\/uploads\/2025\/09\/Vaishnavi-Gold_2.jpg?wsr","type":"image\/jpeg"}],"twitter_card":"summary_large_image","twitter_misc":{"Dur\u00e9e de lecture estim\u00e9e":"1 minute"},"schema":{"@context":"https:\/\/schema.org","@graph":[{"@type":"WebPage","@id":"https:\/\/bhagwan-incense.com\/fr\/produit\/vaishnavi-gold-batonnets-dencens\/","url":"https:\/\/bhagwan-incense.com\/fr\/produit\/vaishnavi-gold-batonnets-dencens\/","name":"Encens Vaishnavi Or : M\u00e9lange de Plumeria et d'Halmaddi de premi\u00e8re qualit\u00e9","isPartOf":{"@id":"https:\/\/bhagwan-incense.com\/fr\/#website"},"primaryImageOfPage":{"@id":"https:\/\/bhagwan-incense.com\/fr\/produit\/vaishnavi-gold-batonnets-dencens\/#primaryimage"},"image":{"@id":"https:\/\/bhagwan-incense.com\/fr\/produit\/vaishnavi-gold-batonnets-dencens\/#primaryimage"},"thumbnailUrl":"https:\/\/bhagwan-incense.com\/wp-content\/uploads\/2025\/09\/Vaishnavi-Gold_2.jpg?wsr","datePublished":"2025-09-10T20:25:33+00:00","dateModified":"2026-03-27T21:16:49+00:00","description":"D\u00e9couvrez notre encens de premi\u00e8re qualit\u00e9, le Vaishnavi Or, un m\u00e9lange riche et r\u00e9confortant pour les mois les plus frais. Il pr\u00e9sente un ar\u00f4me chaud, semblable \u00e0 celui du miel, avec des notes de plumeria, de rose, de benjoin et de bois de santal.","breadcrumb":{"@id":"https:\/\/bhagwan-incense.com\/fr\/produit\/vaishnavi-gold-batonnets-dencens\/#breadcrumb"},"inLanguage":"fr-FR","potentialAction":[{"@type":"ReadAction","target":["https:\/\/bhagwan-incense.com\/fr\/produit\/vaishnavi-gold-batonnets-dencens\/"]}]},{"@type":"ImageObject","inLanguage":"fr-FR","@id":"https:\/\/bhagwan-incense.com\/fr\/produit\/vaishnavi-gold-batonnets-dencens\/#primaryimage","url":"https:\/\/bhagwan-incense.com\/wp-content\/uploads\/2025\/09\/Vaishnavi-Gold_2.jpg?wsr","contentUrl":"https:\/\/bhagwan-incense.com\/wp-content\/uploads\/2025\/09\/Vaishnavi-Gold_2.jpg?wsr","width":754,"height":1131},{"@type":"BreadcrumbList","@id":"https:\/\/bhagwan-incense.com\/fr\/produit\/vaishnavi-gold-batonnets-dencens\/#breadcrumb","itemListElement":[{"@type":"ListItem","position":1,"name":"Home","item":"https:\/\/bhagwan-incense.com\/fr\/"},{"@type":"ListItem","position":2,"name":"Boutique","item":"https:\/\/bhagwan-incense.com\/fr\/boutique\/"},{"@type":"ListItem","position":3,"name":"Vaishnavi Or B\u00e2tonnets d&#8217;Encens"}]},{"@type":"WebSite","@id":"https:\/\/bhagwan-incense.com\/fr\/#website","url":"https:\/\/bhagwan-incense.com\/fr\/","name":"Bhagwan Incense | EU and Worldwide Incense Shop","description":"Pure and Natural Incense from India","publisher":{"@id":"https:\/\/bhagwan-incense.com\/fr\/#organization"},"potentialAction":[{"@type":"SearchAction","target":{"@type":"EntryPoint","urlTemplate":"https:\/\/bhagwan-incense.com\/fr\/?s={search_term_string}"},"query-input":{"@type":"PropertyValueSpecification","valueRequired":true,"valueName":"search_term_string"}}],"inLanguage":"fr-FR"},{"@type":"Organization","@id":"https:\/\/bhagwan-incense.com\/fr\/#organization","name":"Bhagwan incense","url":"https:\/\/bhagwan-incense.com\/fr\/","logo":{"@type":"ImageObject","inLanguage":"fr-FR","@id":"https:\/\/bhagwan-incense.com\/fr\/#\/schema\/logo\/image\/","url":"https:\/\/bhagwan-incense.com\/wp-content\/uploads\/2023\/06\/Logo-black.png","contentUrl":"https:\/\/bhagwan-incense.com\/wp-content\/uploads\/2023\/06\/Logo-black.png","width":150,"height":150,"caption":"Bhagwan incense"},"image":{"@id":"https:\/\/bhagwan-incense.com\/fr\/#\/schema\/logo\/image\/"},"sameAs":["https:\/\/www.facebook.com\/profile.php?id=100093081477613&mibextid=ZbWKwLp","https:\/\/www.instagram.com\/bhagwan_incense\/"]}]}},"_links":{"self":[{"href":"https:\/\/bhagwan-incense.com\/fr\/wp-json\/wp\/v2\/product\/16145","targetHints":{"allow":["GET"]}}],"collection":[{"href":"https:\/\/bhagwan-incense.com\/fr\/wp-json\/wp\/v2\/product"}],"about":[{"href":"https:\/\/bhagwan-incense.com\/fr\/wp-json\/wp\/v2\/types\/product"}],"replies":[{"embeddable":true,"href":"https:\/\/bhagwan-incense.com\/fr\/wp-json\/wp\/v2\/comments?post=16145"}],"wp:featuredmedia":[{"embeddable":true,"href":"https:\/\/bhagwan-incense.com\/fr\/wp-json\/wp\/v2\/media\/16147"}],"wp:attachment":[{"href":"https:\/\/bhagwan-incense.com\/fr\/wp-json\/wp\/v2\/media?parent=16145"}],"wp:term":[{"taxonomy":"product_brand","embeddable":true,"href":"https:\/\/bhagwan-incense.com\/fr\/wp-json\/wp\/v2\/product_brand?post=16145"},{"taxonomy":"product_cat","embeddable":true,"href":"https:\/\/bhagwan-incense.com\/fr\/wp-json\/wp\/v2\/product_cat?post=16145"},{"taxonomy":"product_tag","embeddable":true,"href":"https:\/\/bhagwan-incense.com\/fr\/wp-json\/wp\/v2\/product_tag?post=16145"}],"curies":[{"name":"wp","href":"https:\/\/api.w.org\/{rel}","templated":true}]}}