{"id":16157,"date":"2025-09-10T22:38:28","date_gmt":"2025-09-10T20:38:28","guid":{"rendered":"https:\/\/bhagwan-incense.com\/?post_type=product&#038;p=16157"},"modified":"2026-03-27T22:10:29","modified_gmt":"2026-03-27T21:10:29","slug":"alchemist-secret-batonnets-dencens","status":"publish","type":"product","link":"https:\/\/bhagwan-incense.com\/fr\/produit\/alchemist-secret-batonnets-dencens\/","title":{"rendered":"Secret d&#8217;Alchimiste B\u00e2tonnets d&#8217;Encens"},"content":{"rendered":"<p>Un foug\u00e8re magistral infus\u00e9 de vanille, de f\u00e8ve tonka, de musc et de caramel, reposant sur une base de rose, de rhubarbe, de muguet et de mousse de ch\u00eane. Compl\u00e9t\u00e9 par des notes florales de g\u00e9ranium et de jasmin, avec une touche de cannelle, ce m\u00e9lange secret est aussi complexe et myst\u00e9rieux que l&#8217;alchimie elle-m\u00eame.<\/p>\n","protected":false},"excerpt":{"rendered":"<p>Un m\u00e9lange secret et complexe de vanille, de musc et de caramel, avec des notes florales de rose et de jasmin, le tout rehauss\u00e9 d&#8217;une touche de cannelle.<\/p>\n","protected":false},"featured_media":16159,"comment_status":"open","ping_status":"closed","template":"","meta":[],"product_brand":[],"product_cat":[60,84,61,64],"product_tag":[75,74,67,70,72,73],"class_list":{"0":"post-16157","1":"product","2":"type-product","3":"status-publish","4":"has-post-thumbnail","6":"product_cat-boise","7":"product_cat-exotique-unique","8":"product_cat-floral","9":"product_cat-musc","10":"product_tag-boise","11":"product_tag-epice","12":"product_tag-floral-fr-2","13":"product_tag-nag-champa-fr","14":"product_tag-oriental-fr","15":"product_tag-resineux","17":"first","18":"instock","19":"shipping-taxable","20":"purchasable","21":"product-type-simple"},"yoast_head":"<!-- This site is optimized with the Yoast SEO plugin v27.5 - https:\/\/yoast.com\/product\/yoast-seo-wordpress\/ -->\n<title>Encens Le Secret de l&#039;Alchimiste : Un m\u00e9lange Masala secret<\/title>\n<meta name=\"description\" content=\"D\u00e9couvrez Le Secret de l&#039;Alchimiste, un m\u00e9lange foug\u00e8re complexe et magistral. Ce parfum myst\u00e9rieux associe la vanille, le musc et le caramel \u00e0 des notes florales de rose et de jasmin.\" \/>\n<meta name=\"robots\" content=\"index, follow, max-snippet:-1, max-image-preview:large, max-video-preview:-1\" \/>\n<link rel=\"canonical\" href=\"https:\/\/bhagwan-incense.com\/fr\/produit\/alchemist-secret-batonnets-dencens\/\" \/>\n<meta property=\"og:locale\" content=\"fr_FR\" \/>\n<meta property=\"og:type\" content=\"article\" \/>\n<meta property=\"og:title\" content=\"Encens Le Secret de l&#039;Alchimiste : Un m\u00e9lange Masala secret\" \/>\n<meta property=\"og:description\" content=\"D\u00e9couvrez Le Secret de l&#039;Alchimiste, un m\u00e9lange foug\u00e8re complexe et magistral. Ce parfum myst\u00e9rieux associe la vanille, le musc et le caramel \u00e0 des notes florales de rose et de jasmin.\" \/>\n<meta property=\"og:url\" content=\"https:\/\/bhagwan-incense.com\/fr\/produit\/alchemist-secret-batonnets-dencens\/\" \/>\n<meta property=\"og:site_name\" content=\"Bhagwan Incense | EU and Worldwide Shop\" \/>\n<meta property=\"article:publisher\" content=\"https:\/\/www.facebook.com\/profile.php?id=100093081477613&amp;mibextid=ZbWKwLp\" \/>\n<meta property=\"article:modified_time\" content=\"2026-03-27T21:10:29+00:00\" \/>\n<meta property=\"og:image\" content=\"https:\/\/bhagwan-incense.com\/wp-content\/uploads\/2025\/09\/Alchemist-Secret_2.jpg?wsr\" \/>\n\t<meta property=\"og:image:width\" content=\"793\" \/>\n\t<meta property=\"og:image:height\" content=\"1188\" \/>\n\t<meta property=\"og:image:type\" content=\"image\/jpeg\" \/>\n<meta name=\"twitter:card\" content=\"summary_large_image\" \/>\n<meta name=\"twitter:label1\" content=\"Dur\u00e9e de lecture estim\u00e9e\" \/>\n\t<meta name=\"twitter:data1\" content=\"1 minute\" \/>\n<script type=\"application\/ld+json\" class=\"yoast-schema-graph\">{\"@context\":\"https:\\\/\\\/schema.org\",\"@graph\":[{\"@type\":\"WebPage\",\"@id\":\"https:\\\/\\\/bhagwan-incense.com\\\/fr\\\/produit\\\/alchemist-secret-batonnets-dencens\\\/\",\"url\":\"https:\\\/\\\/bhagwan-incense.com\\\/fr\\\/produit\\\/alchemist-secret-batonnets-dencens\\\/\",\"name\":\"Encens Le Secret de l'Alchimiste : Un m\u00e9lange Masala secret\",\"isPartOf\":{\"@id\":\"https:\\\/\\\/bhagwan-incense.com\\\/fr\\\/#website\"},\"primaryImageOfPage\":{\"@id\":\"https:\\\/\\\/bhagwan-incense.com\\\/fr\\\/produit\\\/alchemist-secret-batonnets-dencens\\\/#primaryimage\"},\"image\":{\"@id\":\"https:\\\/\\\/bhagwan-incense.com\\\/fr\\\/produit\\\/alchemist-secret-batonnets-dencens\\\/#primaryimage\"},\"thumbnailUrl\":\"https:\\\/\\\/bhagwan-incense.com\\\/wp-content\\\/uploads\\\/2025\\\/09\\\/Alchemist-Secret_2.jpg?wsr\",\"datePublished\":\"2025-09-10T20:38:28+00:00\",\"dateModified\":\"2026-03-27T21:10:29+00:00\",\"description\":\"D\u00e9couvrez Le Secret de l'Alchimiste, un m\u00e9lange foug\u00e8re complexe et magistral. Ce parfum myst\u00e9rieux associe la vanille, le musc et le caramel \u00e0 des notes florales de rose et de jasmin.\",\"breadcrumb\":{\"@id\":\"https:\\\/\\\/bhagwan-incense.com\\\/fr\\\/produit\\\/alchemist-secret-batonnets-dencens\\\/#breadcrumb\"},\"inLanguage\":\"fr-FR\",\"potentialAction\":[{\"@type\":\"ReadAction\",\"target\":[\"https:\\\/\\\/bhagwan-incense.com\\\/fr\\\/produit\\\/alchemist-secret-batonnets-dencens\\\/\"]}]},{\"@type\":\"ImageObject\",\"inLanguage\":\"fr-FR\",\"@id\":\"https:\\\/\\\/bhagwan-incense.com\\\/fr\\\/produit\\\/alchemist-secret-batonnets-dencens\\\/#primaryimage\",\"url\":\"https:\\\/\\\/bhagwan-incense.com\\\/wp-content\\\/uploads\\\/2025\\\/09\\\/Alchemist-Secret_2.jpg?wsr\",\"contentUrl\":\"https:\\\/\\\/bhagwan-incense.com\\\/wp-content\\\/uploads\\\/2025\\\/09\\\/Alchemist-Secret_2.jpg?wsr\",\"width\":793,\"height\":1188},{\"@type\":\"BreadcrumbList\",\"@id\":\"https:\\\/\\\/bhagwan-incense.com\\\/fr\\\/produit\\\/alchemist-secret-batonnets-dencens\\\/#breadcrumb\",\"itemListElement\":[{\"@type\":\"ListItem\",\"position\":1,\"name\":\"Home\",\"item\":\"https:\\\/\\\/bhagwan-incense.com\\\/fr\\\/\"},{\"@type\":\"ListItem\",\"position\":2,\"name\":\"Boutique\",\"item\":\"https:\\\/\\\/bhagwan-incense.com\\\/fr\\\/boutique\\\/\"},{\"@type\":\"ListItem\",\"position\":3,\"name\":\"Secret d&#8217;Alchimiste B\u00e2tonnets d&#8217;Encens\"}]},{\"@type\":\"WebSite\",\"@id\":\"https:\\\/\\\/bhagwan-incense.com\\\/fr\\\/#website\",\"url\":\"https:\\\/\\\/bhagwan-incense.com\\\/fr\\\/\",\"name\":\"Bhagwan Incense | EU and Worldwide Incense Shop\",\"description\":\"Pure and Natural Incense from India\",\"publisher\":{\"@id\":\"https:\\\/\\\/bhagwan-incense.com\\\/fr\\\/#organization\"},\"potentialAction\":[{\"@type\":\"SearchAction\",\"target\":{\"@type\":\"EntryPoint\",\"urlTemplate\":\"https:\\\/\\\/bhagwan-incense.com\\\/fr\\\/?s={search_term_string}\"},\"query-input\":{\"@type\":\"PropertyValueSpecification\",\"valueRequired\":true,\"valueName\":\"search_term_string\"}}],\"inLanguage\":\"fr-FR\"},{\"@type\":\"Organization\",\"@id\":\"https:\\\/\\\/bhagwan-incense.com\\\/fr\\\/#organization\",\"name\":\"Bhagwan incense\",\"url\":\"https:\\\/\\\/bhagwan-incense.com\\\/fr\\\/\",\"logo\":{\"@type\":\"ImageObject\",\"inLanguage\":\"fr-FR\",\"@id\":\"https:\\\/\\\/bhagwan-incense.com\\\/fr\\\/#\\\/schema\\\/logo\\\/image\\\/\",\"url\":\"https:\\\/\\\/bhagwan-incense.com\\\/wp-content\\\/uploads\\\/2023\\\/06\\\/Logo-black.png\",\"contentUrl\":\"https:\\\/\\\/bhagwan-incense.com\\\/wp-content\\\/uploads\\\/2023\\\/06\\\/Logo-black.png\",\"width\":150,\"height\":150,\"caption\":\"Bhagwan incense\"},\"image\":{\"@id\":\"https:\\\/\\\/bhagwan-incense.com\\\/fr\\\/#\\\/schema\\\/logo\\\/image\\\/\"},\"sameAs\":[\"https:\\\/\\\/www.facebook.com\\\/profile.php?id=100093081477613&mibextid=ZbWKwLp\",\"https:\\\/\\\/www.instagram.com\\\/bhagwan_incense\\\/\"]}]}<\/script>\n<!-- \/ Yoast SEO plugin. -->","yoast_head_json":{"title":"Encens Le Secret de l'Alchimiste : Un m\u00e9lange Masala secret","description":"D\u00e9couvrez Le Secret de l'Alchimiste, un m\u00e9lange foug\u00e8re complexe et magistral. Ce parfum myst\u00e9rieux associe la vanille, le musc et le caramel \u00e0 des notes florales de rose et de jasmin.","robots":{"index":"index","follow":"follow","max-snippet":"max-snippet:-1","max-image-preview":"max-image-preview:large","max-video-preview":"max-video-preview:-1"},"canonical":"https:\/\/bhagwan-incense.com\/fr\/produit\/alchemist-secret-batonnets-dencens\/","og_locale":"fr_FR","og_type":"article","og_title":"Encens Le Secret de l'Alchimiste : Un m\u00e9lange Masala secret","og_description":"D\u00e9couvrez Le Secret de l'Alchimiste, un m\u00e9lange foug\u00e8re complexe et magistral. Ce parfum myst\u00e9rieux associe la vanille, le musc et le caramel \u00e0 des notes florales de rose et de jasmin.","og_url":"https:\/\/bhagwan-incense.com\/fr\/produit\/alchemist-secret-batonnets-dencens\/","og_site_name":"Bhagwan Incense | EU and Worldwide Shop","article_publisher":"https:\/\/www.facebook.com\/profile.php?id=100093081477613&mibextid=ZbWKwLp","article_modified_time":"2026-03-27T21:10:29+00:00","og_image":[{"width":793,"height":1188,"url":"https:\/\/bhagwan-incense.com\/wp-content\/uploads\/2025\/09\/Alchemist-Secret_2.jpg?wsr","type":"image\/jpeg"}],"twitter_card":"summary_large_image","twitter_misc":{"Dur\u00e9e de lecture estim\u00e9e":"1 minute"},"schema":{"@context":"https:\/\/schema.org","@graph":[{"@type":"WebPage","@id":"https:\/\/bhagwan-incense.com\/fr\/produit\/alchemist-secret-batonnets-dencens\/","url":"https:\/\/bhagwan-incense.com\/fr\/produit\/alchemist-secret-batonnets-dencens\/","name":"Encens Le Secret de l'Alchimiste : Un m\u00e9lange Masala secret","isPartOf":{"@id":"https:\/\/bhagwan-incense.com\/fr\/#website"},"primaryImageOfPage":{"@id":"https:\/\/bhagwan-incense.com\/fr\/produit\/alchemist-secret-batonnets-dencens\/#primaryimage"},"image":{"@id":"https:\/\/bhagwan-incense.com\/fr\/produit\/alchemist-secret-batonnets-dencens\/#primaryimage"},"thumbnailUrl":"https:\/\/bhagwan-incense.com\/wp-content\/uploads\/2025\/09\/Alchemist-Secret_2.jpg?wsr","datePublished":"2025-09-10T20:38:28+00:00","dateModified":"2026-03-27T21:10:29+00:00","description":"D\u00e9couvrez Le Secret de l'Alchimiste, un m\u00e9lange foug\u00e8re complexe et magistral. Ce parfum myst\u00e9rieux associe la vanille, le musc et le caramel \u00e0 des notes florales de rose et de jasmin.","breadcrumb":{"@id":"https:\/\/bhagwan-incense.com\/fr\/produit\/alchemist-secret-batonnets-dencens\/#breadcrumb"},"inLanguage":"fr-FR","potentialAction":[{"@type":"ReadAction","target":["https:\/\/bhagwan-incense.com\/fr\/produit\/alchemist-secret-batonnets-dencens\/"]}]},{"@type":"ImageObject","inLanguage":"fr-FR","@id":"https:\/\/bhagwan-incense.com\/fr\/produit\/alchemist-secret-batonnets-dencens\/#primaryimage","url":"https:\/\/bhagwan-incense.com\/wp-content\/uploads\/2025\/09\/Alchemist-Secret_2.jpg?wsr","contentUrl":"https:\/\/bhagwan-incense.com\/wp-content\/uploads\/2025\/09\/Alchemist-Secret_2.jpg?wsr","width":793,"height":1188},{"@type":"BreadcrumbList","@id":"https:\/\/bhagwan-incense.com\/fr\/produit\/alchemist-secret-batonnets-dencens\/#breadcrumb","itemListElement":[{"@type":"ListItem","position":1,"name":"Home","item":"https:\/\/bhagwan-incense.com\/fr\/"},{"@type":"ListItem","position":2,"name":"Boutique","item":"https:\/\/bhagwan-incense.com\/fr\/boutique\/"},{"@type":"ListItem","position":3,"name":"Secret d&#8217;Alchimiste B\u00e2tonnets d&#8217;Encens"}]},{"@type":"WebSite","@id":"https:\/\/bhagwan-incense.com\/fr\/#website","url":"https:\/\/bhagwan-incense.com\/fr\/","name":"Bhagwan Incense | EU and Worldwide Incense Shop","description":"Pure and Natural Incense from India","publisher":{"@id":"https:\/\/bhagwan-incense.com\/fr\/#organization"},"potentialAction":[{"@type":"SearchAction","target":{"@type":"EntryPoint","urlTemplate":"https:\/\/bhagwan-incense.com\/fr\/?s={search_term_string}"},"query-input":{"@type":"PropertyValueSpecification","valueRequired":true,"valueName":"search_term_string"}}],"inLanguage":"fr-FR"},{"@type":"Organization","@id":"https:\/\/bhagwan-incense.com\/fr\/#organization","name":"Bhagwan incense","url":"https:\/\/bhagwan-incense.com\/fr\/","logo":{"@type":"ImageObject","inLanguage":"fr-FR","@id":"https:\/\/bhagwan-incense.com\/fr\/#\/schema\/logo\/image\/","url":"https:\/\/bhagwan-incense.com\/wp-content\/uploads\/2023\/06\/Logo-black.png","contentUrl":"https:\/\/bhagwan-incense.com\/wp-content\/uploads\/2023\/06\/Logo-black.png","width":150,"height":150,"caption":"Bhagwan incense"},"image":{"@id":"https:\/\/bhagwan-incense.com\/fr\/#\/schema\/logo\/image\/"},"sameAs":["https:\/\/www.facebook.com\/profile.php?id=100093081477613&mibextid=ZbWKwLp","https:\/\/www.instagram.com\/bhagwan_incense\/"]}]}},"_links":{"self":[{"href":"https:\/\/bhagwan-incense.com\/fr\/wp-json\/wp\/v2\/product\/16157","targetHints":{"allow":["GET"]}}],"collection":[{"href":"https:\/\/bhagwan-incense.com\/fr\/wp-json\/wp\/v2\/product"}],"about":[{"href":"https:\/\/bhagwan-incense.com\/fr\/wp-json\/wp\/v2\/types\/product"}],"replies":[{"embeddable":true,"href":"https:\/\/bhagwan-incense.com\/fr\/wp-json\/wp\/v2\/comments?post=16157"}],"wp:featuredmedia":[{"embeddable":true,"href":"https:\/\/bhagwan-incense.com\/fr\/wp-json\/wp\/v2\/media\/16159"}],"wp:attachment":[{"href":"https:\/\/bhagwan-incense.com\/fr\/wp-json\/wp\/v2\/media?parent=16157"}],"wp:term":[{"taxonomy":"product_brand","embeddable":true,"href":"https:\/\/bhagwan-incense.com\/fr\/wp-json\/wp\/v2\/product_brand?post=16157"},{"taxonomy":"product_cat","embeddable":true,"href":"https:\/\/bhagwan-incense.com\/fr\/wp-json\/wp\/v2\/product_cat?post=16157"},{"taxonomy":"product_tag","embeddable":true,"href":"https:\/\/bhagwan-incense.com\/fr\/wp-json\/wp\/v2\/product_tag?post=16157"}],"curies":[{"name":"wp","href":"https:\/\/api.w.org\/{rel}","templated":true}]}}