{"id":16184,"date":"2025-09-10T23:44:57","date_gmt":"2025-09-10T21:44:57","guid":{"rendered":"https:\/\/bhagwan-incense.com\/?post_type=product&#038;p=16184"},"modified":"2026-03-27T22:08:11","modified_gmt":"2026-03-27T21:08:11","slug":"khajuraho-temple-batonnets-dencens","status":"publish","type":"product","link":"https:\/\/bhagwan-incense.com\/fr\/produit\/khajuraho-temple-batonnets-dencens\/","title":{"rendered":"Temple de Khajuraho B\u00e2tonnets d&#8217;Encens"},"content":{"rendered":"<p>Aussi mystique et \u00e9nigmatique que le complexe des temples de Khajuraho lui-m\u00eame. Sensuel. Sacr\u00e9. Intemporel.<\/p>\n<p>Laissez cet encens vous transporter dans un lieu o\u00f9 le d\u00e9sir rencontre la d\u00e9votion \u2014 une danse sacr\u00e9e fig\u00e9e dans la pierre, maintenant r\u00e9veill\u00e9e par la fum\u00e9e. Les temples de Khajuraho, situ\u00e9s dans le Madhya Pradesh en Inde, sont un site du patrimoine mondial de l&#8217;UNESCO et sont mondialement reconnus pour leurs superbes sculptures \u00e9rotiques et leur grandeur architecturale.<\/p>\n<p>Construits entre 950 et 1050 apr\u00e8s J.-C. sous la dynastie Chandela, les temples \u00e9taient \u00e0 l&#8217;origine au nombre d&#8217;environ 85, bien que seulement une vingtaine subsistent aujourd&#8217;hui en bon \u00e9tat. L&#8217;un des aspects les plus fascinants et les plus comment\u00e9s de Khajuraho est celui des sculptures \u00e9rotiques que l&#8217;on trouve principalement sur les murs ext\u00e9rieurs de certains temples, notamment les temples de Kandariya Mahadeva, de Lakshmana et de Vishvanatha. Certains \u00e9rudits pensent que ces sculptures sont des expressions du Tantra, une voie spirituelle o\u00f9 l&#8217;union sexuelle est vue comme une m\u00e9taphore de l&#8217;union de l&#8217;individu avec le divin.<\/p>\n","protected":false},"excerpt":{"rendered":"<p>Un encens floral et mousseux, profond, myst\u00e9rieux et enivrant, avec des notes de copal, vanille, chocolat, ylang-ylang, caramel et musc.<\/p>\n","protected":false},"featured_media":16186,"comment_status":"open","ping_status":"closed","template":"","meta":[],"product_brand":[],"product_cat":[60,84,61,64,85],"product_tag":[75,74,67,72,73],"class_list":{"0":"post-16184","1":"product","2":"type-product","3":"status-publish","4":"has-post-thumbnail","6":"product_cat-boise","7":"product_cat-exotique-unique","8":"product_cat-floral","9":"product_cat-musc","10":"product_cat-yoga-fr","11":"product_tag-boise","12":"product_tag-epice","13":"product_tag-floral-fr-2","14":"product_tag-oriental-fr","15":"product_tag-resineux","17":"first","18":"instock","19":"shipping-taxable","20":"purchasable","21":"product-type-simple"},"yoast_head":"<!-- This site is optimized with the Yoast SEO plugin v27.3 - https:\/\/yoast.com\/product\/yoast-seo-wordpress\/ -->\n<title>Encens Temple de Khajuraho : Un m\u00e9lange floral sensuel et intemporel<\/title>\n<meta name=\"description\" content=\"Un encens floral, profond et myst\u00e9rieux, inspir\u00e9 de l&#039;ancien temple de Khajuraho. Ce m\u00e9lange sacr\u00e9 et sensuel pr\u00e9sente des notes de copal, de vanille, de chocolat, d&#039;ylang-ylang et de musc.\" \/>\n<meta name=\"robots\" content=\"index, follow, max-snippet:-1, max-image-preview:large, max-video-preview:-1\" \/>\n<link rel=\"canonical\" href=\"https:\/\/bhagwan-incense.com\/fr\/produit\/khajuraho-temple-batonnets-dencens\/\" \/>\n<meta property=\"og:locale\" content=\"fr_FR\" \/>\n<meta property=\"og:type\" content=\"article\" \/>\n<meta property=\"og:title\" content=\"Encens Temple de Khajuraho : Un m\u00e9lange floral sensuel et intemporel\" \/>\n<meta property=\"og:description\" content=\"Un encens floral, profond et myst\u00e9rieux, inspir\u00e9 de l&#039;ancien temple de Khajuraho. Ce m\u00e9lange sacr\u00e9 et sensuel pr\u00e9sente des notes de copal, de vanille, de chocolat, d&#039;ylang-ylang et de musc.\" \/>\n<meta property=\"og:url\" content=\"https:\/\/bhagwan-incense.com\/fr\/produit\/khajuraho-temple-batonnets-dencens\/\" \/>\n<meta property=\"og:site_name\" content=\"Bhagwan Incense | EU and Worldwide Shop\" \/>\n<meta property=\"article:publisher\" content=\"https:\/\/www.facebook.com\/profile.php?id=100093081477613&amp;mibextid=ZbWKwLp\" \/>\n<meta property=\"article:modified_time\" content=\"2026-03-27T21:08:11+00:00\" \/>\n<meta property=\"og:image\" content=\"https:\/\/bhagwan-incense.com\/wp-content\/uploads\/2025\/09\/Khajuraho-Temple_2.jpg?wsr\" \/>\n\t<meta property=\"og:image:width\" content=\"774\" \/>\n\t<meta property=\"og:image:height\" content=\"1161\" \/>\n\t<meta property=\"og:image:type\" content=\"image\/jpeg\" \/>\n<meta name=\"twitter:card\" content=\"summary_large_image\" \/>\n<meta name=\"twitter:label1\" content=\"Dur\u00e9e de lecture estim\u00e9e\" \/>\n\t<meta name=\"twitter:data1\" content=\"1 minute\" \/>\n<script type=\"application\/ld+json\" class=\"yoast-schema-graph\">{\"@context\":\"https:\\\/\\\/schema.org\",\"@graph\":[{\"@type\":\"WebPage\",\"@id\":\"https:\\\/\\\/bhagwan-incense.com\\\/fr\\\/produit\\\/khajuraho-temple-batonnets-dencens\\\/\",\"url\":\"https:\\\/\\\/bhagwan-incense.com\\\/fr\\\/produit\\\/khajuraho-temple-batonnets-dencens\\\/\",\"name\":\"Encens Temple de Khajuraho : Un m\u00e9lange floral sensuel et intemporel\",\"isPartOf\":{\"@id\":\"https:\\\/\\\/bhagwan-incense.com\\\/fr\\\/#website\"},\"primaryImageOfPage\":{\"@id\":\"https:\\\/\\\/bhagwan-incense.com\\\/fr\\\/produit\\\/khajuraho-temple-batonnets-dencens\\\/#primaryimage\"},\"image\":{\"@id\":\"https:\\\/\\\/bhagwan-incense.com\\\/fr\\\/produit\\\/khajuraho-temple-batonnets-dencens\\\/#primaryimage\"},\"thumbnailUrl\":\"https:\\\/\\\/bhagwan-incense.com\\\/wp-content\\\/uploads\\\/2025\\\/09\\\/Khajuraho-Temple_2.jpg?wsr\",\"datePublished\":\"2025-09-10T21:44:57+00:00\",\"dateModified\":\"2026-03-27T21:08:11+00:00\",\"description\":\"Un encens floral, profond et myst\u00e9rieux, inspir\u00e9 de l'ancien temple de Khajuraho. Ce m\u00e9lange sacr\u00e9 et sensuel pr\u00e9sente des notes de copal, de vanille, de chocolat, d'ylang-ylang et de musc.\",\"breadcrumb\":{\"@id\":\"https:\\\/\\\/bhagwan-incense.com\\\/fr\\\/produit\\\/khajuraho-temple-batonnets-dencens\\\/#breadcrumb\"},\"inLanguage\":\"fr-FR\",\"potentialAction\":[{\"@type\":\"ReadAction\",\"target\":[\"https:\\\/\\\/bhagwan-incense.com\\\/fr\\\/produit\\\/khajuraho-temple-batonnets-dencens\\\/\"]}]},{\"@type\":\"ImageObject\",\"inLanguage\":\"fr-FR\",\"@id\":\"https:\\\/\\\/bhagwan-incense.com\\\/fr\\\/produit\\\/khajuraho-temple-batonnets-dencens\\\/#primaryimage\",\"url\":\"https:\\\/\\\/bhagwan-incense.com\\\/wp-content\\\/uploads\\\/2025\\\/09\\\/Khajuraho-Temple_2.jpg?wsr\",\"contentUrl\":\"https:\\\/\\\/bhagwan-incense.com\\\/wp-content\\\/uploads\\\/2025\\\/09\\\/Khajuraho-Temple_2.jpg?wsr\",\"width\":774,\"height\":1161},{\"@type\":\"BreadcrumbList\",\"@id\":\"https:\\\/\\\/bhagwan-incense.com\\\/fr\\\/produit\\\/khajuraho-temple-batonnets-dencens\\\/#breadcrumb\",\"itemListElement\":[{\"@type\":\"ListItem\",\"position\":1,\"name\":\"Home\",\"item\":\"https:\\\/\\\/bhagwan-incense.com\\\/fr\\\/\"},{\"@type\":\"ListItem\",\"position\":2,\"name\":\"Boutique\",\"item\":\"https:\\\/\\\/bhagwan-incense.com\\\/fr\\\/boutique\\\/\"},{\"@type\":\"ListItem\",\"position\":3,\"name\":\"Temple de Khajuraho B\u00e2tonnets d&#8217;Encens\"}]},{\"@type\":\"WebSite\",\"@id\":\"https:\\\/\\\/bhagwan-incense.com\\\/fr\\\/#website\",\"url\":\"https:\\\/\\\/bhagwan-incense.com\\\/fr\\\/\",\"name\":\"Bhagwan Incense | EU and Worldwide Incense Shop\",\"description\":\"Pure and Natural Incense from India\",\"publisher\":{\"@id\":\"https:\\\/\\\/bhagwan-incense.com\\\/fr\\\/#organization\"},\"potentialAction\":[{\"@type\":\"SearchAction\",\"target\":{\"@type\":\"EntryPoint\",\"urlTemplate\":\"https:\\\/\\\/bhagwan-incense.com\\\/fr\\\/?s={search_term_string}\"},\"query-input\":{\"@type\":\"PropertyValueSpecification\",\"valueRequired\":true,\"valueName\":\"search_term_string\"}}],\"inLanguage\":\"fr-FR\"},{\"@type\":\"Organization\",\"@id\":\"https:\\\/\\\/bhagwan-incense.com\\\/fr\\\/#organization\",\"name\":\"Bhagwan incense\",\"url\":\"https:\\\/\\\/bhagwan-incense.com\\\/fr\\\/\",\"logo\":{\"@type\":\"ImageObject\",\"inLanguage\":\"fr-FR\",\"@id\":\"https:\\\/\\\/bhagwan-incense.com\\\/fr\\\/#\\\/schema\\\/logo\\\/image\\\/\",\"url\":\"https:\\\/\\\/bhagwan-incense.com\\\/wp-content\\\/uploads\\\/2023\\\/06\\\/Logo-black.png\",\"contentUrl\":\"https:\\\/\\\/bhagwan-incense.com\\\/wp-content\\\/uploads\\\/2023\\\/06\\\/Logo-black.png\",\"width\":150,\"height\":150,\"caption\":\"Bhagwan incense\"},\"image\":{\"@id\":\"https:\\\/\\\/bhagwan-incense.com\\\/fr\\\/#\\\/schema\\\/logo\\\/image\\\/\"},\"sameAs\":[\"https:\\\/\\\/www.facebook.com\\\/profile.php?id=100093081477613&mibextid=ZbWKwLp\",\"https:\\\/\\\/www.instagram.com\\\/bhagwan_incense\\\/\"]}]}<\/script>\n<!-- \/ Yoast SEO plugin. -->","yoast_head_json":{"title":"Encens Temple de Khajuraho : Un m\u00e9lange floral sensuel et intemporel","description":"Un encens floral, profond et myst\u00e9rieux, inspir\u00e9 de l'ancien temple de Khajuraho. Ce m\u00e9lange sacr\u00e9 et sensuel pr\u00e9sente des notes de copal, de vanille, de chocolat, d'ylang-ylang et de musc.","robots":{"index":"index","follow":"follow","max-snippet":"max-snippet:-1","max-image-preview":"max-image-preview:large","max-video-preview":"max-video-preview:-1"},"canonical":"https:\/\/bhagwan-incense.com\/fr\/produit\/khajuraho-temple-batonnets-dencens\/","og_locale":"fr_FR","og_type":"article","og_title":"Encens Temple de Khajuraho : Un m\u00e9lange floral sensuel et intemporel","og_description":"Un encens floral, profond et myst\u00e9rieux, inspir\u00e9 de l'ancien temple de Khajuraho. Ce m\u00e9lange sacr\u00e9 et sensuel pr\u00e9sente des notes de copal, de vanille, de chocolat, d'ylang-ylang et de musc.","og_url":"https:\/\/bhagwan-incense.com\/fr\/produit\/khajuraho-temple-batonnets-dencens\/","og_site_name":"Bhagwan Incense | EU and Worldwide Shop","article_publisher":"https:\/\/www.facebook.com\/profile.php?id=100093081477613&mibextid=ZbWKwLp","article_modified_time":"2026-03-27T21:08:11+00:00","og_image":[{"width":774,"height":1161,"url":"https:\/\/bhagwan-incense.com\/wp-content\/uploads\/2025\/09\/Khajuraho-Temple_2.jpg?wsr","type":"image\/jpeg"}],"twitter_card":"summary_large_image","twitter_misc":{"Dur\u00e9e de lecture estim\u00e9e":"1 minute"},"schema":{"@context":"https:\/\/schema.org","@graph":[{"@type":"WebPage","@id":"https:\/\/bhagwan-incense.com\/fr\/produit\/khajuraho-temple-batonnets-dencens\/","url":"https:\/\/bhagwan-incense.com\/fr\/produit\/khajuraho-temple-batonnets-dencens\/","name":"Encens Temple de Khajuraho : Un m\u00e9lange floral sensuel et intemporel","isPartOf":{"@id":"https:\/\/bhagwan-incense.com\/fr\/#website"},"primaryImageOfPage":{"@id":"https:\/\/bhagwan-incense.com\/fr\/produit\/khajuraho-temple-batonnets-dencens\/#primaryimage"},"image":{"@id":"https:\/\/bhagwan-incense.com\/fr\/produit\/khajuraho-temple-batonnets-dencens\/#primaryimage"},"thumbnailUrl":"https:\/\/bhagwan-incense.com\/wp-content\/uploads\/2025\/09\/Khajuraho-Temple_2.jpg?wsr","datePublished":"2025-09-10T21:44:57+00:00","dateModified":"2026-03-27T21:08:11+00:00","description":"Un encens floral, profond et myst\u00e9rieux, inspir\u00e9 de l'ancien temple de Khajuraho. Ce m\u00e9lange sacr\u00e9 et sensuel pr\u00e9sente des notes de copal, de vanille, de chocolat, d'ylang-ylang et de musc.","breadcrumb":{"@id":"https:\/\/bhagwan-incense.com\/fr\/produit\/khajuraho-temple-batonnets-dencens\/#breadcrumb"},"inLanguage":"fr-FR","potentialAction":[{"@type":"ReadAction","target":["https:\/\/bhagwan-incense.com\/fr\/produit\/khajuraho-temple-batonnets-dencens\/"]}]},{"@type":"ImageObject","inLanguage":"fr-FR","@id":"https:\/\/bhagwan-incense.com\/fr\/produit\/khajuraho-temple-batonnets-dencens\/#primaryimage","url":"https:\/\/bhagwan-incense.com\/wp-content\/uploads\/2025\/09\/Khajuraho-Temple_2.jpg?wsr","contentUrl":"https:\/\/bhagwan-incense.com\/wp-content\/uploads\/2025\/09\/Khajuraho-Temple_2.jpg?wsr","width":774,"height":1161},{"@type":"BreadcrumbList","@id":"https:\/\/bhagwan-incense.com\/fr\/produit\/khajuraho-temple-batonnets-dencens\/#breadcrumb","itemListElement":[{"@type":"ListItem","position":1,"name":"Home","item":"https:\/\/bhagwan-incense.com\/fr\/"},{"@type":"ListItem","position":2,"name":"Boutique","item":"https:\/\/bhagwan-incense.com\/fr\/boutique\/"},{"@type":"ListItem","position":3,"name":"Temple de Khajuraho B\u00e2tonnets d&#8217;Encens"}]},{"@type":"WebSite","@id":"https:\/\/bhagwan-incense.com\/fr\/#website","url":"https:\/\/bhagwan-incense.com\/fr\/","name":"Bhagwan Incense | EU and Worldwide Incense Shop","description":"Pure and Natural Incense from India","publisher":{"@id":"https:\/\/bhagwan-incense.com\/fr\/#organization"},"potentialAction":[{"@type":"SearchAction","target":{"@type":"EntryPoint","urlTemplate":"https:\/\/bhagwan-incense.com\/fr\/?s={search_term_string}"},"query-input":{"@type":"PropertyValueSpecification","valueRequired":true,"valueName":"search_term_string"}}],"inLanguage":"fr-FR"},{"@type":"Organization","@id":"https:\/\/bhagwan-incense.com\/fr\/#organization","name":"Bhagwan incense","url":"https:\/\/bhagwan-incense.com\/fr\/","logo":{"@type":"ImageObject","inLanguage":"fr-FR","@id":"https:\/\/bhagwan-incense.com\/fr\/#\/schema\/logo\/image\/","url":"https:\/\/bhagwan-incense.com\/wp-content\/uploads\/2023\/06\/Logo-black.png","contentUrl":"https:\/\/bhagwan-incense.com\/wp-content\/uploads\/2023\/06\/Logo-black.png","width":150,"height":150,"caption":"Bhagwan incense"},"image":{"@id":"https:\/\/bhagwan-incense.com\/fr\/#\/schema\/logo\/image\/"},"sameAs":["https:\/\/www.facebook.com\/profile.php?id=100093081477613&mibextid=ZbWKwLp","https:\/\/www.instagram.com\/bhagwan_incense\/"]}]}},"_links":{"self":[{"href":"https:\/\/bhagwan-incense.com\/fr\/wp-json\/wp\/v2\/product\/16184","targetHints":{"allow":["GET"]}}],"collection":[{"href":"https:\/\/bhagwan-incense.com\/fr\/wp-json\/wp\/v2\/product"}],"about":[{"href":"https:\/\/bhagwan-incense.com\/fr\/wp-json\/wp\/v2\/types\/product"}],"replies":[{"embeddable":true,"href":"https:\/\/bhagwan-incense.com\/fr\/wp-json\/wp\/v2\/comments?post=16184"}],"wp:featuredmedia":[{"embeddable":true,"href":"https:\/\/bhagwan-incense.com\/fr\/wp-json\/wp\/v2\/media\/16186"}],"wp:attachment":[{"href":"https:\/\/bhagwan-incense.com\/fr\/wp-json\/wp\/v2\/media?parent=16184"}],"wp:term":[{"taxonomy":"product_brand","embeddable":true,"href":"https:\/\/bhagwan-incense.com\/fr\/wp-json\/wp\/v2\/product_brand?post=16184"},{"taxonomy":"product_cat","embeddable":true,"href":"https:\/\/bhagwan-incense.com\/fr\/wp-json\/wp\/v2\/product_cat?post=16184"},{"taxonomy":"product_tag","embeddable":true,"href":"https:\/\/bhagwan-incense.com\/fr\/wp-json\/wp\/v2\/product_tag?post=16184"}],"curies":[{"name":"wp","href":"https:\/\/api.w.org\/{rel}","templated":true}]}}