{"id":16726,"date":"2025-11-09T21:16:19","date_gmt":"2025-11-09T20:16:19","guid":{"rendered":"https:\/\/bhagwan-incense.com\/?post_type=product&#038;p=16726"},"modified":"2026-03-27T22:07:18","modified_gmt":"2026-03-27T21:07:18","slug":"royal-attar-batonnets-dencens","status":"publish","type":"product","link":"https:\/\/bhagwan-incense.com\/fr\/produit\/royal-attar-batonnets-dencens\/","title":{"rendered":"Royal Attar B\u00e2tonnets d&#8217;Encens"},"content":{"rendered":"<p>Bien avant les flacons en verre et les \u00e9tiquettes dor\u00e9es, lorsque les empires s&#8217;\u00e9levaient sous les soleils du d\u00e9sert et que l&#8217;air scintillait d&#8217;\u00e9pices et de chants, les premiers attars sont n\u00e9s.<\/p>\n<p>Dans le c\u0153ur parfum\u00e9 d&#8217;un royaume antique \u2014 certains disent que c&#8217;\u00e9tait Kannauj, d&#8217;autres chuchotent que c&#8217;\u00e9tait la Perse \u2014 un jeune alchimiste servait \u00e0 la cour royale. Son devoir \u00e9tait de capturer la beaut\u00e9 elle-m\u00eame, de distiller le parfum du paradis pour son roi.<\/p>\n<p>Chaque aube, il marchait dans les jardins du palais lourds de rose, de jasmin, de champa et de lotus, ramassant les p\u00e9tales encore mouill\u00e9s de ros\u00e9e. Dans l&#8217;ombre fra\u00eeche des alambics en cuivre, il superposait les fleurs \u00e0 l&#8217;huile de bois de santal, les chauffant lentement sur de doux feux. La vapeur transportait l&#8217;\u00e2me des fleurs dans le bois de santal en attente \u2014 et ainsi, l&#8217;att\u0101r, \u00ab l&#8217;essence \u00bb, \u00e9tait n\u00e9.<\/p>\n<p>Lorsque la premi\u00e8re goutte toucha le poignet du roi, la cour se tut. Le parfum semblait vivant \u2014 d\u00e9licat mais \u00e9ternel, comme la lumi\u00e8re du soleil captur\u00e9e dans l&#8217;eau. La reine sourit et dit qu&#8217;il sentait le souvenir et la pri\u00e8re. \u00c0 partir de ce jour, les attars furent cr\u00e9\u00e9s non seulement pour la beaut\u00e9, mais pour le rituel, la m\u00e9ditation et l&#8217;amour.<\/p>\n<p>Pendant les si\u00e8cles qui suivirent, chaque parfumeur ajouta son secret \u2014 une touche d&#8217;ambre, un souffle de musc, une goutte d&#8217;oud \u2014 mais tous conserv\u00e8rent le m\u00eame savoir-faire sacr\u00e9 : distiller l&#8217;\u00e2me d&#8217;une fleur dans l&#8217;huile, goutte \u00e0 goutte patiente.<\/p>\n<p>Et m\u00eame \u00e0 pr\u00e9sent, lorsqu&#8217;un flacon d&#8217;attar pur est ouvert, l&#8217;air se souvient de ces jours anciens \u2014 o\u00f9 le parfum n&#8217;\u00e9tait pas port\u00e9, mais v\u00e9n\u00e9r\u00e9.<\/p>\n","protected":false},"excerpt":{"rendered":"<p>Un encens oriental luxuriant \u00e9labor\u00e9 avec une huile d&#8217;attar arabe riche et masculine, m\u00ealant du musc, des baies et la fra\u00eecheur printani\u00e8re unique du v\u00e9tiver.<\/p>\n","protected":false},"featured_media":16728,"comment_status":"open","ping_status":"closed","template":"","meta":[],"product_brand":[],"product_cat":[60,84,64],"product_tag":[75,74,72],"class_list":{"0":"post-16726","1":"product","2":"type-product","3":"status-publish","4":"has-post-thumbnail","6":"product_cat-boise","7":"product_cat-exotique-unique","8":"product_cat-musc","9":"product_tag-boise","10":"product_tag-epice","11":"product_tag-oriental-fr","13":"first","14":"instock","15":"shipping-taxable","16":"purchasable","17":"product-type-simple"},"yoast_head":"<!-- This site is optimized with the Yoast SEO plugin v27.5 - https:\/\/yoast.com\/product\/yoast-seo-wordpress\/ -->\n<title>B\u00e2tonnets d&#039;encens Attar Royal | Musc Oriental, Baie et V\u00e9tiver<\/title>\n<meta name=\"description\" content=\"Encens oriental luxuriant \u00e9labor\u00e9 avec une riche huile d&#039;attar arabe. Il pr\u00e9sente un m\u00e9lange masculin de musc, de baies fra\u00eeches et de v\u00e9tiver \u00e9clatant. Le parfum d&#039;un royaume ancien.\" \/>\n<meta name=\"robots\" content=\"index, follow, max-snippet:-1, max-image-preview:large, max-video-preview:-1\" \/>\n<link rel=\"canonical\" href=\"https:\/\/bhagwan-incense.com\/fr\/produit\/royal-attar-batonnets-dencens\/\" \/>\n<meta property=\"og:locale\" content=\"fr_FR\" \/>\n<meta property=\"og:type\" content=\"article\" \/>\n<meta property=\"og:title\" content=\"B\u00e2tonnets d&#039;encens Attar Royal | Musc Oriental, Baie et V\u00e9tiver\" \/>\n<meta property=\"og:description\" content=\"Encens oriental luxuriant \u00e9labor\u00e9 avec une riche huile d&#039;attar arabe. Il pr\u00e9sente un m\u00e9lange masculin de musc, de baies fra\u00eeches et de v\u00e9tiver \u00e9clatant. Le parfum d&#039;un royaume ancien.\" \/>\n<meta property=\"og:url\" content=\"https:\/\/bhagwan-incense.com\/fr\/produit\/royal-attar-batonnets-dencens\/\" \/>\n<meta property=\"og:site_name\" content=\"Bhagwan Incense | EU and Worldwide Shop\" \/>\n<meta property=\"article:publisher\" content=\"https:\/\/www.facebook.com\/profile.php?id=100093081477613&amp;mibextid=ZbWKwLp\" \/>\n<meta property=\"article:modified_time\" content=\"2026-03-27T21:07:18+00:00\" \/>\n<meta property=\"og:image\" content=\"https:\/\/bhagwan-incense.com\/wp-content\/uploads\/2025\/11\/Royal-Attar_2.jpg?wsr\" \/>\n\t<meta property=\"og:image:width\" content=\"712\" \/>\n\t<meta property=\"og:image:height\" content=\"1067\" \/>\n\t<meta property=\"og:image:type\" content=\"image\/jpeg\" \/>\n<meta name=\"twitter:card\" content=\"summary_large_image\" \/>\n<meta name=\"twitter:label1\" content=\"Dur\u00e9e de lecture estim\u00e9e\" \/>\n\t<meta name=\"twitter:data1\" content=\"2 minutes\" \/>\n<script type=\"application\/ld+json\" class=\"yoast-schema-graph\">{\"@context\":\"https:\\\/\\\/schema.org\",\"@graph\":[{\"@type\":\"WebPage\",\"@id\":\"https:\\\/\\\/bhagwan-incense.com\\\/fr\\\/produit\\\/royal-attar-batonnets-dencens\\\/\",\"url\":\"https:\\\/\\\/bhagwan-incense.com\\\/fr\\\/produit\\\/royal-attar-batonnets-dencens\\\/\",\"name\":\"B\u00e2tonnets d'encens Attar Royal | Musc Oriental, Baie et V\u00e9tiver\",\"isPartOf\":{\"@id\":\"https:\\\/\\\/bhagwan-incense.com\\\/fr\\\/#website\"},\"primaryImageOfPage\":{\"@id\":\"https:\\\/\\\/bhagwan-incense.com\\\/fr\\\/produit\\\/royal-attar-batonnets-dencens\\\/#primaryimage\"},\"image\":{\"@id\":\"https:\\\/\\\/bhagwan-incense.com\\\/fr\\\/produit\\\/royal-attar-batonnets-dencens\\\/#primaryimage\"},\"thumbnailUrl\":\"https:\\\/\\\/bhagwan-incense.com\\\/wp-content\\\/uploads\\\/2025\\\/11\\\/Royal-Attar_2.jpg?wsr\",\"datePublished\":\"2025-11-09T20:16:19+00:00\",\"dateModified\":\"2026-03-27T21:07:18+00:00\",\"description\":\"Encens oriental luxuriant \u00e9labor\u00e9 avec une riche huile d'attar arabe. Il pr\u00e9sente un m\u00e9lange masculin de musc, de baies fra\u00eeches et de v\u00e9tiver \u00e9clatant. Le parfum d'un royaume ancien.\",\"breadcrumb\":{\"@id\":\"https:\\\/\\\/bhagwan-incense.com\\\/fr\\\/produit\\\/royal-attar-batonnets-dencens\\\/#breadcrumb\"},\"inLanguage\":\"fr-FR\",\"potentialAction\":[{\"@type\":\"ReadAction\",\"target\":[\"https:\\\/\\\/bhagwan-incense.com\\\/fr\\\/produit\\\/royal-attar-batonnets-dencens\\\/\"]}]},{\"@type\":\"ImageObject\",\"inLanguage\":\"fr-FR\",\"@id\":\"https:\\\/\\\/bhagwan-incense.com\\\/fr\\\/produit\\\/royal-attar-batonnets-dencens\\\/#primaryimage\",\"url\":\"https:\\\/\\\/bhagwan-incense.com\\\/wp-content\\\/uploads\\\/2025\\\/11\\\/Royal-Attar_2.jpg?wsr\",\"contentUrl\":\"https:\\\/\\\/bhagwan-incense.com\\\/wp-content\\\/uploads\\\/2025\\\/11\\\/Royal-Attar_2.jpg?wsr\",\"width\":712,\"height\":1067},{\"@type\":\"BreadcrumbList\",\"@id\":\"https:\\\/\\\/bhagwan-incense.com\\\/fr\\\/produit\\\/royal-attar-batonnets-dencens\\\/#breadcrumb\",\"itemListElement\":[{\"@type\":\"ListItem\",\"position\":1,\"name\":\"Home\",\"item\":\"https:\\\/\\\/bhagwan-incense.com\\\/fr\\\/\"},{\"@type\":\"ListItem\",\"position\":2,\"name\":\"Boutique\",\"item\":\"https:\\\/\\\/bhagwan-incense.com\\\/fr\\\/boutique\\\/\"},{\"@type\":\"ListItem\",\"position\":3,\"name\":\"Royal Attar B\u00e2tonnets d&#8217;Encens\"}]},{\"@type\":\"WebSite\",\"@id\":\"https:\\\/\\\/bhagwan-incense.com\\\/fr\\\/#website\",\"url\":\"https:\\\/\\\/bhagwan-incense.com\\\/fr\\\/\",\"name\":\"Bhagwan Incense | EU and Worldwide Incense Shop\",\"description\":\"Pure and Natural Incense from India\",\"publisher\":{\"@id\":\"https:\\\/\\\/bhagwan-incense.com\\\/fr\\\/#organization\"},\"potentialAction\":[{\"@type\":\"SearchAction\",\"target\":{\"@type\":\"EntryPoint\",\"urlTemplate\":\"https:\\\/\\\/bhagwan-incense.com\\\/fr\\\/?s={search_term_string}\"},\"query-input\":{\"@type\":\"PropertyValueSpecification\",\"valueRequired\":true,\"valueName\":\"search_term_string\"}}],\"inLanguage\":\"fr-FR\"},{\"@type\":\"Organization\",\"@id\":\"https:\\\/\\\/bhagwan-incense.com\\\/fr\\\/#organization\",\"name\":\"Bhagwan incense\",\"url\":\"https:\\\/\\\/bhagwan-incense.com\\\/fr\\\/\",\"logo\":{\"@type\":\"ImageObject\",\"inLanguage\":\"fr-FR\",\"@id\":\"https:\\\/\\\/bhagwan-incense.com\\\/fr\\\/#\\\/schema\\\/logo\\\/image\\\/\",\"url\":\"https:\\\/\\\/bhagwan-incense.com\\\/wp-content\\\/uploads\\\/2023\\\/06\\\/Logo-black.png\",\"contentUrl\":\"https:\\\/\\\/bhagwan-incense.com\\\/wp-content\\\/uploads\\\/2023\\\/06\\\/Logo-black.png\",\"width\":150,\"height\":150,\"caption\":\"Bhagwan incense\"},\"image\":{\"@id\":\"https:\\\/\\\/bhagwan-incense.com\\\/fr\\\/#\\\/schema\\\/logo\\\/image\\\/\"},\"sameAs\":[\"https:\\\/\\\/www.facebook.com\\\/profile.php?id=100093081477613&mibextid=ZbWKwLp\",\"https:\\\/\\\/www.instagram.com\\\/bhagwan_incense\\\/\"]}]}<\/script>\n<!-- \/ Yoast SEO plugin. -->","yoast_head_json":{"title":"B\u00e2tonnets d'encens Attar Royal | Musc Oriental, Baie et V\u00e9tiver","description":"Encens oriental luxuriant \u00e9labor\u00e9 avec une riche huile d'attar arabe. Il pr\u00e9sente un m\u00e9lange masculin de musc, de baies fra\u00eeches et de v\u00e9tiver \u00e9clatant. Le parfum d'un royaume ancien.","robots":{"index":"index","follow":"follow","max-snippet":"max-snippet:-1","max-image-preview":"max-image-preview:large","max-video-preview":"max-video-preview:-1"},"canonical":"https:\/\/bhagwan-incense.com\/fr\/produit\/royal-attar-batonnets-dencens\/","og_locale":"fr_FR","og_type":"article","og_title":"B\u00e2tonnets d'encens Attar Royal | Musc Oriental, Baie et V\u00e9tiver","og_description":"Encens oriental luxuriant \u00e9labor\u00e9 avec une riche huile d'attar arabe. Il pr\u00e9sente un m\u00e9lange masculin de musc, de baies fra\u00eeches et de v\u00e9tiver \u00e9clatant. Le parfum d'un royaume ancien.","og_url":"https:\/\/bhagwan-incense.com\/fr\/produit\/royal-attar-batonnets-dencens\/","og_site_name":"Bhagwan Incense | EU and Worldwide Shop","article_publisher":"https:\/\/www.facebook.com\/profile.php?id=100093081477613&mibextid=ZbWKwLp","article_modified_time":"2026-03-27T21:07:18+00:00","og_image":[{"width":712,"height":1067,"url":"https:\/\/bhagwan-incense.com\/wp-content\/uploads\/2025\/11\/Royal-Attar_2.jpg?wsr","type":"image\/jpeg"}],"twitter_card":"summary_large_image","twitter_misc":{"Dur\u00e9e de lecture estim\u00e9e":"2 minutes"},"schema":{"@context":"https:\/\/schema.org","@graph":[{"@type":"WebPage","@id":"https:\/\/bhagwan-incense.com\/fr\/produit\/royal-attar-batonnets-dencens\/","url":"https:\/\/bhagwan-incense.com\/fr\/produit\/royal-attar-batonnets-dencens\/","name":"B\u00e2tonnets d'encens Attar Royal | Musc Oriental, Baie et V\u00e9tiver","isPartOf":{"@id":"https:\/\/bhagwan-incense.com\/fr\/#website"},"primaryImageOfPage":{"@id":"https:\/\/bhagwan-incense.com\/fr\/produit\/royal-attar-batonnets-dencens\/#primaryimage"},"image":{"@id":"https:\/\/bhagwan-incense.com\/fr\/produit\/royal-attar-batonnets-dencens\/#primaryimage"},"thumbnailUrl":"https:\/\/bhagwan-incense.com\/wp-content\/uploads\/2025\/11\/Royal-Attar_2.jpg?wsr","datePublished":"2025-11-09T20:16:19+00:00","dateModified":"2026-03-27T21:07:18+00:00","description":"Encens oriental luxuriant \u00e9labor\u00e9 avec une riche huile d'attar arabe. Il pr\u00e9sente un m\u00e9lange masculin de musc, de baies fra\u00eeches et de v\u00e9tiver \u00e9clatant. Le parfum d'un royaume ancien.","breadcrumb":{"@id":"https:\/\/bhagwan-incense.com\/fr\/produit\/royal-attar-batonnets-dencens\/#breadcrumb"},"inLanguage":"fr-FR","potentialAction":[{"@type":"ReadAction","target":["https:\/\/bhagwan-incense.com\/fr\/produit\/royal-attar-batonnets-dencens\/"]}]},{"@type":"ImageObject","inLanguage":"fr-FR","@id":"https:\/\/bhagwan-incense.com\/fr\/produit\/royal-attar-batonnets-dencens\/#primaryimage","url":"https:\/\/bhagwan-incense.com\/wp-content\/uploads\/2025\/11\/Royal-Attar_2.jpg?wsr","contentUrl":"https:\/\/bhagwan-incense.com\/wp-content\/uploads\/2025\/11\/Royal-Attar_2.jpg?wsr","width":712,"height":1067},{"@type":"BreadcrumbList","@id":"https:\/\/bhagwan-incense.com\/fr\/produit\/royal-attar-batonnets-dencens\/#breadcrumb","itemListElement":[{"@type":"ListItem","position":1,"name":"Home","item":"https:\/\/bhagwan-incense.com\/fr\/"},{"@type":"ListItem","position":2,"name":"Boutique","item":"https:\/\/bhagwan-incense.com\/fr\/boutique\/"},{"@type":"ListItem","position":3,"name":"Royal Attar B\u00e2tonnets d&#8217;Encens"}]},{"@type":"WebSite","@id":"https:\/\/bhagwan-incense.com\/fr\/#website","url":"https:\/\/bhagwan-incense.com\/fr\/","name":"Bhagwan Incense | EU and Worldwide Incense Shop","description":"Pure and Natural Incense from India","publisher":{"@id":"https:\/\/bhagwan-incense.com\/fr\/#organization"},"potentialAction":[{"@type":"SearchAction","target":{"@type":"EntryPoint","urlTemplate":"https:\/\/bhagwan-incense.com\/fr\/?s={search_term_string}"},"query-input":{"@type":"PropertyValueSpecification","valueRequired":true,"valueName":"search_term_string"}}],"inLanguage":"fr-FR"},{"@type":"Organization","@id":"https:\/\/bhagwan-incense.com\/fr\/#organization","name":"Bhagwan incense","url":"https:\/\/bhagwan-incense.com\/fr\/","logo":{"@type":"ImageObject","inLanguage":"fr-FR","@id":"https:\/\/bhagwan-incense.com\/fr\/#\/schema\/logo\/image\/","url":"https:\/\/bhagwan-incense.com\/wp-content\/uploads\/2023\/06\/Logo-black.png","contentUrl":"https:\/\/bhagwan-incense.com\/wp-content\/uploads\/2023\/06\/Logo-black.png","width":150,"height":150,"caption":"Bhagwan incense"},"image":{"@id":"https:\/\/bhagwan-incense.com\/fr\/#\/schema\/logo\/image\/"},"sameAs":["https:\/\/www.facebook.com\/profile.php?id=100093081477613&mibextid=ZbWKwLp","https:\/\/www.instagram.com\/bhagwan_incense\/"]}]}},"_links":{"self":[{"href":"https:\/\/bhagwan-incense.com\/fr\/wp-json\/wp\/v2\/product\/16726","targetHints":{"allow":["GET"]}}],"collection":[{"href":"https:\/\/bhagwan-incense.com\/fr\/wp-json\/wp\/v2\/product"}],"about":[{"href":"https:\/\/bhagwan-incense.com\/fr\/wp-json\/wp\/v2\/types\/product"}],"replies":[{"embeddable":true,"href":"https:\/\/bhagwan-incense.com\/fr\/wp-json\/wp\/v2\/comments?post=16726"}],"wp:featuredmedia":[{"embeddable":true,"href":"https:\/\/bhagwan-incense.com\/fr\/wp-json\/wp\/v2\/media\/16728"}],"wp:attachment":[{"href":"https:\/\/bhagwan-incense.com\/fr\/wp-json\/wp\/v2\/media?parent=16726"}],"wp:term":[{"taxonomy":"product_brand","embeddable":true,"href":"https:\/\/bhagwan-incense.com\/fr\/wp-json\/wp\/v2\/product_brand?post=16726"},{"taxonomy":"product_cat","embeddable":true,"href":"https:\/\/bhagwan-incense.com\/fr\/wp-json\/wp\/v2\/product_cat?post=16726"},{"taxonomy":"product_tag","embeddable":true,"href":"https:\/\/bhagwan-incense.com\/fr\/wp-json\/wp\/v2\/product_tag?post=16726"}],"curies":[{"name":"wp","href":"https:\/\/api.w.org\/{rel}","templated":true}]}}