{"id":16734,"date":"2025-11-09T21:31:22","date_gmt":"2025-11-09T20:31:22","guid":{"rendered":"https:\/\/bhagwan-incense.com\/?post_type=product&#038;p=16734"},"modified":"2026-03-27T22:06:52","modified_gmt":"2026-03-27T21:06:52","slug":"jasmine-queen-batonnets-dencens","status":"publish","type":"product","link":"https:\/\/bhagwan-incense.com\/fr\/produit\/jasmine-queen-batonnets-dencens\/","title":{"rendered":"Reine de Jasmin B\u00e2tonnets d&#8217;Encens"},"content":{"rendered":"<div id=\"model-response-message-contentr_905199d6508ebcd2\" class=\"markdown markdown-main-panel enable-updated-hr-color\" dir=\"ltr\">\n<p>Encens au jasmin de qualit\u00e9 sup\u00e9rieure pour les connaisseurs de tout genre. Un parfum frais, propre et l\u00e9g\u00e8rement fruit\u00e9 qui rafra\u00eechit et purifie n&#8217;importe quel espace. Il favorise la concentration et apporte une sensation de l\u00e9g\u00e8ret\u00e9 et de clart\u00e9 comme celle de la montagne. De subtiles notes de p\u00eache et d&#8217;abricot ajoutent une douceur d\u00e9licate, faisant v\u00e9ritablement briller cet encens. Un incontournable pour tout amateur de jasmin et de Nag Champa.<\/p>\n<\/div>\n<p data-sourcepos=\"6:1-6:661\">\n","protected":false},"excerpt":{"rendered":"<p>Un encens propre et rafra\u00eechissant, \u00e9labor\u00e9 avec de l&#8217;huile de jasmin de premi\u00e8re qualit\u00e9 et rehauss\u00e9 de subtiles notes de p\u00eache et d&#8217;abricot.<\/p>\n","protected":false},"featured_media":16736,"comment_status":"open","ping_status":"closed","template":"","meta":[],"product_brand":[],"product_cat":[84,61,102],"product_tag":[75,74,67,72,69],"class_list":{"0":"post-16734","1":"product","2":"type-product","3":"status-publish","4":"has-post-thumbnail","6":"product_cat-exotique-unique","7":"product_cat-floral","8":"product_cat-frais-vert-et-aquatique","9":"product_tag-boise","10":"product_tag-epice","11":"product_tag-floral-fr-2","12":"product_tag-oriental-fr","13":"product_tag-vert","15":"first","16":"instock","17":"shipping-taxable","18":"purchasable","19":"product-type-simple"},"yoast_head":"<!-- This site is optimized with the Yoast SEO plugin v27.5 - https:\/\/yoast.com\/product\/yoast-seo-wordpress\/ -->\n<title>B\u00e2tonnets d&#039;encens Reine de Jasmin | Jasmin Frais, Fruit\u00e9 et Pur<\/title>\n<meta name=\"description\" content=\"Encens Reine de Jasmin de qualit\u00e9 sup\u00e9rieure pour les connaisseurs. Un parfum frais, propre et l\u00e9g\u00e8rement fruit\u00e9 avec de subtiles notes de p\u00eache et d&#039;abricot pour purifier et concentrer votre espace.\" \/>\n<meta name=\"robots\" content=\"index, follow, max-snippet:-1, max-image-preview:large, max-video-preview:-1\" \/>\n<link rel=\"canonical\" href=\"https:\/\/bhagwan-incense.com\/fr\/produit\/jasmine-queen-batonnets-dencens\/\" \/>\n<meta property=\"og:locale\" content=\"fr_FR\" \/>\n<meta property=\"og:type\" content=\"article\" \/>\n<meta property=\"og:title\" content=\"B\u00e2tonnets d&#039;encens Reine de Jasmin | Jasmin Frais, Fruit\u00e9 et Pur\" \/>\n<meta property=\"og:description\" content=\"Encens Reine de Jasmin de qualit\u00e9 sup\u00e9rieure pour les connaisseurs. Un parfum frais, propre et l\u00e9g\u00e8rement fruit\u00e9 avec de subtiles notes de p\u00eache et d&#039;abricot pour purifier et concentrer votre espace.\" \/>\n<meta property=\"og:url\" content=\"https:\/\/bhagwan-incense.com\/fr\/produit\/jasmine-queen-batonnets-dencens\/\" \/>\n<meta property=\"og:site_name\" content=\"Bhagwan Incense | EU and Worldwide Shop\" \/>\n<meta property=\"article:publisher\" content=\"https:\/\/www.facebook.com\/profile.php?id=100093081477613&amp;mibextid=ZbWKwLp\" \/>\n<meta property=\"article:modified_time\" content=\"2026-03-27T21:06:52+00:00\" \/>\n<meta property=\"og:image\" content=\"https:\/\/bhagwan-incense.com\/wp-content\/uploads\/2025\/11\/Jasmine-Queen_2.jpg?wsr\" \/>\n\t<meta property=\"og:image:width\" content=\"747\" \/>\n\t<meta property=\"og:image:height\" content=\"1121\" \/>\n\t<meta property=\"og:image:type\" content=\"image\/jpeg\" \/>\n<meta name=\"twitter:card\" content=\"summary_large_image\" \/>\n<meta name=\"twitter:label1\" content=\"Dur\u00e9e de lecture estim\u00e9e\" \/>\n\t<meta name=\"twitter:data1\" content=\"1 minute\" \/>\n<script type=\"application\/ld+json\" class=\"yoast-schema-graph\">{\"@context\":\"https:\\\/\\\/schema.org\",\"@graph\":[{\"@type\":\"WebPage\",\"@id\":\"https:\\\/\\\/bhagwan-incense.com\\\/fr\\\/produit\\\/jasmine-queen-batonnets-dencens\\\/\",\"url\":\"https:\\\/\\\/bhagwan-incense.com\\\/fr\\\/produit\\\/jasmine-queen-batonnets-dencens\\\/\",\"name\":\"B\u00e2tonnets d'encens Reine de Jasmin | Jasmin Frais, Fruit\u00e9 et Pur\",\"isPartOf\":{\"@id\":\"https:\\\/\\\/bhagwan-incense.com\\\/fr\\\/#website\"},\"primaryImageOfPage\":{\"@id\":\"https:\\\/\\\/bhagwan-incense.com\\\/fr\\\/produit\\\/jasmine-queen-batonnets-dencens\\\/#primaryimage\"},\"image\":{\"@id\":\"https:\\\/\\\/bhagwan-incense.com\\\/fr\\\/produit\\\/jasmine-queen-batonnets-dencens\\\/#primaryimage\"},\"thumbnailUrl\":\"https:\\\/\\\/bhagwan-incense.com\\\/wp-content\\\/uploads\\\/2025\\\/11\\\/Jasmine-Queen_2.jpg?wsr\",\"datePublished\":\"2025-11-09T20:31:22+00:00\",\"dateModified\":\"2026-03-27T21:06:52+00:00\",\"description\":\"Encens Reine de Jasmin de qualit\u00e9 sup\u00e9rieure pour les connaisseurs. Un parfum frais, propre et l\u00e9g\u00e8rement fruit\u00e9 avec de subtiles notes de p\u00eache et d'abricot pour purifier et concentrer votre espace.\",\"breadcrumb\":{\"@id\":\"https:\\\/\\\/bhagwan-incense.com\\\/fr\\\/produit\\\/jasmine-queen-batonnets-dencens\\\/#breadcrumb\"},\"inLanguage\":\"fr-FR\",\"potentialAction\":[{\"@type\":\"ReadAction\",\"target\":[\"https:\\\/\\\/bhagwan-incense.com\\\/fr\\\/produit\\\/jasmine-queen-batonnets-dencens\\\/\"]}]},{\"@type\":\"ImageObject\",\"inLanguage\":\"fr-FR\",\"@id\":\"https:\\\/\\\/bhagwan-incense.com\\\/fr\\\/produit\\\/jasmine-queen-batonnets-dencens\\\/#primaryimage\",\"url\":\"https:\\\/\\\/bhagwan-incense.com\\\/wp-content\\\/uploads\\\/2025\\\/11\\\/Jasmine-Queen_2.jpg?wsr\",\"contentUrl\":\"https:\\\/\\\/bhagwan-incense.com\\\/wp-content\\\/uploads\\\/2025\\\/11\\\/Jasmine-Queen_2.jpg?wsr\",\"width\":747,\"height\":1121},{\"@type\":\"BreadcrumbList\",\"@id\":\"https:\\\/\\\/bhagwan-incense.com\\\/fr\\\/produit\\\/jasmine-queen-batonnets-dencens\\\/#breadcrumb\",\"itemListElement\":[{\"@type\":\"ListItem\",\"position\":1,\"name\":\"Home\",\"item\":\"https:\\\/\\\/bhagwan-incense.com\\\/fr\\\/\"},{\"@type\":\"ListItem\",\"position\":2,\"name\":\"Boutique\",\"item\":\"https:\\\/\\\/bhagwan-incense.com\\\/fr\\\/boutique\\\/\"},{\"@type\":\"ListItem\",\"position\":3,\"name\":\"Reine de Jasmin B\u00e2tonnets d&#8217;Encens\"}]},{\"@type\":\"WebSite\",\"@id\":\"https:\\\/\\\/bhagwan-incense.com\\\/fr\\\/#website\",\"url\":\"https:\\\/\\\/bhagwan-incense.com\\\/fr\\\/\",\"name\":\"Bhagwan Incense | EU and Worldwide Incense Shop\",\"description\":\"Pure and Natural Incense from India\",\"publisher\":{\"@id\":\"https:\\\/\\\/bhagwan-incense.com\\\/fr\\\/#organization\"},\"potentialAction\":[{\"@type\":\"SearchAction\",\"target\":{\"@type\":\"EntryPoint\",\"urlTemplate\":\"https:\\\/\\\/bhagwan-incense.com\\\/fr\\\/?s={search_term_string}\"},\"query-input\":{\"@type\":\"PropertyValueSpecification\",\"valueRequired\":true,\"valueName\":\"search_term_string\"}}],\"inLanguage\":\"fr-FR\"},{\"@type\":\"Organization\",\"@id\":\"https:\\\/\\\/bhagwan-incense.com\\\/fr\\\/#organization\",\"name\":\"Bhagwan incense\",\"url\":\"https:\\\/\\\/bhagwan-incense.com\\\/fr\\\/\",\"logo\":{\"@type\":\"ImageObject\",\"inLanguage\":\"fr-FR\",\"@id\":\"https:\\\/\\\/bhagwan-incense.com\\\/fr\\\/#\\\/schema\\\/logo\\\/image\\\/\",\"url\":\"https:\\\/\\\/bhagwan-incense.com\\\/wp-content\\\/uploads\\\/2023\\\/06\\\/Logo-black.png\",\"contentUrl\":\"https:\\\/\\\/bhagwan-incense.com\\\/wp-content\\\/uploads\\\/2023\\\/06\\\/Logo-black.png\",\"width\":150,\"height\":150,\"caption\":\"Bhagwan incense\"},\"image\":{\"@id\":\"https:\\\/\\\/bhagwan-incense.com\\\/fr\\\/#\\\/schema\\\/logo\\\/image\\\/\"},\"sameAs\":[\"https:\\\/\\\/www.facebook.com\\\/profile.php?id=100093081477613&mibextid=ZbWKwLp\",\"https:\\\/\\\/www.instagram.com\\\/bhagwan_incense\\\/\"]}]}<\/script>\n<!-- \/ Yoast SEO plugin. -->","yoast_head_json":{"title":"B\u00e2tonnets d'encens Reine de Jasmin | Jasmin Frais, Fruit\u00e9 et Pur","description":"Encens Reine de Jasmin de qualit\u00e9 sup\u00e9rieure pour les connaisseurs. Un parfum frais, propre et l\u00e9g\u00e8rement fruit\u00e9 avec de subtiles notes de p\u00eache et d'abricot pour purifier et concentrer votre espace.","robots":{"index":"index","follow":"follow","max-snippet":"max-snippet:-1","max-image-preview":"max-image-preview:large","max-video-preview":"max-video-preview:-1"},"canonical":"https:\/\/bhagwan-incense.com\/fr\/produit\/jasmine-queen-batonnets-dencens\/","og_locale":"fr_FR","og_type":"article","og_title":"B\u00e2tonnets d'encens Reine de Jasmin | Jasmin Frais, Fruit\u00e9 et Pur","og_description":"Encens Reine de Jasmin de qualit\u00e9 sup\u00e9rieure pour les connaisseurs. Un parfum frais, propre et l\u00e9g\u00e8rement fruit\u00e9 avec de subtiles notes de p\u00eache et d'abricot pour purifier et concentrer votre espace.","og_url":"https:\/\/bhagwan-incense.com\/fr\/produit\/jasmine-queen-batonnets-dencens\/","og_site_name":"Bhagwan Incense | EU and Worldwide Shop","article_publisher":"https:\/\/www.facebook.com\/profile.php?id=100093081477613&mibextid=ZbWKwLp","article_modified_time":"2026-03-27T21:06:52+00:00","og_image":[{"width":747,"height":1121,"url":"https:\/\/bhagwan-incense.com\/wp-content\/uploads\/2025\/11\/Jasmine-Queen_2.jpg?wsr","type":"image\/jpeg"}],"twitter_card":"summary_large_image","twitter_misc":{"Dur\u00e9e de lecture estim\u00e9e":"1 minute"},"schema":{"@context":"https:\/\/schema.org","@graph":[{"@type":"WebPage","@id":"https:\/\/bhagwan-incense.com\/fr\/produit\/jasmine-queen-batonnets-dencens\/","url":"https:\/\/bhagwan-incense.com\/fr\/produit\/jasmine-queen-batonnets-dencens\/","name":"B\u00e2tonnets d'encens Reine de Jasmin | Jasmin Frais, Fruit\u00e9 et Pur","isPartOf":{"@id":"https:\/\/bhagwan-incense.com\/fr\/#website"},"primaryImageOfPage":{"@id":"https:\/\/bhagwan-incense.com\/fr\/produit\/jasmine-queen-batonnets-dencens\/#primaryimage"},"image":{"@id":"https:\/\/bhagwan-incense.com\/fr\/produit\/jasmine-queen-batonnets-dencens\/#primaryimage"},"thumbnailUrl":"https:\/\/bhagwan-incense.com\/wp-content\/uploads\/2025\/11\/Jasmine-Queen_2.jpg?wsr","datePublished":"2025-11-09T20:31:22+00:00","dateModified":"2026-03-27T21:06:52+00:00","description":"Encens Reine de Jasmin de qualit\u00e9 sup\u00e9rieure pour les connaisseurs. Un parfum frais, propre et l\u00e9g\u00e8rement fruit\u00e9 avec de subtiles notes de p\u00eache et d'abricot pour purifier et concentrer votre espace.","breadcrumb":{"@id":"https:\/\/bhagwan-incense.com\/fr\/produit\/jasmine-queen-batonnets-dencens\/#breadcrumb"},"inLanguage":"fr-FR","potentialAction":[{"@type":"ReadAction","target":["https:\/\/bhagwan-incense.com\/fr\/produit\/jasmine-queen-batonnets-dencens\/"]}]},{"@type":"ImageObject","inLanguage":"fr-FR","@id":"https:\/\/bhagwan-incense.com\/fr\/produit\/jasmine-queen-batonnets-dencens\/#primaryimage","url":"https:\/\/bhagwan-incense.com\/wp-content\/uploads\/2025\/11\/Jasmine-Queen_2.jpg?wsr","contentUrl":"https:\/\/bhagwan-incense.com\/wp-content\/uploads\/2025\/11\/Jasmine-Queen_2.jpg?wsr","width":747,"height":1121},{"@type":"BreadcrumbList","@id":"https:\/\/bhagwan-incense.com\/fr\/produit\/jasmine-queen-batonnets-dencens\/#breadcrumb","itemListElement":[{"@type":"ListItem","position":1,"name":"Home","item":"https:\/\/bhagwan-incense.com\/fr\/"},{"@type":"ListItem","position":2,"name":"Boutique","item":"https:\/\/bhagwan-incense.com\/fr\/boutique\/"},{"@type":"ListItem","position":3,"name":"Reine de Jasmin B\u00e2tonnets d&#8217;Encens"}]},{"@type":"WebSite","@id":"https:\/\/bhagwan-incense.com\/fr\/#website","url":"https:\/\/bhagwan-incense.com\/fr\/","name":"Bhagwan Incense | EU and Worldwide Incense Shop","description":"Pure and Natural Incense from India","publisher":{"@id":"https:\/\/bhagwan-incense.com\/fr\/#organization"},"potentialAction":[{"@type":"SearchAction","target":{"@type":"EntryPoint","urlTemplate":"https:\/\/bhagwan-incense.com\/fr\/?s={search_term_string}"},"query-input":{"@type":"PropertyValueSpecification","valueRequired":true,"valueName":"search_term_string"}}],"inLanguage":"fr-FR"},{"@type":"Organization","@id":"https:\/\/bhagwan-incense.com\/fr\/#organization","name":"Bhagwan incense","url":"https:\/\/bhagwan-incense.com\/fr\/","logo":{"@type":"ImageObject","inLanguage":"fr-FR","@id":"https:\/\/bhagwan-incense.com\/fr\/#\/schema\/logo\/image\/","url":"https:\/\/bhagwan-incense.com\/wp-content\/uploads\/2023\/06\/Logo-black.png","contentUrl":"https:\/\/bhagwan-incense.com\/wp-content\/uploads\/2023\/06\/Logo-black.png","width":150,"height":150,"caption":"Bhagwan incense"},"image":{"@id":"https:\/\/bhagwan-incense.com\/fr\/#\/schema\/logo\/image\/"},"sameAs":["https:\/\/www.facebook.com\/profile.php?id=100093081477613&mibextid=ZbWKwLp","https:\/\/www.instagram.com\/bhagwan_incense\/"]}]}},"_links":{"self":[{"href":"https:\/\/bhagwan-incense.com\/fr\/wp-json\/wp\/v2\/product\/16734","targetHints":{"allow":["GET"]}}],"collection":[{"href":"https:\/\/bhagwan-incense.com\/fr\/wp-json\/wp\/v2\/product"}],"about":[{"href":"https:\/\/bhagwan-incense.com\/fr\/wp-json\/wp\/v2\/types\/product"}],"replies":[{"embeddable":true,"href":"https:\/\/bhagwan-incense.com\/fr\/wp-json\/wp\/v2\/comments?post=16734"}],"wp:featuredmedia":[{"embeddable":true,"href":"https:\/\/bhagwan-incense.com\/fr\/wp-json\/wp\/v2\/media\/16736"}],"wp:attachment":[{"href":"https:\/\/bhagwan-incense.com\/fr\/wp-json\/wp\/v2\/media?parent=16734"}],"wp:term":[{"taxonomy":"product_brand","embeddable":true,"href":"https:\/\/bhagwan-incense.com\/fr\/wp-json\/wp\/v2\/product_brand?post=16734"},{"taxonomy":"product_cat","embeddable":true,"href":"https:\/\/bhagwan-incense.com\/fr\/wp-json\/wp\/v2\/product_cat?post=16734"},{"taxonomy":"product_tag","embeddable":true,"href":"https:\/\/bhagwan-incense.com\/fr\/wp-json\/wp\/v2\/product_tag?post=16734"}],"curies":[{"name":"wp","href":"https:\/\/api.w.org\/{rel}","templated":true}]}}