{"id":17042,"date":"2025-12-12T21:30:51","date_gmt":"2025-12-12T20:30:51","guid":{"rendered":"https:\/\/bhagwan-incense.com\/?post_type=product&#038;p=17042"},"modified":"2026-03-28T14:29:49","modified_gmt":"2026-03-28T13:29:49","slug":"collection-dencens-de-luxe-oudh-bois-dagar","status":"publish","type":"product","link":"https:\/\/bhagwan-incense.com\/fr\/produit\/collection-dencens-de-luxe-oudh-bois-dagar\/","title":{"rendered":"Collection de b\u00e2tonnets d&#8217;encens de luxe Oud &#038; Bois d&#8217;Agar \u2014 4 x 15g"},"content":{"rendered":"<p>Collection de b\u00e2tonnets d&#8217;encens de luxe Oud &amp; Bois d&#8217;Agar Bhagwan Incense \u2014 4 bo\u00eetes de 15g chacune (60g poids net total) : Bhagwan Incense Oud, Agarwood d&#8217;Assam, Oud Soufi, Oud Majestueux. Un encens masala naturel \u00e9labor\u00e9 \u00e0 partir des meilleures huiles essentielles et poudres de bois. Parfait comme cadeau ou comme plaisir personnel lorsque vous souhaitez profiter d&#8217;une s\u00e9lection d&#8217;encens de luxe. Id\u00e9e cadeau id\u00e9ale \u2014 Un assortiment magnifique, parfait pour les anniversaires, les f\u00eates, les pendaisons de cr\u00e9maill\u00e8re, ou simplement pour se faire plaisir avec un encens premium !<\/p>\n","protected":false},"excerpt":{"rendered":"<p>Une collection premium de 60 g d&#8217;encens masala roul\u00e9 \u00e0 la main, aux quatre ar\u00f4mes luxueux d&#8217;Oud et de Bois d&#8217;Agar.<\/p>\n","protected":false},"featured_media":17044,"comment_status":"open","ping_status":"closed","template":"","meta":[],"product_brand":[],"product_cat":[105,63],"product_tag":[75,72,73],"class_list":{"0":"post-17042","1":"product","2":"type-product","3":"status-publish","4":"has-post-thumbnail","6":"product_cat-collections-dencens-de-luxe","7":"product_cat-oud","8":"product_tag-boise","9":"product_tag-oriental-fr","10":"product_tag-resineux","12":"first","13":"instock","14":"shipping-taxable","15":"purchasable","16":"product-type-simple"},"yoast_head":"<!-- This site is optimized with the Yoast SEO plugin v27.3 - https:\/\/yoast.com\/product\/yoast-seo-wordpress\/ -->\n<title>Collection d\u2019Encens de Luxe Oudh &amp; Bois d&#039;Agar Bhagwan - Coffret 60g<\/title>\n<meta name=\"description\" content=\"D\u00e9couvrez notre collection d&#039;encens de luxe Oudh et Bois d&#039;Agar. 4 bo\u00eetes d&#039;encens masala naturel roul\u00e9 \u00e0 la main. Id\u00e9al pour la relaxation ou comme cadeau d&#039;exception.\" \/>\n<meta name=\"robots\" content=\"index, follow, max-snippet:-1, max-image-preview:large, max-video-preview:-1\" \/>\n<link rel=\"canonical\" href=\"https:\/\/bhagwan-incense.com\/fr\/produit\/collection-dencens-de-luxe-oudh-bois-dagar\/\" \/>\n<meta property=\"og:locale\" content=\"fr_FR\" \/>\n<meta property=\"og:type\" content=\"article\" \/>\n<meta property=\"og:title\" content=\"Collection d\u2019Encens de Luxe Oudh &amp; Bois d&#039;Agar Bhagwan - Coffret 60g\" \/>\n<meta property=\"og:description\" content=\"D\u00e9couvrez notre collection d&#039;encens de luxe Oudh et Bois d&#039;Agar. 4 bo\u00eetes d&#039;encens masala naturel roul\u00e9 \u00e0 la main. Id\u00e9al pour la relaxation ou comme cadeau d&#039;exception.\" \/>\n<meta property=\"og:url\" content=\"https:\/\/bhagwan-incense.com\/fr\/produit\/collection-dencens-de-luxe-oudh-bois-dagar\/\" \/>\n<meta property=\"og:site_name\" content=\"Bhagwan Incense | EU and Worldwide Shop\" \/>\n<meta property=\"article:publisher\" content=\"https:\/\/www.facebook.com\/profile.php?id=100093081477613&amp;mibextid=ZbWKwLp\" \/>\n<meta property=\"article:modified_time\" content=\"2026-03-28T13:29:49+00:00\" \/>\n<meta property=\"og:image\" content=\"https:\/\/bhagwan-incense.com\/wp-content\/uploads\/2025\/12\/OUDH-AGARWOOD-COLLECTION_4\u044515.jpg?wsr\" \/>\n\t<meta property=\"og:image:width\" content=\"1058\" \/>\n\t<meta property=\"og:image:height\" content=\"1058\" \/>\n\t<meta property=\"og:image:type\" content=\"image\/jpeg\" \/>\n<meta name=\"twitter:card\" content=\"summary_large_image\" \/>\n<meta name=\"twitter:label1\" content=\"Dur\u00e9e de lecture estim\u00e9e\" \/>\n\t<meta name=\"twitter:data1\" content=\"1 minute\" \/>\n<script type=\"application\/ld+json\" class=\"yoast-schema-graph\">{\"@context\":\"https:\\\/\\\/schema.org\",\"@graph\":[{\"@type\":\"WebPage\",\"@id\":\"https:\\\/\\\/bhagwan-incense.com\\\/fr\\\/produit\\\/collection-dencens-de-luxe-oudh-bois-dagar\\\/\",\"url\":\"https:\\\/\\\/bhagwan-incense.com\\\/fr\\\/produit\\\/collection-dencens-de-luxe-oudh-bois-dagar\\\/\",\"name\":\"Collection d\u2019Encens de Luxe Oudh & Bois d'Agar Bhagwan - Coffret 60g\",\"isPartOf\":{\"@id\":\"https:\\\/\\\/bhagwan-incense.com\\\/fr\\\/#website\"},\"primaryImageOfPage\":{\"@id\":\"https:\\\/\\\/bhagwan-incense.com\\\/fr\\\/produit\\\/collection-dencens-de-luxe-oudh-bois-dagar\\\/#primaryimage\"},\"image\":{\"@id\":\"https:\\\/\\\/bhagwan-incense.com\\\/fr\\\/produit\\\/collection-dencens-de-luxe-oudh-bois-dagar\\\/#primaryimage\"},\"thumbnailUrl\":\"https:\\\/\\\/bhagwan-incense.com\\\/wp-content\\\/uploads\\\/2025\\\/12\\\/OUDH-AGARWOOD-COLLECTION_4\u044515.jpg?wsr\",\"datePublished\":\"2025-12-12T20:30:51+00:00\",\"dateModified\":\"2026-03-28T13:29:49+00:00\",\"description\":\"D\u00e9couvrez notre collection d'encens de luxe Oudh et Bois d'Agar. 4 bo\u00eetes d'encens masala naturel roul\u00e9 \u00e0 la main. Id\u00e9al pour la relaxation ou comme cadeau d'exception.\",\"breadcrumb\":{\"@id\":\"https:\\\/\\\/bhagwan-incense.com\\\/fr\\\/produit\\\/collection-dencens-de-luxe-oudh-bois-dagar\\\/#breadcrumb\"},\"inLanguage\":\"fr-FR\",\"potentialAction\":[{\"@type\":\"ReadAction\",\"target\":[\"https:\\\/\\\/bhagwan-incense.com\\\/fr\\\/produit\\\/collection-dencens-de-luxe-oudh-bois-dagar\\\/\"]}]},{\"@type\":\"ImageObject\",\"inLanguage\":\"fr-FR\",\"@id\":\"https:\\\/\\\/bhagwan-incense.com\\\/fr\\\/produit\\\/collection-dencens-de-luxe-oudh-bois-dagar\\\/#primaryimage\",\"url\":\"https:\\\/\\\/bhagwan-incense.com\\\/wp-content\\\/uploads\\\/2025\\\/12\\\/OUDH-AGARWOOD-COLLECTION_4\u044515.jpg?wsr\",\"contentUrl\":\"https:\\\/\\\/bhagwan-incense.com\\\/wp-content\\\/uploads\\\/2025\\\/12\\\/OUDH-AGARWOOD-COLLECTION_4\u044515.jpg?wsr\",\"width\":1058,\"height\":1058},{\"@type\":\"BreadcrumbList\",\"@id\":\"https:\\\/\\\/bhagwan-incense.com\\\/fr\\\/produit\\\/collection-dencens-de-luxe-oudh-bois-dagar\\\/#breadcrumb\",\"itemListElement\":[{\"@type\":\"ListItem\",\"position\":1,\"name\":\"Home\",\"item\":\"https:\\\/\\\/bhagwan-incense.com\\\/fr\\\/\"},{\"@type\":\"ListItem\",\"position\":2,\"name\":\"Boutique\",\"item\":\"https:\\\/\\\/bhagwan-incense.com\\\/fr\\\/boutique\\\/\"},{\"@type\":\"ListItem\",\"position\":3,\"name\":\"Collection de b\u00e2tonnets d&#8217;encens de luxe Oud &#038; Bois d&#8217;Agar \u2014 4 x 15g\"}]},{\"@type\":\"WebSite\",\"@id\":\"https:\\\/\\\/bhagwan-incense.com\\\/fr\\\/#website\",\"url\":\"https:\\\/\\\/bhagwan-incense.com\\\/fr\\\/\",\"name\":\"Bhagwan Incense | EU and Worldwide Incense Shop\",\"description\":\"Pure and Natural Incense from India\",\"publisher\":{\"@id\":\"https:\\\/\\\/bhagwan-incense.com\\\/fr\\\/#organization\"},\"potentialAction\":[{\"@type\":\"SearchAction\",\"target\":{\"@type\":\"EntryPoint\",\"urlTemplate\":\"https:\\\/\\\/bhagwan-incense.com\\\/fr\\\/?s={search_term_string}\"},\"query-input\":{\"@type\":\"PropertyValueSpecification\",\"valueRequired\":true,\"valueName\":\"search_term_string\"}}],\"inLanguage\":\"fr-FR\"},{\"@type\":\"Organization\",\"@id\":\"https:\\\/\\\/bhagwan-incense.com\\\/fr\\\/#organization\",\"name\":\"Bhagwan incense\",\"url\":\"https:\\\/\\\/bhagwan-incense.com\\\/fr\\\/\",\"logo\":{\"@type\":\"ImageObject\",\"inLanguage\":\"fr-FR\",\"@id\":\"https:\\\/\\\/bhagwan-incense.com\\\/fr\\\/#\\\/schema\\\/logo\\\/image\\\/\",\"url\":\"https:\\\/\\\/bhagwan-incense.com\\\/wp-content\\\/uploads\\\/2023\\\/06\\\/Logo-black.png\",\"contentUrl\":\"https:\\\/\\\/bhagwan-incense.com\\\/wp-content\\\/uploads\\\/2023\\\/06\\\/Logo-black.png\",\"width\":150,\"height\":150,\"caption\":\"Bhagwan incense\"},\"image\":{\"@id\":\"https:\\\/\\\/bhagwan-incense.com\\\/fr\\\/#\\\/schema\\\/logo\\\/image\\\/\"},\"sameAs\":[\"https:\\\/\\\/www.facebook.com\\\/profile.php?id=100093081477613&mibextid=ZbWKwLp\",\"https:\\\/\\\/www.instagram.com\\\/bhagwan_incense\\\/\"]}]}<\/script>\n<!-- \/ Yoast SEO plugin. -->","yoast_head_json":{"title":"Collection d\u2019Encens de Luxe Oudh & Bois d'Agar Bhagwan - Coffret 60g","description":"D\u00e9couvrez notre collection d'encens de luxe Oudh et Bois d'Agar. 4 bo\u00eetes d'encens masala naturel roul\u00e9 \u00e0 la main. Id\u00e9al pour la relaxation ou comme cadeau d'exception.","robots":{"index":"index","follow":"follow","max-snippet":"max-snippet:-1","max-image-preview":"max-image-preview:large","max-video-preview":"max-video-preview:-1"},"canonical":"https:\/\/bhagwan-incense.com\/fr\/produit\/collection-dencens-de-luxe-oudh-bois-dagar\/","og_locale":"fr_FR","og_type":"article","og_title":"Collection d\u2019Encens de Luxe Oudh & Bois d'Agar Bhagwan - Coffret 60g","og_description":"D\u00e9couvrez notre collection d'encens de luxe Oudh et Bois d'Agar. 4 bo\u00eetes d'encens masala naturel roul\u00e9 \u00e0 la main. Id\u00e9al pour la relaxation ou comme cadeau d'exception.","og_url":"https:\/\/bhagwan-incense.com\/fr\/produit\/collection-dencens-de-luxe-oudh-bois-dagar\/","og_site_name":"Bhagwan Incense | EU and Worldwide Shop","article_publisher":"https:\/\/www.facebook.com\/profile.php?id=100093081477613&mibextid=ZbWKwLp","article_modified_time":"2026-03-28T13:29:49+00:00","og_image":[{"width":1058,"height":1058,"url":"https:\/\/bhagwan-incense.com\/wp-content\/uploads\/2025\/12\/OUDH-AGARWOOD-COLLECTION_4\u044515.jpg?wsr","type":"image\/jpeg"}],"twitter_card":"summary_large_image","twitter_misc":{"Dur\u00e9e de lecture estim\u00e9e":"1 minute"},"schema":{"@context":"https:\/\/schema.org","@graph":[{"@type":"WebPage","@id":"https:\/\/bhagwan-incense.com\/fr\/produit\/collection-dencens-de-luxe-oudh-bois-dagar\/","url":"https:\/\/bhagwan-incense.com\/fr\/produit\/collection-dencens-de-luxe-oudh-bois-dagar\/","name":"Collection d\u2019Encens de Luxe Oudh & Bois d'Agar Bhagwan - Coffret 60g","isPartOf":{"@id":"https:\/\/bhagwan-incense.com\/fr\/#website"},"primaryImageOfPage":{"@id":"https:\/\/bhagwan-incense.com\/fr\/produit\/collection-dencens-de-luxe-oudh-bois-dagar\/#primaryimage"},"image":{"@id":"https:\/\/bhagwan-incense.com\/fr\/produit\/collection-dencens-de-luxe-oudh-bois-dagar\/#primaryimage"},"thumbnailUrl":"https:\/\/bhagwan-incense.com\/wp-content\/uploads\/2025\/12\/OUDH-AGARWOOD-COLLECTION_4\u044515.jpg?wsr","datePublished":"2025-12-12T20:30:51+00:00","dateModified":"2026-03-28T13:29:49+00:00","description":"D\u00e9couvrez notre collection d'encens de luxe Oudh et Bois d'Agar. 4 bo\u00eetes d'encens masala naturel roul\u00e9 \u00e0 la main. Id\u00e9al pour la relaxation ou comme cadeau d'exception.","breadcrumb":{"@id":"https:\/\/bhagwan-incense.com\/fr\/produit\/collection-dencens-de-luxe-oudh-bois-dagar\/#breadcrumb"},"inLanguage":"fr-FR","potentialAction":[{"@type":"ReadAction","target":["https:\/\/bhagwan-incense.com\/fr\/produit\/collection-dencens-de-luxe-oudh-bois-dagar\/"]}]},{"@type":"ImageObject","inLanguage":"fr-FR","@id":"https:\/\/bhagwan-incense.com\/fr\/produit\/collection-dencens-de-luxe-oudh-bois-dagar\/#primaryimage","url":"https:\/\/bhagwan-incense.com\/wp-content\/uploads\/2025\/12\/OUDH-AGARWOOD-COLLECTION_4\u044515.jpg?wsr","contentUrl":"https:\/\/bhagwan-incense.com\/wp-content\/uploads\/2025\/12\/OUDH-AGARWOOD-COLLECTION_4\u044515.jpg?wsr","width":1058,"height":1058},{"@type":"BreadcrumbList","@id":"https:\/\/bhagwan-incense.com\/fr\/produit\/collection-dencens-de-luxe-oudh-bois-dagar\/#breadcrumb","itemListElement":[{"@type":"ListItem","position":1,"name":"Home","item":"https:\/\/bhagwan-incense.com\/fr\/"},{"@type":"ListItem","position":2,"name":"Boutique","item":"https:\/\/bhagwan-incense.com\/fr\/boutique\/"},{"@type":"ListItem","position":3,"name":"Collection de b\u00e2tonnets d&#8217;encens de luxe Oud &#038; Bois d&#8217;Agar \u2014 4 x 15g"}]},{"@type":"WebSite","@id":"https:\/\/bhagwan-incense.com\/fr\/#website","url":"https:\/\/bhagwan-incense.com\/fr\/","name":"Bhagwan Incense | EU and Worldwide Incense Shop","description":"Pure and Natural Incense from India","publisher":{"@id":"https:\/\/bhagwan-incense.com\/fr\/#organization"},"potentialAction":[{"@type":"SearchAction","target":{"@type":"EntryPoint","urlTemplate":"https:\/\/bhagwan-incense.com\/fr\/?s={search_term_string}"},"query-input":{"@type":"PropertyValueSpecification","valueRequired":true,"valueName":"search_term_string"}}],"inLanguage":"fr-FR"},{"@type":"Organization","@id":"https:\/\/bhagwan-incense.com\/fr\/#organization","name":"Bhagwan incense","url":"https:\/\/bhagwan-incense.com\/fr\/","logo":{"@type":"ImageObject","inLanguage":"fr-FR","@id":"https:\/\/bhagwan-incense.com\/fr\/#\/schema\/logo\/image\/","url":"https:\/\/bhagwan-incense.com\/wp-content\/uploads\/2023\/06\/Logo-black.png","contentUrl":"https:\/\/bhagwan-incense.com\/wp-content\/uploads\/2023\/06\/Logo-black.png","width":150,"height":150,"caption":"Bhagwan incense"},"image":{"@id":"https:\/\/bhagwan-incense.com\/fr\/#\/schema\/logo\/image\/"},"sameAs":["https:\/\/www.facebook.com\/profile.php?id=100093081477613&mibextid=ZbWKwLp","https:\/\/www.instagram.com\/bhagwan_incense\/"]}]}},"_links":{"self":[{"href":"https:\/\/bhagwan-incense.com\/fr\/wp-json\/wp\/v2\/product\/17042","targetHints":{"allow":["GET"]}}],"collection":[{"href":"https:\/\/bhagwan-incense.com\/fr\/wp-json\/wp\/v2\/product"}],"about":[{"href":"https:\/\/bhagwan-incense.com\/fr\/wp-json\/wp\/v2\/types\/product"}],"replies":[{"embeddable":true,"href":"https:\/\/bhagwan-incense.com\/fr\/wp-json\/wp\/v2\/comments?post=17042"}],"wp:featuredmedia":[{"embeddable":true,"href":"https:\/\/bhagwan-incense.com\/fr\/wp-json\/wp\/v2\/media\/17044"}],"wp:attachment":[{"href":"https:\/\/bhagwan-incense.com\/fr\/wp-json\/wp\/v2\/media?parent=17042"}],"wp:term":[{"taxonomy":"product_brand","embeddable":true,"href":"https:\/\/bhagwan-incense.com\/fr\/wp-json\/wp\/v2\/product_brand?post=17042"},{"taxonomy":"product_cat","embeddable":true,"href":"https:\/\/bhagwan-incense.com\/fr\/wp-json\/wp\/v2\/product_cat?post=17042"},{"taxonomy":"product_tag","embeddable":true,"href":"https:\/\/bhagwan-incense.com\/fr\/wp-json\/wp\/v2\/product_tag?post=17042"}],"curies":[{"name":"wp","href":"https:\/\/api.w.org\/{rel}","templated":true}]}}