{"id":17052,"date":"2025-12-12T23:12:12","date_gmt":"2025-12-12T22:12:12","guid":{"rendered":"https:\/\/bhagwan-incense.com\/?post_type=product&#038;p=17052"},"modified":"2025-12-19T21:14:38","modified_gmt":"2025-12-19T20:14:38","slug":"collection-de-luxe-batonnets-encens-santal","status":"publish","type":"product","link":"https:\/\/bhagwan-incense.com\/fr\/produit\/collection-de-luxe-batonnets-encens-santal\/","title":{"rendered":"Collection de Luxe B\u00e2tonnets Encens Santal &#8211; 4 x15g"},"content":{"rendered":"<div>Collection de B\u00e2tonnets d&#8217;Encens de Luxe Santal \u2014 4 bo\u00eetes de 15 g chacune (poids net total 60 g) : b\u00e2tonnets d&#8217;encens Royal Sandalwood, Red Sandalwood, Sandalwood Origins et Saffron Sandalwood. Un encens masala naturel \u00e9labor\u00e9 avec les huiles essentielles et les poudres de bois les plus fines. Id\u00e9al \u00e0 offrir en cadeau ou pour se faire plaisir en profitant d&#8217;une s\u00e9lection d&#8217;encens de luxe.<\/div>\n<div><\/div>\n<div>Excellente id\u00e9e cadeau \u2013 Un magnifique assortiment parfait pour les anniversaires, les f\u00eates, les pendaisons de cr\u00e9maill\u00e8re, ou simplement pour s&#8217;offrir un encens haut de gamme !<\/div>\n","protected":false},"excerpt":{"rendered":"<p>Une collection masala de luxe (60 g) proposant quatre senteurs de Santal exquises pour la d\u00e9tente et la m\u00e9ditation.<\/p>\n","protected":false},"featured_media":17054,"comment_status":"open","ping_status":"closed","template":"","meta":[],"product_brand":[],"product_cat":[60,105,85,59],"product_tag":[75,72],"class_list":{"0":"post-17052","1":"product","2":"type-product","3":"status-publish","4":"has-post-thumbnail","6":"product_cat-boise","7":"product_cat-collections-dencens-de-luxe","8":"product_cat-yoga-fr","9":"product_cat-santal","10":"product_tag-boise","11":"product_tag-oriental-fr","13":"first","14":"instock","15":"shipping-taxable","16":"purchasable","17":"product-type-simple"},"yoast_head":"<!-- This site is optimized with the Yoast SEO plugin v27.5 - https:\/\/yoast.com\/product\/yoast-seo-wordpress\/ -->\n<title>Collection de Luxe B\u00e2tonnets Encens Santal - Coffret 60g<\/title>\n<meta name=\"description\" content=\"D\u00e9couvrez notre Collection d&#039;Encens Santal de Luxe. 4 bo\u00eetes d&#039;encens masala naturel roul\u00e9 \u00e0 la main. Parfait pour la m\u00e9ditation, la d\u00e9tente ou comme cadeau raffin\u00e9.\" \/>\n<meta name=\"robots\" content=\"index, follow, max-snippet:-1, max-image-preview:large, max-video-preview:-1\" \/>\n<link rel=\"canonical\" href=\"https:\/\/bhagwan-incense.com\/fr\/produit\/collection-de-luxe-batonnets-encens-santal\/\" \/>\n<meta property=\"og:locale\" content=\"fr_FR\" \/>\n<meta property=\"og:type\" content=\"article\" \/>\n<meta property=\"og:title\" content=\"Collection de Luxe B\u00e2tonnets Encens Santal - Coffret 60g\" \/>\n<meta property=\"og:description\" content=\"D\u00e9couvrez notre Collection d&#039;Encens Santal de Luxe. 4 bo\u00eetes d&#039;encens masala naturel roul\u00e9 \u00e0 la main. Parfait pour la m\u00e9ditation, la d\u00e9tente ou comme cadeau raffin\u00e9.\" \/>\n<meta property=\"og:url\" content=\"https:\/\/bhagwan-incense.com\/fr\/produit\/collection-de-luxe-batonnets-encens-santal\/\" \/>\n<meta property=\"og:site_name\" content=\"Bhagwan Incense | EU and Worldwide Shop\" \/>\n<meta property=\"article:publisher\" content=\"https:\/\/www.facebook.com\/profile.php?id=100093081477613&amp;mibextid=ZbWKwLp\" \/>\n<meta property=\"article:modified_time\" content=\"2025-12-19T20:14:38+00:00\" \/>\n<meta property=\"og:image\" content=\"https:\/\/bhagwan-incense.com\/wp-content\/uploads\/2025\/12\/SANDALWOOD-COLLECTION_4\u044515.jpg\" \/>\n\t<meta property=\"og:image:width\" content=\"1066\" \/>\n\t<meta property=\"og:image:height\" content=\"1066\" \/>\n\t<meta property=\"og:image:type\" content=\"image\/jpeg\" \/>\n<meta name=\"twitter:card\" content=\"summary_large_image\" \/>\n<meta name=\"twitter:label1\" content=\"Dur\u00e9e de lecture estim\u00e9e\" \/>\n\t<meta name=\"twitter:data1\" content=\"1 minute\" \/>\n<script type=\"application\/ld+json\" class=\"yoast-schema-graph\">{\"@context\":\"https:\\\/\\\/schema.org\",\"@graph\":[{\"@type\":\"WebPage\",\"@id\":\"https:\\\/\\\/bhagwan-incense.com\\\/fr\\\/produit\\\/collection-de-luxe-batonnets-encens-santal\\\/\",\"url\":\"https:\\\/\\\/bhagwan-incense.com\\\/fr\\\/produit\\\/collection-de-luxe-batonnets-encens-santal\\\/\",\"name\":\"Collection de Luxe B\u00e2tonnets Encens Santal - Coffret 60g\",\"isPartOf\":{\"@id\":\"https:\\\/\\\/bhagwan-incense.com\\\/fr\\\/#website\"},\"primaryImageOfPage\":{\"@id\":\"https:\\\/\\\/bhagwan-incense.com\\\/fr\\\/produit\\\/collection-de-luxe-batonnets-encens-santal\\\/#primaryimage\"},\"image\":{\"@id\":\"https:\\\/\\\/bhagwan-incense.com\\\/fr\\\/produit\\\/collection-de-luxe-batonnets-encens-santal\\\/#primaryimage\"},\"thumbnailUrl\":\"https:\\\/\\\/bhagwan-incense.com\\\/wp-content\\\/uploads\\\/2025\\\/12\\\/SANDALWOOD-COLLECTION_4\u044515.jpg?wsr\",\"datePublished\":\"2025-12-12T22:12:12+00:00\",\"dateModified\":\"2025-12-19T20:14:38+00:00\",\"description\":\"D\u00e9couvrez notre Collection d'Encens Santal de Luxe. 4 bo\u00eetes d'encens masala naturel roul\u00e9 \u00e0 la main. Parfait pour la m\u00e9ditation, la d\u00e9tente ou comme cadeau raffin\u00e9.\",\"breadcrumb\":{\"@id\":\"https:\\\/\\\/bhagwan-incense.com\\\/fr\\\/produit\\\/collection-de-luxe-batonnets-encens-santal\\\/#breadcrumb\"},\"inLanguage\":\"fr-FR\",\"potentialAction\":[{\"@type\":\"ReadAction\",\"target\":[\"https:\\\/\\\/bhagwan-incense.com\\\/fr\\\/produit\\\/collection-de-luxe-batonnets-encens-santal\\\/\"]}]},{\"@type\":\"ImageObject\",\"inLanguage\":\"fr-FR\",\"@id\":\"https:\\\/\\\/bhagwan-incense.com\\\/fr\\\/produit\\\/collection-de-luxe-batonnets-encens-santal\\\/#primaryimage\",\"url\":\"https:\\\/\\\/bhagwan-incense.com\\\/wp-content\\\/uploads\\\/2025\\\/12\\\/SANDALWOOD-COLLECTION_4\u044515.jpg?wsr\",\"contentUrl\":\"https:\\\/\\\/bhagwan-incense.com\\\/wp-content\\\/uploads\\\/2025\\\/12\\\/SANDALWOOD-COLLECTION_4\u044515.jpg?wsr\",\"width\":1066,\"height\":1066},{\"@type\":\"BreadcrumbList\",\"@id\":\"https:\\\/\\\/bhagwan-incense.com\\\/fr\\\/produit\\\/collection-de-luxe-batonnets-encens-santal\\\/#breadcrumb\",\"itemListElement\":[{\"@type\":\"ListItem\",\"position\":1,\"name\":\"Home\",\"item\":\"https:\\\/\\\/bhagwan-incense.com\\\/fr\\\/\"},{\"@type\":\"ListItem\",\"position\":2,\"name\":\"Boutique\",\"item\":\"https:\\\/\\\/bhagwan-incense.com\\\/fr\\\/boutique\\\/\"},{\"@type\":\"ListItem\",\"position\":3,\"name\":\"Collection de Luxe B\u00e2tonnets Encens Santal &#8211; 4 x15g\"}]},{\"@type\":\"WebSite\",\"@id\":\"https:\\\/\\\/bhagwan-incense.com\\\/fr\\\/#website\",\"url\":\"https:\\\/\\\/bhagwan-incense.com\\\/fr\\\/\",\"name\":\"Bhagwan Incense | EU and Worldwide Incense Shop\",\"description\":\"Pure and Natural Incense from India\",\"publisher\":{\"@id\":\"https:\\\/\\\/bhagwan-incense.com\\\/fr\\\/#organization\"},\"potentialAction\":[{\"@type\":\"SearchAction\",\"target\":{\"@type\":\"EntryPoint\",\"urlTemplate\":\"https:\\\/\\\/bhagwan-incense.com\\\/fr\\\/?s={search_term_string}\"},\"query-input\":{\"@type\":\"PropertyValueSpecification\",\"valueRequired\":true,\"valueName\":\"search_term_string\"}}],\"inLanguage\":\"fr-FR\"},{\"@type\":\"Organization\",\"@id\":\"https:\\\/\\\/bhagwan-incense.com\\\/fr\\\/#organization\",\"name\":\"Bhagwan incense\",\"url\":\"https:\\\/\\\/bhagwan-incense.com\\\/fr\\\/\",\"logo\":{\"@type\":\"ImageObject\",\"inLanguage\":\"fr-FR\",\"@id\":\"https:\\\/\\\/bhagwan-incense.com\\\/fr\\\/#\\\/schema\\\/logo\\\/image\\\/\",\"url\":\"https:\\\/\\\/bhagwan-incense.com\\\/wp-content\\\/uploads\\\/2023\\\/06\\\/Logo-black.png\",\"contentUrl\":\"https:\\\/\\\/bhagwan-incense.com\\\/wp-content\\\/uploads\\\/2023\\\/06\\\/Logo-black.png\",\"width\":150,\"height\":150,\"caption\":\"Bhagwan incense\"},\"image\":{\"@id\":\"https:\\\/\\\/bhagwan-incense.com\\\/fr\\\/#\\\/schema\\\/logo\\\/image\\\/\"},\"sameAs\":[\"https:\\\/\\\/www.facebook.com\\\/profile.php?id=100093081477613&mibextid=ZbWKwLp\",\"https:\\\/\\\/www.instagram.com\\\/bhagwan_incense\\\/\"]}]}<\/script>\n<!-- \/ Yoast SEO plugin. -->","yoast_head_json":{"title":"Collection de Luxe B\u00e2tonnets Encens Santal - Coffret 60g","description":"D\u00e9couvrez notre Collection d'Encens Santal de Luxe. 4 bo\u00eetes d'encens masala naturel roul\u00e9 \u00e0 la main. Parfait pour la m\u00e9ditation, la d\u00e9tente ou comme cadeau raffin\u00e9.","robots":{"index":"index","follow":"follow","max-snippet":"max-snippet:-1","max-image-preview":"max-image-preview:large","max-video-preview":"max-video-preview:-1"},"canonical":"https:\/\/bhagwan-incense.com\/fr\/produit\/collection-de-luxe-batonnets-encens-santal\/","og_locale":"fr_FR","og_type":"article","og_title":"Collection de Luxe B\u00e2tonnets Encens Santal - Coffret 60g","og_description":"D\u00e9couvrez notre Collection d'Encens Santal de Luxe. 4 bo\u00eetes d'encens masala naturel roul\u00e9 \u00e0 la main. Parfait pour la m\u00e9ditation, la d\u00e9tente ou comme cadeau raffin\u00e9.","og_url":"https:\/\/bhagwan-incense.com\/fr\/produit\/collection-de-luxe-batonnets-encens-santal\/","og_site_name":"Bhagwan Incense | EU and Worldwide Shop","article_publisher":"https:\/\/www.facebook.com\/profile.php?id=100093081477613&mibextid=ZbWKwLp","article_modified_time":"2025-12-19T20:14:38+00:00","og_image":[{"width":1066,"height":1066,"url":"https:\/\/bhagwan-incense.com\/wp-content\/uploads\/2025\/12\/SANDALWOOD-COLLECTION_4\u044515.jpg","type":"image\/jpeg"}],"twitter_card":"summary_large_image","twitter_misc":{"Dur\u00e9e de lecture estim\u00e9e":"1 minute"},"schema":{"@context":"https:\/\/schema.org","@graph":[{"@type":"WebPage","@id":"https:\/\/bhagwan-incense.com\/fr\/produit\/collection-de-luxe-batonnets-encens-santal\/","url":"https:\/\/bhagwan-incense.com\/fr\/produit\/collection-de-luxe-batonnets-encens-santal\/","name":"Collection de Luxe B\u00e2tonnets Encens Santal - Coffret 60g","isPartOf":{"@id":"https:\/\/bhagwan-incense.com\/fr\/#website"},"primaryImageOfPage":{"@id":"https:\/\/bhagwan-incense.com\/fr\/produit\/collection-de-luxe-batonnets-encens-santal\/#primaryimage"},"image":{"@id":"https:\/\/bhagwan-incense.com\/fr\/produit\/collection-de-luxe-batonnets-encens-santal\/#primaryimage"},"thumbnailUrl":"https:\/\/bhagwan-incense.com\/wp-content\/uploads\/2025\/12\/SANDALWOOD-COLLECTION_4\u044515.jpg?wsr","datePublished":"2025-12-12T22:12:12+00:00","dateModified":"2025-12-19T20:14:38+00:00","description":"D\u00e9couvrez notre Collection d'Encens Santal de Luxe. 4 bo\u00eetes d'encens masala naturel roul\u00e9 \u00e0 la main. Parfait pour la m\u00e9ditation, la d\u00e9tente ou comme cadeau raffin\u00e9.","breadcrumb":{"@id":"https:\/\/bhagwan-incense.com\/fr\/produit\/collection-de-luxe-batonnets-encens-santal\/#breadcrumb"},"inLanguage":"fr-FR","potentialAction":[{"@type":"ReadAction","target":["https:\/\/bhagwan-incense.com\/fr\/produit\/collection-de-luxe-batonnets-encens-santal\/"]}]},{"@type":"ImageObject","inLanguage":"fr-FR","@id":"https:\/\/bhagwan-incense.com\/fr\/produit\/collection-de-luxe-batonnets-encens-santal\/#primaryimage","url":"https:\/\/bhagwan-incense.com\/wp-content\/uploads\/2025\/12\/SANDALWOOD-COLLECTION_4\u044515.jpg?wsr","contentUrl":"https:\/\/bhagwan-incense.com\/wp-content\/uploads\/2025\/12\/SANDALWOOD-COLLECTION_4\u044515.jpg?wsr","width":1066,"height":1066},{"@type":"BreadcrumbList","@id":"https:\/\/bhagwan-incense.com\/fr\/produit\/collection-de-luxe-batonnets-encens-santal\/#breadcrumb","itemListElement":[{"@type":"ListItem","position":1,"name":"Home","item":"https:\/\/bhagwan-incense.com\/fr\/"},{"@type":"ListItem","position":2,"name":"Boutique","item":"https:\/\/bhagwan-incense.com\/fr\/boutique\/"},{"@type":"ListItem","position":3,"name":"Collection de Luxe B\u00e2tonnets Encens Santal &#8211; 4 x15g"}]},{"@type":"WebSite","@id":"https:\/\/bhagwan-incense.com\/fr\/#website","url":"https:\/\/bhagwan-incense.com\/fr\/","name":"Bhagwan Incense | EU and Worldwide Incense Shop","description":"Pure and Natural Incense from India","publisher":{"@id":"https:\/\/bhagwan-incense.com\/fr\/#organization"},"potentialAction":[{"@type":"SearchAction","target":{"@type":"EntryPoint","urlTemplate":"https:\/\/bhagwan-incense.com\/fr\/?s={search_term_string}"},"query-input":{"@type":"PropertyValueSpecification","valueRequired":true,"valueName":"search_term_string"}}],"inLanguage":"fr-FR"},{"@type":"Organization","@id":"https:\/\/bhagwan-incense.com\/fr\/#organization","name":"Bhagwan incense","url":"https:\/\/bhagwan-incense.com\/fr\/","logo":{"@type":"ImageObject","inLanguage":"fr-FR","@id":"https:\/\/bhagwan-incense.com\/fr\/#\/schema\/logo\/image\/","url":"https:\/\/bhagwan-incense.com\/wp-content\/uploads\/2023\/06\/Logo-black.png","contentUrl":"https:\/\/bhagwan-incense.com\/wp-content\/uploads\/2023\/06\/Logo-black.png","width":150,"height":150,"caption":"Bhagwan incense"},"image":{"@id":"https:\/\/bhagwan-incense.com\/fr\/#\/schema\/logo\/image\/"},"sameAs":["https:\/\/www.facebook.com\/profile.php?id=100093081477613&mibextid=ZbWKwLp","https:\/\/www.instagram.com\/bhagwan_incense\/"]}]}},"_links":{"self":[{"href":"https:\/\/bhagwan-incense.com\/fr\/wp-json\/wp\/v2\/product\/17052","targetHints":{"allow":["GET"]}}],"collection":[{"href":"https:\/\/bhagwan-incense.com\/fr\/wp-json\/wp\/v2\/product"}],"about":[{"href":"https:\/\/bhagwan-incense.com\/fr\/wp-json\/wp\/v2\/types\/product"}],"replies":[{"embeddable":true,"href":"https:\/\/bhagwan-incense.com\/fr\/wp-json\/wp\/v2\/comments?post=17052"}],"wp:featuredmedia":[{"embeddable":true,"href":"https:\/\/bhagwan-incense.com\/fr\/wp-json\/wp\/v2\/media\/17054"}],"wp:attachment":[{"href":"https:\/\/bhagwan-incense.com\/fr\/wp-json\/wp\/v2\/media?parent=17052"}],"wp:term":[{"taxonomy":"product_brand","embeddable":true,"href":"https:\/\/bhagwan-incense.com\/fr\/wp-json\/wp\/v2\/product_brand?post=17052"},{"taxonomy":"product_cat","embeddable":true,"href":"https:\/\/bhagwan-incense.com\/fr\/wp-json\/wp\/v2\/product_cat?post=17052"},{"taxonomy":"product_tag","embeddable":true,"href":"https:\/\/bhagwan-incense.com\/fr\/wp-json\/wp\/v2\/product_tag?post=17052"}],"curies":[{"name":"wp","href":"https:\/\/api.w.org\/{rel}","templated":true}]}}