{"id":17062,"date":"2025-12-12T23:39:18","date_gmt":"2025-12-12T22:39:18","guid":{"rendered":"https:\/\/bhagwan-incense.com\/?post_type=product&#038;p=17062"},"modified":"2025-12-19T21:06:06","modified_gmt":"2025-12-19T20:06:06","slug":"collection-encens-de-luxe-nag-champa","status":"publish","type":"product","link":"https:\/\/bhagwan-incense.com\/fr\/produit\/collection-encens-de-luxe-nag-champa\/","title":{"rendered":"Collection Encens de Luxe Nag Champa Bhagwan &#8211; 4 x 15g"},"content":{"rendered":"<div>Collection d&#8217;Encens de Luxe Nag Champa Bhagwan \u2014 4 bo\u00eetes de 15 g chacune : b\u00e2tonnets d&#8217;encens Nag Champa Supreme, Nag Champa Red, Woody Champa et Nag Champa Bliss. Un encens masala naturel \u00e9labor\u00e9 avec les huiles essentielles et les poudres de bois les plus fines. Id\u00e9al \u00e0 offrir en cadeau ou pour se faire plaisir en profitant d&#8217;une s\u00e9lection d&#8217;encens de luxe.<\/div>\n<div><\/div>\n<div>Collection Nag Champa Premium \u2013 Un assortiment s\u00e9lectionn\u00e9 de 4 bo\u00eetes d&#8217;encens masala de luxe : Nag Champa Supreme, Nag Champa Red, Woody Champa, et Nag Champa Bliss.<\/div>\n<div><\/div>\n<div>Excellente id\u00e9e cadeau \u2013 Un magnifique assortiment parfait pour les anniversaires, les f\u00eates, les pendaisons de cr\u00e9maill\u00e8re, ou simplement pour s&#8217;offrir un encens haut de gamme !<\/div>\n","protected":false},"excerpt":{"rendered":"<p>Coffret cadeau Nag Champa roul\u00e9 \u00e0 la main : naturel, de luxe, et id\u00e9al pour la d\u00e9tente et l&#8217;offrande.<\/p>\n","protected":false},"featured_media":17064,"comment_status":"open","ping_status":"closed","template":"","meta":[],"product_brand":[],"product_cat":[105,84,61,65,85],"product_tag":[75,74,67,70,72,73],"class_list":{"0":"post-17062","1":"product","2":"type-product","3":"status-publish","4":"has-post-thumbnail","6":"product_cat-collections-dencens-de-luxe","7":"product_cat-exotique-unique","8":"product_cat-floral","9":"product_cat-nag-champa","10":"product_cat-yoga-fr","11":"product_tag-boise","12":"product_tag-epice","13":"product_tag-floral-fr-2","14":"product_tag-nag-champa-fr","15":"product_tag-oriental-fr","16":"product_tag-resineux","18":"first","19":"instock","20":"shipping-taxable","21":"purchasable","22":"product-type-simple"},"yoast_head":"<!-- This site is optimized with the Yoast SEO plugin v27.4 - https:\/\/yoast.com\/product\/yoast-seo-wordpress\/ -->\n<title>Ambiance Zen: Collection Nag Champa Premium (Masala)<\/title>\n<meta name=\"description\" content=\"D\u00e9couvrez notre collection de luxe Nag Champa (Supreme, Red, Bliss). 4 bo\u00eetes d&#039;encens masala naturel roul\u00e9 \u00e0 la main. Id\u00e9al pour la d\u00e9tente, la m\u00e9ditation ou comme cadeau.\" \/>\n<meta name=\"robots\" content=\"index, follow, max-snippet:-1, max-image-preview:large, max-video-preview:-1\" \/>\n<link rel=\"canonical\" href=\"https:\/\/bhagwan-incense.com\/fr\/produit\/collection-encens-de-luxe-nag-champa\/\" \/>\n<meta property=\"og:locale\" content=\"fr_FR\" \/>\n<meta property=\"og:type\" content=\"article\" \/>\n<meta property=\"og:title\" content=\"Ambiance Zen: Collection Nag Champa Premium (Masala)\" \/>\n<meta property=\"og:description\" content=\"D\u00e9couvrez notre collection de luxe Nag Champa (Supreme, Red, Bliss). 4 bo\u00eetes d&#039;encens masala naturel roul\u00e9 \u00e0 la main. Id\u00e9al pour la d\u00e9tente, la m\u00e9ditation ou comme cadeau.\" \/>\n<meta property=\"og:url\" content=\"https:\/\/bhagwan-incense.com\/fr\/produit\/collection-encens-de-luxe-nag-champa\/\" \/>\n<meta property=\"og:site_name\" content=\"Bhagwan Incense | EU and Worldwide Shop\" \/>\n<meta property=\"article:publisher\" content=\"https:\/\/www.facebook.com\/profile.php?id=100093081477613&amp;mibextid=ZbWKwLp\" \/>\n<meta property=\"article:modified_time\" content=\"2025-12-19T20:06:06+00:00\" \/>\n<meta property=\"og:image\" content=\"https:\/\/bhagwan-incense.com\/wp-content\/uploads\/2025\/12\/Nag-Champa_4\u044515.jpg\" \/>\n\t<meta property=\"og:image:width\" content=\"1067\" \/>\n\t<meta property=\"og:image:height\" content=\"1067\" \/>\n\t<meta property=\"og:image:type\" content=\"image\/jpeg\" \/>\n<meta name=\"twitter:card\" content=\"summary_large_image\" \/>\n<meta name=\"twitter:label1\" content=\"Dur\u00e9e de lecture estim\u00e9e\" \/>\n\t<meta name=\"twitter:data1\" content=\"1 minute\" \/>\n<script type=\"application\/ld+json\" class=\"yoast-schema-graph\">{\"@context\":\"https:\\\/\\\/schema.org\",\"@graph\":[{\"@type\":\"WebPage\",\"@id\":\"https:\\\/\\\/bhagwan-incense.com\\\/fr\\\/produit\\\/collection-encens-de-luxe-nag-champa\\\/\",\"url\":\"https:\\\/\\\/bhagwan-incense.com\\\/fr\\\/produit\\\/collection-encens-de-luxe-nag-champa\\\/\",\"name\":\"Ambiance Zen: Collection Nag Champa Premium (Masala)\",\"isPartOf\":{\"@id\":\"https:\\\/\\\/bhagwan-incense.com\\\/fr\\\/#website\"},\"primaryImageOfPage\":{\"@id\":\"https:\\\/\\\/bhagwan-incense.com\\\/fr\\\/produit\\\/collection-encens-de-luxe-nag-champa\\\/#primaryimage\"},\"image\":{\"@id\":\"https:\\\/\\\/bhagwan-incense.com\\\/fr\\\/produit\\\/collection-encens-de-luxe-nag-champa\\\/#primaryimage\"},\"thumbnailUrl\":\"https:\\\/\\\/bhagwan-incense.com\\\/wp-content\\\/uploads\\\/2025\\\/12\\\/Nag-Champa_4\u044515.jpg?wsr\",\"datePublished\":\"2025-12-12T22:39:18+00:00\",\"dateModified\":\"2025-12-19T20:06:06+00:00\",\"description\":\"D\u00e9couvrez notre collection de luxe Nag Champa (Supreme, Red, Bliss). 4 bo\u00eetes d'encens masala naturel roul\u00e9 \u00e0 la main. Id\u00e9al pour la d\u00e9tente, la m\u00e9ditation ou comme cadeau.\",\"breadcrumb\":{\"@id\":\"https:\\\/\\\/bhagwan-incense.com\\\/fr\\\/produit\\\/collection-encens-de-luxe-nag-champa\\\/#breadcrumb\"},\"inLanguage\":\"fr-FR\",\"potentialAction\":[{\"@type\":\"ReadAction\",\"target\":[\"https:\\\/\\\/bhagwan-incense.com\\\/fr\\\/produit\\\/collection-encens-de-luxe-nag-champa\\\/\"]}]},{\"@type\":\"ImageObject\",\"inLanguage\":\"fr-FR\",\"@id\":\"https:\\\/\\\/bhagwan-incense.com\\\/fr\\\/produit\\\/collection-encens-de-luxe-nag-champa\\\/#primaryimage\",\"url\":\"https:\\\/\\\/bhagwan-incense.com\\\/wp-content\\\/uploads\\\/2025\\\/12\\\/Nag-Champa_4\u044515.jpg?wsr\",\"contentUrl\":\"https:\\\/\\\/bhagwan-incense.com\\\/wp-content\\\/uploads\\\/2025\\\/12\\\/Nag-Champa_4\u044515.jpg?wsr\",\"width\":1067,\"height\":1067},{\"@type\":\"BreadcrumbList\",\"@id\":\"https:\\\/\\\/bhagwan-incense.com\\\/fr\\\/produit\\\/collection-encens-de-luxe-nag-champa\\\/#breadcrumb\",\"itemListElement\":[{\"@type\":\"ListItem\",\"position\":1,\"name\":\"Home\",\"item\":\"https:\\\/\\\/bhagwan-incense.com\\\/fr\\\/\"},{\"@type\":\"ListItem\",\"position\":2,\"name\":\"Boutique\",\"item\":\"https:\\\/\\\/bhagwan-incense.com\\\/fr\\\/boutique\\\/\"},{\"@type\":\"ListItem\",\"position\":3,\"name\":\"Collection Encens de Luxe Nag Champa Bhagwan &#8211; 4 x 15g\"}]},{\"@type\":\"WebSite\",\"@id\":\"https:\\\/\\\/bhagwan-incense.com\\\/fr\\\/#website\",\"url\":\"https:\\\/\\\/bhagwan-incense.com\\\/fr\\\/\",\"name\":\"Bhagwan Incense | EU and Worldwide Incense Shop\",\"description\":\"Pure and Natural Incense from India\",\"publisher\":{\"@id\":\"https:\\\/\\\/bhagwan-incense.com\\\/fr\\\/#organization\"},\"potentialAction\":[{\"@type\":\"SearchAction\",\"target\":{\"@type\":\"EntryPoint\",\"urlTemplate\":\"https:\\\/\\\/bhagwan-incense.com\\\/fr\\\/?s={search_term_string}\"},\"query-input\":{\"@type\":\"PropertyValueSpecification\",\"valueRequired\":true,\"valueName\":\"search_term_string\"}}],\"inLanguage\":\"fr-FR\"},{\"@type\":\"Organization\",\"@id\":\"https:\\\/\\\/bhagwan-incense.com\\\/fr\\\/#organization\",\"name\":\"Bhagwan incense\",\"url\":\"https:\\\/\\\/bhagwan-incense.com\\\/fr\\\/\",\"logo\":{\"@type\":\"ImageObject\",\"inLanguage\":\"fr-FR\",\"@id\":\"https:\\\/\\\/bhagwan-incense.com\\\/fr\\\/#\\\/schema\\\/logo\\\/image\\\/\",\"url\":\"https:\\\/\\\/bhagwan-incense.com\\\/wp-content\\\/uploads\\\/2023\\\/06\\\/Logo-black.png\",\"contentUrl\":\"https:\\\/\\\/bhagwan-incense.com\\\/wp-content\\\/uploads\\\/2023\\\/06\\\/Logo-black.png\",\"width\":150,\"height\":150,\"caption\":\"Bhagwan incense\"},\"image\":{\"@id\":\"https:\\\/\\\/bhagwan-incense.com\\\/fr\\\/#\\\/schema\\\/logo\\\/image\\\/\"},\"sameAs\":[\"https:\\\/\\\/www.facebook.com\\\/profile.php?id=100093081477613&mibextid=ZbWKwLp\",\"https:\\\/\\\/www.instagram.com\\\/bhagwan_incense\\\/\"]}]}<\/script>\n<!-- \/ Yoast SEO plugin. -->","yoast_head_json":{"title":"Ambiance Zen: Collection Nag Champa Premium (Masala)","description":"D\u00e9couvrez notre collection de luxe Nag Champa (Supreme, Red, Bliss). 4 bo\u00eetes d'encens masala naturel roul\u00e9 \u00e0 la main. Id\u00e9al pour la d\u00e9tente, la m\u00e9ditation ou comme cadeau.","robots":{"index":"index","follow":"follow","max-snippet":"max-snippet:-1","max-image-preview":"max-image-preview:large","max-video-preview":"max-video-preview:-1"},"canonical":"https:\/\/bhagwan-incense.com\/fr\/produit\/collection-encens-de-luxe-nag-champa\/","og_locale":"fr_FR","og_type":"article","og_title":"Ambiance Zen: Collection Nag Champa Premium (Masala)","og_description":"D\u00e9couvrez notre collection de luxe Nag Champa (Supreme, Red, Bliss). 4 bo\u00eetes d'encens masala naturel roul\u00e9 \u00e0 la main. Id\u00e9al pour la d\u00e9tente, la m\u00e9ditation ou comme cadeau.","og_url":"https:\/\/bhagwan-incense.com\/fr\/produit\/collection-encens-de-luxe-nag-champa\/","og_site_name":"Bhagwan Incense | EU and Worldwide Shop","article_publisher":"https:\/\/www.facebook.com\/profile.php?id=100093081477613&mibextid=ZbWKwLp","article_modified_time":"2025-12-19T20:06:06+00:00","og_image":[{"width":1067,"height":1067,"url":"https:\/\/bhagwan-incense.com\/wp-content\/uploads\/2025\/12\/Nag-Champa_4\u044515.jpg","type":"image\/jpeg"}],"twitter_card":"summary_large_image","twitter_misc":{"Dur\u00e9e de lecture estim\u00e9e":"1 minute"},"schema":{"@context":"https:\/\/schema.org","@graph":[{"@type":"WebPage","@id":"https:\/\/bhagwan-incense.com\/fr\/produit\/collection-encens-de-luxe-nag-champa\/","url":"https:\/\/bhagwan-incense.com\/fr\/produit\/collection-encens-de-luxe-nag-champa\/","name":"Ambiance Zen: Collection Nag Champa Premium (Masala)","isPartOf":{"@id":"https:\/\/bhagwan-incense.com\/fr\/#website"},"primaryImageOfPage":{"@id":"https:\/\/bhagwan-incense.com\/fr\/produit\/collection-encens-de-luxe-nag-champa\/#primaryimage"},"image":{"@id":"https:\/\/bhagwan-incense.com\/fr\/produit\/collection-encens-de-luxe-nag-champa\/#primaryimage"},"thumbnailUrl":"https:\/\/bhagwan-incense.com\/wp-content\/uploads\/2025\/12\/Nag-Champa_4\u044515.jpg?wsr","datePublished":"2025-12-12T22:39:18+00:00","dateModified":"2025-12-19T20:06:06+00:00","description":"D\u00e9couvrez notre collection de luxe Nag Champa (Supreme, Red, Bliss). 4 bo\u00eetes d'encens masala naturel roul\u00e9 \u00e0 la main. Id\u00e9al pour la d\u00e9tente, la m\u00e9ditation ou comme cadeau.","breadcrumb":{"@id":"https:\/\/bhagwan-incense.com\/fr\/produit\/collection-encens-de-luxe-nag-champa\/#breadcrumb"},"inLanguage":"fr-FR","potentialAction":[{"@type":"ReadAction","target":["https:\/\/bhagwan-incense.com\/fr\/produit\/collection-encens-de-luxe-nag-champa\/"]}]},{"@type":"ImageObject","inLanguage":"fr-FR","@id":"https:\/\/bhagwan-incense.com\/fr\/produit\/collection-encens-de-luxe-nag-champa\/#primaryimage","url":"https:\/\/bhagwan-incense.com\/wp-content\/uploads\/2025\/12\/Nag-Champa_4\u044515.jpg?wsr","contentUrl":"https:\/\/bhagwan-incense.com\/wp-content\/uploads\/2025\/12\/Nag-Champa_4\u044515.jpg?wsr","width":1067,"height":1067},{"@type":"BreadcrumbList","@id":"https:\/\/bhagwan-incense.com\/fr\/produit\/collection-encens-de-luxe-nag-champa\/#breadcrumb","itemListElement":[{"@type":"ListItem","position":1,"name":"Home","item":"https:\/\/bhagwan-incense.com\/fr\/"},{"@type":"ListItem","position":2,"name":"Boutique","item":"https:\/\/bhagwan-incense.com\/fr\/boutique\/"},{"@type":"ListItem","position":3,"name":"Collection Encens de Luxe Nag Champa Bhagwan &#8211; 4 x 15g"}]},{"@type":"WebSite","@id":"https:\/\/bhagwan-incense.com\/fr\/#website","url":"https:\/\/bhagwan-incense.com\/fr\/","name":"Bhagwan Incense | EU and Worldwide Incense Shop","description":"Pure and Natural Incense from India","publisher":{"@id":"https:\/\/bhagwan-incense.com\/fr\/#organization"},"potentialAction":[{"@type":"SearchAction","target":{"@type":"EntryPoint","urlTemplate":"https:\/\/bhagwan-incense.com\/fr\/?s={search_term_string}"},"query-input":{"@type":"PropertyValueSpecification","valueRequired":true,"valueName":"search_term_string"}}],"inLanguage":"fr-FR"},{"@type":"Organization","@id":"https:\/\/bhagwan-incense.com\/fr\/#organization","name":"Bhagwan incense","url":"https:\/\/bhagwan-incense.com\/fr\/","logo":{"@type":"ImageObject","inLanguage":"fr-FR","@id":"https:\/\/bhagwan-incense.com\/fr\/#\/schema\/logo\/image\/","url":"https:\/\/bhagwan-incense.com\/wp-content\/uploads\/2023\/06\/Logo-black.png","contentUrl":"https:\/\/bhagwan-incense.com\/wp-content\/uploads\/2023\/06\/Logo-black.png","width":150,"height":150,"caption":"Bhagwan incense"},"image":{"@id":"https:\/\/bhagwan-incense.com\/fr\/#\/schema\/logo\/image\/"},"sameAs":["https:\/\/www.facebook.com\/profile.php?id=100093081477613&mibextid=ZbWKwLp","https:\/\/www.instagram.com\/bhagwan_incense\/"]}]}},"_links":{"self":[{"href":"https:\/\/bhagwan-incense.com\/fr\/wp-json\/wp\/v2\/product\/17062","targetHints":{"allow":["GET"]}}],"collection":[{"href":"https:\/\/bhagwan-incense.com\/fr\/wp-json\/wp\/v2\/product"}],"about":[{"href":"https:\/\/bhagwan-incense.com\/fr\/wp-json\/wp\/v2\/types\/product"}],"replies":[{"embeddable":true,"href":"https:\/\/bhagwan-incense.com\/fr\/wp-json\/wp\/v2\/comments?post=17062"}],"wp:featuredmedia":[{"embeddable":true,"href":"https:\/\/bhagwan-incense.com\/fr\/wp-json\/wp\/v2\/media\/17064"}],"wp:attachment":[{"href":"https:\/\/bhagwan-incense.com\/fr\/wp-json\/wp\/v2\/media?parent=17062"}],"wp:term":[{"taxonomy":"product_brand","embeddable":true,"href":"https:\/\/bhagwan-incense.com\/fr\/wp-json\/wp\/v2\/product_brand?post=17062"},{"taxonomy":"product_cat","embeddable":true,"href":"https:\/\/bhagwan-incense.com\/fr\/wp-json\/wp\/v2\/product_cat?post=17062"},{"taxonomy":"product_tag","embeddable":true,"href":"https:\/\/bhagwan-incense.com\/fr\/wp-json\/wp\/v2\/product_tag?post=17062"}],"curies":[{"name":"wp","href":"https:\/\/api.w.org\/{rel}","templated":true}]}}