{"id":17072,"date":"2025-12-12T23:59:01","date_gmt":"2025-12-12T22:59:01","guid":{"rendered":"https:\/\/bhagwan-incense.com\/?post_type=product&#038;p=17072"},"modified":"2025-12-19T21:11:24","modified_gmt":"2025-12-19T20:11:24","slug":"collection-dencens-fruite-naturel","status":"publish","type":"product","link":"https:\/\/bhagwan-incense.com\/fr\/produit\/collection-dencens-fruite-naturel\/","title":{"rendered":"Collection d&#8217;Encens Fruit\u00e9 Naturel \u2013 4 x 15 g"},"content":{"rendered":"<div>Collection de B\u00e2tonnets d&#8217;Encens de Luxe Naturel aux Notes Fruit\u00e9es Bhagwan \u2013 4 bo\u00eetes de 15 g chacune (poids net total 60 g) : b\u00e2tonnets d&#8217;encens Fleur d&#8217;Oranger, Goyave, Mangue et Bergamote. Un encens masala naturel \u00e9labor\u00e9 avec les huiles essentielles et les poudres de bois les plus fines. Id\u00e9al \u00e0 offrir en cadeau ou pour se faire plaisir en profitant d&#8217;une s\u00e9lection d&#8217;encens de luxe.<\/div>\n<div><\/div>\n<div>Excellente id\u00e9e cadeau \u2013 Un magnifique assortiment parfait pour les anniversaires, les f\u00eates, les pendaisons de cr\u00e9maill\u00e8re, ou simplement pour s&#8217;offrir un encens haut de gamme !<\/div>\n","protected":false},"excerpt":{"rendered":"<p>Une collection masala luxueuse et roul\u00e9e \u00e0 la main, comprenant quatre senteurs fruit\u00e9es et d&#8217;agrumes rafra\u00eechissantes pour un ar\u00f4me stimulant.<\/p>\n","protected":false},"featured_media":17074,"comment_status":"open","ping_status":"closed","template":"","meta":[],"product_brand":[],"product_cat":[105,62,85],"product_tag":[74,68],"class_list":{"0":"post-17072","1":"product","2":"type-product","3":"status-publish","4":"has-post-thumbnail","6":"product_cat-collections-dencens-de-luxe","7":"product_cat-encens-fruite","8":"product_cat-yoga-fr","9":"product_tag-epice","10":"product_tag-fruite","12":"first","13":"instock","14":"shipping-taxable","15":"purchasable","16":"product-type-simple"},"yoast_head":"<!-- This site is optimized with the Yoast SEO plugin v27.4 - https:\/\/yoast.com\/product\/yoast-seo-wordpress\/ -->\n<title>Set d&#039;Encens de Luxe Naturel Ar\u00f4me Fruit Bhagwan<\/title>\n<meta name=\"description\" content=\"DD\u00e9couvrez la collection de luxe Bhagwan d&#039;encens naturels roul\u00e9s \u00e0 la main, aux senteurs de fruits frais : Fleur d&#039;Oranger, Goyave, Mangue et Bergamote. Parfait pour \u00e9gayer votre int\u00e9rieur.\u00e9couvrez les b\u00e2tonnets d&#039;encens Guava, fabriqu\u00e9s \u00e0 partir d&#039;une huile naturelle de haute qualit\u00e9. Profitez de leur doux parfum fruit\u00e9 et s\u00e9duisant, parfait en cadeau pour lui et elle.\" \/>\n<meta name=\"robots\" content=\"index, follow, max-snippet:-1, max-image-preview:large, max-video-preview:-1\" \/>\n<link rel=\"canonical\" href=\"https:\/\/bhagwan-incense.com\/fr\/produit\/collection-dencens-fruite-naturel\/\" \/>\n<meta property=\"og:locale\" content=\"fr_FR\" \/>\n<meta property=\"og:type\" content=\"article\" \/>\n<meta property=\"og:title\" content=\"Set d&#039;Encens de Luxe Naturel Ar\u00f4me Fruit Bhagwan\" \/>\n<meta property=\"og:description\" content=\"DD\u00e9couvrez la collection de luxe Bhagwan d&#039;encens naturels roul\u00e9s \u00e0 la main, aux senteurs de fruits frais : Fleur d&#039;Oranger, Goyave, Mangue et Bergamote. Parfait pour \u00e9gayer votre int\u00e9rieur.\u00e9couvrez les b\u00e2tonnets d&#039;encens Guava, fabriqu\u00e9s \u00e0 partir d&#039;une huile naturelle de haute qualit\u00e9. Profitez de leur doux parfum fruit\u00e9 et s\u00e9duisant, parfait en cadeau pour lui et elle.\" \/>\n<meta property=\"og:url\" content=\"https:\/\/bhagwan-incense.com\/fr\/produit\/collection-dencens-fruite-naturel\/\" \/>\n<meta property=\"og:site_name\" content=\"Bhagwan Incense | EU and Worldwide Shop\" \/>\n<meta property=\"article:publisher\" content=\"https:\/\/www.facebook.com\/profile.php?id=100093081477613&amp;mibextid=ZbWKwLp\" \/>\n<meta property=\"article:modified_time\" content=\"2025-12-19T20:11:24+00:00\" \/>\n<meta property=\"og:image\" content=\"https:\/\/bhagwan-incense.com\/wp-content\/uploads\/2025\/12\/NATURAL-FRUITY-COLLECTION_4\u044515.jpg\" \/>\n\t<meta property=\"og:image:width\" content=\"1038\" \/>\n\t<meta property=\"og:image:height\" content=\"1038\" \/>\n\t<meta property=\"og:image:type\" content=\"image\/jpeg\" \/>\n<meta name=\"twitter:card\" content=\"summary_large_image\" \/>\n<meta name=\"twitter:label1\" content=\"Dur\u00e9e de lecture estim\u00e9e\" \/>\n\t<meta name=\"twitter:data1\" content=\"1 minute\" \/>\n<script type=\"application\/ld+json\" class=\"yoast-schema-graph\">{\"@context\":\"https:\\\/\\\/schema.org\",\"@graph\":[{\"@type\":\"WebPage\",\"@id\":\"https:\\\/\\\/bhagwan-incense.com\\\/fr\\\/produit\\\/collection-dencens-fruite-naturel\\\/\",\"url\":\"https:\\\/\\\/bhagwan-incense.com\\\/fr\\\/produit\\\/collection-dencens-fruite-naturel\\\/\",\"name\":\"Set d'Encens de Luxe Naturel Ar\u00f4me Fruit Bhagwan\",\"isPartOf\":{\"@id\":\"https:\\\/\\\/bhagwan-incense.com\\\/fr\\\/#website\"},\"primaryImageOfPage\":{\"@id\":\"https:\\\/\\\/bhagwan-incense.com\\\/fr\\\/produit\\\/collection-dencens-fruite-naturel\\\/#primaryimage\"},\"image\":{\"@id\":\"https:\\\/\\\/bhagwan-incense.com\\\/fr\\\/produit\\\/collection-dencens-fruite-naturel\\\/#primaryimage\"},\"thumbnailUrl\":\"https:\\\/\\\/bhagwan-incense.com\\\/wp-content\\\/uploads\\\/2025\\\/12\\\/NATURAL-FRUITY-COLLECTION_4\u044515.jpg?wsr\",\"datePublished\":\"2025-12-12T22:59:01+00:00\",\"dateModified\":\"2025-12-19T20:11:24+00:00\",\"description\":\"DD\u00e9couvrez la collection de luxe Bhagwan d'encens naturels roul\u00e9s \u00e0 la main, aux senteurs de fruits frais : Fleur d'Oranger, Goyave, Mangue et Bergamote. Parfait pour \u00e9gayer votre int\u00e9rieur.\u00e9couvrez les b\u00e2tonnets d'encens Guava, fabriqu\u00e9s \u00e0 partir d'une huile naturelle de haute qualit\u00e9. Profitez de leur doux parfum fruit\u00e9 et s\u00e9duisant, parfait en cadeau pour lui et elle.\",\"breadcrumb\":{\"@id\":\"https:\\\/\\\/bhagwan-incense.com\\\/fr\\\/produit\\\/collection-dencens-fruite-naturel\\\/#breadcrumb\"},\"inLanguage\":\"fr-FR\",\"potentialAction\":[{\"@type\":\"ReadAction\",\"target\":[\"https:\\\/\\\/bhagwan-incense.com\\\/fr\\\/produit\\\/collection-dencens-fruite-naturel\\\/\"]}]},{\"@type\":\"ImageObject\",\"inLanguage\":\"fr-FR\",\"@id\":\"https:\\\/\\\/bhagwan-incense.com\\\/fr\\\/produit\\\/collection-dencens-fruite-naturel\\\/#primaryimage\",\"url\":\"https:\\\/\\\/bhagwan-incense.com\\\/wp-content\\\/uploads\\\/2025\\\/12\\\/NATURAL-FRUITY-COLLECTION_4\u044515.jpg?wsr\",\"contentUrl\":\"https:\\\/\\\/bhagwan-incense.com\\\/wp-content\\\/uploads\\\/2025\\\/12\\\/NATURAL-FRUITY-COLLECTION_4\u044515.jpg?wsr\",\"width\":1038,\"height\":1038},{\"@type\":\"BreadcrumbList\",\"@id\":\"https:\\\/\\\/bhagwan-incense.com\\\/fr\\\/produit\\\/collection-dencens-fruite-naturel\\\/#breadcrumb\",\"itemListElement\":[{\"@type\":\"ListItem\",\"position\":1,\"name\":\"Home\",\"item\":\"https:\\\/\\\/bhagwan-incense.com\\\/fr\\\/\"},{\"@type\":\"ListItem\",\"position\":2,\"name\":\"Boutique\",\"item\":\"https:\\\/\\\/bhagwan-incense.com\\\/fr\\\/boutique\\\/\"},{\"@type\":\"ListItem\",\"position\":3,\"name\":\"Collection d&#8217;Encens Fruit\u00e9 Naturel \u2013 4 x 15 g\"}]},{\"@type\":\"WebSite\",\"@id\":\"https:\\\/\\\/bhagwan-incense.com\\\/fr\\\/#website\",\"url\":\"https:\\\/\\\/bhagwan-incense.com\\\/fr\\\/\",\"name\":\"Bhagwan Incense | EU and Worldwide Incense Shop\",\"description\":\"Pure and Natural Incense from India\",\"publisher\":{\"@id\":\"https:\\\/\\\/bhagwan-incense.com\\\/fr\\\/#organization\"},\"potentialAction\":[{\"@type\":\"SearchAction\",\"target\":{\"@type\":\"EntryPoint\",\"urlTemplate\":\"https:\\\/\\\/bhagwan-incense.com\\\/fr\\\/?s={search_term_string}\"},\"query-input\":{\"@type\":\"PropertyValueSpecification\",\"valueRequired\":true,\"valueName\":\"search_term_string\"}}],\"inLanguage\":\"fr-FR\"},{\"@type\":\"Organization\",\"@id\":\"https:\\\/\\\/bhagwan-incense.com\\\/fr\\\/#organization\",\"name\":\"Bhagwan incense\",\"url\":\"https:\\\/\\\/bhagwan-incense.com\\\/fr\\\/\",\"logo\":{\"@type\":\"ImageObject\",\"inLanguage\":\"fr-FR\",\"@id\":\"https:\\\/\\\/bhagwan-incense.com\\\/fr\\\/#\\\/schema\\\/logo\\\/image\\\/\",\"url\":\"https:\\\/\\\/bhagwan-incense.com\\\/wp-content\\\/uploads\\\/2023\\\/06\\\/Logo-black.png\",\"contentUrl\":\"https:\\\/\\\/bhagwan-incense.com\\\/wp-content\\\/uploads\\\/2023\\\/06\\\/Logo-black.png\",\"width\":150,\"height\":150,\"caption\":\"Bhagwan incense\"},\"image\":{\"@id\":\"https:\\\/\\\/bhagwan-incense.com\\\/fr\\\/#\\\/schema\\\/logo\\\/image\\\/\"},\"sameAs\":[\"https:\\\/\\\/www.facebook.com\\\/profile.php?id=100093081477613&mibextid=ZbWKwLp\",\"https:\\\/\\\/www.instagram.com\\\/bhagwan_incense\\\/\"]}]}<\/script>\n<!-- \/ Yoast SEO plugin. -->","yoast_head_json":{"title":"Set d'Encens de Luxe Naturel Ar\u00f4me Fruit Bhagwan","description":"DD\u00e9couvrez la collection de luxe Bhagwan d'encens naturels roul\u00e9s \u00e0 la main, aux senteurs de fruits frais : Fleur d'Oranger, Goyave, Mangue et Bergamote. Parfait pour \u00e9gayer votre int\u00e9rieur.\u00e9couvrez les b\u00e2tonnets d'encens Guava, fabriqu\u00e9s \u00e0 partir d'une huile naturelle de haute qualit\u00e9. Profitez de leur doux parfum fruit\u00e9 et s\u00e9duisant, parfait en cadeau pour lui et elle.","robots":{"index":"index","follow":"follow","max-snippet":"max-snippet:-1","max-image-preview":"max-image-preview:large","max-video-preview":"max-video-preview:-1"},"canonical":"https:\/\/bhagwan-incense.com\/fr\/produit\/collection-dencens-fruite-naturel\/","og_locale":"fr_FR","og_type":"article","og_title":"Set d'Encens de Luxe Naturel Ar\u00f4me Fruit Bhagwan","og_description":"DD\u00e9couvrez la collection de luxe Bhagwan d'encens naturels roul\u00e9s \u00e0 la main, aux senteurs de fruits frais : Fleur d'Oranger, Goyave, Mangue et Bergamote. Parfait pour \u00e9gayer votre int\u00e9rieur.\u00e9couvrez les b\u00e2tonnets d'encens Guava, fabriqu\u00e9s \u00e0 partir d'une huile naturelle de haute qualit\u00e9. Profitez de leur doux parfum fruit\u00e9 et s\u00e9duisant, parfait en cadeau pour lui et elle.","og_url":"https:\/\/bhagwan-incense.com\/fr\/produit\/collection-dencens-fruite-naturel\/","og_site_name":"Bhagwan Incense | EU and Worldwide Shop","article_publisher":"https:\/\/www.facebook.com\/profile.php?id=100093081477613&mibextid=ZbWKwLp","article_modified_time":"2025-12-19T20:11:24+00:00","og_image":[{"width":1038,"height":1038,"url":"https:\/\/bhagwan-incense.com\/wp-content\/uploads\/2025\/12\/NATURAL-FRUITY-COLLECTION_4\u044515.jpg","type":"image\/jpeg"}],"twitter_card":"summary_large_image","twitter_misc":{"Dur\u00e9e de lecture estim\u00e9e":"1 minute"},"schema":{"@context":"https:\/\/schema.org","@graph":[{"@type":"WebPage","@id":"https:\/\/bhagwan-incense.com\/fr\/produit\/collection-dencens-fruite-naturel\/","url":"https:\/\/bhagwan-incense.com\/fr\/produit\/collection-dencens-fruite-naturel\/","name":"Set d'Encens de Luxe Naturel Ar\u00f4me Fruit Bhagwan","isPartOf":{"@id":"https:\/\/bhagwan-incense.com\/fr\/#website"},"primaryImageOfPage":{"@id":"https:\/\/bhagwan-incense.com\/fr\/produit\/collection-dencens-fruite-naturel\/#primaryimage"},"image":{"@id":"https:\/\/bhagwan-incense.com\/fr\/produit\/collection-dencens-fruite-naturel\/#primaryimage"},"thumbnailUrl":"https:\/\/bhagwan-incense.com\/wp-content\/uploads\/2025\/12\/NATURAL-FRUITY-COLLECTION_4\u044515.jpg?wsr","datePublished":"2025-12-12T22:59:01+00:00","dateModified":"2025-12-19T20:11:24+00:00","description":"DD\u00e9couvrez la collection de luxe Bhagwan d'encens naturels roul\u00e9s \u00e0 la main, aux senteurs de fruits frais : Fleur d'Oranger, Goyave, Mangue et Bergamote. Parfait pour \u00e9gayer votre int\u00e9rieur.\u00e9couvrez les b\u00e2tonnets d'encens Guava, fabriqu\u00e9s \u00e0 partir d'une huile naturelle de haute qualit\u00e9. Profitez de leur doux parfum fruit\u00e9 et s\u00e9duisant, parfait en cadeau pour lui et elle.","breadcrumb":{"@id":"https:\/\/bhagwan-incense.com\/fr\/produit\/collection-dencens-fruite-naturel\/#breadcrumb"},"inLanguage":"fr-FR","potentialAction":[{"@type":"ReadAction","target":["https:\/\/bhagwan-incense.com\/fr\/produit\/collection-dencens-fruite-naturel\/"]}]},{"@type":"ImageObject","inLanguage":"fr-FR","@id":"https:\/\/bhagwan-incense.com\/fr\/produit\/collection-dencens-fruite-naturel\/#primaryimage","url":"https:\/\/bhagwan-incense.com\/wp-content\/uploads\/2025\/12\/NATURAL-FRUITY-COLLECTION_4\u044515.jpg?wsr","contentUrl":"https:\/\/bhagwan-incense.com\/wp-content\/uploads\/2025\/12\/NATURAL-FRUITY-COLLECTION_4\u044515.jpg?wsr","width":1038,"height":1038},{"@type":"BreadcrumbList","@id":"https:\/\/bhagwan-incense.com\/fr\/produit\/collection-dencens-fruite-naturel\/#breadcrumb","itemListElement":[{"@type":"ListItem","position":1,"name":"Home","item":"https:\/\/bhagwan-incense.com\/fr\/"},{"@type":"ListItem","position":2,"name":"Boutique","item":"https:\/\/bhagwan-incense.com\/fr\/boutique\/"},{"@type":"ListItem","position":3,"name":"Collection d&#8217;Encens Fruit\u00e9 Naturel \u2013 4 x 15 g"}]},{"@type":"WebSite","@id":"https:\/\/bhagwan-incense.com\/fr\/#website","url":"https:\/\/bhagwan-incense.com\/fr\/","name":"Bhagwan Incense | EU and Worldwide Incense Shop","description":"Pure and Natural Incense from India","publisher":{"@id":"https:\/\/bhagwan-incense.com\/fr\/#organization"},"potentialAction":[{"@type":"SearchAction","target":{"@type":"EntryPoint","urlTemplate":"https:\/\/bhagwan-incense.com\/fr\/?s={search_term_string}"},"query-input":{"@type":"PropertyValueSpecification","valueRequired":true,"valueName":"search_term_string"}}],"inLanguage":"fr-FR"},{"@type":"Organization","@id":"https:\/\/bhagwan-incense.com\/fr\/#organization","name":"Bhagwan incense","url":"https:\/\/bhagwan-incense.com\/fr\/","logo":{"@type":"ImageObject","inLanguage":"fr-FR","@id":"https:\/\/bhagwan-incense.com\/fr\/#\/schema\/logo\/image\/","url":"https:\/\/bhagwan-incense.com\/wp-content\/uploads\/2023\/06\/Logo-black.png","contentUrl":"https:\/\/bhagwan-incense.com\/wp-content\/uploads\/2023\/06\/Logo-black.png","width":150,"height":150,"caption":"Bhagwan incense"},"image":{"@id":"https:\/\/bhagwan-incense.com\/fr\/#\/schema\/logo\/image\/"},"sameAs":["https:\/\/www.facebook.com\/profile.php?id=100093081477613&mibextid=ZbWKwLp","https:\/\/www.instagram.com\/bhagwan_incense\/"]}]}},"_links":{"self":[{"href":"https:\/\/bhagwan-incense.com\/fr\/wp-json\/wp\/v2\/product\/17072","targetHints":{"allow":["GET"]}}],"collection":[{"href":"https:\/\/bhagwan-incense.com\/fr\/wp-json\/wp\/v2\/product"}],"about":[{"href":"https:\/\/bhagwan-incense.com\/fr\/wp-json\/wp\/v2\/types\/product"}],"replies":[{"embeddable":true,"href":"https:\/\/bhagwan-incense.com\/fr\/wp-json\/wp\/v2\/comments?post=17072"}],"wp:featuredmedia":[{"embeddable":true,"href":"https:\/\/bhagwan-incense.com\/fr\/wp-json\/wp\/v2\/media\/17074"}],"wp:attachment":[{"href":"https:\/\/bhagwan-incense.com\/fr\/wp-json\/wp\/v2\/media?parent=17072"}],"wp:term":[{"taxonomy":"product_brand","embeddable":true,"href":"https:\/\/bhagwan-incense.com\/fr\/wp-json\/wp\/v2\/product_brand?post=17072"},{"taxonomy":"product_cat","embeddable":true,"href":"https:\/\/bhagwan-incense.com\/fr\/wp-json\/wp\/v2\/product_cat?post=17072"},{"taxonomy":"product_tag","embeddable":true,"href":"https:\/\/bhagwan-incense.com\/fr\/wp-json\/wp\/v2\/product_tag?post=17072"}],"curies":[{"name":"wp","href":"https:\/\/api.w.org\/{rel}","templated":true}]}}