{"id":17084,"date":"2025-12-13T15:14:01","date_gmt":"2025-12-13T14:14:01","guid":{"rendered":"https:\/\/bhagwan-incense.com\/?post_type=product&#038;p=17084"},"modified":"2026-03-27T21:28:33","modified_gmt":"2026-03-27T20:28:33","slug":"collection-de-luxe-dencens-oliban-et-myrrheatonnets-dencens","status":"publish","type":"product","link":"https:\/\/bhagwan-incense.com\/fr\/produit\/collection-de-luxe-dencens-oliban-et-myrrheatonnets-dencens\/","title":{"rendered":"Collection de Luxe d&#8217;Encens Oliban et Myrrhe 4 x 15g"},"content":{"rendered":"<div>Collection de Luxe d&#8217;Encens Frankincense et Myrrhe Bhagwan \u2014 4 bo\u00eetes de 15g chacune, poids net total de 60g : Royal Frankincense, Royal Myrrh, Frankincense &amp; Amber, Frankincense &amp; Rose. Un encens masala naturel fabriqu\u00e9 avec les meilleures huiles essentielles et poudres de bois. Parfait comme cadeau ou comme plaisir personnel lorsque vous souhaitez profiter d&#8217;une s\u00e9lection d&#8217;encens de luxe.<\/div>\n<div><\/div>\n<div>Excellente Id\u00e9e Cadeau \u2013 Bel assortiment parfait pour les anniversaires, les f\u00eates, les pendaisons de cr\u00e9maill\u00e8re, ou simplement pour vous offrir un encens haut de gamme.<\/div>\n","protected":false},"excerpt":{"rendered":"<p>Coffret de Luxe d&#8217;Encens Frankincense et Myrrhe \u2013 4 bo\u00eetes d&#8217;encens masala roul\u00e9es \u00e0 la main (poids total 60g) avec des r\u00e9sines naturelles et des huiles essentielles.<\/p>\n","protected":false},"featured_media":17086,"comment_status":"open","ping_status":"closed","template":"","meta":[],"product_brand":[],"product_cat":[60,105,84,116,85],"product_tag":[75,74,72,73],"class_list":{"0":"post-17084","1":"product","2":"type-product","3":"status-publish","4":"has-post-thumbnail","6":"product_cat-boise","7":"product_cat-collections-dencens-de-luxe","8":"product_cat-exotique-unique","9":"product_cat-oliban-myrrhe-benjoin","10":"product_cat-yoga-fr","11":"product_tag-boise","12":"product_tag-epice","13":"product_tag-oriental-fr","14":"product_tag-resineux","16":"first","17":"instock","18":"shipping-taxable","19":"purchasable","20":"product-type-simple"},"yoast_head":"<!-- This site is optimized with the Yoast SEO plugin v27.4 - https:\/\/yoast.com\/product\/yoast-seo-wordpress\/ -->\n<title>Encens Apaisant Frankincense et Myrrhe pour la M\u00e9ditation et la D\u00e9tente.<\/title>\n<meta name=\"description\" content=\"Trouvez le calme avec l&#039;encens Bhagwan. Collection de luxe Frankincense et Myrrhe (60g). B\u00e2tonnets \u00e0 combustion lente et de longue dur\u00e9e, parfaits pour le yoga, la m\u00e9ditation et la cr\u00e9ation d&#039;un espace paisible.\" \/>\n<meta name=\"robots\" content=\"index, follow, max-snippet:-1, max-image-preview:large, max-video-preview:-1\" \/>\n<link rel=\"canonical\" href=\"https:\/\/bhagwan-incense.com\/fr\/produit\/collection-de-luxe-dencens-oliban-et-myrrheatonnets-dencens\/\" \/>\n<meta property=\"og:locale\" content=\"fr_FR\" \/>\n<meta property=\"og:type\" content=\"article\" \/>\n<meta property=\"og:title\" content=\"Encens Apaisant Frankincense et Myrrhe pour la M\u00e9ditation et la D\u00e9tente.\" \/>\n<meta property=\"og:description\" content=\"Trouvez le calme avec l&#039;encens Bhagwan. Collection de luxe Frankincense et Myrrhe (60g). B\u00e2tonnets \u00e0 combustion lente et de longue dur\u00e9e, parfaits pour le yoga, la m\u00e9ditation et la cr\u00e9ation d&#039;un espace paisible.\" \/>\n<meta property=\"og:url\" content=\"https:\/\/bhagwan-incense.com\/fr\/produit\/collection-de-luxe-dencens-oliban-et-myrrheatonnets-dencens\/\" \/>\n<meta property=\"og:site_name\" content=\"Bhagwan Incense | EU and Worldwide Shop\" \/>\n<meta property=\"article:publisher\" content=\"https:\/\/www.facebook.com\/profile.php?id=100093081477613&amp;mibextid=ZbWKwLp\" \/>\n<meta property=\"article:modified_time\" content=\"2026-03-27T20:28:33+00:00\" \/>\n<meta property=\"og:image\" content=\"https:\/\/bhagwan-incense.com\/wp-content\/uploads\/2025\/12\/FRANKINCENSE-MYRRH-COLLECTION_4\u044515.jpg?wsr\" \/>\n\t<meta property=\"og:image:width\" content=\"1038\" \/>\n\t<meta property=\"og:image:height\" content=\"1038\" \/>\n\t<meta property=\"og:image:type\" content=\"image\/jpeg\" \/>\n<meta name=\"twitter:card\" content=\"summary_large_image\" \/>\n<meta name=\"twitter:label1\" content=\"Dur\u00e9e de lecture estim\u00e9e\" \/>\n\t<meta name=\"twitter:data1\" content=\"1 minute\" \/>\n<script type=\"application\/ld+json\" class=\"yoast-schema-graph\">{\"@context\":\"https:\\\/\\\/schema.org\",\"@graph\":[{\"@type\":\"WebPage\",\"@id\":\"https:\\\/\\\/bhagwan-incense.com\\\/fr\\\/produit\\\/collection-de-luxe-dencens-oliban-et-myrrheatonnets-dencens\\\/\",\"url\":\"https:\\\/\\\/bhagwan-incense.com\\\/fr\\\/produit\\\/collection-de-luxe-dencens-oliban-et-myrrheatonnets-dencens\\\/\",\"name\":\"Encens Apaisant Frankincense et Myrrhe pour la M\u00e9ditation et la D\u00e9tente.\",\"isPartOf\":{\"@id\":\"https:\\\/\\\/bhagwan-incense.com\\\/fr\\\/#website\"},\"primaryImageOfPage\":{\"@id\":\"https:\\\/\\\/bhagwan-incense.com\\\/fr\\\/produit\\\/collection-de-luxe-dencens-oliban-et-myrrheatonnets-dencens\\\/#primaryimage\"},\"image\":{\"@id\":\"https:\\\/\\\/bhagwan-incense.com\\\/fr\\\/produit\\\/collection-de-luxe-dencens-oliban-et-myrrheatonnets-dencens\\\/#primaryimage\"},\"thumbnailUrl\":\"https:\\\/\\\/bhagwan-incense.com\\\/wp-content\\\/uploads\\\/2025\\\/12\\\/FRANKINCENSE-MYRRH-COLLECTION_4\u044515.jpg?wsr\",\"datePublished\":\"2025-12-13T14:14:01+00:00\",\"dateModified\":\"2026-03-27T20:28:33+00:00\",\"description\":\"Trouvez le calme avec l'encens Bhagwan. Collection de luxe Frankincense et Myrrhe (60g). B\u00e2tonnets \u00e0 combustion lente et de longue dur\u00e9e, parfaits pour le yoga, la m\u00e9ditation et la cr\u00e9ation d'un espace paisible.\",\"breadcrumb\":{\"@id\":\"https:\\\/\\\/bhagwan-incense.com\\\/fr\\\/produit\\\/collection-de-luxe-dencens-oliban-et-myrrheatonnets-dencens\\\/#breadcrumb\"},\"inLanguage\":\"fr-FR\",\"potentialAction\":[{\"@type\":\"ReadAction\",\"target\":[\"https:\\\/\\\/bhagwan-incense.com\\\/fr\\\/produit\\\/collection-de-luxe-dencens-oliban-et-myrrheatonnets-dencens\\\/\"]}]},{\"@type\":\"ImageObject\",\"inLanguage\":\"fr-FR\",\"@id\":\"https:\\\/\\\/bhagwan-incense.com\\\/fr\\\/produit\\\/collection-de-luxe-dencens-oliban-et-myrrheatonnets-dencens\\\/#primaryimage\",\"url\":\"https:\\\/\\\/bhagwan-incense.com\\\/wp-content\\\/uploads\\\/2025\\\/12\\\/FRANKINCENSE-MYRRH-COLLECTION_4\u044515.jpg?wsr\",\"contentUrl\":\"https:\\\/\\\/bhagwan-incense.com\\\/wp-content\\\/uploads\\\/2025\\\/12\\\/FRANKINCENSE-MYRRH-COLLECTION_4\u044515.jpg?wsr\",\"width\":1038,\"height\":1038},{\"@type\":\"BreadcrumbList\",\"@id\":\"https:\\\/\\\/bhagwan-incense.com\\\/fr\\\/produit\\\/collection-de-luxe-dencens-oliban-et-myrrheatonnets-dencens\\\/#breadcrumb\",\"itemListElement\":[{\"@type\":\"ListItem\",\"position\":1,\"name\":\"Home\",\"item\":\"https:\\\/\\\/bhagwan-incense.com\\\/fr\\\/\"},{\"@type\":\"ListItem\",\"position\":2,\"name\":\"Boutique\",\"item\":\"https:\\\/\\\/bhagwan-incense.com\\\/fr\\\/boutique\\\/\"},{\"@type\":\"ListItem\",\"position\":3,\"name\":\"Collection de Luxe d&#8217;Encens Oliban et Myrrhe 4 x 15g\"}]},{\"@type\":\"WebSite\",\"@id\":\"https:\\\/\\\/bhagwan-incense.com\\\/fr\\\/#website\",\"url\":\"https:\\\/\\\/bhagwan-incense.com\\\/fr\\\/\",\"name\":\"Bhagwan Incense | EU and Worldwide Incense Shop\",\"description\":\"Pure and Natural Incense from India\",\"publisher\":{\"@id\":\"https:\\\/\\\/bhagwan-incense.com\\\/fr\\\/#organization\"},\"potentialAction\":[{\"@type\":\"SearchAction\",\"target\":{\"@type\":\"EntryPoint\",\"urlTemplate\":\"https:\\\/\\\/bhagwan-incense.com\\\/fr\\\/?s={search_term_string}\"},\"query-input\":{\"@type\":\"PropertyValueSpecification\",\"valueRequired\":true,\"valueName\":\"search_term_string\"}}],\"inLanguage\":\"fr-FR\"},{\"@type\":\"Organization\",\"@id\":\"https:\\\/\\\/bhagwan-incense.com\\\/fr\\\/#organization\",\"name\":\"Bhagwan incense\",\"url\":\"https:\\\/\\\/bhagwan-incense.com\\\/fr\\\/\",\"logo\":{\"@type\":\"ImageObject\",\"inLanguage\":\"fr-FR\",\"@id\":\"https:\\\/\\\/bhagwan-incense.com\\\/fr\\\/#\\\/schema\\\/logo\\\/image\\\/\",\"url\":\"https:\\\/\\\/bhagwan-incense.com\\\/wp-content\\\/uploads\\\/2023\\\/06\\\/Logo-black.png\",\"contentUrl\":\"https:\\\/\\\/bhagwan-incense.com\\\/wp-content\\\/uploads\\\/2023\\\/06\\\/Logo-black.png\",\"width\":150,\"height\":150,\"caption\":\"Bhagwan incense\"},\"image\":{\"@id\":\"https:\\\/\\\/bhagwan-incense.com\\\/fr\\\/#\\\/schema\\\/logo\\\/image\\\/\"},\"sameAs\":[\"https:\\\/\\\/www.facebook.com\\\/profile.php?id=100093081477613&mibextid=ZbWKwLp\",\"https:\\\/\\\/www.instagram.com\\\/bhagwan_incense\\\/\"]}]}<\/script>\n<!-- \/ Yoast SEO plugin. -->","yoast_head_json":{"title":"Encens Apaisant Frankincense et Myrrhe pour la M\u00e9ditation et la D\u00e9tente.","description":"Trouvez le calme avec l'encens Bhagwan. Collection de luxe Frankincense et Myrrhe (60g). B\u00e2tonnets \u00e0 combustion lente et de longue dur\u00e9e, parfaits pour le yoga, la m\u00e9ditation et la cr\u00e9ation d'un espace paisible.","robots":{"index":"index","follow":"follow","max-snippet":"max-snippet:-1","max-image-preview":"max-image-preview:large","max-video-preview":"max-video-preview:-1"},"canonical":"https:\/\/bhagwan-incense.com\/fr\/produit\/collection-de-luxe-dencens-oliban-et-myrrheatonnets-dencens\/","og_locale":"fr_FR","og_type":"article","og_title":"Encens Apaisant Frankincense et Myrrhe pour la M\u00e9ditation et la D\u00e9tente.","og_description":"Trouvez le calme avec l'encens Bhagwan. Collection de luxe Frankincense et Myrrhe (60g). B\u00e2tonnets \u00e0 combustion lente et de longue dur\u00e9e, parfaits pour le yoga, la m\u00e9ditation et la cr\u00e9ation d'un espace paisible.","og_url":"https:\/\/bhagwan-incense.com\/fr\/produit\/collection-de-luxe-dencens-oliban-et-myrrheatonnets-dencens\/","og_site_name":"Bhagwan Incense | EU and Worldwide Shop","article_publisher":"https:\/\/www.facebook.com\/profile.php?id=100093081477613&mibextid=ZbWKwLp","article_modified_time":"2026-03-27T20:28:33+00:00","og_image":[{"width":1038,"height":1038,"url":"https:\/\/bhagwan-incense.com\/wp-content\/uploads\/2025\/12\/FRANKINCENSE-MYRRH-COLLECTION_4\u044515.jpg?wsr","type":"image\/jpeg"}],"twitter_card":"summary_large_image","twitter_misc":{"Dur\u00e9e de lecture estim\u00e9e":"1 minute"},"schema":{"@context":"https:\/\/schema.org","@graph":[{"@type":"WebPage","@id":"https:\/\/bhagwan-incense.com\/fr\/produit\/collection-de-luxe-dencens-oliban-et-myrrheatonnets-dencens\/","url":"https:\/\/bhagwan-incense.com\/fr\/produit\/collection-de-luxe-dencens-oliban-et-myrrheatonnets-dencens\/","name":"Encens Apaisant Frankincense et Myrrhe pour la M\u00e9ditation et la D\u00e9tente.","isPartOf":{"@id":"https:\/\/bhagwan-incense.com\/fr\/#website"},"primaryImageOfPage":{"@id":"https:\/\/bhagwan-incense.com\/fr\/produit\/collection-de-luxe-dencens-oliban-et-myrrheatonnets-dencens\/#primaryimage"},"image":{"@id":"https:\/\/bhagwan-incense.com\/fr\/produit\/collection-de-luxe-dencens-oliban-et-myrrheatonnets-dencens\/#primaryimage"},"thumbnailUrl":"https:\/\/bhagwan-incense.com\/wp-content\/uploads\/2025\/12\/FRANKINCENSE-MYRRH-COLLECTION_4\u044515.jpg?wsr","datePublished":"2025-12-13T14:14:01+00:00","dateModified":"2026-03-27T20:28:33+00:00","description":"Trouvez le calme avec l'encens Bhagwan. Collection de luxe Frankincense et Myrrhe (60g). B\u00e2tonnets \u00e0 combustion lente et de longue dur\u00e9e, parfaits pour le yoga, la m\u00e9ditation et la cr\u00e9ation d'un espace paisible.","breadcrumb":{"@id":"https:\/\/bhagwan-incense.com\/fr\/produit\/collection-de-luxe-dencens-oliban-et-myrrheatonnets-dencens\/#breadcrumb"},"inLanguage":"fr-FR","potentialAction":[{"@type":"ReadAction","target":["https:\/\/bhagwan-incense.com\/fr\/produit\/collection-de-luxe-dencens-oliban-et-myrrheatonnets-dencens\/"]}]},{"@type":"ImageObject","inLanguage":"fr-FR","@id":"https:\/\/bhagwan-incense.com\/fr\/produit\/collection-de-luxe-dencens-oliban-et-myrrheatonnets-dencens\/#primaryimage","url":"https:\/\/bhagwan-incense.com\/wp-content\/uploads\/2025\/12\/FRANKINCENSE-MYRRH-COLLECTION_4\u044515.jpg?wsr","contentUrl":"https:\/\/bhagwan-incense.com\/wp-content\/uploads\/2025\/12\/FRANKINCENSE-MYRRH-COLLECTION_4\u044515.jpg?wsr","width":1038,"height":1038},{"@type":"BreadcrumbList","@id":"https:\/\/bhagwan-incense.com\/fr\/produit\/collection-de-luxe-dencens-oliban-et-myrrheatonnets-dencens\/#breadcrumb","itemListElement":[{"@type":"ListItem","position":1,"name":"Home","item":"https:\/\/bhagwan-incense.com\/fr\/"},{"@type":"ListItem","position":2,"name":"Boutique","item":"https:\/\/bhagwan-incense.com\/fr\/boutique\/"},{"@type":"ListItem","position":3,"name":"Collection de Luxe d&#8217;Encens Oliban et Myrrhe 4 x 15g"}]},{"@type":"WebSite","@id":"https:\/\/bhagwan-incense.com\/fr\/#website","url":"https:\/\/bhagwan-incense.com\/fr\/","name":"Bhagwan Incense | EU and Worldwide Incense Shop","description":"Pure and Natural Incense from India","publisher":{"@id":"https:\/\/bhagwan-incense.com\/fr\/#organization"},"potentialAction":[{"@type":"SearchAction","target":{"@type":"EntryPoint","urlTemplate":"https:\/\/bhagwan-incense.com\/fr\/?s={search_term_string}"},"query-input":{"@type":"PropertyValueSpecification","valueRequired":true,"valueName":"search_term_string"}}],"inLanguage":"fr-FR"},{"@type":"Organization","@id":"https:\/\/bhagwan-incense.com\/fr\/#organization","name":"Bhagwan incense","url":"https:\/\/bhagwan-incense.com\/fr\/","logo":{"@type":"ImageObject","inLanguage":"fr-FR","@id":"https:\/\/bhagwan-incense.com\/fr\/#\/schema\/logo\/image\/","url":"https:\/\/bhagwan-incense.com\/wp-content\/uploads\/2023\/06\/Logo-black.png","contentUrl":"https:\/\/bhagwan-incense.com\/wp-content\/uploads\/2023\/06\/Logo-black.png","width":150,"height":150,"caption":"Bhagwan incense"},"image":{"@id":"https:\/\/bhagwan-incense.com\/fr\/#\/schema\/logo\/image\/"},"sameAs":["https:\/\/www.facebook.com\/profile.php?id=100093081477613&mibextid=ZbWKwLp","https:\/\/www.instagram.com\/bhagwan_incense\/"]}]}},"_links":{"self":[{"href":"https:\/\/bhagwan-incense.com\/fr\/wp-json\/wp\/v2\/product\/17084","targetHints":{"allow":["GET"]}}],"collection":[{"href":"https:\/\/bhagwan-incense.com\/fr\/wp-json\/wp\/v2\/product"}],"about":[{"href":"https:\/\/bhagwan-incense.com\/fr\/wp-json\/wp\/v2\/types\/product"}],"replies":[{"embeddable":true,"href":"https:\/\/bhagwan-incense.com\/fr\/wp-json\/wp\/v2\/comments?post=17084"}],"wp:featuredmedia":[{"embeddable":true,"href":"https:\/\/bhagwan-incense.com\/fr\/wp-json\/wp\/v2\/media\/17086"}],"wp:attachment":[{"href":"https:\/\/bhagwan-incense.com\/fr\/wp-json\/wp\/v2\/media?parent=17084"}],"wp:term":[{"taxonomy":"product_brand","embeddable":true,"href":"https:\/\/bhagwan-incense.com\/fr\/wp-json\/wp\/v2\/product_brand?post=17084"},{"taxonomy":"product_cat","embeddable":true,"href":"https:\/\/bhagwan-incense.com\/fr\/wp-json\/wp\/v2\/product_cat?post=17084"},{"taxonomy":"product_tag","embeddable":true,"href":"https:\/\/bhagwan-incense.com\/fr\/wp-json\/wp\/v2\/product_tag?post=17084"}],"curies":[{"name":"wp","href":"https:\/\/api.w.org\/{rel}","templated":true}]}}