{"id":17092,"date":"2025-12-13T15:33:33","date_gmt":"2025-12-13T14:33:33","guid":{"rendered":"https:\/\/bhagwan-incense.com\/?post_type=product&#038;p=17092"},"modified":"2026-03-27T21:51:02","modified_gmt":"2026-03-27T20:51:02","slug":"collection-de-batonnets-dencens-de-luxe-a-la-rose","status":"publish","type":"product","link":"https:\/\/bhagwan-incense.com\/fr\/produit\/collection-de-batonnets-dencens-de-luxe-a-la-rose\/","title":{"rendered":"Collection de B\u00e2tonnets d&#8217;Encens de Luxe \u00e0 la Rose \u2013 4 x 15g"},"content":{"rendered":"<div>Collection de B\u00e2tonnets d&#8217;Encens de Luxe \u00e0 la Rose \u2013 4 bo\u00eetes de 15g chacune (poids net total de 60g) : Rose Rouge, Oud et Rose, Ambre et Rose, Frank et Rose. Un encens masala naturel fabriqu\u00e9 avec les meilleures huiles essentielles et poudres de bois. Parfait comme cadeau ou comme plaisir personnel lorsque vous souhaitez profiter d&#8217;une s\u00e9lection d&#8217;encens de luxe.<\/div>\n<div><\/div>\n<div>Excellente Id\u00e9e Cadeau \u2013 Bel assortiment parfait pour les anniversaires, les f\u00eates, les pendaisons de cr\u00e9maill\u00e8re, ou simplement pour vous offrir un encens haut de gamme.<\/div>\n","protected":false},"excerpt":{"rendered":"<p>Encens Masala \u00e0 la Rose de Luxe : Coffret de 60g (4 m\u00e9langes) de b\u00e2tonnets roul\u00e9s \u00e0 la main avec les meilleures huiles essentielles.<\/p>\n","protected":false},"featured_media":17094,"comment_status":"open","ping_status":"closed","template":"","meta":[],"product_brand":[],"product_cat":[105,84,61,85,118],"product_tag":[67],"class_list":{"0":"post-17092","1":"product","2":"type-product","3":"status-publish","4":"has-post-thumbnail","6":"product_cat-collections-dencens-de-luxe","7":"product_cat-exotique-unique","8":"product_cat-floral","9":"product_cat-yoga-fr","10":"product_cat-rose-fr","11":"product_tag-floral-fr-2","13":"first","14":"instock","15":"shipping-taxable","16":"purchasable","17":"product-type-simple"},"yoast_head":"<!-- This site is optimized with the Yoast SEO plugin v27.4 - https:\/\/yoast.com\/product\/yoast-seo-wordpress\/ -->\n<title>Coffret Cadeau d&#039;Encens \u00e0 la Rose $\\vert$ 4 Parfums \u00c9l\u00e9gants $\\vert$ Luxe Roul\u00e9 \u00e0 la Main<\/title>\n<meta name=\"description\" content=\"Plongez dans 60g d&#039;encens Masala \u00e0 la Rose premium roul\u00e9 \u00e0 la main. Quatre m\u00e9langes de luxe, incluant Oud et Rose et Frankincense et Rose. Fabriqu\u00e9 avec les meilleures huiles essentielles. Encens Masala \u00e0 la Rose naturel de haute qualit\u00e9. Roul\u00e9 \u00e0 la main avec des huiles essentielles pures et des r\u00e9sines naturelles. Parfum de longue dur\u00e9e dans quatre \u00e9l\u00e9gantes bo\u00eetes de 15g.\" \/>\n<meta name=\"robots\" content=\"index, follow, max-snippet:-1, max-image-preview:large, max-video-preview:-1\" \/>\n<link rel=\"canonical\" href=\"https:\/\/bhagwan-incense.com\/fr\/produit\/collection-de-batonnets-dencens-de-luxe-a-la-rose\/\" \/>\n<meta property=\"og:locale\" content=\"fr_FR\" \/>\n<meta property=\"og:type\" content=\"article\" \/>\n<meta property=\"og:title\" content=\"Coffret Cadeau d&#039;Encens \u00e0 la Rose $\\vert$ 4 Parfums \u00c9l\u00e9gants $\\vert$ Luxe Roul\u00e9 \u00e0 la Main\" \/>\n<meta property=\"og:description\" content=\"Plongez dans 60g d&#039;encens Masala \u00e0 la Rose premium roul\u00e9 \u00e0 la main. Quatre m\u00e9langes de luxe, incluant Oud et Rose et Frankincense et Rose. Fabriqu\u00e9 avec les meilleures huiles essentielles. Encens Masala \u00e0 la Rose naturel de haute qualit\u00e9. Roul\u00e9 \u00e0 la main avec des huiles essentielles pures et des r\u00e9sines naturelles. Parfum de longue dur\u00e9e dans quatre \u00e9l\u00e9gantes bo\u00eetes de 15g.\" \/>\n<meta property=\"og:url\" content=\"https:\/\/bhagwan-incense.com\/fr\/produit\/collection-de-batonnets-dencens-de-luxe-a-la-rose\/\" \/>\n<meta property=\"og:site_name\" content=\"Bhagwan Incense | EU and Worldwide Shop\" \/>\n<meta property=\"article:publisher\" content=\"https:\/\/www.facebook.com\/profile.php?id=100093081477613&amp;mibextid=ZbWKwLp\" \/>\n<meta property=\"article:modified_time\" content=\"2026-03-27T20:51:02+00:00\" \/>\n<meta property=\"og:image\" content=\"https:\/\/bhagwan-incense.com\/wp-content\/uploads\/2025\/12\/ROSE-COLLECTION_4\u044515.jpg?wsr\" \/>\n\t<meta property=\"og:image:width\" content=\"1113\" \/>\n\t<meta property=\"og:image:height\" content=\"1113\" \/>\n\t<meta property=\"og:image:type\" content=\"image\/jpeg\" \/>\n<meta name=\"twitter:card\" content=\"summary_large_image\" \/>\n<meta name=\"twitter:label1\" content=\"Dur\u00e9e de lecture estim\u00e9e\" \/>\n\t<meta name=\"twitter:data1\" content=\"1 minute\" \/>\n<script type=\"application\/ld+json\" class=\"yoast-schema-graph\">{\"@context\":\"https:\\\/\\\/schema.org\",\"@graph\":[{\"@type\":\"WebPage\",\"@id\":\"https:\\\/\\\/bhagwan-incense.com\\\/fr\\\/produit\\\/collection-de-batonnets-dencens-de-luxe-a-la-rose\\\/\",\"url\":\"https:\\\/\\\/bhagwan-incense.com\\\/fr\\\/produit\\\/collection-de-batonnets-dencens-de-luxe-a-la-rose\\\/\",\"name\":\"Coffret Cadeau d'Encens \u00e0 la Rose $\\\\vert$ 4 Parfums \u00c9l\u00e9gants $\\\\vert$ Luxe Roul\u00e9 \u00e0 la Main\",\"isPartOf\":{\"@id\":\"https:\\\/\\\/bhagwan-incense.com\\\/fr\\\/#website\"},\"primaryImageOfPage\":{\"@id\":\"https:\\\/\\\/bhagwan-incense.com\\\/fr\\\/produit\\\/collection-de-batonnets-dencens-de-luxe-a-la-rose\\\/#primaryimage\"},\"image\":{\"@id\":\"https:\\\/\\\/bhagwan-incense.com\\\/fr\\\/produit\\\/collection-de-batonnets-dencens-de-luxe-a-la-rose\\\/#primaryimage\"},\"thumbnailUrl\":\"https:\\\/\\\/bhagwan-incense.com\\\/wp-content\\\/uploads\\\/2025\\\/12\\\/ROSE-COLLECTION_4\u044515.jpg?wsr\",\"datePublished\":\"2025-12-13T14:33:33+00:00\",\"dateModified\":\"2026-03-27T20:51:02+00:00\",\"description\":\"Plongez dans 60g d'encens Masala \u00e0 la Rose premium roul\u00e9 \u00e0 la main. Quatre m\u00e9langes de luxe, incluant Oud et Rose et Frankincense et Rose. Fabriqu\u00e9 avec les meilleures huiles essentielles. Encens Masala \u00e0 la Rose naturel de haute qualit\u00e9. Roul\u00e9 \u00e0 la main avec des huiles essentielles pures et des r\u00e9sines naturelles. Parfum de longue dur\u00e9e dans quatre \u00e9l\u00e9gantes bo\u00eetes de 15g.\",\"breadcrumb\":{\"@id\":\"https:\\\/\\\/bhagwan-incense.com\\\/fr\\\/produit\\\/collection-de-batonnets-dencens-de-luxe-a-la-rose\\\/#breadcrumb\"},\"inLanguage\":\"fr-FR\",\"potentialAction\":[{\"@type\":\"ReadAction\",\"target\":[\"https:\\\/\\\/bhagwan-incense.com\\\/fr\\\/produit\\\/collection-de-batonnets-dencens-de-luxe-a-la-rose\\\/\"]}]},{\"@type\":\"ImageObject\",\"inLanguage\":\"fr-FR\",\"@id\":\"https:\\\/\\\/bhagwan-incense.com\\\/fr\\\/produit\\\/collection-de-batonnets-dencens-de-luxe-a-la-rose\\\/#primaryimage\",\"url\":\"https:\\\/\\\/bhagwan-incense.com\\\/wp-content\\\/uploads\\\/2025\\\/12\\\/ROSE-COLLECTION_4\u044515.jpg?wsr\",\"contentUrl\":\"https:\\\/\\\/bhagwan-incense.com\\\/wp-content\\\/uploads\\\/2025\\\/12\\\/ROSE-COLLECTION_4\u044515.jpg?wsr\",\"width\":1113,\"height\":1113},{\"@type\":\"BreadcrumbList\",\"@id\":\"https:\\\/\\\/bhagwan-incense.com\\\/fr\\\/produit\\\/collection-de-batonnets-dencens-de-luxe-a-la-rose\\\/#breadcrumb\",\"itemListElement\":[{\"@type\":\"ListItem\",\"position\":1,\"name\":\"Home\",\"item\":\"https:\\\/\\\/bhagwan-incense.com\\\/fr\\\/\"},{\"@type\":\"ListItem\",\"position\":2,\"name\":\"Boutique\",\"item\":\"https:\\\/\\\/bhagwan-incense.com\\\/fr\\\/boutique\\\/\"},{\"@type\":\"ListItem\",\"position\":3,\"name\":\"Collection de B\u00e2tonnets d&#8217;Encens de Luxe \u00e0 la Rose \u2013 4 x 15g\"}]},{\"@type\":\"WebSite\",\"@id\":\"https:\\\/\\\/bhagwan-incense.com\\\/fr\\\/#website\",\"url\":\"https:\\\/\\\/bhagwan-incense.com\\\/fr\\\/\",\"name\":\"Bhagwan Incense | EU and Worldwide Incense Shop\",\"description\":\"Pure and Natural Incense from India\",\"publisher\":{\"@id\":\"https:\\\/\\\/bhagwan-incense.com\\\/fr\\\/#organization\"},\"potentialAction\":[{\"@type\":\"SearchAction\",\"target\":{\"@type\":\"EntryPoint\",\"urlTemplate\":\"https:\\\/\\\/bhagwan-incense.com\\\/fr\\\/?s={search_term_string}\"},\"query-input\":{\"@type\":\"PropertyValueSpecification\",\"valueRequired\":true,\"valueName\":\"search_term_string\"}}],\"inLanguage\":\"fr-FR\"},{\"@type\":\"Organization\",\"@id\":\"https:\\\/\\\/bhagwan-incense.com\\\/fr\\\/#organization\",\"name\":\"Bhagwan incense\",\"url\":\"https:\\\/\\\/bhagwan-incense.com\\\/fr\\\/\",\"logo\":{\"@type\":\"ImageObject\",\"inLanguage\":\"fr-FR\",\"@id\":\"https:\\\/\\\/bhagwan-incense.com\\\/fr\\\/#\\\/schema\\\/logo\\\/image\\\/\",\"url\":\"https:\\\/\\\/bhagwan-incense.com\\\/wp-content\\\/uploads\\\/2023\\\/06\\\/Logo-black.png\",\"contentUrl\":\"https:\\\/\\\/bhagwan-incense.com\\\/wp-content\\\/uploads\\\/2023\\\/06\\\/Logo-black.png\",\"width\":150,\"height\":150,\"caption\":\"Bhagwan incense\"},\"image\":{\"@id\":\"https:\\\/\\\/bhagwan-incense.com\\\/fr\\\/#\\\/schema\\\/logo\\\/image\\\/\"},\"sameAs\":[\"https:\\\/\\\/www.facebook.com\\\/profile.php?id=100093081477613&mibextid=ZbWKwLp\",\"https:\\\/\\\/www.instagram.com\\\/bhagwan_incense\\\/\"]}]}<\/script>\n<!-- \/ Yoast SEO plugin. -->","yoast_head_json":{"title":"Coffret Cadeau d'Encens \u00e0 la Rose $\\vert$ 4 Parfums \u00c9l\u00e9gants $\\vert$ Luxe Roul\u00e9 \u00e0 la Main","description":"Plongez dans 60g d'encens Masala \u00e0 la Rose premium roul\u00e9 \u00e0 la main. Quatre m\u00e9langes de luxe, incluant Oud et Rose et Frankincense et Rose. Fabriqu\u00e9 avec les meilleures huiles essentielles. Encens Masala \u00e0 la Rose naturel de haute qualit\u00e9. Roul\u00e9 \u00e0 la main avec des huiles essentielles pures et des r\u00e9sines naturelles. Parfum de longue dur\u00e9e dans quatre \u00e9l\u00e9gantes bo\u00eetes de 15g.","robots":{"index":"index","follow":"follow","max-snippet":"max-snippet:-1","max-image-preview":"max-image-preview:large","max-video-preview":"max-video-preview:-1"},"canonical":"https:\/\/bhagwan-incense.com\/fr\/produit\/collection-de-batonnets-dencens-de-luxe-a-la-rose\/","og_locale":"fr_FR","og_type":"article","og_title":"Coffret Cadeau d'Encens \u00e0 la Rose $\\vert$ 4 Parfums \u00c9l\u00e9gants $\\vert$ Luxe Roul\u00e9 \u00e0 la Main","og_description":"Plongez dans 60g d'encens Masala \u00e0 la Rose premium roul\u00e9 \u00e0 la main. Quatre m\u00e9langes de luxe, incluant Oud et Rose et Frankincense et Rose. Fabriqu\u00e9 avec les meilleures huiles essentielles. Encens Masala \u00e0 la Rose naturel de haute qualit\u00e9. Roul\u00e9 \u00e0 la main avec des huiles essentielles pures et des r\u00e9sines naturelles. Parfum de longue dur\u00e9e dans quatre \u00e9l\u00e9gantes bo\u00eetes de 15g.","og_url":"https:\/\/bhagwan-incense.com\/fr\/produit\/collection-de-batonnets-dencens-de-luxe-a-la-rose\/","og_site_name":"Bhagwan Incense | EU and Worldwide Shop","article_publisher":"https:\/\/www.facebook.com\/profile.php?id=100093081477613&mibextid=ZbWKwLp","article_modified_time":"2026-03-27T20:51:02+00:00","og_image":[{"width":1113,"height":1113,"url":"https:\/\/bhagwan-incense.com\/wp-content\/uploads\/2025\/12\/ROSE-COLLECTION_4\u044515.jpg?wsr","type":"image\/jpeg"}],"twitter_card":"summary_large_image","twitter_misc":{"Dur\u00e9e de lecture estim\u00e9e":"1 minute"},"schema":{"@context":"https:\/\/schema.org","@graph":[{"@type":"WebPage","@id":"https:\/\/bhagwan-incense.com\/fr\/produit\/collection-de-batonnets-dencens-de-luxe-a-la-rose\/","url":"https:\/\/bhagwan-incense.com\/fr\/produit\/collection-de-batonnets-dencens-de-luxe-a-la-rose\/","name":"Coffret Cadeau d'Encens \u00e0 la Rose $\\vert$ 4 Parfums \u00c9l\u00e9gants $\\vert$ Luxe Roul\u00e9 \u00e0 la Main","isPartOf":{"@id":"https:\/\/bhagwan-incense.com\/fr\/#website"},"primaryImageOfPage":{"@id":"https:\/\/bhagwan-incense.com\/fr\/produit\/collection-de-batonnets-dencens-de-luxe-a-la-rose\/#primaryimage"},"image":{"@id":"https:\/\/bhagwan-incense.com\/fr\/produit\/collection-de-batonnets-dencens-de-luxe-a-la-rose\/#primaryimage"},"thumbnailUrl":"https:\/\/bhagwan-incense.com\/wp-content\/uploads\/2025\/12\/ROSE-COLLECTION_4\u044515.jpg?wsr","datePublished":"2025-12-13T14:33:33+00:00","dateModified":"2026-03-27T20:51:02+00:00","description":"Plongez dans 60g d'encens Masala \u00e0 la Rose premium roul\u00e9 \u00e0 la main. Quatre m\u00e9langes de luxe, incluant Oud et Rose et Frankincense et Rose. Fabriqu\u00e9 avec les meilleures huiles essentielles. Encens Masala \u00e0 la Rose naturel de haute qualit\u00e9. Roul\u00e9 \u00e0 la main avec des huiles essentielles pures et des r\u00e9sines naturelles. Parfum de longue dur\u00e9e dans quatre \u00e9l\u00e9gantes bo\u00eetes de 15g.","breadcrumb":{"@id":"https:\/\/bhagwan-incense.com\/fr\/produit\/collection-de-batonnets-dencens-de-luxe-a-la-rose\/#breadcrumb"},"inLanguage":"fr-FR","potentialAction":[{"@type":"ReadAction","target":["https:\/\/bhagwan-incense.com\/fr\/produit\/collection-de-batonnets-dencens-de-luxe-a-la-rose\/"]}]},{"@type":"ImageObject","inLanguage":"fr-FR","@id":"https:\/\/bhagwan-incense.com\/fr\/produit\/collection-de-batonnets-dencens-de-luxe-a-la-rose\/#primaryimage","url":"https:\/\/bhagwan-incense.com\/wp-content\/uploads\/2025\/12\/ROSE-COLLECTION_4\u044515.jpg?wsr","contentUrl":"https:\/\/bhagwan-incense.com\/wp-content\/uploads\/2025\/12\/ROSE-COLLECTION_4\u044515.jpg?wsr","width":1113,"height":1113},{"@type":"BreadcrumbList","@id":"https:\/\/bhagwan-incense.com\/fr\/produit\/collection-de-batonnets-dencens-de-luxe-a-la-rose\/#breadcrumb","itemListElement":[{"@type":"ListItem","position":1,"name":"Home","item":"https:\/\/bhagwan-incense.com\/fr\/"},{"@type":"ListItem","position":2,"name":"Boutique","item":"https:\/\/bhagwan-incense.com\/fr\/boutique\/"},{"@type":"ListItem","position":3,"name":"Collection de B\u00e2tonnets d&#8217;Encens de Luxe \u00e0 la Rose \u2013 4 x 15g"}]},{"@type":"WebSite","@id":"https:\/\/bhagwan-incense.com\/fr\/#website","url":"https:\/\/bhagwan-incense.com\/fr\/","name":"Bhagwan Incense | EU and Worldwide Incense Shop","description":"Pure and Natural Incense from India","publisher":{"@id":"https:\/\/bhagwan-incense.com\/fr\/#organization"},"potentialAction":[{"@type":"SearchAction","target":{"@type":"EntryPoint","urlTemplate":"https:\/\/bhagwan-incense.com\/fr\/?s={search_term_string}"},"query-input":{"@type":"PropertyValueSpecification","valueRequired":true,"valueName":"search_term_string"}}],"inLanguage":"fr-FR"},{"@type":"Organization","@id":"https:\/\/bhagwan-incense.com\/fr\/#organization","name":"Bhagwan incense","url":"https:\/\/bhagwan-incense.com\/fr\/","logo":{"@type":"ImageObject","inLanguage":"fr-FR","@id":"https:\/\/bhagwan-incense.com\/fr\/#\/schema\/logo\/image\/","url":"https:\/\/bhagwan-incense.com\/wp-content\/uploads\/2023\/06\/Logo-black.png","contentUrl":"https:\/\/bhagwan-incense.com\/wp-content\/uploads\/2023\/06\/Logo-black.png","width":150,"height":150,"caption":"Bhagwan incense"},"image":{"@id":"https:\/\/bhagwan-incense.com\/fr\/#\/schema\/logo\/image\/"},"sameAs":["https:\/\/www.facebook.com\/profile.php?id=100093081477613&mibextid=ZbWKwLp","https:\/\/www.instagram.com\/bhagwan_incense\/"]}]}},"_links":{"self":[{"href":"https:\/\/bhagwan-incense.com\/fr\/wp-json\/wp\/v2\/product\/17092","targetHints":{"allow":["GET"]}}],"collection":[{"href":"https:\/\/bhagwan-incense.com\/fr\/wp-json\/wp\/v2\/product"}],"about":[{"href":"https:\/\/bhagwan-incense.com\/fr\/wp-json\/wp\/v2\/types\/product"}],"replies":[{"embeddable":true,"href":"https:\/\/bhagwan-incense.com\/fr\/wp-json\/wp\/v2\/comments?post=17092"}],"wp:featuredmedia":[{"embeddable":true,"href":"https:\/\/bhagwan-incense.com\/fr\/wp-json\/wp\/v2\/media\/17094"}],"wp:attachment":[{"href":"https:\/\/bhagwan-incense.com\/fr\/wp-json\/wp\/v2\/media?parent=17092"}],"wp:term":[{"taxonomy":"product_brand","embeddable":true,"href":"https:\/\/bhagwan-incense.com\/fr\/wp-json\/wp\/v2\/product_brand?post=17092"},{"taxonomy":"product_cat","embeddable":true,"href":"https:\/\/bhagwan-incense.com\/fr\/wp-json\/wp\/v2\/product_cat?post=17092"},{"taxonomy":"product_tag","embeddable":true,"href":"https:\/\/bhagwan-incense.com\/fr\/wp-json\/wp\/v2\/product_tag?post=17092"}],"curies":[{"name":"wp","href":"https:\/\/api.w.org\/{rel}","templated":true}]}}