{"id":2622,"date":"2023-01-20T17:57:27","date_gmt":"2023-01-20T16:57:27","guid":{"rendered":"https:\/\/bhagwan-incense.com\/product\/meena-supreme\/"},"modified":"2026-03-27T23:45:38","modified_gmt":"2026-03-27T22:45:38","slug":"meena-supreme","status":"publish","type":"product","link":"https:\/\/bhagwan-incense.com\/fr\/produit\/meena-supreme\/","title":{"rendered":"Meena Supr\u00eame B\u00e2tonnets d&#8217;Encens"},"content":{"rendered":"<p><iframe loading=\"lazy\" title=\"Meena Supreme Product Video\" width=\"563\" height=\"1000\" src=\"https:\/\/www.youtube.com\/embed\/VSZaLi7uzUk?feature=oembed&#038;enablejsapi=1&#038;origin=https:\/\/bhagwan-incense.com\" frameborder=\"0\" allow=\"accelerometer; autoplay; clipboard-write; encrypted-media; gyroscope; picture-in-picture; web-share\" referrerpolicy=\"strict-origin-when-cross-origin\" allowfullscreen><\/iframe><\/p>\n<p><a href=\"https:\/\/youtube.com\/shorts\/oohvleVphBc\">https:\/\/youtube.com\/shorts\/oohvleVphBc<\/a>Un encens \u00e9pais, riche et d\u00e9licieux, gorg\u00e9 d&#8217;huiles essentielles et d&#8217;ingr\u00e9dients parfum\u00e9s. Absolument merveilleux : tr\u00e8s doux, sucr\u00e9 et r\u00e9sineux. Des notes bois\u00e9es, musqu\u00e9es, florales, citronn\u00e9es et vanill\u00e9es s&#8217;entrem\u00ealent pour cr\u00e9er une parfaite harmonie. \u00c0 l&#8217;origine introduit sous la marque Happy Hari au Royaume-Uni, nous sommes fiers de le proposer dans l&#8217;Union Europeenne.<\/p>\n<p>Mike d`<a href=\"https:\/\/olfactoryrescueservice.wordpress.com\/\">Olfactory Rescue Service<\/a> informe: &#8220;Bhagwan reconditionne \u00e9galement le Meena Supreme, et bien que j&#8217;aie d\u00e9j\u00e0 rencontr\u00e9 des contrefa\u00e7ons qui ne sentent pas tout \u00e0 fait correct, non seulement leur Supreme est authentique, mais il semble rester plus frais dans cet emballage que dans la bo\u00eete en carton d&#8217;origine, ce qui est vraiment une belle touche.&#8221;<\/p>\n","protected":false},"excerpt":{"rendered":"<p>Un encens \u00e9pais, riche et d\u00e9licieux, gorg\u00e9 d&#8217;huiles essentielles et d&#8217;ingr\u00e9dients parfum\u00e9s.<\/p>\n","protected":false},"featured_media":2399,"comment_status":"open","ping_status":"closed","template":"","meta":[],"product_brand":[],"product_cat":[84,61,106],"product_tag":[67,72,73],"class_list":{"0":"post-2622","1":"product","2":"type-product","3":"status-publish","4":"has-post-thumbnail","6":"product_cat-exotique-unique","7":"product_cat-floral","8":"product_cat-selection-exclusive-au-meilleur-prix","9":"product_tag-floral-fr-2","10":"product_tag-oriental-fr","11":"product_tag-resineux","13":"first","14":"instock","15":"shipping-taxable","16":"purchasable","17":"product-type-simple"},"yoast_head":"<!-- This site is optimized with the Yoast SEO plugin v27.4 - https:\/\/yoast.com\/product\/yoast-seo-wordpress\/ -->\n<title>Encens Meena Supreme : M\u00e9lange floral luxueux aux notes bois\u00e9es et citronn\u00e9es.<\/title>\n<meta name=\"description\" content=\"D\u00e9couvert par Happy Harri, Meena Supreme, l&#039;encens Flora Fluxo le plus populaire en Occident. Achetez-le \u00e0 prix avantageux chez un distributeur direct de l&#039;UE.\" \/>\n<meta name=\"robots\" content=\"index, follow, max-snippet:-1, max-image-preview:large, max-video-preview:-1\" \/>\n<link rel=\"canonical\" href=\"https:\/\/bhagwan-incense.com\/fr\/produit\/meena-supreme\/\" \/>\n<meta property=\"og:locale\" content=\"fr_FR\" \/>\n<meta property=\"og:type\" content=\"article\" \/>\n<meta property=\"og:title\" content=\"Encens Meena Supreme : M\u00e9lange floral luxueux aux notes bois\u00e9es et citronn\u00e9es.\" \/>\n<meta property=\"og:description\" content=\"D\u00e9couvert par Happy Harri, Meena Supreme, l&#039;encens Flora Fluxo le plus populaire en Occident. Achetez-le \u00e0 prix avantageux chez un distributeur direct de l&#039;UE.\" \/>\n<meta property=\"og:url\" content=\"https:\/\/bhagwan-incense.com\/fr\/produit\/meena-supreme\/\" \/>\n<meta property=\"og:site_name\" content=\"Bhagwan Incense | EU and Worldwide Shop\" \/>\n<meta property=\"article:publisher\" content=\"https:\/\/www.facebook.com\/profile.php?id=100093081477613&amp;mibextid=ZbWKwLp\" \/>\n<meta property=\"article:modified_time\" content=\"2026-03-27T22:45:38+00:00\" \/>\n<meta property=\"og:image\" content=\"https:\/\/bhagwan-incense.com\/wp-content\/uploads\/2023\/01\/IMG_0032.jpg?wsr\" \/>\n\t<meta property=\"og:image:width\" content=\"842\" \/>\n\t<meta property=\"og:image:height\" content=\"1262\" \/>\n\t<meta property=\"og:image:type\" content=\"image\/jpeg\" \/>\n<meta name=\"twitter:card\" content=\"summary_large_image\" \/>\n<meta name=\"twitter:label1\" content=\"Dur\u00e9e de lecture estim\u00e9e\" \/>\n\t<meta name=\"twitter:data1\" content=\"1 minute\" \/>\n<script type=\"application\/ld+json\" class=\"yoast-schema-graph\">{\"@context\":\"https:\\\/\\\/schema.org\",\"@graph\":[{\"@type\":\"WebPage\",\"@id\":\"https:\\\/\\\/bhagwan-incense.com\\\/fr\\\/produit\\\/meena-supreme\\\/\",\"url\":\"https:\\\/\\\/bhagwan-incense.com\\\/fr\\\/produit\\\/meena-supreme\\\/\",\"name\":\"Encens Meena Supreme : M\u00e9lange floral luxueux aux notes bois\u00e9es et citronn\u00e9es.\",\"isPartOf\":{\"@id\":\"https:\\\/\\\/bhagwan-incense.com\\\/fr\\\/#website\"},\"primaryImageOfPage\":{\"@id\":\"https:\\\/\\\/bhagwan-incense.com\\\/fr\\\/produit\\\/meena-supreme\\\/#primaryimage\"},\"image\":{\"@id\":\"https:\\\/\\\/bhagwan-incense.com\\\/fr\\\/produit\\\/meena-supreme\\\/#primaryimage\"},\"thumbnailUrl\":\"https:\\\/\\\/bhagwan-incense.com\\\/wp-content\\\/uploads\\\/2023\\\/01\\\/IMG_0032.jpg?wsr\",\"datePublished\":\"2023-01-20T16:57:27+00:00\",\"dateModified\":\"2026-03-27T22:45:38+00:00\",\"description\":\"D\u00e9couvert par Happy Harri, Meena Supreme, l'encens Flora Fluxo le plus populaire en Occident. Achetez-le \u00e0 prix avantageux chez un distributeur direct de l'UE.\",\"breadcrumb\":{\"@id\":\"https:\\\/\\\/bhagwan-incense.com\\\/fr\\\/produit\\\/meena-supreme\\\/#breadcrumb\"},\"inLanguage\":\"fr-FR\",\"potentialAction\":[{\"@type\":\"ReadAction\",\"target\":[\"https:\\\/\\\/bhagwan-incense.com\\\/fr\\\/produit\\\/meena-supreme\\\/\"]}]},{\"@type\":\"ImageObject\",\"inLanguage\":\"fr-FR\",\"@id\":\"https:\\\/\\\/bhagwan-incense.com\\\/fr\\\/produit\\\/meena-supreme\\\/#primaryimage\",\"url\":\"https:\\\/\\\/bhagwan-incense.com\\\/wp-content\\\/uploads\\\/2023\\\/01\\\/IMG_0032.jpg?wsr\",\"contentUrl\":\"https:\\\/\\\/bhagwan-incense.com\\\/wp-content\\\/uploads\\\/2023\\\/01\\\/IMG_0032.jpg?wsr\",\"width\":842,\"height\":1262},{\"@type\":\"BreadcrumbList\",\"@id\":\"https:\\\/\\\/bhagwan-incense.com\\\/fr\\\/produit\\\/meena-supreme\\\/#breadcrumb\",\"itemListElement\":[{\"@type\":\"ListItem\",\"position\":1,\"name\":\"Home\",\"item\":\"https:\\\/\\\/bhagwan-incense.com\\\/fr\\\/\"},{\"@type\":\"ListItem\",\"position\":2,\"name\":\"Boutique\",\"item\":\"https:\\\/\\\/bhagwan-incense.com\\\/fr\\\/boutique\\\/\"},{\"@type\":\"ListItem\",\"position\":3,\"name\":\"Meena Supr\u00eame B\u00e2tonnets d&#8217;Encens\"}]},{\"@type\":\"WebSite\",\"@id\":\"https:\\\/\\\/bhagwan-incense.com\\\/fr\\\/#website\",\"url\":\"https:\\\/\\\/bhagwan-incense.com\\\/fr\\\/\",\"name\":\"Bhagwan Incense | EU and Worldwide Incense Shop\",\"description\":\"Pure and Natural Incense from India\",\"publisher\":{\"@id\":\"https:\\\/\\\/bhagwan-incense.com\\\/fr\\\/#organization\"},\"potentialAction\":[{\"@type\":\"SearchAction\",\"target\":{\"@type\":\"EntryPoint\",\"urlTemplate\":\"https:\\\/\\\/bhagwan-incense.com\\\/fr\\\/?s={search_term_string}\"},\"query-input\":{\"@type\":\"PropertyValueSpecification\",\"valueRequired\":true,\"valueName\":\"search_term_string\"}}],\"inLanguage\":\"fr-FR\"},{\"@type\":\"Organization\",\"@id\":\"https:\\\/\\\/bhagwan-incense.com\\\/fr\\\/#organization\",\"name\":\"Bhagwan incense\",\"url\":\"https:\\\/\\\/bhagwan-incense.com\\\/fr\\\/\",\"logo\":{\"@type\":\"ImageObject\",\"inLanguage\":\"fr-FR\",\"@id\":\"https:\\\/\\\/bhagwan-incense.com\\\/fr\\\/#\\\/schema\\\/logo\\\/image\\\/\",\"url\":\"https:\\\/\\\/bhagwan-incense.com\\\/wp-content\\\/uploads\\\/2023\\\/06\\\/Logo-black.png\",\"contentUrl\":\"https:\\\/\\\/bhagwan-incense.com\\\/wp-content\\\/uploads\\\/2023\\\/06\\\/Logo-black.png\",\"width\":150,\"height\":150,\"caption\":\"Bhagwan incense\"},\"image\":{\"@id\":\"https:\\\/\\\/bhagwan-incense.com\\\/fr\\\/#\\\/schema\\\/logo\\\/image\\\/\"},\"sameAs\":[\"https:\\\/\\\/www.facebook.com\\\/profile.php?id=100093081477613&mibextid=ZbWKwLp\",\"https:\\\/\\\/www.instagram.com\\\/bhagwan_incense\\\/\"]}]}<\/script>\n<!-- \/ Yoast SEO plugin. -->","yoast_head_json":{"title":"Encens Meena Supreme : M\u00e9lange floral luxueux aux notes bois\u00e9es et citronn\u00e9es.","description":"D\u00e9couvert par Happy Harri, Meena Supreme, l'encens Flora Fluxo le plus populaire en Occident. Achetez-le \u00e0 prix avantageux chez un distributeur direct de l'UE.","robots":{"index":"index","follow":"follow","max-snippet":"max-snippet:-1","max-image-preview":"max-image-preview:large","max-video-preview":"max-video-preview:-1"},"canonical":"https:\/\/bhagwan-incense.com\/fr\/produit\/meena-supreme\/","og_locale":"fr_FR","og_type":"article","og_title":"Encens Meena Supreme : M\u00e9lange floral luxueux aux notes bois\u00e9es et citronn\u00e9es.","og_description":"D\u00e9couvert par Happy Harri, Meena Supreme, l'encens Flora Fluxo le plus populaire en Occident. Achetez-le \u00e0 prix avantageux chez un distributeur direct de l'UE.","og_url":"https:\/\/bhagwan-incense.com\/fr\/produit\/meena-supreme\/","og_site_name":"Bhagwan Incense | EU and Worldwide Shop","article_publisher":"https:\/\/www.facebook.com\/profile.php?id=100093081477613&mibextid=ZbWKwLp","article_modified_time":"2026-03-27T22:45:38+00:00","og_image":[{"width":842,"height":1262,"url":"https:\/\/bhagwan-incense.com\/wp-content\/uploads\/2023\/01\/IMG_0032.jpg?wsr","type":"image\/jpeg"}],"twitter_card":"summary_large_image","twitter_misc":{"Dur\u00e9e de lecture estim\u00e9e":"1 minute"},"schema":{"@context":"https:\/\/schema.org","@graph":[{"@type":"WebPage","@id":"https:\/\/bhagwan-incense.com\/fr\/produit\/meena-supreme\/","url":"https:\/\/bhagwan-incense.com\/fr\/produit\/meena-supreme\/","name":"Encens Meena Supreme : M\u00e9lange floral luxueux aux notes bois\u00e9es et citronn\u00e9es.","isPartOf":{"@id":"https:\/\/bhagwan-incense.com\/fr\/#website"},"primaryImageOfPage":{"@id":"https:\/\/bhagwan-incense.com\/fr\/produit\/meena-supreme\/#primaryimage"},"image":{"@id":"https:\/\/bhagwan-incense.com\/fr\/produit\/meena-supreme\/#primaryimage"},"thumbnailUrl":"https:\/\/bhagwan-incense.com\/wp-content\/uploads\/2023\/01\/IMG_0032.jpg?wsr","datePublished":"2023-01-20T16:57:27+00:00","dateModified":"2026-03-27T22:45:38+00:00","description":"D\u00e9couvert par Happy Harri, Meena Supreme, l'encens Flora Fluxo le plus populaire en Occident. Achetez-le \u00e0 prix avantageux chez un distributeur direct de l'UE.","breadcrumb":{"@id":"https:\/\/bhagwan-incense.com\/fr\/produit\/meena-supreme\/#breadcrumb"},"inLanguage":"fr-FR","potentialAction":[{"@type":"ReadAction","target":["https:\/\/bhagwan-incense.com\/fr\/produit\/meena-supreme\/"]}]},{"@type":"ImageObject","inLanguage":"fr-FR","@id":"https:\/\/bhagwan-incense.com\/fr\/produit\/meena-supreme\/#primaryimage","url":"https:\/\/bhagwan-incense.com\/wp-content\/uploads\/2023\/01\/IMG_0032.jpg?wsr","contentUrl":"https:\/\/bhagwan-incense.com\/wp-content\/uploads\/2023\/01\/IMG_0032.jpg?wsr","width":842,"height":1262},{"@type":"BreadcrumbList","@id":"https:\/\/bhagwan-incense.com\/fr\/produit\/meena-supreme\/#breadcrumb","itemListElement":[{"@type":"ListItem","position":1,"name":"Home","item":"https:\/\/bhagwan-incense.com\/fr\/"},{"@type":"ListItem","position":2,"name":"Boutique","item":"https:\/\/bhagwan-incense.com\/fr\/boutique\/"},{"@type":"ListItem","position":3,"name":"Meena Supr\u00eame B\u00e2tonnets d&#8217;Encens"}]},{"@type":"WebSite","@id":"https:\/\/bhagwan-incense.com\/fr\/#website","url":"https:\/\/bhagwan-incense.com\/fr\/","name":"Bhagwan Incense | EU and Worldwide Incense Shop","description":"Pure and Natural Incense from India","publisher":{"@id":"https:\/\/bhagwan-incense.com\/fr\/#organization"},"potentialAction":[{"@type":"SearchAction","target":{"@type":"EntryPoint","urlTemplate":"https:\/\/bhagwan-incense.com\/fr\/?s={search_term_string}"},"query-input":{"@type":"PropertyValueSpecification","valueRequired":true,"valueName":"search_term_string"}}],"inLanguage":"fr-FR"},{"@type":"Organization","@id":"https:\/\/bhagwan-incense.com\/fr\/#organization","name":"Bhagwan incense","url":"https:\/\/bhagwan-incense.com\/fr\/","logo":{"@type":"ImageObject","inLanguage":"fr-FR","@id":"https:\/\/bhagwan-incense.com\/fr\/#\/schema\/logo\/image\/","url":"https:\/\/bhagwan-incense.com\/wp-content\/uploads\/2023\/06\/Logo-black.png","contentUrl":"https:\/\/bhagwan-incense.com\/wp-content\/uploads\/2023\/06\/Logo-black.png","width":150,"height":150,"caption":"Bhagwan incense"},"image":{"@id":"https:\/\/bhagwan-incense.com\/fr\/#\/schema\/logo\/image\/"},"sameAs":["https:\/\/www.facebook.com\/profile.php?id=100093081477613&mibextid=ZbWKwLp","https:\/\/www.instagram.com\/bhagwan_incense\/"]}]}},"_links":{"self":[{"href":"https:\/\/bhagwan-incense.com\/fr\/wp-json\/wp\/v2\/product\/2622","targetHints":{"allow":["GET"]}}],"collection":[{"href":"https:\/\/bhagwan-incense.com\/fr\/wp-json\/wp\/v2\/product"}],"about":[{"href":"https:\/\/bhagwan-incense.com\/fr\/wp-json\/wp\/v2\/types\/product"}],"replies":[{"embeddable":true,"href":"https:\/\/bhagwan-incense.com\/fr\/wp-json\/wp\/v2\/comments?post=2622"}],"wp:featuredmedia":[{"embeddable":true,"href":"https:\/\/bhagwan-incense.com\/fr\/wp-json\/wp\/v2\/media\/2399"}],"wp:attachment":[{"href":"https:\/\/bhagwan-incense.com\/fr\/wp-json\/wp\/v2\/media?parent=2622"}],"wp:term":[{"taxonomy":"product_brand","embeddable":true,"href":"https:\/\/bhagwan-incense.com\/fr\/wp-json\/wp\/v2\/product_brand?post=2622"},{"taxonomy":"product_cat","embeddable":true,"href":"https:\/\/bhagwan-incense.com\/fr\/wp-json\/wp\/v2\/product_cat?post=2622"},{"taxonomy":"product_tag","embeddable":true,"href":"https:\/\/bhagwan-incense.com\/fr\/wp-json\/wp\/v2\/product_tag?post=2622"}],"curies":[{"name":"wp","href":"https:\/\/api.w.org\/{rel}","templated":true}]}}