{"id":2623,"date":"2023-03-09T11:07:35","date_gmt":"2023-03-09T10:07:35","guid":{"rendered":"https:\/\/bhagwan-incense.com\/product\/santal-royal\/"},"modified":"2024-05-27T22:44:37","modified_gmt":"2024-05-27T20:44:37","slug":"royal-sandalwood-2","status":"publish","type":"product","link":"https:\/\/bhagwan-incense.com\/fr\/produit\/royal-sandalwood-2\/","title":{"rendered":"Santal Royal B\u00e2tonnets d&#8217;Encens"},"content":{"rendered":"<p>Un bois de santal de qualit\u00e9 sup\u00e9rieure. L&#8217;un des ar\u00f4mes de bois de santal les plus intenses jamais exist\u00e9 &#8211; bois\u00e9 et chaleureux, fort et masculin. Mystique et sensuel, il enveloppe dans une richesse chaleureuse et durable des bons vieux temps. Abondant en huile de bois de santal pr\u00e9cieuse, cet ar\u00f4me est v\u00e9ritablement aristocratique.<\/p>\n<p>Il poss\u00e8de cette rare qualit\u00e9 intemporelle qui vous transporte dans l&#8217;\u00e9treinte d&#8217;un pass\u00e9 chaleureux et durable. Nos b\u00e2tonnets d&#8217;encens sont impr\u00e9gn\u00e9s en abondance d&#8217;huile de bois de santal luxueuse, rendant ce parfum v\u00e9ritablement aristocratique.<\/p>\n<p>&nbsp;<\/p>\n<p>&nbsp;<\/p>\n","protected":false},"excerpt":{"rendered":"<p>Un bois de santal de qualit\u00e9 sup\u00e9rieure. L&#8217;un des ar\u00f4mes de bois de santal les plus intenses jamais exist\u00e9 &#8211; bois\u00e9 et chaleureux, fort et masculin.<\/p>\n","protected":false},"featured_media":2363,"comment_status":"open","ping_status":"closed","template":"","meta":[],"product_brand":[],"product_cat":[60,85,59],"product_tag":[72],"class_list":{"0":"post-2623","1":"product","2":"type-product","3":"status-publish","4":"has-post-thumbnail","6":"product_cat-boise","7":"product_cat-yoga-fr","8":"product_cat-santal","9":"product_tag-oriental-fr","11":"first","12":"instock","13":"shipping-taxable","14":"purchasable","15":"product-type-simple"},"yoast_head":"<!-- This site is optimized with the Yoast SEO plugin v27.4 - https:\/\/yoast.com\/product\/yoast-seo-wordpress\/ -->\n<title>B\u00e2tonnets d&#039;encens Royal au bois de santal | Fragrance bois\u00e9e, chaleureuse et masculine.<\/title>\n<meta name=\"description\" content=\"D\u00e9couvrez la richesse de nos b\u00e2tonnets d&#039;encens Royal au bois de santal. Un parfum bois\u00e9, chaleureux et masculin avec une huile de santal abondante. \u00c9levez vos sens aujourd&#039;hui.\" \/>\n<meta name=\"robots\" content=\"index, follow, max-snippet:-1, max-image-preview:large, max-video-preview:-1\" \/>\n<link rel=\"canonical\" href=\"https:\/\/bhagwan-incense.com\/fr\/produit\/royal-sandalwood-2\/\" \/>\n<meta property=\"og:locale\" content=\"fr_FR\" \/>\n<meta property=\"og:type\" content=\"article\" \/>\n<meta property=\"og:title\" content=\"B\u00e2tonnets d&#039;encens Royal au bois de santal | Fragrance bois\u00e9e, chaleureuse et masculine.\" \/>\n<meta property=\"og:description\" content=\"D\u00e9couvrez la richesse de nos b\u00e2tonnets d&#039;encens Royal au bois de santal. Un parfum bois\u00e9, chaleureux et masculin avec une huile de santal abondante. \u00c9levez vos sens aujourd&#039;hui.\" \/>\n<meta property=\"og:url\" content=\"https:\/\/bhagwan-incense.com\/fr\/produit\/royal-sandalwood-2\/\" \/>\n<meta property=\"og:site_name\" content=\"Bhagwan Incense | EU and Worldwide Shop\" \/>\n<meta property=\"article:publisher\" content=\"https:\/\/www.facebook.com\/profile.php?id=100093081477613&amp;mibextid=ZbWKwLp\" \/>\n<meta property=\"article:modified_time\" content=\"2024-05-27T20:44:37+00:00\" \/>\n<meta property=\"og:image\" content=\"https:\/\/bhagwan-incense.com\/wp-content\/uploads\/2023\/03\/IMG_0032-e1691511497515.jpg\" \/>\n\t<meta property=\"og:image:width\" content=\"703\" \/>\n\t<meta property=\"og:image:height\" content=\"1054\" \/>\n\t<meta property=\"og:image:type\" content=\"image\/jpeg\" \/>\n<meta name=\"twitter:card\" content=\"summary_large_image\" \/>\n<meta name=\"twitter:label1\" content=\"Dur\u00e9e de lecture estim\u00e9e\" \/>\n\t<meta name=\"twitter:data1\" content=\"1 minute\" \/>\n<script type=\"application\/ld+json\" class=\"yoast-schema-graph\">{\"@context\":\"https:\\\/\\\/schema.org\",\"@graph\":[{\"@type\":\"WebPage\",\"@id\":\"https:\\\/\\\/bhagwan-incense.com\\\/fr\\\/produit\\\/royal-sandalwood-2\\\/\",\"url\":\"https:\\\/\\\/bhagwan-incense.com\\\/fr\\\/produit\\\/royal-sandalwood-2\\\/\",\"name\":\"B\u00e2tonnets d'encens Royal au bois de santal | Fragrance bois\u00e9e, chaleureuse et masculine.\",\"isPartOf\":{\"@id\":\"https:\\\/\\\/bhagwan-incense.com\\\/fr\\\/#website\"},\"primaryImageOfPage\":{\"@id\":\"https:\\\/\\\/bhagwan-incense.com\\\/fr\\\/produit\\\/royal-sandalwood-2\\\/#primaryimage\"},\"image\":{\"@id\":\"https:\\\/\\\/bhagwan-incense.com\\\/fr\\\/produit\\\/royal-sandalwood-2\\\/#primaryimage\"},\"thumbnailUrl\":\"https:\\\/\\\/bhagwan-incense.com\\\/wp-content\\\/uploads\\\/2023\\\/03\\\/IMG_0032-e1691511497515.jpg?wsr\",\"datePublished\":\"2023-03-09T10:07:35+00:00\",\"dateModified\":\"2024-05-27T20:44:37+00:00\",\"description\":\"D\u00e9couvrez la richesse de nos b\u00e2tonnets d'encens Royal au bois de santal. Un parfum bois\u00e9, chaleureux et masculin avec une huile de santal abondante. \u00c9levez vos sens aujourd'hui.\",\"breadcrumb\":{\"@id\":\"https:\\\/\\\/bhagwan-incense.com\\\/fr\\\/produit\\\/royal-sandalwood-2\\\/#breadcrumb\"},\"inLanguage\":\"fr-FR\",\"potentialAction\":[{\"@type\":\"ReadAction\",\"target\":[\"https:\\\/\\\/bhagwan-incense.com\\\/fr\\\/produit\\\/royal-sandalwood-2\\\/\"]}]},{\"@type\":\"ImageObject\",\"inLanguage\":\"fr-FR\",\"@id\":\"https:\\\/\\\/bhagwan-incense.com\\\/fr\\\/produit\\\/royal-sandalwood-2\\\/#primaryimage\",\"url\":\"https:\\\/\\\/bhagwan-incense.com\\\/wp-content\\\/uploads\\\/2023\\\/03\\\/IMG_0032-e1691511497515.jpg?wsr\",\"contentUrl\":\"https:\\\/\\\/bhagwan-incense.com\\\/wp-content\\\/uploads\\\/2023\\\/03\\\/IMG_0032-e1691511497515.jpg?wsr\",\"width\":703,\"height\":1054},{\"@type\":\"BreadcrumbList\",\"@id\":\"https:\\\/\\\/bhagwan-incense.com\\\/fr\\\/produit\\\/royal-sandalwood-2\\\/#breadcrumb\",\"itemListElement\":[{\"@type\":\"ListItem\",\"position\":1,\"name\":\"Home\",\"item\":\"https:\\\/\\\/bhagwan-incense.com\\\/fr\\\/\"},{\"@type\":\"ListItem\",\"position\":2,\"name\":\"Boutique\",\"item\":\"https:\\\/\\\/bhagwan-incense.com\\\/fr\\\/boutique\\\/\"},{\"@type\":\"ListItem\",\"position\":3,\"name\":\"Santal Royal B\u00e2tonnets d&#8217;Encens\"}]},{\"@type\":\"WebSite\",\"@id\":\"https:\\\/\\\/bhagwan-incense.com\\\/fr\\\/#website\",\"url\":\"https:\\\/\\\/bhagwan-incense.com\\\/fr\\\/\",\"name\":\"Bhagwan Incense | EU and Worldwide Incense Shop\",\"description\":\"Pure and Natural Incense from India\",\"publisher\":{\"@id\":\"https:\\\/\\\/bhagwan-incense.com\\\/fr\\\/#organization\"},\"potentialAction\":[{\"@type\":\"SearchAction\",\"target\":{\"@type\":\"EntryPoint\",\"urlTemplate\":\"https:\\\/\\\/bhagwan-incense.com\\\/fr\\\/?s={search_term_string}\"},\"query-input\":{\"@type\":\"PropertyValueSpecification\",\"valueRequired\":true,\"valueName\":\"search_term_string\"}}],\"inLanguage\":\"fr-FR\"},{\"@type\":\"Organization\",\"@id\":\"https:\\\/\\\/bhagwan-incense.com\\\/fr\\\/#organization\",\"name\":\"Bhagwan incense\",\"url\":\"https:\\\/\\\/bhagwan-incense.com\\\/fr\\\/\",\"logo\":{\"@type\":\"ImageObject\",\"inLanguage\":\"fr-FR\",\"@id\":\"https:\\\/\\\/bhagwan-incense.com\\\/fr\\\/#\\\/schema\\\/logo\\\/image\\\/\",\"url\":\"https:\\\/\\\/bhagwan-incense.com\\\/wp-content\\\/uploads\\\/2023\\\/06\\\/Logo-black.png\",\"contentUrl\":\"https:\\\/\\\/bhagwan-incense.com\\\/wp-content\\\/uploads\\\/2023\\\/06\\\/Logo-black.png\",\"width\":150,\"height\":150,\"caption\":\"Bhagwan incense\"},\"image\":{\"@id\":\"https:\\\/\\\/bhagwan-incense.com\\\/fr\\\/#\\\/schema\\\/logo\\\/image\\\/\"},\"sameAs\":[\"https:\\\/\\\/www.facebook.com\\\/profile.php?id=100093081477613&mibextid=ZbWKwLp\",\"https:\\\/\\\/www.instagram.com\\\/bhagwan_incense\\\/\"]}]}<\/script>\n<!-- \/ Yoast SEO plugin. -->","yoast_head_json":{"title":"B\u00e2tonnets d'encens Royal au bois de santal | Fragrance bois\u00e9e, chaleureuse et masculine.","description":"D\u00e9couvrez la richesse de nos b\u00e2tonnets d'encens Royal au bois de santal. Un parfum bois\u00e9, chaleureux et masculin avec une huile de santal abondante. \u00c9levez vos sens aujourd'hui.","robots":{"index":"index","follow":"follow","max-snippet":"max-snippet:-1","max-image-preview":"max-image-preview:large","max-video-preview":"max-video-preview:-1"},"canonical":"https:\/\/bhagwan-incense.com\/fr\/produit\/royal-sandalwood-2\/","og_locale":"fr_FR","og_type":"article","og_title":"B\u00e2tonnets d'encens Royal au bois de santal | Fragrance bois\u00e9e, chaleureuse et masculine.","og_description":"D\u00e9couvrez la richesse de nos b\u00e2tonnets d'encens Royal au bois de santal. Un parfum bois\u00e9, chaleureux et masculin avec une huile de santal abondante. \u00c9levez vos sens aujourd'hui.","og_url":"https:\/\/bhagwan-incense.com\/fr\/produit\/royal-sandalwood-2\/","og_site_name":"Bhagwan Incense | EU and Worldwide Shop","article_publisher":"https:\/\/www.facebook.com\/profile.php?id=100093081477613&mibextid=ZbWKwLp","article_modified_time":"2024-05-27T20:44:37+00:00","og_image":[{"width":703,"height":1054,"url":"https:\/\/bhagwan-incense.com\/wp-content\/uploads\/2023\/03\/IMG_0032-e1691511497515.jpg","type":"image\/jpeg"}],"twitter_card":"summary_large_image","twitter_misc":{"Dur\u00e9e de lecture estim\u00e9e":"1 minute"},"schema":{"@context":"https:\/\/schema.org","@graph":[{"@type":"WebPage","@id":"https:\/\/bhagwan-incense.com\/fr\/produit\/royal-sandalwood-2\/","url":"https:\/\/bhagwan-incense.com\/fr\/produit\/royal-sandalwood-2\/","name":"B\u00e2tonnets d'encens Royal au bois de santal | Fragrance bois\u00e9e, chaleureuse et masculine.","isPartOf":{"@id":"https:\/\/bhagwan-incense.com\/fr\/#website"},"primaryImageOfPage":{"@id":"https:\/\/bhagwan-incense.com\/fr\/produit\/royal-sandalwood-2\/#primaryimage"},"image":{"@id":"https:\/\/bhagwan-incense.com\/fr\/produit\/royal-sandalwood-2\/#primaryimage"},"thumbnailUrl":"https:\/\/bhagwan-incense.com\/wp-content\/uploads\/2023\/03\/IMG_0032-e1691511497515.jpg?wsr","datePublished":"2023-03-09T10:07:35+00:00","dateModified":"2024-05-27T20:44:37+00:00","description":"D\u00e9couvrez la richesse de nos b\u00e2tonnets d'encens Royal au bois de santal. Un parfum bois\u00e9, chaleureux et masculin avec une huile de santal abondante. \u00c9levez vos sens aujourd'hui.","breadcrumb":{"@id":"https:\/\/bhagwan-incense.com\/fr\/produit\/royal-sandalwood-2\/#breadcrumb"},"inLanguage":"fr-FR","potentialAction":[{"@type":"ReadAction","target":["https:\/\/bhagwan-incense.com\/fr\/produit\/royal-sandalwood-2\/"]}]},{"@type":"ImageObject","inLanguage":"fr-FR","@id":"https:\/\/bhagwan-incense.com\/fr\/produit\/royal-sandalwood-2\/#primaryimage","url":"https:\/\/bhagwan-incense.com\/wp-content\/uploads\/2023\/03\/IMG_0032-e1691511497515.jpg?wsr","contentUrl":"https:\/\/bhagwan-incense.com\/wp-content\/uploads\/2023\/03\/IMG_0032-e1691511497515.jpg?wsr","width":703,"height":1054},{"@type":"BreadcrumbList","@id":"https:\/\/bhagwan-incense.com\/fr\/produit\/royal-sandalwood-2\/#breadcrumb","itemListElement":[{"@type":"ListItem","position":1,"name":"Home","item":"https:\/\/bhagwan-incense.com\/fr\/"},{"@type":"ListItem","position":2,"name":"Boutique","item":"https:\/\/bhagwan-incense.com\/fr\/boutique\/"},{"@type":"ListItem","position":3,"name":"Santal Royal B\u00e2tonnets d&#8217;Encens"}]},{"@type":"WebSite","@id":"https:\/\/bhagwan-incense.com\/fr\/#website","url":"https:\/\/bhagwan-incense.com\/fr\/","name":"Bhagwan Incense | EU and Worldwide Incense Shop","description":"Pure and Natural Incense from India","publisher":{"@id":"https:\/\/bhagwan-incense.com\/fr\/#organization"},"potentialAction":[{"@type":"SearchAction","target":{"@type":"EntryPoint","urlTemplate":"https:\/\/bhagwan-incense.com\/fr\/?s={search_term_string}"},"query-input":{"@type":"PropertyValueSpecification","valueRequired":true,"valueName":"search_term_string"}}],"inLanguage":"fr-FR"},{"@type":"Organization","@id":"https:\/\/bhagwan-incense.com\/fr\/#organization","name":"Bhagwan incense","url":"https:\/\/bhagwan-incense.com\/fr\/","logo":{"@type":"ImageObject","inLanguage":"fr-FR","@id":"https:\/\/bhagwan-incense.com\/fr\/#\/schema\/logo\/image\/","url":"https:\/\/bhagwan-incense.com\/wp-content\/uploads\/2023\/06\/Logo-black.png","contentUrl":"https:\/\/bhagwan-incense.com\/wp-content\/uploads\/2023\/06\/Logo-black.png","width":150,"height":150,"caption":"Bhagwan incense"},"image":{"@id":"https:\/\/bhagwan-incense.com\/fr\/#\/schema\/logo\/image\/"},"sameAs":["https:\/\/www.facebook.com\/profile.php?id=100093081477613&mibextid=ZbWKwLp","https:\/\/www.instagram.com\/bhagwan_incense\/"]}]}},"_links":{"self":[{"href":"https:\/\/bhagwan-incense.com\/fr\/wp-json\/wp\/v2\/product\/2623","targetHints":{"allow":["GET"]}}],"collection":[{"href":"https:\/\/bhagwan-incense.com\/fr\/wp-json\/wp\/v2\/product"}],"about":[{"href":"https:\/\/bhagwan-incense.com\/fr\/wp-json\/wp\/v2\/types\/product"}],"replies":[{"embeddable":true,"href":"https:\/\/bhagwan-incense.com\/fr\/wp-json\/wp\/v2\/comments?post=2623"}],"wp:featuredmedia":[{"embeddable":true,"href":"https:\/\/bhagwan-incense.com\/fr\/wp-json\/wp\/v2\/media\/2363"}],"wp:attachment":[{"href":"https:\/\/bhagwan-incense.com\/fr\/wp-json\/wp\/v2\/media?parent=2623"}],"wp:term":[{"taxonomy":"product_brand","embeddable":true,"href":"https:\/\/bhagwan-incense.com\/fr\/wp-json\/wp\/v2\/product_brand?post=2623"},{"taxonomy":"product_cat","embeddable":true,"href":"https:\/\/bhagwan-incense.com\/fr\/wp-json\/wp\/v2\/product_cat?post=2623"},{"taxonomy":"product_tag","embeddable":true,"href":"https:\/\/bhagwan-incense.com\/fr\/wp-json\/wp\/v2\/product_tag?post=2623"}],"curies":[{"name":"wp","href":"https:\/\/api.w.org\/{rel}","templated":true}]}}