{"id":2630,"date":"2023-01-18T10:41:33","date_gmt":"2023-01-18T09:41:33","guid":{"rendered":"https:\/\/bhagwan-incense.com\/product\/myrrhe-royale\/"},"modified":"2026-03-24T19:34:58","modified_gmt":"2026-03-24T18:34:58","slug":"royal-myrrh-2","status":"publish","type":"product","link":"https:\/\/bhagwan-incense.com\/fr\/produit\/royal-myrrh-2\/","title":{"rendered":"Myrrhe Royale B\u00e2tonnets d&#8217;Encens"},"content":{"rendered":"<p><span style=\"font-weight: 400;\">Une fragrance bois\u00e9e tr\u00e8s douce et chaleureuse, fabriqu\u00e9 avec de la r\u00e9sine de myrrhe de la plus haute qualit\u00e9. Douce et apaisante, r\u00e9sineuse et sucr\u00e9e, astringente et l\u00e9g\u00e8rement \u00e9pic\u00e9e, avec des notes de fleurs sauvages s\u00e9ch\u00e9es. Des preuves historiques sugg\u00e8rent que la myrrhe est utilis\u00e9e depuis des mill\u00e9naires, depuis au moins 2500 avant notre \u00e8re.<\/span><\/p>\n","protected":false},"excerpt":{"rendered":"<p><span style=\"font-weight: 400;\">Une fragrance bois\u00e9e tr\u00e8s douce et chaleureuse, fabriqu\u00e9 avec de la r\u00e9sine de myrrhe de la plus haute qualit\u00e9.<\/span><\/p>\n","protected":false},"featured_media":2443,"comment_status":"open","ping_status":"closed","template":"","meta":[],"product_brand":[],"product_cat":[60,116],"product_tag":[75,72,73],"class_list":{"0":"post-2630","1":"product","2":"type-product","3":"status-publish","4":"has-post-thumbnail","6":"product_cat-boise","7":"product_cat-oliban-myrrhe-benjoin","8":"product_tag-boise","9":"product_tag-oriental-fr","10":"product_tag-resineux","12":"first","13":"instock","14":"shipping-taxable","15":"purchasable","16":"product-type-simple"},"yoast_head":"<!-- This site is optimized with the Yoast SEO plugin v27.4 - https:\/\/yoast.com\/product\/yoast-seo-wordpress\/ -->\n<title>B\u00e2tonnets d&#039;encens royal \u00e0 la myrrhe | Fabriqu\u00e9s \u00e0 partir de r\u00e9sine de myrrhe de premi\u00e8re qualit\u00e9<\/title>\n<meta name=\"description\" content=\"D\u00e9couvrez nos b\u00e2tonnets d&#039;encens Myrrhe Royale, confectionn\u00e9s avec la r\u00e9sine de myrrhe de premi\u00e8re qualit\u00e9. Vivez une exp\u00e9rience olfactive apaisante et historique, avec des notes douces et \u00e9pic\u00e9es.\" \/>\n<meta name=\"robots\" content=\"index, follow, max-snippet:-1, max-image-preview:large, max-video-preview:-1\" \/>\n<link rel=\"canonical\" href=\"https:\/\/bhagwan-incense.com\/fr\/produit\/royal-myrrh-2\/\" \/>\n<meta property=\"og:locale\" content=\"fr_FR\" \/>\n<meta property=\"og:type\" content=\"article\" \/>\n<meta property=\"og:title\" content=\"B\u00e2tonnets d&#039;encens royal \u00e0 la myrrhe | Fabriqu\u00e9s \u00e0 partir de r\u00e9sine de myrrhe de premi\u00e8re qualit\u00e9\" \/>\n<meta property=\"og:description\" content=\"D\u00e9couvrez nos b\u00e2tonnets d&#039;encens Myrrhe Royale, confectionn\u00e9s avec la r\u00e9sine de myrrhe de premi\u00e8re qualit\u00e9. Vivez une exp\u00e9rience olfactive apaisante et historique, avec des notes douces et \u00e9pic\u00e9es.\" \/>\n<meta property=\"og:url\" content=\"https:\/\/bhagwan-incense.com\/fr\/produit\/royal-myrrh-2\/\" \/>\n<meta property=\"og:site_name\" content=\"Bhagwan Incense | EU and Worldwide Shop\" \/>\n<meta property=\"article:publisher\" content=\"https:\/\/www.facebook.com\/profile.php?id=100093081477613&amp;mibextid=ZbWKwLp\" \/>\n<meta property=\"article:modified_time\" content=\"2026-03-24T18:34:58+00:00\" \/>\n<meta property=\"og:image\" content=\"https:\/\/bhagwan-incense.com\/wp-content\/uploads\/2023\/01\/IMG_0038-1.jpg?wsr\" \/>\n\t<meta property=\"og:image:width\" content=\"842\" \/>\n\t<meta property=\"og:image:height\" content=\"1263\" \/>\n\t<meta property=\"og:image:type\" content=\"image\/jpeg\" \/>\n<meta name=\"twitter:card\" content=\"summary_large_image\" \/>\n<meta name=\"twitter:label1\" content=\"Dur\u00e9e de lecture estim\u00e9e\" \/>\n\t<meta name=\"twitter:data1\" content=\"1 minute\" \/>\n<script type=\"application\/ld+json\" class=\"yoast-schema-graph\">{\"@context\":\"https:\\\/\\\/schema.org\",\"@graph\":[{\"@type\":\"WebPage\",\"@id\":\"https:\\\/\\\/bhagwan-incense.com\\\/fr\\\/produit\\\/royal-myrrh-2\\\/\",\"url\":\"https:\\\/\\\/bhagwan-incense.com\\\/fr\\\/produit\\\/royal-myrrh-2\\\/\",\"name\":\"B\u00e2tonnets d'encens royal \u00e0 la myrrhe | Fabriqu\u00e9s \u00e0 partir de r\u00e9sine de myrrhe de premi\u00e8re qualit\u00e9\",\"isPartOf\":{\"@id\":\"https:\\\/\\\/bhagwan-incense.com\\\/fr\\\/#website\"},\"primaryImageOfPage\":{\"@id\":\"https:\\\/\\\/bhagwan-incense.com\\\/fr\\\/produit\\\/royal-myrrh-2\\\/#primaryimage\"},\"image\":{\"@id\":\"https:\\\/\\\/bhagwan-incense.com\\\/fr\\\/produit\\\/royal-myrrh-2\\\/#primaryimage\"},\"thumbnailUrl\":\"https:\\\/\\\/bhagwan-incense.com\\\/wp-content\\\/uploads\\\/2023\\\/01\\\/IMG_0038-1.jpg?wsr\",\"datePublished\":\"2023-01-18T09:41:33+00:00\",\"dateModified\":\"2026-03-24T18:34:58+00:00\",\"description\":\"D\u00e9couvrez nos b\u00e2tonnets d'encens Myrrhe Royale, confectionn\u00e9s avec la r\u00e9sine de myrrhe de premi\u00e8re qualit\u00e9. Vivez une exp\u00e9rience olfactive apaisante et historique, avec des notes douces et \u00e9pic\u00e9es.\",\"breadcrumb\":{\"@id\":\"https:\\\/\\\/bhagwan-incense.com\\\/fr\\\/produit\\\/royal-myrrh-2\\\/#breadcrumb\"},\"inLanguage\":\"fr-FR\",\"potentialAction\":[{\"@type\":\"ReadAction\",\"target\":[\"https:\\\/\\\/bhagwan-incense.com\\\/fr\\\/produit\\\/royal-myrrh-2\\\/\"]}]},{\"@type\":\"ImageObject\",\"inLanguage\":\"fr-FR\",\"@id\":\"https:\\\/\\\/bhagwan-incense.com\\\/fr\\\/produit\\\/royal-myrrh-2\\\/#primaryimage\",\"url\":\"https:\\\/\\\/bhagwan-incense.com\\\/wp-content\\\/uploads\\\/2023\\\/01\\\/IMG_0038-1.jpg?wsr\",\"contentUrl\":\"https:\\\/\\\/bhagwan-incense.com\\\/wp-content\\\/uploads\\\/2023\\\/01\\\/IMG_0038-1.jpg?wsr\",\"width\":842,\"height\":1263},{\"@type\":\"BreadcrumbList\",\"@id\":\"https:\\\/\\\/bhagwan-incense.com\\\/fr\\\/produit\\\/royal-myrrh-2\\\/#breadcrumb\",\"itemListElement\":[{\"@type\":\"ListItem\",\"position\":1,\"name\":\"Home\",\"item\":\"https:\\\/\\\/bhagwan-incense.com\\\/fr\\\/\"},{\"@type\":\"ListItem\",\"position\":2,\"name\":\"Boutique\",\"item\":\"https:\\\/\\\/bhagwan-incense.com\\\/fr\\\/boutique\\\/\"},{\"@type\":\"ListItem\",\"position\":3,\"name\":\"Myrrhe Royale B\u00e2tonnets d&#8217;Encens\"}]},{\"@type\":\"WebSite\",\"@id\":\"https:\\\/\\\/bhagwan-incense.com\\\/fr\\\/#website\",\"url\":\"https:\\\/\\\/bhagwan-incense.com\\\/fr\\\/\",\"name\":\"Bhagwan Incense | EU and Worldwide Incense Shop\",\"description\":\"Pure and Natural Incense from India\",\"publisher\":{\"@id\":\"https:\\\/\\\/bhagwan-incense.com\\\/fr\\\/#organization\"},\"potentialAction\":[{\"@type\":\"SearchAction\",\"target\":{\"@type\":\"EntryPoint\",\"urlTemplate\":\"https:\\\/\\\/bhagwan-incense.com\\\/fr\\\/?s={search_term_string}\"},\"query-input\":{\"@type\":\"PropertyValueSpecification\",\"valueRequired\":true,\"valueName\":\"search_term_string\"}}],\"inLanguage\":\"fr-FR\"},{\"@type\":\"Organization\",\"@id\":\"https:\\\/\\\/bhagwan-incense.com\\\/fr\\\/#organization\",\"name\":\"Bhagwan incense\",\"url\":\"https:\\\/\\\/bhagwan-incense.com\\\/fr\\\/\",\"logo\":{\"@type\":\"ImageObject\",\"inLanguage\":\"fr-FR\",\"@id\":\"https:\\\/\\\/bhagwan-incense.com\\\/fr\\\/#\\\/schema\\\/logo\\\/image\\\/\",\"url\":\"https:\\\/\\\/bhagwan-incense.com\\\/wp-content\\\/uploads\\\/2023\\\/06\\\/Logo-black.png\",\"contentUrl\":\"https:\\\/\\\/bhagwan-incense.com\\\/wp-content\\\/uploads\\\/2023\\\/06\\\/Logo-black.png\",\"width\":150,\"height\":150,\"caption\":\"Bhagwan incense\"},\"image\":{\"@id\":\"https:\\\/\\\/bhagwan-incense.com\\\/fr\\\/#\\\/schema\\\/logo\\\/image\\\/\"},\"sameAs\":[\"https:\\\/\\\/www.facebook.com\\\/profile.php?id=100093081477613&mibextid=ZbWKwLp\",\"https:\\\/\\\/www.instagram.com\\\/bhagwan_incense\\\/\"]}]}<\/script>\n<!-- \/ Yoast SEO plugin. -->","yoast_head_json":{"title":"B\u00e2tonnets d'encens royal \u00e0 la myrrhe | Fabriqu\u00e9s \u00e0 partir de r\u00e9sine de myrrhe de premi\u00e8re qualit\u00e9","description":"D\u00e9couvrez nos b\u00e2tonnets d'encens Myrrhe Royale, confectionn\u00e9s avec la r\u00e9sine de myrrhe de premi\u00e8re qualit\u00e9. Vivez une exp\u00e9rience olfactive apaisante et historique, avec des notes douces et \u00e9pic\u00e9es.","robots":{"index":"index","follow":"follow","max-snippet":"max-snippet:-1","max-image-preview":"max-image-preview:large","max-video-preview":"max-video-preview:-1"},"canonical":"https:\/\/bhagwan-incense.com\/fr\/produit\/royal-myrrh-2\/","og_locale":"fr_FR","og_type":"article","og_title":"B\u00e2tonnets d'encens royal \u00e0 la myrrhe | Fabriqu\u00e9s \u00e0 partir de r\u00e9sine de myrrhe de premi\u00e8re qualit\u00e9","og_description":"D\u00e9couvrez nos b\u00e2tonnets d'encens Myrrhe Royale, confectionn\u00e9s avec la r\u00e9sine de myrrhe de premi\u00e8re qualit\u00e9. Vivez une exp\u00e9rience olfactive apaisante et historique, avec des notes douces et \u00e9pic\u00e9es.","og_url":"https:\/\/bhagwan-incense.com\/fr\/produit\/royal-myrrh-2\/","og_site_name":"Bhagwan Incense | EU and Worldwide Shop","article_publisher":"https:\/\/www.facebook.com\/profile.php?id=100093081477613&mibextid=ZbWKwLp","article_modified_time":"2026-03-24T18:34:58+00:00","og_image":[{"width":842,"height":1263,"url":"https:\/\/bhagwan-incense.com\/wp-content\/uploads\/2023\/01\/IMG_0038-1.jpg?wsr","type":"image\/jpeg"}],"twitter_card":"summary_large_image","twitter_misc":{"Dur\u00e9e de lecture estim\u00e9e":"1 minute"},"schema":{"@context":"https:\/\/schema.org","@graph":[{"@type":"WebPage","@id":"https:\/\/bhagwan-incense.com\/fr\/produit\/royal-myrrh-2\/","url":"https:\/\/bhagwan-incense.com\/fr\/produit\/royal-myrrh-2\/","name":"B\u00e2tonnets d'encens royal \u00e0 la myrrhe | Fabriqu\u00e9s \u00e0 partir de r\u00e9sine de myrrhe de premi\u00e8re qualit\u00e9","isPartOf":{"@id":"https:\/\/bhagwan-incense.com\/fr\/#website"},"primaryImageOfPage":{"@id":"https:\/\/bhagwan-incense.com\/fr\/produit\/royal-myrrh-2\/#primaryimage"},"image":{"@id":"https:\/\/bhagwan-incense.com\/fr\/produit\/royal-myrrh-2\/#primaryimage"},"thumbnailUrl":"https:\/\/bhagwan-incense.com\/wp-content\/uploads\/2023\/01\/IMG_0038-1.jpg?wsr","datePublished":"2023-01-18T09:41:33+00:00","dateModified":"2026-03-24T18:34:58+00:00","description":"D\u00e9couvrez nos b\u00e2tonnets d'encens Myrrhe Royale, confectionn\u00e9s avec la r\u00e9sine de myrrhe de premi\u00e8re qualit\u00e9. Vivez une exp\u00e9rience olfactive apaisante et historique, avec des notes douces et \u00e9pic\u00e9es.","breadcrumb":{"@id":"https:\/\/bhagwan-incense.com\/fr\/produit\/royal-myrrh-2\/#breadcrumb"},"inLanguage":"fr-FR","potentialAction":[{"@type":"ReadAction","target":["https:\/\/bhagwan-incense.com\/fr\/produit\/royal-myrrh-2\/"]}]},{"@type":"ImageObject","inLanguage":"fr-FR","@id":"https:\/\/bhagwan-incense.com\/fr\/produit\/royal-myrrh-2\/#primaryimage","url":"https:\/\/bhagwan-incense.com\/wp-content\/uploads\/2023\/01\/IMG_0038-1.jpg?wsr","contentUrl":"https:\/\/bhagwan-incense.com\/wp-content\/uploads\/2023\/01\/IMG_0038-1.jpg?wsr","width":842,"height":1263},{"@type":"BreadcrumbList","@id":"https:\/\/bhagwan-incense.com\/fr\/produit\/royal-myrrh-2\/#breadcrumb","itemListElement":[{"@type":"ListItem","position":1,"name":"Home","item":"https:\/\/bhagwan-incense.com\/fr\/"},{"@type":"ListItem","position":2,"name":"Boutique","item":"https:\/\/bhagwan-incense.com\/fr\/boutique\/"},{"@type":"ListItem","position":3,"name":"Myrrhe Royale B\u00e2tonnets d&#8217;Encens"}]},{"@type":"WebSite","@id":"https:\/\/bhagwan-incense.com\/fr\/#website","url":"https:\/\/bhagwan-incense.com\/fr\/","name":"Bhagwan Incense | EU and Worldwide Incense Shop","description":"Pure and Natural Incense from India","publisher":{"@id":"https:\/\/bhagwan-incense.com\/fr\/#organization"},"potentialAction":[{"@type":"SearchAction","target":{"@type":"EntryPoint","urlTemplate":"https:\/\/bhagwan-incense.com\/fr\/?s={search_term_string}"},"query-input":{"@type":"PropertyValueSpecification","valueRequired":true,"valueName":"search_term_string"}}],"inLanguage":"fr-FR"},{"@type":"Organization","@id":"https:\/\/bhagwan-incense.com\/fr\/#organization","name":"Bhagwan incense","url":"https:\/\/bhagwan-incense.com\/fr\/","logo":{"@type":"ImageObject","inLanguage":"fr-FR","@id":"https:\/\/bhagwan-incense.com\/fr\/#\/schema\/logo\/image\/","url":"https:\/\/bhagwan-incense.com\/wp-content\/uploads\/2023\/06\/Logo-black.png","contentUrl":"https:\/\/bhagwan-incense.com\/wp-content\/uploads\/2023\/06\/Logo-black.png","width":150,"height":150,"caption":"Bhagwan incense"},"image":{"@id":"https:\/\/bhagwan-incense.com\/fr\/#\/schema\/logo\/image\/"},"sameAs":["https:\/\/www.facebook.com\/profile.php?id=100093081477613&mibextid=ZbWKwLp","https:\/\/www.instagram.com\/bhagwan_incense\/"]}]}},"_links":{"self":[{"href":"https:\/\/bhagwan-incense.com\/fr\/wp-json\/wp\/v2\/product\/2630","targetHints":{"allow":["GET"]}}],"collection":[{"href":"https:\/\/bhagwan-incense.com\/fr\/wp-json\/wp\/v2\/product"}],"about":[{"href":"https:\/\/bhagwan-incense.com\/fr\/wp-json\/wp\/v2\/types\/product"}],"replies":[{"embeddable":true,"href":"https:\/\/bhagwan-incense.com\/fr\/wp-json\/wp\/v2\/comments?post=2630"}],"wp:featuredmedia":[{"embeddable":true,"href":"https:\/\/bhagwan-incense.com\/fr\/wp-json\/wp\/v2\/media\/2443"}],"wp:attachment":[{"href":"https:\/\/bhagwan-incense.com\/fr\/wp-json\/wp\/v2\/media?parent=2630"}],"wp:term":[{"taxonomy":"product_brand","embeddable":true,"href":"https:\/\/bhagwan-incense.com\/fr\/wp-json\/wp\/v2\/product_brand?post=2630"},{"taxonomy":"product_cat","embeddable":true,"href":"https:\/\/bhagwan-incense.com\/fr\/wp-json\/wp\/v2\/product_cat?post=2630"},{"taxonomy":"product_tag","embeddable":true,"href":"https:\/\/bhagwan-incense.com\/fr\/wp-json\/wp\/v2\/product_tag?post=2630"}],"curies":[{"name":"wp","href":"https:\/\/api.w.org\/{rel}","templated":true}]}}