{"id":2640,"date":"2023-01-18T10:43:34","date_gmt":"2023-01-18T09:43:34","guid":{"rendered":"https:\/\/bhagwan-incense.com\/product\/oliban-et-ambre\/"},"modified":"2026-03-24T19:40:11","modified_gmt":"2026-03-24T18:40:11","slug":"oliban-et-ambre","status":"publish","type":"product","link":"https:\/\/bhagwan-incense.com\/fr\/produit\/oliban-et-ambre\/","title":{"rendered":"Oliban et Ambre B\u00e2tonnets d&#8217;Encens"},"content":{"rendered":"<p>La r\u00e9sine d&#8217;encens d&#8217;Oman de la plus haute qualit\u00e9 et l&#8217;huile d&#8217;ambre de l&#8217;Inde d&#8217;une puret\u00e9 absolue ont \u00e9t\u00e9 assembl\u00e9es pour cr\u00e9er ce chef-d&#8217;\u0153uvre de l&#8217;encens. Le r\u00e9sultat est un encens somptueux et mystique aux notes de t\u00eate de miel et de propolis, sur une base bois\u00e9e et balsamique agr\u00e9ment\u00e9e de touches subtiles de vanille et de pollen. Ce b\u00e2tonnet est tel un nectar apaisant, parfait pour une utilisation en soir\u00e9e ou avant le coucher. Il est id\u00e9al pour instaurer une atmosph\u00e8re sacr\u00e9e chez soi \u00e0 la tomb\u00e9e de la nuit, ainsi que pour la pri\u00e8re et la m\u00e9ditation profonde.<\/p>\n","protected":false},"excerpt":{"rendered":"<p>Un m\u00e9lange luxuriant et exquis d&#8217;encens et d&#8217;ambre de la plus haute qualit\u00e9 \u2014 apaisant et balsamique, avec des notes bois\u00e9es et r\u00e9sineuses profondes et onctueuses. Cr\u00e9e une atmosph\u00e8re mystique et sacr\u00e9e.<\/p>\n","protected":false},"featured_media":2421,"comment_status":"open","ping_status":"closed","template":"","meta":[],"product_brand":[],"product_cat":[60,84,116],"product_tag":[75,72,73],"class_list":{"0":"post-2640","1":"product","2":"type-product","3":"status-publish","4":"has-post-thumbnail","6":"product_cat-boise","7":"product_cat-exotique-unique","8":"product_cat-oliban-myrrhe-benjoin","9":"product_tag-boise","10":"product_tag-oriental-fr","11":"product_tag-resineux","13":"first","14":"instock","15":"shipping-taxable","16":"purchasable","17":"product-type-simple"},"yoast_head":"<!-- This site is optimized with the Yoast SEO plugin v27.3 - https:\/\/yoast.com\/product\/yoast-seo-wordpress\/ -->\n<title>B\u00e2tonnets d&#039;encens \u00e0 l&#039;encens et \u00e0 l&#039;ambre | Aromatiques tranquilles<\/title>\n<meta name=\"description\" content=\"D\u00e9couvrez notre m\u00e9lange exclusif d&#039;encens \u00e0 l&#039;encens et \u00e0 l&#039;ambre, avec r\u00e9sine d&#039;encens d&#039;Oman et huile d&#039;ambre indienne pour un ar\u00f4me apaisant et doux.\" \/>\n<meta name=\"robots\" content=\"index, follow, max-snippet:-1, max-image-preview:large, max-video-preview:-1\" \/>\n<link rel=\"canonical\" href=\"https:\/\/bhagwan-incense.com\/fr\/produit\/oliban-et-ambre\/\" \/>\n<meta property=\"og:locale\" content=\"fr_FR\" \/>\n<meta property=\"og:type\" content=\"article\" \/>\n<meta property=\"og:title\" content=\"B\u00e2tonnets d&#039;encens \u00e0 l&#039;encens et \u00e0 l&#039;ambre | Aromatiques tranquilles\" \/>\n<meta property=\"og:description\" content=\"D\u00e9couvrez notre m\u00e9lange exclusif d&#039;encens \u00e0 l&#039;encens et \u00e0 l&#039;ambre, avec r\u00e9sine d&#039;encens d&#039;Oman et huile d&#039;ambre indienne pour un ar\u00f4me apaisant et doux.\" \/>\n<meta property=\"og:url\" content=\"https:\/\/bhagwan-incense.com\/fr\/produit\/oliban-et-ambre\/\" \/>\n<meta property=\"og:site_name\" content=\"Bhagwan Incense | EU and Worldwide Shop\" \/>\n<meta property=\"article:publisher\" content=\"https:\/\/www.facebook.com\/profile.php?id=100093081477613&amp;mibextid=ZbWKwLp\" \/>\n<meta property=\"article:modified_time\" content=\"2026-03-24T18:40:11+00:00\" \/>\n<meta property=\"og:image\" content=\"https:\/\/bhagwan-incense.com\/wp-content\/uploads\/2023\/01\/IMG_0115.jpg?wsr\" \/>\n\t<meta property=\"og:image:width\" content=\"859\" \/>\n\t<meta property=\"og:image:height\" content=\"1290\" \/>\n\t<meta property=\"og:image:type\" content=\"image\/jpeg\" \/>\n<meta name=\"twitter:card\" content=\"summary_large_image\" \/>\n<meta name=\"twitter:label1\" content=\"Dur\u00e9e de lecture estim\u00e9e\" \/>\n\t<meta name=\"twitter:data1\" content=\"1 minute\" \/>\n<script type=\"application\/ld+json\" class=\"yoast-schema-graph\">{\"@context\":\"https:\\\/\\\/schema.org\",\"@graph\":[{\"@type\":\"WebPage\",\"@id\":\"https:\\\/\\\/bhagwan-incense.com\\\/fr\\\/produit\\\/oliban-et-ambre\\\/\",\"url\":\"https:\\\/\\\/bhagwan-incense.com\\\/fr\\\/produit\\\/oliban-et-ambre\\\/\",\"name\":\"B\u00e2tonnets d'encens \u00e0 l'encens et \u00e0 l'ambre | Aromatiques tranquilles\",\"isPartOf\":{\"@id\":\"https:\\\/\\\/bhagwan-incense.com\\\/fr\\\/#website\"},\"primaryImageOfPage\":{\"@id\":\"https:\\\/\\\/bhagwan-incense.com\\\/fr\\\/produit\\\/oliban-et-ambre\\\/#primaryimage\"},\"image\":{\"@id\":\"https:\\\/\\\/bhagwan-incense.com\\\/fr\\\/produit\\\/oliban-et-ambre\\\/#primaryimage\"},\"thumbnailUrl\":\"https:\\\/\\\/bhagwan-incense.com\\\/wp-content\\\/uploads\\\/2023\\\/01\\\/IMG_0115.jpg?wsr\",\"datePublished\":\"2023-01-18T09:43:34+00:00\",\"dateModified\":\"2026-03-24T18:40:11+00:00\",\"description\":\"D\u00e9couvrez notre m\u00e9lange exclusif d'encens \u00e0 l'encens et \u00e0 l'ambre, avec r\u00e9sine d'encens d'Oman et huile d'ambre indienne pour un ar\u00f4me apaisant et doux.\",\"breadcrumb\":{\"@id\":\"https:\\\/\\\/bhagwan-incense.com\\\/fr\\\/produit\\\/oliban-et-ambre\\\/#breadcrumb\"},\"inLanguage\":\"fr-FR\",\"potentialAction\":[{\"@type\":\"ReadAction\",\"target\":[\"https:\\\/\\\/bhagwan-incense.com\\\/fr\\\/produit\\\/oliban-et-ambre\\\/\"]}]},{\"@type\":\"ImageObject\",\"inLanguage\":\"fr-FR\",\"@id\":\"https:\\\/\\\/bhagwan-incense.com\\\/fr\\\/produit\\\/oliban-et-ambre\\\/#primaryimage\",\"url\":\"https:\\\/\\\/bhagwan-incense.com\\\/wp-content\\\/uploads\\\/2023\\\/01\\\/IMG_0115.jpg?wsr\",\"contentUrl\":\"https:\\\/\\\/bhagwan-incense.com\\\/wp-content\\\/uploads\\\/2023\\\/01\\\/IMG_0115.jpg?wsr\",\"width\":859,\"height\":1290},{\"@type\":\"BreadcrumbList\",\"@id\":\"https:\\\/\\\/bhagwan-incense.com\\\/fr\\\/produit\\\/oliban-et-ambre\\\/#breadcrumb\",\"itemListElement\":[{\"@type\":\"ListItem\",\"position\":1,\"name\":\"Home\",\"item\":\"https:\\\/\\\/bhagwan-incense.com\\\/fr\\\/\"},{\"@type\":\"ListItem\",\"position\":2,\"name\":\"Boutique\",\"item\":\"https:\\\/\\\/bhagwan-incense.com\\\/fr\\\/boutique\\\/\"},{\"@type\":\"ListItem\",\"position\":3,\"name\":\"Oliban et Ambre B\u00e2tonnets d&#8217;Encens\"}]},{\"@type\":\"WebSite\",\"@id\":\"https:\\\/\\\/bhagwan-incense.com\\\/fr\\\/#website\",\"url\":\"https:\\\/\\\/bhagwan-incense.com\\\/fr\\\/\",\"name\":\"Bhagwan Incense | EU and Worldwide Incense Shop\",\"description\":\"Pure and Natural Incense from India\",\"publisher\":{\"@id\":\"https:\\\/\\\/bhagwan-incense.com\\\/fr\\\/#organization\"},\"potentialAction\":[{\"@type\":\"SearchAction\",\"target\":{\"@type\":\"EntryPoint\",\"urlTemplate\":\"https:\\\/\\\/bhagwan-incense.com\\\/fr\\\/?s={search_term_string}\"},\"query-input\":{\"@type\":\"PropertyValueSpecification\",\"valueRequired\":true,\"valueName\":\"search_term_string\"}}],\"inLanguage\":\"fr-FR\"},{\"@type\":\"Organization\",\"@id\":\"https:\\\/\\\/bhagwan-incense.com\\\/fr\\\/#organization\",\"name\":\"Bhagwan incense\",\"url\":\"https:\\\/\\\/bhagwan-incense.com\\\/fr\\\/\",\"logo\":{\"@type\":\"ImageObject\",\"inLanguage\":\"fr-FR\",\"@id\":\"https:\\\/\\\/bhagwan-incense.com\\\/fr\\\/#\\\/schema\\\/logo\\\/image\\\/\",\"url\":\"https:\\\/\\\/bhagwan-incense.com\\\/wp-content\\\/uploads\\\/2023\\\/06\\\/Logo-black.png\",\"contentUrl\":\"https:\\\/\\\/bhagwan-incense.com\\\/wp-content\\\/uploads\\\/2023\\\/06\\\/Logo-black.png\",\"width\":150,\"height\":150,\"caption\":\"Bhagwan incense\"},\"image\":{\"@id\":\"https:\\\/\\\/bhagwan-incense.com\\\/fr\\\/#\\\/schema\\\/logo\\\/image\\\/\"},\"sameAs\":[\"https:\\\/\\\/www.facebook.com\\\/profile.php?id=100093081477613&mibextid=ZbWKwLp\",\"https:\\\/\\\/www.instagram.com\\\/bhagwan_incense\\\/\"]}]}<\/script>\n<!-- \/ Yoast SEO plugin. -->","yoast_head_json":{"title":"B\u00e2tonnets d'encens \u00e0 l'encens et \u00e0 l'ambre | Aromatiques tranquilles","description":"D\u00e9couvrez notre m\u00e9lange exclusif d'encens \u00e0 l'encens et \u00e0 l'ambre, avec r\u00e9sine d'encens d'Oman et huile d'ambre indienne pour un ar\u00f4me apaisant et doux.","robots":{"index":"index","follow":"follow","max-snippet":"max-snippet:-1","max-image-preview":"max-image-preview:large","max-video-preview":"max-video-preview:-1"},"canonical":"https:\/\/bhagwan-incense.com\/fr\/produit\/oliban-et-ambre\/","og_locale":"fr_FR","og_type":"article","og_title":"B\u00e2tonnets d'encens \u00e0 l'encens et \u00e0 l'ambre | Aromatiques tranquilles","og_description":"D\u00e9couvrez notre m\u00e9lange exclusif d'encens \u00e0 l'encens et \u00e0 l'ambre, avec r\u00e9sine d'encens d'Oman et huile d'ambre indienne pour un ar\u00f4me apaisant et doux.","og_url":"https:\/\/bhagwan-incense.com\/fr\/produit\/oliban-et-ambre\/","og_site_name":"Bhagwan Incense | EU and Worldwide Shop","article_publisher":"https:\/\/www.facebook.com\/profile.php?id=100093081477613&mibextid=ZbWKwLp","article_modified_time":"2026-03-24T18:40:11+00:00","og_image":[{"width":859,"height":1290,"url":"https:\/\/bhagwan-incense.com\/wp-content\/uploads\/2023\/01\/IMG_0115.jpg?wsr","type":"image\/jpeg"}],"twitter_card":"summary_large_image","twitter_misc":{"Dur\u00e9e de lecture estim\u00e9e":"1 minute"},"schema":{"@context":"https:\/\/schema.org","@graph":[{"@type":"WebPage","@id":"https:\/\/bhagwan-incense.com\/fr\/produit\/oliban-et-ambre\/","url":"https:\/\/bhagwan-incense.com\/fr\/produit\/oliban-et-ambre\/","name":"B\u00e2tonnets d'encens \u00e0 l'encens et \u00e0 l'ambre | Aromatiques tranquilles","isPartOf":{"@id":"https:\/\/bhagwan-incense.com\/fr\/#website"},"primaryImageOfPage":{"@id":"https:\/\/bhagwan-incense.com\/fr\/produit\/oliban-et-ambre\/#primaryimage"},"image":{"@id":"https:\/\/bhagwan-incense.com\/fr\/produit\/oliban-et-ambre\/#primaryimage"},"thumbnailUrl":"https:\/\/bhagwan-incense.com\/wp-content\/uploads\/2023\/01\/IMG_0115.jpg?wsr","datePublished":"2023-01-18T09:43:34+00:00","dateModified":"2026-03-24T18:40:11+00:00","description":"D\u00e9couvrez notre m\u00e9lange exclusif d'encens \u00e0 l'encens et \u00e0 l'ambre, avec r\u00e9sine d'encens d'Oman et huile d'ambre indienne pour un ar\u00f4me apaisant et doux.","breadcrumb":{"@id":"https:\/\/bhagwan-incense.com\/fr\/produit\/oliban-et-ambre\/#breadcrumb"},"inLanguage":"fr-FR","potentialAction":[{"@type":"ReadAction","target":["https:\/\/bhagwan-incense.com\/fr\/produit\/oliban-et-ambre\/"]}]},{"@type":"ImageObject","inLanguage":"fr-FR","@id":"https:\/\/bhagwan-incense.com\/fr\/produit\/oliban-et-ambre\/#primaryimage","url":"https:\/\/bhagwan-incense.com\/wp-content\/uploads\/2023\/01\/IMG_0115.jpg?wsr","contentUrl":"https:\/\/bhagwan-incense.com\/wp-content\/uploads\/2023\/01\/IMG_0115.jpg?wsr","width":859,"height":1290},{"@type":"BreadcrumbList","@id":"https:\/\/bhagwan-incense.com\/fr\/produit\/oliban-et-ambre\/#breadcrumb","itemListElement":[{"@type":"ListItem","position":1,"name":"Home","item":"https:\/\/bhagwan-incense.com\/fr\/"},{"@type":"ListItem","position":2,"name":"Boutique","item":"https:\/\/bhagwan-incense.com\/fr\/boutique\/"},{"@type":"ListItem","position":3,"name":"Oliban et Ambre B\u00e2tonnets d&#8217;Encens"}]},{"@type":"WebSite","@id":"https:\/\/bhagwan-incense.com\/fr\/#website","url":"https:\/\/bhagwan-incense.com\/fr\/","name":"Bhagwan Incense | EU and Worldwide Incense Shop","description":"Pure and Natural Incense from India","publisher":{"@id":"https:\/\/bhagwan-incense.com\/fr\/#organization"},"potentialAction":[{"@type":"SearchAction","target":{"@type":"EntryPoint","urlTemplate":"https:\/\/bhagwan-incense.com\/fr\/?s={search_term_string}"},"query-input":{"@type":"PropertyValueSpecification","valueRequired":true,"valueName":"search_term_string"}}],"inLanguage":"fr-FR"},{"@type":"Organization","@id":"https:\/\/bhagwan-incense.com\/fr\/#organization","name":"Bhagwan incense","url":"https:\/\/bhagwan-incense.com\/fr\/","logo":{"@type":"ImageObject","inLanguage":"fr-FR","@id":"https:\/\/bhagwan-incense.com\/fr\/#\/schema\/logo\/image\/","url":"https:\/\/bhagwan-incense.com\/wp-content\/uploads\/2023\/06\/Logo-black.png","contentUrl":"https:\/\/bhagwan-incense.com\/wp-content\/uploads\/2023\/06\/Logo-black.png","width":150,"height":150,"caption":"Bhagwan incense"},"image":{"@id":"https:\/\/bhagwan-incense.com\/fr\/#\/schema\/logo\/image\/"},"sameAs":["https:\/\/www.facebook.com\/profile.php?id=100093081477613&mibextid=ZbWKwLp","https:\/\/www.instagram.com\/bhagwan_incense\/"]}]}},"_links":{"self":[{"href":"https:\/\/bhagwan-incense.com\/fr\/wp-json\/wp\/v2\/product\/2640","targetHints":{"allow":["GET"]}}],"collection":[{"href":"https:\/\/bhagwan-incense.com\/fr\/wp-json\/wp\/v2\/product"}],"about":[{"href":"https:\/\/bhagwan-incense.com\/fr\/wp-json\/wp\/v2\/types\/product"}],"replies":[{"embeddable":true,"href":"https:\/\/bhagwan-incense.com\/fr\/wp-json\/wp\/v2\/comments?post=2640"}],"wp:featuredmedia":[{"embeddable":true,"href":"https:\/\/bhagwan-incense.com\/fr\/wp-json\/wp\/v2\/media\/2421"}],"wp:attachment":[{"href":"https:\/\/bhagwan-incense.com\/fr\/wp-json\/wp\/v2\/media?parent=2640"}],"wp:term":[{"taxonomy":"product_brand","embeddable":true,"href":"https:\/\/bhagwan-incense.com\/fr\/wp-json\/wp\/v2\/product_brand?post=2640"},{"taxonomy":"product_cat","embeddable":true,"href":"https:\/\/bhagwan-incense.com\/fr\/wp-json\/wp\/v2\/product_cat?post=2640"},{"taxonomy":"product_tag","embeddable":true,"href":"https:\/\/bhagwan-incense.com\/fr\/wp-json\/wp\/v2\/product_tag?post=2640"}],"curies":[{"name":"wp","href":"https:\/\/api.w.org\/{rel}","templated":true}]}}