{"id":3024,"date":"2023-10-19T19:24:08","date_gmt":"2023-10-19T17:24:08","guid":{"rendered":"https:\/\/bhagwan-incense.com\/?post_type=product&#038;p=3024"},"modified":"2026-03-28T14:49:38","modified_gmt":"2026-03-28T13:49:38","slug":"oud-majestueux-batonnets-dencens","status":"publish","type":"product","link":"https:\/\/bhagwan-incense.com\/fr\/produit\/oud-majestueux-batonnets-dencens\/","title":{"rendered":"Oud Majestueux B\u00e2tonnets d&#8217;Encens"},"content":{"rendered":"<p><iframe loading=\"lazy\" title=\"Oudh Majestc Product Video\" width=\"1020\" height=\"574\" src=\"https:\/\/www.youtube.com\/embed\/rZeRB6hxhvU?feature=oembed&#038;enablejsapi=1&#038;origin=https:\/\/bhagwan-incense.com\" frameborder=\"0\" allow=\"accelerometer; autoplay; clipboard-write; encrypted-media; gyroscope; picture-in-picture; web-share\" referrerpolicy=\"strict-origin-when-cross-origin\" allowfullscreen><\/iframe><\/p>\n<p>Un encens \u00e0 l&#8217;oud chaleureux, aristocratique et riche, avec des couches multifacettes qui se d\u00e9ploient au fil du temps. Majestueux. Intemporel. Cette fragrance unique combine la terre, la muscade et la douceur dans une harmonie parfaite. Le parfum vous enveloppe de ses notes chaudes et balsamiques, agr\u00e9ment\u00e9es d&#8217;une subtile fum\u00e9e et de nuances r\u00e9sineuses qui contribuent \u00e0 sa profondeur et son intensit\u00e9. L&#8217;ar\u00f4me pr\u00e9cieux de l&#8217;oud d\u00e9gage un air de myst\u00e8re et de luxe, \u00e9voquant un sens de l&#8217;opulence, de la spiritualit\u00e9 et de l&#8217;attrait profond. Cet encens capture un m\u00e9lange artistique qui r\u00e9sonne avec les connaisseurs qui appr\u00e9cient le savoir-faire exquis des parfums raffin\u00e9s.<\/p>\n<p>Mike d`<a href=\"https:\/\/olfactoryrescueservice.wordpress.com\/\">Olfactory Rescue Service<\/a>\u00a0informe: &#8220;Cela fait longtemps qu&#8217;il n&#8217;y a pas eu de v\u00e9ritable pr\u00e9tendant \u00e0 l&#8217;Oud Masala de la famille Happy Hari, ce m\u00e9lange presque parfait de base masala et au moins une approximation d&#8217;un bon oud pour le compl\u00e9ter.&#8221;<\/p>\n<p>La revue compl\u00e8te est disponible ici.<\/p>\n","protected":false},"excerpt":{"rendered":"<p>Un encens \u00e0 l&#8217;oud chaleureux, aristocratique et riche, avec des couches multifacettes qui se d\u00e9ploient au fil du temps. Majestueux. Intemporel. Cet encens fait partie du Hall de la renomm\u00e9e d&#8217;Olfactory Rescue Service.<\/p>\n","protected":false},"featured_media":3120,"comment_status":"open","ping_status":"closed","template":"","meta":[],"product_brand":[],"product_cat":[60,89,63],"product_tag":[75,72,73],"class_list":{"0":"post-3024","1":"product","2":"type-product","3":"status-publish","4":"has-post-thumbnail","6":"product_cat-boise","7":"product_cat-le-pantheon-de-lolfactory-rescue-service","8":"product_cat-oud","9":"product_tag-boise","10":"product_tag-oriental-fr","11":"product_tag-resineux","13":"first","14":"instock","15":"shipping-taxable","16":"purchasable","17":"product-type-simple"},"yoast_head":"<!-- This site is optimized with the Yoast SEO plugin v27.4 - https:\/\/yoast.com\/product\/yoast-seo-wordpress\/ -->\n<title>B\u00e2tonnets d&#039;encens Oudh Majestic - Parfum d&#039;Agarwood Riche<\/title>\n<meta name=\"description\" content=\"D\u00e9couvrez les b\u00e2tonnets d&#039;encens Oudh Majestic: Oudh riche, musc et douceur en parfaite harmonie. Un parfum d&#039;opulence, de spiritualit\u00e9 et de s\u00e9duction.\" \/>\n<meta name=\"robots\" content=\"index, follow, max-snippet:-1, max-image-preview:large, max-video-preview:-1\" \/>\n<link rel=\"canonical\" href=\"https:\/\/bhagwan-incense.com\/fr\/produit\/oud-majestueux-batonnets-dencens\/\" \/>\n<meta property=\"og:locale\" content=\"fr_FR\" \/>\n<meta property=\"og:type\" content=\"article\" \/>\n<meta property=\"og:title\" content=\"B\u00e2tonnets d&#039;encens Oudh Majestic - Parfum d&#039;Agarwood Riche\" \/>\n<meta property=\"og:description\" content=\"D\u00e9couvrez les b\u00e2tonnets d&#039;encens Oudh Majestic: Oudh riche, musc et douceur en parfaite harmonie. Un parfum d&#039;opulence, de spiritualit\u00e9 et de s\u00e9duction.\" \/>\n<meta property=\"og:url\" content=\"https:\/\/bhagwan-incense.com\/fr\/produit\/oud-majestueux-batonnets-dencens\/\" \/>\n<meta property=\"og:site_name\" content=\"Bhagwan Incense | EU and Worldwide Shop\" \/>\n<meta property=\"article:publisher\" content=\"https:\/\/www.facebook.com\/profile.php?id=100093081477613&amp;mibextid=ZbWKwLp\" \/>\n<meta property=\"article:modified_time\" content=\"2026-03-28T13:49:38+00:00\" \/>\n<meta property=\"og:image\" content=\"https:\/\/bhagwan-incense.com\/wp-content\/uploads\/2023\/10\/2-8.jpg?wsr\" \/>\n\t<meta property=\"og:image:width\" content=\"797\" \/>\n\t<meta property=\"og:image:height\" content=\"1195\" \/>\n\t<meta property=\"og:image:type\" content=\"image\/jpeg\" \/>\n<meta name=\"twitter:card\" content=\"summary_large_image\" \/>\n<meta name=\"twitter:label1\" content=\"Dur\u00e9e de lecture estim\u00e9e\" \/>\n\t<meta name=\"twitter:data1\" content=\"1 minute\" \/>\n<script type=\"application\/ld+json\" class=\"yoast-schema-graph\">{\"@context\":\"https:\\\/\\\/schema.org\",\"@graph\":[{\"@type\":\"WebPage\",\"@id\":\"https:\\\/\\\/bhagwan-incense.com\\\/fr\\\/produit\\\/oud-majestueux-batonnets-dencens\\\/\",\"url\":\"https:\\\/\\\/bhagwan-incense.com\\\/fr\\\/produit\\\/oud-majestueux-batonnets-dencens\\\/\",\"name\":\"B\u00e2tonnets d'encens Oudh Majestic - Parfum d'Agarwood Riche\",\"isPartOf\":{\"@id\":\"https:\\\/\\\/bhagwan-incense.com\\\/fr\\\/#website\"},\"primaryImageOfPage\":{\"@id\":\"https:\\\/\\\/bhagwan-incense.com\\\/fr\\\/produit\\\/oud-majestueux-batonnets-dencens\\\/#primaryimage\"},\"image\":{\"@id\":\"https:\\\/\\\/bhagwan-incense.com\\\/fr\\\/produit\\\/oud-majestueux-batonnets-dencens\\\/#primaryimage\"},\"thumbnailUrl\":\"https:\\\/\\\/bhagwan-incense.com\\\/wp-content\\\/uploads\\\/2023\\\/10\\\/2-8.jpg?wsr\",\"datePublished\":\"2023-10-19T17:24:08+00:00\",\"dateModified\":\"2026-03-28T13:49:38+00:00\",\"description\":\"D\u00e9couvrez les b\u00e2tonnets d'encens Oudh Majestic: Oudh riche, musc et douceur en parfaite harmonie. Un parfum d'opulence, de spiritualit\u00e9 et de s\u00e9duction.\",\"breadcrumb\":{\"@id\":\"https:\\\/\\\/bhagwan-incense.com\\\/fr\\\/produit\\\/oud-majestueux-batonnets-dencens\\\/#breadcrumb\"},\"inLanguage\":\"fr-FR\",\"potentialAction\":[{\"@type\":\"ReadAction\",\"target\":[\"https:\\\/\\\/bhagwan-incense.com\\\/fr\\\/produit\\\/oud-majestueux-batonnets-dencens\\\/\"]}]},{\"@type\":\"ImageObject\",\"inLanguage\":\"fr-FR\",\"@id\":\"https:\\\/\\\/bhagwan-incense.com\\\/fr\\\/produit\\\/oud-majestueux-batonnets-dencens\\\/#primaryimage\",\"url\":\"https:\\\/\\\/bhagwan-incense.com\\\/wp-content\\\/uploads\\\/2023\\\/10\\\/2-8.jpg?wsr\",\"contentUrl\":\"https:\\\/\\\/bhagwan-incense.com\\\/wp-content\\\/uploads\\\/2023\\\/10\\\/2-8.jpg?wsr\",\"width\":797,\"height\":1195},{\"@type\":\"BreadcrumbList\",\"@id\":\"https:\\\/\\\/bhagwan-incense.com\\\/fr\\\/produit\\\/oud-majestueux-batonnets-dencens\\\/#breadcrumb\",\"itemListElement\":[{\"@type\":\"ListItem\",\"position\":1,\"name\":\"Home\",\"item\":\"https:\\\/\\\/bhagwan-incense.com\\\/fr\\\/\"},{\"@type\":\"ListItem\",\"position\":2,\"name\":\"Boutique\",\"item\":\"https:\\\/\\\/bhagwan-incense.com\\\/fr\\\/boutique\\\/\"},{\"@type\":\"ListItem\",\"position\":3,\"name\":\"Oud Majestueux B\u00e2tonnets d&#8217;Encens\"}]},{\"@type\":\"WebSite\",\"@id\":\"https:\\\/\\\/bhagwan-incense.com\\\/fr\\\/#website\",\"url\":\"https:\\\/\\\/bhagwan-incense.com\\\/fr\\\/\",\"name\":\"Bhagwan Incense | EU and Worldwide Incense Shop\",\"description\":\"Pure and Natural Incense from India\",\"publisher\":{\"@id\":\"https:\\\/\\\/bhagwan-incense.com\\\/fr\\\/#organization\"},\"potentialAction\":[{\"@type\":\"SearchAction\",\"target\":{\"@type\":\"EntryPoint\",\"urlTemplate\":\"https:\\\/\\\/bhagwan-incense.com\\\/fr\\\/?s={search_term_string}\"},\"query-input\":{\"@type\":\"PropertyValueSpecification\",\"valueRequired\":true,\"valueName\":\"search_term_string\"}}],\"inLanguage\":\"fr-FR\"},{\"@type\":\"Organization\",\"@id\":\"https:\\\/\\\/bhagwan-incense.com\\\/fr\\\/#organization\",\"name\":\"Bhagwan incense\",\"url\":\"https:\\\/\\\/bhagwan-incense.com\\\/fr\\\/\",\"logo\":{\"@type\":\"ImageObject\",\"inLanguage\":\"fr-FR\",\"@id\":\"https:\\\/\\\/bhagwan-incense.com\\\/fr\\\/#\\\/schema\\\/logo\\\/image\\\/\",\"url\":\"https:\\\/\\\/bhagwan-incense.com\\\/wp-content\\\/uploads\\\/2023\\\/06\\\/Logo-black.png\",\"contentUrl\":\"https:\\\/\\\/bhagwan-incense.com\\\/wp-content\\\/uploads\\\/2023\\\/06\\\/Logo-black.png\",\"width\":150,\"height\":150,\"caption\":\"Bhagwan incense\"},\"image\":{\"@id\":\"https:\\\/\\\/bhagwan-incense.com\\\/fr\\\/#\\\/schema\\\/logo\\\/image\\\/\"},\"sameAs\":[\"https:\\\/\\\/www.facebook.com\\\/profile.php?id=100093081477613&mibextid=ZbWKwLp\",\"https:\\\/\\\/www.instagram.com\\\/bhagwan_incense\\\/\"]}]}<\/script>\n<!-- \/ Yoast SEO plugin. -->","yoast_head_json":{"title":"B\u00e2tonnets d'encens Oudh Majestic - Parfum d'Agarwood Riche","description":"D\u00e9couvrez les b\u00e2tonnets d'encens Oudh Majestic: Oudh riche, musc et douceur en parfaite harmonie. Un parfum d'opulence, de spiritualit\u00e9 et de s\u00e9duction.","robots":{"index":"index","follow":"follow","max-snippet":"max-snippet:-1","max-image-preview":"max-image-preview:large","max-video-preview":"max-video-preview:-1"},"canonical":"https:\/\/bhagwan-incense.com\/fr\/produit\/oud-majestueux-batonnets-dencens\/","og_locale":"fr_FR","og_type":"article","og_title":"B\u00e2tonnets d'encens Oudh Majestic - Parfum d'Agarwood Riche","og_description":"D\u00e9couvrez les b\u00e2tonnets d'encens Oudh Majestic: Oudh riche, musc et douceur en parfaite harmonie. Un parfum d'opulence, de spiritualit\u00e9 et de s\u00e9duction.","og_url":"https:\/\/bhagwan-incense.com\/fr\/produit\/oud-majestueux-batonnets-dencens\/","og_site_name":"Bhagwan Incense | EU and Worldwide Shop","article_publisher":"https:\/\/www.facebook.com\/profile.php?id=100093081477613&mibextid=ZbWKwLp","article_modified_time":"2026-03-28T13:49:38+00:00","og_image":[{"width":797,"height":1195,"url":"https:\/\/bhagwan-incense.com\/wp-content\/uploads\/2023\/10\/2-8.jpg?wsr","type":"image\/jpeg"}],"twitter_card":"summary_large_image","twitter_misc":{"Dur\u00e9e de lecture estim\u00e9e":"1 minute"},"schema":{"@context":"https:\/\/schema.org","@graph":[{"@type":"WebPage","@id":"https:\/\/bhagwan-incense.com\/fr\/produit\/oud-majestueux-batonnets-dencens\/","url":"https:\/\/bhagwan-incense.com\/fr\/produit\/oud-majestueux-batonnets-dencens\/","name":"B\u00e2tonnets d'encens Oudh Majestic - Parfum d'Agarwood Riche","isPartOf":{"@id":"https:\/\/bhagwan-incense.com\/fr\/#website"},"primaryImageOfPage":{"@id":"https:\/\/bhagwan-incense.com\/fr\/produit\/oud-majestueux-batonnets-dencens\/#primaryimage"},"image":{"@id":"https:\/\/bhagwan-incense.com\/fr\/produit\/oud-majestueux-batonnets-dencens\/#primaryimage"},"thumbnailUrl":"https:\/\/bhagwan-incense.com\/wp-content\/uploads\/2023\/10\/2-8.jpg?wsr","datePublished":"2023-10-19T17:24:08+00:00","dateModified":"2026-03-28T13:49:38+00:00","description":"D\u00e9couvrez les b\u00e2tonnets d'encens Oudh Majestic: Oudh riche, musc et douceur en parfaite harmonie. Un parfum d'opulence, de spiritualit\u00e9 et de s\u00e9duction.","breadcrumb":{"@id":"https:\/\/bhagwan-incense.com\/fr\/produit\/oud-majestueux-batonnets-dencens\/#breadcrumb"},"inLanguage":"fr-FR","potentialAction":[{"@type":"ReadAction","target":["https:\/\/bhagwan-incense.com\/fr\/produit\/oud-majestueux-batonnets-dencens\/"]}]},{"@type":"ImageObject","inLanguage":"fr-FR","@id":"https:\/\/bhagwan-incense.com\/fr\/produit\/oud-majestueux-batonnets-dencens\/#primaryimage","url":"https:\/\/bhagwan-incense.com\/wp-content\/uploads\/2023\/10\/2-8.jpg?wsr","contentUrl":"https:\/\/bhagwan-incense.com\/wp-content\/uploads\/2023\/10\/2-8.jpg?wsr","width":797,"height":1195},{"@type":"BreadcrumbList","@id":"https:\/\/bhagwan-incense.com\/fr\/produit\/oud-majestueux-batonnets-dencens\/#breadcrumb","itemListElement":[{"@type":"ListItem","position":1,"name":"Home","item":"https:\/\/bhagwan-incense.com\/fr\/"},{"@type":"ListItem","position":2,"name":"Boutique","item":"https:\/\/bhagwan-incense.com\/fr\/boutique\/"},{"@type":"ListItem","position":3,"name":"Oud Majestueux B\u00e2tonnets d&#8217;Encens"}]},{"@type":"WebSite","@id":"https:\/\/bhagwan-incense.com\/fr\/#website","url":"https:\/\/bhagwan-incense.com\/fr\/","name":"Bhagwan Incense | EU and Worldwide Incense Shop","description":"Pure and Natural Incense from India","publisher":{"@id":"https:\/\/bhagwan-incense.com\/fr\/#organization"},"potentialAction":[{"@type":"SearchAction","target":{"@type":"EntryPoint","urlTemplate":"https:\/\/bhagwan-incense.com\/fr\/?s={search_term_string}"},"query-input":{"@type":"PropertyValueSpecification","valueRequired":true,"valueName":"search_term_string"}}],"inLanguage":"fr-FR"},{"@type":"Organization","@id":"https:\/\/bhagwan-incense.com\/fr\/#organization","name":"Bhagwan incense","url":"https:\/\/bhagwan-incense.com\/fr\/","logo":{"@type":"ImageObject","inLanguage":"fr-FR","@id":"https:\/\/bhagwan-incense.com\/fr\/#\/schema\/logo\/image\/","url":"https:\/\/bhagwan-incense.com\/wp-content\/uploads\/2023\/06\/Logo-black.png","contentUrl":"https:\/\/bhagwan-incense.com\/wp-content\/uploads\/2023\/06\/Logo-black.png","width":150,"height":150,"caption":"Bhagwan incense"},"image":{"@id":"https:\/\/bhagwan-incense.com\/fr\/#\/schema\/logo\/image\/"},"sameAs":["https:\/\/www.facebook.com\/profile.php?id=100093081477613&mibextid=ZbWKwLp","https:\/\/www.instagram.com\/bhagwan_incense\/"]}]}},"_links":{"self":[{"href":"https:\/\/bhagwan-incense.com\/fr\/wp-json\/wp\/v2\/product\/3024","targetHints":{"allow":["GET"]}}],"collection":[{"href":"https:\/\/bhagwan-incense.com\/fr\/wp-json\/wp\/v2\/product"}],"about":[{"href":"https:\/\/bhagwan-incense.com\/fr\/wp-json\/wp\/v2\/types\/product"}],"replies":[{"embeddable":true,"href":"https:\/\/bhagwan-incense.com\/fr\/wp-json\/wp\/v2\/comments?post=3024"}],"wp:featuredmedia":[{"embeddable":true,"href":"https:\/\/bhagwan-incense.com\/fr\/wp-json\/wp\/v2\/media\/3120"}],"wp:attachment":[{"href":"https:\/\/bhagwan-incense.com\/fr\/wp-json\/wp\/v2\/media?parent=3024"}],"wp:term":[{"taxonomy":"product_brand","embeddable":true,"href":"https:\/\/bhagwan-incense.com\/fr\/wp-json\/wp\/v2\/product_brand?post=3024"},{"taxonomy":"product_cat","embeddable":true,"href":"https:\/\/bhagwan-incense.com\/fr\/wp-json\/wp\/v2\/product_cat?post=3024"},{"taxonomy":"product_tag","embeddable":true,"href":"https:\/\/bhagwan-incense.com\/fr\/wp-json\/wp\/v2\/product_tag?post=3024"}],"curies":[{"name":"wp","href":"https:\/\/api.w.org\/{rel}","templated":true}]}}