{"id":3043,"date":"2023-10-20T11:35:15","date_gmt":"2023-10-20T09:35:15","guid":{"rendered":"https:\/\/bhagwan-incense.com\/?post_type=product&#038;p=3043"},"modified":"2026-03-27T23:23:54","modified_gmt":"2026-03-27T22:23:54","slug":"ambres-balsamiques-batonnets","status":"publish","type":"product","link":"https:\/\/bhagwan-incense.com\/fr\/produit\/ambres-balsamiques-batonnets\/","title":{"rendered":"Ambre Balsamique B\u00e2tonnets d&#8217;Encens"},"content":{"rendered":"<p>Bien-\u00eatre et r\u00e9confort, cet encens unique est habilement infus\u00e9 de pr\u00e9cieuse propolis et de cire d&#8217;abeille. Terreux, sucr\u00e9, herbal, \u00e9pic\u00e9, balsamique. La profonde fragrance de la propolis rappelle l&#8217;environnement d&#8217;o\u00f9 elle est r\u00e9colt\u00e9e, exhalant un parfum profond et terrestre. La propolis, en tant que mati\u00e8re r\u00e9sineuse, d\u00e9gage un parfum l\u00e9g\u00e8rement collant et r\u00e9sineux, rappelant la s\u00e8ve d&#8217;arbre ou les r\u00e9sines v\u00e9g\u00e9tales. Un subtil soup\u00e7on de douceur sous-tend le parfum, d\u00e9licat et jamais dominant. La qualit\u00e9 balsamique de la propolis renforce son parfum global, l&#8217;impr\u00e9gnant d&#8217;une ambiance chaleureuse et apaisante semblable aux baumes et aux substances de gu\u00e9rison naturelle. La pr\u00e9sence de l&#8217;essence de cire d&#8217;abeille ajoute une douceur au m\u00e9lange. Lorsque la propolis se combine avec la cire d&#8217;abeille, comme les abeilles l&#8217;utilisent pour sceller leurs ruches, l&#8217;interaction adoucit et affine le parfum de la propolis, conf\u00e9rant un caract\u00e8re plus doux et d\u00e9licat \u00e0 l&#8217;ensemble de l&#8217;ar\u00f4me.<\/p>\n<p>Mike d`<a href=\"https:\/\/olfactoryrescueservice.wordpress.com\/\">Olfactory Rescue Service<\/a> informe: &#8220;Balsamic Amber m&#8217;a simplement impressionn\u00e9 imm\u00e9diatement, c&#8217;est un incontournable instantan\u00e9. C&#8217;est int\u00e9ressant, mais quand on parle de bons encens, on peut passer tellement de temps dans des zones (g\u00e9n\u00e9ralement les bois) o\u00f9 les ressources sont pr\u00e9cieuses et les r\u00e9compenses r\u00e9serv\u00e9es aux produits co\u00fbteux, alors Balsamic Amber me rappelle que l&#8217;on peut toujours cr\u00e9er quelque chose d&#8217;excellent sans avoir \u00e0 y aller. Tout d&#8217;abord, il est super riche avec beaucoup d&#8217;amplitude, deuxi\u00e8mement, il n&#8217;est pas du tout difficile d&#8217;obtenir cette qualit\u00e9 balsamique vraiment merveilleuse et comment elle aide \u00e0 obtenir un ambre presque en forme de rayon de miel au centre. Sans aucun doute miell\u00e9 gr\u00e2ce \u00e0 l&#8217;inclusion de propolis et de cire d&#8217;abeille dans l&#8217;ar\u00f4me. Il est magnifiquement couronn\u00e9 par cette ambiance expansive de la for\u00eat et beaucoup de piquant de cannelle. J&#8217;admets qu&#8217;un tel produit est naturellement dans ma zone de confort, mais je ne suis pas s\u00fbr d&#8217;avoir d\u00e9j\u00e0 senti un encens indien qui le fait si bien. C&#8217;est l&#8217;un de ces encens revigorants parfait pour une matin\u00e9e plus froide. J&#8217;esp\u00e8re que Bhagwan pourra le maintenir en stock aussi longtemps que possible, c&#8217;est absolument incontournable.&#8221;<\/p>\n<p>La revue compl\u00e8te est disponible ici : <a href=\"https:\/\/olfactoryrescueservice.wordpress.com\/\" target=\"_new\" rel=\"noopener\">https:\/\/olfactoryrescueservice.wordpress.com\/<\/a><\/p>\n","protected":false},"excerpt":{"rendered":"<p>Bien-\u00eatre et r\u00e9confort, cet encens unique est habilement infus\u00e9 de pr\u00e9cieuse propolis et de cire d&#8217;abeille. Cet encens fait partie du Hall de la renomm\u00e9e d&#8217;Olfactory Rescue Service.<\/p>\n","protected":false},"featured_media":3124,"comment_status":"open","ping_status":"closed","template":"","meta":[],"product_brand":[],"product_cat":[60,84,89],"product_tag":[75,74,72],"class_list":{"0":"post-3043","1":"product","2":"type-product","3":"status-publish","4":"has-post-thumbnail","6":"product_cat-boise","7":"product_cat-exotique-unique","8":"product_cat-le-pantheon-de-lolfactory-rescue-service","9":"product_tag-boise","10":"product_tag-epice","11":"product_tag-oriental-fr","13":"first","14":"instock","15":"shipping-taxable","16":"purchasable","17":"product-type-simple"},"yoast_head":"<!-- This site is optimized with the Yoast SEO plugin v27.4 - https:\/\/yoast.com\/product\/yoast-seo-wordpress\/ -->\n<title>Encens Ambr\u00e9 Balsamique \u00e0 la Propolis et \u00e0 la Cire d&#039;Abeille<\/title>\n<meta name=\"description\" content=\"Profitez de l&#039;ar\u00f4me apaisant de nos b\u00e2tonnets d&#039;encens ambr\u00e9s \u00e0 la propolis et \u00e0 la cire d&#039;abeille.\" \/>\n<meta name=\"robots\" content=\"index, follow, max-snippet:-1, max-image-preview:large, max-video-preview:-1\" \/>\n<link rel=\"canonical\" href=\"https:\/\/bhagwan-incense.com\/fr\/produit\/ambres-balsamiques-batonnets\/\" \/>\n<meta property=\"og:locale\" content=\"fr_FR\" \/>\n<meta property=\"og:type\" content=\"article\" \/>\n<meta property=\"og:title\" content=\"Encens Ambr\u00e9 Balsamique \u00e0 la Propolis et \u00e0 la Cire d&#039;Abeille\" \/>\n<meta property=\"og:description\" content=\"Profitez de l&#039;ar\u00f4me apaisant de nos b\u00e2tonnets d&#039;encens ambr\u00e9s \u00e0 la propolis et \u00e0 la cire d&#039;abeille.\" \/>\n<meta property=\"og:url\" content=\"https:\/\/bhagwan-incense.com\/fr\/produit\/ambres-balsamiques-batonnets\/\" \/>\n<meta property=\"og:site_name\" content=\"Bhagwan Incense | EU and Worldwide Shop\" \/>\n<meta property=\"article:publisher\" content=\"https:\/\/www.facebook.com\/profile.php?id=100093081477613&amp;mibextid=ZbWKwLp\" \/>\n<meta property=\"article:modified_time\" content=\"2026-03-27T22:23:54+00:00\" \/>\n<meta property=\"og:image\" content=\"https:\/\/bhagwan-incense.com\/wp-content\/uploads\/2023\/10\/2-9.jpg?wsr\" \/>\n\t<meta property=\"og:image:width\" content=\"727\" \/>\n\t<meta property=\"og:image:height\" content=\"1089\" \/>\n\t<meta property=\"og:image:type\" content=\"image\/jpeg\" \/>\n<meta name=\"twitter:card\" content=\"summary_large_image\" \/>\n<meta name=\"twitter:label1\" content=\"Dur\u00e9e de lecture estim\u00e9e\" \/>\n\t<meta name=\"twitter:data1\" content=\"2 minutes\" \/>\n<script type=\"application\/ld+json\" class=\"yoast-schema-graph\">{\"@context\":\"https:\\\/\\\/schema.org\",\"@graph\":[{\"@type\":\"WebPage\",\"@id\":\"https:\\\/\\\/bhagwan-incense.com\\\/fr\\\/produit\\\/ambres-balsamiques-batonnets\\\/\",\"url\":\"https:\\\/\\\/bhagwan-incense.com\\\/fr\\\/produit\\\/ambres-balsamiques-batonnets\\\/\",\"name\":\"Encens Ambr\u00e9 Balsamique \u00e0 la Propolis et \u00e0 la Cire d'Abeille\",\"isPartOf\":{\"@id\":\"https:\\\/\\\/bhagwan-incense.com\\\/fr\\\/#website\"},\"primaryImageOfPage\":{\"@id\":\"https:\\\/\\\/bhagwan-incense.com\\\/fr\\\/produit\\\/ambres-balsamiques-batonnets\\\/#primaryimage\"},\"image\":{\"@id\":\"https:\\\/\\\/bhagwan-incense.com\\\/fr\\\/produit\\\/ambres-balsamiques-batonnets\\\/#primaryimage\"},\"thumbnailUrl\":\"https:\\\/\\\/bhagwan-incense.com\\\/wp-content\\\/uploads\\\/2023\\\/10\\\/2-9.jpg?wsr\",\"datePublished\":\"2023-10-20T09:35:15+00:00\",\"dateModified\":\"2026-03-27T22:23:54+00:00\",\"description\":\"Profitez de l'ar\u00f4me apaisant de nos b\u00e2tonnets d'encens ambr\u00e9s \u00e0 la propolis et \u00e0 la cire d'abeille.\",\"breadcrumb\":{\"@id\":\"https:\\\/\\\/bhagwan-incense.com\\\/fr\\\/produit\\\/ambres-balsamiques-batonnets\\\/#breadcrumb\"},\"inLanguage\":\"fr-FR\",\"potentialAction\":[{\"@type\":\"ReadAction\",\"target\":[\"https:\\\/\\\/bhagwan-incense.com\\\/fr\\\/produit\\\/ambres-balsamiques-batonnets\\\/\"]}]},{\"@type\":\"ImageObject\",\"inLanguage\":\"fr-FR\",\"@id\":\"https:\\\/\\\/bhagwan-incense.com\\\/fr\\\/produit\\\/ambres-balsamiques-batonnets\\\/#primaryimage\",\"url\":\"https:\\\/\\\/bhagwan-incense.com\\\/wp-content\\\/uploads\\\/2023\\\/10\\\/2-9.jpg?wsr\",\"contentUrl\":\"https:\\\/\\\/bhagwan-incense.com\\\/wp-content\\\/uploads\\\/2023\\\/10\\\/2-9.jpg?wsr\",\"width\":727,\"height\":1089},{\"@type\":\"BreadcrumbList\",\"@id\":\"https:\\\/\\\/bhagwan-incense.com\\\/fr\\\/produit\\\/ambres-balsamiques-batonnets\\\/#breadcrumb\",\"itemListElement\":[{\"@type\":\"ListItem\",\"position\":1,\"name\":\"Home\",\"item\":\"https:\\\/\\\/bhagwan-incense.com\\\/fr\\\/\"},{\"@type\":\"ListItem\",\"position\":2,\"name\":\"Boutique\",\"item\":\"https:\\\/\\\/bhagwan-incense.com\\\/fr\\\/boutique\\\/\"},{\"@type\":\"ListItem\",\"position\":3,\"name\":\"Ambre Balsamique B\u00e2tonnets d&#8217;Encens\"}]},{\"@type\":\"WebSite\",\"@id\":\"https:\\\/\\\/bhagwan-incense.com\\\/fr\\\/#website\",\"url\":\"https:\\\/\\\/bhagwan-incense.com\\\/fr\\\/\",\"name\":\"Bhagwan Incense | EU and Worldwide Incense Shop\",\"description\":\"Pure and Natural Incense from India\",\"publisher\":{\"@id\":\"https:\\\/\\\/bhagwan-incense.com\\\/fr\\\/#organization\"},\"potentialAction\":[{\"@type\":\"SearchAction\",\"target\":{\"@type\":\"EntryPoint\",\"urlTemplate\":\"https:\\\/\\\/bhagwan-incense.com\\\/fr\\\/?s={search_term_string}\"},\"query-input\":{\"@type\":\"PropertyValueSpecification\",\"valueRequired\":true,\"valueName\":\"search_term_string\"}}],\"inLanguage\":\"fr-FR\"},{\"@type\":\"Organization\",\"@id\":\"https:\\\/\\\/bhagwan-incense.com\\\/fr\\\/#organization\",\"name\":\"Bhagwan incense\",\"url\":\"https:\\\/\\\/bhagwan-incense.com\\\/fr\\\/\",\"logo\":{\"@type\":\"ImageObject\",\"inLanguage\":\"fr-FR\",\"@id\":\"https:\\\/\\\/bhagwan-incense.com\\\/fr\\\/#\\\/schema\\\/logo\\\/image\\\/\",\"url\":\"https:\\\/\\\/bhagwan-incense.com\\\/wp-content\\\/uploads\\\/2023\\\/06\\\/Logo-black.png\",\"contentUrl\":\"https:\\\/\\\/bhagwan-incense.com\\\/wp-content\\\/uploads\\\/2023\\\/06\\\/Logo-black.png\",\"width\":150,\"height\":150,\"caption\":\"Bhagwan incense\"},\"image\":{\"@id\":\"https:\\\/\\\/bhagwan-incense.com\\\/fr\\\/#\\\/schema\\\/logo\\\/image\\\/\"},\"sameAs\":[\"https:\\\/\\\/www.facebook.com\\\/profile.php?id=100093081477613&mibextid=ZbWKwLp\",\"https:\\\/\\\/www.instagram.com\\\/bhagwan_incense\\\/\"]}]}<\/script>\n<!-- \/ Yoast SEO plugin. -->","yoast_head_json":{"title":"Encens Ambr\u00e9 Balsamique \u00e0 la Propolis et \u00e0 la Cire d'Abeille","description":"Profitez de l'ar\u00f4me apaisant de nos b\u00e2tonnets d'encens ambr\u00e9s \u00e0 la propolis et \u00e0 la cire d'abeille.","robots":{"index":"index","follow":"follow","max-snippet":"max-snippet:-1","max-image-preview":"max-image-preview:large","max-video-preview":"max-video-preview:-1"},"canonical":"https:\/\/bhagwan-incense.com\/fr\/produit\/ambres-balsamiques-batonnets\/","og_locale":"fr_FR","og_type":"article","og_title":"Encens Ambr\u00e9 Balsamique \u00e0 la Propolis et \u00e0 la Cire d'Abeille","og_description":"Profitez de l'ar\u00f4me apaisant de nos b\u00e2tonnets d'encens ambr\u00e9s \u00e0 la propolis et \u00e0 la cire d'abeille.","og_url":"https:\/\/bhagwan-incense.com\/fr\/produit\/ambres-balsamiques-batonnets\/","og_site_name":"Bhagwan Incense | EU and Worldwide Shop","article_publisher":"https:\/\/www.facebook.com\/profile.php?id=100093081477613&mibextid=ZbWKwLp","article_modified_time":"2026-03-27T22:23:54+00:00","og_image":[{"width":727,"height":1089,"url":"https:\/\/bhagwan-incense.com\/wp-content\/uploads\/2023\/10\/2-9.jpg?wsr","type":"image\/jpeg"}],"twitter_card":"summary_large_image","twitter_misc":{"Dur\u00e9e de lecture estim\u00e9e":"2 minutes"},"schema":{"@context":"https:\/\/schema.org","@graph":[{"@type":"WebPage","@id":"https:\/\/bhagwan-incense.com\/fr\/produit\/ambres-balsamiques-batonnets\/","url":"https:\/\/bhagwan-incense.com\/fr\/produit\/ambres-balsamiques-batonnets\/","name":"Encens Ambr\u00e9 Balsamique \u00e0 la Propolis et \u00e0 la Cire d'Abeille","isPartOf":{"@id":"https:\/\/bhagwan-incense.com\/fr\/#website"},"primaryImageOfPage":{"@id":"https:\/\/bhagwan-incense.com\/fr\/produit\/ambres-balsamiques-batonnets\/#primaryimage"},"image":{"@id":"https:\/\/bhagwan-incense.com\/fr\/produit\/ambres-balsamiques-batonnets\/#primaryimage"},"thumbnailUrl":"https:\/\/bhagwan-incense.com\/wp-content\/uploads\/2023\/10\/2-9.jpg?wsr","datePublished":"2023-10-20T09:35:15+00:00","dateModified":"2026-03-27T22:23:54+00:00","description":"Profitez de l'ar\u00f4me apaisant de nos b\u00e2tonnets d'encens ambr\u00e9s \u00e0 la propolis et \u00e0 la cire d'abeille.","breadcrumb":{"@id":"https:\/\/bhagwan-incense.com\/fr\/produit\/ambres-balsamiques-batonnets\/#breadcrumb"},"inLanguage":"fr-FR","potentialAction":[{"@type":"ReadAction","target":["https:\/\/bhagwan-incense.com\/fr\/produit\/ambres-balsamiques-batonnets\/"]}]},{"@type":"ImageObject","inLanguage":"fr-FR","@id":"https:\/\/bhagwan-incense.com\/fr\/produit\/ambres-balsamiques-batonnets\/#primaryimage","url":"https:\/\/bhagwan-incense.com\/wp-content\/uploads\/2023\/10\/2-9.jpg?wsr","contentUrl":"https:\/\/bhagwan-incense.com\/wp-content\/uploads\/2023\/10\/2-9.jpg?wsr","width":727,"height":1089},{"@type":"BreadcrumbList","@id":"https:\/\/bhagwan-incense.com\/fr\/produit\/ambres-balsamiques-batonnets\/#breadcrumb","itemListElement":[{"@type":"ListItem","position":1,"name":"Home","item":"https:\/\/bhagwan-incense.com\/fr\/"},{"@type":"ListItem","position":2,"name":"Boutique","item":"https:\/\/bhagwan-incense.com\/fr\/boutique\/"},{"@type":"ListItem","position":3,"name":"Ambre Balsamique B\u00e2tonnets d&#8217;Encens"}]},{"@type":"WebSite","@id":"https:\/\/bhagwan-incense.com\/fr\/#website","url":"https:\/\/bhagwan-incense.com\/fr\/","name":"Bhagwan Incense | EU and Worldwide Incense Shop","description":"Pure and Natural Incense from India","publisher":{"@id":"https:\/\/bhagwan-incense.com\/fr\/#organization"},"potentialAction":[{"@type":"SearchAction","target":{"@type":"EntryPoint","urlTemplate":"https:\/\/bhagwan-incense.com\/fr\/?s={search_term_string}"},"query-input":{"@type":"PropertyValueSpecification","valueRequired":true,"valueName":"search_term_string"}}],"inLanguage":"fr-FR"},{"@type":"Organization","@id":"https:\/\/bhagwan-incense.com\/fr\/#organization","name":"Bhagwan incense","url":"https:\/\/bhagwan-incense.com\/fr\/","logo":{"@type":"ImageObject","inLanguage":"fr-FR","@id":"https:\/\/bhagwan-incense.com\/fr\/#\/schema\/logo\/image\/","url":"https:\/\/bhagwan-incense.com\/wp-content\/uploads\/2023\/06\/Logo-black.png","contentUrl":"https:\/\/bhagwan-incense.com\/wp-content\/uploads\/2023\/06\/Logo-black.png","width":150,"height":150,"caption":"Bhagwan incense"},"image":{"@id":"https:\/\/bhagwan-incense.com\/fr\/#\/schema\/logo\/image\/"},"sameAs":["https:\/\/www.facebook.com\/profile.php?id=100093081477613&mibextid=ZbWKwLp","https:\/\/www.instagram.com\/bhagwan_incense\/"]}]}},"_links":{"self":[{"href":"https:\/\/bhagwan-incense.com\/fr\/wp-json\/wp\/v2\/product\/3043","targetHints":{"allow":["GET"]}}],"collection":[{"href":"https:\/\/bhagwan-incense.com\/fr\/wp-json\/wp\/v2\/product"}],"about":[{"href":"https:\/\/bhagwan-incense.com\/fr\/wp-json\/wp\/v2\/types\/product"}],"replies":[{"embeddable":true,"href":"https:\/\/bhagwan-incense.com\/fr\/wp-json\/wp\/v2\/comments?post=3043"}],"wp:featuredmedia":[{"embeddable":true,"href":"https:\/\/bhagwan-incense.com\/fr\/wp-json\/wp\/v2\/media\/3124"}],"wp:attachment":[{"href":"https:\/\/bhagwan-incense.com\/fr\/wp-json\/wp\/v2\/media?parent=3043"}],"wp:term":[{"taxonomy":"product_brand","embeddable":true,"href":"https:\/\/bhagwan-incense.com\/fr\/wp-json\/wp\/v2\/product_brand?post=3043"},{"taxonomy":"product_cat","embeddable":true,"href":"https:\/\/bhagwan-incense.com\/fr\/wp-json\/wp\/v2\/product_cat?post=3043"},{"taxonomy":"product_tag","embeddable":true,"href":"https:\/\/bhagwan-incense.com\/fr\/wp-json\/wp\/v2\/product_tag?post=3043"}],"curies":[{"name":"wp","href":"https:\/\/api.w.org\/{rel}","templated":true}]}}