{"id":3427,"date":"2023-12-16T21:56:29","date_gmt":"2023-12-16T20:56:29","guid":{"rendered":"https:\/\/bhagwan-incense.com\/?post_type=product&#038;p=3427"},"modified":"2026-03-28T14:48:23","modified_gmt":"2026-03-28T13:48:23","slug":"echantillons-dencens-set-2","status":"publish","type":"product","link":"https:\/\/bhagwan-incense.com\/fr\/produit\/echantillons-dencens-set-2\/","title":{"rendered":"\u00c9chantillons d\u2019Encens Bhagwan Incense Set 2"},"content":{"rendered":"<p>Coffret D\u00e9couverte d&#8217;Encens Bhagwan n\u00b02. Comprend un b\u00e2tonnet de chaque senteur : Oud Majestueux, Ambre Balsamique, Masala au Safran, Goyave, Nag Champa F\u00e9licit\u00e9, Caramel Sal\u00e9, Sambrani Gold, Santal Royal.<\/p>\n<p>Si vous souhaitez obtenir les trois sets d\u2019\u00e9chantillons d\u2019encens, veuillez cliquer\u00a0<a href=\"https:\/\/bhagwan-incense.com\/fr\/produit\/echantillons-bhagwan-incense-serie-4\/\"><strong>ici.<\/strong><\/a><\/p>\n","protected":false},"excerpt":{"rendered":"<p>Coffret D\u00e9couverte d&#8217;Encens Bhagwan n\u00b02. Comprend un b\u00e2tonnet de chaque senteur : Oud Majestueux, Ambre Balsamique, Masala au Safran, Goyave, Nag Champa F\u00e9licit\u00e9, Caramel Sal\u00e9, Sambrani Gold, Santal Royal.<\/p>\n","protected":false},"featured_media":3429,"comment_status":"open","ping_status":"closed","template":"","meta":[],"product_brand":[],"product_cat":[86],"product_tag":[74,67,72],"class_list":{"0":"post-3427","1":"product","2":"type-product","3":"status-publish","4":"has-post-thumbnail","6":"product_cat-echantillons-dencens","7":"product_tag-epice","8":"product_tag-floral-fr-2","9":"product_tag-oriental-fr","11":"first","12":"instock","13":"shipping-taxable","14":"purchasable","15":"product-type-simple"},"yoast_head":"<!-- This site is optimized with the Yoast SEO plugin v27.4 - https:\/\/yoast.com\/product\/yoast-seo-wordpress\/ -->\n<title>\u00c9chantillons Gratuits Set 2. Essayez avant d&#039;acheter l&#039;encens Bhagwan.<\/title>\n<meta name=\"description\" content=\"Chouchoutez vos sens avec notre collection d&#039;encens soigneusement s\u00e9lectionn\u00e9e. Pour une p\u00e9riode limit\u00e9e, r\u00e9clamez votre set d&#039;\u00e9chantillons gratuits. Payez uniquement les frais d&#039;exp\u00e9dition. \u00c9levez votre espace avec ces tr\u00e9sors parfum\u00e9s.\" \/>\n<meta name=\"robots\" content=\"index, follow, max-snippet:-1, max-image-preview:large, max-video-preview:-1\" \/>\n<link rel=\"canonical\" href=\"https:\/\/bhagwan-incense.com\/fr\/produit\/echantillons-dencens-set-2\/\" \/>\n<meta property=\"og:locale\" content=\"fr_FR\" \/>\n<meta property=\"og:type\" content=\"article\" \/>\n<meta property=\"og:title\" content=\"\u00c9chantillons Gratuits Set 2. Essayez avant d&#039;acheter l&#039;encens Bhagwan.\" \/>\n<meta property=\"og:description\" content=\"Chouchoutez vos sens avec notre collection d&#039;encens soigneusement s\u00e9lectionn\u00e9e. Pour une p\u00e9riode limit\u00e9e, r\u00e9clamez votre set d&#039;\u00e9chantillons gratuits. Payez uniquement les frais d&#039;exp\u00e9dition. \u00c9levez votre espace avec ces tr\u00e9sors parfum\u00e9s.\" \/>\n<meta property=\"og:url\" content=\"https:\/\/bhagwan-incense.com\/fr\/produit\/echantillons-dencens-set-2\/\" \/>\n<meta property=\"og:site_name\" content=\"Bhagwan Incense | EU and Worldwide Shop\" \/>\n<meta property=\"article:publisher\" content=\"https:\/\/www.facebook.com\/profile.php?id=100093081477613&amp;mibextid=ZbWKwLp\" \/>\n<meta property=\"article:modified_time\" content=\"2026-03-28T13:48:23+00:00\" \/>\n<meta property=\"og:image\" content=\"https:\/\/bhagwan-incense.com\/wp-content\/uploads\/2023\/12\/Sample-Set-2-scaled.jpg?wsr\" \/>\n\t<meta property=\"og:image:width\" content=\"2560\" \/>\n\t<meta property=\"og:image:height\" content=\"1706\" \/>\n\t<meta property=\"og:image:type\" content=\"image\/jpeg\" \/>\n<meta name=\"twitter:card\" content=\"summary_large_image\" \/>\n<meta name=\"twitter:label1\" content=\"Dur\u00e9e de lecture estim\u00e9e\" \/>\n\t<meta name=\"twitter:data1\" content=\"1 minute\" \/>\n<script type=\"application\/ld+json\" class=\"yoast-schema-graph\">{\"@context\":\"https:\\\/\\\/schema.org\",\"@graph\":[{\"@type\":\"WebPage\",\"@id\":\"https:\\\/\\\/bhagwan-incense.com\\\/fr\\\/produit\\\/echantillons-dencens-set-2\\\/\",\"url\":\"https:\\\/\\\/bhagwan-incense.com\\\/fr\\\/produit\\\/echantillons-dencens-set-2\\\/\",\"name\":\"\u00c9chantillons Gratuits Set 2. Essayez avant d'acheter l'encens Bhagwan.\",\"isPartOf\":{\"@id\":\"https:\\\/\\\/bhagwan-incense.com\\\/fr\\\/#website\"},\"primaryImageOfPage\":{\"@id\":\"https:\\\/\\\/bhagwan-incense.com\\\/fr\\\/produit\\\/echantillons-dencens-set-2\\\/#primaryimage\"},\"image\":{\"@id\":\"https:\\\/\\\/bhagwan-incense.com\\\/fr\\\/produit\\\/echantillons-dencens-set-2\\\/#primaryimage\"},\"thumbnailUrl\":\"https:\\\/\\\/bhagwan-incense.com\\\/wp-content\\\/uploads\\\/2023\\\/12\\\/Sample-Set-2-scaled.jpg?wsr\",\"datePublished\":\"2023-12-16T20:56:29+00:00\",\"dateModified\":\"2026-03-28T13:48:23+00:00\",\"description\":\"Chouchoutez vos sens avec notre collection d'encens soigneusement s\u00e9lectionn\u00e9e. Pour une p\u00e9riode limit\u00e9e, r\u00e9clamez votre set d'\u00e9chantillons gratuits. Payez uniquement les frais d'exp\u00e9dition. \u00c9levez votre espace avec ces tr\u00e9sors parfum\u00e9s.\",\"breadcrumb\":{\"@id\":\"https:\\\/\\\/bhagwan-incense.com\\\/fr\\\/produit\\\/echantillons-dencens-set-2\\\/#breadcrumb\"},\"inLanguage\":\"fr-FR\",\"potentialAction\":[{\"@type\":\"ReadAction\",\"target\":[\"https:\\\/\\\/bhagwan-incense.com\\\/fr\\\/produit\\\/echantillons-dencens-set-2\\\/\"]}]},{\"@type\":\"ImageObject\",\"inLanguage\":\"fr-FR\",\"@id\":\"https:\\\/\\\/bhagwan-incense.com\\\/fr\\\/produit\\\/echantillons-dencens-set-2\\\/#primaryimage\",\"url\":\"https:\\\/\\\/bhagwan-incense.com\\\/wp-content\\\/uploads\\\/2023\\\/12\\\/Sample-Set-2-scaled.jpg?wsr\",\"contentUrl\":\"https:\\\/\\\/bhagwan-incense.com\\\/wp-content\\\/uploads\\\/2023\\\/12\\\/Sample-Set-2-scaled.jpg?wsr\",\"width\":2560,\"height\":1706},{\"@type\":\"BreadcrumbList\",\"@id\":\"https:\\\/\\\/bhagwan-incense.com\\\/fr\\\/produit\\\/echantillons-dencens-set-2\\\/#breadcrumb\",\"itemListElement\":[{\"@type\":\"ListItem\",\"position\":1,\"name\":\"Home\",\"item\":\"https:\\\/\\\/bhagwan-incense.com\\\/fr\\\/\"},{\"@type\":\"ListItem\",\"position\":2,\"name\":\"Boutique\",\"item\":\"https:\\\/\\\/bhagwan-incense.com\\\/fr\\\/boutique\\\/\"},{\"@type\":\"ListItem\",\"position\":3,\"name\":\"\u00c9chantillons d\u2019Encens Bhagwan Incense Set 2\"}]},{\"@type\":\"WebSite\",\"@id\":\"https:\\\/\\\/bhagwan-incense.com\\\/fr\\\/#website\",\"url\":\"https:\\\/\\\/bhagwan-incense.com\\\/fr\\\/\",\"name\":\"Bhagwan Incense | EU and Worldwide Incense Shop\",\"description\":\"Pure and Natural Incense from India\",\"publisher\":{\"@id\":\"https:\\\/\\\/bhagwan-incense.com\\\/fr\\\/#organization\"},\"potentialAction\":[{\"@type\":\"SearchAction\",\"target\":{\"@type\":\"EntryPoint\",\"urlTemplate\":\"https:\\\/\\\/bhagwan-incense.com\\\/fr\\\/?s={search_term_string}\"},\"query-input\":{\"@type\":\"PropertyValueSpecification\",\"valueRequired\":true,\"valueName\":\"search_term_string\"}}],\"inLanguage\":\"fr-FR\"},{\"@type\":\"Organization\",\"@id\":\"https:\\\/\\\/bhagwan-incense.com\\\/fr\\\/#organization\",\"name\":\"Bhagwan incense\",\"url\":\"https:\\\/\\\/bhagwan-incense.com\\\/fr\\\/\",\"logo\":{\"@type\":\"ImageObject\",\"inLanguage\":\"fr-FR\",\"@id\":\"https:\\\/\\\/bhagwan-incense.com\\\/fr\\\/#\\\/schema\\\/logo\\\/image\\\/\",\"url\":\"https:\\\/\\\/bhagwan-incense.com\\\/wp-content\\\/uploads\\\/2023\\\/06\\\/Logo-black.png\",\"contentUrl\":\"https:\\\/\\\/bhagwan-incense.com\\\/wp-content\\\/uploads\\\/2023\\\/06\\\/Logo-black.png\",\"width\":150,\"height\":150,\"caption\":\"Bhagwan incense\"},\"image\":{\"@id\":\"https:\\\/\\\/bhagwan-incense.com\\\/fr\\\/#\\\/schema\\\/logo\\\/image\\\/\"},\"sameAs\":[\"https:\\\/\\\/www.facebook.com\\\/profile.php?id=100093081477613&mibextid=ZbWKwLp\",\"https:\\\/\\\/www.instagram.com\\\/bhagwan_incense\\\/\"]}]}<\/script>\n<!-- \/ Yoast SEO plugin. -->","yoast_head_json":{"title":"\u00c9chantillons Gratuits Set 2. Essayez avant d'acheter l'encens Bhagwan.","description":"Chouchoutez vos sens avec notre collection d'encens soigneusement s\u00e9lectionn\u00e9e. Pour une p\u00e9riode limit\u00e9e, r\u00e9clamez votre set d'\u00e9chantillons gratuits. Payez uniquement les frais d'exp\u00e9dition. \u00c9levez votre espace avec ces tr\u00e9sors parfum\u00e9s.","robots":{"index":"index","follow":"follow","max-snippet":"max-snippet:-1","max-image-preview":"max-image-preview:large","max-video-preview":"max-video-preview:-1"},"canonical":"https:\/\/bhagwan-incense.com\/fr\/produit\/echantillons-dencens-set-2\/","og_locale":"fr_FR","og_type":"article","og_title":"\u00c9chantillons Gratuits Set 2. Essayez avant d'acheter l'encens Bhagwan.","og_description":"Chouchoutez vos sens avec notre collection d'encens soigneusement s\u00e9lectionn\u00e9e. Pour une p\u00e9riode limit\u00e9e, r\u00e9clamez votre set d'\u00e9chantillons gratuits. Payez uniquement les frais d'exp\u00e9dition. \u00c9levez votre espace avec ces tr\u00e9sors parfum\u00e9s.","og_url":"https:\/\/bhagwan-incense.com\/fr\/produit\/echantillons-dencens-set-2\/","og_site_name":"Bhagwan Incense | EU and Worldwide Shop","article_publisher":"https:\/\/www.facebook.com\/profile.php?id=100093081477613&mibextid=ZbWKwLp","article_modified_time":"2026-03-28T13:48:23+00:00","og_image":[{"width":2560,"height":1706,"url":"https:\/\/bhagwan-incense.com\/wp-content\/uploads\/2023\/12\/Sample-Set-2-scaled.jpg?wsr","type":"image\/jpeg"}],"twitter_card":"summary_large_image","twitter_misc":{"Dur\u00e9e de lecture estim\u00e9e":"1 minute"},"schema":{"@context":"https:\/\/schema.org","@graph":[{"@type":"WebPage","@id":"https:\/\/bhagwan-incense.com\/fr\/produit\/echantillons-dencens-set-2\/","url":"https:\/\/bhagwan-incense.com\/fr\/produit\/echantillons-dencens-set-2\/","name":"\u00c9chantillons Gratuits Set 2. Essayez avant d'acheter l'encens Bhagwan.","isPartOf":{"@id":"https:\/\/bhagwan-incense.com\/fr\/#website"},"primaryImageOfPage":{"@id":"https:\/\/bhagwan-incense.com\/fr\/produit\/echantillons-dencens-set-2\/#primaryimage"},"image":{"@id":"https:\/\/bhagwan-incense.com\/fr\/produit\/echantillons-dencens-set-2\/#primaryimage"},"thumbnailUrl":"https:\/\/bhagwan-incense.com\/wp-content\/uploads\/2023\/12\/Sample-Set-2-scaled.jpg?wsr","datePublished":"2023-12-16T20:56:29+00:00","dateModified":"2026-03-28T13:48:23+00:00","description":"Chouchoutez vos sens avec notre collection d'encens soigneusement s\u00e9lectionn\u00e9e. Pour une p\u00e9riode limit\u00e9e, r\u00e9clamez votre set d'\u00e9chantillons gratuits. Payez uniquement les frais d'exp\u00e9dition. \u00c9levez votre espace avec ces tr\u00e9sors parfum\u00e9s.","breadcrumb":{"@id":"https:\/\/bhagwan-incense.com\/fr\/produit\/echantillons-dencens-set-2\/#breadcrumb"},"inLanguage":"fr-FR","potentialAction":[{"@type":"ReadAction","target":["https:\/\/bhagwan-incense.com\/fr\/produit\/echantillons-dencens-set-2\/"]}]},{"@type":"ImageObject","inLanguage":"fr-FR","@id":"https:\/\/bhagwan-incense.com\/fr\/produit\/echantillons-dencens-set-2\/#primaryimage","url":"https:\/\/bhagwan-incense.com\/wp-content\/uploads\/2023\/12\/Sample-Set-2-scaled.jpg?wsr","contentUrl":"https:\/\/bhagwan-incense.com\/wp-content\/uploads\/2023\/12\/Sample-Set-2-scaled.jpg?wsr","width":2560,"height":1706},{"@type":"BreadcrumbList","@id":"https:\/\/bhagwan-incense.com\/fr\/produit\/echantillons-dencens-set-2\/#breadcrumb","itemListElement":[{"@type":"ListItem","position":1,"name":"Home","item":"https:\/\/bhagwan-incense.com\/fr\/"},{"@type":"ListItem","position":2,"name":"Boutique","item":"https:\/\/bhagwan-incense.com\/fr\/boutique\/"},{"@type":"ListItem","position":3,"name":"\u00c9chantillons d\u2019Encens Bhagwan Incense Set 2"}]},{"@type":"WebSite","@id":"https:\/\/bhagwan-incense.com\/fr\/#website","url":"https:\/\/bhagwan-incense.com\/fr\/","name":"Bhagwan Incense | EU and Worldwide Incense Shop","description":"Pure and Natural Incense from India","publisher":{"@id":"https:\/\/bhagwan-incense.com\/fr\/#organization"},"potentialAction":[{"@type":"SearchAction","target":{"@type":"EntryPoint","urlTemplate":"https:\/\/bhagwan-incense.com\/fr\/?s={search_term_string}"},"query-input":{"@type":"PropertyValueSpecification","valueRequired":true,"valueName":"search_term_string"}}],"inLanguage":"fr-FR"},{"@type":"Organization","@id":"https:\/\/bhagwan-incense.com\/fr\/#organization","name":"Bhagwan incense","url":"https:\/\/bhagwan-incense.com\/fr\/","logo":{"@type":"ImageObject","inLanguage":"fr-FR","@id":"https:\/\/bhagwan-incense.com\/fr\/#\/schema\/logo\/image\/","url":"https:\/\/bhagwan-incense.com\/wp-content\/uploads\/2023\/06\/Logo-black.png","contentUrl":"https:\/\/bhagwan-incense.com\/wp-content\/uploads\/2023\/06\/Logo-black.png","width":150,"height":150,"caption":"Bhagwan incense"},"image":{"@id":"https:\/\/bhagwan-incense.com\/fr\/#\/schema\/logo\/image\/"},"sameAs":["https:\/\/www.facebook.com\/profile.php?id=100093081477613&mibextid=ZbWKwLp","https:\/\/www.instagram.com\/bhagwan_incense\/"]}]}},"_links":{"self":[{"href":"https:\/\/bhagwan-incense.com\/fr\/wp-json\/wp\/v2\/product\/3427","targetHints":{"allow":["GET"]}}],"collection":[{"href":"https:\/\/bhagwan-incense.com\/fr\/wp-json\/wp\/v2\/product"}],"about":[{"href":"https:\/\/bhagwan-incense.com\/fr\/wp-json\/wp\/v2\/types\/product"}],"replies":[{"embeddable":true,"href":"https:\/\/bhagwan-incense.com\/fr\/wp-json\/wp\/v2\/comments?post=3427"}],"wp:featuredmedia":[{"embeddable":true,"href":"https:\/\/bhagwan-incense.com\/fr\/wp-json\/wp\/v2\/media\/3429"}],"wp:attachment":[{"href":"https:\/\/bhagwan-incense.com\/fr\/wp-json\/wp\/v2\/media?parent=3427"}],"wp:term":[{"taxonomy":"product_brand","embeddable":true,"href":"https:\/\/bhagwan-incense.com\/fr\/wp-json\/wp\/v2\/product_brand?post=3427"},{"taxonomy":"product_cat","embeddable":true,"href":"https:\/\/bhagwan-incense.com\/fr\/wp-json\/wp\/v2\/product_cat?post=3427"},{"taxonomy":"product_tag","embeddable":true,"href":"https:\/\/bhagwan-incense.com\/fr\/wp-json\/wp\/v2\/product_tag?post=3427"}],"curies":[{"name":"wp","href":"https:\/\/api.w.org\/{rel}","templated":true}]}}